{"id":9804,"date":"2023-12-29T13:15:54","date_gmt":"2023-12-29T12:15:54","guid":{"rendered":"http:\/\/zavod-parnas.org\/w\/?page_id=9804"},"modified":"2023-12-29T13:20:05","modified_gmt":"2023-12-29T12:20:05","slug":"zlozenke-parnas","status":"publish","type":"page","link":"https:\/\/zavod-parnas.org\/w\/zlozenke-parnas\/","title":{"rendered":"Zlo\u017eenke PARNAS"},"content":{"rendered":"\n<p><a href=\"https:\/\/zavod-parnas.org\/w\/zaloznistvo\/\">KNJIGE<\/a>\u00a0 \/\u00a0 <a href=\"http:\/\/zavod-parnas.org\/w\/mediateka-parnas\/\">VIDEO ARHIV<\/a>\u00a0 \/\u00a0 <a href=\"http:\/\/zavod-parnas.org\/w\/zivljenje-ustvarja-zgodbe-dvd\/\">AVDIO ARHIV<\/a> \/ <a href=\"https:\/\/zavod-parnas.org\/w\/zlozenke-parnas\/\">ZLO\u017dENKE<\/a><\/p>\n\n\n\n<h3 class=\"wp-block-heading\"><strong>v spletni verziji (pdf)\u00a0<\/strong>\u00a0&#8211; klikni na sliko<strong>:<\/strong><\/h3>\n\n\n\n<figure class=\"wp-block-image\"><a href=\"http:\/\/zavod-parnas.org\/w\/zaloznistvo\/stritarjeva-kasca\/\"><img decoding=\"async\" width=\"110\" height=\"250\" src=\"http:\/\/zavod-parnas.org\/w\/wp-content\/uploads\/2016\/03\/kasca1.jpg\" alt=\"kasca1\" class=\"wp-image-775\"\/><\/a><figcaption>Zbirka kme\u010dkega orodja Stritarjeva ka\u0161\u010da PODSMREKA<\/figcaption><\/figure>\n\n\n\n<figure class=\"wp-block-image\"><a href=\"http:\/\/zavod-parnas.org\/w\/zaloznistvo\/temkova-zaga\/\"><img decoding=\"async\" width=\"110\" height=\"250\" src=\"http:\/\/zavod-parnas.org\/w\/wp-content\/uploads\/2016\/03\/zaga1.jpg\" alt=\"zaga1\" class=\"wp-image-788\"\/><\/a><figcaption>Temkova \u017eaga &#8211; Trubarjeva doma\u010dija RA\u0160ICA (2005)<\/figcaption><\/figure>\n\n\n\n<figure class=\"wp-block-image\"><a href=\"http:\/\/zavod-parnas.org\/w\/zaloznistvo\/susilnica-sadja\/\"><img decoding=\"async\" width=\"116\" height=\"250\" src=\"http:\/\/zavod-parnas.org\/w\/wp-content\/uploads\/2016\/03\/susilnica1.jpg\" alt=\"susilnica1\" class=\"wp-image-803\"\/><\/a><figcaption>Su\u0161ilnica sadja GRADE\u017d<\/figcaption><\/figure>\n\n\n\n<figure class=\"wp-block-image\"><a href=\"http:\/\/zavod-parnas.org\/w\/zaloznistvo\/smirarji\/\"><img loading=\"lazy\" decoding=\"async\" width=\"116\" height=\"250\" src=\"http:\/\/zavod-parnas.org\/w\/wp-content\/uploads\/2016\/03\/smirarji1-e1458397024917.jpg\" alt=\"\" class=\"wp-image-804\"\/><\/a><figcaption>\u0160mirarji z VELIKEGA OSOLNIKA<\/figcaption><\/figure>\n\n\n\n<figure class=\"wp-block-image\"><a href=\"http:\/\/zavod-parnas.org\/w\/zaloznistvo\/kruh\/\"><img loading=\"lazy\" decoding=\"async\" width=\"116\" height=\"250\" src=\"http:\/\/zavod-parnas.org\/w\/wp-content\/uploads\/2016\/03\/kruh1-e1458397222946.jpg\" alt=\"kruh1\" class=\"wp-image-814\"\/><\/a><figcaption>Kruh ob RIMSKIH ZAPORNIH ZIDOVIH &#8211; CLAUSTRA<\/figcaption><\/figure>\n\n\n\n<h3 class=\"wp-block-heading\">FILMI v spletni verziji<\/h3>\n","protected":false},"excerpt":{"rendered":"<p>KNJIGE\u00a0 \/\u00a0 VIDEO ARHIV\u00a0 \/\u00a0 AVDIO ARHIV \/ ZLO\u017dENKE v spletni verziji (pdf)\u00a0\u00a0&#8211; klikni na sliko: FILMI v spletni verziji<\/p>\n","protected":false},"author":2,"featured_media":0,"parent":0,"menu_order":0,"comment_status":"closed","ping_status":"closed","template":"","meta":{"site-sidebar-layout":"default","site-content-layout":"","ast-site-content-layout":"default","site-content-style":"default","site-sidebar-style":"default","ast-global-header-display":"","ast-banner-title-visibility":"","ast-main-header-display":"","ast-hfb-above-header-display":"","ast-hfb-below-header-display":"","ast-hfb-mobile-header-display":"","site-post-title":"","ast-breadcrumbs-content":"","ast-featured-img":"","footer-sml-layout":"","theme-transparent-header-meta":"","adv-header-id-meta":"","stick-header-meta":"","header-above-stick-meta":"","header-main-stick-meta":"","header-below-stick-meta":"","astra-migrate-meta-layouts":"default","ast-page-background-enabled":"default","ast-page-background-meta":{"desktop":{"background-color":"var(--ast-global-color-5)","background-image":"","background-repeat":"repeat","background-position":"center center","background-size":"auto","background-attachment":"scroll","background-type":"","background-media":"","overlay-type":"","overlay-color":"","overlay-opacity":"","overlay-gradient":""},"tablet":{"background-color":"","background-image":"","background-repeat":"repeat","background-position":"center center","background-size":"auto","background-attachment":"scroll","background-type":"","background-media":"","overlay-type":"","overlay-color":"","overlay-opacity":"","overlay-gradient":""},"mobile":{"background-color":"","background-image":"","background-repeat":"repeat","background-position":"center center","background-size":"auto","background-attachment":"scroll","background-type":"","background-media":"","overlay-type":"","overlay-color":"","overlay-opacity":"","overlay-gradient":""}},"ast-content-background-meta":{"desktop":{"background-color":"var(--ast-global-color-4)","background-image":"","background-repeat":"repeat","background-position":"center center","background-size":"auto","background-attachment":"scroll","background-type":"","background-media":"","overlay-type":"","overlay-color":"","overlay-opacity":"","overlay-gradient":""},"tablet":{"background-color":"var(--ast-global-color-4)","background-image":"","background-repeat":"repeat","background-position":"center center","background-size":"auto","background-attachment":"scroll","background-type":"","background-media":"","overlay-type":"","overlay-color":"","overlay-opacity":"","overlay-gradient":""},"mobile":{"background-color":"var(--ast-global-color-4)","background-image":"","background-repeat":"repeat","background-position":"center center","background-size":"auto","background-attachment":"scroll","background-type":"","background-media":"","overlay-type":"","overlay-color":"","overlay-opacity":"","overlay-gradient":""}},"footnotes":""},"class_list":["post-9804","page","type-page","status-publish","hentry"],"_links":{"self":[{"href":"https:\/\/zavod-parnas.org\/w\/wp-json\/wp\/v2\/pages\/9804","targetHints":{"allow":["GET"]}}],"collection":[{"href":"https:\/\/zavod-parnas.org\/w\/wp-json\/wp\/v2\/pages"}],"about":[{"href":"https:\/\/zavod-parnas.org\/w\/wp-json\/wp\/v2\/types\/page"}],"author":[{"embeddable":true,"href":"https:\/\/zavod-parnas.org\/w\/wp-json\/wp\/v2\/users\/2"}],"replies":[{"embeddable":true,"href":"https:\/\/zavod-parnas.org\/w\/wp-json\/wp\/v2\/comments?post=9804"}],"version-history":[{"count":2,"href":"https:\/\/zavod-parnas.org\/w\/wp-json\/wp\/v2\/pages\/9804\/revisions"}],"predecessor-version":[{"id":9807,"href":"https:\/\/zavod-parnas.org\/w\/wp-json\/wp\/v2\/pages\/9804\/revisions\/9807"}],"wp:attachment":[{"href":"https:\/\/zavod-parnas.org\/w\/wp-json\/wp\/v2\/media?parent=9804"}],"curies":[{"name":"wp","href":"https:\/\/api.w.org\/{rel}","templated":true}]}}