{"id":9498,"date":"2023-06-05T17:10:35","date_gmt":"2023-06-05T15:10:35","guid":{"rendered":"http:\/\/zavod-parnas.org\/w\/?page_id=9498"},"modified":"2023-06-05T17:25:48","modified_gmt":"2023-06-05T15:25:48","slug":"petteia-namizna-igra-rimskih-vojakov","status":"publish","type":"page","link":"https:\/\/zavod-parnas.org\/w\/petteia-namizna-igra-rimskih-vojakov\/","title":{"rendered":"PETTEIA &#8211; namizna igra rimskih vojakov"},"content":{"rendered":"\n<figure class=\"wp-block-image\"><img fetchpriority=\"high\" decoding=\"async\" width=\"630\" height=\"361\" src=\"http:\/\/zavod-parnas.org\/w\/wp-content\/uploads\/2023\/01\/petteia-630x361.jpg\" alt=\"\" class=\"wp-image-9103\" srcset=\"https:\/\/zavod-parnas.org\/w\/wp-content\/uploads\/2023\/01\/petteia-630x361.jpg 630w, https:\/\/zavod-parnas.org\/w\/wp-content\/uploads\/2023\/01\/petteia-300x172.jpg 300w, https:\/\/zavod-parnas.org\/w\/wp-content\/uploads\/2023\/01\/petteia-252x145.jpg 252w, https:\/\/zavod-parnas.org\/w\/wp-content\/uploads\/2023\/01\/petteia.jpg 1023w\" sizes=\"(max-width: 630px) 100vw, 630px\" \/><\/figure>\n\n\n\n<p><strong>NAVODILA:<\/strong><br><em>Pripravila Ana Plestenjak<\/em> <em>(Po \u010dem hodimo v Robu, Zavod Parnas, 2013)<\/em><\/p>\n\n\n\n<p>Naberi dvakrat po 8 KAMEN\u010cKOV, da se bodo lo\u010dili med seboj (beli in \u010drni vojaki). Na tla nari\u0161i MRE\u017dO iz 9 navpi\u010dnih in 9 vodoravnih \u010drt ali uporabi predlogo iz papirja ali blaga.<\/p>\n\n\n\n<p>Pravila igre:<\/p>\n\n\n\n<ol class=\"wp-block-list\"><li>Vojake postavi v dve vrsti na rob igri\u0161\u010da \u2013 na eno stran bele, na drugo \u010drne (slika 1)<\/li><li>Vojaki se lahko premikajo le za eno polje v vodoravnih linijah \u2013 levo, desno, naprej, nazaj. Preskakovati se ne sme.<\/li><li>Osamljeni vojak je ujet, \u010de se po nasprotnikovi potezi znajde med dvema nasprotnikovima vojakoma, ki stojita v vodoravni liniji (slika 2a). Vojak je ujet tudi, \u010de se nahaja v vogalu, obkro\u017een z dvema nasprotnikovima vojakoma.<\/li><li>Mo\u017eno je ujeti ve\u010d vojakov hkrati, \u010de so v vodoravni liniji obkro\u017eeni z dvema vojakoma nasprotne barve.<\/li><li>V primeru, da vojaka sam premakne\u0161 med nasprotnikova, vojak ni ujet.<\/li><li>Rob polja ne more biti uporabljen za zajetje nasprotnika (slika 2b)<\/li><li>Zmaga tisti, ki izlo\u010di vse nasprotnikove vojake (ujete sproti izlo\u010da z igralne plo\u0161\u010de) \u2026<\/li><li>\u2026 ali \u010de blokira vse nasprotnikove figure, tako da jih ni mogo\u010de ve\u010d premakniti (slika 2c).<br><\/li><\/ol>\n\n\n\n<figure class=\"wp-block-gallery columns-2 is-cropped wp-block-gallery-1 is-layout-flex wp-block-gallery-is-layout-flex\"><ul class=\"blocks-gallery-grid\"><li class=\"blocks-gallery-item\"><figure><img decoding=\"async\" width=\"630\" height=\"681\" src=\"http:\/\/zavod-parnas.org\/w\/wp-content\/uploads\/2023\/06\/petteia1-630x681.jpg\" alt=\"\" data-id=\"9504\" data-full-url=\"http:\/\/zavod-parnas.org\/w\/wp-content\/uploads\/2023\/06\/petteia1.jpg\" data-link=\"http:\/\/zavod-parnas.org\/w\/petteia-namizna-igra-rimskih-vojakov\/petteia1\/\" class=\"wp-image-9504\" srcset=\"https:\/\/zavod-parnas.org\/w\/wp-content\/uploads\/2023\/06\/petteia1-630x681.jpg 630w, https:\/\/zavod-parnas.org\/w\/wp-content\/uploads\/2023\/06\/petteia1-277x300.jpg 277w, https:\/\/zavod-parnas.org\/w\/wp-content\/uploads\/2023\/06\/petteia1-252x273.jpg 252w, https:\/\/zavod-parnas.org\/w\/wp-content\/uploads\/2023\/06\/petteia1.jpg 1420w\" sizes=\"(max-width: 630px) 100vw, 630px\" \/><\/figure><\/li><li class=\"blocks-gallery-item\"><figure><img decoding=\"async\" width=\"630\" height=\"695\" src=\"http:\/\/zavod-parnas.org\/w\/wp-content\/uploads\/2023\/06\/petteia2-630x695.jpg\" alt=\"\" data-id=\"9505\" data-full-url=\"http:\/\/zavod-parnas.org\/w\/wp-content\/uploads\/2023\/06\/petteia2.jpg\" data-link=\"http:\/\/zavod-parnas.org\/w\/petteia-namizna-igra-rimskih-vojakov\/petteia2\/\" class=\"wp-image-9505\" srcset=\"https:\/\/zavod-parnas.org\/w\/wp-content\/uploads\/2023\/06\/petteia2-630x695.jpg 630w, https:\/\/zavod-parnas.org\/w\/wp-content\/uploads\/2023\/06\/petteia2-272x300.jpg 272w, https:\/\/zavod-parnas.org\/w\/wp-content\/uploads\/2023\/06\/petteia2-252x278.jpg 252w, https:\/\/zavod-parnas.org\/w\/wp-content\/uploads\/2023\/06\/petteia2.jpg 1393w\" sizes=\"(max-width: 630px) 100vw, 630px\" \/><\/figure><\/li><\/ul><\/figure>\n\n\n\n<p>Ve\u010d o <a href=\"http:\/\/zavod-parnas.org\/w\/geoloska-pot-v-kobilji-curek\/\">Geolo\u0161ki poti v Kobilji curek<\/a><\/p>\n","protected":false},"excerpt":{"rendered":"<p>NAVODILA:Pripravila Ana Plestenjak (Po \u010dem hodimo v Robu, Zavod Parnas, 2013) Naberi dvakrat po 8 KAMEN\u010cKOV, da se bodo lo\u010dili [&hellip;]<\/p>\n","protected":false},"author":2,"featured_media":0,"parent":0,"menu_order":0,"comment_status":"closed","ping_status":"closed","template":"","meta":{"site-sidebar-layout":"default","site-content-layout":"","ast-site-content-layout":"default","site-content-style":"default","site-sidebar-style":"default","ast-global-header-display":"","ast-banner-title-visibility":"","ast-main-header-display":"","ast-hfb-above-header-display":"","ast-hfb-below-header-display":"","ast-hfb-mobile-header-display":"","site-post-title":"","ast-breadcrumbs-content":"","ast-featured-img":"","footer-sml-layout":"","theme-transparent-header-meta":"","adv-header-id-meta":"","stick-header-meta":"","header-above-stick-meta":"","header-main-stick-meta":"","header-below-stick-meta":"","astra-migrate-meta-layouts":"default","ast-page-background-enabled":"default","ast-page-background-meta":{"desktop":{"background-color":"var(--ast-global-color-5)","background-image":"","background-repeat":"repeat","background-position":"center center","background-size":"auto","background-attachment":"scroll","background-type":"","background-media":"","overlay-type":"","overlay-color":"","overlay-opacity":"","overlay-gradient":""},"tablet":{"background-color":"","background-image":"","background-repeat":"repeat","background-position":"center center","background-size":"auto","background-attachment":"scroll","background-type":"","background-media":"","overlay-type":"","overlay-color":"","overlay-opacity":"","overlay-gradient":""},"mobile":{"background-color":"","background-image":"","background-repeat":"repeat","background-position":"center center","background-size":"auto","background-attachment":"scroll","background-type":"","background-media":"","overlay-type":"","overlay-color":"","overlay-opacity":"","overlay-gradient":""}},"ast-content-background-meta":{"desktop":{"background-color":"var(--ast-global-color-4)","background-image":"","background-repeat":"repeat","background-position":"center center","background-size":"auto","background-attachment":"scroll","background-type":"","background-media":"","overlay-type":"","overlay-color":"","overlay-opacity":"","overlay-gradient":""},"tablet":{"background-color":"var(--ast-global-color-4)","background-image":"","background-repeat":"repeat","background-position":"center center","background-size":"auto","background-attachment":"scroll","background-type":"","background-media":"","overlay-type":"","overlay-color":"","overlay-opacity":"","overlay-gradient":""},"mobile":{"background-color":"var(--ast-global-color-4)","background-image":"","background-repeat":"repeat","background-position":"center center","background-size":"auto","background-attachment":"scroll","background-type":"","background-media":"","overlay-type":"","overlay-color":"","overlay-opacity":"","overlay-gradient":""}},"footnotes":""},"class_list":["post-9498","page","type-page","status-publish","hentry"],"_links":{"self":[{"href":"https:\/\/zavod-parnas.org\/w\/wp-json\/wp\/v2\/pages\/9498","targetHints":{"allow":["GET"]}}],"collection":[{"href":"https:\/\/zavod-parnas.org\/w\/wp-json\/wp\/v2\/pages"}],"about":[{"href":"https:\/\/zavod-parnas.org\/w\/wp-json\/wp\/v2\/types\/page"}],"author":[{"embeddable":true,"href":"https:\/\/zavod-parnas.org\/w\/wp-json\/wp\/v2\/users\/2"}],"replies":[{"embeddable":true,"href":"https:\/\/zavod-parnas.org\/w\/wp-json\/wp\/v2\/comments?post=9498"}],"version-history":[{"count":2,"href":"https:\/\/zavod-parnas.org\/w\/wp-json\/wp\/v2\/pages\/9498\/revisions"}],"predecessor-version":[{"id":9507,"href":"https:\/\/zavod-parnas.org\/w\/wp-json\/wp\/v2\/pages\/9498\/revisions\/9507"}],"wp:attachment":[{"href":"https:\/\/zavod-parnas.org\/w\/wp-json\/wp\/v2\/media?parent=9498"}],"curies":[{"name":"wp","href":"https:\/\/api.w.org\/{rel}","templated":true}]}}