{"id":813,"date":"2016-03-19T15:23:21","date_gmt":"2016-03-19T14:23:21","guid":{"rendered":"http:\/\/zavod-parnas.org\/w\/?page_id=813"},"modified":"2026-01-21T06:41:00","modified_gmt":"2026-01-21T05:41:00","slug":"pri-suhorobarju","status":"publish","type":"page","link":"https:\/\/zavod-parnas.org\/w\/javni-interes-na-podrocju-kulture\/pri-suhorobarju\/","title":{"rendered":"Pri suhorobarju"},"content":{"rendered":"\n<figure class=\"wp-block-image size-large is-style-default\"><img fetchpriority=\"high\" decoding=\"async\" width=\"630\" height=\"442\" src=\"http:\/\/zavod-parnas.org\/w\/wp-content\/uploads\/2022\/01\/tekavec-zaga-1-630x442.jpg\" alt=\"\" class=\"wp-image-8044\" srcset=\"https:\/\/zavod-parnas.org\/w\/wp-content\/uploads\/2022\/01\/tekavec-zaga-1-630x442.jpg 630w, https:\/\/zavod-parnas.org\/w\/wp-content\/uploads\/2022\/01\/tekavec-zaga-1-300x211.jpg 300w, https:\/\/zavod-parnas.org\/w\/wp-content\/uploads\/2022\/01\/tekavec-zaga-1-252x177.jpg 252w, https:\/\/zavod-parnas.org\/w\/wp-content\/uploads\/2022\/01\/tekavec-zaga-1.jpg 1502w\" sizes=\"(max-width: 630px) 100vw, 630px\" \/><\/figure>\n\n\n\n<p><strong>Trajanje<\/strong>:\u00a060 min<br><strong>\u0160tevilo obiskovalcev<\/strong>:\u00a030-50<br><strong>Primerno<\/strong>: za u\u010dence od 4. do 7. razreda<br><strong>Vstopnina<\/strong>: 4 EUR na osebo, najmanj\u0161e \u0161tevilo u\u010dencev v skupini je 20 <br>(naro\u010dilnica: Zavod Parnas)<\/p>\n\n\n\n<p><em>Pri Tekav\u010devih na Velikem Osolniku izdelovanje lesenih kuhalnic poteka kot&nbsp; <strong>dopolnilna dejavnost na kmetiji.<\/strong> <\/em><\/p>\n\n\n\n<p><em>U\u010denci spremljajo <strong>ro\u010dno izdelavo suhe robe<\/strong> &#8211; lesenih \u017elic na rezilnem stolu in <strong>strojno izdelavo<\/strong> v delavnici. Spoznajo, zakaj upo\u0161tevamo zakonitosti narave pri delu na kmetiji in kako se prena\u0161a tradicija. <\/em><\/p>\n\n\n\n<p><em>V prakti\u010dnem delu zlagajo \u017elice za su\u0161enje in si ogledajo kmetijo, lahko pa se povzpnete \u0161e do cerkvice sv. Lovrenca (10 min) nad vasjo, od koder je \u010dudovit razgled \u010dez pol Slovenije.<\/em><\/p>\n\n\n\n<p><br><br>Kraj izvedbe: <strong>Kmetija Tekavec, Veliki Osolnik 18 <\/strong>(Vladimir Tekavec, dop. dejavnost na kmetiji, v sodelovanju z Zavodom Parnas)<br><em>Kmetija Tekavec je od leta 2021 vpisana v Register nesnovne dedi\u0161\u010dine Slovenije kot nosilec <a href=\"http:\/\/www.nesnovnadediscina.si\/sl\/register\/ribnisko-suhorobarstvo\">nesnovne dedi\u0161\u010dine RIBNI\u0160KO SUHOROBARSTVO<\/a> &#8211; \u017eli\u010darstvo.<\/em><\/p>\n\n\n\n<figure class=\"wp-block-image size-large is-style-default\"><img decoding=\"async\" width=\"630\" height=\"473\" src=\"http:\/\/zavod-parnas.org\/w\/wp-content\/uploads\/2022\/01\/tekavec-rocno-630x473.jpg\" alt=\"\" class=\"wp-image-8038\" srcset=\"https:\/\/zavod-parnas.org\/w\/wp-content\/uploads\/2022\/01\/tekavec-rocno-630x473.jpg 630w, https:\/\/zavod-parnas.org\/w\/wp-content\/uploads\/2022\/01\/tekavec-rocno-300x225.jpg 300w, https:\/\/zavod-parnas.org\/w\/wp-content\/uploads\/2022\/01\/tekavec-rocno-252x189.jpg 252w, https:\/\/zavod-parnas.org\/w\/wp-content\/uploads\/2022\/01\/tekavec-rocno-1536x1152.jpg 1536w, https:\/\/zavod-parnas.org\/w\/wp-content\/uploads\/2022\/01\/tekavec-rocno.jpg 2016w\" sizes=\"(max-width: 630px) 100vw, 630px\" \/><\/figure>\n\n\n\n<p><i>VA\u017dNO: Od Trubarjeve doma\u010dije do kmetije na Velikem Osolniku z avtobusom potrebujete okrog 15 minut.&nbsp;Dostop na Veliki Osolnik z dvonadstropnimi ali izredno velikimi avtobusi ni mogo\u010d!!<\/i><\/p>\n\n\n\n<figure class=\"wp-block-image size-large is-style-default\"><img decoding=\"async\" width=\"630\" height=\"473\" src=\"http:\/\/zavod-parnas.org\/w\/wp-content\/uploads\/2022\/01\/tekavec-hiske-630x473.jpg\" alt=\"\" class=\"wp-image-8041\" srcset=\"https:\/\/zavod-parnas.org\/w\/wp-content\/uploads\/2022\/01\/tekavec-hiske-630x473.jpg 630w, https:\/\/zavod-parnas.org\/w\/wp-content\/uploads\/2022\/01\/tekavec-hiske-300x225.jpg 300w, https:\/\/zavod-parnas.org\/w\/wp-content\/uploads\/2022\/01\/tekavec-hiske-252x189.jpg 252w, https:\/\/zavod-parnas.org\/w\/wp-content\/uploads\/2022\/01\/tekavec-hiske-1536x1152.jpg 1536w, https:\/\/zavod-parnas.org\/w\/wp-content\/uploads\/2022\/01\/tekavec-hiske.jpg 2016w\" sizes=\"(max-width: 630px) 100vw, 630px\" \/><figcaption class=\"wp-element-caption\">Prakti\u010dno delo<\/figcaption><\/figure>\n\n\n\n<figure class=\"wp-block-image size-large is-style-default\"><img loading=\"lazy\" decoding=\"async\" width=\"630\" height=\"469\" src=\"http:\/\/zavod-parnas.org\/w\/wp-content\/uploads\/2022\/01\/tekavec-zivina-630x469.jpg\" alt=\"\" class=\"wp-image-8042\" srcset=\"https:\/\/zavod-parnas.org\/w\/wp-content\/uploads\/2022\/01\/tekavec-zivina-630x469.jpg 630w, https:\/\/zavod-parnas.org\/w\/wp-content\/uploads\/2022\/01\/tekavec-zivina-300x224.jpg 300w, https:\/\/zavod-parnas.org\/w\/wp-content\/uploads\/2022\/01\/tekavec-zivina-252x188.jpg 252w, https:\/\/zavod-parnas.org\/w\/wp-content\/uploads\/2022\/01\/tekavec-zivina-1536x1145.jpg 1536w, https:\/\/zavod-parnas.org\/w\/wp-content\/uploads\/2022\/01\/tekavec-zivina.jpg 1613w\" sizes=\"(max-width: 630px) 100vw, 630px\" \/><figcaption class=\"wp-element-caption\">Sledi \u0161e ogled kmetije<\/figcaption><\/figure>\n\n\n\n<figure class=\"wp-block-image size-large is-style-default\"><img loading=\"lazy\" decoding=\"async\" width=\"630\" height=\"473\" src=\"http:\/\/zavod-parnas.org\/w\/wp-content\/uploads\/2022\/01\/tekavec-smirarji-630x473.jpg\" alt=\"\" class=\"wp-image-8043\" srcset=\"https:\/\/zavod-parnas.org\/w\/wp-content\/uploads\/2022\/01\/tekavec-smirarji-630x473.jpg 630w, https:\/\/zavod-parnas.org\/w\/wp-content\/uploads\/2022\/01\/tekavec-smirarji-300x225.jpg 300w, https:\/\/zavod-parnas.org\/w\/wp-content\/uploads\/2022\/01\/tekavec-smirarji-252x189.jpg 252w, https:\/\/zavod-parnas.org\/w\/wp-content\/uploads\/2022\/01\/tekavec-smirarji-1536x1152.jpg 1536w, https:\/\/zavod-parnas.org\/w\/wp-content\/uploads\/2022\/01\/tekavec-smirarji.jpg 2016w\" sizes=\"(max-width: 630px) 100vw, 630px\" \/><figcaption class=\"wp-element-caption\">Pri va\u0161kem vodnjaku je urejena \u0161mirarska zbirka kot info to\u010dka za pohodnike.<\/figcaption><\/figure>\n\n\n\n<p>Program Pri suhorobarju je lahko del razli\u010dnih TEHNI\u0160KIH DNI:<\/p>\n\n\n\n<h3 class=\"wp-block-heading\"><strong>Tehni\u0161ki dan LES IN PAPIR<br>(najbolj obiskano z 2 oddelkoma 6. r.)<\/strong><\/h3>\n\n\n\n<p><span style=\"text-decoration: underline;\">9:00-10:30<\/span><br>1. skupina: Veliki Osolnik &#8211; Kmetija Tekavec: <strong>Pri suhorobarju,<\/strong> premik na Trubarjevo doma\u010dijo<br>2. skupina: Trubarjeva doma\u010dija: <a href=\"https:\/\/zavod-parnas.org\/w\/javni-interes-na-podrocju-kulture\/bukvice\/\">Bukvice<\/a><\/p>\n\n\n\n<p><span style=\"text-decoration: underline;\">10:30-11:00<\/span>&nbsp; \u010das za malico<\/p>\n\n\n\n<p><span style=\"text-decoration: underline;\">11:00-12:30&nbsp;<\/span><br>1. skupina: Trubarjeva doma\u010dija:&nbsp;<a href=\"https:\/\/zavod-parnas.org\/w\/javni-interes-na-podrocju-kulture\/bukvice\/\">Bukvice<\/a><br>2. skupina: premik na Veliki Osolnik, Kmetija Tekavec: <strong>Pri suhorobarju<\/strong><\/p>\n\n\n\n<p>VSTOPNINE: BUKVICE 7,5 EUR +\u00a0 Pri suhorobarju 4 EUR<\/p>\n\n\n\n<h3 class=\"wp-block-heading\"><strong>Tehni\u0161ki ali kulturni dan<br>KNJIGA IN SUHOROBAR<br><\/strong><\/h3>\n\n\n\n<p><strong>Odli\u010dno kot kon\u010dna ekskurzija ali kulturni dan<\/strong><\/p>\n\n\n\n<p>Trubarjeva doma\u010dija:<br><span style=\"text-decoration: underline;\">9:00<\/span> <a href=\"https:\/\/zavod-parnas.org\/w\/javni-interes-na-podrocju-kulture\/knjigoveska-delavnica\/\">Knjigove\u0161ka delavnica<\/a> &#8211; vsi v galeriji Skedenj<br>9:45 &#8211; 10:00 \u010das za malico<br><span style=\"text-decoration: underline;\">10:00-11:00<\/span><br>1. skupina: razlaga o Trubarju v spominski sobi<br>2. skupina: <a href=\"https:\/\/zavod-parnas.org\/w\/javni-interes-na-podrocju-kulture\/izdelajmo-miniaturno-knjigo\/\">Izdelajmo miniaturno knjigo&nbsp;<\/a><br><span style=\"text-decoration: underline;\">11:00-12:00&nbsp;<\/span><br>1. skupina: Izdelajmo miniaturno knjigo<br>2. skupina: razlaga o Trubarju v spominski sobi<\/p>\n\n\n\n<p>Premik z avtobusom na Veliki Osolnik (15 min)<br>12:30 <strong>Pri suhorobarju<\/strong>&nbsp; &#8211; vsi (delitev v dve skupini na kmetiji)<\/p>\n\n\n\n<p>Naro\u010dilnica Zavod Parnas: KD &#8211; 3 EUR, IZD &#8211; 5 EUR, Pri suhorobarju &#8211; 4 EUR<br>Naro\u010dilnica Trubarjeva doma\u010dija: RAZLAGA &#8211; 3,5 EUR<\/p>\n\n\n\n<h3 class=\"wp-block-heading\"><strong>Tehni\u0161ki dan BUKVICE IN SUHOROBAR<\/strong><\/h3>\n\n\n\n<p>Trubarjeva doma\u010dija:<br><span style=\"text-decoration: underline;\">9:00-10:30<\/span><br>1. skupina: razlaga o Trubarju, mlin, \u017eaga &#8211; \u010das za malico<br>2. skupina: <a href=\"https:\/\/zavod-parnas.org\/w\/javni-interes-na-podrocju-kulture\/bukvice\/\">Bukvice<\/a><br><span style=\"text-decoration: underline;\">10:30-12:00&nbsp;<\/span><br>1. skupina: <a href=\"https:\/\/zavod-parnas.org\/w\/javni-interes-na-podrocju-kulture\/bukvice\/\">Bukvice<\/a><br>2. skupina: \u010das za malico + razlaga o Trubarju, mlin, \u017eaga<\/p>\n\n\n\n<p>Premik z avtobusom na Veliki Osolnik (15 min vo\u017enje)<br><span style=\"text-decoration: underline;\">12:30-13.30<\/span> <strong>Pri suhorobarju<\/strong>&nbsp; &#8211; vsi (delitev v dve skupini na kmetiji)<\/p>\n\n\n\n<p>Naro\u010dilnica Zavod Parnas: BUKVICE 7,5 EUR +\u00a0 Pri suhorobarju 4 EUR<br>Naro\u010dilnica Trubarjeva doma\u010dija: RAZLAGA &#8211; 3,5 EUR oz. po ceniku<\/p>\n","protected":false},"excerpt":{"rendered":"<p>Trajanje:\u00a060 min\u0160tevilo obiskovalcev:\u00a030-50Primerno: za u\u010dence od 4. do 7. razredaVstopnina: 4 EUR na osebo, najmanj\u0161e \u0161tevilo u\u010dencev v skupini je [&hellip;]<\/p>\n","protected":false},"author":2,"featured_media":0,"parent":613,"menu_order":0,"comment_status":"closed","ping_status":"closed","template":"","meta":{"site-sidebar-layout":"default","site-content-layout":"","ast-site-content-layout":"default","site-content-style":"default","site-sidebar-style":"default","ast-global-header-display":"","ast-banner-title-visibility":"","ast-main-header-display":"","ast-hfb-above-header-display":"","ast-hfb-below-header-display":"","ast-hfb-mobile-header-display":"","site-post-title":"","ast-breadcrumbs-content":"","ast-featured-img":"","footer-sml-layout":"","theme-transparent-header-meta":"","adv-header-id-meta":"","stick-header-meta":"","header-above-stick-meta":"","header-main-stick-meta":"","header-below-stick-meta":"","astra-migrate-meta-layouts":"default","ast-page-background-enabled":"default","ast-page-background-meta":{"desktop":{"background-color":"var(--ast-global-color-5)","background-image":"","background-repeat":"repeat","background-position":"center center","background-size":"auto","background-attachment":"scroll","background-type":"","background-media":"","overlay-type":"","overlay-color":"","overlay-opacity":"","overlay-gradient":""},"tablet":{"background-color":"","background-image":"","background-repeat":"repeat","background-position":"center center","background-size":"auto","background-attachment":"scroll","background-type":"","background-media":"","overlay-type":"","overlay-color":"","overlay-opacity":"","overlay-gradient":""},"mobile":{"background-color":"","background-image":"","background-repeat":"repeat","background-position":"center center","background-size":"auto","background-attachment":"scroll","background-type":"","background-media":"","overlay-type":"","overlay-color":"","overlay-opacity":"","overlay-gradient":""}},"ast-content-background-meta":{"desktop":{"background-color":"var(--ast-global-color-4)","background-image":"","background-repeat":"repeat","background-position":"center center","background-size":"auto","background-attachment":"scroll","background-type":"","background-media":"","overlay-type":"","overlay-color":"","overlay-opacity":"","overlay-gradient":""},"tablet":{"background-color":"var(--ast-global-color-4)","background-image":"","background-repeat":"repeat","background-position":"center center","background-size":"auto","background-attachment":"scroll","background-type":"","background-media":"","overlay-type":"","overlay-color":"","overlay-opacity":"","overlay-gradient":""},"mobile":{"background-color":"var(--ast-global-color-4)","background-image":"","background-repeat":"repeat","background-position":"center center","background-size":"auto","background-attachment":"scroll","background-type":"","background-media":"","overlay-type":"","overlay-color":"","overlay-opacity":"","overlay-gradient":""}},"footnotes":""},"class_list":["post-813","page","type-page","status-publish","hentry"],"_links":{"self":[{"href":"https:\/\/zavod-parnas.org\/w\/wp-json\/wp\/v2\/pages\/813","targetHints":{"allow":["GET"]}}],"collection":[{"href":"https:\/\/zavod-parnas.org\/w\/wp-json\/wp\/v2\/pages"}],"about":[{"href":"https:\/\/zavod-parnas.org\/w\/wp-json\/wp\/v2\/types\/page"}],"author":[{"embeddable":true,"href":"https:\/\/zavod-parnas.org\/w\/wp-json\/wp\/v2\/users\/2"}],"replies":[{"embeddable":true,"href":"https:\/\/zavod-parnas.org\/w\/wp-json\/wp\/v2\/comments?post=813"}],"version-history":[{"count":27,"href":"https:\/\/zavod-parnas.org\/w\/wp-json\/wp\/v2\/pages\/813\/revisions"}],"predecessor-version":[{"id":12581,"href":"https:\/\/zavod-parnas.org\/w\/wp-json\/wp\/v2\/pages\/813\/revisions\/12581"}],"up":[{"embeddable":true,"href":"https:\/\/zavod-parnas.org\/w\/wp-json\/wp\/v2\/pages\/613"}],"wp:attachment":[{"href":"https:\/\/zavod-parnas.org\/w\/wp-json\/wp\/v2\/media?parent=813"}],"curies":[{"name":"wp","href":"https:\/\/api.w.org\/{rel}","templated":true}]}}