{"id":7291,"date":"2021-09-20T17:24:02","date_gmt":"2021-09-20T15:24:02","guid":{"rendered":"http:\/\/zavod-parnas.org\/w\/?page_id=7291"},"modified":"2021-09-20T17:24:03","modified_gmt":"2021-09-20T15:24:03","slug":"zivljenje-ustvarja-zgodbe-zuz-las-ppd","status":"publish","type":"page","link":"https:\/\/zavod-parnas.org\/w\/zivljenje-ustvarja-zgodbe-zuz-las-ppd\/","title":{"rendered":"\u017divljenje ustvarja zgodbe \u017dUZ &#8211; LAS PPD"},"content":{"rendered":"\n<p><strong>Projektni partnerji:<\/strong>\u00a0Knji\u017enica Miklova hi\u0161a, Ribnica (vodilni partner- VP), Ob\u010dina Lo\u0161ki Potok (P1), <strong>Zavod Parnas (P2)<\/strong>, Javni zavod Rokodelski center Ribnica (P3).<\/p>\n\n\n\n<p><strong>Trajanje projekta<\/strong>: 1. 3.&nbsp;2018 \u2013 31.12. 2019<\/p>\n\n\n\n<p><strong>Vrednost projekta:&nbsp;<\/strong>Projekt je sofinanciran iz&nbsp;sredstev Evropskega kmetijskega sklada za razvoj pode\u017eelja \u2013 EKSRP&nbsp;(85 %). Celotna vrednost projekta: 79.595,07 EUR. Vi\u0161ina sofinanciranja iz EKSRP: 67.655,80 EUR.<\/p>\n\n\n\n<p><strong>Cilji projekta:<\/strong><\/p>\n\n\n\n<p>\u017divljenje ustvarja zgodbe s svojo aktivnostjo zbiranja in publiciranja zgodb (pripovedi in Miklove), pripovedovanja in izobra\u017eevanja ter vzgojo najmlaj\u0161ih (delavnice za otroke) dviguje kakovost lokalnega \u017eivljenja, krepi lokalno identiteto in pove\u010duje sinergijo kulture bivanja, ohranjanja kulturne dedi\u0161\u010dine v pisni in elektronski obliki.<\/p>\n\n\n\n<p><strong>Rezultati projekta:&nbsp;<\/strong><\/p>\n\n\n\n<ul class=\"wp-block-list\"><li>Udele\u017eenih bo ve\u010d kot 5% prebivalcev ob\u010din Sodra\u017eice, Lo\u0161kega Potoka, Ribnice in Velikih La\u0161\u010d.<\/li><li>V projektu bo aktivno sodelovalo ve\u010d kot 300 udele\u017eencev.<\/li><li>Skupina mladih bo nagovorila mlade z lastnim izrazom pogleda na dedi\u0161\u010dino, v operaciji bo aktivno sodelovalo ve\u010d kot 20 mladih.<\/li><li>V petih vsebinskih temah bodo skozi zvo\u010dne posnetke, videospote, fotografije in besedila prikazane vse aktivnosti operacije na didakti\u010dno interaktivnem ekranu.<\/li><li>Izdani bosta 2 knjigi in vodnik o preteklih in sedanjih zgodbah.<\/li><li>Digitalizirane bodo fotografije in dokumenti iz Miklove zbirke Muzeja Ribnica.<\/li><li>Izdana bo dvojezi\u010dna zlo\u017eenka \u00bbMiklovi\u00ab.<\/li><li>S pesemskim izro\u010dilom in obla\u010dilno kulturo \u2013 ljudskimi no\u0161ami se bo seznanilo ve\u010d kot 10% ljudi Lo\u0161kega Potoka.<\/li><li>Na podlagi zbranega pesemskega izro\u010dila in izdelanih 11 \u017eenskih ljudskih no\u0161 bodo izvedeni trije javni nastopi.<\/li><li>Izvedenih bo 20 delavnic pripovedovanja ter 20 delavnic ustvarjanja zgodb otrok s 3 predstavitvami<\/li><li>Izvedene bodo po 4 predstavitve knjige Ljudske pripovedi in knjige o Miklovih.<\/li><li>Organizirani bodo 4 glasbeno-pripovedni in literarni ve\u010deri za odrasle.<\/li><\/ul>\n\n\n\n<p><a href=\"http:\/\/las-ppd.si\/wp-content\/uploads\/2018\/04\/%C5%BDIVLJENJE-USTVARJA-ZGODBE.pdf\"><strong>Povzetek projekta<\/strong><\/a><\/p>\n","protected":false},"excerpt":{"rendered":"<p>Projektni partnerji:\u00a0Knji\u017enica Miklova hi\u0161a, Ribnica (vodilni partner- VP), Ob\u010dina Lo\u0161ki Potok (P1), Zavod Parnas (P2), Javni zavod Rokodelski center Ribnica [&hellip;]<\/p>\n","protected":false},"author":2,"featured_media":0,"parent":0,"menu_order":0,"comment_status":"closed","ping_status":"closed","template":"","meta":{"site-sidebar-layout":"default","site-content-layout":"","ast-site-content-layout":"default","site-content-style":"default","site-sidebar-style":"default","ast-global-header-display":"","ast-banner-title-visibility":"","ast-main-header-display":"","ast-hfb-above-header-display":"","ast-hfb-below-header-display":"","ast-hfb-mobile-header-display":"","site-post-title":"","ast-breadcrumbs-content":"","ast-featured-img":"","footer-sml-layout":"","theme-transparent-header-meta":"","adv-header-id-meta":"","stick-header-meta":"","header-above-stick-meta":"","header-main-stick-meta":"","header-below-stick-meta":"","astra-migrate-meta-layouts":"default","ast-page-background-enabled":"default","ast-page-background-meta":{"desktop":{"background-color":"var(--ast-global-color-5)","background-image":"","background-repeat":"repeat","background-position":"center center","background-size":"auto","background-attachment":"scroll","background-type":"","background-media":"","overlay-type":"","overlay-color":"","overlay-opacity":"","overlay-gradient":""},"tablet":{"background-color":"","background-image":"","background-repeat":"repeat","background-position":"center center","background-size":"auto","background-attachment":"scroll","background-type":"","background-media":"","overlay-type":"","overlay-color":"","overlay-opacity":"","overlay-gradient":""},"mobile":{"background-color":"","background-image":"","background-repeat":"repeat","background-position":"center center","background-size":"auto","background-attachment":"scroll","background-type":"","background-media":"","overlay-type":"","overlay-color":"","overlay-opacity":"","overlay-gradient":""}},"ast-content-background-meta":{"desktop":{"background-color":"var(--ast-global-color-4)","background-image":"","background-repeat":"repeat","background-position":"center center","background-size":"auto","background-attachment":"scroll","background-type":"","background-media":"","overlay-type":"","overlay-color":"","overlay-opacity":"","overlay-gradient":""},"tablet":{"background-color":"var(--ast-global-color-4)","background-image":"","background-repeat":"repeat","background-position":"center center","background-size":"auto","background-attachment":"scroll","background-type":"","background-media":"","overlay-type":"","overlay-color":"","overlay-opacity":"","overlay-gradient":""},"mobile":{"background-color":"var(--ast-global-color-4)","background-image":"","background-repeat":"repeat","background-position":"center center","background-size":"auto","background-attachment":"scroll","background-type":"","background-media":"","overlay-type":"","overlay-color":"","overlay-opacity":"","overlay-gradient":""}},"footnotes":""},"class_list":["post-7291","page","type-page","status-publish","hentry"],"_links":{"self":[{"href":"https:\/\/zavod-parnas.org\/w\/wp-json\/wp\/v2\/pages\/7291","targetHints":{"allow":["GET"]}}],"collection":[{"href":"https:\/\/zavod-parnas.org\/w\/wp-json\/wp\/v2\/pages"}],"about":[{"href":"https:\/\/zavod-parnas.org\/w\/wp-json\/wp\/v2\/types\/page"}],"author":[{"embeddable":true,"href":"https:\/\/zavod-parnas.org\/w\/wp-json\/wp\/v2\/users\/2"}],"replies":[{"embeddable":true,"href":"https:\/\/zavod-parnas.org\/w\/wp-json\/wp\/v2\/comments?post=7291"}],"version-history":[{"count":1,"href":"https:\/\/zavod-parnas.org\/w\/wp-json\/wp\/v2\/pages\/7291\/revisions"}],"predecessor-version":[{"id":7292,"href":"https:\/\/zavod-parnas.org\/w\/wp-json\/wp\/v2\/pages\/7291\/revisions\/7292"}],"wp:attachment":[{"href":"https:\/\/zavod-parnas.org\/w\/wp-json\/wp\/v2\/media?parent=7291"}],"curies":[{"name":"wp","href":"https:\/\/api.w.org\/{rel}","templated":true}]}}