{"id":720,"date":"2016-03-19T14:10:12","date_gmt":"2016-03-19T13:10:12","guid":{"rendered":"http:\/\/zavod-parnas.org\/w\/?page_id=720"},"modified":"2025-08-03T10:40:39","modified_gmt":"2025-08-03T08:40:39","slug":"izdelajmo-miniaturno-knjigo","status":"publish","type":"page","link":"https:\/\/zavod-parnas.org\/w\/javni-interes-na-podrocju-kulture\/izdelajmo-miniaturno-knjigo\/","title":{"rendered":"Izdelajmo miniaturno knjigo"},"content":{"rendered":"\n<p>Pod vodstvom animatorja izdelate vsak svojo miniaturno knjigo, veliko 7 x 5 cm v trdi vezavi, ima 16 strani, platnice so oble\u010dene v platno in papir, ima lepljen knji\u017eni blok in kazalo.<\/p>\n\n\n\n<p>Preizku\u0161ali boste knjigove\u0161ke postopke in uporabljali originalne knjigove\u0161ke materiale. Vsa orodja in materiale dobite pri nas, izdelane knji\u017eice pa odnesete s seboj.<\/p>\n\n\n\n<p>Delavnico prilagodimo starostni stopnji udele\u017eencev.<\/p>\n\n\n\n<figure class=\"wp-block-image size-large is-resized is-style-default\"><img fetchpriority=\"high\" decoding=\"async\" width=\"1024\" height=\"768\" src=\"http:\/\/zavod-parnas.org\/w\/wp-content\/uploads\/2017\/03\/IMG_2960-1024x768.jpg\" alt=\"\" class=\"wp-image-2559\" style=\"width:630px;height:473px\" srcset=\"https:\/\/zavod-parnas.org\/w\/wp-content\/uploads\/2017\/03\/IMG_2960-1024x768.jpg 1024w, https:\/\/zavod-parnas.org\/w\/wp-content\/uploads\/2017\/03\/IMG_2960-252x189.jpg 252w, https:\/\/zavod-parnas.org\/w\/wp-content\/uploads\/2017\/03\/IMG_2960-300x225.jpg 300w, https:\/\/zavod-parnas.org\/w\/wp-content\/uploads\/2017\/03\/IMG_2960.jpg 1600w\" sizes=\"(max-width: 1024px) 100vw, 1024px\" \/><\/figure>\n\n\n\n<figure class=\"wp-block-image alignleft is-resized\"><img decoding=\"async\" width=\"300\" height=\"300\" src=\"http:\/\/zavod-parnas.org\/w\/wp-content\/uploads\/2021\/02\/cropped-logo-parnas-bel-mali-300x300.png\" alt=\"\" class=\"wp-image-6659\" style=\"width:74px;height:74px\" srcset=\"https:\/\/zavod-parnas.org\/w\/wp-content\/uploads\/2021\/02\/cropped-logo-parnas-bel-mali-300x300.png 300w, https:\/\/zavod-parnas.org\/w\/wp-content\/uploads\/2021\/02\/cropped-logo-parnas-bel-mali-252x252.png 252w, https:\/\/zavod-parnas.org\/w\/wp-content\/uploads\/2021\/02\/cropped-logo-parnas-bel-mali-270x270.png 270w, https:\/\/zavod-parnas.org\/w\/wp-content\/uploads\/2021\/02\/cropped-logo-parnas-bel-mali-192x192.png 192w, https:\/\/zavod-parnas.org\/w\/wp-content\/uploads\/2021\/02\/cropped-logo-parnas-bel-mali-180x180.png 180w, https:\/\/zavod-parnas.org\/w\/wp-content\/uploads\/2021\/02\/cropped-logo-parnas-bel-mali-32x32.png 32w, https:\/\/zavod-parnas.org\/w\/wp-content\/uploads\/2021\/02\/cropped-logo-parnas-bel-mali.png 512w\" sizes=\"(max-width: 300px) 100vw, 300px\" \/><\/figure>\n\n\n\n<p><strong>Primerno za:<\/strong> razli\u010dne starostne skupine (od 2. razreda dalje)<br><strong>Trajanje:<\/strong> 1 ura (60 min)<br><strong>Vstopnina: 5 EUR<\/strong> na u\u010denca<\/p>\n\n\n\n<figure class=\"wp-block-image size-large is-style-default\"><img decoding=\"async\" width=\"630\" height=\"473\" src=\"http:\/\/zavod-parnas.org\/w\/wp-content\/uploads\/2022\/01\/IMG_1528-1-630x473.jpg\" alt=\"\" class=\"wp-image-7897\" srcset=\"https:\/\/zavod-parnas.org\/w\/wp-content\/uploads\/2022\/01\/IMG_1528-1-630x473.jpg 630w, https:\/\/zavod-parnas.org\/w\/wp-content\/uploads\/2022\/01\/IMG_1528-1-300x225.jpg 300w, https:\/\/zavod-parnas.org\/w\/wp-content\/uploads\/2022\/01\/IMG_1528-1-252x189.jpg 252w, https:\/\/zavod-parnas.org\/w\/wp-content\/uploads\/2022\/01\/IMG_1528-1-1536x1152.jpg 1536w, https:\/\/zavod-parnas.org\/w\/wp-content\/uploads\/2022\/01\/IMG_1528-1.jpg 2048w\" sizes=\"(max-width: 630px) 100vw, 630px\" \/><\/figure>\n\n\n\n<p><strong>Kraj izvedbe:<\/strong>&nbsp;na Trubarjevi doma\u010diji,&nbsp;na va\u0161i \u0161oli, v knji\u017enici &#8230;<br><em>Pri izvedbi na \u0161oli poleg vstopnine zara\u010dunamo \u0161e potne stro\u0161ke (razdalja od sede\u017ea zavoda do va\u0161e lokacije in nazaj x 0,43 EUR + 22% DDV).<\/em><\/p>\n\n\n\n<p class=\"has-medium-font-size\">PREVERI: <a href=\"http:\/\/zavod-parnas.org\/w\/poti-knjige-nov-program-na-trubarjevi-domaciji\/\">Miniaturka z vsebino &#8211; POTI KNJIGE<\/a><\/p>\n\n\n\n<figure class=\"wp-block-image size-large is-style-default\"><a href=\"http:\/\/zavod-parnas.org\/w\/poti-knjige-nov-program-na-trubarjevi-domaciji\/\"><img loading=\"lazy\" decoding=\"async\" width=\"630\" height=\"485\" src=\"http:\/\/zavod-parnas.org\/w\/wp-content\/uploads\/2020\/03\/IMG_1766-630x485.jpg\" alt=\"\" class=\"wp-image-7909\" srcset=\"https:\/\/zavod-parnas.org\/w\/wp-content\/uploads\/2020\/03\/IMG_1766-630x485.jpg 630w, https:\/\/zavod-parnas.org\/w\/wp-content\/uploads\/2020\/03\/IMG_1766-300x231.jpg 300w, https:\/\/zavod-parnas.org\/w\/wp-content\/uploads\/2020\/03\/IMG_1766-252x194.jpg 252w, https:\/\/zavod-parnas.org\/w\/wp-content\/uploads\/2020\/03\/IMG_1766.jpg 1512w\" sizes=\"(max-width: 630px) 100vw, 630px\" \/><\/a><\/figure>\n\n\n\n<p>Ostali programi: <br><a href=\"http:\/\/zavod-parnas.org\/w\/javni-interes-na-podrocju-kulture\/bukvice\/\">Bukvice<\/a>     <a href=\"http:\/\/zavod-parnas.org\/w\/javni-interes-na-podrocju-kulture\/knjigoveska-delavnica\/\">Knjigove\u0161ka delavnica<\/a>      <a href=\"http:\/\/zavod-parnas.org\/w\/javni-interes-na-podrocju-kulture\/pri-suhorobarju\/\">Pri suhorobarju<\/a><\/p>\n","protected":false},"excerpt":{"rendered":"<p>Pod vodstvom animatorja izdelate vsak svojo miniaturno knjigo, veliko 7 x 5 cm v trdi vezavi, ima 16 strani, platnice [&hellip;]<\/p>\n","protected":false},"author":2,"featured_media":0,"parent":613,"menu_order":0,"comment_status":"closed","ping_status":"closed","template":"","meta":{"site-sidebar-layout":"default","site-content-layout":"","ast-site-content-layout":"default","site-content-style":"default","site-sidebar-style":"default","ast-global-header-display":"","ast-banner-title-visibility":"","ast-main-header-display":"","ast-hfb-above-header-display":"","ast-hfb-below-header-display":"","ast-hfb-mobile-header-display":"","site-post-title":"","ast-breadcrumbs-content":"","ast-featured-img":"","footer-sml-layout":"","theme-transparent-header-meta":"","adv-header-id-meta":"","stick-header-meta":"","header-above-stick-meta":"","header-main-stick-meta":"","header-below-stick-meta":"","astra-migrate-meta-layouts":"default","ast-page-background-enabled":"default","ast-page-background-meta":{"desktop":{"background-color":"var(--ast-global-color-5)","background-image":"","background-repeat":"repeat","background-position":"center center","background-size":"auto","background-attachment":"scroll","background-type":"","background-media":"","overlay-type":"","overlay-color":"","overlay-opacity":"","overlay-gradient":""},"tablet":{"background-color":"","background-image":"","background-repeat":"repeat","background-position":"center center","background-size":"auto","background-attachment":"scroll","background-type":"","background-media":"","overlay-type":"","overlay-color":"","overlay-opacity":"","overlay-gradient":""},"mobile":{"background-color":"","background-image":"","background-repeat":"repeat","background-position":"center center","background-size":"auto","background-attachment":"scroll","background-type":"","background-media":"","overlay-type":"","overlay-color":"","overlay-opacity":"","overlay-gradient":""}},"ast-content-background-meta":{"desktop":{"background-color":"var(--ast-global-color-4)","background-image":"","background-repeat":"repeat","background-position":"center center","background-size":"auto","background-attachment":"scroll","background-type":"","background-media":"","overlay-type":"","overlay-color":"","overlay-opacity":"","overlay-gradient":""},"tablet":{"background-color":"var(--ast-global-color-4)","background-image":"","background-repeat":"repeat","background-position":"center center","background-size":"auto","background-attachment":"scroll","background-type":"","background-media":"","overlay-type":"","overlay-color":"","overlay-opacity":"","overlay-gradient":""},"mobile":{"background-color":"var(--ast-global-color-4)","background-image":"","background-repeat":"repeat","background-position":"center center","background-size":"auto","background-attachment":"scroll","background-type":"","background-media":"","overlay-type":"","overlay-color":"","overlay-opacity":"","overlay-gradient":""}},"footnotes":""},"class_list":["post-720","page","type-page","status-publish","hentry"],"_links":{"self":[{"href":"https:\/\/zavod-parnas.org\/w\/wp-json\/wp\/v2\/pages\/720","targetHints":{"allow":["GET"]}}],"collection":[{"href":"https:\/\/zavod-parnas.org\/w\/wp-json\/wp\/v2\/pages"}],"about":[{"href":"https:\/\/zavod-parnas.org\/w\/wp-json\/wp\/v2\/types\/page"}],"author":[{"embeddable":true,"href":"https:\/\/zavod-parnas.org\/w\/wp-json\/wp\/v2\/users\/2"}],"replies":[{"embeddable":true,"href":"https:\/\/zavod-parnas.org\/w\/wp-json\/wp\/v2\/comments?post=720"}],"version-history":[{"count":46,"href":"https:\/\/zavod-parnas.org\/w\/wp-json\/wp\/v2\/pages\/720\/revisions"}],"predecessor-version":[{"id":11913,"href":"https:\/\/zavod-parnas.org\/w\/wp-json\/wp\/v2\/pages\/720\/revisions\/11913"}],"up":[{"embeddable":true,"href":"https:\/\/zavod-parnas.org\/w\/wp-json\/wp\/v2\/pages\/613"}],"wp:attachment":[{"href":"https:\/\/zavod-parnas.org\/w\/wp-json\/wp\/v2\/media?parent=720"}],"curies":[{"name":"wp","href":"https:\/\/api.w.org\/{rel}","templated":true}]}}