{"id":7189,"date":"2021-08-02T14:32:13","date_gmt":"2021-08-02T12:32:13","guid":{"rendered":"http:\/\/zavod-parnas.org\/w\/?page_id=7189"},"modified":"2026-01-08T15:51:26","modified_gmt":"2026-01-08T14:51:26","slug":"phototrails-3en","status":"publish","type":"page","link":"https:\/\/zavod-parnas.org\/w\/phototrails-3en\/","title":{"rendered":"KUNA do\u017eivetje: \u0160mirarji z Velikega Osolnika"},"content":{"rendered":"\n<div class=\"wp-block-buttons is-layout-flex wp-block-buttons-is-layout-flex\">\n<div class=\"wp-block-button has-custom-width wp-block-button__width-100\"><a class=\"wp-block-button__link wp-element-button\" href=\"http:\/\/zavod-parnas.org\/w\/wp-content\/uploads\/2021\/08\/Greasers_of-_Veliki_Osolnik_web.pdf\">ENG Greasers of Veliki Osolnik<\/a><\/div>\n<\/div>\n\n\n\n<figure class=\"wp-block-gallery has-nested-images columns-4 is-cropped wp-block-gallery-1 is-layout-flex wp-block-gallery-is-layout-flex\">\n<figure class=\"wp-block-image size-large\"><img fetchpriority=\"high\" decoding=\"async\" width=\"630\" height=\"473\" data-id=\"12460\" src=\"https:\/\/zavod-parnas.org\/w\/wp-content\/uploads\/2026\/01\/KTOsolnik4-630x473.jpeg\" alt=\"\" class=\"wp-image-12460\" srcset=\"https:\/\/zavod-parnas.org\/w\/wp-content\/uploads\/2026\/01\/KTOsolnik4-630x473.jpeg 630w, https:\/\/zavod-parnas.org\/w\/wp-content\/uploads\/2026\/01\/KTOsolnik4-300x225.jpeg 300w, https:\/\/zavod-parnas.org\/w\/wp-content\/uploads\/2026\/01\/KTOsolnik4-252x189.jpeg 252w, https:\/\/zavod-parnas.org\/w\/wp-content\/uploads\/2026\/01\/KTOsolnik4-1536x1152.jpeg 1536w, https:\/\/zavod-parnas.org\/w\/wp-content\/uploads\/2026\/01\/KTOsolnik4.jpeg 2016w\" sizes=\"(max-width: 630px) 100vw, 630px\" \/><\/figure>\n\n\n\n<figure class=\"wp-block-image size-large\"><img decoding=\"async\" width=\"630\" height=\"840\" data-id=\"12462\" src=\"https:\/\/zavod-parnas.org\/w\/wp-content\/uploads\/2026\/01\/KTOsolnik7-630x840.jpeg\" alt=\"\" class=\"wp-image-12462\" srcset=\"https:\/\/zavod-parnas.org\/w\/wp-content\/uploads\/2026\/01\/KTOsolnik7-630x840.jpeg 630w, https:\/\/zavod-parnas.org\/w\/wp-content\/uploads\/2026\/01\/KTOsolnik7-225x300.jpeg 225w, https:\/\/zavod-parnas.org\/w\/wp-content\/uploads\/2026\/01\/KTOsolnik7-252x336.jpeg 252w, https:\/\/zavod-parnas.org\/w\/wp-content\/uploads\/2026\/01\/KTOsolnik7-1152x1536.jpeg 1152w, https:\/\/zavod-parnas.org\/w\/wp-content\/uploads\/2026\/01\/KTOsolnik7.jpeg 1512w\" sizes=\"(max-width: 630px) 100vw, 630px\" \/><\/figure>\n\n\n\n<figure class=\"wp-block-image size-large\"><img decoding=\"async\" width=\"630\" height=\"840\" data-id=\"12463\" src=\"https:\/\/zavod-parnas.org\/w\/wp-content\/uploads\/2026\/01\/KTOsolnik6-630x840.jpg\" alt=\"\" class=\"wp-image-12463\" srcset=\"https:\/\/zavod-parnas.org\/w\/wp-content\/uploads\/2026\/01\/KTOsolnik6-630x840.jpg 630w, https:\/\/zavod-parnas.org\/w\/wp-content\/uploads\/2026\/01\/KTOsolnik6-225x300.jpg 225w, https:\/\/zavod-parnas.org\/w\/wp-content\/uploads\/2026\/01\/KTOsolnik6-252x336.jpg 252w, https:\/\/zavod-parnas.org\/w\/wp-content\/uploads\/2026\/01\/KTOsolnik6-1152x1536.jpg 1152w, https:\/\/zavod-parnas.org\/w\/wp-content\/uploads\/2026\/01\/KTOsolnik6.jpg 1349w\" sizes=\"(max-width: 630px) 100vw, 630px\" \/><\/figure>\n<\/figure>\n\n\n\n<div class=\"wp-block-buttons is-layout-flex wp-block-buttons-is-layout-flex\">\n<div class=\"wp-block-button has-custom-width wp-block-button__width-100\"><a class=\"wp-block-button__link wp-element-button\" href=\"http:\/\/zavod-parnas.org\/w\/wp-content\/uploads\/2021\/08\/smirarji_z-_Velikega_Osolnika_web.pdf\">INFO pano: \u0160mirarji z Velikega Osolnika<\/a><\/div>\n<\/div>\n\n\n\n<p>Tik pred vasjo Veliki Osolnik je ob nekdanjem va\u0161kem vodnjaku (\u0161tirni) urejena <strong>INFO to\u010dka &#8211; \u0160MIRARJI. <\/strong>V 19. stoletju je bila namre\u010d na Velikem Osolniku raz\u0161irjena obrt kuhanja kolomaza, ki so ga \u0161mirarji v lesenih bankah hodili prodajat po svetu. \u0160e danes se je za prebivalce Velikega Osolnika ohranilo ime \u0160MIRARJI.<\/p>\n\n\n\n<p>INFO to\u010dko \u0160MIRARJI so doma\u010dini uredili ob nekdanjem va\u0161kem vodnjaku pod kmetijo Tekavec.  V sodelovanju z Zavodom Parnas so preko projekta Zidovi in drevesa &#8211; LAS PPD pod zidan nadstre\u0161ek pri obnovljeni va\u0161ki &#8220;\u0161tirni&#8221; &#8211; vodnjaku z velikim kovinskim kolesom namestili:<br>&#8211; <a href=\"http:\/\/zavod-parnas.org\/w\/wp-content\/uploads\/2021\/08\/smirarji_z-_Velikega_Osolnika_web.pdf\">INFO tablo \u0160MIRARJI<\/a><br>&#8211; orodja, ki so jih \u0161mirarji uporabljali (smolarska greblja, banka, &#8230;)<br>&#8211; ostanke oz. \u010drepinje lon\u010denih kotlov, v katerih so na koncu vasi (v bli\u017eini cerkve sv. Lovrenca) kuhali \u0161mir.<br>Ve\u010d o \u0161mirarjih lahko izveste v na\u0161i zlo\u017eenki:  <\/p>\n\n\n\n<div class=\"wp-block-buttons is-layout-flex wp-block-buttons-is-layout-flex\">\n<div class=\"wp-block-button has-custom-width wp-block-button__width-100\"><a class=\"wp-block-button__link wp-element-button\" href=\"https:\/\/zavod-parnas.org\/w\/zaloznistvo\/smirarji\/\">ZLO\u017dENKA: \u0160mirarji z Velikega Osolnika<\/a><\/div>\n<\/div>\n\n\n\n<p>Interpretacija pozabljene \u0161mirarske obrti je del <a href=\"https:\/\/zavod-parnas.org\/w\/javni-interes-na-podrocju-kulture\/pri-suhorobarju\/\">programa za osnovno\u0161olce Pri suhorobarju, <\/a>ki ga izvaja Zavod Parnas v sodelovanju s Kmetijo Tekavec in je  vklju\u010dena v <a href=\"https:\/\/zavod-parnas.org\/w\/ponudba-za-posameznike\/\">individualna vodena do\u017eivetje po velikola\u0161ki de\u017eeli<\/a> (za podrobnosti se oglasite Zavodu Parnas &#8211; info@zavod-parnas.org).<\/p>\n\n\n\n<div class=\"wp-block-buttons is-layout-flex wp-block-buttons-is-layout-flex\">\n<div class=\"wp-block-button has-custom-width wp-block-button__width-50\"><a class=\"wp-block-button__link wp-element-button\" href=\"https:\/\/zavod-parnas.org\/w\/javni-interes-na-podrocju-kulture\/pri-suhorobarju\/\">Izobra\u017eevalni program za \u0161olske skupine<\/a><\/div>\n\n\n\n<div class=\"wp-block-button has-custom-width wp-block-button__width-50\"><a class=\"wp-block-button__link wp-element-button\" href=\"https:\/\/zavod-parnas.org\/w\/ponudba-za-posameznike\/\">Do\u017eivetje za posameznike<\/a><\/div>\n<\/div>\n\n\n\n<figure class=\"wp-block-gallery has-nested-images columns-default is-cropped wp-block-gallery-2 is-layout-flex wp-block-gallery-is-layout-flex\">\n<figure class=\"wp-block-image size-large\"><img loading=\"lazy\" decoding=\"async\" width=\"630\" height=\"473\" data-id=\"8038\" src=\"https:\/\/zavod-parnas.org\/w\/wp-content\/uploads\/2022\/01\/tekavec-rocno-630x473.jpg\" alt=\"\" class=\"wp-image-8038\" srcset=\"https:\/\/zavod-parnas.org\/w\/wp-content\/uploads\/2022\/01\/tekavec-rocno-630x473.jpg 630w, https:\/\/zavod-parnas.org\/w\/wp-content\/uploads\/2022\/01\/tekavec-rocno-300x225.jpg 300w, https:\/\/zavod-parnas.org\/w\/wp-content\/uploads\/2022\/01\/tekavec-rocno-252x189.jpg 252w, https:\/\/zavod-parnas.org\/w\/wp-content\/uploads\/2022\/01\/tekavec-rocno-1536x1152.jpg 1536w, https:\/\/zavod-parnas.org\/w\/wp-content\/uploads\/2022\/01\/tekavec-rocno.jpg 2016w\" sizes=\"(max-width: 630px) 100vw, 630px\" \/><\/figure>\n\n\n\n<figure class=\"wp-block-image size-large\"><img loading=\"lazy\" decoding=\"async\" width=\"630\" height=\"473\" data-id=\"8041\" src=\"https:\/\/zavod-parnas.org\/w\/wp-content\/uploads\/2022\/01\/tekavec-hiske-630x473.jpg\" alt=\"\" class=\"wp-image-8041\" srcset=\"https:\/\/zavod-parnas.org\/w\/wp-content\/uploads\/2022\/01\/tekavec-hiske-630x473.jpg 630w, https:\/\/zavod-parnas.org\/w\/wp-content\/uploads\/2022\/01\/tekavec-hiske-300x225.jpg 300w, https:\/\/zavod-parnas.org\/w\/wp-content\/uploads\/2022\/01\/tekavec-hiske-252x189.jpg 252w, https:\/\/zavod-parnas.org\/w\/wp-content\/uploads\/2022\/01\/tekavec-hiske-1536x1152.jpg 1536w, https:\/\/zavod-parnas.org\/w\/wp-content\/uploads\/2022\/01\/tekavec-hiske.jpg 2016w\" sizes=\"(max-width: 630px) 100vw, 630px\" \/><\/figure>\n\n\n\n<figure class=\"wp-block-image size-large\"><img loading=\"lazy\" decoding=\"async\" width=\"630\" height=\"442\" data-id=\"8044\" src=\"https:\/\/zavod-parnas.org\/w\/wp-content\/uploads\/2022\/01\/tekavec-zaga-1-630x442.jpg\" alt=\"\" class=\"wp-image-8044\" srcset=\"https:\/\/zavod-parnas.org\/w\/wp-content\/uploads\/2022\/01\/tekavec-zaga-1-630x442.jpg 630w, https:\/\/zavod-parnas.org\/w\/wp-content\/uploads\/2022\/01\/tekavec-zaga-1-300x211.jpg 300w, https:\/\/zavod-parnas.org\/w\/wp-content\/uploads\/2022\/01\/tekavec-zaga-1-252x177.jpg 252w, https:\/\/zavod-parnas.org\/w\/wp-content\/uploads\/2022\/01\/tekavec-zaga-1.jpg 1502w\" sizes=\"(max-width: 630px) 100vw, 630px\" \/><\/figure>\n<\/figure>\n\n\n\n<p>Pohodnikom priporo\u010damo vzpon na Veliki Osolnik <strong>po ozna\u010deni evropski pe\u0161poti E6<\/strong>, ki jo vestno vzdr\u017euje <a href=\"http:\/\/pd.velike-lasce.si\/index.php\/poti\/odsek-poti-e-6\">Planinsko dru\u0161tvo Velike La\u0161\u010de<\/a>.  Z vrha Velikega Osolnika je \u010dudovit razgled skoraj \u010dez pol Slovenije, na grad Turjak, na Mi\u0161jo dolino &#8230; Vra\u010date se lahko po cesti mimo zdravilnega  Belega studenca skozi Podlog po gozdni cesti skozi Mali Osolnik nazaj na Turjak. Veliki Osolnik je znan tudi po slastnih pi\u0161kotih in odli\u010dnem medu. <\/p>\n\n\n\n<figure class=\"wp-block-gallery has-nested-images columns-4 is-cropped wp-block-gallery-3 is-layout-flex wp-block-gallery-is-layout-flex\">\n<figure class=\"wp-block-image size-large\"><img loading=\"lazy\" decoding=\"async\" width=\"630\" height=\"473\" data-id=\"12458\" src=\"https:\/\/zavod-parnas.org\/w\/wp-content\/uploads\/2026\/01\/KTOsolnik2-630x473.jpeg\" alt=\"\" class=\"wp-image-12458\" srcset=\"https:\/\/zavod-parnas.org\/w\/wp-content\/uploads\/2026\/01\/KTOsolnik2-630x473.jpeg 630w, https:\/\/zavod-parnas.org\/w\/wp-content\/uploads\/2026\/01\/KTOsolnik2-300x225.jpeg 300w, https:\/\/zavod-parnas.org\/w\/wp-content\/uploads\/2026\/01\/KTOsolnik2-252x189.jpeg 252w, https:\/\/zavod-parnas.org\/w\/wp-content\/uploads\/2026\/01\/KTOsolnik2-1536x1152.jpeg 1536w, https:\/\/zavod-parnas.org\/w\/wp-content\/uploads\/2026\/01\/KTOsolnik2.jpeg 2016w\" sizes=\"(max-width: 630px) 100vw, 630px\" \/><\/figure>\n\n\n\n<figure class=\"wp-block-image size-large\"><img loading=\"lazy\" decoding=\"async\" width=\"630\" height=\"473\" data-id=\"12464\" src=\"https:\/\/zavod-parnas.org\/w\/wp-content\/uploads\/2026\/01\/KTOsolnik5-630x473.jpeg\" alt=\"\" class=\"wp-image-12464\" srcset=\"https:\/\/zavod-parnas.org\/w\/wp-content\/uploads\/2026\/01\/KTOsolnik5-630x473.jpeg 630w, https:\/\/zavod-parnas.org\/w\/wp-content\/uploads\/2026\/01\/KTOsolnik5-300x225.jpeg 300w, https:\/\/zavod-parnas.org\/w\/wp-content\/uploads\/2026\/01\/KTOsolnik5-252x189.jpeg 252w, https:\/\/zavod-parnas.org\/w\/wp-content\/uploads\/2026\/01\/KTOsolnik5-1536x1152.jpeg 1536w, https:\/\/zavod-parnas.org\/w\/wp-content\/uploads\/2026\/01\/KTOsolnik5.jpeg 2016w\" sizes=\"(max-width: 630px) 100vw, 630px\" \/><\/figure>\n\n\n\n<figure class=\"wp-block-image size-large\"><img loading=\"lazy\" decoding=\"async\" width=\"630\" height=\"473\" data-id=\"12465\" src=\"https:\/\/zavod-parnas.org\/w\/wp-content\/uploads\/2026\/01\/KTOsolnik8-630x473.jpeg\" alt=\"\" class=\"wp-image-12465\" srcset=\"https:\/\/zavod-parnas.org\/w\/wp-content\/uploads\/2026\/01\/KTOsolnik8-630x473.jpeg 630w, https:\/\/zavod-parnas.org\/w\/wp-content\/uploads\/2026\/01\/KTOsolnik8-300x225.jpeg 300w, https:\/\/zavod-parnas.org\/w\/wp-content\/uploads\/2026\/01\/KTOsolnik8-252x189.jpeg 252w, https:\/\/zavod-parnas.org\/w\/wp-content\/uploads\/2026\/01\/KTOsolnik8-1536x1152.jpeg 1536w, https:\/\/zavod-parnas.org\/w\/wp-content\/uploads\/2026\/01\/KTOsolnik8.jpeg 2016w\" sizes=\"(max-width: 630px) 100vw, 630px\" \/><\/figure>\n<\/figure>\n\n\n\n<p><\/p>\n","protected":false},"excerpt":{"rendered":"<p>Tik pred vasjo Veliki Osolnik je ob nekdanjem va\u0161kem vodnjaku (\u0161tirni) urejena INFO to\u010dka &#8211; \u0160MIRARJI. V 19. stoletju je [&hellip;]<\/p>\n","protected":false},"author":2,"featured_media":0,"parent":0,"menu_order":0,"comment_status":"closed","ping_status":"closed","template":"","meta":{"site-sidebar-layout":"default","site-content-layout":"","ast-site-content-layout":"default","site-content-style":"default","site-sidebar-style":"default","ast-global-header-display":"","ast-banner-title-visibility":"","ast-main-header-display":"","ast-hfb-above-header-display":"","ast-hfb-below-header-display":"","ast-hfb-mobile-header-display":"","site-post-title":"","ast-breadcrumbs-content":"","ast-featured-img":"","footer-sml-layout":"","theme-transparent-header-meta":"","adv-header-id-meta":"","stick-header-meta":"","header-above-stick-meta":"","header-main-stick-meta":"","header-below-stick-meta":"","astra-migrate-meta-layouts":"default","ast-page-background-enabled":"default","ast-page-background-meta":{"desktop":{"background-color":"var(--ast-global-color-5)","background-image":"","background-repeat":"repeat","background-position":"center center","background-size":"auto","background-attachment":"scroll","background-type":"","background-media":"","overlay-type":"","overlay-color":"","overlay-opacity":"","overlay-gradient":""},"tablet":{"background-color":"","background-image":"","background-repeat":"repeat","background-position":"center center","background-size":"auto","background-attachment":"scroll","background-type":"","background-media":"","overlay-type":"","overlay-color":"","overlay-opacity":"","overlay-gradient":""},"mobile":{"background-color":"","background-image":"","background-repeat":"repeat","background-position":"center center","background-size":"auto","background-attachment":"scroll","background-type":"","background-media":"","overlay-type":"","overlay-color":"","overlay-opacity":"","overlay-gradient":""}},"ast-content-background-meta":{"desktop":{"background-color":"var(--ast-global-color-4)","background-image":"","background-repeat":"repeat","background-position":"center center","background-size":"auto","background-attachment":"scroll","background-type":"","background-media":"","overlay-type":"","overlay-color":"","overlay-opacity":"","overlay-gradient":""},"tablet":{"background-color":"var(--ast-global-color-4)","background-image":"","background-repeat":"repeat","background-position":"center center","background-size":"auto","background-attachment":"scroll","background-type":"","background-media":"","overlay-type":"","overlay-color":"","overlay-opacity":"","overlay-gradient":""},"mobile":{"background-color":"var(--ast-global-color-4)","background-image":"","background-repeat":"repeat","background-position":"center center","background-size":"auto","background-attachment":"scroll","background-type":"","background-media":"","overlay-type":"","overlay-color":"","overlay-opacity":"","overlay-gradient":""}},"footnotes":""},"class_list":["post-7189","page","type-page","status-publish","hentry"],"_links":{"self":[{"href":"https:\/\/zavod-parnas.org\/w\/wp-json\/wp\/v2\/pages\/7189","targetHints":{"allow":["GET"]}}],"collection":[{"href":"https:\/\/zavod-parnas.org\/w\/wp-json\/wp\/v2\/pages"}],"about":[{"href":"https:\/\/zavod-parnas.org\/w\/wp-json\/wp\/v2\/types\/page"}],"author":[{"embeddable":true,"href":"https:\/\/zavod-parnas.org\/w\/wp-json\/wp\/v2\/users\/2"}],"replies":[{"embeddable":true,"href":"https:\/\/zavod-parnas.org\/w\/wp-json\/wp\/v2\/comments?post=7189"}],"version-history":[{"count":10,"href":"https:\/\/zavod-parnas.org\/w\/wp-json\/wp\/v2\/pages\/7189\/revisions"}],"predecessor-version":[{"id":12471,"href":"https:\/\/zavod-parnas.org\/w\/wp-json\/wp\/v2\/pages\/7189\/revisions\/12471"}],"wp:attachment":[{"href":"https:\/\/zavod-parnas.org\/w\/wp-json\/wp\/v2\/media?parent=7189"}],"curies":[{"name":"wp","href":"https:\/\/api.w.org\/{rel}","templated":true}]}}