{"id":624,"date":"2016-03-19T10:09:19","date_gmt":"2016-03-19T09:09:19","guid":{"rendered":"http:\/\/zavod-parnas.org\/w\/?page_id=624"},"modified":"2026-01-11T09:38:34","modified_gmt":"2026-01-11T08:38:34","slug":"medved-nas-vsakdanji","status":"publish","type":"page","link":"https:\/\/zavod-parnas.org\/w\/projekti-2000-2015\/medved-nas-vsakdanji\/","title":{"rendered":"Medved na\u0161 vsakdanji (2012)"},"content":{"rendered":"<p><b>Projekt MEDVED NA\u0160 VSAKDANJI (TRIMED) 2012<\/b><br \/>\n<b>Naslov projekta:\u00a0<\/b>Medved na\u0161 vsakdanji<br \/>\n<b>Prijavitelj:<\/b> Parnas, zavod za kulturo in turizem Velike La\u0161\u010de<br \/>\n<b>Projektni partnerji:<\/b> Zavod za ekologijo Narava 2001 Podru\u017enica Ko\u010devje, <a href=\"http:\/\/www.fotodrustvo-grca.si\/medved.html\" target=\"_blank\">Fotografsko dru\u0161tvo Gr\u010da<\/a>, <a href=\"http:\/\/www.rokodelskicenter-ribnica.si\/\" target=\"_blank\">Rokodelski center Ribnica<\/a><br \/>\n<b>Razpis:<\/b> <a href=\"http:\/\/www.arsktrp.gov.si\/si\/storitve_ukrepi\/ukrepi_razvoja_podezelja\/\" target=\"_blank\">LEADER<\/a><br \/>\nob finan\u010dni podpori Evropskega kmetijskega sklada za razvoj pode\u017eelja. Organ upravljanja Programa za razvoj pode\u017eelja Republike Slovenije za obdobje 2007-2013 je Ministrstvo za kmetijstvo, gozdarstvo in prehrano.<\/p>\n<p><b>OPIS PROJEKTA:<\/b><br \/>\n<b>Cilji projekta:<\/b> &#8211; gradi prepoznavnost obmo\u010dja LAS Po poteh dedi\u0161\u010dine Od Idrijce do Kolpe in celotne Slovenije<br \/>\n&#8211; ume\u0161\u010da evropsko prestolnico rjavega medveda na obmo\u010dje LAS Po poteh dedi\u0161\u010dine Od Idrijce do Kolpe<br \/>\n&#8211; vzpodbuja strpno in kriti\u010dno razpravo o prihodnosti rjavega medveda na Slovenskem<br \/>\n&#8211; u\u010dvrsti in in da dodaten vsebinski pomen biotski raznovrstnosti in dvigu ekolo\u0161ke ozave\u0161\u010denosti naj\u0161ir\u0161e javnosti<br \/>\n&#8211; pove\u017ee naravne vrednote s kulturno dedi\u0161\u010dino<\/p>\n<p>Prispevki projekta k lokalni razvojni strategiji: 1. Ureditev prostora v kvalitetno \u017eivljenjsko in delovno okolje 2. Razvoj naravnih, kulturnih in \u010dlove\u0161kih potencialov za vi\u0161jo dodano vrednost 3. Doseganje ve\u010dje prepoznavnosti obmo\u010dja (Ve\u010d v projektni dokumentaciji)<br \/>\n<b>Trajanje projekta:<\/b> 6.2.2012 &#8211; 31.1.2013<\/p>\n<p>Rjavi medved je eden od za\u0161\u010ditnih znakov obmo\u010dja od Turjaka do Kolpe, katerega potencialov in danosti doslej nismo znali najbolje izkoristiti. Ne v smislu \u0161ir\u0161e prepoznavnosti, pa tudi ne kot prednosti, od katere bi lahko prebivalci imeli bolj\u0161e pogoje \u017eivljenja.<\/p>\n<p><b>NAMEN PROJEKTA <\/b>je v prvi vrsti ozave\u0161\u010devalske narave. Z njim \u017eelimo spodbuditi lastne kapacitete, doma\u010de znanje in \u010dlove\u0161ke vire v smislu izbolj\u0161evanja \u017eivljenjskih pogojev prebivalcev tega obmo\u010dja in razvoja pode\u017eelja (razvoj novih, tr\u017eno zanimivih produktov s podro\u010dja eko turizma). S projektom povezujemo tiste, ki se z vsebinami \u017ee ukvarjajo, a niso povezani in usklajeni, dodajamo pa mednarodno dimenzijo in prepoznavnost.<\/p>\n<p><b>PROJEKTNE AKTIVNOSTI:<\/b><\/p>\n<p>V <b>Zavodu za ekologijo Narava 2001 <\/b>so nastali dokumentarni film o rjavem medvedu (scenarij, snemanje, produkcija, postprodukcija in predstavitev) in trije kraj\u0161i promocijski spoti o rjavem medvedu. Na treh strokovnih ekskurzijah (Hrva\u0161ka, Srbija, Francija) so spoznavali primere dobrih praks ravnanja z rjavim medvedom.<br \/>\nZavod je izvedel <a href=\"http:\/\/www.zavod-parnas.org\/news.php?readmore=470\">Mednarodno konferenco Evropska prestolnica rjavega medveda<\/a>, 12. novembra v Rokodelskem centru v Ribnici. Na njej so spregovorili doma\u010di in tuji predavatelji, eden od predstavljenih referatov pa je bila tudi \u0161tudija Viktorja Luskovca Medved na\u0161 vsakdanji.<br \/>\n<b>Fotografsko dru\u0161tvo Gr\u010da<\/b> je izpeljalo <b>fotografski nate\u010daj<\/b> na temo rjavega medveda v Sloveniji. Rezultat nate\u010daja je<b>fotografska razstava<\/b>, z gostovanji v Ko\u010devju (22.5.), Cerknici (21.6.), Ribnici (28.8.), Velikih La\u0161\u010dah (5.10.) in v Lo\u0161kem Potoku (28.11.). Na dveh fotografskih naravoslovnih delavnicah v Ko\u010devju (19.5.) in v Mi\u0161ji dolini (23.6.) so se dodatno izobra\u017eevali ljubitelji naravoslovne fotografije. Preko spletnih strani sta dosegljiva <b>virtualni katalog z razstave in multivizija<\/b>.<\/p>\n<p>V rokodelski delavnici <b>Rokodelskega centra Ribnica <\/b>so razvili ideje za spominke na temo rjavega medveda, izvedli so ve\u010d rokodelskih delavnic za ribni\u0161ke osnovno\u0161olce. Gostili so tudi mednarodno konferenco.<\/p>\n<p>Koordinacija projekta in njegova promocija poteka pod okriljem <b>Zavoda Parnas<\/b>, ki je tudi prijavitelj projekta. Na dveh tematskih ve\u010derih v zavodu Parnas smo razpravljali o mo\u017enostih opazovanja medveda kot ekoturisti\u010dne ponudbe (TIC Lo\u017e, 14.3.) in vpetosti rjavega medveda v blagovne znamke in produkte na obmo\u010dju od Turjaka do Kolpe (Rob, 19.4.), na okrogli mizi v tednu gozdov (22.5.) pa odprli vpra\u0161anja sobivanja z rjavim medvedom na obmo\u010dju od Turjaka do Kolpe.<\/p>\n<p>Metka Stari\u010d, vodja projekta<br \/>\n<a href=\"http:\/\/zavod-parnas.org\/viewpage.php?page_id=105\">MEDIJSKI ODZIVI<\/a><br \/>\n<b>Dostopna gradiva<\/b> (izdal Zavod Parnas)<br \/>\n<a href=\"http:\/\/zavod-parnas.org\/images\/news\/TRIMEDplakat.jpg\" target=\"_blank\" data-rel=\"lightbox-image-0\" data-rl_title=\"\" data-rl_caption=\"\" title=\"\"><img decoding=\"async\" src=\"\/images\/news\/TRIMEDplakat_a.jpg\" alt=\"\" \/><\/a><\/p>\n<p><a href=\"http:\/\/zavod-parnas.org\/images\/news\/TRIMEDzlozenka1.jpg\" target=\"_blank\" data-rel=\"lightbox-image-1\" data-rl_title=\"\" data-rl_caption=\"\" title=\"\"><img decoding=\"async\" src=\"\/images\/news\/TRIMEDzlozenka1a.jpg\" alt=\"\" \/><\/a> <a href=\"http:\/\/zavod-parnas.org\/images\/news\/TRIMEDzlozenka2.jpg\" target=\"_blank\" data-rel=\"lightbox-image-2\" data-rl_title=\"\" data-rl_caption=\"\" title=\"\"><img decoding=\"async\" src=\"\/images\/news\/TRIMEDzlozenka2a.jpg\" alt=\"\" \/><\/a><\/p>\n<p>Povezave na objavljene Parnasove aktivnosti:<br \/>\n<a href=\"http:\/\/zavod-parnas.org\/news.php?readmore=414\">1. TEMATSKI VE\u010cER Mo\u017enosti za opazovanje rjavega medveda v naravnem okolju &#8211; Zavod PARNAS<\/a><br \/>\n<a href=\"http:\/\/zavod-parnas.org\/viewpage.php?page_id=116\">2.TEMATSKI VE\u010cER &#8211; Rjavi medved v blagovnih znamkah in promociji &#8211; Zavod PARNAS<\/a><br \/>\n<a href=\"http:\/\/zavod-parnas.org\/news.php?readmore=431\">OKROGLA MIZA Kako sobivamo z rjavim medvedom na obmo\u010dju od Turjaka do Kolpe &#8211; Zavod PARNAS<\/a><br \/>\nPosnetek okrogle mize Kako sobivamo z rjavim medvedom na obmo\u010dju od Turjaka do Kolpe na www.zelnik.net<\/p>\n<p><b>Povezava na spletne vsebine Fotografskega dru\u0161tva Gr\u010da<\/b><\/p>\n<p><a href=\"http:\/\/www.fotodrustvo-grca.si\/medved.html\">Mednarodni razpis in E-KATALOG (fotogalerija sprejetih in nagrajenih fotografij) Fotografskega dru\u0161tva Gr\u010da <\/a><\/p>\n<p>Fotografije z razstav je FD Gr\u010da ob zaklju\u010dku projekta podarilo O\u0160 Lo\u0161ki Potok, kjer so oblikovali Medvedji koti\u010dek.<\/p>\n<p><b>5 novih turisti\u010dnih produktov, ki so nastali kot del rezultatov projekta TRIMED:<\/b><\/p>\n<p><b>rokodelska delavnica Medved v glini<\/b> (u\u010denci izdelajo magnete s podobo medveda oz. glinasti medvedji hranilnik), ciljna skupina: vrtec in 1.triada oz. 3. triada, trajanje 1 ura oz. 1,5 ure, cena: 4. oz. 5 EUR na osebo, izvaja <a href=\"http:\/\/www.rokodelskicenter-ribnica.si\/\" target=\"_blank\">RC Ribnica<\/a>.<\/p>\n<p><b>rokodelska delavnica Medved v lesu<\/b> (u\u010denci izdelajo leseno pi\u0161\u010dal iz leske oz. o\u017eigajo medvedovo taco na obesek za klju\u010de), ciljna skupina: 3. triada oz. 2.in 3.triada, trajanje: 1 ura, cena: 4 EUR, izvaja <a href=\"http:\/\/www.rokodelskicenter-ribnica.si\/\" target=\"_blank\">RC Ribnica<\/a>.<\/p>\n<p><b><a href=\"http:\/\/zavod-parnas.org\/viewpage.php?page_id=113\">fotografska delavnica Makro svet Mi\u0161je doline<\/a><\/b><b><\/b> &#8211; voden aktivni sprehod po Mi\u0161ji dolini v spremstvu fotografa s podajanjem osnov makrofotografije \u017eivljenjskega okolja rjavega medveda, ciljna skupina: individualni gostje, trajanje 3 ure, cena 35 EUR na osebo, izvaja Zavod Parnas http:\/\/zavod-parnas.org\/viewpage.php?page_id=113<\/p>\n<p><b><a href=\"http:\/\/zavod-parnas.org\/viewpage.php?page_id=117\" target=\"_blank\">Kjer je medved doma (3-4-dnevni paket za individualne goste)<\/a><\/b>, v program je vklju\u010dena enkratna dovolilnica za ogled medveda na pre\u017ei, bivanje v Planinskem domu Kure\u0161\u010dek, individualni program po predhodnem dogovoru z Zavodom Parnas, cena: na podlagi pripravljene ponudbe po dogovoru, izvaja Zavod Parnas (v sodelovanju z LD Mokrc in Gregor Klan\u010dar s.p. &#8211; Planinski dom Kure\u0161\u010dek).<\/p>\n<p><b>komplet 6 podstavkov za pod kozarce s fotografijo medveda<\/b> (uporabljene so fotografije, pridobljene v mednarodnem nate\u010daju FD Gr\u010da), cena: 4 EUR, ponudba: Zavod Parnas.<\/p>\n<p>Povezava na Youtube objavljene 3-minutne spote Zavoda za ekologijo Narava 2001 Podru\u017enica Ko\u010devje<br \/>\n<a href=\"http:\/\/www.youtube.com\/watch?v=zlkX1bM_iYU\" data-rel=\"lightbox-video-0\" target=\"_blank\"><img decoding=\"async\" src=\"\/images\/news\/TRIMEDspot1.jpg\" alt=\"\" \/><\/a><br \/>\n<b>Medved na\u0161 vsakdanji<\/b> (3 min) &#8211; prikazuje pojavljanje medveda v bli\u017eini naselij v ob\u010dini Velike La\u0161\u010de, pozitiven odziv doma\u010dinov in strpen odnos v smislu so\u017eitja, predstavi razloge za pojavljanje medvedov v bli\u017eini naselij.<\/p>\n<p><a href=\"http:\/\/www.youtube.com\/watch?v=QWlyH4KEpIY\" data-rel=\"lightbox-video-1\" target=\"_blank\"><img decoding=\"async\" src=\"\/images\/news\/TRIMEDspot2.jpg\" alt=\"\" \/><\/a><br \/>\n<b>Ustvarjeni za divjino, zaprti v kletkah<\/b> (3 min) &#8211; obravnava problematiko najdenih mladih medvedov v naravi in odraslih v ujetni\u0161tvu, i\u0161\u010de odgovore, ali je z medvedi v ujetni\u0161tvu mo\u010d ravnati humanej\u0161e, prika\u017ee pozitivne primere iz tujine ter mo\u017enosti za izbolj\u0161anje trenutnega stanja.<\/p>\n<p><a href=\"http:\/\/www.youtube.com\/watch?v=ikFhfB9kX9A\" data-rel=\"lightbox-video-2\" target=\"_blank\"><img decoding=\"async\" src=\"\/images\/news\/TRIMEDspot3.jpg\" alt=\"\" \/><\/a><br \/>\n<b>Medved, rjavi medved<\/b> (3 min) &#8211; prikazuje sobivanje \u010dloveka in medveda ter predstavi medveda kot ogro\u017eeno \u017eivalsko vrsto<\/p>\n<p><b>Izvedeni dogodki, medijske objave:<\/b><\/p>\n<p>20.2. Objavljen je<b> fotografski nate\u010daj MEDVED NA\u0160 VSAKDANJI<\/b> (FD Gr\u010da)<a href=\"http:\/\/zavod-parnas.org\/news.php?readmore=409\">Ve\u010d &#8230;<\/a><br \/>\n<a href=\"http:\/\/www.fotodrustvo-grca.si\/medved.html\" target=\"_blank\">Nate\u010daj na spletni strani FD Gr\u010da&#8230;<\/a><br \/>\n<a href=\"https:\/\/docs.google.com\/document\/pub?id=1Q5JRKBAWTqwJziDhIg53jRX7EXOvuH1s_fdWuRv8Pgk\" target=\"_blank\">Mednarodni fotografski nate\u010daj MEDVED NA\u0160 VSAKDANJI &#8211; SLO<\/a><br \/>\n<a href=\"https:\/\/docs.google.com\/document\/pub?id=1l__XnRPs0yLSMM6zqgSvE5zpNCPO1C2qTYyJ7t9DZxw\" target=\"_blank\">International Contest of Photography &#8211; The Slovenian Brown Bear &#8211; ENG<\/a><\/p>\n<p>21.2. NAJAVA DOGODKA: <a href=\"https:\/\/docs.google.com\/document\/pub?id=1_EPt1p1si3mmcm2lYAiWtgh4lrF4XvCWOgxvGzP3pO8\" target=\"_blank\">Poziv k sodelovanju na tematskem ve\u010deru MO\u017dNOSTI OPAZOVANJA MEDVEDOV V NARAVNEM OKOLJU NA OBMO\u010cJU OD TURJAKA DO KOLPE<\/a><\/p>\n<p>23.2. Objava: <b>\u0160ilc portal<\/b> <a href=\"http:\/\/www.silcportal.si\/novice\/slovenija\/mednarodni-fotografski-natecaj-medved-nas-vsakdanji\/\" target=\"_blank\">Mednarodni fotografski nate\u010daj &#8211; MEDVED na\u0161 vsakdanji<\/a><\/p>\n<p>23.2. Objava: <b>radio Zeleni val<\/b> <a href=\"http:\/\/www.zelenival.com\/index.php?option=com_content&amp;view=article&amp;id=2853:qmedved-na-vsakdanjiq&amp;catid=2:lokalno&amp;Itemid=7\" target=\"_blank\">Ve\u010d &#8230;<\/a><\/p>\n<p>29.2. Objava: <b>Trobla 2\/2012<\/b> Projekt Medved na\u0161 vsakdanji (Metka Stari\u010d)<\/p>\n<p>29.2. Objava: <a href=\"http:\/\/www.natura2000.gov.si\/index.php?id=180&amp;news_num=263\" target=\"_blank\">Bilten e-Natura 2000, \u0161t. 129 \/ februar 2012 &#8211; Medved na\u0161 vsakdanji <\/a><\/p>\n<p>3.3. Objava:<b>Delo<\/b> <a href=\"http:\/\/delo.si\/kultura\/razstave\/smo-prestolnica-medveda.html\" target=\"_blank\"> Smo prestolnica medveda<\/a> (Simona Fajfar)<br \/>\n4.3. Objava: <a href=\"http:\/\/www.silcportal.si\/novice\/velike-lasce-novice\/prestolnica-medveda\/\" target=\"_blank\">\u0160ilc portal (povzetek \u010dlanka Simone Fajfar) Prestolnica medveda<\/a><br \/>\n7.3. Objava: <b>www.zelnik.net<\/b> <a href=\"http:\/\/www.zelnik.net\/izobrazevanje\/88-poljudna-znanost\/1187-prestolnica-medveda\" target=\"_blank\">Zelnik (\u010dlanek iz Nedela)<\/a><\/p>\n<p>6.3. Objava:<b> Radio1<\/b> <a href=\"http:\/\/www.radio1.si\/strani\/Reg_Novice.aspx?RN=15278&amp;RNews=10\" target=\"_blank\"> Za\u017eivel projekt Medved na\u0161 vsakdanji<\/a><\/p>\n<p>6.3.DOGODEK: <b>1. tematski ve\u010der Mo\u017enosti opazovanja medvedov v naravnem okolju od Turjaka do Kolpe<\/b> &#8211; Zavod PARNAS v soorganizaciji z Javnim zavodom grad Sne\u017enik (TIC Lo\u017e)<br \/>\n<a href=\"http:\/\/zavod-parnas.org\/news.php?readmore=414\">Vabilo<\/a><br \/>\n<a href=\"http:\/\/zavod-parnas.org\/news.php?readmore=414\">Poro\u010dilo<\/a><\/p>\n<p>9.3. Objava: Pogovor o projektu Medved na\u0161 vsakdanji na radiu Univox od 10.45 do 11.30 &#8211; (gosta Janez Kone\u010dnik, prostovoljec Zavoda Parnas in Janez Pape\u017e, FD Gr\u010da)<\/p>\n<p>13.3. Objava: <a href=\"http:\/\/www.radio94.si\/novice\/3975\/\" target=\"_blank\">Napoved tematskega ve\u010dera na Radiu 94 (Janez Kone\u010dnik)<\/a><\/p>\n<p>14.3. Objava: <b>radio Zeleni val<\/b> <a href=\"http:\/\/www.zelenival.com\/index.php?option=com_content&amp;view=article&amp;id=2917:opazovanje-medveda-kot-turistina-ponudba&amp;catid=2:lokalno&amp;Itemid=7\" target=\"_blank\">Napoved tematskega ve\u010dera na radiu Zeleni val (novinarka Helena Okorn, Metka Stari\u010d) <\/a><\/p>\n<p>10.3. Objava: <a target=\"_blank\">KRO\u0160NJAR \u0161t.22 (str.7) Mednarodni fotografski nate\u010daj Medved na\u0161 vsakdanji<\/a><\/p>\n<p>18.3. Objava: <a target=\"_blank\">UTRIP &#8211; ribni\u0161ko-sodra\u0161ki del (str.4): mag. Andreja \u0160krabec: Medved na\u0161 vsakdanji (Rubrika Ljudje in dogodki)<\/a><\/p>\n<p>18.3. Objava: <a target=\"_blank\">UTRIP &#8211; ko\u010devski del: mag. Andreja \u0160krabec: Medved na\u0161 vsakdanji<\/a><\/p>\n<p>18.3. Objava: <b>www.zelnik.net<\/b><a href=\"http:\/\/www.zelnik.net\/o-zelniku\/projekti\/1320-okrogla-miza-sobivanje-z-rjavim-medvedom-v-zivo\" target=\"_blank\"> &#8211; Video-posnetek celotne okrogle mize Kako sobivamo z medvedom na obmo\u010dju od Turjaka do Kolpe<\/a><\/p>\n<p>18.4. Objava: TROBLA 3\/2012 2. tematski ve\u010der Rjavi medved v blagovnih znamkah in promociji<\/p>\n<p>22.4. Objava:<b> \u0160ilc portal<\/b> <a href=\"http:\/\/www.silcportal.si\/koledar-dogodkov\/zavod-parnas-vabi-na-tematski-vecer-rjavi-medved-v-blagovnih-znamkah-in-promociji\/\" target=\"_blank\">Zavod PARNAS vabi na tematski ve\u010der: Rjavi medved v blagovnih znamkah in promociji<\/a><\/p>\n<p>24.4. DOGODEK: <b>2. tematski ve\u010der Rjavi medved v blagovnih znamkah in promociji obmo\u010dja LAS Po poteh dedi\u0161\u010dine od Idrijce do Kolpe<\/b> &#8211; ZAvod Parnas (Parnas center Rob)<br \/>\n<a href=\"http:\/\/zavod-parnas.org\/news.php?readmore=421\">Vabilo<\/a><\/p>\n<p>28.4. Objava: R-kanal (R-tednik): Rokodelska delavnica Medved na\u0161 vsakdanji<\/p>\n<p>22.5. DOGODEK: <b>Otvoritev razstave Medved na\u0161 vsakdanji v Ko\u010devju &#8211; FD Gr\u010da<\/b> (Turisti\u010dni center Jezero, Ko\u010devje)<br \/>\n<a href=\"http:\/\/www.fotodrustvo-grca.si\/medved.html\" target=\"_blank\">Rezultati z mednarodnega nate\u010daja<\/a><\/p>\n<p>22.5. DOGODEK: <b>OKROGLA MIZA Kako sobivamo z rjavim medvedom na obmo\u010dju od Turjaka do Kolpe &#8211; Zavod Parnas in ob\u010dina Ko\u010devje<\/b> (Turisti\u010dni center Jezero, Ko\u010devje)<br \/>\n<a href=\"http:\/\/zavod-parnas.org\/news.php?readmore=431\">Vabilo<\/a><\/p>\n<p>23.5. Objava: <b>radio Zeleni val<\/b> <a href=\"http:\/\/www.zelenival.com\/index.php?option=com_content&amp;view=category&amp;layout=blog&amp;id=2&amp;Itemid=7&amp;limitstart=8\" target=\"_blank\">Drevi na okrogli mizi o sobivanju z medvedom (novinarka Helena Okorn) <\/a><\/p>\n<p>23.5. Objava:<b> radio Zeleni val <\/b> <a href=\"http:\/\/www.zelenival.com\/index.php?option=com_content&amp;view=article&amp;id=3086:v-koevju-so-se-spraevali-ali-je-mogoe-iveti-z-medvedom&amp;catid=2:lokalno&amp;Itemid=7\" target=\"_blank\">Poro\u010dilo z okrogle mize na radiu Zeleni val (novinarka Helena Okorn, Metka Stari\u010d) <\/a><\/p>\n<p>23.5. Objava: <b>TVSLO<\/b> <a href=\"http:\/\/tvslo.si\/predvajaj\/slovenska-kronika\/ava2.137119040\/\" target=\"_blank\">Predstavitev aktivnosti okrogle mize in fotografske razstave Leader projekta Medved na\u0161 vsakdanji <b>v Slovenski kroniki<\/b> RTVSLO (pri\u010detek prispevka na 12:45) <\/a><\/p>\n<p>23.5. Objava: <b>TVSLO<\/b> <a href=\"http:\/\/tvslo.si\/predvajaj\/dobro-jutro-3-del\/ava2.137101605\/\" target=\"_blank\">Predstavitev Leader projekta Medved na\u0161 vsakdanji &#8211; gostja mag. Andreja \u0160krabec, prostovoljka pri projektu <b>v oddaji Dobro jutro<\/b> (pri\u010detek prispevka na 32:10) <\/a><\/p>\n<p>23.5. Objava: <b>Delo<\/b> <a href=\"http:\/\/www.delo.si\/novice\/kronika\/medvedka-napadla-sprehajalko.html\" target=\"_blank\"> Simona Fajfar: Medvedka napadla sprehajalko <\/a><\/p>\n<p>24.5. Objava: <b>Dnevnik <\/b><a href=\"http:\/\/www.dnevnik.si\/novice\/slovenija\/1042531531\" target=\"_blank\">Bori Grabovac Morse: Medvede bi deportiral v Ko\u010devski Rog <\/a><\/p>\n<p>25.5. Objava: <b>Delo<\/b> <a href=\"http:\/\/www.delo.si\/novice\/slovenija\/z-medvedi-tezave-odkar-o-njih-odloca-eu.html\" target=\"_blank\">Simona Fajfar: Z medvedi te\u017eave, odkar o njih odlo\u010da EU (povzetki izjav vzeti z okrogle mize, 22.5. v Ko\u010devju <\/a><\/p>\n<p>25.5. Objava: <b>Radio1<\/b> <a href=\"http:\/\/www.radio1.si\/strani\/Reg_Novice.aspx?RN=16434&amp;RNews=10\" target=\"_blank\"> Medved na\u0161 vsakdanji &#8211; \u010clovek premalo poskrbi, da ne pride z njimi v konflikt? <\/a><\/p>\n<p>28.5. Objava: <b>Radio1<\/b> <a href=\"http:\/\/www.radio1.si\/strani\/Reg_Novice.aspx?RN=16467&amp;RNews=10\" target=\"_blank\"> V Velikih La\u0161\u010dah &#8211; Medved tudi med gasilci? <\/a> (Izjava velikola\u0161ke ravnateljice Metode Kolar z okrogle mize)<\/p>\n<p>31.5. Objava: <b>Dolenjski list<\/b>Okrogla miza o medvedu: Je pomembnej\u0161i \u010dlovek ali medved?<\/p>\n<p>maj2012 Objava: Kro\u0161njar; DAn Zemlje v Rokodelskem centru posve\u010den medvedu (Tina Zajc)<\/p>\n<p>10.6. Objava: Radio Univox, Oddaja No\u010dni gost: Pogovor z dr. Bo\u017eidarjem Flaj\u0161manom<\/p>\n<p>12.6. Objava: Jana \u0161t. 24 Najbolj\u0161a fotografija medveda<\/p>\n<p>junij 2012 Objava: Planinski vestnik 6\/12 Medved na\u0161 vsakdanji &#8211; Trud za so\u017eitje \u010dloveka in kosmatinca (Andreja \u0160krabec)<\/p>\n<p>junij 2012 Objava: Lovec 6\/12 Leaderjev projekt Medved na\u0161 vsakdanji (Andreja \u0160krabec)<\/p>\n<p>junij 2012 Objava: Polet Medved je kralj gozda (Janez Kone\u010dnik)<\/p>\n<p>11.7. Objava: Trobla 5\/12 str. 52 Medved na\u0161 vsakdanji (Metka Stari\u010d)<\/p>\n<p>14.8. Objava: Radio Univox, O medvedu<\/p>\n<p>____________________________________________________________________<br \/>\n<b>Zanimive povezave:\u00a0<\/b><a href=\"http:\/\/www.medvedi.si\/\" target=\"_blank\">Ve\u010d o medvedih v Sloveniji &#8211; medvedi.si<\/a><\/p>\n<p><img decoding=\"async\" src=\"\/images\/news\/leader_glava.jpg\" alt=\"\" \/><\/p>\n<p><img decoding=\"async\" style=\"float: left;\" src=\"\/images\/news\/leaderMEDO_noga.jpg\" alt=\"\" \/><br \/>\n*Ta spletna stran ni del projekta, saj vsebine vzdr\u017eevanja spletne strani in promocije v 2. fazi projekta TRIMED niso bile odobrene s strani Ministrstva za kmetijstvo in okolje.<\/p>\n","protected":false},"excerpt":{"rendered":"<p>Projekt MEDVED NA\u0160 VSAKDANJI (TRIMED) 2012 Naslov projekta:\u00a0Medved na\u0161 vsakdanji Prijavitelj: Parnas, zavod za kulturo in turizem Velike La\u0161\u010de Projektni [&hellip;]<\/p>\n","protected":false},"author":2,"featured_media":0,"parent":641,"menu_order":0,"comment_status":"open","ping_status":"closed","template":"","meta":{"site-sidebar-layout":"default","site-content-layout":"","ast-site-content-layout":"default","site-content-style":"default","site-sidebar-style":"default","ast-global-header-display":"","ast-banner-title-visibility":"","ast-main-header-display":"","ast-hfb-above-header-display":"","ast-hfb-below-header-display":"","ast-hfb-mobile-header-display":"","site-post-title":"","ast-breadcrumbs-content":"","ast-featured-img":"","footer-sml-layout":"","theme-transparent-header-meta":"","adv-header-id-meta":"","stick-header-meta":"","header-above-stick-meta":"","header-main-stick-meta":"","header-below-stick-meta":"","astra-migrate-meta-layouts":"default","ast-page-background-enabled":"default","ast-page-background-meta":{"desktop":{"background-color":"var(--ast-global-color-5)","background-image":"","background-repeat":"repeat","background-position":"center center","background-size":"auto","background-attachment":"scroll","background-type":"","background-media":"","overlay-type":"","overlay-color":"","overlay-opacity":"","overlay-gradient":""},"tablet":{"background-color":"","background-image":"","background-repeat":"repeat","background-position":"center center","background-size":"auto","background-attachment":"scroll","background-type":"","background-media":"","overlay-type":"","overlay-color":"","overlay-opacity":"","overlay-gradient":""},"mobile":{"background-color":"","background-image":"","background-repeat":"repeat","background-position":"center center","background-size":"auto","background-attachment":"scroll","background-type":"","background-media":"","overlay-type":"","overlay-color":"","overlay-opacity":"","overlay-gradient":""}},"ast-content-background-meta":{"desktop":{"background-color":"var(--ast-global-color-4)","background-image":"","background-repeat":"repeat","background-position":"center center","background-size":"auto","background-attachment":"scroll","background-type":"","background-media":"","overlay-type":"","overlay-color":"","overlay-opacity":"","overlay-gradient":""},"tablet":{"background-color":"var(--ast-global-color-4)","background-image":"","background-repeat":"repeat","background-position":"center center","background-size":"auto","background-attachment":"scroll","background-type":"","background-media":"","overlay-type":"","overlay-color":"","overlay-opacity":"","overlay-gradient":""},"mobile":{"background-color":"var(--ast-global-color-4)","background-image":"","background-repeat":"repeat","background-position":"center center","background-size":"auto","background-attachment":"scroll","background-type":"","background-media":"","overlay-type":"","overlay-color":"","overlay-opacity":"","overlay-gradient":""}},"footnotes":""},"class_list":["post-624","page","type-page","status-publish","hentry"],"_links":{"self":[{"href":"https:\/\/zavod-parnas.org\/w\/wp-json\/wp\/v2\/pages\/624","targetHints":{"allow":["GET"]}}],"collection":[{"href":"https:\/\/zavod-parnas.org\/w\/wp-json\/wp\/v2\/pages"}],"about":[{"href":"https:\/\/zavod-parnas.org\/w\/wp-json\/wp\/v2\/types\/page"}],"author":[{"embeddable":true,"href":"https:\/\/zavod-parnas.org\/w\/wp-json\/wp\/v2\/users\/2"}],"replies":[{"embeddable":true,"href":"https:\/\/zavod-parnas.org\/w\/wp-json\/wp\/v2\/comments?post=624"}],"version-history":[{"count":2,"href":"https:\/\/zavod-parnas.org\/w\/wp-json\/wp\/v2\/pages\/624\/revisions"}],"predecessor-version":[{"id":950,"href":"https:\/\/zavod-parnas.org\/w\/wp-json\/wp\/v2\/pages\/624\/revisions\/950"}],"up":[{"embeddable":true,"href":"https:\/\/zavod-parnas.org\/w\/wp-json\/wp\/v2\/pages\/641"}],"wp:attachment":[{"href":"https:\/\/zavod-parnas.org\/w\/wp-json\/wp\/v2\/media?parent=624"}],"curies":[{"name":"wp","href":"https:\/\/api.w.org\/{rel}","templated":true}]}}