{"id":612,"date":"2016-03-19T10:09:19","date_gmt":"2016-03-19T09:09:19","guid":{"rendered":"http:\/\/zavod-parnas.org\/w\/?page_id=612"},"modified":"2026-03-05T12:08:33","modified_gmt":"2026-03-05T11:08:33","slug":"zavod-parnas-zaposleni-in-prostovoljci","status":"publish","type":"page","link":"https:\/\/zavod-parnas.org\/w\/zavod-parnas-zaposleni-in-prostovoljci\/","title":{"rendered":"Zavod Parnas &#8211; kdo smo?"},"content":{"rendered":"\n<p>Zavod PARNAS je <strong>zasebni zavod, nevladna in neprofitna organizacija<\/strong>, ki deluje <strong>v javnem interesu na podro\u010dju kulture &#8211; varstva kulturne dedi\u0161\u010dine. <\/strong>Delujemo tudi na podro\u010djih varstva narave ter razvoja pode\u017eelja.<\/p>\n\n\n\n<p>Zavod Parnas ima sede\u017e na pode\u017eelju v Osrednji Sloveniji, v vasi Gornje Retje v ob\u010dini Velike La\u0161\u010de. Programe za skupine \u017ee 25 let izvajamo na Trubarjevi doma\u010diji na Ra\u0161ici &#8211; v sodelovanju z Ob\u010dino Velike La\u0161\u010de in Javnim zavodom Trubarjevi kraji, po slovenskih \u0161olah, knji\u017enicah in drugod.<br>Na\u0161e vodilo: Dedi\u0161\u010dina kot navdih &#8230;<\/p>\n\n\n\n<p><a href=\"https:\/\/zavod-parnas.org\/w\/obrazi-nevladnikov-metka-staric\/\">Obrazi nevladnikov: Metka Stari\u010d<\/a> (dnevnik.si &#8211; 4.3.2024)<\/p>\n\n\n\n<h3 class=\"wp-block-heading\"><strong>POSLANSTVO<\/strong><\/h3>\n\n\n\n<p>S sodelovanjem v dedi\u0161\u010dinski skupnosti oblikujemo tr\u017eno zanimive storitve interpretacije dedi\u0161\u010dine, dedi\u0161\u010dino prepoznavamo kot razvojno prilo\u017enost.<\/p>\n\n\n\n<h3 class=\"wp-block-heading\"><strong>VIZIJA<\/strong><\/h3>\n\n\n\n<p>Smo prepoznavna dedi\u0161\u010dinska skupnost na evropskem nivoju.<\/p>\n\n\n\n<figure class=\"wp-block-image size-full\"><img decoding=\"async\" width=\"320\" height=\"132\" src=\"http:\/\/zavod-parnas.org\/w\/wp-content\/uploads\/2023\/01\/logo-parnas-bel-dolg1.png\" alt=\"\" class=\"wp-image-9188\" srcset=\"https:\/\/zavod-parnas.org\/w\/wp-content\/uploads\/2023\/01\/logo-parnas-bel-dolg1.png 320w, https:\/\/zavod-parnas.org\/w\/wp-content\/uploads\/2023\/01\/logo-parnas-bel-dolg1-300x124.png 300w, https:\/\/zavod-parnas.org\/w\/wp-content\/uploads\/2023\/01\/logo-parnas-bel-dolg1-252x104.png 252w\" sizes=\"(max-width: 320px) 100vw, 320px\" \/><\/figure>\n\n\n\n<h3 class=\"wp-block-heading\"><strong>BLAGOVNA ZNAMKA PARNAS<\/strong><\/h3>\n\n\n\n<p>V blagovno znamko PARNAS sodijo na\u0161i avtorski izobra\u017eevalni programi, ki jih izvajamo \u017ee 25 let, ter drugi izbrani produkti in storitve, ki jih zagotavljamo skupaj z odli\u010dnimi sodelavci na podro\u010dju varstva kulturne dedi\u0161\u010dine, turizma na pode\u017eelju in trajnostnega razvoja pode\u017eelja.<\/p>\n\n\n\n<p>\u0160tevilka registracije pri Uradu za intelektualno lastnino: 202170163<\/p>\n\n\n\n<h3 class=\"wp-block-heading\"><strong>ORGANIZACIJSKA STRUKTURA&nbsp;<\/strong><\/h3>\n\n\n\n<p>Za delovanje zavoda je odgovoren <strong>direktor<\/strong>. Zavod Parnas upravlja<strong> Svet zavoda<\/strong>, ki deluje tudi kot strokovni organ, vodi ga predsednik in ima \u0161e dva \u010dlana. Eden je zastopnik zaposlenih, drugi zastopa OE Mladi Parnas. Poslanstvo uresni\u010dujemo s pomo\u010djo zunanjih sodelavcev na projektih in v sodelovanju s Parnasovimi prostovoljci.<\/p>\n\n\n\n<figure class=\"wp-block-gallery has-nested-images columns-default is-cropped wp-block-gallery-1 is-layout-flex wp-block-gallery-is-layout-flex\">\n<figure class=\"wp-block-image size-large\"><img fetchpriority=\"high\" decoding=\"async\" width=\"630\" height=\"816\" data-id=\"12670\" src=\"https:\/\/zavod-parnas.org\/w\/wp-content\/uploads\/2026\/03\/Jure-Staric-direktor-630x816.jpg\" alt=\"\" class=\"wp-image-12670\" srcset=\"https:\/\/zavod-parnas.org\/w\/wp-content\/uploads\/2026\/03\/Jure-Staric-direktor-630x816.jpg 630w, https:\/\/zavod-parnas.org\/w\/wp-content\/uploads\/2026\/03\/Jure-Staric-direktor-232x300.jpg 232w, https:\/\/zavod-parnas.org\/w\/wp-content\/uploads\/2026\/03\/Jure-Staric-direktor-252x326.jpg 252w, https:\/\/zavod-parnas.org\/w\/wp-content\/uploads\/2026\/03\/Jure-Staric-direktor.jpg 1179w\" sizes=\"(max-width: 630px) 100vw, 630px\" \/><figcaption class=\"wp-element-caption\">Jure Stari\u010d, direktor Zavoda PARNAS, prostovoljec<\/figcaption><\/figure>\n\n\n\n<figure class=\"wp-block-image size-large\"><img decoding=\"async\" width=\"630\" height=\"1068\" data-id=\"12671\" src=\"https:\/\/zavod-parnas.org\/w\/wp-content\/uploads\/2026\/03\/Joze-Staric-predsednik-Sveta-zavoda-630x1068.jpg\" alt=\"\" class=\"wp-image-12671\" srcset=\"https:\/\/zavod-parnas.org\/w\/wp-content\/uploads\/2026\/03\/Joze-Staric-predsednik-Sveta-zavoda-630x1068.jpg 630w, https:\/\/zavod-parnas.org\/w\/wp-content\/uploads\/2026\/03\/Joze-Staric-predsednik-Sveta-zavoda-177x300.jpg 177w, https:\/\/zavod-parnas.org\/w\/wp-content\/uploads\/2026\/03\/Joze-Staric-predsednik-Sveta-zavoda-252x427.jpg 252w, https:\/\/zavod-parnas.org\/w\/wp-content\/uploads\/2026\/03\/Joze-Staric-predsednik-Sveta-zavoda.jpg 679w\" sizes=\"(max-width: 630px) 100vw, 630px\" \/><figcaption class=\"wp-element-caption\">Jo\u017ee Stari\u010d, predsednik Sveta zavoda, prostovoljec<\/figcaption><\/figure>\n\n\n\n<figure class=\"wp-block-image size-large\"><img loading=\"lazy\" decoding=\"async\" width=\"630\" height=\"798\" data-id=\"12668\" src=\"https:\/\/zavod-parnas.org\/w\/wp-content\/uploads\/2026\/03\/Metka-Staric-skrbnica-vsebin-in-promocije-programov-630x798.jpg\" alt=\"\" class=\"wp-image-12668\" srcset=\"https:\/\/zavod-parnas.org\/w\/wp-content\/uploads\/2026\/03\/Metka-Staric-skrbnica-vsebin-in-promocije-programov-630x798.jpg 630w, https:\/\/zavod-parnas.org\/w\/wp-content\/uploads\/2026\/03\/Metka-Staric-skrbnica-vsebin-in-promocije-programov-237x300.jpg 237w, https:\/\/zavod-parnas.org\/w\/wp-content\/uploads\/2026\/03\/Metka-Staric-skrbnica-vsebin-in-promocije-programov-252x319.jpg 252w, https:\/\/zavod-parnas.org\/w\/wp-content\/uploads\/2026\/03\/Metka-Staric-skrbnica-vsebin-in-promocije-programov.jpg 782w\" sizes=\"(max-width: 630px) 100vw, 630px\" \/><figcaption class=\"wp-element-caption\">Metka Stari\u010d, zaposlena <br>skrbnica vsebin in promocije programov<\/figcaption><\/figure>\n\n\n\n<figure class=\"wp-block-image size-large\"><img loading=\"lazy\" decoding=\"async\" width=\"630\" height=\"893\" data-id=\"12667\" src=\"https:\/\/zavod-parnas.org\/w\/wp-content\/uploads\/2026\/03\/Tine-Staric-OE-Mladi-Parnas-630x893.jpg\" alt=\"Tine Stari\u010d, OE Mladi Parnas, prostovoljec\" class=\"wp-image-12667\" srcset=\"https:\/\/zavod-parnas.org\/w\/wp-content\/uploads\/2026\/03\/Tine-Staric-OE-Mladi-Parnas-630x893.jpg 630w, https:\/\/zavod-parnas.org\/w\/wp-content\/uploads\/2026\/03\/Tine-Staric-OE-Mladi-Parnas-212x300.jpg 212w, https:\/\/zavod-parnas.org\/w\/wp-content\/uploads\/2026\/03\/Tine-Staric-OE-Mladi-Parnas-252x357.jpg 252w, https:\/\/zavod-parnas.org\/w\/wp-content\/uploads\/2026\/03\/Tine-Staric-OE-Mladi-Parnas.jpg 680w\" sizes=\"(max-width: 630px) 100vw, 630px\" \/><figcaption class=\"wp-element-caption\">Tine Stari\u010d, OE Mladi Parnas, prostovoljec<\/figcaption><\/figure>\n\n\n\n<figure class=\"wp-block-image size-large\"><img loading=\"lazy\" decoding=\"async\" width=\"630\" height=\"830\" data-id=\"12669\" src=\"https:\/\/zavod-parnas.org\/w\/wp-content\/uploads\/2026\/03\/Iva-Jana-Jakic-OE-Poprtnik-Golo-630x830.jpg\" alt=\"Iva Jana Jaki\u010d, OE Poprtnik Golo, prostovoljka\n\" class=\"wp-image-12669\" srcset=\"https:\/\/zavod-parnas.org\/w\/wp-content\/uploads\/2026\/03\/Iva-Jana-Jakic-OE-Poprtnik-Golo-630x830.jpg 630w, https:\/\/zavod-parnas.org\/w\/wp-content\/uploads\/2026\/03\/Iva-Jana-Jakic-OE-Poprtnik-Golo-228x300.jpg 228w, https:\/\/zavod-parnas.org\/w\/wp-content\/uploads\/2026\/03\/Iva-Jana-Jakic-OE-Poprtnik-Golo-252x332.jpg 252w, https:\/\/zavod-parnas.org\/w\/wp-content\/uploads\/2026\/03\/Iva-Jana-Jakic-OE-Poprtnik-Golo.jpg 972w\" sizes=\"(max-width: 630px) 100vw, 630px\" \/><figcaption class=\"wp-element-caption\">Iva Jana Jaki\u010d, OE Poprtnik Golo, prostovoljka<\/figcaption><\/figure>\n\n\n\n<figure class=\"wp-block-image size-large\"><img loading=\"lazy\" decoding=\"async\" width=\"630\" height=\"937\" data-id=\"12666\" src=\"https:\/\/zavod-parnas.org\/w\/wp-content\/uploads\/2026\/03\/izobrazevanje-Parnas-630x937.jpg\" alt=\"\" class=\"wp-image-12666\" srcset=\"https:\/\/zavod-parnas.org\/w\/wp-content\/uploads\/2026\/03\/izobrazevanje-Parnas-630x937.jpg 630w, https:\/\/zavod-parnas.org\/w\/wp-content\/uploads\/2026\/03\/izobrazevanje-Parnas-202x300.jpg 202w, https:\/\/zavod-parnas.org\/w\/wp-content\/uploads\/2026\/03\/izobrazevanje-Parnas-252x375.jpg 252w, https:\/\/zavod-parnas.org\/w\/wp-content\/uploads\/2026\/03\/izobrazevanje-Parnas.jpg 861w\" sizes=\"(max-width: 630px) 100vw, 630px\" \/><figcaption class=\"wp-element-caption\">Ekipa Parnasovih prostovoljcev in sodelavcev na team buildingu z Aleksandro Dzier\u017eavsko <\/figcaption><\/figure>\n<\/figure>\n\n\n\n<p>Delo direktorja od 2018 dalje opravlja <strong>Jure Stari\u010d.<\/strong> Odgovoren je za zakonito in strokovno delovanje zavoda. Deluje kot prostovoljec. <br>Predsednik Sveta zavoda je <strong>Jo\u017ee Stari\u010d<\/strong>, ki je tudi predstavnik ustanoviteljev. Pri vseh vsebinah v zavodu deluje kot prostovoljec.<br>V Svetu zavoda  zaposlene zastopa <strong>Metka Stari\u010d,<\/strong> ki je v Zavodu Parnas zaposlena na <strong>delovnem mestu skrbnice vsebin in promocije programov<\/strong>. Deluje tudi kot strokovni vodja zavoda. <br>OE Mladi Parnas zastopa <strong>Tine Stari\u010d<\/strong>, ki deluje kot prostovoljec. Aktivira mlade kot prostovoljce oz. pogodbene sodelavce v sodelovanju s strokovno vodjo zavoda. <br>OE Poprtnik Golo zastopa <strong>Ivanka Jana Jaki\u010d<\/strong>, ki deluje kot prostovoljka. Pokriva vsebine ohranjanja poprtnika na Golem in v \u0160krilju in sodeluje pri vseh ostalih vsebinah delovanja dedi\u0161\u010dinske skupnosti poprtnika.<\/p>\n\n\n\n<p><br>V Zavodu Parnas je ena redno zaposlena oseba: <strong>Metka Stari\u010d<\/strong> na del. mestu <strong>skrbnice vsebin in promocije programov<\/strong>. Pri izvajanju nalog vklju\u010dujemo zunanje sodelavce (MILI fotografija <strong>Milena Vintar <\/strong>s.p., <strong>Vladimir Tekavec <\/strong>dopolnilna dejavnost na kmetiji), kmetija <strong>Mouse Valley Ranch,<\/strong>  in <strong>ve\u010d<\/strong> <strong>\u0161tudentov <\/strong>(Janu\u0161 Marin\u010dek, Eva Pe\u010dnik, Nina Klavs, Tia Kujavec in drugi).<\/p>\n\n\n\n<h3 class=\"wp-block-heading\">PROSTOVOLJSKA ORGANIZACIJA<\/h3>\n\n\n\n<p>Zavod PARNAS je pri Ajpes-u evidentiran kot prostovoljska organizacija, s prostovoljci imamo sklenjene pogodbe o prostovoljstvu oz. ustne dogovore.<\/p>\n\n\n\n<p><strong>Parnasovi prostovoljci<\/strong> (ok. 40-60 na leto) aktivno sodelujejo pri ohranjaju kulturne dedi\u0161\u010dine in se vklju\u010dujejo v medgeneracijske projekte.<br><strong><a href=\"https:\/\/zavod-parnas.org\/w\/poprtnik\/\">OE Priprava poprtnikov<\/a><\/strong> povezuje prostovoljce \/ kontaktne osebe ve\u010dine nosilcev izro\u010dila priprave poprtnika, ki so evidentirane pri Ministrstvu za kulturo. Povezuje nas (\u010dezmejni) Festival bo\u017ei\u010dnega kruha. OE zastopa Metka Stari\u010d.<br><strong>OE Poprtnik Golo<\/strong> &#8211; povezuje aktivnosti ohranjanja poprtnika na Golem. OE zastopa Ivanka Jana Jaki\u010d.<br><a href=\"https:\/\/zavod-parnas.org\/w\/mladi-parnas\/\"><strong>OE Mladi Parnas <\/strong><\/a>zdru\u017euje mlade iz lokalnega okolja kot&nbsp; prostovoljce (pa tudi kot zunanje sodelavce) pri Parnasovih projektih. OE zastopa Tine Stari\u010d.<\/p>\n\n\n\n<h3 class=\"wp-block-heading\">DEDI\u0160\u010cINSKA SKUPNOST<\/h3>\n\n\n\n<p><strong>Dedi\u0161\u010dinska skupnost Parnas<\/strong> je v svojem naj\u0161ir\u0161em smislu prepoznana kot dobra praksa na ravni EVROPE, in je <a href=\"https:\/\/zavod-parnas.org\/w\/heritage-community-parnas\/\">del Evropske dedi\u0161\u010dinske strategije za 21. stoletje<\/a> pri Svetu Evrope.<\/p>\n\n\n\n<p><strong>Dedi\u0161\u010dinska skupnost priprave poprtnikov <\/strong>skrbi za ohranjanje&nbsp; <a href=\"http:\/\/zavod-parnas.org\/w\/poprtnik\/\">nesnovne dedi\u0161\u010dine priprave poprtnikov<\/a> v Sloveniji. Sodelujemo s Koordinatorjem nesnovne kulturne dedi\u0161\u010dine (SEM), s predstavniki nosilcev dedi\u0161\u010dine priprave poprtnikov, ki delujejo kot na\u0161i prostovoljci in z drugimi dele\u017eniki: izobra\u017eevalne organizacije, ob\u010dine, idr.<\/p>\n\n\n\n<h3 class=\"wp-block-heading\"><strong>POVEZOVANJE<\/strong><\/h3>\n\n\n\n<p>Smo \u010dlani vsebinske mre\u017ee <a href=\"https:\/\/www.prostovoljstvo.org\/\">prostovoljstvo.org<\/a> (Slovenska Filantropija) in mre\u017ee nevladnih organizacij Slovenije <a href=\"https:\/\/www.cnvos.si\/\">CNVOS<\/a>.<br>Zavod Parnas je \u010dlan Lokalne akcijske skupine Po poteh dedi\u0161\u010dine od Turjaka do Kolpe &#8211; <a href=\"https:\/\/las-ppd.si\/\">LAS PPD<\/a>. Metka Stari\u010d je podpredsednica LAS PPD. <br>Zavod je konzorcijski partner \u010dezmejne mre\u017ee <a href=\"http:\/\/www.si-hr.eu\/si2\/2019\/06\/10\/ustanovljen-mednarodni-konzorcij-partnerstva-za-ohranjanje-in-ozivljanje-obrambnega-sistema-claustra\/\"><strong>CLAUSTRA<\/strong><\/a>, Metka Stari\u010d pa je \u010dlanica upravnega odbora konzorcija Claustra.<br>Zavod je \u010dlan <strong>Turisti\u010dne zveze Slovenije<\/strong> in <strong>Regijske turisti\u010dne zveze Dolenjske in Bele krajine<\/strong>. <\/p>\n\n\n\n<h3 class=\"wp-block-heading\"><strong>ODMEVNEJ\u0160E NAGRADE<\/strong><\/h3>\n\n\n\n<p>Zavod Parnas je prejel <strong>slovensko nagrado Natura 2000<\/strong> za leto 2024 v kategoriji sodelovanje. (Ra\u0161ica, 27. 11. 2024)<br>Prijavo &#8220;Zavod Parnas \u2013 protagonist sodelovanja za ohranjanje biodiverzitete za trajnostni razvoj na obmo\u010dju Natura 2000 Mi\u0161ja dolina&#8221; je oddal Zavod Republike Slovenije za varstvo narave, ki je z Zavodom Parnas sodeloval pri projektu Mala barja \u2013 Marja. Projekt se je osredoto\u010dal na izbolj\u0161anje stanja bazi\u010dnih ni\u017einskih in prehodnih barij v osrednji Sloveniji in na Gorenjskem. Slovenska nagrada Natura 2000 je organizirana po vzoru evropske nagrade v LIFE integriranem projektu za okrepljeno upravljanje Nature 2000 (Ministrstvo RS za naravne vire in prostor).<\/p>\n\n\n\n<h3 class=\"wp-block-heading\">KJE NAS NAJDETE?<\/h3>\n\n\n\n<p>Sede\u017e zavoda: <strong>Gornje Retje 3, 1315 Velike La\u0161\u010de&nbsp;<\/strong><\/p>\n\n\n\n<p>Prostori delovanja &#8211; po predhodnem dogovoru:<br><strong>Trubarjeva doma\u010dija, Ra\u0161ica 69, 1315 Velike La\u0161\u010de <\/strong>(po pogodbi in dogovoru z Ob\u010dino Velike La\u0161\u010de in Javnim zavodom Trubarjevi kraji):<strong>&#8211; Knjigove\u0161ke delavnice<\/strong> (galerija Skedenj, Trubarjeva \u010ditalnica &#8211; ali na va\u0161i \u0161oli &#8211; po dogovoru)<br><strong>&#8211; Interpretacijski center MI\u0160JA DOLINA <\/strong>(TIC Kozolec na Trubarjevi doma\u010diji &#8211; po dogovoru), kot izhodi\u0161\u010de <strong>Poti modrega ble\u0161\u010davca<\/strong>.<\/p>\n\n\n\n<p>Upravljamo z <strong>Geolo\u0161ko potjo v Kobilji curek<\/strong>.<br>V sodelovanju z JZTK in Ob\u010dino Velike La\u0161\u010de \u017ee 25 let zagotavljamo izobra\u017eevalne vsebine na <strong>Trubarjevi doma\u010diji.<\/strong><br>V sodelovanju z ZRSVN in JZTK zagotavljamo vsebine na <strong>Poti modrega ble\u0161\u010davca<\/strong> in v <strong>interpretacijskem centru Mi\u0161ja dolina<\/strong> na Trubarjevi doma\u010diji.<\/p>\n\n\n\n<p><strong>Metka Stari\u010d, vodja projektov, <\/strong>je kot predstavnica Zavoda Parnas:<br>&#8211; podpredsednica LAS PPD v programskem obdobju 2021-2027<br>&#8211; \u010dlanica Upravnega odbora LAS PPD, v katerem zastopa nevladni sektor,<br>&#8211; \u010dlanica Upravnega odbora slovensko-hrva\u0161kega konzorcija CLAUSTRA.<\/p>\n\n\n\n<p>O na\u0161ih dejavnostih vas obve\u0161\u010damo <strong><a href=\"http:\/\/zavod-parnas.org\">&nbsp;na spletni strani, <\/a><a href=\"https:\/\/www.facebook.com\/zavodparnas\/\">FB in IG Zavod Parnas ,<\/a>&nbsp;<a href=\"https:\/\/www.instagram.com\/poprtnik\/\">IG Poprtnik<\/a> <\/strong>(ureja Metka Stari\u010d),<strong> FB Poprtnik<\/strong> (ureja Beti Lunder)<strong>,<\/strong>&nbsp;<strong>FB in IG Mi\u0161ja dolina (<\/strong>ureja Ur\u0161ka Hren).<\/p>\n\n\n\n<p>Lahko se pove\u017eete z nami preko <strong>telefona, navadne ali e-po\u0161te.&nbsp;<\/strong><\/p>\n\n\n<\/p>\n<h3>KAKO NAS LAHKO PODPRETE?<\/h3>\n<p>Lahko se udele\u017eujete na\u0161ih dogodkov,<br \/>sodelujete pri projektih,<br \/>\u0161irite dober glas &#8211; oglasite se nam!<\/p>\n<p>Na\u0161e aktivnosti lahko podprete tudi preko<br \/><strong>sponzorstva, <\/strong><br \/><strong>donacij,<\/strong><br \/>lahko nam namenite 1 % dohodnine.<br \/><iframe id=\"enprocent_iframe\" style=\"max-width: 100%;\" src=\"https:\/\/www.cnvos.si\/enprocent\/embed\/v2\/?address=GORNJE%20RETJE%203&amp;city=Velike%20La%C5%A1%C4%8De&amp;name=PARNAS%20ZAVOD%20ZA%20KULTURO%20IN%20TURIZEM%2C%20VELIKE%20LA%C5%A0%C4%8CE&amp;percent=1.0&amp;postalCode=1315&amp;taxNumber=80103081\" width=\"800\" height=\"600\" frameborder=\"0\"><\/iframe><script src=\"https:\/\/cdnjs.cloudflare.com\/ajax\/libs\/iframe-resizer\/4.3.2\/iframeResizer.min.js\"><\/script><script>iFrameResize({checkOrigin:false},'#enprocent_iframe');<\/script><\/p>\n<h3>\u00a0<\/h3>","protected":false},"excerpt":{"rendered":"<p>Zavod PARNAS je zasebni zavod, nevladna in neprofitna organizacija, ki deluje v javnem interesu na podro\u010dju kulture &#8211; varstva kulturne [&hellip;]<\/p>\n","protected":false},"author":2,"featured_media":0,"parent":0,"menu_order":0,"comment_status":"closed","ping_status":"closed","template":"","meta":{"site-sidebar-layout":"default","site-content-layout":"","ast-site-content-layout":"default","site-content-style":"default","site-sidebar-style":"default","ast-global-header-display":"","ast-banner-title-visibility":"","ast-main-header-display":"","ast-hfb-above-header-display":"","ast-hfb-below-header-display":"","ast-hfb-mobile-header-display":"","site-post-title":"","ast-breadcrumbs-content":"","ast-featured-img":"","footer-sml-layout":"","theme-transparent-header-meta":"","adv-header-id-meta":"","stick-header-meta":"","header-above-stick-meta":"","header-main-stick-meta":"","header-below-stick-meta":"","astra-migrate-meta-layouts":"default","ast-page-background-enabled":"default","ast-page-background-meta":{"desktop":{"background-color":"var(--ast-global-color-5)","background-image":"","background-repeat":"repeat","background-position":"center center","background-size":"auto","background-attachment":"scroll","background-type":"","background-media":"","overlay-type":"","overlay-color":"","overlay-opacity":"","overlay-gradient":""},"tablet":{"background-color":"","background-image":"","background-repeat":"repeat","background-position":"center center","background-size":"auto","background-attachment":"scroll","background-type":"","background-media":"","overlay-type":"","overlay-color":"","overlay-opacity":"","overlay-gradient":""},"mobile":{"background-color":"","background-image":"","background-repeat":"repeat","background-position":"center center","background-size":"auto","background-attachment":"scroll","background-type":"","background-media":"","overlay-type":"","overlay-color":"","overlay-opacity":"","overlay-gradient":""}},"ast-content-background-meta":{"desktop":{"background-color":"var(--ast-global-color-4)","background-image":"","background-repeat":"repeat","background-position":"center center","background-size":"auto","background-attachment":"scroll","background-type":"","background-media":"","overlay-type":"","overlay-color":"","overlay-opacity":"","overlay-gradient":""},"tablet":{"background-color":"var(--ast-global-color-4)","background-image":"","background-repeat":"repeat","background-position":"center center","background-size":"auto","background-attachment":"scroll","background-type":"","background-media":"","overlay-type":"","overlay-color":"","overlay-opacity":"","overlay-gradient":""},"mobile":{"background-color":"var(--ast-global-color-4)","background-image":"","background-repeat":"repeat","background-position":"center center","background-size":"auto","background-attachment":"scroll","background-type":"","background-media":"","overlay-type":"","overlay-color":"","overlay-opacity":"","overlay-gradient":""}},"footnotes":""},"class_list":["post-612","page","type-page","status-publish","hentry"],"_links":{"self":[{"href":"https:\/\/zavod-parnas.org\/w\/wp-json\/wp\/v2\/pages\/612","targetHints":{"allow":["GET"]}}],"collection":[{"href":"https:\/\/zavod-parnas.org\/w\/wp-json\/wp\/v2\/pages"}],"about":[{"href":"https:\/\/zavod-parnas.org\/w\/wp-json\/wp\/v2\/types\/page"}],"author":[{"embeddable":true,"href":"https:\/\/zavod-parnas.org\/w\/wp-json\/wp\/v2\/users\/2"}],"replies":[{"embeddable":true,"href":"https:\/\/zavod-parnas.org\/w\/wp-json\/wp\/v2\/comments?post=612"}],"version-history":[{"count":74,"href":"https:\/\/zavod-parnas.org\/w\/wp-json\/wp\/v2\/pages\/612\/revisions"}],"predecessor-version":[{"id":12681,"href":"https:\/\/zavod-parnas.org\/w\/wp-json\/wp\/v2\/pages\/612\/revisions\/12681"}],"wp:attachment":[{"href":"https:\/\/zavod-parnas.org\/w\/wp-json\/wp\/v2\/media?parent=612"}],"curies":[{"name":"wp","href":"https:\/\/api.w.org\/{rel}","templated":true}]}}