{"id":607,"date":"2016-03-19T10:09:19","date_gmt":"2016-03-19T09:09:19","guid":{"rendered":"http:\/\/zavod-parnas.org\/w\/?page_id=607"},"modified":"2026-01-11T09:35:52","modified_gmt":"2026-01-11T08:35:52","slug":"andrej-turjaski-in-bitka-pri-sisku-2010","status":"publish","type":"page","link":"https:\/\/zavod-parnas.org\/w\/projekti-2000-2015\/andrej-turjaski-in-bitka-pri-sisku-2010\/","title":{"rendered":"Andrej Turja\u0161ki in bitka pri Sisku (2010)"},"content":{"rendered":"<p><b>Projekt ANDREJ TURJA\u0160KI IN BITKA PRI SISKU (2010)<\/b><\/p>\n<p><b>Naslov projekta: <\/b>Andrej Turja\u0161ki in bitka pri Sisku<br \/>\n<b>Prijavitelj: <\/b>Parnas, zavod za kulturo in turizem Velike La\u0161\u010de<br \/>\n<b>Razpis: <\/b>JPR-KD2010 (Ministrstvo za kulturo)<br \/>\n<b>Vrednost projekta:<\/b> 5.000 EUR (sofinanciranje Ministrstva za kulturo 70 %)<\/p>\n<p><b>Cilji projekta:<\/b><br \/>\n&#8211; nadgradnja razstave Po sledovih Andreja Turja\u0161kega s spremljevalnim programom (dokumentarni film, izobra\u017eevalni program)<br \/>\n&#8211; izdaja 40-stranskega vodnika po lokacijah, vezanih na \u017eivljenjsko pot Andreja Turja\u0161kega, z namenom spodbujanja lastnega nadaljnjega raziskovanja zgodovine in aktivnega pre\u017eivljanja prostega \u010dasa na teh lokacijah<br \/>\n&#8211; gostovanje razstave v Parku voja\u0161ke zgodovine v Pivki<\/p>\n<p><b>Vsebina projekta:<\/b><br \/>\nProjekt Andrej Turja\u0161ki in bitka pri Sisku je sistemati\u010dno nadaljevanje projekta Po sledovih Andreja Turja\u0161kega. V leto\u0161njem projektu smo k zgodovinski razstavi Po sledovih Andreja Turja\u0161kega pripravili sremljevalni dodatni program, ki obsega:<br \/>\n<b>pripravo, snemanje, monta\u017eo in predstavitev 12-minutnega dokumentarnega filma<\/b><br \/>\nFilm Nika Samse Po sledovih Andreja Turja\u0161kega v sliki in besedi predstavi \u010das in smeri tur\u0161kih vpadov, opremo tur\u0161ke in kr\u0161\u010danske vojske, potek bitke pri Sisku ter lokacije, kjer je hodil in deloval Andrej Turja\u0161ki). Film nameravamo ponuditi vsem slovenskim \u0161olom kot didakti\u010dno gradivo pri pouku, predvaja pa se ga tudi v okviru novega izobra\u017eevalnega programa ter po dogovoru tudi na drugih lokacijah.<\/p>\n<p>Izvedli smo <b>ve\u010d gostovanj razstave Po sledovih Andreja Turja\u0161kega <\/b>&#8211; ob ve\u010dini gostovanj je bil na ogled tudi novi film Po sledovih Andreja Turja\u0161kega<br \/>\n<b>9.4.-4.5.2010 Ministrstvo za obrambo RS Ljubljana<\/b> &#8211; samo razstava<br \/>\n(nagovor ministrice za obrambo, kult. program zavod Svitar, predstavitev razstave barbara \u017dnidar\u0161i\u010d, predstavitev pomena A. Turja\u0161kega &#8211; Jo\u017ee Stari\u010d; slavnostna predstavitev filma in sre\u010danje vseh sodelujo\u010dih na gradu Turjak v nadaljevanju &#8211; na povabilo Ob\u010dine Velike La\u0161\u010de)<br \/>\n<b>5.5.-15.8. 2010 Parnasov interpretacijski center Rob <\/b>&#8211; razstava in film<br \/>\n<b>15.8.-15.9.2010 Grad Turjak<\/b> (Poletje na gradu Turjak) &#8211; samo razstava<br \/>\n<b>15.9.-15.11.2010 Park voja\u0161ke zgodovine Pivka <\/b> (nagovor pod\u017eupana ob\u010dine Pivka, predstavitev razstave in filma: Barbara \u017dnidar\u0161i\u010d, Metka Stari\u010d, kulturni program: u\u010denke glasbene \u0161ole Pivka) &#8211; razstava in film<\/p>\n<p><b>Publikacija: Andrej Turja\u0161ki in bitka pri Sisku <\/b><br \/>\n&#8211; vodnik za odkrivanje na\u0161e dedi\u0161\u010dine je iz\u0161el v nakladi 500 izvodov (15 x 15 cm, barvno, 40 strani). Namenjen je dru\u017einam in posameznikom, ki \u017eelijo podrobneje spoznati zgodovino in aktivno pre\u017eiveti prosti \u010das. Pri pripravi vodnika sva avtorici Metka Stari\u010d in Barbara \u017dnidar\u0161i\u010d sodelovali s \u0161tevilnimi interpretatorji dedi\u0161\u010dine v Sloveniji in na Hrva\u0161kem. Nadgradili smo sodelovanje z lokacijami grad Turjak (Javni zavod Trubarjevi kraji), cerkev sv. Ahca nad Turjakom (JZTK, \u017dupnija Turjak), Tabor Cerovo (Tic Grosuplje), grad \u017du\u017eemberk (TD Suha krajina), grad Dubovac (Dru\u0161tvo sv. Mihovila Karlovac), Trdnjava Sisak (Gradski muzej Sisak), Narodni muzej Slovenije &#8211; Metelkova (NMS),<br \/>\nin vzpostavili nove povezave: grad \u0160umberk (TD Grad \u0160umberk), Zagreb\u0161ka katedrala, Grad Mirna (dr. Marko Marin in Dru\u0161tvo Spe\u010da lepotica, TIC Trebnje), grad Dubovac (Gradski muzej Karlovac), \u017diva zgodovina na gradu Struga (Zavod Svitar &#8211; Eleonora in Volk z gradu Struga), \u017diva zgodovina na Veseli Gori (Kud Klati vitez in Janez Kamni\u0161ki), \u017diva zgodovina Vitezi Zelingradski (Dru\u0161tvo vitezi Zelingradski &#8211; Hrva\u0161ka), Belokranjski muzej, Park voja\u0161ke zgodovine, Pokrajinski muzej Ptuj, grad Soteska (Ob\u010dina Dolenjske Toplice, TIC Dolenjske Toplice), cerkev sv. Ahacija Treb\u010da vas (\u017dupnija \u017du\u017eemberk).<br \/>\nVsi ti partnerji so prispevali svoje vsebine, ki so zajete v vodniku &#8211; in predstavljajo temelj za nadgrajevanje v naslednjem letu. Vodnik je iz\u0161el v slovenskem jeziku.<\/p>\n<p>Pripravljen in preizku\u0161en je <b>enodnevni izobra\u017eevalni program za \u0161olske skupine<\/b> (2. triada O\u0160). Za\u010dne se z jutranjim vzponom z avtobusne postaje Mali Lo\u010dnik pri Turjaku na Ahac. Med vzponom re\u0161ijo opazovalne naloge. Na vrhu si z lokalnim vodnikom ogledajo stalno razstavo v zvoniku pri cerkvi, druga skupina pa poi\u0161\u010de skriti zaklad (sledijo legendi, najdejo strelivo za mini katapulte) in tekmujejo v streljanju z mini katapulti. Vrnejo se po isti poti, med potjo se ustavijo ob prenovljeni ka\u0161\u010di, v kateri je razstava lon\u010darskih izdelkov. Ogledajo si repliko vretena za izdelavo loncev na no\u017eni pogon (iz ribni\u0161kega okolja) ter obi\u0161\u010dejo \u0161e grad Turjak, kjer je razlaga prilagojena zlasti prepoznavanju arhitekturnih elementov 15. in 16. stoletja, ogledajo pa si tudi film Po sledovih Andreja Turja\u0161kega. Po dogovoru v nadaljevanju obi\u0161\u010dejo \u0161e tabor Cerovo in \u017dupanovo jamo.<\/p>\n<p>&nbsp;<\/p>\n","protected":false},"excerpt":{"rendered":"<p>Projekt ANDREJ TURJA\u0160KI IN BITKA PRI SISKU (2010) Naslov projekta: Andrej Turja\u0161ki in bitka pri Sisku Prijavitelj: Parnas, zavod za [&hellip;]<\/p>\n","protected":false},"author":2,"featured_media":0,"parent":641,"menu_order":0,"comment_status":"closed","ping_status":"closed","template":"","meta":{"site-sidebar-layout":"default","site-content-layout":"","ast-site-content-layout":"default","site-content-style":"default","site-sidebar-style":"default","ast-global-header-display":"","ast-banner-title-visibility":"","ast-main-header-display":"","ast-hfb-above-header-display":"","ast-hfb-below-header-display":"","ast-hfb-mobile-header-display":"","site-post-title":"","ast-breadcrumbs-content":"","ast-featured-img":"","footer-sml-layout":"","theme-transparent-header-meta":"","adv-header-id-meta":"","stick-header-meta":"","header-above-stick-meta":"","header-main-stick-meta":"","header-below-stick-meta":"","astra-migrate-meta-layouts":"default","ast-page-background-enabled":"default","ast-page-background-meta":{"desktop":{"background-color":"var(--ast-global-color-5)","background-image":"","background-repeat":"repeat","background-position":"center center","background-size":"auto","background-attachment":"scroll","background-type":"","background-media":"","overlay-type":"","overlay-color":"","overlay-opacity":"","overlay-gradient":""},"tablet":{"background-color":"","background-image":"","background-repeat":"repeat","background-position":"center center","background-size":"auto","background-attachment":"scroll","background-type":"","background-media":"","overlay-type":"","overlay-color":"","overlay-opacity":"","overlay-gradient":""},"mobile":{"background-color":"","background-image":"","background-repeat":"repeat","background-position":"center center","background-size":"auto","background-attachment":"scroll","background-type":"","background-media":"","overlay-type":"","overlay-color":"","overlay-opacity":"","overlay-gradient":""}},"ast-content-background-meta":{"desktop":{"background-color":"var(--ast-global-color-4)","background-image":"","background-repeat":"repeat","background-position":"center center","background-size":"auto","background-attachment":"scroll","background-type":"","background-media":"","overlay-type":"","overlay-color":"","overlay-opacity":"","overlay-gradient":""},"tablet":{"background-color":"var(--ast-global-color-4)","background-image":"","background-repeat":"repeat","background-position":"center center","background-size":"auto","background-attachment":"scroll","background-type":"","background-media":"","overlay-type":"","overlay-color":"","overlay-opacity":"","overlay-gradient":""},"mobile":{"background-color":"var(--ast-global-color-4)","background-image":"","background-repeat":"repeat","background-position":"center center","background-size":"auto","background-attachment":"scroll","background-type":"","background-media":"","overlay-type":"","overlay-color":"","overlay-opacity":"","overlay-gradient":""}},"footnotes":""},"class_list":["post-607","page","type-page","status-publish","hentry"],"_links":{"self":[{"href":"https:\/\/zavod-parnas.org\/w\/wp-json\/wp\/v2\/pages\/607","targetHints":{"allow":["GET"]}}],"collection":[{"href":"https:\/\/zavod-parnas.org\/w\/wp-json\/wp\/v2\/pages"}],"about":[{"href":"https:\/\/zavod-parnas.org\/w\/wp-json\/wp\/v2\/types\/page"}],"author":[{"embeddable":true,"href":"https:\/\/zavod-parnas.org\/w\/wp-json\/wp\/v2\/users\/2"}],"replies":[{"embeddable":true,"href":"https:\/\/zavod-parnas.org\/w\/wp-json\/wp\/v2\/comments?post=607"}],"version-history":[{"count":1,"href":"https:\/\/zavod-parnas.org\/w\/wp-json\/wp\/v2\/pages\/607\/revisions"}],"predecessor-version":[{"id":946,"href":"https:\/\/zavod-parnas.org\/w\/wp-json\/wp\/v2\/pages\/607\/revisions\/946"}],"up":[{"embeddable":true,"href":"https:\/\/zavod-parnas.org\/w\/wp-json\/wp\/v2\/pages\/641"}],"wp:attachment":[{"href":"https:\/\/zavod-parnas.org\/w\/wp-json\/wp\/v2\/media?parent=607"}],"curies":[{"name":"wp","href":"https:\/\/api.w.org\/{rel}","templated":true}]}}