{"id":6033,"date":"2020-07-01T17:29:17","date_gmt":"2020-07-01T15:29:17","guid":{"rendered":"http:\/\/zavod-parnas.org\/w\/?page_id=6033"},"modified":"2023-01-13T13:35:22","modified_gmt":"2023-01-13T12:35:22","slug":"vaska-knjiznica-krvava-pec","status":"publish","type":"page","link":"https:\/\/zavod-parnas.org\/w\/vaska-knjiznica-krvava-pec\/","title":{"rendered":"Va\u0161ka knji\u017enica Krvava Pe\u010d"},"content":{"rendered":"\n<p>Vam je zmanjkalo knjig? Ni\u010d la\u017ejega &#8211; pridite in si jih brezpla\u010dno izposodite v <strong>va\u0161ki knji\u017enici Krvava Pe\u010d<\/strong>. S skoraj 2000 izvodi knjig skrbno upravljajo Parnasovi prostovoljci pod nadzorom Majde Jak\u0161e Uj\u010di\u010d, upokojene bibliotekarke. <\/p>\n\n\n\n<p>\u010ce ne drugega, pa pridite na klepet v pravi medgeneracijski raj, kjer se vedno najde kak\u0161na nova zgodba. <\/p>\n\n\n\n<p>Po novem: <strong>VSAK TRETJI \u010cETRTEK IN\/ALI PETEK OB PETIH<\/strong> &#8211; \u010dakamo vas pol ure \ud83d\ude42<\/p>\n\n\n\n<p>Odprto: tretji \u010cETRTEK in\/ali PETEK v mesecu od 17h do 18h<br>(predlagamo, da preverite odprtost na 041 833 456)<\/p>\n\n\n\n<p><br>V zimskih mesecih (dec-mar) ni de\u017eurstev, odprto samo po dogovoru &#8211; Sre\u010do Knafelc 041 289 417.<br><\/p>\n\n\n\n<p>Kdo vse je VA\u0160KA KNJI\u017dNICA &#8230;<\/p>\n\n\n\n<figure class=\"wp-block-gallery columns-3 is-cropped wp-block-gallery-1 is-layout-flex wp-block-gallery-is-layout-flex\"><ul class=\"blocks-gallery-grid\"><li class=\"blocks-gallery-item\"><figure><a href=\"http:\/\/zavod-parnas.org\/w\/wp-content\/uploads\/2020\/02\/IMG_0553-630x473.jpg\" data-rel=\"lightbox-image-0\" data-rl_title=\"\" data-rl_caption=\"\" title=\"\"><img fetchpriority=\"high\" decoding=\"async\" width=\"630\" height=\"473\" src=\"http:\/\/zavod-parnas.org\/w\/wp-content\/uploads\/2020\/02\/IMG_0553-630x473.jpg\" alt=\"\" data-id=\"5253\" data-link=\"http:\/\/zavod-parnas.org\/w\/vaska-knjiznica-krvava-pec-vsak-tretji-petek-ob-petih\/img_0553\/\" class=\"wp-image-5253\" srcset=\"https:\/\/zavod-parnas.org\/w\/wp-content\/uploads\/2020\/02\/IMG_0553-630x473.jpg 630w, https:\/\/zavod-parnas.org\/w\/wp-content\/uploads\/2020\/02\/IMG_0553-252x189.jpg 252w, https:\/\/zavod-parnas.org\/w\/wp-content\/uploads\/2020\/02\/IMG_0553-300x225.jpg 300w, https:\/\/zavod-parnas.org\/w\/wp-content\/uploads\/2020\/02\/IMG_0553.jpg 2016w\" sizes=\"(max-width: 630px) 100vw, 630px\" \/><\/a><figcaption class=\"blocks-gallery-item__caption\">Strokovna vodja knji\u017enice Majda Jak\u0161e Uj\u010di\u010d<\/figcaption><\/figure><\/li><li class=\"blocks-gallery-item\"><figure><a href=\"http:\/\/zavod-parnas.org\/w\/wp-content\/uploads\/2020\/02\/IMG_0559-630x473.jpg\" data-rel=\"lightbox-image-1\" data-rl_title=\"\" data-rl_caption=\"\" title=\"\"><img decoding=\"async\" width=\"630\" height=\"473\" src=\"http:\/\/zavod-parnas.org\/w\/wp-content\/uploads\/2020\/02\/IMG_0559-630x473.jpg\" alt=\"\" data-id=\"5254\" data-link=\"http:\/\/zavod-parnas.org\/w\/vaska-knjiznica-krvava-pec-vsak-tretji-petek-ob-petih\/img_0559\/\" class=\"wp-image-5254\" srcset=\"https:\/\/zavod-parnas.org\/w\/wp-content\/uploads\/2020\/02\/IMG_0559-630x473.jpg 630w, https:\/\/zavod-parnas.org\/w\/wp-content\/uploads\/2020\/02\/IMG_0559-252x189.jpg 252w, https:\/\/zavod-parnas.org\/w\/wp-content\/uploads\/2020\/02\/IMG_0559-300x225.jpg 300w, https:\/\/zavod-parnas.org\/w\/wp-content\/uploads\/2020\/02\/IMG_0559.jpg 2016w\" sizes=\"(max-width: 630px) 100vw, 630px\" \/><\/a><figcaption class=\"blocks-gallery-item__caption\">Izobra\u017eevanje izposojevalcev<\/figcaption><\/figure><\/li><li class=\"blocks-gallery-item\"><figure><a href=\"http:\/\/zavod-parnas.org\/w\/wp-content\/uploads\/2020\/02\/IMG_0878-630x473.jpg\" data-rel=\"lightbox-image-2\" data-rl_title=\"\" data-rl_caption=\"\" title=\"\"><img decoding=\"async\" width=\"630\" height=\"473\" src=\"http:\/\/zavod-parnas.org\/w\/wp-content\/uploads\/2020\/02\/IMG_0878-630x473.jpg\" alt=\"\" data-id=\"5255\" data-link=\"http:\/\/zavod-parnas.org\/w\/vaska-knjiznica-krvava-pec-vsak-tretji-petek-ob-petih\/img_0878\/\" class=\"wp-image-5255\" srcset=\"https:\/\/zavod-parnas.org\/w\/wp-content\/uploads\/2020\/02\/IMG_0878-630x473.jpg 630w, https:\/\/zavod-parnas.org\/w\/wp-content\/uploads\/2020\/02\/IMG_0878-252x189.jpg 252w, https:\/\/zavod-parnas.org\/w\/wp-content\/uploads\/2020\/02\/IMG_0878-300x225.jpg 300w, https:\/\/zavod-parnas.org\/w\/wp-content\/uploads\/2020\/02\/IMG_0878.jpg 2016w\" sizes=\"(max-width: 630px) 100vw, 630px\" \/><\/a><figcaption class=\"blocks-gallery-item__caption\">Predavanje o \u0160kotski v va\u0161ki knji\u017enici<\/figcaption><\/figure><\/li><li class=\"blocks-gallery-item\"><figure><a href=\"http:\/\/zavod-parnas.org\/w\/wp-content\/uploads\/2020\/02\/IMG_0880-630x473.jpg\" data-rel=\"lightbox-image-3\" data-rl_title=\"\" data-rl_caption=\"\" title=\"\"><img loading=\"lazy\" decoding=\"async\" width=\"630\" height=\"473\" src=\"http:\/\/zavod-parnas.org\/w\/wp-content\/uploads\/2020\/02\/IMG_0880-630x473.jpg\" alt=\"\" data-id=\"5256\" data-link=\"http:\/\/zavod-parnas.org\/w\/vaska-knjiznica-krvava-pec-vsak-tretji-petek-ob-petih\/img_0880\/\" class=\"wp-image-5256\" srcset=\"https:\/\/zavod-parnas.org\/w\/wp-content\/uploads\/2020\/02\/IMG_0880-630x473.jpg 630w, https:\/\/zavod-parnas.org\/w\/wp-content\/uploads\/2020\/02\/IMG_0880-252x189.jpg 252w, https:\/\/zavod-parnas.org\/w\/wp-content\/uploads\/2020\/02\/IMG_0880-300x225.jpg 300w, https:\/\/zavod-parnas.org\/w\/wp-content\/uploads\/2020\/02\/IMG_0880.jpg 2016w\" sizes=\"(max-width: 630px) 100vw, 630px\" \/><\/a><figcaption class=\"blocks-gallery-item__caption\">Predavanje o \u0160kotski<\/figcaption><\/figure><\/li><li class=\"blocks-gallery-item\"><figure><a href=\"http:\/\/zavod-parnas.org\/w\/wp-content\/uploads\/2020\/02\/IMG_1263-630x473.jpg\" data-rel=\"lightbox-image-4\" data-rl_title=\"\" data-rl_caption=\"\" title=\"\"><img loading=\"lazy\" decoding=\"async\" width=\"630\" height=\"473\" src=\"http:\/\/zavod-parnas.org\/w\/wp-content\/uploads\/2020\/02\/IMG_1263-630x473.jpg\" alt=\"\" data-id=\"5258\" data-link=\"http:\/\/zavod-parnas.org\/w\/vaska-knjiznica-krvava-pec-vsak-tretji-petek-ob-petih\/img_1263\/\" class=\"wp-image-5258\" srcset=\"https:\/\/zavod-parnas.org\/w\/wp-content\/uploads\/2020\/02\/IMG_1263-630x473.jpg 630w, https:\/\/zavod-parnas.org\/w\/wp-content\/uploads\/2020\/02\/IMG_1263-252x189.jpg 252w, https:\/\/zavod-parnas.org\/w\/wp-content\/uploads\/2020\/02\/IMG_1263-300x225.jpg 300w, https:\/\/zavod-parnas.org\/w\/wp-content\/uploads\/2020\/02\/IMG_1263.jpg 2016w\" sizes=\"(max-width: 630px) 100vw, 630px\" \/><\/a><figcaption class=\"blocks-gallery-item__caption\">Med izposojo pred korono<\/figcaption><\/figure><\/li><li class=\"blocks-gallery-item\"><figure><a href=\"http:\/\/zavod-parnas.org\/w\/wp-content\/uploads\/2020\/02\/IMG_8589-630x473.jpg\" data-rel=\"lightbox-image-5\" data-rl_title=\"\" data-rl_caption=\"\" title=\"\"><img loading=\"lazy\" decoding=\"async\" width=\"630\" height=\"473\" src=\"http:\/\/zavod-parnas.org\/w\/wp-content\/uploads\/2020\/02\/IMG_8589-630x473.jpg\" alt=\"\" data-id=\"5259\" data-link=\"http:\/\/zavod-parnas.org\/w\/vaska-knjiznica-krvava-pec-vsak-tretji-petek-ob-petih\/img_8589\/\" class=\"wp-image-5259\" srcset=\"https:\/\/zavod-parnas.org\/w\/wp-content\/uploads\/2020\/02\/IMG_8589-630x473.jpg 630w, https:\/\/zavod-parnas.org\/w\/wp-content\/uploads\/2020\/02\/IMG_8589-252x189.jpg 252w, https:\/\/zavod-parnas.org\/w\/wp-content\/uploads\/2020\/02\/IMG_8589-300x225.jpg 300w, https:\/\/zavod-parnas.org\/w\/wp-content\/uploads\/2020\/02\/IMG_8589.jpg 2016w\" sizes=\"(max-width: 630px) 100vw, 630px\" \/><\/a><figcaption class=\"blocks-gallery-item__caption\">Knji\u017enica kot prostor dru\u017eenja<\/figcaption><\/figure><\/li><li class=\"blocks-gallery-item\"><figure><a href=\"http:\/\/zavod-parnas.org\/w\/wp-content\/uploads\/2020\/02\/IMG_8592-630x473.jpg\" data-rel=\"lightbox-image-6\" data-rl_title=\"\" data-rl_caption=\"\" title=\"\"><img loading=\"lazy\" decoding=\"async\" width=\"630\" height=\"473\" src=\"http:\/\/zavod-parnas.org\/w\/wp-content\/uploads\/2020\/02\/IMG_8592-630x473.jpg\" alt=\"\" data-id=\"5260\" data-link=\"http:\/\/zavod-parnas.org\/w\/vaska-knjiznica-krvava-pec-vsak-tretji-petek-ob-petih\/img_8592\/\" class=\"wp-image-5260\" srcset=\"https:\/\/zavod-parnas.org\/w\/wp-content\/uploads\/2020\/02\/IMG_8592-630x473.jpg 630w, https:\/\/zavod-parnas.org\/w\/wp-content\/uploads\/2020\/02\/IMG_8592-252x189.jpg 252w, https:\/\/zavod-parnas.org\/w\/wp-content\/uploads\/2020\/02\/IMG_8592-300x225.jpg 300w, https:\/\/zavod-parnas.org\/w\/wp-content\/uploads\/2020\/02\/IMG_8592.jpg 2016w\" sizes=\"(max-width: 630px) 100vw, 630px\" \/><\/a><figcaption class=\"blocks-gallery-item__caption\">Ciril Purkart je priskrbel nove omare <\/figcaption><\/figure><\/li><li class=\"blocks-gallery-item\"><figure><a href=\"http:\/\/zavod-parnas.org\/w\/wp-content\/uploads\/2020\/02\/IMG_8595-630x473.jpg\" data-rel=\"lightbox-image-7\" data-rl_title=\"\" data-rl_caption=\"\" title=\"\"><img loading=\"lazy\" decoding=\"async\" width=\"630\" height=\"473\" src=\"http:\/\/zavod-parnas.org\/w\/wp-content\/uploads\/2020\/02\/IMG_8595-630x473.jpg\" alt=\"\" data-id=\"5262\" data-link=\"http:\/\/zavod-parnas.org\/w\/vaska-knjiznica-krvava-pec-vsak-tretji-petek-ob-petih\/img_8595\/\" class=\"wp-image-5262\" srcset=\"https:\/\/zavod-parnas.org\/w\/wp-content\/uploads\/2020\/02\/IMG_8595-630x473.jpg 630w, https:\/\/zavod-parnas.org\/w\/wp-content\/uploads\/2020\/02\/IMG_8595-252x189.jpg 252w, https:\/\/zavod-parnas.org\/w\/wp-content\/uploads\/2020\/02\/IMG_8595-300x225.jpg 300w, https:\/\/zavod-parnas.org\/w\/wp-content\/uploads\/2020\/02\/IMG_8595.jpg 2016w\" sizes=\"(max-width: 630px) 100vw, 630px\" \/><\/a><figcaption class=\"blocks-gallery-item__caption\">Sre\u010dko Knafelc je odkril tudi \u010ditalnico<\/figcaption><\/figure><\/li><li class=\"blocks-gallery-item\"><figure><a href=\"http:\/\/zavod-parnas.org\/w\/wp-content\/uploads\/2020\/02\/IMG_9932a-630x432.jpg\" data-rel=\"lightbox-image-8\" data-rl_title=\"\" data-rl_caption=\"\" title=\"\"><img loading=\"lazy\" decoding=\"async\" width=\"630\" height=\"432\" src=\"http:\/\/zavod-parnas.org\/w\/wp-content\/uploads\/2020\/02\/IMG_9932a-630x432.jpg\" alt=\"\" data-id=\"5263\" data-link=\"http:\/\/zavod-parnas.org\/w\/vaska-knjiznica-krvava-pec-vsak-tretji-petek-ob-petih\/img_9932a\/\" class=\"wp-image-5263\" srcset=\"https:\/\/zavod-parnas.org\/w\/wp-content\/uploads\/2020\/02\/IMG_9932a-630x432.jpg 630w, https:\/\/zavod-parnas.org\/w\/wp-content\/uploads\/2020\/02\/IMG_9932a-252x173.jpg 252w, https:\/\/zavod-parnas.org\/w\/wp-content\/uploads\/2020\/02\/IMG_9932a-300x206.jpg 300w, https:\/\/zavod-parnas.org\/w\/wp-content\/uploads\/2020\/02\/IMG_9932a.jpg 1660w\" sizes=\"(max-width: 630px) 100vw, 630px\" \/><\/a><figcaption class=\"blocks-gallery-item__caption\">Predavanje S Kolesom \u010dez Himalajo &#8211; Jo\u017eeta Stari\u010da v dec.2019<\/figcaption><\/figure><\/li><\/ul><\/figure>\n\n\n\n<p>V va\u0161ki knji\u017enici lahko:<\/p>\n\n\n\n<ul class=\"wp-block-list\"><li>zamenjate izposojene knjige,<\/li><li>kot prostovoljci pomagate urejati knji\u017eno gradivo,<\/li><li>navdu\u0161ite \u0161e koga, da pri\u010dne brati,<\/li><li>snujete z nami nove ideje z info-pti\u010dki <\/li><li>izveste, kaj je novega in se nasmejite v dobri dru\u017ebi, &#8230;.<\/li><\/ul>\n\n\n\n<p>V \u010dasu omejitev zaradi koronavirusa nas redni obiskovalci od 4.5. dalje lahko tudi pokli\u010dete in knjige vam bomo dostavili tudi izven odpiralnega \u010dasa.<\/p>\n\n\n\n<p><strong>Vpisnine in zamudnin ni!<\/strong> Lepo vabljeni!<\/p>\n\n\n\n<p>Dodatne informacije: Zavod Parnas, 041 833 456 ali info@zavod-parnas.org ali  Sre\u010dko Knafelc v Krvavi Pe\u010di 7.<\/p>\n\n\n\n<p>Preberi ve\u010d:<br><a href=\"http:\/\/zavod-parnas.org\/w\/vaska-knjiznica-v-krvavi-peci\/\"> Delovanje knji\u017enice v letu 2019<\/a><br><a href=\"http:\/\/zavod-parnas.org\/w\/s-kolesom-cez-himalajo-potopisno-predavanje\/\">Potopisno predavanje S kolesom \u010dez Himalajo (20.12.2019)<\/a><br><\/p>\n","protected":false},"excerpt":{"rendered":"<p>Vam je zmanjkalo knjig? Ni\u010d la\u017ejega &#8211; pridite in si jih brezpla\u010dno izposodite v va\u0161ki knji\u017enici Krvava Pe\u010d. S skoraj [&hellip;]<\/p>\n","protected":false},"author":2,"featured_media":5250,"parent":0,"menu_order":0,"comment_status":"closed","ping_status":"closed","template":"","meta":{"site-sidebar-layout":"default","site-content-layout":"","ast-site-content-layout":"default","site-content-style":"default","site-sidebar-style":"default","ast-global-header-display":"","ast-banner-title-visibility":"","ast-main-header-display":"","ast-hfb-above-header-display":"","ast-hfb-below-header-display":"","ast-hfb-mobile-header-display":"","site-post-title":"","ast-breadcrumbs-content":"","ast-featured-img":"","footer-sml-layout":"","theme-transparent-header-meta":"","adv-header-id-meta":"","stick-header-meta":"","header-above-stick-meta":"","header-main-stick-meta":"","header-below-stick-meta":"","astra-migrate-meta-layouts":"default","ast-page-background-enabled":"default","ast-page-background-meta":{"desktop":{"background-color":"var(--ast-global-color-5)","background-image":"","background-repeat":"repeat","background-position":"center center","background-size":"auto","background-attachment":"scroll","background-type":"","background-media":"","overlay-type":"","overlay-color":"","overlay-opacity":"","overlay-gradient":""},"tablet":{"background-color":"","background-image":"","background-repeat":"repeat","background-position":"center center","background-size":"auto","background-attachment":"scroll","background-type":"","background-media":"","overlay-type":"","overlay-color":"","overlay-opacity":"","overlay-gradient":""},"mobile":{"background-color":"","background-image":"","background-repeat":"repeat","background-position":"center center","background-size":"auto","background-attachment":"scroll","background-type":"","background-media":"","overlay-type":"","overlay-color":"","overlay-opacity":"","overlay-gradient":""}},"ast-content-background-meta":{"desktop":{"background-color":"var(--ast-global-color-4)","background-image":"","background-repeat":"repeat","background-position":"center center","background-size":"auto","background-attachment":"scroll","background-type":"","background-media":"","overlay-type":"","overlay-color":"","overlay-opacity":"","overlay-gradient":""},"tablet":{"background-color":"var(--ast-global-color-4)","background-image":"","background-repeat":"repeat","background-position":"center center","background-size":"auto","background-attachment":"scroll","background-type":"","background-media":"","overlay-type":"","overlay-color":"","overlay-opacity":"","overlay-gradient":""},"mobile":{"background-color":"var(--ast-global-color-4)","background-image":"","background-repeat":"repeat","background-position":"center center","background-size":"auto","background-attachment":"scroll","background-type":"","background-media":"","overlay-type":"","overlay-color":"","overlay-opacity":"","overlay-gradient":""}},"footnotes":""},"class_list":["post-6033","page","type-page","status-publish","has-post-thumbnail","hentry"],"_links":{"self":[{"href":"https:\/\/zavod-parnas.org\/w\/wp-json\/wp\/v2\/pages\/6033","targetHints":{"allow":["GET"]}}],"collection":[{"href":"https:\/\/zavod-parnas.org\/w\/wp-json\/wp\/v2\/pages"}],"about":[{"href":"https:\/\/zavod-parnas.org\/w\/wp-json\/wp\/v2\/types\/page"}],"author":[{"embeddable":true,"href":"https:\/\/zavod-parnas.org\/w\/wp-json\/wp\/v2\/users\/2"}],"replies":[{"embeddable":true,"href":"https:\/\/zavod-parnas.org\/w\/wp-json\/wp\/v2\/comments?post=6033"}],"version-history":[{"count":11,"href":"https:\/\/zavod-parnas.org\/w\/wp-json\/wp\/v2\/pages\/6033\/revisions"}],"predecessor-version":[{"id":9070,"href":"https:\/\/zavod-parnas.org\/w\/wp-json\/wp\/v2\/pages\/6033\/revisions\/9070"}],"wp:featuredmedia":[{"embeddable":true,"href":"https:\/\/zavod-parnas.org\/w\/wp-json\/wp\/v2\/media\/5250"}],"wp:attachment":[{"href":"https:\/\/zavod-parnas.org\/w\/wp-json\/wp\/v2\/media?parent=6033"}],"curies":[{"name":"wp","href":"https:\/\/api.w.org\/{rel}","templated":true}]}}