{"id":600,"date":"2016-03-19T10:09:17","date_gmt":"2016-03-19T09:09:17","guid":{"rendered":"http:\/\/zavod-parnas.org\/w\/?page_id=600"},"modified":"2026-01-11T09:32:10","modified_gmt":"2026-01-11T08:32:10","slug":"misja-dolina-rdeci-seznam-misje-doline-zavod-parnas-2010","status":"publish","type":"page","link":"https:\/\/zavod-parnas.org\/w\/projekti-2000-2015\/misja-dolina-rdeci-seznam-misje-doline-zavod-parnas-2010\/","title":{"rendered":"Rde\u010di seznam Mi\u0161je doline (2010)"},"content":{"rendered":"<p><b>Projekt RDE\u010cI SEZNAM MI\u0160JE DOLINE (Zavod Parnas, 2010)<br \/>\n<\/b>Sofinancer: Urad za komuniciranje in Ministrstvo za okolje in prostor<\/p>\n<p><b>NAMEN IN CILJI:<\/b><\/p>\n<p>&#8211; pripraviti celoletni popis ogro\u017eenih rastlinskih vrst z rde\u010dega seznama (na podlagi Pravilnika o uvrstitvi ogro\u017eenih rastlinskih in \u017eivalskih vrst v rde\u010di seznam &#8211; Uradni list RS, \u0161t. 56\/99 in 31\/00 &#8211; popr.) in zavarovanih rastlin v kvadrantih 0153\/4 in 0153\/3 (ob\u010dina Velike La\u0161\u010de)<br \/>\n&#8211; \u0161ir\u0161o javnost animirati za poznavanje, ohranjanje in varovanje vrst z rde\u010dega seznama<br \/>\n&#8211; oblikovati primer dobre prakse za umestitev delovnega mesta v nevladni organizaciji v okviru nacionalnih javnih del &#8211; podro\u010dje varstva okolja (MOP)<br \/>\n&#8211; vklju\u010diti zainteresirano javnost (razli\u010dne ciljne skupine) v popisovanje in prepoznavanje ogro\u017eenih rastlinskih vrst<br \/>\n&#8211; pripraviti strokovno in metodi\u010dno pravilno zasnovane programe interpretacijskega centra v Robu<br \/>\n&#8211; pripraviti kvaliteten promocijski material za promocijo varovanja ogro\u017eenih rastlin v interpretacijskem centru v Robu (bro\u0161ura, promocijski film, aktivna spletna stran, Facebook)<br \/>\n&#8211; pripraviti izobra\u017eevalni program z didakti\u010dnim gradivom (panoji, film) za II. in III. triado osnovne \u0161ole in srednje\u0161olce ter za individualne obiskovalce interpretacijskega centra<br \/>\n&#8211; nadaljevati z animiranjem in aktiviranjem lokalnega okolja za vklju\u010devanje pri ustreznem ohranjanju varovanih rastlin<br \/>\n&#8211; kot nevladna organizacija delovati kot povezovalni \u010dlen med stroko (Zavod RS za varstvo narave, Zavod Symbiosis, Biotehni\u0161ka fakulteta), izobra\u017eevalnimi ustanovami (lokalna O\u0160, BF) in mladimi strokovnjaki (\u0161tudentje BF) pri vzpostavljanju kvalitetnih vsebin ekoturizma na pode\u017eelju<\/p>\n<p><b>VSEBINA in REZULTATI PROJEKTA <\/b><\/p>\n<p>Projekt Rde\u010di seznam Mi\u0161je doline je nadgradnja projekta Mokri\u0161\u010de &#8211; izziv za pode\u017eelje (Zavod Parnas, 2009), ki je potekal v okviru enakega razpisa in je spodbudil nastanek mre\u017ee 20 ponudnikov na podro\u010dju ekoturizma, na\u0161o skupno predstavitev na sejmu Turizem in prosti \u010das TIP 2010 v Ljubljani in zasnoval smernice za novonastali interpretacijski center v Robu (ob robu EPO Mi\u0161ja dolina z Velikimi logi), kjer bodo sodobno interpretirane vsebine naravne in kulturne dedi\u0161\u010dine (ustanovitelj: Zavod Parnas &#8211; od 1.2. 2010 dalje).<br \/>\nV okviru projekta smo\u00a0v kvadrantih 0153\/4 in 0153\/3 opravili temeljit popis ogro\u017eenih rastlinskih vrst z rde\u010dega seznama in zavarovanih rastlin. Obmo\u010dje pokriva skoraj celotno ob\u010dino Velike La\u0161\u010de, zajema EPO Mi\u0161ja dolina z Velikimi logi, na katerem so med najpomembnej\u0161imi rasti\u0161\u010de Loeselijeve grezovke (Liparis loeselii) &#8211; pri Toma\u017einih, mesojedih rastlin: dolgolistne rosike (Drosera anglica), okroglolistne rosike (Drosera rotundifolia) in alpske mastnice (Pinguicula alpina). Prav tako smo na dosedanjih botani\u010dnih sprehodih zabele\u017eili veliko \u0161tevilo orhidejevk z rde\u010dega seznama: mesnorde\u010do prstasto kukavico (Dactylorhiza incarnata), majsko prstasto kukavico (Dactylorhiza majalis), Fuchsovo prstasto kukavico (Dactylorhiza maculata subsp. fuchsii), Transsilvansko prstasto kukavico (Dactylorhiza maculata subsp. transsilvanica), mo\u010dvirsko kukavico (Orchis palustris), navadni kukovi\u010dnik (Gymnadenia conopsea), dvolistni vimenjak (Platanthera bifolia), piramidasti pilovec (Anacamptis pyramidalis), navadno mo\u010dvirnico (Epipactis palustris), jaj\u010dastolistni muhovnik (Listera ovata).<br \/>\nObmo\u010dje smo smiselno raz\u0161irili, saj se v bli\u017eini redno pojavlja slovenski endemit kranjski jegli\u010d (Primula carniolica) v neposredni bli\u017eini najdalj\u0161ega dolenjskega slapu Kobilji curek in hkrati v istoimenskem gozdnem rezervatu.<\/p>\n<p>Kako poteka popisovanje ogro\u017eenih rastlinskih vrst smo\u00a0pribli\u017eali \u0161ir\u0161i javnosti, ki \u017eeli biti udele\u017eena pri vseh fazah, hkrati pa se s tem oblikuje zanimiv produkt ekoturizma, ki ga nameravamo v okviru projekta preizkusiti in ovrednotiti.<br \/>\nTemu so bile namenjene naslednje aktivnosti:<br \/>\n&#8211; Zainteresirane ljubitelje narave smo\u00a0s pomo\u010djo treh predavanj povabili k lastnemu raziskovanju in prepoznavanju ogro\u017eenih rastlinskih vrst na podlagi klju\u010dev za prepoznavanje rastl. vrst &#8211; predavanja smo zasnovali tako, da bodo vklju\u010devala tri razli\u010dne ciljne publike (osnovno\u0161olce, u\u010ditelje in vzgojitelje, starej\u0161e odrasle).<br \/>\n&#8211; Oblikovanje aktivne spletne strani za promocijo mednarodnega leta biotske raznovrstnosti, na kateri je bilo\u00a0mo\u010d spremljati nastajanje in dopolnjevanje popisov v obdobju od marca do septembra<br \/>\n&#8211; Vnos vsebin na Facebook, za pribli\u017eevanje mladim skozi njim zanimiv medij.<br \/>\n&#8211; Izvedba treh botani\u010dnih sprehodov, namenjenih starej\u0161i populaciji (vse\u017eivljenjsko u\u010denje), ki lahko koristi avtobusni prevoz do Roba med tednom.<br \/>\n&#8211; Ljubiteljem narave in fotografije smo namenili tri botani\u010dne fotografske sprehode ob sobotah v spremstvu poznavalca botanike in fotografa.<br \/>\n&#8211; Kot rezultat njihovega fotografiranja smo\u00a0\u00a0pripravili izbor fotografij za fotografsko razstavo, ki je\u00a0v letu 2010 spremljala dogodke v interpretacijskem centru oz. samostojno gostovala na Trubarjevi doma\u010diji in v O\u0160 Velike La\u0161\u010de, v nadaljnjih letih pa tudi drugod.<br \/>\n&#8211; \u0160ir\u0161i javnosti je namenjena \u00a0promocijska bro\u0161ura (s prevodom v angle\u0161ki jezik) Skrivnostni svet Mi\u0161je doline, ki je\u00a0predstavila obravnavano floro tega obmo\u010dja in opozorila na njeno varovanje. Za ustrezno predstavitev vsebin smo\u00a0nadaljevali s celostno podobo naravoslovnih vsebin, ki jo v zavodu Parnas \u017ee ve\u010d let uspe\u0161no nadgrajujemo ob sodelovanju akademske slikarke Marije Prelog.<\/p>\n<p>V novonastajajo\u010dem interpretacijskem centru v Robu, ki se nahaja na robu EPO Mi\u0161ja dolina z Velikimi logi, sta enakovredno zastopani naravna in kulturna dedi\u0161\u010dina (v bli\u017eini so ostanki rimskih zapornih zidov Claustra Alpium Iuliarum, ostanki hal\u0161tatskih gradi\u0161\u010d idr.). Za pripravo novega kvalitetnega izobra\u017eevalnega programa v centru smo\u00a0v okviru projekta pripravili:<br \/>\n&#8211; <strong>1 samostoje\u010di\u00a0pano in stenski zemljevid<\/strong> za na zunanjo fasado centra &#8211; s predstavitvijo pomena ohranjanja ogro\u017eenih rastl. in \u017eival. vrst z rde\u010dega seznama (panoja sta oblikovani v skladu z veljavnim Pravilnikom o ozna\u010devanju zavarovanih obmocij naravnih vrednot (Uradni list RS, st. 117\/02, 53\/05). Ker so pomembna ciljna publika v interpretacijskem centru tujci, so\u00a0vsebine prevedene tudi v angle\u0161ki jezik.<br \/>\n&#8211; <strong>5 manj\u0161ih stenskih panojev z naravovarstvenimi vsebinami<\/strong> (pogoji za \u017eivljenje ogro\u017eenih rastl. vrst, njihovo varovanje, klju\u010di za prepoznavanje, mokri\u0161\u010da in njihovo delovanje, ohranjanje pogojev za rast loeselijeve grezovke), namestili jih bomo na premi\u010dne lesene predalnike, ki bodo slu\u017eili tudi kot delovna mesta za obiskovalce.<br \/>\n&#8211; <strong>film<\/strong> <strong>Rde\u010di seznam<\/strong> \u00a0o vrstah rde\u010dega seznama iz okolice (10-minutni) je\u00a0izobra\u017eevalne narave in bolj poglobljeno predstavlja tudi na\u010dine varovanja ogro\u017eenih rastlin. <strong>Kraj\u0161i promocijski film<\/strong> (3 minutni) je namenjen promociji na internetni strani. Za aktualnost in zanimivost filma je\u00a0poskrbel snemalec in monta\u017eer Rok Bor\u0161tnik, ki je kvalitetno \u017ee pripravil film o kolesarjenju v Mi\u0161ji dolini.<br \/>\n&#8211; Oblikovali smo\u00a0<strong>izobra\u017eevalni program<\/strong>, namenjen II. in III. triadi ter srednje\u0161olcem &#8211; kvaliteto omenjenega programa zagotavlja izbrana ekipa sodelavcev z bogatimi izku\u0161njami: razredna u\u010diteljica in mentorica EKO kro\u017eka (Janja Samsa), u\u010diteljica biologije v II. in III. triadi (Marjeta Cvetko) ter profesorica geografije na srednji \u0161oli &#8211; od sept. 2009 je upokojena (Ivanka Peterlin)<\/p>\n<p>Vse vsebine so bile\u00a0strokovno pregledane s strani Zavoda RS za varstvo narave, prav tako smo\u00a0upo\u0161tevali usmeritve pri oblikovanju panojev (pravilnik). Promocija projekta in mednarodnega leta biotske raznovrstnosti poteka ves \u010das z aktivno spletno stranjo, sprotnim obve\u0161\u010danjem medijev, zaklju\u010dke projekta smo\u00a0predstavili na okrogli mizi o ekoturizmu \u00a0in rastlinah z rde\u010dega seznama, isto\u010dasno je bil\u00a0predstavljen tudi izobra\u017eevalni film. Projekt je bil ustrezno medijsko prodoren.<\/p>\n<p><span style=\"text-decoration: underline;\"><strong>Podrobnej\u0161i pregled dogodkov 2009\/2010<\/strong><\/span><\/p>\n<p>sre, 28.1. 2009, ob 19. uri<br \/>\nBife Janez, Karlovica 7, 1315 Velike La\u0161\u010de<br \/>\nZavod Parnas in Marjeta Cvetko<br \/>\n<strong>Predavanje biologinje Marjete Cvetko\u00a0KUKAVI\u010cEVKE MO\u010cVIRNIH TRAVNIKOV CERKNI\u0160KEGA JEZERA IN NJIHOVO VARSTVO<br \/>\n<\/strong><a href=\"http:\/\/zavod-parnas.org\/news.php?readmore=168\">Vabilo &gt;<\/a><br \/>\n<a href=\"http:\/\/zavod-parnas.org\/news.php?readmore=173\">Kako je bilo &gt;<\/a><br \/>\n<a href=\"http:\/\/www.mod.mop.gov.si\/2009\/dnevi\/dan_mokrisc.htm\">Ena od akcij svetovnega dneva mokri\u0161\u010d &gt;<\/a><\/p>\n<p>\u010det, 6. 3. 2009, ob 18. uri<br \/>\nZavod Prizma Ponikve \u2013 Kova\u010di\u010deva dvorana (ob\u010dina Dobrepolje)<br \/>\nZavod Parnas in Milena Vintar<br \/>\n<strong>Fotografska razstava Milene Vintar\u00a0BISERI VODE<br \/>\n<\/strong><a href=\"http:\/\/zavod-parnas.org\/news.php?readmore=177\">Vabilo&gt;<\/a><\/p>\n<p>\u010det, 19. 3. 2009, ob 18. uri<br \/>\nZavod Prizma Ponikve \u2013 Kova\u010di\u010deva dvorana (ob\u010dina Dobrepolje)<br \/>\nZavod Parnas<br \/>\n<strong>Okrogla miza MOKRI\u0160\u010cE \u2013 IZZIV ZA PODE\u017dELJE<br \/>\n<\/strong><a href=\"http:\/\/zavod-parnas.org\/news.php?readmore=180\">Vabilo&gt;<br \/>\n<\/a><a href=\"http:\/\/zavod-parnas.org\/news.php?readmore=181\">Poro\u010dilo z okrogle mize&gt;<\/a><\/p>\n<p>pet, 17. 4. 2009, ob 19. uri- pred svetovnim dnevom Zemlje<br \/>\nTrubarjeva doma\u010dija \u2013 galerija Skedenj<br \/>\nZavod Parnas v sodelovanju z JZTK<br \/>\n<strong>Predavanje Toma\u017ea Miheli\u010da (DOPPS)\u00a0PTICE MOKRI\u0160\u010c V NA\u0160I OKOLICI\u00a0<\/strong><br \/>\nParnas v okviru projekta Mokri\u0161\u010de \u2013 izziv za pode\u017eelje pred svetovnim dnevom Zemlje pripravlja novo akcijo: predavanje PTICE MOKRI\u0160\u010c V NA\u0160I OKOLICI varstvenega ornitologa Toma\u017ea Miheli\u010da iz Dru\u0161tva za opazovanje in prou\u010devanje ptic Slovenije in odprtje fotografske razstave Milene Vintar BISERI VODE.\u00a0<a href=\"http:\/\/zavod-parnas.org\/news.php?readmore=188\">Vabilo&gt;<\/a><\/p>\n<p>sre, 20. 5. 2009, ob 19. uri<br \/>\nLokal Janez, Karlovica 7, 1315 Velike La\u0161\u010de<br \/>\nZavod Parnas<br \/>\n<strong>Delavnica za doma\u010dine EKOTURIZEM V MI\u0160JI DOLINI Z VELIKIMI LOGI- ZAKAJ PA NE\u00a0<\/strong><br \/>\nProgram delavnice<strong>:<\/strong><br \/>\n1. Kratka predstavitev aktivnosti projekta Mokri\u0161\u010de \u2013 izziv za pode\u017eelje (Metka Stari\u010d)<br \/>\n2. Ponudba Mi\u0161je doline z okolico<br \/>\n3. Mo\u017ene oblike registracije, povezovanja ponudnikov ter kandidiranja na razpisih (Lili Mahne)<br \/>\n4. Dodatne pobude in vpra\u0161anja udele\u017eencev<br \/>\n<a href=\"http:\/\/zavod-parnas.org\/news.php?readmore=192\">Vabilo&gt;<\/a><\/p>\n<p>&nbsp;<\/p>\n<p>Sob., 23. 5. 2009, od 9h do 12h<br \/>\nMi\u0161ja dolina<br \/>\nZavod Parnas in Brane Dolinar<br \/>\n<strong>Botani\u010dni sprehod z Branetom Dolinarjem\u00a0KAJ CVETI NA MOKRI\u0160\u010cU KONEC MAJA\u00a0<\/strong><br \/>\nBotani\u010dni sprehod bomo za\u010deli ob 9h na Trubarjevi doma\u010diji na Ra\u0161ici, od koder se bomo z avtomobili odpeljali do izhodi\u0161\u010dne to\u010dke v Mi\u0161ji dolini. Opazovali bomo kukavi\u010devke in ostale za\u0161\u010ditene rastlinske vrste, med njimi so tudi mesojede rastline. \u010cas trajanja: predvidoma 2-3 ure. Primerno se obujte, pokrivala za za\u0161\u010dito pred soncem.<br \/>\n<a href=\"http:\/\/zavod-parnas.org\/news.php?readmore=193\">Vabilo&gt;<\/a><\/p>\n<p>&nbsp;<\/p>\n<p>sobota, 23. 5. 2009 \u2013 ob dnevu sonca<br \/>\nna Trubarjevi doma\u010diji na Ra\u0161ici<br \/>\nZavod Parnas (v okviru Dneva sonca \u2013 ZRU in MedOverNet)<br \/>\n<strong>Delavnica za otroke\u00a0PAPIRNATI \u0160OPKI \u2013 OHRANIMO CVETLICE Z MOKRI\u0160\u010cA OB RA\u0160ICI<\/strong><br \/>\nIzdelovanje papirnatih ro\u017e s Parnasovo prostovoljko Nu\u0161o Dedo Lale za mlinom na Trubarjevi doma\u010diji.<br \/>\n<a href=\"http:\/\/www.zru.si\/index.php\/sl\/Dan_sonca_2009\">Ve\u010d o Dnevu sonca<\/a><\/p>\n<p>&nbsp;<\/p>\n<p>ned, 4. 7. 2009\u00a0ob 14h<br \/>\nMi\u0161ja dolina<br \/>\nZavod Parnas v sod. s TVD Partizan in motosekcijo TKT\u0160D Krpan<br \/>\n<strong>Kolesarski izlet\u00a0DRU\u017dINSKO KOLESARJENJE OB MOKRI\u0160\u010cIH MI\u0160JE DOLINE\u00a0<\/strong><br \/>\n\u010ce \u017eelite aktivno in ekolo\u0161ko pre\u017eiveti va\u0161 prosti \u010das vas vabimo, da se nam pridru\u017eite na dru\u017einskem kolesarjenju ob mokri\u0161\u010du Mi\u0161je doline.<br \/>\n<a href=\"http:\/\/zavod-parnas.org\/news.php?readmore=199\">Vabilo&gt;<br \/>\n<\/a><a href=\"http:\/\/zavod-parnas.org\/news.php?readmore=205\">Film o na\u0161em kolesarjenju&gt;<\/a><\/p>\n<p>&nbsp;<\/p>\n<p>sre, 26. 8. 2009,\u00a0ob 18h<br \/>\nTrubarjeva doma\u010dija na Ra\u0161ici<br \/>\nZavod Parnas v sodel. z Alja\u017eem Rijavcem, Lojzetom Severjem in JZTK<br \/>\n<strong>Predavanje, sprehod, delavnica\u00a0NETOPIRJI MED LJUDMI\u00a0<\/strong><br \/>\nOb 11. evropske no\u010di netopirjev (ENN) se bomo pod vodstvom Lojzeta Severja najprej preizkusili v izdelavi netopirnic, nato pa v galeriji Skedenj prisluhnili predavanju Alja\u017ea Rijavca Netopirji med ljudmi. Podelili bomo prvi naziv Netopirjem prijazna kmetija, sledil bo \u0161e ve\u010derni sprehod s poslu\u0161anjem netopirjev v okolici Trubarjeve doma\u010dije.\u00a0<a href=\"http:\/\/zavod-parnas.org\/news.php?readmore=1\">Vabilo&gt;<\/a><\/p>\n<h2>2010<\/h2>\n<p>20. april 2010 ob 18h<br \/>\nInterpretacijski center Rob<br \/>\nZavod Parnas<br \/>\n<strong>Predavanje GOBARSKI SPREHODI PO GOZDU\u00a0<\/strong><br \/>\nPredava ga. Majda Jak\u0161e Uj\u010di\u010d, diplomirana biologinja in aktivna \u010dlanica gobarskega dru\u0161tva Ljubljana, doma\u010dinka iz Roba in odli\u010dna determinologinja (prepoznavalka) gob.<br \/>\n<a href=\"http:\/\/zavod-parnas.org\/news.php?readmore=248\">Ve\u010d \u2026&gt;<\/a><\/p>\n<p>&nbsp;<\/p>\n<p>od 12. aprila 2010 dalje<br \/>\nInterpretacijski center Rob<br \/>\nZavod Parnas<br \/>\n<strong>Fotografska razstava MOJ TRAVNIK OD BLIZU\u00a0<\/strong><br \/>\nRazstavlja Matej Peterlin iz Dol\u0161\u010dakov pri Robu. Makro fotografija. Prodajna razstava.<br \/>\n<a href=\"http:\/\/zavod-parnas.org\/news.php?readmore=250\">Ve\u010d \u2026&gt;<\/a><\/p>\n<p>&nbsp;<\/p>\n<p>tor.,4. in 11.5.,\u00a011.00-15.00,\u00a0sob. 8. in 15.5., 9.00-13.00<br \/>\nInterpretacijski center Rob Zavod Parnas (ob podpori MOP in Urada Vlade za komuniciranje<br \/>\n<strong>BOTANI\u010cNI SPREHODI\u00a0Torkovi botani\u010dni sprehodi\u00a0<\/strong><br \/>\n4. maja od 11. do 15. ure \u2013 gozdni rezervat Kobilji curek z okolico<br \/>\n11. maja od 11. do 15. ure \u2013 mokrotni travniki Mi\u0161je doline<br \/>\n<strong>Sobotni fotografsko-botani\u010dni sprehodi<\/strong><br \/>\n8. maja od 9. do 13. ure \u2013 gozdni rezervat Kobilji curek z okolico<br \/>\n15. maja od 9. do 13. ure \u2013 mokrotni travniki Mi\u0161je doline<br \/>\n<a href=\"http:\/\/zavod-parnas.org\/news.php?readmore=253\">Ve\u010d \u2026&gt;<\/a><\/p>\n","protected":false},"excerpt":{"rendered":"<p>Projekt RDE\u010cI SEZNAM MI\u0160JE DOLINE (Zavod Parnas, 2010) Sofinancer: Urad za komuniciranje in Ministrstvo za okolje in prostor NAMEN IN [&hellip;]<\/p>\n","protected":false},"author":2,"featured_media":0,"parent":641,"menu_order":0,"comment_status":"closed","ping_status":"closed","template":"","meta":{"site-sidebar-layout":"default","site-content-layout":"","ast-site-content-layout":"default","site-content-style":"default","site-sidebar-style":"default","ast-global-header-display":"","ast-banner-title-visibility":"","ast-main-header-display":"","ast-hfb-above-header-display":"","ast-hfb-below-header-display":"","ast-hfb-mobile-header-display":"","site-post-title":"","ast-breadcrumbs-content":"","ast-featured-img":"","footer-sml-layout":"","theme-transparent-header-meta":"","adv-header-id-meta":"","stick-header-meta":"","header-above-stick-meta":"","header-main-stick-meta":"","header-below-stick-meta":"","astra-migrate-meta-layouts":"default","ast-page-background-enabled":"default","ast-page-background-meta":{"desktop":{"background-color":"var(--ast-global-color-5)","background-image":"","background-repeat":"repeat","background-position":"center center","background-size":"auto","background-attachment":"scroll","background-type":"","background-media":"","overlay-type":"","overlay-color":"","overlay-opacity":"","overlay-gradient":""},"tablet":{"background-color":"","background-image":"","background-repeat":"repeat","background-position":"center center","background-size":"auto","background-attachment":"scroll","background-type":"","background-media":"","overlay-type":"","overlay-color":"","overlay-opacity":"","overlay-gradient":""},"mobile":{"background-color":"","background-image":"","background-repeat":"repeat","background-position":"center center","background-size":"auto","background-attachment":"scroll","background-type":"","background-media":"","overlay-type":"","overlay-color":"","overlay-opacity":"","overlay-gradient":""}},"ast-content-background-meta":{"desktop":{"background-color":"var(--ast-global-color-4)","background-image":"","background-repeat":"repeat","background-position":"center center","background-size":"auto","background-attachment":"scroll","background-type":"","background-media":"","overlay-type":"","overlay-color":"","overlay-opacity":"","overlay-gradient":""},"tablet":{"background-color":"var(--ast-global-color-4)","background-image":"","background-repeat":"repeat","background-position":"center center","background-size":"auto","background-attachment":"scroll","background-type":"","background-media":"","overlay-type":"","overlay-color":"","overlay-opacity":"","overlay-gradient":""},"mobile":{"background-color":"var(--ast-global-color-4)","background-image":"","background-repeat":"repeat","background-position":"center center","background-size":"auto","background-attachment":"scroll","background-type":"","background-media":"","overlay-type":"","overlay-color":"","overlay-opacity":"","overlay-gradient":""}},"footnotes":""},"class_list":["post-600","page","type-page","status-publish","hentry"],"_links":{"self":[{"href":"https:\/\/zavod-parnas.org\/w\/wp-json\/wp\/v2\/pages\/600","targetHints":{"allow":["GET"]}}],"collection":[{"href":"https:\/\/zavod-parnas.org\/w\/wp-json\/wp\/v2\/pages"}],"about":[{"href":"https:\/\/zavod-parnas.org\/w\/wp-json\/wp\/v2\/types\/page"}],"author":[{"embeddable":true,"href":"https:\/\/zavod-parnas.org\/w\/wp-json\/wp\/v2\/users\/2"}],"replies":[{"embeddable":true,"href":"https:\/\/zavod-parnas.org\/w\/wp-json\/wp\/v2\/comments?post=600"}],"version-history":[{"count":4,"href":"https:\/\/zavod-parnas.org\/w\/wp-json\/wp\/v2\/pages\/600\/revisions"}],"predecessor-version":[{"id":954,"href":"https:\/\/zavod-parnas.org\/w\/wp-json\/wp\/v2\/pages\/600\/revisions\/954"}],"up":[{"embeddable":true,"href":"https:\/\/zavod-parnas.org\/w\/wp-json\/wp\/v2\/pages\/641"}],"wp:attachment":[{"href":"https:\/\/zavod-parnas.org\/w\/wp-json\/wp\/v2\/media?parent=600"}],"curies":[{"name":"wp","href":"https:\/\/api.w.org\/{rel}","templated":true}]}}