{"id":5888,"date":"2020-05-12T18:14:19","date_gmt":"2020-05-12T16:14:19","guid":{"rendered":"http:\/\/zavod-parnas.org\/w\/?page_id=5888"},"modified":"2026-01-21T06:44:32","modified_gmt":"2026-01-21T05:44:32","slug":"programi-za-sole","status":"publish","type":"page","link":"https:\/\/zavod-parnas.org\/w\/programi-za-sole\/","title":{"rendered":"Izobra\u017eevalni programi za SKUPINE"},"content":{"rendered":"\n<div class=\"wp-block-media-text alignwide has-media-on-the-right is-stacked-on-mobile\"><div class=\"wp-block-media-text__content\">\n<p class=\"has-text-align-center\">Za \u0161olske skupine<\/p>\n\n\n\n<h2 class=\"wp-block-heading has-text-align-center\"><a href=\"https:\/\/zavod-parnas.org\/w\/javni-interes-na-podrocju-kulture\/izdelajmo-miniaturno-knjigo\/\"><span class=\"has-inline-color has-vivid-cyan-blue-color\">Izdelajmo miniaturno knjigo<\/span><\/a><\/h2>\n\n\n\n<p class=\"has-text-align-center\">(kratica IZD) U\u010denci po navodilih ro\u010dno ve\u017eejo vsak svojo miniaturno knjigo (5&#215;7 cm). Te\u017eavnost prilagodimo starostni stopnji.<\/p>\n\n\n\n<p class=\"has-text-align-center\"><strong>Trajanje<\/strong>:  60 min (O\u0160, S\u0160)<br><strong>Lokacija: <\/strong>Trubarjeva doma\u010dija na Ra\u0161ici ali na va\u0161i \u0161oli<br><strong>Cena:<\/strong>  5 EUR na u\u010denca<\/p>\n\n\n\n<p class=\"has-text-align-center\">\u0160tevilo u\u010dencev: od 16 do 32 v eni skupini<br>(ve\u010dje skupine lahko delimo in kombiniramo z razlago <br>v spominski sobi, ki se pla\u010da posebej)<\/p>\n<\/div><figure class=\"wp-block-media-text__media\"><a href=\"https:\/\/zavod-parnas.org\/w\/bukvarnice-pod-jelsami\/milena-vintar-miniaturke2\/\"><img fetchpriority=\"high\" decoding=\"async\" width=\"630\" height=\"537\" src=\"http:\/\/zavod-parnas.org\/w\/wp-content\/uploads\/2025\/05\/Milena-Vintar-miniaturke2-630x537.jpg\" alt=\"\" class=\"wp-image-11471 size-full\" srcset=\"https:\/\/zavod-parnas.org\/w\/wp-content\/uploads\/2025\/05\/Milena-Vintar-miniaturke2-630x537.jpg 630w, https:\/\/zavod-parnas.org\/w\/wp-content\/uploads\/2025\/05\/Milena-Vintar-miniaturke2-300x256.jpg 300w, https:\/\/zavod-parnas.org\/w\/wp-content\/uploads\/2025\/05\/Milena-Vintar-miniaturke2-252x215.jpg 252w, https:\/\/zavod-parnas.org\/w\/wp-content\/uploads\/2025\/05\/Milena-Vintar-miniaturke2-1536x1308.jpg 1536w, https:\/\/zavod-parnas.org\/w\/wp-content\/uploads\/2025\/05\/Milena-Vintar-miniaturke2-2048x1744.jpg 2048w\" sizes=\"(max-width: 630px) 100vw, 630px\" \/><\/a><\/figure><\/div>\n\n\n\n<div class=\"wp-block-media-text alignwide is-stacked-on-mobile\"><figure class=\"wp-block-media-text__media\"><a href=\"https:\/\/zavod-parnas.org\/w\/javni-interes-na-podrocju-kulture\/knjigoveska-delavnica\/\"><img decoding=\"async\" width=\"630\" height=\"465\" src=\"https:\/\/zavod-parnas.org\/w\/wp-content\/uploads\/2025\/01\/knjigoveska-delavnica-Parnas-630x465-1.jpg\" alt=\"\" class=\"wp-image-10893 size-full\" srcset=\"https:\/\/zavod-parnas.org\/w\/wp-content\/uploads\/2025\/01\/knjigoveska-delavnica-Parnas-630x465-1.jpg 630w, https:\/\/zavod-parnas.org\/w\/wp-content\/uploads\/2025\/01\/knjigoveska-delavnica-Parnas-630x465-1-300x221.jpg 300w, https:\/\/zavod-parnas.org\/w\/wp-content\/uploads\/2025\/01\/knjigoveska-delavnica-Parnas-630x465-1-252x186.jpg 252w\" sizes=\"(max-width: 630px) 100vw, 630px\" \/><\/a><\/figure><div class=\"wp-block-media-text__content\">\n<p class=\"has-text-align-center\">Za \u0161olske ali odrasle skupine<\/p>\n\n\n\n<h2 class=\"wp-block-heading has-text-align-center\"><a href=\"https:\/\/zavod-parnas.org\/w\/javni-interes-na-podrocju-kulture\/knjigoveska-delavnica\/\">Knjigove\u0161ka delavnica<\/a> <\/h2>\n\n\n\n<p class=\"has-text-align-center\">(kratica KD) Prikaz, kako so nastajale prve slovenske knjige. Nazorna razlaga z razgovorom ter prakti\u010dnim prikazom ro\u010dne vezave knjige.<\/p>\n\n\n\n<p class=\"has-text-align-center\"><strong>Trajanje<\/strong>:  45 min (O\u0160, S\u0160, odrasli)<br><strong>Lokacija: <\/strong>Trubarjeva doma\u010dija na Ra\u0161ici<br><strong>Cena:<\/strong>  3 EUR na u\u010denca<\/p>\n\n\n\n<p class=\"has-text-align-center\">\u0160tevilo u\u010dencev: od 16 do 40 v eni skupini<br>(ve\u010dje skupine lahko delimo in kombiniramo z razlago <br>v spominski sobi, ki se pla\u010da posebej)<br><\/p>\n<\/div><\/div>\n\n\n\n<div class=\"wp-block-media-text alignwide has-media-on-the-right is-stacked-on-mobile\"><div class=\"wp-block-media-text__content\">\n<p class=\"has-text-align-center\">Za \u0161olske ali odrasle skupine<\/p>\n\n\n\n<h2 class=\"wp-block-heading has-text-align-center\"><a href=\"https:\/\/zavod-parnas.org\/w\/javni-interes-na-podrocju-kulture\/pri-suhorobarju\/\">Pri suhorobarju<\/a><\/h2>\n\n\n\n<p class=\"has-text-align-center\">Kako nastane lesena \u017elica na roke in kako strojno v dana\u0161nji delavnici. Vstopite v resni\u010dno \u017eivljenje hribovske kmetije z dop. dejavnostjo na Velikem Osolniku in spoznajte \u0161mirarje. <\/p>\n\n\n\n<p class=\"has-text-align-center\"><strong>Trajanje<\/strong>:  45 min (O\u0160 &#8211; 6. ali 7. r.)<br><strong>Lokacija: <\/strong>Kmetija Tekavec, Veliki Osolnik 18, 1314 Rob<br><strong>Cena:<\/strong>  4 EUR na u\u010denca <\/p>\n<\/div><figure class=\"wp-block-media-text__media\"><a href=\"https:\/\/zavod-parnas.org\/w\/javni-interes-na-podrocju-kulture\/pri-suhorobarju\/\"><img decoding=\"async\" width=\"500\" height=\"375\" src=\"http:\/\/zavod-parnas.org\/w\/wp-content\/uploads\/2021\/01\/prisuhorobarju.gif\" alt=\"\" class=\"wp-image-6393 size-full\"\/><\/a><\/figure><\/div>\n\n\n\n<div class=\"wp-block-media-text alignwide is-stacked-on-mobile is-image-fill-element\"><figure class=\"wp-block-media-text__media\"><img loading=\"lazy\" decoding=\"async\" width=\"630\" height=\"840\" src=\"https:\/\/zavod-parnas.org\/w\/wp-content\/uploads\/2025\/06\/IMG_2835-1-630x840.jpg\" alt=\"\" class=\"wp-image-11548 size-full\" style=\"object-position:50% 29%\" srcset=\"https:\/\/zavod-parnas.org\/w\/wp-content\/uploads\/2025\/06\/IMG_2835-1-630x840.jpg 630w, https:\/\/zavod-parnas.org\/w\/wp-content\/uploads\/2025\/06\/IMG_2835-1-225x300.jpg 225w, https:\/\/zavod-parnas.org\/w\/wp-content\/uploads\/2025\/06\/IMG_2835-1-252x336.jpg 252w, https:\/\/zavod-parnas.org\/w\/wp-content\/uploads\/2025\/06\/IMG_2835-1-1152x1536.jpg 1152w, https:\/\/zavod-parnas.org\/w\/wp-content\/uploads\/2025\/06\/IMG_2835-1-1536x2048.jpg 1536w, https:\/\/zavod-parnas.org\/w\/wp-content\/uploads\/2025\/06\/IMG_2835-1-scaled.jpg 1920w\" sizes=\"(max-width: 630px) 100vw, 630px\" \/><\/figure><div class=\"wp-block-media-text__content\">\n<h2 class=\"wp-block-heading has-text-align-center\">Po Poti modrega ble\u0161\u010davca<br>voden sprehod za \u0161olarje<\/h2>\n\n\n\n<p class=\"has-text-align-center\">za en razred naenkrat <br>Pohod zajema tudi kratek obisk centra Mi\u0161ja dolina <br>Obvezna oprema: \u0161portna obutev. <br>Priporo\u010damo: dolge hla\u010de in pokrivalo kot za\u0161\u010dita pred soncem, voda.<\/p>\n\n\n\n<p class=\"has-text-align-center\"><strong>Trajanje: <\/strong>60 min &#8211; O\u0160 &#8211; 5. in 6. r.<br><strong>Lokacija<\/strong>: Trubarjeva doma\u010dija na Ra\u0161ici in Pot modrega ble\u0161\u010davca ob reki Ra\u0161ici<br><strong>Cena:<\/strong> 3,5 EUR na osebo <br>Izvajamo v kombinaciji z ostalimi programi na Trubarjevi doma\u010diji <br>(menjava skupin), max 25 u\u010d. v skupini.<\/p>\n<\/div><\/div>\n\n\n\n<div class=\"wp-block-media-text alignwide has-media-on-the-right is-stacked-on-mobile\"><div class=\"wp-block-media-text__content\">\n<h2 class=\"wp-block-heading has-text-align-center\">Na va\u0161i \u0161oli: <a href=\"https:\/\/zavod-parnas.org\/w\/javni-interes-na-podrocju-kulture\/bukvice\/\">Bukvice<\/a><\/h2>\n\n\n\n<p class=\"has-text-align-center\">U\u010denci se\u0161ijejo priro\u010dno bele\u017eko. Dodajo ji trde platnice, ki jih oble\u010dejo v knjigove\u0161ko platno in okrasni papir (16 str., A6). Lahko kot tehni\u0161ki dan v kombinaciji Pri suhorobarju ali na va\u0161i \u0161oli.<br><\/p>\n\n\n\n<p class=\"has-text-align-center\"><strong>Trajanje:<\/strong> 90 min O\u0160 6.-7.r. <br><strong>Lokacija: <\/strong>na Trubarjevi doma\u010diji ali na va\u0161i \u0161oli<br><strong>Cena:<\/strong> 7,5 EUR na u\u010denca + prevoz na \u0161olo<\/p>\n\n\n\n<p class=\"has-text-align-center\">(za 1 oddelek naenkrat, najmanj dve ponovitvi)<br>\u010ce program izvajamo na Trubarjevi doma\u010diji, ga <br>kombniramo s programom Pri suhorobarju.<\/p>\n<\/div><figure class=\"wp-block-media-text__media\"><a href=\"https:\/\/zavod-parnas.org\/w\/javni-interes-na-podrocju-kulture\/bukvice\/\"><img loading=\"lazy\" decoding=\"async\" width=\"630\" height=\"473\" src=\"https:\/\/zavod-parnas.org\/w\/wp-content\/uploads\/2025\/01\/Bukvice-Parnas-630x473-1.jpg\" alt=\"\" class=\"wp-image-10896 size-full\" srcset=\"https:\/\/zavod-parnas.org\/w\/wp-content\/uploads\/2025\/01\/Bukvice-Parnas-630x473-1.jpg 630w, https:\/\/zavod-parnas.org\/w\/wp-content\/uploads\/2025\/01\/Bukvice-Parnas-630x473-1-300x225.jpg 300w, https:\/\/zavod-parnas.org\/w\/wp-content\/uploads\/2025\/01\/Bukvice-Parnas-630x473-1-252x189.jpg 252w\" sizes=\"(max-width: 630px) 100vw, 630px\" \/><\/a><\/figure><\/div>\n\n\n\n<div class=\"wp-block-media-text alignwide is-stacked-on-mobile\"><figure class=\"wp-block-media-text__media\"><img loading=\"lazy\" decoding=\"async\" width=\"630\" height=\"473\" src=\"http:\/\/zavod-parnas.org\/w\/wp-content\/uploads\/2025\/03\/IMG_9433-630x473.jpg\" alt=\"\" class=\"wp-image-11212 size-full\" srcset=\"https:\/\/zavod-parnas.org\/w\/wp-content\/uploads\/2025\/03\/IMG_9433-630x473.jpg 630w, https:\/\/zavod-parnas.org\/w\/wp-content\/uploads\/2025\/03\/IMG_9433-300x225.jpg 300w, https:\/\/zavod-parnas.org\/w\/wp-content\/uploads\/2025\/03\/IMG_9433-252x189.jpg 252w, https:\/\/zavod-parnas.org\/w\/wp-content\/uploads\/2025\/03\/IMG_9433-1536x1152.jpg 1536w, https:\/\/zavod-parnas.org\/w\/wp-content\/uploads\/2025\/03\/IMG_9433-2048x1536.jpg 2048w\" sizes=\"(max-width: 630px) 100vw, 630px\" \/><\/figure><div class=\"wp-block-media-text__content\">\n<h2 class=\"wp-block-heading has-text-align-center\">Na va\u0161i \u0161oli: <a href=\"https:\/\/zavod-parnas.org\/w\/knjiga-z-zgodbo\/\">Knjiga z zgodbo<\/a><\/h2>\n\n\n\n<p class=\"has-text-align-center\">Iz prepognjenih A4 listov se\u0161ijejo knji\u017eni blok (12 ali 16 strani), izdelajo platnice in knjigo ve\u017eejo v trdo polplatneno vezavo. Lahko ve\u017eemo tudi predhodno potiskane liste. Izvedemo na va\u0161i \u0161oli.<br><\/p>\n\n\n\n<p class=\"has-text-align-center\"><strong>Trajanje:<\/strong> 90-120 min O\u0160 &#8211; 5.r.   <br><strong>Lokacija: <\/strong>na va\u0161i \u0161oli<br><strong>Cena:<\/strong> 10 EUR na u\u010denca + prevoz na \u0161olo<\/p>\n\n\n\n<p>Po dogovoru z va\u0161im ra\u010dunalni\u010darjem lahko oblikujete in natisnete svoje vsebine, ki jih na delavnici potem ve\u017eemo v knjigo <br>(v knjigi je lahko 12 ali 16 strani, tiska se kot knji\u017eico &#8211; na pole*)<\/p>\n<\/div><\/div>\n\n\n\n<p><\/p>\n\n\n\n<p>Na <a href=\"http:\/\/www.trubarjeva-domacija.si\/\">Trubarjevi doma\u010diji na Ra\u0161ici<\/a> programe izvajamo v sodelovanju z JZ Trubarjevi kraji: Kombiniramo jih lahko z razlago o Trubarju, ve\u010dje skupine pri tem delimo in izvedemo z menjavo skupin.<br>NAJAVE: <strong>01 7881 006<\/strong> &#8211; Trubarjeva doma\u010dija, potrebujete 2 naro\u010dilnici.<\/p>\n\n\n\n<p>V delni ali cel kulturno-tehni\u0161ki dan lahko pove\u017eemo ve\u010d programov, na kmetiji pre\u017eivimo ve\u010d \u010dasa, lahko pridemo tudi k vam na \u0161olo. <br>Bi vklju\u010dili ve\u010dje \u0161tevilo otrok, \u017eelite program? <br>Pokli\u010dite in se dogovorimo.<br>NAJAVE: <strong>041 833 456 ali info@zavod-parnas.org<\/strong><\/p>\n\n\n\n<p>*Ob izvedbi delavnic na va\u0161i \u0161oli vam poleg vstopnine zara\u010dunamo \u0161e potne stro\u0161ke (0,43 EUR\/km).<\/p>\n\n\n\n<p>Vsi na\u0161i programi za \u0161ole so del blagovne znamke <strong>PARNAS<\/strong>, izvajamo jih v<a href=\"http:\/\/zavod-parnas.org\/w\/javni-interes-na-podrocju-kulture\/\"> javnem interesu na podro\u010dju varstva kulturne dedi\u0161\u010dine<\/a> skupaj z dolgoletnimi zunanjimi sodelavci: MILI fotografija Milena Vintar s.p., Vladimir Tekavec &#8211; dopolnilna dejavnost na kmetiji ter z na\u0161imi mlaj\u0161imi animatorji &#8211; \u0161tudenti preko \u0161tudentskega servisa. <\/p>\n\n\n\n<p><\/p>\n","protected":false},"excerpt":{"rendered":"<p>Za \u0161olske skupine Izdelajmo miniaturno knjigo (kratica IZD) U\u010denci po navodilih ro\u010dno ve\u017eejo vsak svojo miniaturno knjigo (5&#215;7 cm). Te\u017eavnost [&hellip;]<\/p>\n","protected":false},"author":2,"featured_media":0,"parent":0,"menu_order":0,"comment_status":"closed","ping_status":"closed","template":"","meta":{"site-sidebar-layout":"no-sidebar","site-content-layout":"","ast-site-content-layout":"normal-width-container","site-content-style":"default","site-sidebar-style":"default","ast-global-header-display":"","ast-banner-title-visibility":"","ast-main-header-display":"","ast-hfb-above-header-display":"","ast-hfb-below-header-display":"","ast-hfb-mobile-header-display":"","site-post-title":"","ast-breadcrumbs-content":"","ast-featured-img":"","footer-sml-layout":"","theme-transparent-header-meta":"","adv-header-id-meta":"","stick-header-meta":"","header-above-stick-meta":"","header-main-stick-meta":"","header-below-stick-meta":"","astra-migrate-meta-layouts":"default","ast-page-background-enabled":"default","ast-page-background-meta":{"desktop":{"background-color":"var(--ast-global-color-5)","background-image":"","background-repeat":"repeat","background-position":"center center","background-size":"auto","background-attachment":"scroll","background-type":"","background-media":"","overlay-type":"","overlay-color":"","overlay-opacity":"","overlay-gradient":""},"tablet":{"background-color":"","background-image":"","background-repeat":"repeat","background-position":"center center","background-size":"auto","background-attachment":"scroll","background-type":"","background-media":"","overlay-type":"","overlay-color":"","overlay-opacity":"","overlay-gradient":""},"mobile":{"background-color":"","background-image":"","background-repeat":"repeat","background-position":"center center","background-size":"auto","background-attachment":"scroll","background-type":"","background-media":"","overlay-type":"","overlay-color":"","overlay-opacity":"","overlay-gradient":""}},"ast-content-background-meta":{"desktop":{"background-color":"var(--ast-global-color-4)","background-image":"","background-repeat":"repeat","background-position":"center center","background-size":"auto","background-attachment":"scroll","background-type":"","background-media":"","overlay-type":"","overlay-color":"","overlay-opacity":"","overlay-gradient":""},"tablet":{"background-color":"var(--ast-global-color-4)","background-image":"","background-repeat":"repeat","background-position":"center center","background-size":"auto","background-attachment":"scroll","background-type":"","background-media":"","overlay-type":"","overlay-color":"","overlay-opacity":"","overlay-gradient":""},"mobile":{"background-color":"var(--ast-global-color-4)","background-image":"","background-repeat":"repeat","background-position":"center center","background-size":"auto","background-attachment":"scroll","background-type":"","background-media":"","overlay-type":"","overlay-color":"","overlay-opacity":"","overlay-gradient":""}},"footnotes":""},"class_list":["post-5888","page","type-page","status-publish","hentry"],"_links":{"self":[{"href":"https:\/\/zavod-parnas.org\/w\/wp-json\/wp\/v2\/pages\/5888","targetHints":{"allow":["GET"]}}],"collection":[{"href":"https:\/\/zavod-parnas.org\/w\/wp-json\/wp\/v2\/pages"}],"about":[{"href":"https:\/\/zavod-parnas.org\/w\/wp-json\/wp\/v2\/types\/page"}],"author":[{"embeddable":true,"href":"https:\/\/zavod-parnas.org\/w\/wp-json\/wp\/v2\/users\/2"}],"replies":[{"embeddable":true,"href":"https:\/\/zavod-parnas.org\/w\/wp-json\/wp\/v2\/comments?post=5888"}],"version-history":[{"count":82,"href":"https:\/\/zavod-parnas.org\/w\/wp-json\/wp\/v2\/pages\/5888\/revisions"}],"predecessor-version":[{"id":12584,"href":"https:\/\/zavod-parnas.org\/w\/wp-json\/wp\/v2\/pages\/5888\/revisions\/12584"}],"wp:attachment":[{"href":"https:\/\/zavod-parnas.org\/w\/wp-json\/wp\/v2\/media?parent=5888"}],"curies":[{"name":"wp","href":"https:\/\/api.w.org\/{rel}","templated":true}]}}