{"id":3995,"date":"2018-03-23T19:56:55","date_gmt":"2018-03-23T18:56:55","guid":{"rendered":"http:\/\/zavod-parnas.org\/w\/?page_id=3995"},"modified":"2026-01-09T14:13:50","modified_gmt":"2026-01-09T13:13:50","slug":"heritage-community-parnas","status":"publish","type":"page","link":"https:\/\/zavod-parnas.org\/w\/heritage-community-parnas\/","title":{"rendered":"Zavod PARNAS kot dobra praksa Evrope"},"content":{"rendered":"\n<figure class=\"wp-block-gallery has-nested-images columns-default is-cropped wp-block-gallery-1 is-layout-flex wp-block-gallery-is-layout-flex\">\n<figure class=\"wp-block-image size-large\"><img fetchpriority=\"high\" decoding=\"async\" width=\"600\" height=\"639\" data-id=\"12531\" src=\"https:\/\/zavod-parnas.org\/w\/wp-content\/uploads\/2026\/01\/Component-S-EN600px.png\" alt=\"\" class=\"wp-image-12531\" srcset=\"https:\/\/zavod-parnas.org\/w\/wp-content\/uploads\/2026\/01\/Component-S-EN600px.png 600w, https:\/\/zavod-parnas.org\/w\/wp-content\/uploads\/2026\/01\/Component-S-EN600px-282x300.png 282w, https:\/\/zavod-parnas.org\/w\/wp-content\/uploads\/2026\/01\/Component-S-EN600px-252x268.png 252w\" sizes=\"(max-width: 600px) 100vw, 600px\" \/><\/figure>\n\n\n\n<figure class=\"wp-block-image size-large\"><img decoding=\"async\" width=\"630\" height=\"354\" data-id=\"12533\" src=\"https:\/\/zavod-parnas.org\/w\/wp-content\/uploads\/2026\/01\/29-Metka-Staric-Parnas-630x354.jpg\" alt=\"\" class=\"wp-image-12533\" srcset=\"https:\/\/zavod-parnas.org\/w\/wp-content\/uploads\/2026\/01\/29-Metka-Staric-Parnas-630x354.jpg 630w, https:\/\/zavod-parnas.org\/w\/wp-content\/uploads\/2026\/01\/29-Metka-Staric-Parnas-300x169.jpg 300w, https:\/\/zavod-parnas.org\/w\/wp-content\/uploads\/2026\/01\/29-Metka-Staric-Parnas-252x142.jpg 252w, https:\/\/zavod-parnas.org\/w\/wp-content\/uploads\/2026\/01\/29-Metka-Staric-Parnas.jpg 870w\" sizes=\"(max-width: 630px) 100vw, 630px\" \/><\/figure>\n<\/figure>\n\n\n\n<div class=\"wp-block-buttons is-layout-flex wp-block-buttons-is-layout-flex\">\n<div class=\"wp-block-button has-custom-width wp-block-button__width-100\"><a class=\"wp-block-button__link wp-element-button\" href=\"https:\/\/www.coe.int\/en\/web\/culture-and-heritage\/-\/heritage-community-parnas\">HERITAGE COMMUNITY PARNAS &#8211; povezava na opis na strani Council of Europe<\/a><\/div>\n<\/div>\n\n\n\n<h2 class=\"wp-block-heading\">Dedi\u0161\u010dinska skupnost Parnas\u00a0je prepoznana kot\u00a0<strong>primer dobre prakse v Evropski dedi\u0161\u010dinski strategiji za 21. stoletje pri Svetu Evrope <\/strong>&#8211; Council of Europe.<\/h2>\n\n\n\n<hr class=\"wp-block-separator has-alpha-channel-opacity\"\/>\n\n\n\n<h4 class=\"wp-block-heading\">Podro\u010dje: S9 &#8211; Podpora medgeneracijskih in medkulturnih projektov za promocijo dedi\u0161\u010dine<\/h4>\n\n\n\n<h3 class=\"wp-block-heading\">Na\u0161i DRU\u017dBENI izzivi<\/h3>\n\n\n\n<p>\u017diveti v miru. Izbolj\u0161ati kakovost \u017eivljenja.&nbsp;Doprinos k dobremu po\u010dutju in dobremu zdravju.&nbsp;Ohranjanje kolektivnega spomina.&nbsp;Vzpostavitev dobrega upravljanja.&nbsp;Spodbujanje participativnega upravljanja.&nbsp;Optimizirano izvajanje konvencij.&nbsp;Spodbujanje vklju\u010dujo\u010dega pristopa k dedi\u0161\u010dini.<\/p>\n\n\n\n<h3 class=\"wp-block-heading\">Na\u0161i RAZVOJNI izzivi<\/h3>\n\n\n\n<p>Oblikovanje bolj vklju\u010dujo\u010de in povezane dru\u017ebe.&nbsp;Zagotavljanje, da Evropejci u\u017eivajo visoko kakovost \u017eivljenja, v skladu s svojim kulturnim in naravnim okoljem.&nbsp;Izzivi znanja.&nbsp;Prepoznavanje, ohranjanje, posredovanje in izmenjava znanja in ve\u0161\u010din o dedi\u0161\u010dini.&nbsp;Zagotavljanje&nbsp;dostopa do vse\u017eivljenjskega u\u010denja na podro\u010dju dedi\u0161\u010dine zainteresiranim stranem.<\/p>\n\n\n\n<figure class=\"wp-block-image size-medium\"><a href=\"https:\/\/www.coe.int\/web\/culture-and-heritage\/strategy-21\"><img decoding=\"async\" width=\"300\" height=\"195\" src=\"https:\/\/zavod-parnas.org\/w\/wp-content\/uploads\/2026\/01\/strategy21-logo-300x195.jpg\" alt=\"\" class=\"wp-image-12527\" srcset=\"https:\/\/zavod-parnas.org\/w\/wp-content\/uploads\/2026\/01\/strategy21-logo-300x195.jpg 300w, https:\/\/zavod-parnas.org\/w\/wp-content\/uploads\/2026\/01\/strategy21-logo-252x164.jpg 252w, https:\/\/zavod-parnas.org\/w\/wp-content\/uploads\/2026\/01\/strategy21-logo.jpg 400w\" sizes=\"(max-width: 300px) 100vw, 300px\" \/><\/a><\/figure>\n\n\n\n<p><a href=\"https:\/\/www.coe.int\/en\/web\/culture-and-heritage\/strategy-21\">Ve\u010d o dedi\u0161\u010dinski strategiji za 21. stoletje<\/a><\/p>\n\n\n\n<p><\/p>\n","protected":false},"excerpt":{"rendered":"<p>Dedi\u0161\u010dinska skupnost Parnas\u00a0je prepoznana kot\u00a0primer dobre prakse v Evropski dedi\u0161\u010dinski strategiji za 21. stoletje pri Svetu Evrope &#8211; Council of [&hellip;]<\/p>\n","protected":false},"author":2,"featured_media":0,"parent":0,"menu_order":0,"comment_status":"closed","ping_status":"closed","template":"","meta":{"site-sidebar-layout":"default","site-content-layout":"","ast-site-content-layout":"default","site-content-style":"default","site-sidebar-style":"default","ast-global-header-display":"","ast-banner-title-visibility":"","ast-main-header-display":"","ast-hfb-above-header-display":"","ast-hfb-below-header-display":"","ast-hfb-mobile-header-display":"","site-post-title":"","ast-breadcrumbs-content":"","ast-featured-img":"","footer-sml-layout":"","theme-transparent-header-meta":"","adv-header-id-meta":"","stick-header-meta":"","header-above-stick-meta":"","header-main-stick-meta":"","header-below-stick-meta":"","astra-migrate-meta-layouts":"default","ast-page-background-enabled":"default","ast-page-background-meta":{"desktop":{"background-color":"var(--ast-global-color-5)","background-image":"","background-repeat":"repeat","background-position":"center center","background-size":"auto","background-attachment":"scroll","background-type":"","background-media":"","overlay-type":"","overlay-color":"","overlay-opacity":"","overlay-gradient":""},"tablet":{"background-color":"","background-image":"","background-repeat":"repeat","background-position":"center center","background-size":"auto","background-attachment":"scroll","background-type":"","background-media":"","overlay-type":"","overlay-color":"","overlay-opacity":"","overlay-gradient":""},"mobile":{"background-color":"","background-image":"","background-repeat":"repeat","background-position":"center center","background-size":"auto","background-attachment":"scroll","background-type":"","background-media":"","overlay-type":"","overlay-color":"","overlay-opacity":"","overlay-gradient":""}},"ast-content-background-meta":{"desktop":{"background-color":"var(--ast-global-color-4)","background-image":"","background-repeat":"repeat","background-position":"center center","background-size":"auto","background-attachment":"scroll","background-type":"","background-media":"","overlay-type":"","overlay-color":"","overlay-opacity":"","overlay-gradient":""},"tablet":{"background-color":"var(--ast-global-color-4)","background-image":"","background-repeat":"repeat","background-position":"center center","background-size":"auto","background-attachment":"scroll","background-type":"","background-media":"","overlay-type":"","overlay-color":"","overlay-opacity":"","overlay-gradient":""},"mobile":{"background-color":"var(--ast-global-color-4)","background-image":"","background-repeat":"repeat","background-position":"center center","background-size":"auto","background-attachment":"scroll","background-type":"","background-media":"","overlay-type":"","overlay-color":"","overlay-opacity":"","overlay-gradient":""}},"footnotes":""},"class_list":["post-3995","page","type-page","status-publish","hentry"],"_links":{"self":[{"href":"https:\/\/zavod-parnas.org\/w\/wp-json\/wp\/v2\/pages\/3995","targetHints":{"allow":["GET"]}}],"collection":[{"href":"https:\/\/zavod-parnas.org\/w\/wp-json\/wp\/v2\/pages"}],"about":[{"href":"https:\/\/zavod-parnas.org\/w\/wp-json\/wp\/v2\/types\/page"}],"author":[{"embeddable":true,"href":"https:\/\/zavod-parnas.org\/w\/wp-json\/wp\/v2\/users\/2"}],"replies":[{"embeddable":true,"href":"https:\/\/zavod-parnas.org\/w\/wp-json\/wp\/v2\/comments?post=3995"}],"version-history":[{"count":11,"href":"https:\/\/zavod-parnas.org\/w\/wp-json\/wp\/v2\/pages\/3995\/revisions"}],"predecessor-version":[{"id":12534,"href":"https:\/\/zavod-parnas.org\/w\/wp-json\/wp\/v2\/pages\/3995\/revisions\/12534"}],"wp:attachment":[{"href":"https:\/\/zavod-parnas.org\/w\/wp-json\/wp\/v2\/media?parent=3995"}],"curies":[{"name":"wp","href":"https:\/\/api.w.org\/{rel}","templated":true}]}}