{"id":3964,"date":"2018-03-16T09:12:16","date_gmt":"2018-03-16T08:12:16","guid":{"rendered":"http:\/\/zavod-parnas.org\/w\/?page_id=3964"},"modified":"2024-01-03T08:34:47","modified_gmt":"2024-01-03T07:34:47","slug":"las-ppd","status":"publish","type":"page","link":"https:\/\/zavod-parnas.org\/w\/las-ppd\/","title":{"rendered":"PROJEKTI LAS"},"content":{"rendered":"\n<h3 class=\"wp-block-heading\"><strong>Zaklju\u010deno (2021-2023):<\/strong><br>Metulji in ka\u010dji pastirji MIK \u2013 LAS PPD<\/h3>\n\n\n\n<figure class=\"wp-block-image\"><a href=\"http:\/\/www.eu-skladi.si\/\"><img fetchpriority=\"high\" decoding=\"async\" width=\"630\" height=\"84\" src=\"http:\/\/zavod-parnas.org\/w\/wp-content\/uploads\/2022\/01\/logo-MIK-1-630x84.png\" alt=\"\" class=\"wp-image-7798\" srcset=\"https:\/\/zavod-parnas.org\/w\/wp-content\/uploads\/2022\/01\/logo-MIK-1-630x84.png 630w, https:\/\/zavod-parnas.org\/w\/wp-content\/uploads\/2022\/01\/logo-MIK-1-300x40.png 300w, https:\/\/zavod-parnas.org\/w\/wp-content\/uploads\/2022\/01\/logo-MIK-1-252x34.png 252w, https:\/\/zavod-parnas.org\/w\/wp-content\/uploads\/2022\/01\/logo-MIK-1-1536x205.png 1536w, https:\/\/zavod-parnas.org\/w\/wp-content\/uploads\/2022\/01\/logo-MIK-1.png 1764w\" sizes=\"(max-width: 630px) 100vw, 630px\" \/><\/a><figcaption>Evropski sklad za regionalni razvoj<\/figcaption><\/figure>\n\n\n\n<p><strong>Projektni partnerji:<\/strong>&nbsp;<br>Zavod Parnas (vodilni partner- VP), <br>Pokrajinski muzej Ko\u010devje (P1),&nbsp;<br>Lesart d.o.o. (P2), <br>Tran-sport d.o.o. (P3).<\/p>\n\n\n\n<p><strong>Trajanje projekta<\/strong>: 7.10.2021 \u2013 15.6.2023<\/p>\n\n\n\n<p><strong>Vrednost projekta:<\/strong>&nbsp;Nalo\u017ebo sofinancirata Republika Slovenija in Evropska unija iz&nbsp;<strong>Evropskega sklada za regionalni razvoj \u2013 ESRR&nbsp;(80 %)<\/strong>. Celotna vrednost projekta: 87.240,67 EUR. Vi\u0161ina sofinanciranja iz EKSRP: 64.658,96 EUR. Povezava:&nbsp;<a href=\"https:\/\/www.eu-skladi.si\/\">EU Skladi (eu-skladi.si)<\/a><\/p>\n\n\n\n<p><strong>Cilji projekta:<\/strong><\/p>\n\n\n\n<ul class=\"wp-block-list\"><li>usmerja prebivalce LAS PPD v konkretne aktivnosti pri varovanju in ohranjanju vodnih virov<\/li><li>nadgradi, izobra\u017euje in povezuje mre\u017eo ponudnikov pri aktivnostih interpretacije vodnih virov,<\/li><li>turisti\u010dno ponudbo obmo\u010dja obogati s sodobnimi interpretativnimi prijemi, \u0161portnimi aktivnostmi, ve\u010djo okoljsko ozave\u0161\u010denostjo in digitalnimi pristopi<\/li><li>opolnomo\u010di ranljive ciljne skupine, da z lastnim kreativnim delovanjem vzpostavijo uporabne in trajnostne produkte,<\/li><li>gradi mre\u017eo javno-zasebnega partnerstva pri ohranjanju vodnih virov na obmo\u010dju LAS PPD.<\/li><\/ul>\n\n\n\n<p><strong>Rezultati projekta:&nbsp;<\/strong><\/p>\n\n\n\n<ul class=\"wp-block-list\"><li>izveden fotografski nate\u010daj ODSEV 2022 z zaklju\u010dno prireditvijo, 4 gostovanja razstave, 3 predavanja, natisnjena knjiga (200 izv.) <\/li><li>1 kupljen in z vsebino opremljen zaslon na dotik z omarico, izdelana igrifikacija v muzeju, pripravljenih 8 posnetkov za zaslon na dotik <\/li><li>7 posnetih kratkih filmov<\/li><li>3 izvedene akcije \u010di\u0161\u010denja vodnih virov v Velikih La\u0161\u010dah, 1 nova interaktivna pot za mobilno aplikacijo, 10 pridobljenih avtorskih ilustracij, 300 natisnjenih izvodov vodnika z interpretacijo vodnih virov<\/li><li>Izvedenih 15 delavnic, od tega 11 za ranljive skupine<\/li><li>razvitih 7 inovativnih produktov (2x interpretacija dedi\u0161\u010dine, 1x \u0161portni produkt, 3 x turisti\u010dni produkt)<\/li><li>izvedenih  8 promocij projekta na obstoje\u010dih dogodkih in 4 promocije inovativnega \u0161portnega produkta, pridobljen promocijski material (majice, zastavi, kape, lon\u010dki, de\u017eniki, pove\u010devalniki)<\/li><\/ul>\n\n\n<p>Podukrep 19.2 Podpora za izvajanje operacij v okviru strategije lokalnega razvoja, ki ga vodi skupnost<\/p>\n<h3><strong>Zaklju\u010deno (2020-2021):<br \/><\/strong>Zidovi in drevesa &#8211; ZID (<a href=\"http:\/\/las-ppd.si\/\">LAS PPD<\/a>)<\/h3>\n<p>Evropski kmetijski sklad za razvoj pode\u017eelja<\/p>\n<p><strong>Projektni partnerji:<\/strong> <br \/>Zavod Parnas (vodilni partner), <br \/>Pokrajinski muzej Ko\u010devje (P1), <br \/>Lesart d.o.o. (P2), <br \/>Dru\u0161tvo \u010conce (P3),<br \/>Zavod Coknpok (P4).<\/p>\n<p><strong>Trajanje projekta<\/strong>: 29. 4. 2020 &#8211; 15. 10. 2021<\/p>\n<p><strong>Vrednost projekta:\u00a0<\/strong>Projekt je sofinanciran iz sredstev Evropskega kmetijskega sklada za razvoj pode\u017eelja &#8211; EKSRP (85 %). Celotna vrednost projekta: 81.570,78 EUR. Vi\u0161ina sofinanciranja iz EKSRP: 67.864,93 EUR.<\/p>\n<p><strong>Cilji projekta:<br \/><\/strong>&#8211; sistemati\u010dno razi\u0161\u010de celotno obmo\u010dje z obstoje\u010dimi tematskimi potmi in ponudniki ob njih,<br \/>&#8211; pove\u017ee obstoje\u010de tematske pohodne poti v vseh 8 ob\u010dinah v skupno obhodno pot z ozna\u010denimi GPS koordinatami fotografskih to\u010dk in ponudnikov ob njih,<br \/>&#8211; nadgradi fotografska znanja ob uporabi sodobnih tehnologij,<br \/>&#8211; skozi potujo\u010do razstavo opozori na izginjajo\u010do naravno in kulturno dedi\u0161\u010dino ter skupne vrednote krajine,<br \/>&#8211; aktivira romske otroke k bele\u017eenju fotografskih pogledov na njihovo kulturo, ki je del obmo\u010dja,<br \/>&#8211; spodbudi registrirane lokalne ponudnike k sodelovanju ter oblikovanju aktivnih do\u017eivetij za turiste in pohodnike ob tematskih poteh,<br \/>&#8211; omogo\u010di razvoj sodobnih turisti\u010dnih produktov in<br \/>&#8211; prika\u017ee manj dostopno a edinstveno dedi\u0161\u010dino gradu Fridrih\u0161tajn na zaslonu na dotik in jo s tem naredi dostopnej\u0161o tudi starej\u0161im in invalidnim osebam,<br \/>&#8211; izobra\u017euje ponudnike za pripravo inovativnih programov interpretacije dedi\u0161\u010dine,<br \/>&#8211; spodbuja mlade za pripravo inovativnih glasbenih programov animacije gostov,<br \/>&#8211; izbolj\u0161a dostopnost to\u010dk ob tematskih poteh in informacij za invalide.<\/p>\n<p><strong>Rezultati operacije:<\/strong><br \/>&#8211; povezana ponudba tematskih poti z GPS ozna\u010denimi fotografskimi to\u010dkami in ponudniki interpretacije dedi\u0161\u010dine od Turjaka do Kolpe<br \/>&#8211; vzpostavljena aktivna spletna stran s potmi, fotografskimi to\u010dkami in ponudniki;<br \/>&#8211; vzpostavljene info to\u010dke pri 3 ponudnikih z avtorskimi ilustracijami s programom interpretacije dedi\u0161\u010dine ve\u010d ponudnikov,<br \/>&#8211; nakup dveh kostumov z opremo za kostumirano interpretacijo,<br \/>&#8211; razvit produkt glasbeno-pripovedovalskega ve\u010dera,<br \/>&#8211; animacija gradu Fridrih\u0161tajn na podlagi tehnike 3D skeniranja nalo\u017eena na kupljen zaslon na dotik s pripadajo\u010do opremo (touchscreen);<br \/>&#8211; kupljena oprema za izvedbo izobra\u017eevanj in ureditev video in fotografskega gradiva (ra\u010dunalnik, monitor, dron);<br \/>&#8211; 3 izvedene fotografske delavnice, od tega 1 za ranljivo skupino Romov;<br \/>&#8211; 1 delavnica interpretacije dedi\u0161\u010dine za ponudnike;<br \/>&#8211; 3 izvedene glasbene delavnice za mlade;<br \/>&#8211; izdelana potujo\u010da zunanja razstava z 8 fotografijami ve\u010djega formata na 2 kompletih lesenih nosilcev, 8 izvedenih gostovanj po vseh 8 ob\u010dinah LAS PPD,<br \/>&#8211; 500 natisnjenih izvodov tiskanega vodnika.<\/p>\n<p>Povezava na spletno stran Evropske komisije, namenjene Evropskemu kmetijskemu skladu za razvoj pode\u017eelja: <a href=\"http:\/\/ec.europa.eu\/agriculture\/rural-development-2014-2020\/index_sl.htm\" target=\"_blank\" rel=\"noopener noreferrer\" data-saferedirecturl=\"https:\/\/www.google.com\/url?q=http:\/\/ec.europa.eu\/agriculture\/rural-development-2014-2020\/index_sl.htm&amp;source=gmail&amp;ust=1591857617887000&amp;usg=AFQjCNG393I5aAwPv-be87APrKRW2bRHXg\">http:\/\/ec.europa.eu\/<wbr \/>agriculture\/rural-development-<wbr \/>2014-2020\/index_sl.htm<\/a><u><\/u><u><\/u><br \/>Povezava na spletno stran PRP 2014\u20132020: <a href=\"http:\/\/www.program-podezelja.si\/\" target=\"_blank\" rel=\"noopener noreferrer\" data-saferedirecturl=\"https:\/\/www.google.com\/url?q=http:\/\/www.program-podezelja.si\/&amp;source=gmail&amp;ust=1591857617887000&amp;usg=AFQjCNEUViV5b80wWoQP1S8vcf4fsXiipQ\">www.program-podezelja.si\/<\/a><u><\/u><u><\/u><\/p>\n<hr \/>\n<h3><strong>Zaklju\u010deno (2018-2019):<br \/><\/strong><strong>\u017divljenje ustvarja zgodbe &#8211; \u017dUZ (<a href=\"http:\/\/las-ppd.si\/\">LAS PPD<\/a>)<\/strong><\/h3>\n<div id='gallery-1' class='gallery galleryid-3964 gallery-columns-1 gallery-size-thumbnail'><figure class='gallery-item'>\n\t\t\t<div class='gallery-icon landscape'>\n\t\t\t\t<a href='https:\/\/zavod-parnas.org\/w\/wp-content\/uploads\/2024\/01\/logo-CLLD-za-splet-252x71-1.jpg' title=\"\" data-rl_title=\"\" class=\"rl-gallery-link\" data-rl_caption=\"\" data-rel=\"lightbox-gallery-1\"><img decoding=\"async\" width=\"252\" height=\"71\" src=\"https:\/\/zavod-parnas.org\/w\/wp-content\/uploads\/2024\/01\/logo-CLLD-za-splet-252x71-1.jpg\" class=\"attachment-thumbnail size-thumbnail\" alt=\"\" \/><\/a>\n\t\t\t<\/div><\/figure>\n\t\t<\/div>\n\n<p><strong>Projektni partnerji:<\/strong> <br \/>Knji\u017enica Miklova hi\u0161a, Ribnica (vodilni partner- VP), <br \/>Ob\u010dina Lo\u0161ki Potok (P1), <br \/>Zavod Parnas (P2), <br \/>Javni zavod Rokodelski center Ribnica (P3).<\/p>\n<p><strong>Trajanje projekta<\/strong>: 1. 3.\u00a02018 &#8211; 31.12. 2019<\/p>\n<p><strong>Vrednost projekta:\u00a0<\/strong>Projekt je sofinanciran iz\u00a0sredstev Evropskega kmetijskega sklada za razvoj pode\u017eelja &#8211; EKSRP\u00a0(85 %). Celotna vrednost projekta: 79.595,07 EUR. Vi\u0161ina sofinanciranja iz EKSRP: 67.655,80 EUR.<\/p>\n<p><strong>Cilji projekta:<\/strong><\/p>\n<p>\u017divljenje ustvarja zgodbe s svojo aktivnostjo zbiranja in publiciranja zgodb (pripovedi in Miklove), pripovedovanja in izobra\u017eevanja ter vzgojo najmlaj\u0161ih (delavnice za otroke) dviguje kakovost lokalnega \u017eivljenja, krepi lokalno identiteto in pove\u010duje sinergijo kulture bivanja, ohranjanja kulturne dedi\u0161\u010dine v pisni in elektronski obliki.<\/p>\n<p><strong>Rezultati projekta:\u00a0<\/strong><\/p>\n<ul>\n<li>Udele\u017eenih bo ve\u010d kot 5% prebivalcev ob\u010din Sodra\u017eice, Lo\u0161kega Potoka, Ribnice in Velikih La\u0161\u010d.<\/li>\n<li>V projektu bo aktivno sodelovalo ve\u010d kot 300 udele\u017eencev.<\/li>\n<li>Skupina mladih bo nagovorila mlade z lastnim izrazom pogleda na dedi\u0161\u010dino, v operaciji bo aktivno sodelovalo ve\u010d kot 20 mladih.<\/li>\n<li>V petih vsebinskih temah bodo skozi zvo\u010dne posnetke, videospote, fotografije in besedila prikazane vse aktivnosti operacije na didakti\u010dno interaktivnem ekranu.<\/li>\n<li>Izdani bosta 2 knjigi in vodnik o preteklih in sedanjih zgodbah.<\/li>\n<li>Digitalizirane bodo fotografije in dokumenti iz Miklove zbirke Muzeja Ribnica.<\/li>\n<li>Izdana bo dvojezi\u010dna zlo\u017eenka \u00bbMiklovi\u00ab.<\/li>\n<li>S pesemskim izro\u010dilom in obla\u010dilno kulturo &#8211; ljudskimi no\u0161ami se bo seznanilo ve\u010d kot 10% ljudi Lo\u0161kega Potoka.<\/li>\n<li>Na podlagi zbranega pesemskega izro\u010dila in izdelanih 11 \u017eenskih ljudskih no\u0161 bodo izvedeni trije javni nastopi.<\/li>\n<li>Izvedenih bo 20 delavnic pripovedovanja ter 20 delavnic ustvarjanja zgodb otrok s 3 predstavitvami<\/li>\n<li>Izvedene bodo po 4 predstavitve knjige Ljudske pripovedi in knjige o Miklovih.<\/li>\n<li>Organizirani bodo 4 glasbeno-pripovedni in literarni ve\u010deri za odrasle.<\/li>\n<\/ul>\n<p><a href=\"http:\/\/las-ppd.si\/wp-content\/uploads\/2018\/04\/%C5%BDIVLJENJE-USTVARJA-ZGODBE.pdf\"><strong>Povzetek projekta<\/strong><\/a><\/p>\n<hr \/>\n<h3><strong>Zaklju\u010deno (2018-2019):<br \/><\/strong><strong>Kuharica Fi\u017eolov dan &#8211; KFD (<a href=\"http:\/\/las-ppd.si\/\">LAS PPD<\/a>)<\/strong><\/h3>\n<div id='gallery-2' class='gallery galleryid-3964 gallery-columns-1 gallery-size-thumbnail'><figure class='gallery-item'>\n\t\t\t<div class='gallery-icon landscape'>\n\t\t\t\t<a href='https:\/\/zavod-parnas.org\/w\/wp-content\/uploads\/2024\/01\/logo-CLLD-za-splet-252x71-1.jpg' title=\"\" data-rl_title=\"\" class=\"rl-gallery-link\" data-rl_caption=\"\" data-rel=\"lightbox-gallery-2\"><img decoding=\"async\" width=\"252\" height=\"71\" src=\"https:\/\/zavod-parnas.org\/w\/wp-content\/uploads\/2024\/01\/logo-CLLD-za-splet-252x71-1.jpg\" class=\"attachment-thumbnail size-thumbnail\" alt=\"\" \/><\/a>\n\t\t\t<\/div><\/figure>\n\t\t<\/div>\n\n<p><strong>Projektni partnerji:<\/strong> <br \/>EQUUS\u00a0-Stanislav \u0160krabec s.p., Ribnica (vodilni partner),\u00a0<br \/>PARNAS Zavod za kulturo in turizem, Velike La\u0161\u010de,\u00a0<br \/>Lesart, d.o.o.\u00a0Stara Cerkev<\/p>\n<p><strong>Trajanje projekta:<\/strong> 21.2.2018 \u2013 31.3.2019<\/p>\n<p>Projekt je sofinanciran iz sredstev Evropskega kmetijskega sklada za razvoj pode\u017eelja \u2013 EKSRP (85 %). Vrednost projekta: 26.983,83 EUR. Vrednost sofinanciranja EKSRP: 21.163,50 EUR<\/p>\n<p><strong>Cilji projekta:<\/strong><\/p>\n<ul>\n<li>pove\u010danje uporabe fi\u017eola v vsakdanji prehrani v vseh ob\u010dinah LAS PPD<\/li>\n<li>prepoznavanje fi\u017eola kot nadomestka mesa v vseh ob\u010dinah LAS PPD<\/li>\n<li>spodbujanje pridelave fi\u017eola v vseh ob\u010dinah LAS PPD<\/li>\n<li>pove\u010danje prepoznavnosti avtohtone slovenske sorte fi\u017eola ribni\u010dan ter predstavitev njegove zgodovinske\u00a0ume\u0161\u010denosti<\/li>\n<li>pove\u010danje prepoznavnosti vasi Hrova\u010da in njenih aktivnosti, s katerimi ohranjajo kulturno dedi\u0161\u010dino<\/li>\n<li>pove\u010danje \u0161tevila turistov na obmo\u010dju ob\u010dine Ribnica, \u0161e posebej na prireditvi Fi\u017eolov dan ter posledi\u010dno pove\u010danje dohodka lokalnega prebivalstva<\/li>\n<li>prenos znanj s starej\u0161e na mlaj\u0161o generacijo<\/li>\n<li>pove\u010dati interes mladih, da se prehranjujejo zdravo in jih ozavestiti o tem, da je fi\u017eol kvalitetno in polnovredno \u017eivilo<\/li>\n<li>spodbuditi ljudi k pripravi sve\u017ee pripravljenih jedi in jih podu\u010diti, da je priprava dobre in kvalitetne hrane lahko zanimiva in hitra<\/li>\n<\/ul>\n<p><strong>Rezultati projekta:\u00a0<\/strong><\/p>\n<ul>\n<li>izdana kuharica o fi\u017eolovih jedeh (300 kos),<\/li>\n<li>izdana predstavitvena zlo\u017eenka (500 kos)<\/li>\n<li>8 izvedenih predstavitev knjige po vseh ob\u010dinah LAS, donacija\u00a0knjige \u0161olam, knji\u017enicam, ob\u010dinam, javnim ustanovam na obmo\u010dju\u00a0 8 ob\u010din LAS<\/li>\n<li>50 preizku\u0161enih receptov fi\u017eolovih jedi<\/li>\n<li>60 fotografij\u00a0fi\u017eolovih jedi<\/li>\n<li>300 sledilcev na Fb strani<\/li>\n<\/ul>\n<p><a href=\"http:\/\/las-ppd.si\/wp-content\/uploads\/2018\/03\/KUHARICA-FI%C5%BDOLOV-DAN.pdf\"><strong>Povzetek projekta<\/strong><\/a><\/p>\n<p>\u00a0<\/p>","protected":false},"excerpt":{"rendered":"<p>Zaklju\u010deno (2021-2023):Metulji in ka\u010dji pastirji MIK \u2013 LAS PPD Projektni partnerji:&nbsp;Zavod Parnas (vodilni partner- VP), Pokrajinski muzej Ko\u010devje (P1),&nbsp;Lesart d.o.o. [&hellip;]<\/p>\n","protected":false},"author":2,"featured_media":0,"parent":0,"menu_order":0,"comment_status":"closed","ping_status":"closed","template":"","meta":{"site-sidebar-layout":"default","site-content-layout":"","ast-site-content-layout":"default","site-content-style":"default","site-sidebar-style":"default","ast-global-header-display":"","ast-banner-title-visibility":"","ast-main-header-display":"","ast-hfb-above-header-display":"","ast-hfb-below-header-display":"","ast-hfb-mobile-header-display":"","site-post-title":"","ast-breadcrumbs-content":"","ast-featured-img":"","footer-sml-layout":"","theme-transparent-header-meta":"","adv-header-id-meta":"","stick-header-meta":"","header-above-stick-meta":"","header-main-stick-meta":"","header-below-stick-meta":"","astra-migrate-meta-layouts":"default","ast-page-background-enabled":"default","ast-page-background-meta":{"desktop":{"background-color":"var(--ast-global-color-5)","background-image":"","background-repeat":"repeat","background-position":"center center","background-size":"auto","background-attachment":"scroll","background-type":"","background-media":"","overlay-type":"","overlay-color":"","overlay-opacity":"","overlay-gradient":""},"tablet":{"background-color":"","background-image":"","background-repeat":"repeat","background-position":"center center","background-size":"auto","background-attachment":"scroll","background-type":"","background-media":"","overlay-type":"","overlay-color":"","overlay-opacity":"","overlay-gradient":""},"mobile":{"background-color":"","background-image":"","background-repeat":"repeat","background-position":"center center","background-size":"auto","background-attachment":"scroll","background-type":"","background-media":"","overlay-type":"","overlay-color":"","overlay-opacity":"","overlay-gradient":""}},"ast-content-background-meta":{"desktop":{"background-color":"var(--ast-global-color-4)","background-image":"","background-repeat":"repeat","background-position":"center center","background-size":"auto","background-attachment":"scroll","background-type":"","background-media":"","overlay-type":"","overlay-color":"","overlay-opacity":"","overlay-gradient":""},"tablet":{"background-color":"var(--ast-global-color-4)","background-image":"","background-repeat":"repeat","background-position":"center center","background-size":"auto","background-attachment":"scroll","background-type":"","background-media":"","overlay-type":"","overlay-color":"","overlay-opacity":"","overlay-gradient":""},"mobile":{"background-color":"var(--ast-global-color-4)","background-image":"","background-repeat":"repeat","background-position":"center center","background-size":"auto","background-attachment":"scroll","background-type":"","background-media":"","overlay-type":"","overlay-color":"","overlay-opacity":"","overlay-gradient":""}},"footnotes":""},"class_list":["post-3964","page","type-page","status-publish","hentry"],"_links":{"self":[{"href":"https:\/\/zavod-parnas.org\/w\/wp-json\/wp\/v2\/pages\/3964","targetHints":{"allow":["GET"]}}],"collection":[{"href":"https:\/\/zavod-parnas.org\/w\/wp-json\/wp\/v2\/pages"}],"about":[{"href":"https:\/\/zavod-parnas.org\/w\/wp-json\/wp\/v2\/types\/page"}],"author":[{"embeddable":true,"href":"https:\/\/zavod-parnas.org\/w\/wp-json\/wp\/v2\/users\/2"}],"replies":[{"embeddable":true,"href":"https:\/\/zavod-parnas.org\/w\/wp-json\/wp\/v2\/comments?post=3964"}],"version-history":[{"count":22,"href":"https:\/\/zavod-parnas.org\/w\/wp-json\/wp\/v2\/pages\/3964\/revisions"}],"predecessor-version":[{"id":9836,"href":"https:\/\/zavod-parnas.org\/w\/wp-json\/wp\/v2\/pages\/3964\/revisions\/9836"}],"wp:attachment":[{"href":"https:\/\/zavod-parnas.org\/w\/wp-json\/wp\/v2\/media?parent=3964"}],"curies":[{"name":"wp","href":"https:\/\/api.w.org\/{rel}","templated":true}]}}