{"id":3931,"date":"2018-03-02T08:36:13","date_gmt":"2018-03-02T07:36:13","guid":{"rendered":"http:\/\/zavod-parnas.org\/w\/?page_id=3931"},"modified":"2025-07-30T07:42:57","modified_gmt":"2025-07-30T05:42:57","slug":"kuharica-fizolov-dan","status":"publish","type":"page","link":"https:\/\/zavod-parnas.org\/w\/kuharica-fizolov-dan\/","title":{"rendered":"Kuharica Fi\u017eolov dan"},"content":{"rendered":"<h3>Kuharica Fi\u017eolov dan (<a href=\"http:\/\/las-ppd.si\/\">LAS Po poteh dedi\u0161\u010dine od Turjaka do Kolpe<\/a>)<\/h3>\n<p>Akronim: KFD<\/p>\n<p>Vodilni partner: EQUUS\u00a0-Stanislav \u0160krabec s.p., Ribnica<\/p>\n<p>Partnerja:<br \/>\nParnas\u00a0Zavod za kulturo in turizem, Velike La\u0161\u010de<br \/>\nLesart, d.o.o.\u00a0Stara Cerkev<\/p>\n<p>Trajanje projekta: 21.2.2018 &#8211; 31.3.2019<\/p>\n<p>Projekt bo sofinanciran iz\u00a0sredstev Evropskega kmetijskega sklada za razvoj pode\u017eelja &#8211; EKSRP\u00a0(85 %).<br \/>\nVrednost projekta: 26.983,83 EUR. Vrednost sofinanciranja EKSRP: 21.163,50 EUR<\/p>\n<p>Rezultati projekta\u00a0prispevajo k uresni\u010devanju Strategije lokalnega razvoja na obmo\u010djih Dobrepolje, Ko\u010devje, Kostel, Lo\u0161ki Potok, Osilnica, Ribnica, Sodra\u017eica in Velike La\u0161\u010de v letu 2017-2018.\u00a0Projekt se izvaja v okviru podukrepa \u00bbPodpora za izvajanje operaciji v okviru strategije lokalnega razvoja, ki ga vodi skupnost\u00ab.\u00a0Sredstva za sofinanciranje je LAS dodelilo\u00a0<strong>Ministrstvo za kmetijstvo, gozdarstvo in prehrano v okviru EKSRP<\/strong>.<\/p>\n<p><a href=\"http:\/\/las-ppd.si\/wp-content\/uploads\/2018\/03\/KUHARICA-FI%C5%BDOLOV-DAN.pdf\"><strong>Povzetek projekta<\/strong><\/a><\/p>\n<p><strong>Cilji projekta:<\/strong><\/p>\n<ul>\n<li>pove\u010danje uporabe fi\u017eola v vsakdanji prehrani v vseh ob\u010dinah LAS PPD<\/li>\n<li>prepoznavanje fi\u017eola kot nadomestka mesa v vseh ob\u010dinah LAS PPD<\/li>\n<li>spodbujanje pridelave fi\u017eola v vseh ob\u010dinah LAS PPD<\/li>\n<li>pove\u010danje prepoznavnosti avtohtone slovenske sorte fi\u017eola ribni\u010dan ter predstavitev njegove zgodovinske\u00a0ume\u0161\u010denosti<\/li>\n<li>pove\u010danje prepoznavnosti vasi Hrova\u010da in njenih aktivnosti, s katerimi ohranjajo kulturno dedi\u0161\u010dino<\/li>\n<li>pove\u010danje \u0161tevila turistov na obmo\u010dju ob\u010dine Ribnica, \u0161e posebej na prireditvi Fi\u017eolov dan ter posledi\u010dno pove\u010danje dohodka lokalnega prebivalstva<\/li>\n<li>prenos znanj s starej\u0161e na mlaj\u0161o generacijo<\/li>\n<li>pove\u010dati interes mladih, da se prehranjujejo zdravo in jih ozavestiti o tem, da je fi\u017eol kvalitetno in polnovredno \u017eivilo<\/li>\n<li>spodbuditi ljudi k pripravi sve\u017ee pripravljenih jedi in jih podu\u010diti, da je priprava dobre in kvalitetne hrane lahko zanimiva in hitra<\/li>\n<\/ul>\n<p><strong>Rezultati projekta:\u00a0<\/strong><\/p>\n<ul>\n<li>izdana kuharica o fi\u017eolovih jedeh (300 kos),<\/li>\n<li>izdana predstavitvena zlo\u017eenka (500 kos)<\/li>\n<li>8 izvedenih predstavitev knjige po vseh ob\u010dinah LAS, donacija\u00a0knjige \u0161olam, knji\u017enicam, ob\u010dinam, javnim ustanovam na obmo\u010dju\u00a0 8 ob\u010din LAS<\/li>\n<li>50 preizku\u0161enih receptov fi\u017eolovih jedi<\/li>\n<li>60 fotografij\u00a0fi\u017eolovih jedi<\/li>\n<li>300 sledilcev na Fb strani<\/li>\n<\/ul>\n<p><strong>Vloga partnerja Zavod Parnas:<\/strong><\/p>\n<ol>\n<li>Oblikovanje in digitalni tisk predstavitvene zlo\u017eenke<\/li>\n<li>Pomo\u010d prostovoljcev zavoda Parnas pri predstavitvah in promociji knjige o fi\u017eolovih jedeh v vseh 8 ob\u010dinah obmo\u010dja LAS PPD od Turjaka do Kolpe<\/li>\n<\/ol>\n<p>&nbsp;<\/p>\n<p>&nbsp;<\/p>\n<p>&nbsp;<\/p>\n","protected":false},"excerpt":{"rendered":"<p>Kuharica Fi\u017eolov dan (LAS Po poteh dedi\u0161\u010dine od Turjaka do Kolpe) Akronim: KFD Vodilni partner: EQUUS\u00a0-Stanislav \u0160krabec s.p., Ribnica Partnerja: [&hellip;]<\/p>\n","protected":false},"author":2,"featured_media":0,"parent":0,"menu_order":0,"comment_status":"closed","ping_status":"closed","template":"","meta":{"site-sidebar-layout":"default","site-content-layout":"","ast-site-content-layout":"default","site-content-style":"default","site-sidebar-style":"default","ast-global-header-display":"","ast-banner-title-visibility":"","ast-main-header-display":"","ast-hfb-above-header-display":"","ast-hfb-below-header-display":"","ast-hfb-mobile-header-display":"","site-post-title":"","ast-breadcrumbs-content":"","ast-featured-img":"","footer-sml-layout":"","theme-transparent-header-meta":"","adv-header-id-meta":"","stick-header-meta":"","header-above-stick-meta":"","header-main-stick-meta":"","header-below-stick-meta":"","astra-migrate-meta-layouts":"default","ast-page-background-enabled":"default","ast-page-background-meta":{"desktop":{"background-color":"var(--ast-global-color-5)","background-image":"","background-repeat":"repeat","background-position":"center center","background-size":"auto","background-attachment":"scroll","background-type":"","background-media":"","overlay-type":"","overlay-color":"","overlay-opacity":"","overlay-gradient":""},"tablet":{"background-color":"","background-image":"","background-repeat":"repeat","background-position":"center center","background-size":"auto","background-attachment":"scroll","background-type":"","background-media":"","overlay-type":"","overlay-color":"","overlay-opacity":"","overlay-gradient":""},"mobile":{"background-color":"","background-image":"","background-repeat":"repeat","background-position":"center center","background-size":"auto","background-attachment":"scroll","background-type":"","background-media":"","overlay-type":"","overlay-color":"","overlay-opacity":"","overlay-gradient":""}},"ast-content-background-meta":{"desktop":{"background-color":"var(--ast-global-color-4)","background-image":"","background-repeat":"repeat","background-position":"center center","background-size":"auto","background-attachment":"scroll","background-type":"","background-media":"","overlay-type":"","overlay-color":"","overlay-opacity":"","overlay-gradient":""},"tablet":{"background-color":"var(--ast-global-color-4)","background-image":"","background-repeat":"repeat","background-position":"center center","background-size":"auto","background-attachment":"scroll","background-type":"","background-media":"","overlay-type":"","overlay-color":"","overlay-opacity":"","overlay-gradient":""},"mobile":{"background-color":"var(--ast-global-color-4)","background-image":"","background-repeat":"repeat","background-position":"center center","background-size":"auto","background-attachment":"scroll","background-type":"","background-media":"","overlay-type":"","overlay-color":"","overlay-opacity":"","overlay-gradient":""}},"footnotes":""},"class_list":["post-3931","page","type-page","status-publish","hentry"],"_links":{"self":[{"href":"https:\/\/zavod-parnas.org\/w\/wp-json\/wp\/v2\/pages\/3931","targetHints":{"allow":["GET"]}}],"collection":[{"href":"https:\/\/zavod-parnas.org\/w\/wp-json\/wp\/v2\/pages"}],"about":[{"href":"https:\/\/zavod-parnas.org\/w\/wp-json\/wp\/v2\/types\/page"}],"author":[{"embeddable":true,"href":"https:\/\/zavod-parnas.org\/w\/wp-json\/wp\/v2\/users\/2"}],"replies":[{"embeddable":true,"href":"https:\/\/zavod-parnas.org\/w\/wp-json\/wp\/v2\/comments?post=3931"}],"version-history":[{"count":8,"href":"https:\/\/zavod-parnas.org\/w\/wp-json\/wp\/v2\/pages\/3931\/revisions"}],"predecessor-version":[{"id":4173,"href":"https:\/\/zavod-parnas.org\/w\/wp-json\/wp\/v2\/pages\/3931\/revisions\/4173"}],"wp:attachment":[{"href":"https:\/\/zavod-parnas.org\/w\/wp-json\/wp\/v2\/media?parent=3931"}],"curies":[{"name":"wp","href":"https:\/\/api.w.org\/{rel}","templated":true}]}}