{"id":3898,"date":"2018-02-24T10:57:17","date_gmt":"2018-02-24T09:57:17","guid":{"rendered":"http:\/\/zavod-parnas.org\/w\/?page_id=3898"},"modified":"2025-07-25T15:36:14","modified_gmt":"2025-07-25T13:36:14","slug":"mladi-parnas","status":"publish","type":"page","link":"https:\/\/zavod-parnas.org\/w\/mladi-parnas\/","title":{"rendered":"OE Mladi Parnas"},"content":{"rendered":"\n<figure class=\"wp-block-gallery has-nested-images columns-3 is-cropped wp-block-gallery-1 is-layout-flex wp-block-gallery-is-layout-flex\">\n<figure class=\"wp-block-image size-large\"><img fetchpriority=\"high\" decoding=\"async\" width=\"630\" height=\"420\" data-id=\"10587\" src=\"https:\/\/zavod-parnas.org\/w\/wp-content\/uploads\/2024\/11\/Jontezova-pekarna-dec-3-630x420.jpg\" alt=\"\" class=\"wp-image-10587\" srcset=\"https:\/\/zavod-parnas.org\/w\/wp-content\/uploads\/2024\/11\/Jontezova-pekarna-dec-3-630x420.jpg 630w, https:\/\/zavod-parnas.org\/w\/wp-content\/uploads\/2024\/11\/Jontezova-pekarna-dec-3-300x200.jpg 300w, https:\/\/zavod-parnas.org\/w\/wp-content\/uploads\/2024\/11\/Jontezova-pekarna-dec-3-252x168.jpg 252w, https:\/\/zavod-parnas.org\/w\/wp-content\/uploads\/2024\/11\/Jontezova-pekarna-dec-3-1536x1025.jpg 1536w, https:\/\/zavod-parnas.org\/w\/wp-content\/uploads\/2024\/11\/Jontezova-pekarna-dec-3.jpg 2048w\" sizes=\"(max-width: 630px) 100vw, 630px\" \/><\/figure>\n\n\n\n<figure class=\"wp-block-image size-large\"><img decoding=\"async\" width=\"630\" height=\"284\" data-id=\"8450\" src=\"https:\/\/zavod-parnas.org\/w\/wp-content\/uploads\/2022\/06\/5udelezencev-630x284.jpg\" alt=\"\" class=\"wp-image-8450\" srcset=\"https:\/\/zavod-parnas.org\/w\/wp-content\/uploads\/2022\/06\/5udelezencev-630x284.jpg 630w, https:\/\/zavod-parnas.org\/w\/wp-content\/uploads\/2022\/06\/5udelezencev-300x135.jpg 300w, https:\/\/zavod-parnas.org\/w\/wp-content\/uploads\/2022\/06\/5udelezencev-252x114.jpg 252w, https:\/\/zavod-parnas.org\/w\/wp-content\/uploads\/2022\/06\/5udelezencev.jpg 1008w\" sizes=\"(max-width: 630px) 100vw, 630px\" \/><\/figure>\n\n\n\n<figure class=\"wp-block-image size-large\"><img decoding=\"async\" width=\"630\" height=\"473\" data-id=\"8481\" src=\"https:\/\/zavod-parnas.org\/w\/wp-content\/uploads\/2022\/07\/IMG_6099-630x473.jpg\" alt=\"\" class=\"wp-image-8481\" srcset=\"https:\/\/zavod-parnas.org\/w\/wp-content\/uploads\/2022\/07\/IMG_6099-630x473.jpg 630w, https:\/\/zavod-parnas.org\/w\/wp-content\/uploads\/2022\/07\/IMG_6099-300x225.jpg 300w, https:\/\/zavod-parnas.org\/w\/wp-content\/uploads\/2022\/07\/IMG_6099-252x189.jpg 252w, https:\/\/zavod-parnas.org\/w\/wp-content\/uploads\/2022\/07\/IMG_6099.jpg 1280w\" sizes=\"(max-width: 630px) 100vw, 630px\" \/><\/figure>\n<\/figure>\n\n\n\n<p>ustvarja prilo\u017enosti za aktiviranje mladih v lokalnem okolju. <br>Za nami so \u017ee \u0161tevilni uspe\u0161ni projekti. Organizacijsko enoto MLADI PARNAS v Svetu zavoda zastopa <strong>Tine Stari\u010d  &#8211; <\/strong>tine(@)staric.net<\/p>\n\n\n\n<h3 class=\"wp-block-heading\"><strong>AKTUALNI PROJEKTI<\/strong> 2025<\/h3>\n\n\n\n<h4 class=\"wp-block-heading\">Prostovoljska dela:<\/h4>\n\n\n\n<figure class=\"wp-block-table\"><table><tbody><tr><td>Projekt:<\/td><td>Vsebina in kontakt:<\/td><td>Opomba:<\/td><\/tr><tr><td><strong>MI\u0160JA DOLINA<\/strong><br>Fb, Ig<\/td><td>Pomo\u010d pri urejanju objav (vse leto)<br>Kontakt: Ur\u0161ka Hren hren.urska(@)gmail.com<\/td><td><span class=\"has-inline-color has-vivid-green-cyan-color\">AKTUALNO<\/span><\/td><\/tr><tr><td><strong>NAJDIHOJCA<\/strong><\/td><td>Pomo\u010d pri organizaciji festivala otro\u0161kega gledali\u0161\u010da Najdihojca 2025 v Velikih La\u0161\u010dah&nbsp; -v organizaciji KUD Primo\u017e Trubar<br>kontakt: matej.polzelnik(@)gmail.com<\/td><td><span class=\"has-inline-color has-vivid-green-cyan-color\">AKTUALNO<\/span><\/td><\/tr><tr><td><strong>POPRTNIK<\/strong><br>Fb, Ig<\/td><td>Pomo\u010d pri urejanju Fb in Ig objav za Poprtnik (november, december). Kontakt: Beti Lunder beti.lunder(@)gmail.com<\/td><td>NI  \u0160E AKTUALNO<\/td><\/tr><tr><td><strong>\u0160TUDIJSKE AKTIVNOSTI<\/strong><\/td><td>Praksa s podro\u010dja naravne in kulturne dedi\u0161\u010dine <br>Kontakt: metka@zavod-parnas.org<\/td><td><span class=\"has-inline-color has-vivid-cyan-blue-color\">ZAPOLNJENO<\/span><\/td><\/tr><tr><td><strong>\u0160TUDIJSKE AKTIVNOSTI<\/strong><\/td><td>Priprava seminarske naloge s podro\u010dja naravne in kulturne dedi\u0161\u010dine<br>Kontakt: metka@zavod-parnas.org<\/td><td><span class=\"has-inline-color has-vivid-green-cyan-color\">AKTUALNO<\/span><\/td><\/tr><\/tbody><\/table><\/figure>\n\n\n\n<h4 class=\"wp-block-heading\">Prek pogodbe (z lastnim s.p.)<\/h4>\n\n\n\n<figure class=\"wp-block-table\"><table><tbody><tr><td>Projekt:<\/td><td>Vsebina in kontakt:<\/td><td>Opomba:<\/td><\/tr><tr><td><strong>VIDEO PRODUKCIJA<\/strong><\/td><td>Priprava kraj\u0161ih promocijskih videospotov &#8211; snemanje in monta\u017ea. <br>Po najavah -ob\u010dasno.<\/td><td><span class=\"has-inline-color has-vivid-cyan-blue-color\">ZAPOLNJENO<\/span><\/td><\/tr><tr><td><strong>ANIMACIJA<\/strong><\/td><td>Samostojna izvedba izobra\u017eevalnih programov Zavoda Parnas. <br>Po najavah &#8211; ob\u010dasno.<\/td><td><span class=\"has-inline-color has-vivid-cyan-blue-color\"><span class=\"has-inline-color has-vivid-green-cyan-color\">AKTUALNO<\/span><\/span><\/td><\/tr><tr><td><\/td><td><\/td><td><\/td><\/tr><\/tbody><\/table><\/figure>\n\n\n\n<h4 class=\"wp-block-heading\">Prek \u0161tudentske napotnice<\/h4>\n\n\n\n<figure class=\"wp-block-table\"><table><tbody><tr><td>Projekt:<\/td><td>Vsebina in kontakt:<\/td><td>Opomba:<\/td><\/tr><tr><td><strong>FESTIVAL BO\u017dI\u010cNEGA <\/strong><br><strong>KRUHA 2025<\/strong><br><\/td><td>Pomo\u010d pri animaciji na \u010dezmejnem festivalu bo\u017ei\u010dnega kruha. (nov-dec)<br>Kontakta: metka(@)zavod-parnas.org<\/td><td>NI \u0160E AKTUALNO<\/td><\/tr><tr><td><strong>ZALO\u017dNI\u0160TVO<\/strong><\/td><td>Izvedba intervjujev z nosilci dedi\u0161\u010dine priprave poprtnika<\/td><td>ZAKLJU\u010cENO<\/td><\/tr><tr><td><\/td><td><\/td><td><\/td><\/tr><\/tbody><\/table><\/figure>\n\n\n\n<p><strong>Imate zanimivo&nbsp; idejo? Predstavite nam jo!<\/strong><br>041 833 456, info(@)zavod-parnas.org<\/p>\n\n\n\n<figure class=\"wp-block-gallery has-nested-images columns-default is-cropped wp-block-gallery-2 is-layout-flex wp-block-gallery-is-layout-flex\">\n<figure class=\"wp-block-image size-large\"><img loading=\"lazy\" decoding=\"async\" width=\"630\" height=\"840\" data-id=\"10606\" src=\"https:\/\/zavod-parnas.org\/w\/wp-content\/uploads\/2024\/12\/IMG_4217-630x840.jpg\" alt=\"\" class=\"wp-image-10606\" srcset=\"https:\/\/zavod-parnas.org\/w\/wp-content\/uploads\/2024\/12\/IMG_4217-630x840.jpg 630w, https:\/\/zavod-parnas.org\/w\/wp-content\/uploads\/2024\/12\/IMG_4217-225x300.jpg 225w, https:\/\/zavod-parnas.org\/w\/wp-content\/uploads\/2024\/12\/IMG_4217-252x336.jpg 252w, https:\/\/zavod-parnas.org\/w\/wp-content\/uploads\/2024\/12\/IMG_4217-1152x1536.jpg 1152w, https:\/\/zavod-parnas.org\/w\/wp-content\/uploads\/2024\/12\/IMG_4217-1536x2048.jpg 1536w, https:\/\/zavod-parnas.org\/w\/wp-content\/uploads\/2024\/12\/IMG_4217-scaled.jpg 1920w\" sizes=\"(max-width: 630px) 100vw, 630px\" \/><\/figure>\n\n\n\n<figure class=\"wp-block-image size-large\"><img loading=\"lazy\" decoding=\"async\" width=\"630\" height=\"630\" data-id=\"5933\" src=\"https:\/\/zavod-parnas.org\/w\/wp-content\/uploads\/2020\/06\/IMG_4240-2-630x630.jpg\" alt=\"\" class=\"wp-image-5933\" srcset=\"https:\/\/zavod-parnas.org\/w\/wp-content\/uploads\/2020\/06\/IMG_4240-2-630x630.jpg 630w, https:\/\/zavod-parnas.org\/w\/wp-content\/uploads\/2020\/06\/IMG_4240-2-300x300.jpg 300w, https:\/\/zavod-parnas.org\/w\/wp-content\/uploads\/2020\/06\/IMG_4240-2-252x252.jpg 252w, https:\/\/zavod-parnas.org\/w\/wp-content\/uploads\/2020\/06\/IMG_4240-2-1536x1536.jpg 1536w, https:\/\/zavod-parnas.org\/w\/wp-content\/uploads\/2020\/06\/IMG_4240-2-2048x2048.jpg 2048w\" sizes=\"(max-width: 630px) 100vw, 630px\" \/><\/figure>\n\n\n\n<figure class=\"wp-block-image size-large\"><img loading=\"lazy\" decoding=\"async\" width=\"630\" height=\"345\" data-id=\"5766\" src=\"https:\/\/zavod-parnas.org\/w\/wp-content\/uploads\/2020\/05\/avtorska-ekipa-Parnas-002-630x345.jpg\" alt=\"\" class=\"wp-image-5766\" srcset=\"https:\/\/zavod-parnas.org\/w\/wp-content\/uploads\/2020\/05\/avtorska-ekipa-Parnas-002-630x345.jpg 630w, https:\/\/zavod-parnas.org\/w\/wp-content\/uploads\/2020\/05\/avtorska-ekipa-Parnas-002-300x164.jpg 300w, https:\/\/zavod-parnas.org\/w\/wp-content\/uploads\/2020\/05\/avtorska-ekipa-Parnas-002-252x138.jpg 252w, https:\/\/zavod-parnas.org\/w\/wp-content\/uploads\/2020\/05\/avtorska-ekipa-Parnas-002.jpg 689w\" sizes=\"(max-width: 630px) 100vw, 630px\" \/><\/figure>\n<\/figure>\n\n\n\n<h2 class=\"wp-block-heading\">IZ ARHIVA:<\/h2>\n\n\n\n<p><strong>SPORO\u010cILA POPRTNIKA Z MLADIMI ANIMATORJI (2024): <\/strong>sodelovanje pri o\u017eivljanju Jontezove pekarije v MD VRT, izvedba delavnic peke peciva, sodelovanje pri ohranjanju dedi\u0161\u010dine poprtnika &#8211; zaklju\u010deno<\/p>\n\n\n\n<p><strong>MALA BARJA &#8211; MARJA (2018-2023):<\/strong>&nbsp; delovanje info to\u010dke na Trubarjevi doma\u010diji &#8211; ustvarjalne delavnice ob okoljskih dnevih &#8211; odstranjevanje invazivnih tujerodnih vrst (kot \u0161tudentsko delo)&nbsp;<\/p>\n\n\n\n<p><strong>METULJI IN KA\u010cJI PASTIRJI (2022-2023):<\/strong> ohranjanje vodnih virov v Velikih La\u0161\u010dah (sodelovanje pri akcijah, predstavitvah projekta, sodelovanje pri pripravi interpretativnih besedil &#8230;), uporaba starih vezenin v novih modnih obla\u010dilih in hi\u0161nem tekstilu (vklju\u010devanje v \u0161tudijski kro\u017eek, rokodelske delavnice)- zaklju\u010deno<\/p>\n\n\n\n<p><strong>ZIDOVI IN DREVESA (LAS PPD 2020-2021)<\/strong> &#8211; razvijanje ponudbe ob tematskih poteh od Turjaka do Kolpe (kontakt Metka Stari\u010d metka@zavod-parnas.org)-zaklju\u010deno<\/p>\n\n\n\n<p><strong>\u017dIVLJENJE USTVARJA ZGODBE (2018)<\/strong><br>kratki filmi &#8211; re\u017eija, kamera in monta\u017ea Tadej Bavdek, zvok Urban Gruden, nastopajo\u010di&nbsp; \u0161tevilni prostovoljci)<br>bro\u0161ura \u017divljenje ustvarja zgodbe (Matija Perov\u0161ek, Sanja Zgonec, Bo\u0161tjan Podlogar) &#8211; poglej v VIDEO ARHIVU.<\/p>\n\n\n\n<p><strong>KAK\u0160NE BARVE JE PRIHODNOST (2014)<\/strong><br>pogovori z mladimi iz velikola\u0161ke in sosednjih ob\u010din<br>Organizatorji: Knji\u017enica Frana Levstika Velike La\u0161\u010de, Zavod PARNAS in zavod \u0160katla. Moderator: Jo\u017ee Stari\u010d. Kamera: Niko Samsa. Tehni\u010dna podpora: Zelnik.net (zavod \u0160KATLA)<\/p>\n\n\n\n<p>1.pogovorni ve\u010der&nbsp;&nbsp;27.1.2014&nbsp;<a href=\"https:\/\/www.youtube.com\/watch?v=goa9BaEBV74\" data-rel=\"lightbox-video-0\"> Klara Debeljak in Marjana Dol\u0161ina<\/a><\/p>\n\n\n\n<p>2.pogovorni ve\u010der 24.2.2014&nbsp; &nbsp;<a href=\"https:\/\/www.youtube.com\/watch?v=vloTJRVB3_s\" data-rel=\"lightbox-video-1\">Rok Bor\u0161tnik in Ambro\u017e Volek<\/a><\/p>\n\n\n\n<p>3.pogovorni ve\u010der 5.3.2014<a href=\"https:\/\/www.youtube.com\/watch?v=FdMQKxDcy9w\" data-rel=\"lightbox-video-2\"> Borut Bor\u0161tnik in Borut Vasi\u010d<\/a><\/p>\n\n\n\n<p>4.pogovorni ve\u010der 28.4. 2014 <a href=\"https:\/\/www.youtube.com\/watch?v=mrwcBxfiVeo\" data-rel=\"lightbox-video-3\">Miha Brkinja\u010d in Toma\u017e \u0160u\u0161tar<\/a><\/p>\n\n\n\n<p>5.pogovorni ve\u010der 26. 5. 2014&nbsp; <a href=\"https:\/\/www.youtube.com\/watch?v=u2UPEKJvFoU\" data-rel=\"lightbox-video-4\">Nu\u0161a Dedo Lale in Marko Gruden<\/a><\/p>\n","protected":false},"excerpt":{"rendered":"<p>ustvarja prilo\u017enosti za aktiviranje mladih v lokalnem okolju. Za nami so \u017ee \u0161tevilni uspe\u0161ni projekti. Organizacijsko enoto MLADI PARNAS v [&hellip;]<\/p>\n","protected":false},"author":2,"featured_media":0,"parent":0,"menu_order":0,"comment_status":"closed","ping_status":"closed","template":"","meta":{"site-sidebar-layout":"default","site-content-layout":"","ast-site-content-layout":"default","site-content-style":"default","site-sidebar-style":"default","ast-global-header-display":"","ast-banner-title-visibility":"","ast-main-header-display":"","ast-hfb-above-header-display":"","ast-hfb-below-header-display":"","ast-hfb-mobile-header-display":"","site-post-title":"","ast-breadcrumbs-content":"","ast-featured-img":"","footer-sml-layout":"","theme-transparent-header-meta":"","adv-header-id-meta":"","stick-header-meta":"","header-above-stick-meta":"","header-main-stick-meta":"","header-below-stick-meta":"","astra-migrate-meta-layouts":"default","ast-page-background-enabled":"default","ast-page-background-meta":{"desktop":{"background-color":"var(--ast-global-color-5)","background-image":"","background-repeat":"repeat","background-position":"center center","background-size":"auto","background-attachment":"scroll","background-type":"","background-media":"","overlay-type":"","overlay-color":"","overlay-opacity":"","overlay-gradient":""},"tablet":{"background-color":"","background-image":"","background-repeat":"repeat","background-position":"center center","background-size":"auto","background-attachment":"scroll","background-type":"","background-media":"","overlay-type":"","overlay-color":"","overlay-opacity":"","overlay-gradient":""},"mobile":{"background-color":"","background-image":"","background-repeat":"repeat","background-position":"center center","background-size":"auto","background-attachment":"scroll","background-type":"","background-media":"","overlay-type":"","overlay-color":"","overlay-opacity":"","overlay-gradient":""}},"ast-content-background-meta":{"desktop":{"background-color":"var(--ast-global-color-4)","background-image":"","background-repeat":"repeat","background-position":"center center","background-size":"auto","background-attachment":"scroll","background-type":"","background-media":"","overlay-type":"","overlay-color":"","overlay-opacity":"","overlay-gradient":""},"tablet":{"background-color":"var(--ast-global-color-4)","background-image":"","background-repeat":"repeat","background-position":"center center","background-size":"auto","background-attachment":"scroll","background-type":"","background-media":"","overlay-type":"","overlay-color":"","overlay-opacity":"","overlay-gradient":""},"mobile":{"background-color":"var(--ast-global-color-4)","background-image":"","background-repeat":"repeat","background-position":"center center","background-size":"auto","background-attachment":"scroll","background-type":"","background-media":"","overlay-type":"","overlay-color":"","overlay-opacity":"","overlay-gradient":""}},"footnotes":""},"class_list":["post-3898","page","type-page","status-publish","hentry"],"_links":{"self":[{"href":"https:\/\/zavod-parnas.org\/w\/wp-json\/wp\/v2\/pages\/3898","targetHints":{"allow":["GET"]}}],"collection":[{"href":"https:\/\/zavod-parnas.org\/w\/wp-json\/wp\/v2\/pages"}],"about":[{"href":"https:\/\/zavod-parnas.org\/w\/wp-json\/wp\/v2\/types\/page"}],"author":[{"embeddable":true,"href":"https:\/\/zavod-parnas.org\/w\/wp-json\/wp\/v2\/users\/2"}],"replies":[{"embeddable":true,"href":"https:\/\/zavod-parnas.org\/w\/wp-json\/wp\/v2\/comments?post=3898"}],"version-history":[{"count":28,"href":"https:\/\/zavod-parnas.org\/w\/wp-json\/wp\/v2\/pages\/3898\/revisions"}],"predecessor-version":[{"id":11650,"href":"https:\/\/zavod-parnas.org\/w\/wp-json\/wp\/v2\/pages\/3898\/revisions\/11650"}],"wp:attachment":[{"href":"https:\/\/zavod-parnas.org\/w\/wp-json\/wp\/v2\/media?parent=3898"}],"curies":[{"name":"wp","href":"https:\/\/api.w.org\/{rel}","templated":true}]}}