{"id":11879,"date":"2025-07-30T11:22:20","date_gmt":"2025-07-30T09:22:20","guid":{"rendered":"https:\/\/zavod-parnas.org\/w\/?page_id=11879"},"modified":"2025-09-11T13:46:49","modified_gmt":"2025-09-11T11:46:49","slug":"poprtnik-s-trzisca","status":"publish","type":"page","link":"https:\/\/zavod-parnas.org\/w\/poprtnik-s-trzisca\/","title":{"rendered":"Poprtnik iz Tr\u017ei\u0161\u010da"},"content":{"rendered":"\n<p>Nesnovna dedi\u0161\u010dina:\u00a0<a href=\"http:\/\/www.nesnovnadediscina.si\/sl\/priprava-poprtnikov\">Priprava poprtnikov<\/a><br>Nosilec izro\u010dila:\u00a0Skupina gospodinj s Tr\u017ei\u0161\u010da in okolice Sevnice<br>Skupino zastopa Fani Bor\u0161tnar.<\/p>\n\n\n\n<p>Skupino podpira Aktiv kme\u010dkih \u017eena Tr\u017ei\u0161\u010de s predsednico Fani Bor\u0161tnar. Aktiv v domu krajevne skupnosti Tr\u017ei\u0161\u010de nosilkam izro\u010dila zagotavlja tudi prostorno kuhinjo za izvedbo delavnic in razstav. Nosilke izro\u010dila sodelujejo z lokalno osnovno \u0161olo ter vi\u0161jo strokovno \u0161olo Grm Novo mesto (prof. Sebastjan Repnik), za katere pripravljajo delavnice priprave poprtnika. <\/p>\n\n\n\n<figure class=\"wp-block-embed is-type-video is-provider-youtube wp-block-embed-youtube wp-embed-aspect-16-9 wp-has-aspect-ratio\"><div class=\"wp-block-embed__wrapper\">\n<div class=\"ast-oembed-container \" style=\"height: 100%;\"><iframe title=\"Kdo \u0161e pe\u010de poprtnik na Dolenjskem TR\u017dI\u0160\u010cE, GRM NM 2023\" width=\"500\" height=\"281\" src=\"https:\/\/www.youtube.com\/embed\/gMVRhjql8Uc?feature=oembed\" frameborder=\"0\" allow=\"accelerometer; autoplay; clipboard-write; encrypted-media; gyroscope; picture-in-picture; web-share\" referrerpolicy=\"strict-origin-when-cross-origin\" allowfullscreen><\/iframe><\/div>\n<\/div><\/figure>\n\n\n\n<p><\/p>\n\n\n\n<figure class=\"wp-block-embed is-type-video is-provider-youtube wp-block-embed-youtube wp-embed-aspect-16-9 wp-has-aspect-ratio\"><div class=\"wp-block-embed__wrapper\">\n<div class=\"ast-oembed-container \" style=\"height: 100%;\"><iframe title=\"Who still bakes Christmas bread poprtnik - Slovenia 2023\" width=\"500\" height=\"281\" src=\"https:\/\/www.youtube.com\/embed\/FBE8KTTVhp0?feature=oembed\" frameborder=\"0\" allow=\"accelerometer; autoplay; clipboard-write; encrypted-media; gyroscope; picture-in-picture; web-share\" referrerpolicy=\"strict-origin-when-cross-origin\" allowfullscreen><\/iframe><\/div>\n<\/div><\/figure>\n","protected":false},"excerpt":{"rendered":"<p>Nesnovna dedi\u0161\u010dina:\u00a0Priprava poprtnikovNosilec izro\u010dila:\u00a0Skupina gospodinj s Tr\u017ei\u0161\u010da in okolice SevniceSkupino zastopa Fani Bor\u0161tnar. Skupino podpira Aktiv kme\u010dkih \u017eena Tr\u017ei\u0161\u010de s [&hellip;]<\/p>\n","protected":false},"author":2,"featured_media":0,"parent":0,"menu_order":0,"comment_status":"closed","ping_status":"closed","template":"","meta":{"site-sidebar-layout":"default","site-content-layout":"","ast-site-content-layout":"default","site-content-style":"default","site-sidebar-style":"default","ast-global-header-display":"","ast-banner-title-visibility":"","ast-main-header-display":"","ast-hfb-above-header-display":"","ast-hfb-below-header-display":"","ast-hfb-mobile-header-display":"","site-post-title":"","ast-breadcrumbs-content":"","ast-featured-img":"","footer-sml-layout":"","theme-transparent-header-meta":"","adv-header-id-meta":"","stick-header-meta":"","header-above-stick-meta":"","header-main-stick-meta":"","header-below-stick-meta":"","astra-migrate-meta-layouts":"default","ast-page-background-enabled":"default","ast-page-background-meta":{"desktop":{"background-color":"var(--ast-global-color-5)","background-image":"","background-repeat":"repeat","background-position":"center center","background-size":"auto","background-attachment":"scroll","background-type":"","background-media":"","overlay-type":"","overlay-color":"","overlay-opacity":"","overlay-gradient":""},"tablet":{"background-color":"","background-image":"","background-repeat":"repeat","background-position":"center center","background-size":"auto","background-attachment":"scroll","background-type":"","background-media":"","overlay-type":"","overlay-color":"","overlay-opacity":"","overlay-gradient":""},"mobile":{"background-color":"","background-image":"","background-repeat":"repeat","background-position":"center center","background-size":"auto","background-attachment":"scroll","background-type":"","background-media":"","overlay-type":"","overlay-color":"","overlay-opacity":"","overlay-gradient":""}},"ast-content-background-meta":{"desktop":{"background-color":"var(--ast-global-color-4)","background-image":"","background-repeat":"repeat","background-position":"center center","background-size":"auto","background-attachment":"scroll","background-type":"","background-media":"","overlay-type":"","overlay-color":"","overlay-opacity":"","overlay-gradient":""},"tablet":{"background-color":"var(--ast-global-color-4)","background-image":"","background-repeat":"repeat","background-position":"center center","background-size":"auto","background-attachment":"scroll","background-type":"","background-media":"","overlay-type":"","overlay-color":"","overlay-opacity":"","overlay-gradient":""},"mobile":{"background-color":"var(--ast-global-color-4)","background-image":"","background-repeat":"repeat","background-position":"center center","background-size":"auto","background-attachment":"scroll","background-type":"","background-media":"","overlay-type":"","overlay-color":"","overlay-opacity":"","overlay-gradient":""}},"footnotes":""},"class_list":["post-11879","page","type-page","status-publish","hentry"],"_links":{"self":[{"href":"https:\/\/zavod-parnas.org\/w\/wp-json\/wp\/v2\/pages\/11879","targetHints":{"allow":["GET"]}}],"collection":[{"href":"https:\/\/zavod-parnas.org\/w\/wp-json\/wp\/v2\/pages"}],"about":[{"href":"https:\/\/zavod-parnas.org\/w\/wp-json\/wp\/v2\/types\/page"}],"author":[{"embeddable":true,"href":"https:\/\/zavod-parnas.org\/w\/wp-json\/wp\/v2\/users\/2"}],"replies":[{"embeddable":true,"href":"https:\/\/zavod-parnas.org\/w\/wp-json\/wp\/v2\/comments?post=11879"}],"version-history":[{"count":2,"href":"https:\/\/zavod-parnas.org\/w\/wp-json\/wp\/v2\/pages\/11879\/revisions"}],"predecessor-version":[{"id":11888,"href":"https:\/\/zavod-parnas.org\/w\/wp-json\/wp\/v2\/pages\/11879\/revisions\/11888"}],"wp:attachment":[{"href":"https:\/\/zavod-parnas.org\/w\/wp-json\/wp\/v2\/media?parent=11879"}],"curies":[{"name":"wp","href":"https:\/\/api.w.org\/{rel}","templated":true}]}}