{"id":11805,"date":"2025-07-29T20:20:56","date_gmt":"2025-07-29T18:20:56","guid":{"rendered":"https:\/\/zavod-parnas.org\/w\/?page_id=11805"},"modified":"2026-03-03T08:21:12","modified_gmt":"2026-03-03T07:21:12","slug":"ponudba-za-posameznike","status":"publish","type":"page","link":"https:\/\/zavod-parnas.org\/w\/ponudba-za-posameznike\/","title":{"rendered":"Do\u017eivetja za POSAMEZNIKE, dru\u017eine in majhne skupine"},"content":{"rendered":"\n<div class=\"wp-block-media-text is-stacked-on-mobile is-image-fill-element\"><figure class=\"wp-block-media-text__media\"><img fetchpriority=\"high\" decoding=\"async\" width=\"630\" height=\"840\" src=\"https:\/\/zavod-parnas.org\/w\/wp-content\/uploads\/2026\/01\/kd04-630x840.jpeg\" alt=\"\" class=\"wp-image-12448 size-full\" style=\"object-position:50% 50%\" srcset=\"https:\/\/zavod-parnas.org\/w\/wp-content\/uploads\/2026\/01\/kd04-630x840.jpeg 630w, https:\/\/zavod-parnas.org\/w\/wp-content\/uploads\/2026\/01\/kd04-225x300.jpeg 225w, https:\/\/zavod-parnas.org\/w\/wp-content\/uploads\/2026\/01\/kd04-252x336.jpeg 252w, https:\/\/zavod-parnas.org\/w\/wp-content\/uploads\/2026\/01\/kd04-1152x1536.jpeg 1152w, https:\/\/zavod-parnas.org\/w\/wp-content\/uploads\/2026\/01\/kd04-rotated.jpeg 1512w\" sizes=\"(max-width: 630px) 100vw, 630px\" \/><\/figure><div class=\"wp-block-media-text__content\">\n<h2 class=\"wp-block-heading has-text-align-center\">KUNA do\u017eivetje: <br>knjiga, ki jo ustvari\u0161 sam<\/h2>\n\n\n\n<p style=\"font-size:15px\"><em>Buti\u010dna rokodelska do\u017eivetja temeljijo na izkustvenem u\u010denju, ustvarjalnem ritmu in prenosu znanj, ki so del kulturne dedi\u0161\u010dine slovenske pisane besede.<\/em><\/p>\n\n\n\n<p class=\"has-text-align-center\" style=\"font-size:15px\"><strong><a href=\"https:\/\/zavod-parnas.org\/w\/kuna-dozivetje-med-papirjem-in-nitjo\/\">Med nitjo in papirjem <\/a><\/strong><br><em>do\u017eivljajska delavnica ro\u010dnega knjigove\u0161tva, <\/em><br><em>primerna tudi za popolne za\u010detnike<\/em><br>\u0161ivana bele\u017eka formata A6 v trdi polplatneni vezavi<br>1,5 ure, 15+, 6-15 oseb <br><strong>Cena:<\/strong> odrasli 20, dijaki in \u0161tudentje 15 EUR\/osebo<br>(Trubarjeva doma\u010dija: 20.2., 20.3., 21.3., 17.4., 15.5., 19.6.)<br><br><strong><a href=\"https:\/\/zavod-parnas.org\/w\/moj-dnevnik-bukvarnica\/\">Moj dnevnik A5 z elastiko<\/a><\/strong> <br><em><em>delavnica  je primerna za vse, ki \u017eelijo poglobljeno, buti\u010dno ustvarjalno izku\u0161njo<\/em><\/em><br>3 ure, 2\u20136 odraslih<br><strong>Cena:<\/strong> 35 EUR \/ osebo<br><br><strong><a href=\"https:\/\/zavod-parnas.org\/w\/mali-rokovnik-bukvarnica\/\">Mali rokovnik A6 z okroglim hrbtom<\/a><\/strong><br><em>Delavnica  je primerna za vse, ki \u017eelijo poglobljeno, buti\u010dno ustvarjalno izku\u0161njo.<\/em><br>3 ure, 2\u20136 odraslih<br><strong>Cena:<\/strong> 35 EUR \/ osebo<\/p>\n\n\n\n<p class=\"has-text-align-center\"><strong>PRIJAVE na e-mail<\/strong>: info@zavod-parnas.org ali 041 833 456.<\/p>\n<\/div><\/div>\n\n\n\n<div class=\"wp-block-media-text has-media-on-the-right is-stacked-on-mobile is-image-fill-element\"><div class=\"wp-block-media-text__content\">\n<h2 class=\"wp-block-heading has-text-align-center\">KUNA do\u017eivetje: <a href=\"https:\/\/zavod-parnas.org\/w\/kuna-dozivetje-z-vidro-na-pot\/\">Z vidro na pot<\/a><\/h2>\n\n\n\n<p class=\"has-text-align-center\">Do\u017eivetje na Poti modrega ble\u0161\u010davca spodbuja <strong>radovednost, opazovanje z vsemi \u010duti in spo\u0161tljiv odnos do narave<\/strong> ter krepi povezanost dru\u017eine ob skupnem raziskovanju.<\/p>\n\n\n\n<p class=\"has-text-align-center\"><strong>Trajanje:<\/strong> 2 uri<br><strong>Izhodi\u0161\u010de:<\/strong> Center Mi\u0161ja dolina &#8211; Trubarjeva doma\u010dija Ra\u0161ica <br><strong>Izvedba:<\/strong> po predhodni najavi, v vseh letnih \u010dasih po dogovoru <br><strong>Cena:<\/strong> odrasli 10 EUR, otroci 8 EUR (min. 4 osebe)<br><\/p>\n<\/div><figure class=\"wp-block-media-text__media\"><img decoding=\"async\" width=\"630\" height=\"832\" src=\"http:\/\/zavod-parnas.org\/w\/wp-content\/uploads\/2026\/01\/PMB4-630x832.jpg\" alt=\"\" class=\"wp-image-12326 size-full\" style=\"object-position:50% 36%\" srcset=\"https:\/\/zavod-parnas.org\/w\/wp-content\/uploads\/2026\/01\/PMB4-630x832.jpg 630w, https:\/\/zavod-parnas.org\/w\/wp-content\/uploads\/2026\/01\/PMB4-227x300.jpg 227w, https:\/\/zavod-parnas.org\/w\/wp-content\/uploads\/2026\/01\/PMB4-252x333.jpg 252w, https:\/\/zavod-parnas.org\/w\/wp-content\/uploads\/2026\/01\/PMB4.jpg 969w\" sizes=\"(max-width: 630px) 100vw, 630px\" \/><\/figure><\/div>\n\n\n\n<div class=\"wp-block-media-text is-stacked-on-mobile is-image-fill-element\"><figure class=\"wp-block-media-text__media\"><img decoding=\"async\" width=\"630\" height=\"630\" src=\"http:\/\/zavod-parnas.org\/w\/wp-content\/uploads\/2025\/01\/IMG_8507-630x630.jpg\" alt=\"\" class=\"wp-image-10910 size-full\" style=\"object-position:52% 21%\" srcset=\"https:\/\/zavod-parnas.org\/w\/wp-content\/uploads\/2025\/01\/IMG_8507-630x630.jpg 630w, https:\/\/zavod-parnas.org\/w\/wp-content\/uploads\/2025\/01\/IMG_8507-300x300.jpg 300w, https:\/\/zavod-parnas.org\/w\/wp-content\/uploads\/2025\/01\/IMG_8507-252x252.jpg 252w, https:\/\/zavod-parnas.org\/w\/wp-content\/uploads\/2025\/01\/IMG_8507.jpg 880w\" sizes=\"(max-width: 630px) 100vw, 630px\" \/><\/figure><div class=\"wp-block-media-text__content\">\n<h2 class=\"wp-block-heading has-text-align-center\">KUNA do\u017eivetje: <br><a href=\"https:\/\/zavod-parnas.org\/w\/srecanje-z-rimskim-konjenikom\">Sre\u010danje z RIMSKIM KONJENIKOM<\/a><\/h2>\n\n\n\n<p class=\"has-text-align-center\">Sprehod po prvem delu Geolo\u0161ke poti v Kobilji curek z vodnikom,<br>pri rimskem zapornem zidu nas preseneti rimski konjenik, <br>ki nas povabi k sodelovanju.<br><em>Zavod Parnas v sodelovanju s konjeni\u0161ko kmetijo Mouse Valley Ranch iz Podhojnega Hriba \u2013 primerno za ve\u010d dru\u017ein skupaj.<\/em><br>trajanje: 60 min<\/p>\n\n\n\n<p class=\"has-text-align-center\">Cena:  5 EUR na osebo \u2013 minimalno 20 oseb<\/p>\n<\/div><\/div>\n\n\n\n<div class=\"wp-block-media-text has-media-on-the-right is-stacked-on-mobile is-image-fill-element\"><div class=\"wp-block-media-text__content\">\n<h2 class=\"wp-block-heading has-text-align-center\"><a href=\"https:\/\/zavod-parnas.org\/w\/misja-dolina\/\">Parnasovi botani\u010dni sprehodi<\/a><\/h2>\n\n\n\n<p class=\"has-text-align-center\">Vsak obisk Mi\u0161je doline je lahko malo druga\u010den, saj zavarovane rastline cvetijo po naravnem redu in na razli\u010dnih lokacijah. Z vodnikom, ki pozna te skrite koti\u010dke, lahko zabele\u017eimo bogastvo cveto\u010dih travnikov &#8211; tako mokrih kot suhih &#8211; na nepozabnih fotografijah! <\/p>\n\n\n\n<p class=\"has-text-align-center\">2-3 ure \u2013 avto\/hoja (primerna obutev, lasten prevoz)<br>Termin: od aprila do sredine julija<br>Izhodi\u0161\u010de: TIC Kozolec na Trubarjevi doma\u010diji <br>Cena vodenja: 40 EUR (2-4 osebe); vsak nadaljnji obiskovalec 10 EUR<\/p>\n<\/div><figure class=\"wp-block-media-text__media\"><img loading=\"lazy\" decoding=\"async\" width=\"630\" height=\"473\" src=\"http:\/\/zavod-parnas.org\/w\/wp-content\/uploads\/2023\/01\/IMG_7592-630x473.jpg\" alt=\"\" class=\"wp-image-9133 size-full\" style=\"object-position:50% 50%\" srcset=\"https:\/\/zavod-parnas.org\/w\/wp-content\/uploads\/2023\/01\/IMG_7592-630x473.jpg 630w, https:\/\/zavod-parnas.org\/w\/wp-content\/uploads\/2023\/01\/IMG_7592-300x225.jpg 300w, https:\/\/zavod-parnas.org\/w\/wp-content\/uploads\/2023\/01\/IMG_7592-252x189.jpg 252w, https:\/\/zavod-parnas.org\/w\/wp-content\/uploads\/2023\/01\/IMG_7592-1536x1152.jpg 1536w, https:\/\/zavod-parnas.org\/w\/wp-content\/uploads\/2023\/01\/IMG_7592.jpg 2048w\" sizes=\"(max-width: 630px) 100vw, 630px\" \/><\/figure><\/div>\n\n\n\n<div class=\"wp-block-media-text is-stacked-on-mobile\"><figure class=\"wp-block-media-text__media\"><img loading=\"lazy\" decoding=\"async\" width=\"630\" height=\"473\" src=\"http:\/\/zavod-parnas.org\/w\/wp-content\/uploads\/2026\/01\/KTOsolnik5-630x473.jpeg\" alt=\"\" class=\"wp-image-12464 size-full\" srcset=\"https:\/\/zavod-parnas.org\/w\/wp-content\/uploads\/2026\/01\/KTOsolnik5-630x473.jpeg 630w, https:\/\/zavod-parnas.org\/w\/wp-content\/uploads\/2026\/01\/KTOsolnik5-300x225.jpeg 300w, https:\/\/zavod-parnas.org\/w\/wp-content\/uploads\/2026\/01\/KTOsolnik5-252x189.jpeg 252w, https:\/\/zavod-parnas.org\/w\/wp-content\/uploads\/2026\/01\/KTOsolnik5-1536x1152.jpeg 1536w, https:\/\/zavod-parnas.org\/w\/wp-content\/uploads\/2026\/01\/KTOsolnik5.jpeg 2016w\" sizes=\"(max-width: 630px) 100vw, 630px\" \/><\/figure><div class=\"wp-block-media-text__content\">\n<h2 class=\"wp-block-heading has-text-align-center\"><a href=\"https:\/\/zavod-parnas.org\/w\/phototrails-3en\/\">K \u0161mirarjem na Veliki Osolnik<\/a><\/h2>\n\n\n\n<p class=\"has-text-align-center\">V hribovski vasi z nepozabnimi razgledi. Sledimo izro\u010dilu \u0161mirarjev in pokusimo \u0161mirarske zvezdice, <br>\u010daka nas tudi pristna rokodelska izku\u0161nja na suhorobarski kmetiji. <\/p>\n\n\n\n<p class=\"has-text-align-center\"><strong>Trajanje<\/strong>: 3 ure (vse leto)<br><strong>Izvedba<\/strong>: po dogovor<br><strong>Cena<\/strong>: 20 EUR na osebo (min. \u0161t.: 4 osebe)<\/p>\n\n\n\n<p><br><\/p>\n<\/div><\/div>\n\n\n\n<div class=\"wp-block-media-text has-media-on-the-right is-stacked-on-mobile\"><div class=\"wp-block-media-text__content\">\n<h2 class=\"wp-block-heading\"><a href=\"https:\/\/zavod-parnas.org\/w\/pletenica-in-poprtnik\/\">Delavnica peke PLETENICE, POPRTNIKA<\/a><\/h2>\n\n\n\n<p class=\"has-text-align-center\">Na delavnico s seboj prinesete svoj material in kuhinjske pripomo\u010dke po predhodnem dogovoru. <br>Skupaj z gospodinjo zamesite testo, oblikujete manj\u0161o pletenico in\/ali poprtnik, <br>ter svoj izdelek spe\u010dete v doma\u010di pe\u010dici. (3 ure)<\/p>\n\n\n\n<p class=\"has-text-align-center\"><strong>Primerno za posameznike (1-3):<\/strong> na sede\u017eu Zavoda Parnas &#8211; po dogovoru<br><strong>Primerno za skupine 10-15<\/strong>: na va\u0161i lokaciji &#8211; po dogovoru<br><br><strong>Cena:<\/strong> 15 EUR na osebo<\/p>\n<\/div><figure class=\"wp-block-media-text__media\"><img loading=\"lazy\" decoding=\"async\" width=\"630\" height=\"527\" src=\"http:\/\/zavod-parnas.org\/w\/wp-content\/uploads\/2024\/12\/IMG_7855-630x527.jpg\" alt=\"\" class=\"wp-image-10633 size-full\" srcset=\"https:\/\/zavod-parnas.org\/w\/wp-content\/uploads\/2024\/12\/IMG_7855-630x527.jpg 630w, https:\/\/zavod-parnas.org\/w\/wp-content\/uploads\/2024\/12\/IMG_7855-300x251.jpg 300w, https:\/\/zavod-parnas.org\/w\/wp-content\/uploads\/2024\/12\/IMG_7855-252x211.jpg 252w, https:\/\/zavod-parnas.org\/w\/wp-content\/uploads\/2024\/12\/IMG_7855.jpg 1179w\" sizes=\"(max-width: 630px) 100vw, 630px\" \/><\/figure><\/div>\n\n\n\n<div class=\"wp-block-media-text is-stacked-on-mobile is-image-fill-element\"><figure class=\"wp-block-media-text__media\"><img loading=\"lazy\" decoding=\"async\" width=\"630\" height=\"473\" src=\"http:\/\/zavod-parnas.org\/w\/wp-content\/uploads\/2024\/04\/pogled1-KP-630x473.jpg\" alt=\"\" class=\"wp-image-11723 size-full\" style=\"object-position:58% 59%\" srcset=\"https:\/\/zavod-parnas.org\/w\/wp-content\/uploads\/2024\/04\/pogled1-KP-630x473.jpg 630w, https:\/\/zavod-parnas.org\/w\/wp-content\/uploads\/2024\/04\/pogled1-KP-300x225.jpg 300w, https:\/\/zavod-parnas.org\/w\/wp-content\/uploads\/2024\/04\/pogled1-KP-252x189.jpg 252w, https:\/\/zavod-parnas.org\/w\/wp-content\/uploads\/2024\/04\/pogled1-KP-1536x1152.jpg 1536w, https:\/\/zavod-parnas.org\/w\/wp-content\/uploads\/2024\/04\/pogled1-KP.jpg 2016w\" sizes=\"(max-width: 630px) 100vw, 630px\" \/><\/figure><div class=\"wp-block-media-text__content\">\n<h2 class=\"wp-block-heading has-text-align-center\"><a href=\"https:\/\/zavod-parnas.org\/w\/blog-krvava-pec-1\/\">Gremo v Krvavo Pe\u010d<\/a><\/h2>\n\n\n\n<p class=\"has-text-align-center\">Obiskali bomo legendarna mesta, po katerih je Krvava Pe\u010d dobila ime, pokukali v podru\u017eni\u010dno cerkev sv. Lenarta z obnovljenim lesenim stropom iz 17. stoletja, izvedeli marsikaj o Trubarjevih krova\u0161kih malarjih ter prisluhnili coklarskim zgodbam &#8211; tudi tisti o coprnicah izpod pozabljenega naselja  Krog <\/p>\n\n\n\n<p class=\"has-text-align-center\">vse leto \u2013  po dogovoru<br>3-4 ure \u2013 avto\/hoja <\/p>\n\n\n\n<p class=\"has-text-align-center\"><strong>Izhodi\u0161\u010de<\/strong>: TIC Kozolec na Trubarjevi doma\u010diji <br><strong>Cena<\/strong> vodenja: 40 EUR (za 2-4 osebe), vsak nadaljnji obiskovalec 10 EUR<\/p>\n<\/div><\/div>\n\n\n\n<p><\/p>\n","protected":false},"excerpt":{"rendered":"<p>KUNA do\u017eivetje: knjiga, ki jo ustvari\u0161 sam Buti\u010dna rokodelska do\u017eivetja temeljijo na izkustvenem u\u010denju, ustvarjalnem ritmu in prenosu znanj, ki [&hellip;]<\/p>\n","protected":false},"author":2,"featured_media":0,"parent":0,"menu_order":0,"comment_status":"closed","ping_status":"closed","template":"","meta":{"site-sidebar-layout":"default","site-content-layout":"","ast-site-content-layout":"normal-width-container","site-content-style":"default","site-sidebar-style":"default","ast-global-header-display":"","ast-banner-title-visibility":"","ast-main-header-display":"","ast-hfb-above-header-display":"","ast-hfb-below-header-display":"","ast-hfb-mobile-header-display":"","site-post-title":"","ast-breadcrumbs-content":"","ast-featured-img":"","footer-sml-layout":"","theme-transparent-header-meta":"","adv-header-id-meta":"","stick-header-meta":"","header-above-stick-meta":"","header-main-stick-meta":"","header-below-stick-meta":"","astra-migrate-meta-layouts":"default","ast-page-background-enabled":"default","ast-page-background-meta":{"desktop":{"background-color":"var(--ast-global-color-5)","background-image":"","background-repeat":"repeat","background-position":"center center","background-size":"auto","background-attachment":"scroll","background-type":"","background-media":"","overlay-type":"","overlay-color":"","overlay-opacity":"","overlay-gradient":""},"tablet":{"background-color":"","background-image":"","background-repeat":"repeat","background-position":"center center","background-size":"auto","background-attachment":"scroll","background-type":"","background-media":"","overlay-type":"","overlay-color":"","overlay-opacity":"","overlay-gradient":""},"mobile":{"background-color":"","background-image":"","background-repeat":"repeat","background-position":"center center","background-size":"auto","background-attachment":"scroll","background-type":"","background-media":"","overlay-type":"","overlay-color":"","overlay-opacity":"","overlay-gradient":""}},"ast-content-background-meta":{"desktop":{"background-color":"var(--ast-global-color-4)","background-image":"","background-repeat":"repeat","background-position":"center center","background-size":"auto","background-attachment":"scroll","background-type":"","background-media":"","overlay-type":"","overlay-color":"","overlay-opacity":"","overlay-gradient":""},"tablet":{"background-color":"var(--ast-global-color-4)","background-image":"","background-repeat":"repeat","background-position":"center center","background-size":"auto","background-attachment":"scroll","background-type":"","background-media":"","overlay-type":"","overlay-color":"","overlay-opacity":"","overlay-gradient":""},"mobile":{"background-color":"var(--ast-global-color-4)","background-image":"","background-repeat":"repeat","background-position":"center center","background-size":"auto","background-attachment":"scroll","background-type":"","background-media":"","overlay-type":"","overlay-color":"","overlay-opacity":"","overlay-gradient":""}},"footnotes":""},"class_list":["post-11805","page","type-page","status-publish","hentry"],"_links":{"self":[{"href":"https:\/\/zavod-parnas.org\/w\/wp-json\/wp\/v2\/pages\/11805","targetHints":{"allow":["GET"]}}],"collection":[{"href":"https:\/\/zavod-parnas.org\/w\/wp-json\/wp\/v2\/pages"}],"about":[{"href":"https:\/\/zavod-parnas.org\/w\/wp-json\/wp\/v2\/types\/page"}],"author":[{"embeddable":true,"href":"https:\/\/zavod-parnas.org\/w\/wp-json\/wp\/v2\/users\/2"}],"replies":[{"embeddable":true,"href":"https:\/\/zavod-parnas.org\/w\/wp-json\/wp\/v2\/comments?post=11805"}],"version-history":[{"count":65,"href":"https:\/\/zavod-parnas.org\/w\/wp-json\/wp\/v2\/pages\/11805\/revisions"}],"predecessor-version":[{"id":12661,"href":"https:\/\/zavod-parnas.org\/w\/wp-json\/wp\/v2\/pages\/11805\/revisions\/12661"}],"wp:attachment":[{"href":"https:\/\/zavod-parnas.org\/w\/wp-json\/wp\/v2\/media?parent=11805"}],"curies":[{"name":"wp","href":"https:\/\/api.w.org\/{rel}","templated":true}]}}