{"id":11324,"date":"2025-04-14T14:21:12","date_gmt":"2025-04-14T12:21:12","guid":{"rendered":"http:\/\/zavod-parnas.org\/w\/?page_id=11324"},"modified":"2025-04-14T14:21:13","modified_gmt":"2025-04-14T12:21:13","slug":"zidovi-in-drevesa-zid-las-ppd","status":"publish","type":"page","link":"https:\/\/zavod-parnas.org\/w\/zidovi-in-drevesa-zid-las-ppd\/","title":{"rendered":"Zidovi in drevesa \u2013 ZID (LAS PPD)"},"content":{"rendered":"\n<p>Evropski kmetijski sklad za razvoj pode\u017eelja<\/p>\n\n\n\n<p><strong>Projektni partnerji:<\/strong><br>Zavod Parnas (vodilni partner),<br>Pokrajinski muzej Ko\u010devje (P1),<br>Lesart d.o.o. (P2),<br>Dru\u0161tvo \u010conce (P3),<br>Zavod Coknpok (P4).<\/p>\n\n\n\n<p><strong>Trajanje projekta<\/strong>: 29. 4. 2020 \u2013 15. 10. 2021<\/p>\n\n\n\n<p><strong>Vrednost projekta:&nbsp;<\/strong>Projekt je sofinanciran iz sredstev Evropskega kmetijskega sklada za razvoj pode\u017eelja \u2013 EKSRP (85 %). Celotna vrednost projekta: 81.570,78 EUR. Vi\u0161ina sofinanciranja iz EKSRP: 67.864,93 EUR.<\/p>\n\n\n\n<p><strong>Cilji projekta:<br><\/strong>\u2013 sistemati\u010dno razi\u0161\u010de celotno obmo\u010dje z obstoje\u010dimi tematskimi potmi in ponudniki ob njih,<br>\u2013 pove\u017ee obstoje\u010de tematske pohodne poti v vseh 8 ob\u010dinah v skupno obhodno pot z ozna\u010denimi GPS koordinatami fotografskih to\u010dk in ponudnikov ob njih,<br>\u2013 nadgradi fotografska znanja ob uporabi sodobnih tehnologij,<br>\u2013 skozi potujo\u010do razstavo opozori na izginjajo\u010do naravno in kulturno dedi\u0161\u010dino ter skupne vrednote krajine,<br>\u2013 aktivira romske otroke k bele\u017eenju fotografskih pogledov na njihovo kulturo, ki je del obmo\u010dja,<br>\u2013 spodbudi registrirane lokalne ponudnike k sodelovanju ter oblikovanju aktivnih do\u017eivetij za turiste in pohodnike ob tematskih poteh,<br>\u2013 omogo\u010di razvoj sodobnih turisti\u010dnih produktov in<br>\u2013 prika\u017ee manj dostopno a edinstveno dedi\u0161\u010dino gradu Fridrih\u0161tajn na zaslonu na dotik in jo s tem naredi dostopnej\u0161o tudi starej\u0161im in invalidnim osebam,<br>\u2013 izobra\u017euje ponudnike za pripravo inovativnih programov interpretacije dedi\u0161\u010dine,<br>\u2013 spodbuja mlade za pripravo inovativnih glasbenih programov animacije gostov,<br>\u2013 izbolj\u0161a dostopnost to\u010dk ob tematskih poteh in informacij za invalide.<\/p>\n\n\n\n<p><strong>Rezultati operacije:<\/strong><br>\u2013 povezana ponudba tematskih poti z GPS ozna\u010denimi fotografskimi to\u010dkami in ponudniki interpretacije dedi\u0161\u010dine od Turjaka do Kolpe<br>\u2013 vzpostavljena aktivna spletna stran s potmi, fotografskimi to\u010dkami in ponudniki;<br>\u2013 vzpostavljene info to\u010dke pri 3 ponudnikih z avtorskimi ilustracijami s programom interpretacije dedi\u0161\u010dine ve\u010d ponudnikov,<br>\u2013 nakup dveh kostumov z opremo za kostumirano interpretacijo,<br>\u2013 razvit produkt glasbeno-pripovedovalskega ve\u010dera,<br>\u2013 animacija gradu Fridrih\u0161tajn na podlagi tehnike 3D skeniranja nalo\u017eena na kupljen zaslon na dotik s pripadajo\u010do opremo (touchscreen);<br>\u2013 kupljena oprema za izvedbo izobra\u017eevanj in ureditev video in fotografskega gradiva (ra\u010dunalnik, monitor, dron);<br>\u2013 3 izvedene fotografske delavnice, od tega 1 za ranljivo skupino Romov;<br>\u2013 1 delavnica interpretacije dedi\u0161\u010dine za ponudnike;<br>\u2013 3 izvedene glasbene delavnice za mlade;<br>\u2013 izdelana potujo\u010da zunanja razstava z 8 fotografijami ve\u010djega formata na 2 kompletih lesenih nosilcev, 8 izvedenih gostovanj po vseh 8 ob\u010dinah LAS PPD,<br>\u2013 500 natisnjenih izvodov tiskanega vodnika.<\/p>\n\n\n\n<p>Povezava na spletno stran Evropske komisije, namenjene Evropskemu kmetijskemu skladu za razvoj pode\u017eelja:&nbsp;<a href=\"http:\/\/ec.europa.eu\/agriculture\/rural-development-2014-2020\/index_sl.htm\" target=\"_blank\" rel=\"noreferrer noopener\">http:\/\/ec.europa.eu\/agriculture\/rural-development-2014-2020\/index_sl.htm<\/a><br>Povezava na spletno stran PRP 2014\u20132020:&nbsp;<a href=\"http:\/\/www.program-podezelja.si\/\" target=\"_blank\" rel=\"noreferrer noopener\">www.program-podezelja.si\/<\/a><\/p>\n","protected":false},"excerpt":{"rendered":"<p>Evropski kmetijski sklad za razvoj pode\u017eelja Projektni partnerji:Zavod Parnas (vodilni partner),Pokrajinski muzej Ko\u010devje (P1),Lesart d.o.o. (P2),Dru\u0161tvo \u010conce (P3),Zavod Coknpok (P4). [&hellip;]<\/p>\n","protected":false},"author":2,"featured_media":0,"parent":0,"menu_order":0,"comment_status":"closed","ping_status":"closed","template":"","meta":{"site-sidebar-layout":"default","site-content-layout":"","ast-site-content-layout":"default","site-content-style":"default","site-sidebar-style":"default","ast-global-header-display":"","ast-banner-title-visibility":"","ast-main-header-display":"","ast-hfb-above-header-display":"","ast-hfb-below-header-display":"","ast-hfb-mobile-header-display":"","site-post-title":"","ast-breadcrumbs-content":"","ast-featured-img":"","footer-sml-layout":"","theme-transparent-header-meta":"","adv-header-id-meta":"","stick-header-meta":"","header-above-stick-meta":"","header-main-stick-meta":"","header-below-stick-meta":"","astra-migrate-meta-layouts":"default","ast-page-background-enabled":"default","ast-page-background-meta":{"desktop":{"background-color":"var(--ast-global-color-5)","background-image":"","background-repeat":"repeat","background-position":"center center","background-size":"auto","background-attachment":"scroll","background-type":"","background-media":"","overlay-type":"","overlay-color":"","overlay-opacity":"","overlay-gradient":""},"tablet":{"background-color":"","background-image":"","background-repeat":"repeat","background-position":"center center","background-size":"auto","background-attachment":"scroll","background-type":"","background-media":"","overlay-type":"","overlay-color":"","overlay-opacity":"","overlay-gradient":""},"mobile":{"background-color":"","background-image":"","background-repeat":"repeat","background-position":"center center","background-size":"auto","background-attachment":"scroll","background-type":"","background-media":"","overlay-type":"","overlay-color":"","overlay-opacity":"","overlay-gradient":""}},"ast-content-background-meta":{"desktop":{"background-color":"var(--ast-global-color-4)","background-image":"","background-repeat":"repeat","background-position":"center center","background-size":"auto","background-attachment":"scroll","background-type":"","background-media":"","overlay-type":"","overlay-color":"","overlay-opacity":"","overlay-gradient":""},"tablet":{"background-color":"var(--ast-global-color-4)","background-image":"","background-repeat":"repeat","background-position":"center center","background-size":"auto","background-attachment":"scroll","background-type":"","background-media":"","overlay-type":"","overlay-color":"","overlay-opacity":"","overlay-gradient":""},"mobile":{"background-color":"var(--ast-global-color-4)","background-image":"","background-repeat":"repeat","background-position":"center center","background-size":"auto","background-attachment":"scroll","background-type":"","background-media":"","overlay-type":"","overlay-color":"","overlay-opacity":"","overlay-gradient":""}},"footnotes":""},"class_list":["post-11324","page","type-page","status-publish","hentry"],"_links":{"self":[{"href":"https:\/\/zavod-parnas.org\/w\/wp-json\/wp\/v2\/pages\/11324","targetHints":{"allow":["GET"]}}],"collection":[{"href":"https:\/\/zavod-parnas.org\/w\/wp-json\/wp\/v2\/pages"}],"about":[{"href":"https:\/\/zavod-parnas.org\/w\/wp-json\/wp\/v2\/types\/page"}],"author":[{"embeddable":true,"href":"https:\/\/zavod-parnas.org\/w\/wp-json\/wp\/v2\/users\/2"}],"replies":[{"embeddable":true,"href":"https:\/\/zavod-parnas.org\/w\/wp-json\/wp\/v2\/comments?post=11324"}],"version-history":[{"count":1,"href":"https:\/\/zavod-parnas.org\/w\/wp-json\/wp\/v2\/pages\/11324\/revisions"}],"predecessor-version":[{"id":11325,"href":"https:\/\/zavod-parnas.org\/w\/wp-json\/wp\/v2\/pages\/11324\/revisions\/11325"}],"wp:attachment":[{"href":"https:\/\/zavod-parnas.org\/w\/wp-json\/wp\/v2\/media?parent=11324"}],"curies":[{"name":"wp","href":"https:\/\/api.w.org\/{rel}","templated":true}]}}