{"id":11241,"date":"2025-03-20T10:21:13","date_gmt":"2025-03-20T09:21:13","guid":{"rendered":"http:\/\/zavod-parnas.org\/w\/?page_id=11241"},"modified":"2026-01-05T15:15:37","modified_gmt":"2026-01-05T14:15:37","slug":"projekt-kuna","status":"publish","type":"page","link":"https:\/\/zavod-parnas.org\/w\/projekt-kuna\/","title":{"rendered":"Projekt KUNA"},"content":{"rendered":"\n<p>Projekt:&nbsp;<strong>KUlturna in NAravna dedi\u0161\u010dina za opolnomo\u010denje NVO v turizmu<\/strong><br>Akronim:&nbsp;<strong>KUNA<\/strong><br>Trajanje projekta: 22-12-2024\/31-03-2027<br>Celotni prora\u010dun 210.000\u20ac (zaposlitev treh oseb za 24 mesecev) \/ Ministrstvo za javno upravo sredstva zagotavlja iz Prora\u010duna RS za leta 2025, 2026 in 2027 v okviru prora\u010dunske postavke PP 180151 \u2013 Sklad za nevladne organizacije.<\/p>\n\n\n\n<p><strong>Sestava konzorcija:<\/strong><br>Jezerski hram, Zavod za ohranjanje naravne in kulturne dedi\u0161\u010dine, Cerknica (vodilni partner)<br>PARNAS Zavod za kulturo in turizem, Velike La\u0161\u010de (partner 1)<br>\u017dupanova jama, turisti\u010dno in okoljsko dru\u0161tvo, Grosuplje (partner 2)<\/p>\n\n\n\n<p><strong>Cilji konzorcija:<\/strong><br>Povezan, stabilen, manj razdrobljen ter trajnostno naravnan nevladni sektor.<br>Dobro razvit, u\u010dinkovit in inovativen nevladni sektor, ki je sposoben ustrezno identificirati in nasloviti potrebe svojega okolja ter se nanje u\u010dinkovito in uspe\u0161no odziva. <br>Kreiranje trajnostno naravnanih delovnih mest v nevladnem sektorju. Kakovostno organizirano in trajnostno naravnano prostovoljstvo.<\/p>\n\n\n\n<p><strong>Namen projektnega partnerstva: <\/strong><br>&#8211; povezati NVO, ki delujejo na podro\u010dju naravne in kulturne dedi\u0161\u010dine, turizma, <br>&#8211; okrepiti povezovalno vlogo in prispevati k manj\u0161i razdrobljenosti NVO (zavodi, dru\u0161tva) v lokalnem in regijskem okolju, <br>&#8211; prispevati k stabilnosti in u\u010dinkovitosti sektorja NVO preko ekonomskih u\u010dinkov in trajnostnega razvoja, <br>&#8211; oblikovati nove, inovativne turisti\u010dne storitve, <br>&#8211; prispevati k razvoju NVO sektorja, <br>&#8211; vzpostaviti trajnostno naravnana delovna mesta, <br>&#8211; prispevati k trajnostno naravnanemu prostovoljstvu.<\/p>\n\n\n\n<p><strong>Kratkoro\u010dni cilji konzorcija:<\/strong><\/p>\n\n\n\n<ol class=\"wp-block-list\">\n<li>Razvoj novih skupnih integralnih turisti\u010dnih produktov oz. turisti\u010dnih programov. <a href=\"https:\/\/zavod-parnas.org\/w\/kuna-potuje-po-sloveniji\/\">KUNA skupni 1<\/a><\/li>\n\n\n\n<li>Razvoj novih turisti\u010dnih programov pri \u010dlanih konzorcija. <a href=\"https:\/\/zavod-parnas.org\/w\/kuna-dozivetje-z-vidro-na-pot\/\">KUNA do\u017eivetje 1<\/a>  KUNA do\u017eivetje 2<\/li>\n\n\n\n<li>Ve\u010dji obseg tr\u017eenja.<\/li>\n\n\n\n<li>Ve\u010dja prisotnost v medijih.<\/li>\n\n\n\n<li>Ve\u010dji doseg dru\u017ebenih omre\u017eij.<\/li>\n\n\n\n<li>Sinergija konzorcija pri promociji turisti\u010dne ponudbe.<\/li>\n<\/ol>\n\n\n\n<figure class=\"wp-block-image size-large\"><img fetchpriority=\"high\" decoding=\"async\" width=\"630\" height=\"117\" src=\"http:\/\/zavod-parnas.org\/w\/wp-content\/uploads\/2025\/01\/Logotip-Ministrstva-za-javno-upravo-slo-630x117.jpg\" alt=\"\" class=\"wp-image-10719\" srcset=\"https:\/\/zavod-parnas.org\/w\/wp-content\/uploads\/2025\/01\/Logotip-Ministrstva-za-javno-upravo-slo-630x117.jpg 630w, https:\/\/zavod-parnas.org\/w\/wp-content\/uploads\/2025\/01\/Logotip-Ministrstva-za-javno-upravo-slo-300x56.jpg 300w, https:\/\/zavod-parnas.org\/w\/wp-content\/uploads\/2025\/01\/Logotip-Ministrstva-za-javno-upravo-slo-252x47.jpg 252w, https:\/\/zavod-parnas.org\/w\/wp-content\/uploads\/2025\/01\/Logotip-Ministrstva-za-javno-upravo-slo.jpg 816w\" sizes=\"(max-width: 630px) 100vw, 630px\" \/><\/figure>\n","protected":false},"excerpt":{"rendered":"<p>Projekt:&nbsp;KUlturna in NAravna dedi\u0161\u010dina za opolnomo\u010denje NVO v turizmuAkronim:&nbsp;KUNATrajanje projekta: 22-12-2024\/31-03-2027Celotni prora\u010dun 210.000\u20ac (zaposlitev treh oseb za 24 mesecev) \/ [&hellip;]<\/p>\n","protected":false},"author":2,"featured_media":0,"parent":0,"menu_order":0,"comment_status":"closed","ping_status":"closed","template":"","meta":{"site-sidebar-layout":"default","site-content-layout":"","ast-site-content-layout":"default","site-content-style":"default","site-sidebar-style":"default","ast-global-header-display":"","ast-banner-title-visibility":"","ast-main-header-display":"","ast-hfb-above-header-display":"","ast-hfb-below-header-display":"","ast-hfb-mobile-header-display":"","site-post-title":"","ast-breadcrumbs-content":"","ast-featured-img":"","footer-sml-layout":"","theme-transparent-header-meta":"","adv-header-id-meta":"","stick-header-meta":"","header-above-stick-meta":"","header-main-stick-meta":"","header-below-stick-meta":"","astra-migrate-meta-layouts":"default","ast-page-background-enabled":"default","ast-page-background-meta":{"desktop":{"background-color":"var(--ast-global-color-5)","background-image":"","background-repeat":"repeat","background-position":"center center","background-size":"auto","background-attachment":"scroll","background-type":"","background-media":"","overlay-type":"","overlay-color":"","overlay-opacity":"","overlay-gradient":""},"tablet":{"background-color":"","background-image":"","background-repeat":"repeat","background-position":"center center","background-size":"auto","background-attachment":"scroll","background-type":"","background-media":"","overlay-type":"","overlay-color":"","overlay-opacity":"","overlay-gradient":""},"mobile":{"background-color":"","background-image":"","background-repeat":"repeat","background-position":"center center","background-size":"auto","background-attachment":"scroll","background-type":"","background-media":"","overlay-type":"","overlay-color":"","overlay-opacity":"","overlay-gradient":""}},"ast-content-background-meta":{"desktop":{"background-color":"var(--ast-global-color-4)","background-image":"","background-repeat":"repeat","background-position":"center center","background-size":"auto","background-attachment":"scroll","background-type":"","background-media":"","overlay-type":"","overlay-color":"","overlay-opacity":"","overlay-gradient":""},"tablet":{"background-color":"var(--ast-global-color-4)","background-image":"","background-repeat":"repeat","background-position":"center center","background-size":"auto","background-attachment":"scroll","background-type":"","background-media":"","overlay-type":"","overlay-color":"","overlay-opacity":"","overlay-gradient":""},"mobile":{"background-color":"var(--ast-global-color-4)","background-image":"","background-repeat":"repeat","background-position":"center center","background-size":"auto","background-attachment":"scroll","background-type":"","background-media":"","overlay-type":"","overlay-color":"","overlay-opacity":"","overlay-gradient":""}},"footnotes":""},"class_list":["post-11241","page","type-page","status-publish","hentry"],"_links":{"self":[{"href":"https:\/\/zavod-parnas.org\/w\/wp-json\/wp\/v2\/pages\/11241","targetHints":{"allow":["GET"]}}],"collection":[{"href":"https:\/\/zavod-parnas.org\/w\/wp-json\/wp\/v2\/pages"}],"about":[{"href":"https:\/\/zavod-parnas.org\/w\/wp-json\/wp\/v2\/types\/page"}],"author":[{"embeddable":true,"href":"https:\/\/zavod-parnas.org\/w\/wp-json\/wp\/v2\/users\/2"}],"replies":[{"embeddable":true,"href":"https:\/\/zavod-parnas.org\/w\/wp-json\/wp\/v2\/comments?post=11241"}],"version-history":[{"count":5,"href":"https:\/\/zavod-parnas.org\/w\/wp-json\/wp\/v2\/pages\/11241\/revisions"}],"predecessor-version":[{"id":12363,"href":"https:\/\/zavod-parnas.org\/w\/wp-json\/wp\/v2\/pages\/11241\/revisions\/12363"}],"wp:attachment":[{"href":"https:\/\/zavod-parnas.org\/w\/wp-json\/wp\/v2\/media?parent=11241"}],"curies":[{"name":"wp","href":"https:\/\/api.w.org\/{rel}","templated":true}]}}