{"id":11234,"date":"2025-03-20T09:38:58","date_gmt":"2025-03-20T08:38:58","guid":{"rendered":"http:\/\/zavod-parnas.org\/w\/?page_id=11234"},"modified":"2025-04-14T15:40:17","modified_gmt":"2025-04-14T13:40:17","slug":"projekti","status":"publish","type":"page","link":"https:\/\/zavod-parnas.org\/w\/projekti\/","title":{"rendered":"Projekti"},"content":{"rendered":"\n<figure class=\"wp-block-image size-large\"><img fetchpriority=\"high\" decoding=\"async\" width=\"630\" height=\"202\" src=\"http:\/\/zavod-parnas.org\/w\/wp-content\/uploads\/2024\/01\/Miska-pogovori-630x202.jpg\" alt=\"\" class=\"wp-image-9933\" srcset=\"https:\/\/zavod-parnas.org\/w\/wp-content\/uploads\/2024\/01\/Miska-pogovori-630x202.jpg 630w, https:\/\/zavod-parnas.org\/w\/wp-content\/uploads\/2024\/01\/Miska-pogovori-300x96.jpg 300w, https:\/\/zavod-parnas.org\/w\/wp-content\/uploads\/2024\/01\/Miska-pogovori-252x81.jpg 252w, https:\/\/zavod-parnas.org\/w\/wp-content\/uploads\/2024\/01\/Miska-pogovori.jpg 1238w\" sizes=\"(max-width: 630px) 100vw, 630px\" \/><\/figure>\n\n\n\n<p>Projektno delo nevladnim organizacijam zagotavlja rast in razvoj novih vsebin. V Zavodu PARNAS se projektov lotevamo v sodelovanju z drugimi partnerji iz razli\u010dnih sektorjev (javni, gospodarski, fizi\u010dne osebe in nevladne organizacije) in s \u0161tevilnimi sodelavci, med katerimi \u0161e posebej radi sodelujemo z mladimi.<\/p>\n\n\n\n<h2 class=\"wp-block-heading\">Aktualni projekti<\/h2>\n\n\n\n<p><a href=\"https:\/\/zavod-parnas.org\/w\/projekt-kuna\/\">KUNA &#8211; KUlturna in NAravna dedi\u0161\u010dina za opolnomo\u010denje NVO v turizmu<\/a> (Ministrstvo za javno upravo)<\/p>\n\n\n\n<p><a href=\"https:\/\/zavod-parnas.org\/w\/projekt-zivobo\/\">\u017dIVOBO &#8211; \u017divljenje v vodi bo <\/a> (LAS PPD)<\/p>\n\n\n\n<p><a href=\"https:\/\/zavod-parnas.org\/w\/projekt-pod-prtom\/\">POD PRTOM<\/a> (Ministrstvo za kulturo)<\/p>\n\n\n\n<h2 class=\"wp-block-heading\">Pretekli projekti<\/h2>\n\n\n\n<p><a href=\"https:\/\/zavod-parnas.org\/w\/mala-barja-marja\/\">Mala barja Marja <\/a>(kohezijski projekt)<\/p>\n\n\n\n<p><a href=\"https:\/\/zavod-parnas.org\/w\/poprtnik-projekti-mk\/\">Razpisi NESNOVNA KULTURNA DEDI\u0160\u010cINA <\/a>(MIn. za kulturo)<\/p>\n\n\n\n<p>LAS PROJEKTI:<\/p>\n\n\n\n<ul class=\"wp-block-list\"><li><a href=\"https:\/\/zavod-parnas.org\/w\/metulji-in-kacji-pastirji-mik-las-ppd\/\">MIK Metulji in ka\u010dji pastirji &#8211; LAS PPD<\/a><\/li><\/ul>\n\n\n\n<ul class=\"wp-block-list\"><li><a href=\"https:\/\/zavod-parnas.org\/w\/zidovi-in-drevesa-zid-las-ppd\/\">ZID Zidovi in drevesa LAS PPD<\/a><\/li><\/ul>\n\n\n\n<ul class=\"wp-block-list\"><li><a href=\"https:\/\/zavod-parnas.org\/w\/zivljenje-ustvarja-zgodbe-zuz-las-ppd\/\">\u017dUZ \u017divljenje ustvarja zgodbe  -LAS PPD<\/a><\/li><\/ul>\n\n\n\n<ul class=\"wp-block-list\"><li><a href=\"https:\/\/zavod-parnas.org\/w\/kuharica-fizolov-dan-2\/\">KFD Kuharica fi\u017eolov dan &#8211; LAS PPD<\/a><\/li><\/ul>\n\n\n\n<p><\/p>\n\n\n\n<p><\/p>\n\n\n\n<p><\/p>\n","protected":false},"excerpt":{"rendered":"<p>Projektno delo nevladnim organizacijam zagotavlja rast in razvoj novih vsebin. V Zavodu PARNAS se projektov lotevamo v sodelovanju z drugimi [&hellip;]<\/p>\n","protected":false},"author":2,"featured_media":0,"parent":0,"menu_order":0,"comment_status":"closed","ping_status":"closed","template":"","meta":{"site-sidebar-layout":"default","site-content-layout":"","ast-site-content-layout":"default","site-content-style":"default","site-sidebar-style":"default","ast-global-header-display":"","ast-banner-title-visibility":"","ast-main-header-display":"","ast-hfb-above-header-display":"","ast-hfb-below-header-display":"","ast-hfb-mobile-header-display":"","site-post-title":"","ast-breadcrumbs-content":"","ast-featured-img":"","footer-sml-layout":"","theme-transparent-header-meta":"","adv-header-id-meta":"","stick-header-meta":"","header-above-stick-meta":"","header-main-stick-meta":"","header-below-stick-meta":"","astra-migrate-meta-layouts":"default","ast-page-background-enabled":"default","ast-page-background-meta":{"desktop":{"background-color":"var(--ast-global-color-5)","background-image":"","background-repeat":"repeat","background-position":"center center","background-size":"auto","background-attachment":"scroll","background-type":"","background-media":"","overlay-type":"","overlay-color":"","overlay-opacity":"","overlay-gradient":""},"tablet":{"background-color":"","background-image":"","background-repeat":"repeat","background-position":"center center","background-size":"auto","background-attachment":"scroll","background-type":"","background-media":"","overlay-type":"","overlay-color":"","overlay-opacity":"","overlay-gradient":""},"mobile":{"background-color":"","background-image":"","background-repeat":"repeat","background-position":"center center","background-size":"auto","background-attachment":"scroll","background-type":"","background-media":"","overlay-type":"","overlay-color":"","overlay-opacity":"","overlay-gradient":""}},"ast-content-background-meta":{"desktop":{"background-color":"var(--ast-global-color-4)","background-image":"","background-repeat":"repeat","background-position":"center center","background-size":"auto","background-attachment":"scroll","background-type":"","background-media":"","overlay-type":"","overlay-color":"","overlay-opacity":"","overlay-gradient":""},"tablet":{"background-color":"var(--ast-global-color-4)","background-image":"","background-repeat":"repeat","background-position":"center center","background-size":"auto","background-attachment":"scroll","background-type":"","background-media":"","overlay-type":"","overlay-color":"","overlay-opacity":"","overlay-gradient":""},"mobile":{"background-color":"var(--ast-global-color-4)","background-image":"","background-repeat":"repeat","background-position":"center center","background-size":"auto","background-attachment":"scroll","background-type":"","background-media":"","overlay-type":"","overlay-color":"","overlay-opacity":"","overlay-gradient":""}},"footnotes":""},"class_list":["post-11234","page","type-page","status-publish","hentry"],"_links":{"self":[{"href":"https:\/\/zavod-parnas.org\/w\/wp-json\/wp\/v2\/pages\/11234","targetHints":{"allow":["GET"]}}],"collection":[{"href":"https:\/\/zavod-parnas.org\/w\/wp-json\/wp\/v2\/pages"}],"about":[{"href":"https:\/\/zavod-parnas.org\/w\/wp-json\/wp\/v2\/types\/page"}],"author":[{"embeddable":true,"href":"https:\/\/zavod-parnas.org\/w\/wp-json\/wp\/v2\/users\/2"}],"replies":[{"embeddable":true,"href":"https:\/\/zavod-parnas.org\/w\/wp-json\/wp\/v2\/comments?post=11234"}],"version-history":[{"count":4,"href":"https:\/\/zavod-parnas.org\/w\/wp-json\/wp\/v2\/pages\/11234\/revisions"}],"predecessor-version":[{"id":11746,"href":"https:\/\/zavod-parnas.org\/w\/wp-json\/wp\/v2\/pages\/11234\/revisions\/11746"}],"wp:attachment":[{"href":"https:\/\/zavod-parnas.org\/w\/wp-json\/wp\/v2\/media?parent=11234"}],"curies":[{"name":"wp","href":"https:\/\/api.w.org\/{rel}","templated":true}]}}