{"id":11225,"date":"2025-03-19T14:36:59","date_gmt":"2025-03-19T13:36:59","guid":{"rendered":"http:\/\/zavod-parnas.org\/w\/?page_id=11225"},"modified":"2026-01-09T11:23:47","modified_gmt":"2026-01-09T10:23:47","slug":"projekt-pod-prtom","status":"publish","type":"page","link":"https:\/\/zavod-parnas.org\/w\/projekt-pod-prtom\/","title":{"rendered":"Projekt POD PRTOM"},"content":{"rendered":"\n<p>Razpis: Ministrstvo za kulturo  JPR-NKD- 2025<br>Enota nesnovne dedi\u0161\u010dine: Priprava poprtnikov (EID 2-00022)<\/p>\n\n\n\n<p>Prijavitelj: PARNAS Zavod za kulturo in turizem, Velike La\u0161\u010de<br>v sodelovanju s 15 nosilci izro\u010dila (skupine gospodinj iz velikola\u0161kih krajev in Dobrepolja, iz Ribni\u0161ke doline, Sodra\u017eice, Lo\u0161kega Potoka, s Svibnega, z Golega, z Blok, iz Ivan\u010dne Gorice, \u017du\u017eemberka, \u0160entruperta, z Dolskega, s Tr\u017ei\u0161\u010da, iz Lo\u0161ke doline, Cerknice in s \u0160kofljice).<\/p>\n\n\n\n<p>Vrednost projekta: 21.490,00 EUR. Sofinanciranje MK: 18.050 EUR (83,99 %).<\/p>\n\n\n\n<p><strong>Cilji projekta:<\/strong><\/p>\n\n\n\n<p>&#8211; omogo\u010di nosilcem izmenjavo dobrih praks ob vstopanju v pedago\u0161ki proces na razli\u010dnih starostnih stopnjah javnega \u0161olstva;<br>&#8211; opolnomo\u010di nosilce z novimi pristopi pri interpretaciji izbrane NKD;<br>&#8211; spodbuja evidentirane nosilce k aktivnemu sodelovanju in mre\u017eenju na skupnih dogodkih celotne dedi\u0161\u010dinske skupnosti;<br>&#8211; opozori \u0161ir\u0161o javnost o pomenu ohranjanja izbrane NKD po na\u010delu od spodaj navzgor;<br>&#8211; ohranja raznolikosti med posameznimi nosilci, ko sistemati\u010dno gradijo komunikacijo s \u0161ir\u0161o javnostjo (kratki filmi, panoji); <br>&#8211; nagovori potomce slovenskih izseljencev po svetu, da tudi preko NKD ohranjajo stik s slovenskimi koreninami;<\/p>\n\n\n\n<p><strong>Namen projekta:<\/strong>&nbsp;<\/p>\n\n\n\n<p>Projekt POD PRTOM opolnomo\u010di nosilce dedi\u0161\u010dine, ko ob prena\u0161anju dedi\u0161\u010dine na mlade vstopajo v pedago\u0161ki proces v javnih izobra\u017eevalnih ustanovah na razli\u010dnih nivojih &#8211; od vrtca do visoke \u0161ole. Ob tem pridobljene pedago\u0161ke in druge kompetence z mre\u017eenjem in sodelovanjem na projektnih dogodkih in gradivih izmenjajo kot primere dobre prakse. &nbsp;Obenem jih spodbuja k ohranjanju raznolikosti njihove dedi\u0161\u010dine in pristopu od spodaj navzgor. S prevodom priro\u010dnika POPRTNIK (nastal v 2023) v angl. jezik nagovarja potomce Slovencev v tujini k ohranjanju slovenskih korenin preko NKD. Projekt sistemati\u010dno nadgrajuje dosedanje koordinirane akcije vseh 15 nosilcev.<\/p>\n\n\n\n<p><strong>Projektni rezultati:<\/strong><\/p>\n\n\n\n<p>1. Priro\u010dnik POD PRTOM (tiskana verzija &#8211; 60 strani, 200 izvodov ter e-verzija na spletni strani); vsebinska priprava, izvedba intervjujev, izbor gradiv, oblikovanje, grafi\u010dna priprava in tisk&nbsp; priro\u010dnika Pod prtom; pri vseh nosilcih izro\u010dila; e-verzija: <a href=\"http:\/\/zavod-parnas.org\/w\/wp-content\/uploads\/2025\/09\/POPRTNIK-PRIROCNIK-200x200-SLO-lowres.pdf\">Priro\u010dnik POPRTNIK V IZOBRA\u017dEVANJU<\/a><\/p>\n\n\n\n<p>2. Prevod obstoje\u010dega priro\u010dnika POPRTNIK v angle\u0161ki jezik (slovenska verzija je nastala v projektu Kdo \u0161e pe\u010de poprtnik &#8211; JPR NKD 2023); prevod v angle\u0161ki jezik, grafi\u010dna priprava in tisk 100 izvodov ter e-verzija: <a href=\"http:\/\/zavod-parnas.org\/w\/wp-content\/uploads\/2025\/09\/POPRTNIK-knjizica-200x200-ANG-splet-lowres.pdf\">POPRTNIK &#8211; angle\u0161ki prevod<\/a><\/p>\n\n\n\n<p>3. 3x KRATKI FILMI (do 2 min) o pripravi poprtnika pri treh nosilcih &#8211; vsebinska priprava, snemanje in monta\u017ea, orig. datoteke za sodelujo\u010de nosilce, javno dostopni preko Youtube kanala, promocija na Fb in Ig; <br><a href=\"https:\/\/zavod-parnas.org\/w\/pod-prtom-loska-dolina\/\">Videorazglednica LO\u0160KA DOLINA<\/a><br><a href=\"https:\/\/zavod-parnas.org\/w\/pod-prtom-sentrupert-2\/\">Videorazglednica \u0160ENTRUPERT<\/a><br><a href=\"https:\/\/zavod-parnas.org\/w\/pod-prtom-visejec\/\">Videorazglednica VISEJEC<\/a><\/p>\n\n\n\n<p><br>4. 3x izvle\u010dni pano -vsebinska priprava, oblikovanje, prevod in tisk; Velike La\u0161\u010de &#8211; skupni za mednarodno sodelovanje, Tr\u017ei\u0161\u010de, Golo;<br><a href=\"http:\/\/zavod-parnas.org\/w\/wp-content\/uploads\/2025\/09\/pano-GOLO-lowres.jpg\" data-rel=\"lightbox-image-0\" data-rl_title=\"\" data-rl_caption=\"\" title=\"\">Pano GOLO<\/a><br><a href=\"http:\/\/zavod-parnas.org\/w\/wp-content\/uploads\/2025\/09\/pano-TRZISCE-lowres.jpg\" data-rel=\"lightbox-image-1\" data-rl_title=\"\" data-rl_caption=\"\" title=\"\">Pano TR\u017dI\u0160\u010cE<\/a><br><a href=\"http:\/\/zavod-parnas.org\/w\/wp-content\/uploads\/2025\/09\/pano-FESTIVAL-lowres.jpg\" data-rel=\"lightbox-image-2\" data-rl_title=\"\" data-rl_caption=\"\" title=\"\">Pano FESTIVAL BO\u017dI\u010cNEGA KRUHA<\/a><\/p>\n\n\n\n<p><br>5. <a href=\"https:\/\/zavod-parnas.org\/w\/srecanje-nosilcev-priprave-poprtnika-14-12-2024\/\">Redno letno sre\u010danje nosilcev izro\u010dila<\/a> priprave poprtnika ob Festivalu bo\u017ei\u010dnega kruha; Velike La\u0161\u010de &#8211; Levstikov dom; 14. dec. 2024<\/p>\n\n\n\n<p><br>6. <a href=\"https:\/\/zavod-parnas.org\/w\/posvet-pod-prtom\/\">Mednarodni posvet z delavnico<\/a>; Velike La\u0161\u010de-Levstikov dom,&nbsp; 11. okt. 2025<\/p>\n\n\n\n<figure class=\"wp-block-gallery has-nested-images columns-4 is-cropped wp-block-gallery-1 is-layout-flex wp-block-gallery-is-layout-flex\">\n<figure class=\"wp-block-image size-large\"><img fetchpriority=\"high\" decoding=\"async\" width=\"630\" height=\"895\" data-id=\"11305\" src=\"https:\/\/zavod-parnas.org\/w\/wp-content\/uploads\/2025\/04\/pod-prtom-sentrupert11-630x895.jpg\" alt=\"\" class=\"wp-image-11305\" srcset=\"https:\/\/zavod-parnas.org\/w\/wp-content\/uploads\/2025\/04\/pod-prtom-sentrupert11-630x895.jpg 630w, https:\/\/zavod-parnas.org\/w\/wp-content\/uploads\/2025\/04\/pod-prtom-sentrupert11-211x300.jpg 211w, https:\/\/zavod-parnas.org\/w\/wp-content\/uploads\/2025\/04\/pod-prtom-sentrupert11-252x358.jpg 252w, https:\/\/zavod-parnas.org\/w\/wp-content\/uploads\/2025\/04\/pod-prtom-sentrupert11-1082x1536.jpg 1082w, https:\/\/zavod-parnas.org\/w\/wp-content\/uploads\/2025\/04\/pod-prtom-sentrupert11.jpg 1442w\" sizes=\"(max-width: 630px) 100vw, 630px\" \/><\/figure>\n\n\n\n<figure class=\"wp-block-image size-large\"><img decoding=\"async\" width=\"630\" height=\"674\" data-id=\"12492\" src=\"https:\/\/zavod-parnas.org\/w\/wp-content\/uploads\/2026\/01\/IMG_6743-630x674.jpg\" alt=\"\" class=\"wp-image-12492\" srcset=\"https:\/\/zavod-parnas.org\/w\/wp-content\/uploads\/2026\/01\/IMG_6743-630x674.jpg 630w, https:\/\/zavod-parnas.org\/w\/wp-content\/uploads\/2026\/01\/IMG_6743-280x300.jpg 280w, https:\/\/zavod-parnas.org\/w\/wp-content\/uploads\/2026\/01\/IMG_6743-252x270.jpg 252w, https:\/\/zavod-parnas.org\/w\/wp-content\/uploads\/2026\/01\/IMG_6743.jpg 1179w\" sizes=\"(max-width: 630px) 100vw, 630px\" \/><figcaption class=\"wp-element-caption\">Screenshot<\/figcaption><\/figure>\n\n\n\n<figure class=\"wp-block-image size-large\"><img decoding=\"async\" width=\"438\" height=\"870\" data-id=\"12022\" src=\"https:\/\/zavod-parnas.org\/w\/wp-content\/uploads\/2025\/09\/pano-TRZISCE-lowres.jpg\" alt=\"\" class=\"wp-image-12022\" srcset=\"https:\/\/zavod-parnas.org\/w\/wp-content\/uploads\/2025\/09\/pano-TRZISCE-lowres.jpg 438w, https:\/\/zavod-parnas.org\/w\/wp-content\/uploads\/2025\/09\/pano-TRZISCE-lowres-151x300.jpg 151w, https:\/\/zavod-parnas.org\/w\/wp-content\/uploads\/2025\/09\/pano-TRZISCE-lowres-252x501.jpg 252w\" sizes=\"(max-width: 438px) 100vw, 438px\" \/><\/figure>\n\n\n\n<figure class=\"wp-block-image size-large\"><img loading=\"lazy\" decoding=\"async\" width=\"479\" height=\"956\" data-id=\"12021\" src=\"https:\/\/zavod-parnas.org\/w\/wp-content\/uploads\/2025\/09\/pano-GOLO-lowres.jpg\" alt=\"\" class=\"wp-image-12021\" srcset=\"https:\/\/zavod-parnas.org\/w\/wp-content\/uploads\/2025\/09\/pano-GOLO-lowres.jpg 479w, https:\/\/zavod-parnas.org\/w\/wp-content\/uploads\/2025\/09\/pano-GOLO-lowres-150x300.jpg 150w, https:\/\/zavod-parnas.org\/w\/wp-content\/uploads\/2025\/09\/pano-GOLO-lowres-252x503.jpg 252w\" sizes=\"(max-width: 479px) 100vw, 479px\" \/><\/figure>\n\n\n\n<figure class=\"wp-block-image size-large\"><img loading=\"lazy\" decoding=\"async\" width=\"630\" height=\"355\" data-id=\"11457\" src=\"https:\/\/zavod-parnas.org\/w\/wp-content\/uploads\/2025\/05\/golo1-1-630x355.jpg\" alt=\"\" class=\"wp-image-11457\" srcset=\"https:\/\/zavod-parnas.org\/w\/wp-content\/uploads\/2025\/05\/golo1-1-630x355.jpg 630w, https:\/\/zavod-parnas.org\/w\/wp-content\/uploads\/2025\/05\/golo1-1-300x169.jpg 300w, https:\/\/zavod-parnas.org\/w\/wp-content\/uploads\/2025\/05\/golo1-1-252x142.jpg 252w, https:\/\/zavod-parnas.org\/w\/wp-content\/uploads\/2025\/05\/golo1-1.jpg 1062w\" sizes=\"(max-width: 630px) 100vw, 630px\" \/><\/figure>\n\n\n\n<figure class=\"wp-block-image size-large\"><img loading=\"lazy\" decoding=\"async\" width=\"630\" height=\"840\" data-id=\"11273\" src=\"https:\/\/zavod-parnas.org\/w\/wp-content\/uploads\/2025\/04\/IMG_0378-630x840.jpg\" alt=\"\" class=\"wp-image-11273\" srcset=\"https:\/\/zavod-parnas.org\/w\/wp-content\/uploads\/2025\/04\/IMG_0378-630x840.jpg 630w, https:\/\/zavod-parnas.org\/w\/wp-content\/uploads\/2025\/04\/IMG_0378-225x300.jpg 225w, https:\/\/zavod-parnas.org\/w\/wp-content\/uploads\/2025\/04\/IMG_0378-252x336.jpg 252w, https:\/\/zavod-parnas.org\/w\/wp-content\/uploads\/2025\/04\/IMG_0378-1152x1536.jpg 1152w, https:\/\/zavod-parnas.org\/w\/wp-content\/uploads\/2025\/04\/IMG_0378-1536x2048.jpg 1536w, https:\/\/zavod-parnas.org\/w\/wp-content\/uploads\/2025\/04\/IMG_0378-scaled.jpg 1920w\" sizes=\"(max-width: 630px) 100vw, 630px\" \/><\/figure>\n\n\n\n<figure class=\"wp-block-image size-large\"><img loading=\"lazy\" decoding=\"async\" width=\"630\" height=\"840\" data-id=\"11306\" src=\"https:\/\/zavod-parnas.org\/w\/wp-content\/uploads\/2025\/04\/pod-prtom-sentrupert12-630x840.jpg\" alt=\"\" class=\"wp-image-11306\" srcset=\"https:\/\/zavod-parnas.org\/w\/wp-content\/uploads\/2025\/04\/pod-prtom-sentrupert12-630x840.jpg 630w, https:\/\/zavod-parnas.org\/w\/wp-content\/uploads\/2025\/04\/pod-prtom-sentrupert12-225x300.jpg 225w, https:\/\/zavod-parnas.org\/w\/wp-content\/uploads\/2025\/04\/pod-prtom-sentrupert12-252x336.jpg 252w, https:\/\/zavod-parnas.org\/w\/wp-content\/uploads\/2025\/04\/pod-prtom-sentrupert12-1152x1536.jpg 1152w, https:\/\/zavod-parnas.org\/w\/wp-content\/uploads\/2025\/04\/pod-prtom-sentrupert12.jpg 1536w\" sizes=\"(max-width: 630px) 100vw, 630px\" \/><\/figure>\n\n\n\n<figure class=\"wp-block-image size-large\"><img loading=\"lazy\" decoding=\"async\" width=\"630\" height=\"473\" data-id=\"12082\" src=\"https:\/\/zavod-parnas.org\/w\/wp-content\/uploads\/2025\/09\/IMG_5717-630x473.jpeg\" alt=\"\" class=\"wp-image-12082\" srcset=\"https:\/\/zavod-parnas.org\/w\/wp-content\/uploads\/2025\/09\/IMG_5717-630x473.jpeg 630w, https:\/\/zavod-parnas.org\/w\/wp-content\/uploads\/2025\/09\/IMG_5717-300x225.jpeg 300w, https:\/\/zavod-parnas.org\/w\/wp-content\/uploads\/2025\/09\/IMG_5717-252x189.jpeg 252w, https:\/\/zavod-parnas.org\/w\/wp-content\/uploads\/2025\/09\/IMG_5717-1536x1152.jpeg 1536w, https:\/\/zavod-parnas.org\/w\/wp-content\/uploads\/2025\/09\/IMG_5717.jpeg 2016w\" sizes=\"(max-width: 630px) 100vw, 630px\" \/><\/figure>\n\n\n\n<figure class=\"wp-block-image size-large\"><img loading=\"lazy\" decoding=\"async\" width=\"630\" height=\"473\" data-id=\"12086\" src=\"https:\/\/zavod-parnas.org\/w\/wp-content\/uploads\/2025\/09\/IMG_5700-630x473.jpeg\" alt=\"\" class=\"wp-image-12086\" srcset=\"https:\/\/zavod-parnas.org\/w\/wp-content\/uploads\/2025\/09\/IMG_5700-630x473.jpeg 630w, https:\/\/zavod-parnas.org\/w\/wp-content\/uploads\/2025\/09\/IMG_5700-300x225.jpeg 300w, https:\/\/zavod-parnas.org\/w\/wp-content\/uploads\/2025\/09\/IMG_5700-252x189.jpeg 252w, https:\/\/zavod-parnas.org\/w\/wp-content\/uploads\/2025\/09\/IMG_5700-1536x1152.jpeg 1536w, https:\/\/zavod-parnas.org\/w\/wp-content\/uploads\/2025\/09\/IMG_5700-2048x1536.jpeg 2048w\" sizes=\"(max-width: 630px) 100vw, 630px\" \/><\/figure>\n<\/figure>\n\n\n\n<figure class=\"wp-block-image size-large\"><img loading=\"lazy\" decoding=\"async\" width=\"630\" height=\"210\" src=\"http:\/\/zavod-parnas.org\/w\/wp-content\/uploads\/2025\/07\/MK_SI-630x210.jpg\" alt=\"\" class=\"wp-image-11673\" srcset=\"https:\/\/zavod-parnas.org\/w\/wp-content\/uploads\/2025\/07\/MK_SI-630x210.jpg 630w, https:\/\/zavod-parnas.org\/w\/wp-content\/uploads\/2025\/07\/MK_SI-300x100.jpg 300w, https:\/\/zavod-parnas.org\/w\/wp-content\/uploads\/2025\/07\/MK_SI-252x84.jpg 252w, https:\/\/zavod-parnas.org\/w\/wp-content\/uploads\/2025\/07\/MK_SI.jpg 750w\" sizes=\"(max-width: 630px) 100vw, 630px\" \/><\/figure>\n\n\n\n<p><\/p>\n","protected":false},"excerpt":{"rendered":"<p>Razpis: Ministrstvo za kulturo JPR-NKD- 2025Enota nesnovne dedi\u0161\u010dine: Priprava poprtnikov (EID 2-00022) Prijavitelj: PARNAS Zavod za kulturo in turizem, Velike [&hellip;]<\/p>\n","protected":false},"author":2,"featured_media":0,"parent":0,"menu_order":0,"comment_status":"closed","ping_status":"closed","template":"","meta":{"site-sidebar-layout":"default","site-content-layout":"","ast-site-content-layout":"default","site-content-style":"default","site-sidebar-style":"default","ast-global-header-display":"","ast-banner-title-visibility":"","ast-main-header-display":"","ast-hfb-above-header-display":"","ast-hfb-below-header-display":"","ast-hfb-mobile-header-display":"","site-post-title":"","ast-breadcrumbs-content":"","ast-featured-img":"","footer-sml-layout":"","theme-transparent-header-meta":"","adv-header-id-meta":"","stick-header-meta":"","header-above-stick-meta":"","header-main-stick-meta":"","header-below-stick-meta":"","astra-migrate-meta-layouts":"default","ast-page-background-enabled":"default","ast-page-background-meta":{"desktop":{"background-color":"var(--ast-global-color-5)","background-image":"","background-repeat":"repeat","background-position":"center center","background-size":"auto","background-attachment":"scroll","background-type":"","background-media":"","overlay-type":"","overlay-color":"","overlay-opacity":"","overlay-gradient":""},"tablet":{"background-color":"","background-image":"","background-repeat":"repeat","background-position":"center center","background-size":"auto","background-attachment":"scroll","background-type":"","background-media":"","overlay-type":"","overlay-color":"","overlay-opacity":"","overlay-gradient":""},"mobile":{"background-color":"","background-image":"","background-repeat":"repeat","background-position":"center center","background-size":"auto","background-attachment":"scroll","background-type":"","background-media":"","overlay-type":"","overlay-color":"","overlay-opacity":"","overlay-gradient":""}},"ast-content-background-meta":{"desktop":{"background-color":"var(--ast-global-color-4)","background-image":"","background-repeat":"repeat","background-position":"center center","background-size":"auto","background-attachment":"scroll","background-type":"","background-media":"","overlay-type":"","overlay-color":"","overlay-opacity":"","overlay-gradient":""},"tablet":{"background-color":"var(--ast-global-color-4)","background-image":"","background-repeat":"repeat","background-position":"center center","background-size":"auto","background-attachment":"scroll","background-type":"","background-media":"","overlay-type":"","overlay-color":"","overlay-opacity":"","overlay-gradient":""},"mobile":{"background-color":"var(--ast-global-color-4)","background-image":"","background-repeat":"repeat","background-position":"center center","background-size":"auto","background-attachment":"scroll","background-type":"","background-media":"","overlay-type":"","overlay-color":"","overlay-opacity":"","overlay-gradient":""}},"footnotes":""},"class_list":["post-11225","page","type-page","status-publish","hentry"],"_links":{"self":[{"href":"https:\/\/zavod-parnas.org\/w\/wp-json\/wp\/v2\/pages\/11225","targetHints":{"allow":["GET"]}}],"collection":[{"href":"https:\/\/zavod-parnas.org\/w\/wp-json\/wp\/v2\/pages"}],"about":[{"href":"https:\/\/zavod-parnas.org\/w\/wp-json\/wp\/v2\/types\/page"}],"author":[{"embeddable":true,"href":"https:\/\/zavod-parnas.org\/w\/wp-json\/wp\/v2\/users\/2"}],"replies":[{"embeddable":true,"href":"https:\/\/zavod-parnas.org\/w\/wp-json\/wp\/v2\/comments?post=11225"}],"version-history":[{"count":7,"href":"https:\/\/zavod-parnas.org\/w\/wp-json\/wp\/v2\/pages\/11225\/revisions"}],"predecessor-version":[{"id":12506,"href":"https:\/\/zavod-parnas.org\/w\/wp-json\/wp\/v2\/pages\/11225\/revisions\/12506"}],"wp:attachment":[{"href":"https:\/\/zavod-parnas.org\/w\/wp-json\/wp\/v2\/media?parent=11225"}],"curies":[{"name":"wp","href":"https:\/\/api.w.org\/{rel}","templated":true}]}}