{"id":11211,"date":"2025-03-05T16:45:16","date_gmt":"2025-03-05T15:45:16","guid":{"rendered":"http:\/\/zavod-parnas.org\/w\/?page_id=11211"},"modified":"2025-07-30T07:39:43","modified_gmt":"2025-07-30T05:39:43","slug":"knjiga-z-zgodbo","status":"publish","type":"page","link":"https:\/\/zavod-parnas.org\/w\/javni-interes-na-podrocju-kulture\/knjiga-z-zgodbo\/","title":{"rendered":"Knjiga z zgodbo"},"content":{"rendered":"\n<figure class=\"wp-block-image size-large\"><img fetchpriority=\"high\" decoding=\"async\" width=\"630\" height=\"473\" src=\"https:\/\/zavod-parnas.org\/w\/wp-content\/uploads\/2025\/03\/IMG_9433-630x473.jpg\" alt=\"\" class=\"wp-image-11212\" srcset=\"https:\/\/zavod-parnas.org\/w\/wp-content\/uploads\/2025\/03\/IMG_9433-630x473.jpg 630w, https:\/\/zavod-parnas.org\/w\/wp-content\/uploads\/2025\/03\/IMG_9433-300x225.jpg 300w, https:\/\/zavod-parnas.org\/w\/wp-content\/uploads\/2025\/03\/IMG_9433-252x189.jpg 252w, https:\/\/zavod-parnas.org\/w\/wp-content\/uploads\/2025\/03\/IMG_9433-1536x1152.jpg 1536w, https:\/\/zavod-parnas.org\/w\/wp-content\/uploads\/2025\/03\/IMG_9433-2048x1536.jpg 2048w\" sizes=\"(max-width: 630px) 100vw, 630px\" \/><\/figure>\n\n\n\n<p>Bi letos svoje zgodbe napisali v \u010disto prave \u0161ivane knjige s trdimi platnicami? <\/p>\n\n\n\n<p>Na knjigove\u0161ki delavnici KNJIGA Z ZGODBO se\u0161ijemo prepognjene pole A4 v knji\u017eni blok, izdelamo platnice in knjigo ve\u017eemo v trdi polplatneni vezavi. <br>Otroci imajo na izbiro razli\u010dne knjigove\u0161ke materiale in barvne odtenke ter vse potrebno orodje za delo. Simpati\u010dno knji\u017eno kazalo v obliki lisice pa lahko izdelamo za povrh. Izvajamo na va\u0161i \u0161oli, v knji\u017enici, v kulturnem domu &#8230;<\/p>\n\n\n\n<p>NAJBOLJ PRIMERNO ZA: peti razred O\u0160<br>TRAJANJE: 90-120 minut (2-3 \u0161olske ure)<br>VSTOPNINA: 10 EUR na u\u010denca + stro\u0161ki prevoza do va\u0161e \u0161ole in nazaj<\/p>\n\n\n\n<figure class=\"wp-block-gallery columns-3 is-cropped wp-block-gallery-1 is-layout-flex wp-block-gallery-is-layout-flex\"><ul class=\"blocks-gallery-grid\"><li class=\"blocks-gallery-item\"><figure><img decoding=\"async\" width=\"630\" height=\"840\" src=\"https:\/\/zavod-parnas.org\/w\/wp-content\/uploads\/2025\/03\/IMG_9426-630x840.jpg\" alt=\"\" data-id=\"11214\" data-full-url=\"https:\/\/zavod-parnas.org\/w\/wp-content\/uploads\/2025\/03\/IMG_9426-scaled.jpg\" data-link=\"https:\/\/zavod-parnas.org\/w\/?attachment_id=11214\" class=\"wp-image-11214\" srcset=\"https:\/\/zavod-parnas.org\/w\/wp-content\/uploads\/2025\/03\/IMG_9426-630x840.jpg 630w, https:\/\/zavod-parnas.org\/w\/wp-content\/uploads\/2025\/03\/IMG_9426-225x300.jpg 225w, https:\/\/zavod-parnas.org\/w\/wp-content\/uploads\/2025\/03\/IMG_9426-252x336.jpg 252w, https:\/\/zavod-parnas.org\/w\/wp-content\/uploads\/2025\/03\/IMG_9426-1152x1536.jpg 1152w, https:\/\/zavod-parnas.org\/w\/wp-content\/uploads\/2025\/03\/IMG_9426-1536x2048.jpg 1536w, https:\/\/zavod-parnas.org\/w\/wp-content\/uploads\/2025\/03\/IMG_9426-scaled.jpg 1920w\" sizes=\"(max-width: 630px) 100vw, 630px\" \/><\/figure><\/li><li class=\"blocks-gallery-item\"><figure><img decoding=\"async\" width=\"630\" height=\"840\" src=\"https:\/\/zavod-parnas.org\/w\/wp-content\/uploads\/2025\/03\/IMG_9424-630x840.jpg\" alt=\"\" data-id=\"11213\" data-full-url=\"https:\/\/zavod-parnas.org\/w\/wp-content\/uploads\/2025\/03\/IMG_9424-rotated.jpg\" data-link=\"https:\/\/zavod-parnas.org\/w\/?attachment_id=11213\" class=\"wp-image-11213\" srcset=\"https:\/\/zavod-parnas.org\/w\/wp-content\/uploads\/2025\/03\/IMG_9424-630x840.jpg 630w, https:\/\/zavod-parnas.org\/w\/wp-content\/uploads\/2025\/03\/IMG_9424-225x300.jpg 225w, https:\/\/zavod-parnas.org\/w\/wp-content\/uploads\/2025\/03\/IMG_9424-252x336.jpg 252w, https:\/\/zavod-parnas.org\/w\/wp-content\/uploads\/2025\/03\/IMG_9424-1152x1536.jpg 1152w, https:\/\/zavod-parnas.org\/w\/wp-content\/uploads\/2025\/03\/IMG_9424-rotated.jpg 1512w\" sizes=\"(max-width: 630px) 100vw, 630px\" \/><\/figure><\/li><li class=\"blocks-gallery-item\"><figure><img loading=\"lazy\" decoding=\"async\" width=\"630\" height=\"840\" src=\"https:\/\/zavod-parnas.org\/w\/wp-content\/uploads\/2025\/03\/IMG_9432-630x840.jpg\" alt=\"\" data-id=\"11215\" data-full-url=\"https:\/\/zavod-parnas.org\/w\/wp-content\/uploads\/2025\/03\/IMG_9432-scaled.jpg\" data-link=\"https:\/\/zavod-parnas.org\/w\/?attachment_id=11215\" class=\"wp-image-11215\" srcset=\"https:\/\/zavod-parnas.org\/w\/wp-content\/uploads\/2025\/03\/IMG_9432-630x840.jpg 630w, https:\/\/zavod-parnas.org\/w\/wp-content\/uploads\/2025\/03\/IMG_9432-225x300.jpg 225w, https:\/\/zavod-parnas.org\/w\/wp-content\/uploads\/2025\/03\/IMG_9432-252x336.jpg 252w, https:\/\/zavod-parnas.org\/w\/wp-content\/uploads\/2025\/03\/IMG_9432-1152x1536.jpg 1152w, https:\/\/zavod-parnas.org\/w\/wp-content\/uploads\/2025\/03\/IMG_9432-1536x2048.jpg 1536w, https:\/\/zavod-parnas.org\/w\/wp-content\/uploads\/2025\/03\/IMG_9432-scaled.jpg 1920w\" sizes=\"(max-width: 630px) 100vw, 630px\" \/><\/figure><\/li><\/ul><\/figure>\n","protected":false},"excerpt":{"rendered":"<p>Bi letos svoje zgodbe napisali v \u010disto prave \u0161ivane knjige s trdimi platnicami? Na knjigove\u0161ki delavnici KNJIGA Z ZGODBO se\u0161ijemo [&hellip;]<\/p>\n","protected":false},"author":2,"featured_media":0,"parent":613,"menu_order":0,"comment_status":"closed","ping_status":"closed","template":"","meta":{"site-sidebar-layout":"default","site-content-layout":"","ast-site-content-layout":"default","site-content-style":"default","site-sidebar-style":"default","ast-global-header-display":"","ast-banner-title-visibility":"","ast-main-header-display":"","ast-hfb-above-header-display":"","ast-hfb-below-header-display":"","ast-hfb-mobile-header-display":"","site-post-title":"","ast-breadcrumbs-content":"","ast-featured-img":"","footer-sml-layout":"","theme-transparent-header-meta":"","adv-header-id-meta":"","stick-header-meta":"","header-above-stick-meta":"","header-main-stick-meta":"","header-below-stick-meta":"","astra-migrate-meta-layouts":"default","ast-page-background-enabled":"default","ast-page-background-meta":{"desktop":{"background-color":"var(--ast-global-color-5)","background-image":"","background-repeat":"repeat","background-position":"center center","background-size":"auto","background-attachment":"scroll","background-type":"","background-media":"","overlay-type":"","overlay-color":"","overlay-opacity":"","overlay-gradient":""},"tablet":{"background-color":"","background-image":"","background-repeat":"repeat","background-position":"center center","background-size":"auto","background-attachment":"scroll","background-type":"","background-media":"","overlay-type":"","overlay-color":"","overlay-opacity":"","overlay-gradient":""},"mobile":{"background-color":"","background-image":"","background-repeat":"repeat","background-position":"center center","background-size":"auto","background-attachment":"scroll","background-type":"","background-media":"","overlay-type":"","overlay-color":"","overlay-opacity":"","overlay-gradient":""}},"ast-content-background-meta":{"desktop":{"background-color":"var(--ast-global-color-4)","background-image":"","background-repeat":"repeat","background-position":"center center","background-size":"auto","background-attachment":"scroll","background-type":"","background-media":"","overlay-type":"","overlay-color":"","overlay-opacity":"","overlay-gradient":""},"tablet":{"background-color":"var(--ast-global-color-4)","background-image":"","background-repeat":"repeat","background-position":"center center","background-size":"auto","background-attachment":"scroll","background-type":"","background-media":"","overlay-type":"","overlay-color":"","overlay-opacity":"","overlay-gradient":""},"mobile":{"background-color":"var(--ast-global-color-4)","background-image":"","background-repeat":"repeat","background-position":"center center","background-size":"auto","background-attachment":"scroll","background-type":"","background-media":"","overlay-type":"","overlay-color":"","overlay-opacity":"","overlay-gradient":""}},"footnotes":""},"class_list":["post-11211","page","type-page","status-publish","hentry"],"_links":{"self":[{"href":"https:\/\/zavod-parnas.org\/w\/wp-json\/wp\/v2\/pages\/11211","targetHints":{"allow":["GET"]}}],"collection":[{"href":"https:\/\/zavod-parnas.org\/w\/wp-json\/wp\/v2\/pages"}],"about":[{"href":"https:\/\/zavod-parnas.org\/w\/wp-json\/wp\/v2\/types\/page"}],"author":[{"embeddable":true,"href":"https:\/\/zavod-parnas.org\/w\/wp-json\/wp\/v2\/users\/2"}],"replies":[{"embeddable":true,"href":"https:\/\/zavod-parnas.org\/w\/wp-json\/wp\/v2\/comments?post=11211"}],"version-history":[{"count":1,"href":"https:\/\/zavod-parnas.org\/w\/wp-json\/wp\/v2\/pages\/11211\/revisions"}],"predecessor-version":[{"id":11216,"href":"https:\/\/zavod-parnas.org\/w\/wp-json\/wp\/v2\/pages\/11211\/revisions\/11216"}],"up":[{"embeddable":true,"href":"https:\/\/zavod-parnas.org\/w\/wp-json\/wp\/v2\/pages\/613"}],"wp:attachment":[{"href":"https:\/\/zavod-parnas.org\/w\/wp-json\/wp\/v2\/media?parent=11211"}],"curies":[{"name":"wp","href":"https:\/\/api.w.org\/{rel}","templated":true}]}}