{"id":11203,"date":"2025-02-28T15:54:13","date_gmt":"2025-02-28T14:54:13","guid":{"rendered":"http:\/\/zavod-parnas.org\/w\/?page_id=11203"},"modified":"2025-02-28T16:01:31","modified_gmt":"2025-02-28T15:01:31","slug":"obrazi-nevladnikov-metka-staric","status":"publish","type":"page","link":"https:\/\/zavod-parnas.org\/w\/obrazi-nevladnikov-metka-staric\/","title":{"rendered":"Obrazi nevladnikov: Metka Stari\u010d"},"content":{"rendered":"\n<p>dnevnik.si &#8211; 4. marec 2024 &#8211; Luna J. \u0160ribar <\/p>\n\n\n\n<p><strong>Obrazi nevladnikov: Metka Stari\u010d, PARNAS Zavod za kulturo in turizem \u00bbPonosni smo, da lahko delujemo kot dedi\u0161\u010dinska skupnost.\u00ab<\/strong><\/p>\n\n\n\n<figure class=\"wp-block-image size-large\"><img fetchpriority=\"high\" decoding=\"async\" width=\"630\" height=\"473\" src=\"https:\/\/zavod-parnas.org\/w\/wp-content\/uploads\/2025\/02\/desno-Metka-Staric-z-Ursko-Hren-levo-in-Brino-Puntar-otvoritev-centra-24-3-22-630x473.jpg\" alt=\"\" class=\"wp-image-11204\" srcset=\"https:\/\/zavod-parnas.org\/w\/wp-content\/uploads\/2025\/02\/desno-Metka-Staric-z-Ursko-Hren-levo-in-Brino-Puntar-otvoritev-centra-24-3-22-630x473.jpg 630w, https:\/\/zavod-parnas.org\/w\/wp-content\/uploads\/2025\/02\/desno-Metka-Staric-z-Ursko-Hren-levo-in-Brino-Puntar-otvoritev-centra-24-3-22-300x225.jpg 300w, https:\/\/zavod-parnas.org\/w\/wp-content\/uploads\/2025\/02\/desno-Metka-Staric-z-Ursko-Hren-levo-in-Brino-Puntar-otvoritev-centra-24-3-22-252x189.jpg 252w, https:\/\/zavod-parnas.org\/w\/wp-content\/uploads\/2025\/02\/desno-Metka-Staric-z-Ursko-Hren-levo-in-Brino-Puntar-otvoritev-centra-24-3-22-1536x1153.jpg 1536w, https:\/\/zavod-parnas.org\/w\/wp-content\/uploads\/2025\/02\/desno-Metka-Staric-z-Ursko-Hren-levo-in-Brino-Puntar-otvoritev-centra-24-3-22-2048x1537.jpg 2048w\" sizes=\"(max-width: 630px) 100vw, 630px\" \/><figcaption>Ob otvoritvi \u00a0interpretacijskega centra Mi\u0161ja dolina v TIC Kozolec na Trubarjevi doma\u010diji marca 2022. Z leve Ur\u0161ka Hren, Brina Puntar in Metka Stari\u010d &#8211; sodelavke na EU projektu Mala barja Marja.<\/figcaption><\/figure>\n\n\n\n<p><strong>Metka Stari\u010d, ustanoviteljica Zavoda Parnas, je prebirala Levstika, ki je doma iz njihovih krajev, Velikih La\u0161\u010d. Naslov njegove Je\u017ee na Parnas jo je asociiral na \u00bbpri nas\u00ab, tisto, kar se dogaja tukaj, za nas. Parnas pa pomeni tudi \u00bbgoro pesni\u0161tva\u00ab, neomejenega ustvarjanja, kar se prav tako dobro sklada z Zavodom Parnas. Videti\u00a0 je, da so njihove zamisli za mnogotere projekte na podro\u010dju kulture, varovanja kulturne dedi\u0161\u010dine, varstva narave in razvoja pode\u017eelja, neomejene.<\/strong><\/p>\n\n\n\n<p>Metka Stari\u010d, po osnovnem poklicu sicer u\u010diteljica razrednega pouka, je na nevladni\u0161ko pot zavila, ko je ugotovila, da bi se na podro\u010dju dedi\u0161\u010dine z njenim pedago\u0161kim znanjem dalo marsikaj narediti. Prilo\u017enost se je pojavila na Trubarjevi doma\u010diji leta 2000, ko je ob 450. obletnici prve slovenske knjige prijavila izobra\u017eevalni program v obliki knjigove\u0161kih delavnic za otroke, ki tudi sicer ostajajo njena najljub\u0161a populacija. Zavod tako \u017ee \u0161tiriindvajset let zagotavlja te dodatne programe za \u0161olske skupine. To so bili za\u010detki delovanja Parnasa, ki se je kmalu razmahnil v raznovrstne projekte. Metka jih je razvijala na podlagi potreb na terenu in na podlagi pobud ljudi, ki jih je sre\u010devala na svoji poti. Predvsem so bili to mladi iz lokalnega okolja, zelo razli\u010dnih \u0161tudijskih smeri. Na razvoj dejavnosti pa je vplivalo tudi pestro dru\u017einsko \u017eivljenje ob treh sinovih in \u0161tirih vnu\u010dkih.<\/p>\n\n\n\n<p>\u00bbKo so bili otroci mlaj\u0161i, sem ustvarjalne delavnice prilagajala njim, zdaj imam \u017ee \u0161tiri vnuke in so oni moji najbolj\u0161i kritiki programov za dru\u017eine. Zelo lepo se odzivajo. Ni prisila, ampak bolj v smislu: &#8216;U, bomo preizkusili nekaj novega.&#8217;\u00ab.<\/p>\n\n\n\n<p><strong>Poprtnik<\/strong><\/p>\n\n\n\n<p>Pomemben del kulturne dedi\u0161\u010dine velikola\u0161ke in dobrepoljske okolice je bo\u017ei\u010dni kruh poprtnik. Kot je Metka Stari\u010d razlo\u017eila v Kme\u010dkem glasu, je pred dobrimi tridesetimi leti lokalna velikola\u0161ka gostinka Vanja Damjani\u0107 prepoznala njegov potencial in povabila \u017eenske k razstavljanju bo\u017ei\u010dnega kruha. Metka je kljub odprtosti pode\u017eelskih \u017eensk opazila, da gre pri tem skoraj za intimno dru\u017einsko zapu\u0161\u010dino, ki jo \u017eenske prena\u0161ajo iz roda v rod. Tako so skupaj oddale pobudo in od leta 2013 je priprava poprtnikov vpisana v Register nesnovne kulturne dedi\u0161\u010dine Slovenije.<\/p>\n\n\n\n<p>\u00bbZelo smo ponosni na to, da smo primer dobre prakse pri Svetu Evrope. Ume\u0161\u010deni smo med organizacije v Evropi, ki gradijo dedi\u0161\u010dinsko skupnost. Zelo mo\u010dna dedi\u0161\u010dinska skupnost pri nas je na podro\u010dju priprave poprtnika, gospodinje iz vse Slovenije spodbujamo, naj se vpi\u0161ejo v Register nesnovne kulturne dedi\u0161\u010dine, \u010de to znanje \u0161e imajo. Zdaj je \u017ee petnajst takih skupin gospodinj, ki so nosilci dedi\u0161\u010dine in med seboj odli\u010dno sodelujemo.\u00ab Vsako leto gospodinje, ki pe\u010dejo bo\u017ei\u010dni kruh, pove\u017ee Festival bo\u017ei\u010dnega kruha, &nbsp;Parnas pa skupaj z njimi prijavlja tudi projekte. Tako so s podporo Ministrstva za kulturo lani denimo izdali priro\u010dnik, ki se Metki zdi prava \u00bbkrona\u00ab skupnega dela z opisanimi postopki in fotografijami vseh zbranih skupin. Tudi ustanoviteljica zavoda seveda pe\u010de poprtnik, \u00bbto je stvar dedi\u0161\u010dine, tudi moje dru\u017einske, je estetska vrednota, saj ima krasne ornamente, s seboj nosi mo\u010dne duhovne, pri mnogih tudi verske vrednote\u00ab.<\/p>\n\n\n\n<p><strong>Kobilji curek in Mi\u0161ja dolina<\/strong><\/p>\n\n\n\n<p>Poleg knjigove\u0161kih delavnic in dedi\u0161\u010dinske skupnosti poprtnika Parnas upravlja tudi z Geolo\u0161ko potjo v Kobilji curek, kjer se na kratki razdalji zamenja kar \u0161est razli\u010dnih kamnin, na njej pa lahko ob\u010dudujete tudi najvi\u0161ji dolenjski slap, si ogledate ostanke rimskih zapornih zidov in povonjate slovenski endemit, kranjski jegli\u010d.<\/p>\n\n\n\n<p>V Mi\u0161ji dolini, ki je obmo\u010dje NATURA 2000, so z zavodom prisotni \u017ee ve\u010d kot desetletje. Gre za obmo\u010dje mokrotnih travnikov in nizkih barij, kjer potekajo kmetijske dejavnosti, torej je s svojo aktivnostjo vpleten tudi \u010dlovek. \u00bbPomembno pa je, da te mokrotne travnike kmetje kosijo pozno in enkrat letno, jih ne gnojijo in jih ne preorjejo v njive ali pustijo, da jih preraste jel\u0161evje. S tem ohranjajo mokri\u0161\u010da, ki so ogro\u017eena na svetovnem nivoju, pa tudi zavarovane \u017eivalske in rastlinske vrste in obdelano kulturno krajino.\u00ab V projektih popisujejo rastlinske vrste na tamkaj\u0161njih travnikih in logih, odstranjujejo invazivne tujerodne rastline, predvsem kanadsko in orja\u0161ko zlato rozgo, sejejo seneni drobir, kjer je bila odstranjena zarast na nizkih barjih in mokrotnih travnikih. V teh krajih raste kar sedemdeset vrst divjih orhidej, \u0161tiri vrste mesojedih rastlin, tam je tudi veliko zanimivih zavarovanih ptic in drugih \u017eivali. S pomo\u010djo evropskega kohezijskega projekta Mala barja Marja so skupaj z lastniki zemlji\u0161\u010d ponovno vzpostavljali mokrotne &nbsp;travnike, ki so se \u017ee zara\u0161\u010dali. Metka je najbolj vesela, ko po logovih pa tudi suhih travnikih&nbsp; vsako leto znova po\u017eenejo pisane orhideje in sporo\u010dajo, da ljudje \u0161e znajo kmetovati tako, da je dobro tudi za naravo. Pri akcijah v Mi\u0161ji dolini sodelujejo z Zavodom za varstvo narave, ki jih je tudi povabil k sodelovanju v projektu Mala barja Marja.<\/p>\n\n\n\n<p>\u00bbTu se je uresni\u010dila na\u0161a dolgoletna \u017eelja, da vzpostavimo interpretacijski center za Mi\u0161jo dolino, ki je zdaj na Trubarjevi doma\u010diji pod kozolcem, tega je Ob\u010dina Velike La\u0161\u010de preuredila v turisti\u010dno informacijski in interpretacijski center. Z njim upravlja Javni zavod Trubarjevi kraji, mi pa v njem zagotavljamo vsebine.\u00ab Nazadnje so tako organizirali po\u010ditni\u0161ko Arturjevo zgodbo za dru\u017eine. Dru\u017eine najprej ustvarjajo v centru, nato pa vsi dru\u017einski \u010dlani skupaj opravijo naloge na Poti modrega ble\u0161\u010davca \u2013 ka\u010djega pastirja.<\/p>\n\n\n\n<p>Metka Stari\u010d meni, da so projekti za nevladno organizacijo koristni predvsem v smislu vzpostavljanja pogojev za delo in razvoja novih vsebin: \u00bbVstopnine omogo\u010dajo le pokrivanje stro\u0161kov, ne ponujajo pa mo\u017enosti za razvoj.\u00ab<\/p>\n\n\n\n<p>Zavod Parnas je uspe\u0161en tudi pri pridobivanju projektov lokalne akcijske skupine LAS Po poteh dedi\u0161\u010dine od Turjaka do Kolpe, ki povezuje osem ob\u010din. Uredili so tematsko pot, ozna\u010devali z GPS koordinatami, postavili info to\u010dke za pohodnike, povezali lokalne ponudnike, posneli filme, pripravili promocijski material in \u0161e marsikaj. Sicer je Metka pred kratkim postala podpredsednica LAS PPD, s svojimi izku\u0161njami \u017eeli aktivno sodelovati pri razvoju pode\u017eelja med Turjakom in Kolpo.<\/p>\n\n\n\n<p>Metko Stari\u010d poleg narave, dedi\u0161\u010dine, stika z otroki in mladimi ljudmi pri njenem delu osre\u010duje, da so tu \u0161e vedno kraji, kjer lahko globoko zadiha\u0161, do\u017eivlja\u0161, ustvarja\u0161. \u00bbKamorkoli se obrnem, so del\u010dki Parnas-a in so ljudje, ki so \u017ee sodelovali z nami. Najlep\u0161e je, ko skupaj z drugimi ustvari\u0161 nekaj dobrega in potem zna to rasti naprej, neodvisno od tebe.\u00ab<\/p>\n\n\n\n<p><strong>PARNAS Zavod za kulturo in turizem<\/strong><\/p>\n\n\n\n<p>Zavod Parnas lahko podprete tako, da se odlo\u010dite za njihove programe, lahko jim namenite odstotek dohodnine. Obenem vas vabijo, da postanete varuhi Mi\u0161je doline ali kot prostovoljci pomagate pri ohranjanju dedi\u0161\u010dine poprtnikov. Seveda pa ste vabljeni, da jih poi\u0161\u010dete in se jim oglasite na spletni strani ali preko socialnih omre\u017eij.<\/p>\n\n\n\n<p><strong>Obrazi nevladnikov<\/strong><\/p>\n\n\n\n<p>Rubriko Obrazi nevladnikov pripravljamo v sodelovanju s CNVOS, krovno mre\u017eo slovenskih nevladnih organizacij. Vsak ponedeljek vam prestavimo eno nevladnico ali nevladnika, ki si, vsak na svoj na\u010din, prizadeva, da bi bila na\u0161a dru\u017eba lep\u0161a in bolj prijazna.<\/p>\n\n\n\n<p>Luna J. \u0160ribar<\/p>\n\n\n\n<p><\/p>\n","protected":false},"excerpt":{"rendered":"<p>dnevnik.si &#8211; 4. marec 2024 &#8211; Luna J. \u0160ribar Obrazi nevladnikov: Metka Stari\u010d, PARNAS Zavod za kulturo in turizem \u00bbPonosni [&hellip;]<\/p>\n","protected":false},"author":2,"featured_media":0,"parent":0,"menu_order":0,"comment_status":"closed","ping_status":"closed","template":"","meta":{"site-sidebar-layout":"default","site-content-layout":"","ast-site-content-layout":"default","site-content-style":"default","site-sidebar-style":"default","ast-global-header-display":"","ast-banner-title-visibility":"","ast-main-header-display":"","ast-hfb-above-header-display":"","ast-hfb-below-header-display":"","ast-hfb-mobile-header-display":"","site-post-title":"","ast-breadcrumbs-content":"","ast-featured-img":"","footer-sml-layout":"","theme-transparent-header-meta":"","adv-header-id-meta":"","stick-header-meta":"","header-above-stick-meta":"","header-main-stick-meta":"","header-below-stick-meta":"","astra-migrate-meta-layouts":"default","ast-page-background-enabled":"default","ast-page-background-meta":{"desktop":{"background-color":"var(--ast-global-color-5)","background-image":"","background-repeat":"repeat","background-position":"center center","background-size":"auto","background-attachment":"scroll","background-type":"","background-media":"","overlay-type":"","overlay-color":"","overlay-opacity":"","overlay-gradient":""},"tablet":{"background-color":"","background-image":"","background-repeat":"repeat","background-position":"center center","background-size":"auto","background-attachment":"scroll","background-type":"","background-media":"","overlay-type":"","overlay-color":"","overlay-opacity":"","overlay-gradient":""},"mobile":{"background-color":"","background-image":"","background-repeat":"repeat","background-position":"center center","background-size":"auto","background-attachment":"scroll","background-type":"","background-media":"","overlay-type":"","overlay-color":"","overlay-opacity":"","overlay-gradient":""}},"ast-content-background-meta":{"desktop":{"background-color":"var(--ast-global-color-4)","background-image":"","background-repeat":"repeat","background-position":"center center","background-size":"auto","background-attachment":"scroll","background-type":"","background-media":"","overlay-type":"","overlay-color":"","overlay-opacity":"","overlay-gradient":""},"tablet":{"background-color":"var(--ast-global-color-4)","background-image":"","background-repeat":"repeat","background-position":"center center","background-size":"auto","background-attachment":"scroll","background-type":"","background-media":"","overlay-type":"","overlay-color":"","overlay-opacity":"","overlay-gradient":""},"mobile":{"background-color":"var(--ast-global-color-4)","background-image":"","background-repeat":"repeat","background-position":"center center","background-size":"auto","background-attachment":"scroll","background-type":"","background-media":"","overlay-type":"","overlay-color":"","overlay-opacity":"","overlay-gradient":""}},"footnotes":""},"class_list":["post-11203","page","type-page","status-publish","hentry"],"_links":{"self":[{"href":"https:\/\/zavod-parnas.org\/w\/wp-json\/wp\/v2\/pages\/11203","targetHints":{"allow":["GET"]}}],"collection":[{"href":"https:\/\/zavod-parnas.org\/w\/wp-json\/wp\/v2\/pages"}],"about":[{"href":"https:\/\/zavod-parnas.org\/w\/wp-json\/wp\/v2\/types\/page"}],"author":[{"embeddable":true,"href":"https:\/\/zavod-parnas.org\/w\/wp-json\/wp\/v2\/users\/2"}],"replies":[{"embeddable":true,"href":"https:\/\/zavod-parnas.org\/w\/wp-json\/wp\/v2\/comments?post=11203"}],"version-history":[{"count":2,"href":"https:\/\/zavod-parnas.org\/w\/wp-json\/wp\/v2\/pages\/11203\/revisions"}],"predecessor-version":[{"id":11208,"href":"https:\/\/zavod-parnas.org\/w\/wp-json\/wp\/v2\/pages\/11203\/revisions\/11208"}],"wp:attachment":[{"href":"https:\/\/zavod-parnas.org\/w\/wp-json\/wp\/v2\/media?parent=11203"}],"curies":[{"name":"wp","href":"https:\/\/api.w.org\/{rel}","templated":true}]}}