{"id":10091,"date":"2024-02-13T11:31:18","date_gmt":"2024-02-13T10:31:18","guid":{"rendered":"http:\/\/zavod-parnas.org\/w\/?page_id=10091"},"modified":"2026-01-11T09:52:34","modified_gmt":"2026-01-11T08:52:34","slug":"poprtnik-projekti-mk","status":"publish","type":"page","link":"https:\/\/zavod-parnas.org\/w\/poprtnik-projekti-mk\/","title":{"rendered":"JPR Nesnovna kulturna dedi\u0161\u010dina &#8211; sofinaciralo Ministrstvo za kulturo"},"content":{"rendered":"\n<p id=\"block-4d780c15-d1d4-4f4f-b5b6-025044175e4c\">Dosedanji odobreni in zaklju\u010deni projekti <a href=\"https:\/\/zavod-parnas.org\/w\/poprtnik\/\">dedi\u0161\u010dinske skupnosti Poprtnik<\/a>, podprti s strani Ministrstva za kulturo:<\/p>\n\n\n\n<div class=\"wp-block-media-text has-media-on-the-right is-stacked-on-mobile\"><div class=\"wp-block-media-text__content\">\n<p><a href=\"https:\/\/zavod-parnas.org\/w\/projekt-pod-prtom\/\">Pod prtom<\/a><br>JPR NKD (2025) &#8211; zaklju\u010den<\/p>\n<\/div><figure class=\"wp-block-media-text__media\"><img fetchpriority=\"high\" decoding=\"async\" width=\"630\" height=\"473\" src=\"http:\/\/zavod-parnas.org\/w\/wp-content\/uploads\/2025\/09\/IMG_8474-1536x1152-1-630x473.jpg\" alt=\"\" class=\"wp-image-11997 size-full\" srcset=\"https:\/\/zavod-parnas.org\/w\/wp-content\/uploads\/2025\/09\/IMG_8474-1536x1152-1-630x473.jpg 630w, https:\/\/zavod-parnas.org\/w\/wp-content\/uploads\/2025\/09\/IMG_8474-1536x1152-1-300x225.jpg 300w, https:\/\/zavod-parnas.org\/w\/wp-content\/uploads\/2025\/09\/IMG_8474-1536x1152-1-252x189.jpg 252w, https:\/\/zavod-parnas.org\/w\/wp-content\/uploads\/2025\/09\/IMG_8474-1536x1152-1.jpg 1536w\" sizes=\"(max-width: 630px) 100vw, 630px\" \/><\/figure><\/div>\n\n\n\n<div class=\"wp-block-media-text alignwide is-stacked-on-mobile\"><figure class=\"wp-block-media-text__media\"><a href=\"https:\/\/zavod-parnas.org\/w\/projekt-kdo-se-pece-poprtnik\/\"><img decoding=\"async\" width=\"630\" height=\"473\" src=\"http:\/\/zavod-parnas.org\/w\/wp-content\/uploads\/2025\/09\/IMG_7151-630x473.jpeg\" alt=\"\" class=\"wp-image-12065 size-full\" srcset=\"https:\/\/zavod-parnas.org\/w\/wp-content\/uploads\/2025\/09\/IMG_7151-630x473.jpeg 630w, https:\/\/zavod-parnas.org\/w\/wp-content\/uploads\/2025\/09\/IMG_7151-300x225.jpeg 300w, https:\/\/zavod-parnas.org\/w\/wp-content\/uploads\/2025\/09\/IMG_7151-252x189.jpeg 252w, https:\/\/zavod-parnas.org\/w\/wp-content\/uploads\/2025\/09\/IMG_7151-1536x1152.jpeg 1536w, https:\/\/zavod-parnas.org\/w\/wp-content\/uploads\/2025\/09\/IMG_7151.jpeg 2042w\" sizes=\"(max-width: 630px) 100vw, 630px\" \/><\/a><\/figure><div class=\"wp-block-media-text__content\">\n<p><a href=\"https:\/\/zavod-parnas.org\/w\/projekt-kdo-se-pece-poprtnik\/\">Kdo \u0161e pe\u010de poprtnik <\/a><br><a href=\"https:\/\/zavod-parnas.org\/w\/projekt-kdo-se-pece-poprtnik\/\">JPR NKD 2023<\/a> &#8211; zaklju\u010den<\/p>\n<\/div><\/div>\n\n\n\n<div class=\"wp-block-media-text alignwide has-media-on-the-right is-stacked-on-mobile\"><div class=\"wp-block-media-text__content\">\n<p><a href=\"https:\/\/zavod-parnas.org\/w\/projekt-sporocila-poprtnikov\/\">Sporo\u010dila poprtnikov <\/a><br><a href=\"https:\/\/zavod-parnas.org\/w\/projekt-sporocila-poprtnikov\/\">JPR NKD 2022<\/a> &#8211; zaklju\u010den<\/p>\n<\/div><figure class=\"wp-block-media-text__media\"><a href=\"https:\/\/zavod-parnas.org\/w\/projekt-sporocila-poprtnikov\/\"><img decoding=\"async\" width=\"630\" height=\"630\" src=\"http:\/\/zavod-parnas.org\/w\/wp-content\/uploads\/2025\/01\/Poprtnik-Nade-Lunder-iz-Dobrepolja-630x630.jpg\" alt=\"\" class=\"wp-image-10842 size-full\" srcset=\"https:\/\/zavod-parnas.org\/w\/wp-content\/uploads\/2025\/01\/Poprtnik-Nade-Lunder-iz-Dobrepolja-630x630.jpg 630w, https:\/\/zavod-parnas.org\/w\/wp-content\/uploads\/2025\/01\/Poprtnik-Nade-Lunder-iz-Dobrepolja-300x300.jpg 300w, https:\/\/zavod-parnas.org\/w\/wp-content\/uploads\/2025\/01\/Poprtnik-Nade-Lunder-iz-Dobrepolja-252x252.jpg 252w, https:\/\/zavod-parnas.org\/w\/wp-content\/uploads\/2025\/01\/Poprtnik-Nade-Lunder-iz-Dobrepolja-1536x1536.jpg 1536w, https:\/\/zavod-parnas.org\/w\/wp-content\/uploads\/2025\/01\/Poprtnik-Nade-Lunder-iz-Dobrepolja.jpg 2048w\" sizes=\"(max-width: 630px) 100vw, 630px\" \/><\/a><\/figure><\/div>\n\n\n\n<div class=\"wp-block-media-text alignwide is-stacked-on-mobile\"><figure class=\"wp-block-media-text__media\"><img loading=\"lazy\" decoding=\"async\" width=\"630\" height=\"613\" src=\"http:\/\/zavod-parnas.org\/w\/wp-content\/uploads\/2025\/01\/pano_dobrepolje-630x613.png\" alt=\"\" class=\"wp-image-10955 size-full\" srcset=\"https:\/\/zavod-parnas.org\/w\/wp-content\/uploads\/2025\/01\/pano_dobrepolje-630x613.png 630w, https:\/\/zavod-parnas.org\/w\/wp-content\/uploads\/2025\/01\/pano_dobrepolje-300x292.png 300w, https:\/\/zavod-parnas.org\/w\/wp-content\/uploads\/2025\/01\/pano_dobrepolje-252x245.png 252w, https:\/\/zavod-parnas.org\/w\/wp-content\/uploads\/2025\/01\/pano_dobrepolje.png 893w\" sizes=\"(max-width: 630px) 100vw, 630px\" \/><\/figure><div class=\"wp-block-media-text__content\">\n<p><a href=\"https:\/\/zavod-parnas.org\/w\/projekt-bozic-z-okusom\/\">Bo\u017ei\u010d z okusom <\/a><br><a href=\"https:\/\/zavod-parnas.org\/w\/projekt-bozic-z-okusom\/\">JPR NKD 2021<\/a> &#8211; zaklju\u010den<\/p>\n<\/div><\/div>\n\n\n\n<p id=\"block-0f3ff04c-7ece-406d-a25d-7bb2585c6e0f\"><\/p>\n\n\n\n<div class=\"wp-block-media-text alignwide has-media-on-the-right is-stacked-on-mobile\"><div class=\"wp-block-media-text__content\">\n<p><a href=\"https:\/\/zavod-parnas.org\/w\/projekt_priprava_poprtnikov_2016\/\">Priprava poprtnikov <\/a><\/p>\n\n\n\n<p><a href=\"https:\/\/zavod-parnas.org\/w\/projekt_priprava_poprtnikov_2016\/\">JPR KD 2016<\/a> &#8211; zaklju\u010den<\/p>\n<\/div><figure class=\"wp-block-media-text__media\"><a href=\"https:\/\/zavod-parnas.org\/w\/projekt_priprava_poprtnikov_2016\/\"><img loading=\"lazy\" decoding=\"async\" width=\"630\" height=\"473\" src=\"http:\/\/zavod-parnas.org\/w\/wp-content\/uploads\/2020\/12\/r1-630x473.jpg\" alt=\"\" class=\"wp-image-6199 size-full\" srcset=\"https:\/\/zavod-parnas.org\/w\/wp-content\/uploads\/2020\/12\/r1-630x473.jpg 630w, https:\/\/zavod-parnas.org\/w\/wp-content\/uploads\/2020\/12\/r1-300x225.jpg 300w, https:\/\/zavod-parnas.org\/w\/wp-content\/uploads\/2020\/12\/r1-252x189.jpg 252w, https:\/\/zavod-parnas.org\/w\/wp-content\/uploads\/2020\/12\/r1.jpg 960w\" sizes=\"(max-width: 630px) 100vw, 630px\" \/><\/a><\/figure><\/div>\n\n\n\n<p id=\"block-e2f0010a-056c-425b-9ccc-84a6783531d0\"><\/p>\n\n\n\n<p><\/p>\n\n\n\n<figure class=\"wp-block-image size-large\"><a href=\"https:\/\/www.gov.si\/drzavni-organi\/ministrstva\/ministrstvo-za-kulturo\/\"><img loading=\"lazy\" decoding=\"async\" width=\"630\" height=\"210\" src=\"http:\/\/zavod-parnas.org\/w\/wp-content\/uploads\/2025\/07\/MK_SI-630x210.jpg\" alt=\"\" class=\"wp-image-11673\" srcset=\"https:\/\/zavod-parnas.org\/w\/wp-content\/uploads\/2025\/07\/MK_SI-630x210.jpg 630w, https:\/\/zavod-parnas.org\/w\/wp-content\/uploads\/2025\/07\/MK_SI-300x100.jpg 300w, https:\/\/zavod-parnas.org\/w\/wp-content\/uploads\/2025\/07\/MK_SI-252x84.jpg 252w, https:\/\/zavod-parnas.org\/w\/wp-content\/uploads\/2025\/07\/MK_SI.jpg 750w\" sizes=\"(max-width: 630px) 100vw, 630px\" \/><\/a><\/figure>\n","protected":false},"excerpt":{"rendered":"<p>Dosedanji odobreni in zaklju\u010deni projekti dedi\u0161\u010dinske skupnosti Poprtnik, podprti s strani Ministrstva za kulturo: Pod prtomJPR NKD (2025) &#8211; zaklju\u010den [&hellip;]<\/p>\n","protected":false},"author":2,"featured_media":0,"parent":0,"menu_order":0,"comment_status":"closed","ping_status":"closed","template":"","meta":{"site-sidebar-layout":"default","site-content-layout":"","ast-site-content-layout":"default","site-content-style":"default","site-sidebar-style":"default","ast-global-header-display":"","ast-banner-title-visibility":"","ast-main-header-display":"","ast-hfb-above-header-display":"","ast-hfb-below-header-display":"","ast-hfb-mobile-header-display":"","site-post-title":"","ast-breadcrumbs-content":"","ast-featured-img":"","footer-sml-layout":"","theme-transparent-header-meta":"","adv-header-id-meta":"","stick-header-meta":"","header-above-stick-meta":"","header-main-stick-meta":"","header-below-stick-meta":"","astra-migrate-meta-layouts":"default","ast-page-background-enabled":"default","ast-page-background-meta":{"desktop":{"background-color":"var(--ast-global-color-5)","background-image":"","background-repeat":"repeat","background-position":"center center","background-size":"auto","background-attachment":"scroll","background-type":"","background-media":"","overlay-type":"","overlay-color":"","overlay-opacity":"","overlay-gradient":""},"tablet":{"background-color":"","background-image":"","background-repeat":"repeat","background-position":"center center","background-size":"auto","background-attachment":"scroll","background-type":"","background-media":"","overlay-type":"","overlay-color":"","overlay-opacity":"","overlay-gradient":""},"mobile":{"background-color":"","background-image":"","background-repeat":"repeat","background-position":"center center","background-size":"auto","background-attachment":"scroll","background-type":"","background-media":"","overlay-type":"","overlay-color":"","overlay-opacity":"","overlay-gradient":""}},"ast-content-background-meta":{"desktop":{"background-color":"var(--ast-global-color-4)","background-image":"","background-repeat":"repeat","background-position":"center center","background-size":"auto","background-attachment":"scroll","background-type":"","background-media":"","overlay-type":"","overlay-color":"","overlay-opacity":"","overlay-gradient":""},"tablet":{"background-color":"var(--ast-global-color-4)","background-image":"","background-repeat":"repeat","background-position":"center center","background-size":"auto","background-attachment":"scroll","background-type":"","background-media":"","overlay-type":"","overlay-color":"","overlay-opacity":"","overlay-gradient":""},"mobile":{"background-color":"var(--ast-global-color-4)","background-image":"","background-repeat":"repeat","background-position":"center center","background-size":"auto","background-attachment":"scroll","background-type":"","background-media":"","overlay-type":"","overlay-color":"","overlay-opacity":"","overlay-gradient":""}},"footnotes":""},"class_list":["post-10091","page","type-page","status-publish","hentry"],"_links":{"self":[{"href":"https:\/\/zavod-parnas.org\/w\/wp-json\/wp\/v2\/pages\/10091","targetHints":{"allow":["GET"]}}],"collection":[{"href":"https:\/\/zavod-parnas.org\/w\/wp-json\/wp\/v2\/pages"}],"about":[{"href":"https:\/\/zavod-parnas.org\/w\/wp-json\/wp\/v2\/types\/page"}],"author":[{"embeddable":true,"href":"https:\/\/zavod-parnas.org\/w\/wp-json\/wp\/v2\/users\/2"}],"replies":[{"embeddable":true,"href":"https:\/\/zavod-parnas.org\/w\/wp-json\/wp\/v2\/comments?post=10091"}],"version-history":[{"count":14,"href":"https:\/\/zavod-parnas.org\/w\/wp-json\/wp\/v2\/pages\/10091\/revisions"}],"predecessor-version":[{"id":12562,"href":"https:\/\/zavod-parnas.org\/w\/wp-json\/wp\/v2\/pages\/10091\/revisions\/12562"}],"wp:attachment":[{"href":"https:\/\/zavod-parnas.org\/w\/wp-json\/wp\/v2\/media?parent=10091"}],"curies":[{"name":"wp","href":"https:\/\/api.w.org\/{rel}","templated":true}]}}