{"id":9279,"date":"2023-02-15T08:59:57","date_gmt":"2023-02-15T07:59:57","guid":{"rendered":"http:\/\/zavod-parnas.org\/w\/?page_id=9279"},"modified":"2026-01-09T11:16:23","modified_gmt":"2026-01-09T10:16:23","slug":"projekt-kdo-se-pece-poprtnik","status":"publish","type":"page","link":"http:\/\/zavod-parnas.org\/w\/projekt-kdo-se-pece-poprtnik\/","title":{"rendered":"PROJEKT KDO \u0160E PE\u010cE POPRTNIK"},"content":{"rendered":"\n<p>Razpis: Ministrstvo za kulturo \u2013 Nesnovna kulturna dedi\u0161\u010dina (NKD 2023)<br>Enota nesnovne dedi\u0161\u010dine: Priprava poprtnikov (EID 2-00022)<\/p>\n\n\n\n<p>Prijavitelj: PARNAS Zavod za kulturo in turizem, Velike La\u0161\u010de<br>v sodelovanju s 15 nosilci izro\u010dila (skupine gospodinj iz velikola\u0161kih krajev in Dobrepolja, iz Ribni\u0161ke doline, Sodra\u017eice, Lo\u0161kega Potoka, s Svibnega, z Golega, z Blok, iz Ivan\u010dne Gorice, \u017du\u017eemberka, \u0160entruperta, z Dolskega, s Tr\u017ei\u0161\u010da, iz Lo\u0161ke doline, Cerknice in s \u0160kofljice).<\/p>\n\n\n\n<p>Vrednost projekta: 16.879,74 EUR. Sofinanciranje MK: 14.347,00 EUR (85 %).<\/p>\n\n\n\n<p><strong>Cilji projekta:<\/strong><\/p>\n\n\n\n<ul class=\"wp-block-list\">\n<li>aktivira vse evidentirane (tudi manj aktivne) nosilce dedi\u0161\u010dine iz Registra, da se projektno organizirajo in se aktivirajo pri skupnem priro\u010dniku o pripravi poprtnikov v Sloveniji<\/li>\n\n\n\n<li>opolnomo\u010di nosilce na Dolenjskem za prenos znanj v javni program vi\u0161je strokovne \u0161ole na podro\u010dju gostinstva in turizma in dolgoro\u010dno sodelovanje z Dolenjskim muzejem<\/li>\n\n\n\n<li>podpre nosilce pri uresni\u010devanju lastnih projektnih idej<\/li>\n\n\n\n<li>razvije uporabne didakti\u010dne pripomo\u010dke za prenos znanj pri vseh nosilcih (priro\u010dnik, didakti\u010dna igra, filmi)<\/li>\n\n\n\n<li>vzpostavi model sodelovanja nosilcev s pristojnim muzejem na regionalni ravni<\/li>\n<\/ul>\n\n\n\n<p><strong>Namen projekta:<\/strong>&nbsp;<\/p>\n\n\n\n<p>Projekt opolnomo\u010di nosilce pri vklju\u010devanju vsebin izbrane nesnovne dedi\u0161\u010dine v izobra\u017eevalni program vi\u0161je strokovne \u0161ole in v osnovnih \u0161olah. Sistemati\u010dno nadgradi didakti\u010dni material za uporabo na delavnicah in na predstavitvah (nov dokumentarni film, kratek film, didakti\u010dna igra). Podpre nosilce pri akcijah v lastnih akcijah v lokalnih okoljih in pri povezovalnih akcijah v \u0161ir\u0161em okolju, gradi dedi\u0161\u010dinsko skupnost priprave poprtnikov v<br>Sloveniji.<\/p>\n\n\n\n<p><strong>Projektni rezultati:<\/strong><\/p>\n\n\n\n<ol class=\"wp-block-list\">\n<li>Sistemati\u010den pregled dosedanjih akcij pri vseh 15 nosilcih z nadgradnjo arhivov in predstavitvami v priro\u010dniku in spletnih strani pri manjkajo\u010dih nosilcih; koordinacija vseh nosilcev in izvajalcev v projektu, promocija dogodkov na spletni strani, socialnih omre\u017ejih in v tiskanih medijih; producentska dela pri obeh filmih in uredni\u0161ko delo pri pripravi priro\u010dnika v sodelovanju s 15 nosilci; (v okviru zaposlitve Metke Stari\u010d)<\/li>\n\n\n\n<li>Izdaja PRIRO\u010cNIKA o podobnostih in razlikah pri pripravi poprtnika po Sloveniji ter poudarjeni vlogi nosilcev pri ohranjanju dedi\u0161\u010dine (vsi nosilci)<\/li>\n\n\n\n<li>DOKUMENTARNI FILM (do 15 min) o prisotnosti priprave bo\u017ei\u010dnega kruha na Dolenjskem ter sodelovanju z mladimi (Ivan\u010dna Gorica, \u0160entrupert, Tr\u017ei\u0161\u010de, \u017du\u017eemberk) <a href=\"https:\/\/youtu.be\/gMVRhjql8Uc\" data-rel=\"lightbox-video-0\">Kdo \u0161e pe\u010de poprtnik na Dolenjskem<\/a> <\/li>\n\n\n\n<li>KRATKI FILM (do 2 min): <a href=\"https:\/\/youtu.be\/C5w43jDrpL4\" data-rel=\"lightbox-video-1\">Kdo \u0161e pe\u010de poprtnik &#8211; GOLO<\/a><\/li>\n\n\n\n<li>Priprava <a href=\"http:\/\/zavod-parnas.org\/w\/wp-content\/uploads\/2026\/01\/didakticna_igra_poprtnik.jpg\" data-rel=\"lightbox-image-0\" data-rl_title=\"\" data-rl_caption=\"\" title=\"\">DIDAKTI\u010cNE IGRE<\/a> Specimo bo\u017ei\u010dni kruh POPRTNIK (tipa \u010clovek ne jezi se) &#8211; 200 kos &#8211; za potrebe delavnic priprave poprtnika po \u0161olah (in vrtcih) pri vseh skupinah (Ribnica)<\/li>\n\n\n\n<li>Priprava <a href=\"http:\/\/zavod-parnas.org\/w\/wp-content\/uploads\/2026\/01\/tabla-ROB-Kdo-se-pece-2023-scaled.jpeg\" data-rel=\"lightbox-image-1\" data-rl_title=\"\" data-rl_caption=\"\" title=\"\">STENSKE TABLE<\/a> (57 cm x 147 cm) o pripravi poprtnika v Robu (Velikola\u0161ki kraji in Dobrepolje) <\/li>\n\n\n\n<li>Nakup 2 PRTOV (140&#215;240 cm) in 2 namiznih teka\u010dev bo\u017ei\u010d &#8211; za predstavitev poprtnikov na stojnici (Ivan\u010dna Gorica)<\/li>\n<\/ol>\n\n\n\n<figure class=\"wp-block-gallery has-nested-images columns-4 is-cropped wp-block-gallery-1 is-layout-flex wp-block-gallery-is-layout-flex\">\n<figure class=\"wp-block-image size-large\"><img fetchpriority=\"high\" decoding=\"async\" width=\"630\" height=\"614\" data-id=\"9648\" src=\"https:\/\/zavod-parnas.org\/w\/wp-content\/uploads\/2023\/11\/naslovnica-Poprtnik-2023-630x614.jpg\" alt=\"\" class=\"wp-image-9648\" srcset=\"http:\/\/zavod-parnas.org\/w\/wp-content\/uploads\/2023\/11\/naslovnica-Poprtnik-2023-630x614.jpg 630w, http:\/\/zavod-parnas.org\/w\/wp-content\/uploads\/2023\/11\/naslovnica-Poprtnik-2023-300x292.jpg 300w, http:\/\/zavod-parnas.org\/w\/wp-content\/uploads\/2023\/11\/naslovnica-Poprtnik-2023-252x246.jpg 252w, http:\/\/zavod-parnas.org\/w\/wp-content\/uploads\/2023\/11\/naslovnica-Poprtnik-2023.jpg 894w\" sizes=\"(max-width: 630px) 100vw, 630px\" \/><\/figure>\n\n\n\n<figure class=\"wp-block-image size-large\"><img decoding=\"async\" width=\"630\" height=\"840\" data-id=\"12502\" src=\"https:\/\/zavod-parnas.org\/w\/wp-content\/uploads\/2026\/01\/prti-Golo-kdo-se-pece-2023-630x840.jpeg\" alt=\"\" class=\"wp-image-12502\" srcset=\"http:\/\/zavod-parnas.org\/w\/wp-content\/uploads\/2026\/01\/prti-Golo-kdo-se-pece-2023-630x840.jpeg 630w, http:\/\/zavod-parnas.org\/w\/wp-content\/uploads\/2026\/01\/prti-Golo-kdo-se-pece-2023-225x300.jpeg 225w, http:\/\/zavod-parnas.org\/w\/wp-content\/uploads\/2026\/01\/prti-Golo-kdo-se-pece-2023-252x336.jpeg 252w, http:\/\/zavod-parnas.org\/w\/wp-content\/uploads\/2026\/01\/prti-Golo-kdo-se-pece-2023-1152x1536.jpeg 1152w, http:\/\/zavod-parnas.org\/w\/wp-content\/uploads\/2026\/01\/prti-Golo-kdo-se-pece-2023-rotated.jpeg 1512w\" sizes=\"(max-width: 630px) 100vw, 630px\" \/><\/figure>\n\n\n\n<figure class=\"wp-block-image size-large\"><img decoding=\"async\" width=\"630\" height=\"473\" data-id=\"9647\" src=\"https:\/\/zavod-parnas.org\/w\/wp-content\/uploads\/2023\/11\/IMG_7766-630x473.jpg\" alt=\"\" class=\"wp-image-9647\" srcset=\"http:\/\/zavod-parnas.org\/w\/wp-content\/uploads\/2023\/11\/IMG_7766-630x473.jpg 630w, http:\/\/zavod-parnas.org\/w\/wp-content\/uploads\/2023\/11\/IMG_7766-300x225.jpg 300w, http:\/\/zavod-parnas.org\/w\/wp-content\/uploads\/2023\/11\/IMG_7766-252x189.jpg 252w, http:\/\/zavod-parnas.org\/w\/wp-content\/uploads\/2023\/11\/IMG_7766-1536x1152.jpg 1536w, http:\/\/zavod-parnas.org\/w\/wp-content\/uploads\/2023\/11\/IMG_7766.jpg 2016w\" sizes=\"(max-width: 630px) 100vw, 630px\" \/><\/figure>\n\n\n\n<figure class=\"wp-block-image size-large\"><img loading=\"lazy\" decoding=\"async\" width=\"630\" height=\"840\" data-id=\"9646\" src=\"https:\/\/zavod-parnas.org\/w\/wp-content\/uploads\/2023\/11\/IMG_8107-630x840.jpg\" alt=\"\" class=\"wp-image-9646\" srcset=\"http:\/\/zavod-parnas.org\/w\/wp-content\/uploads\/2023\/11\/IMG_8107-630x840.jpg 630w, http:\/\/zavod-parnas.org\/w\/wp-content\/uploads\/2023\/11\/IMG_8107-225x300.jpg 225w, http:\/\/zavod-parnas.org\/w\/wp-content\/uploads\/2023\/11\/IMG_8107-252x336.jpg 252w, http:\/\/zavod-parnas.org\/w\/wp-content\/uploads\/2023\/11\/IMG_8107-1152x1536.jpg 1152w, http:\/\/zavod-parnas.org\/w\/wp-content\/uploads\/2023\/11\/IMG_8107-rotated.jpg 1512w\" sizes=\"(max-width: 630px) 100vw, 630px\" \/><\/figure>\n<\/figure>\n","protected":false},"excerpt":{"rendered":"<p>Razpis: Ministrstvo za kulturo \u2013 Nesnovna kulturna dedi\u0161\u010dina (NKD 2023)Enota nesnovne dedi\u0161\u010dine: Priprava poprtnikov (EID 2-00022) Prijavitelj: PARNAS Zavod za [&hellip;]<\/p>\n","protected":false},"author":2,"featured_media":0,"parent":0,"menu_order":0,"comment_status":"closed","ping_status":"closed","template":"","meta":{"site-sidebar-layout":"default","site-content-layout":"","ast-site-content-layout":"default","site-content-style":"default","site-sidebar-style":"default","ast-global-header-display":"","ast-banner-title-visibility":"","ast-main-header-display":"","ast-hfb-above-header-display":"","ast-hfb-below-header-display":"","ast-hfb-mobile-header-display":"","site-post-title":"","ast-breadcrumbs-content":"","ast-featured-img":"","footer-sml-layout":"","theme-transparent-header-meta":"","adv-header-id-meta":"","stick-header-meta":"","header-above-stick-meta":"","header-main-stick-meta":"","header-below-stick-meta":"","astra-migrate-meta-layouts":"default","ast-page-background-enabled":"default","ast-page-background-meta":{"desktop":{"background-color":"var(--ast-global-color-5)","background-image":"","background-repeat":"repeat","background-position":"center center","background-size":"auto","background-attachment":"scroll","background-type":"","background-media":"","overlay-type":"","overlay-color":"","overlay-opacity":"","overlay-gradient":""},"tablet":{"background-color":"","background-image":"","background-repeat":"repeat","background-position":"center center","background-size":"auto","background-attachment":"scroll","background-type":"","background-media":"","overlay-type":"","overlay-color":"","overlay-opacity":"","overlay-gradient":""},"mobile":{"background-color":"","background-image":"","background-repeat":"repeat","background-position":"center center","background-size":"auto","background-attachment":"scroll","background-type":"","background-media":"","overlay-type":"","overlay-color":"","overlay-opacity":"","overlay-gradient":""}},"ast-content-background-meta":{"desktop":{"background-color":"var(--ast-global-color-4)","background-image":"","background-repeat":"repeat","background-position":"center center","background-size":"auto","background-attachment":"scroll","background-type":"","background-media":"","overlay-type":"","overlay-color":"","overlay-opacity":"","overlay-gradient":""},"tablet":{"background-color":"var(--ast-global-color-4)","background-image":"","background-repeat":"repeat","background-position":"center center","background-size":"auto","background-attachment":"scroll","background-type":"","background-media":"","overlay-type":"","overlay-color":"","overlay-opacity":"","overlay-gradient":""},"mobile":{"background-color":"var(--ast-global-color-4)","background-image":"","background-repeat":"repeat","background-position":"center center","background-size":"auto","background-attachment":"scroll","background-type":"","background-media":"","overlay-type":"","overlay-color":"","overlay-opacity":"","overlay-gradient":""}},"footnotes":""},"class_list":["post-9279","page","type-page","status-publish","hentry"],"_links":{"self":[{"href":"http:\/\/zavod-parnas.org\/w\/wp-json\/wp\/v2\/pages\/9279","targetHints":{"allow":["GET"]}}],"collection":[{"href":"http:\/\/zavod-parnas.org\/w\/wp-json\/wp\/v2\/pages"}],"about":[{"href":"http:\/\/zavod-parnas.org\/w\/wp-json\/wp\/v2\/types\/page"}],"author":[{"embeddable":true,"href":"http:\/\/zavod-parnas.org\/w\/wp-json\/wp\/v2\/users\/2"}],"replies":[{"embeddable":true,"href":"http:\/\/zavod-parnas.org\/w\/wp-json\/wp\/v2\/comments?post=9279"}],"version-history":[{"count":5,"href":"http:\/\/zavod-parnas.org\/w\/wp-json\/wp\/v2\/pages\/9279\/revisions"}],"predecessor-version":[{"id":12504,"href":"http:\/\/zavod-parnas.org\/w\/wp-json\/wp\/v2\/pages\/9279\/revisions\/12504"}],"wp:attachment":[{"href":"http:\/\/zavod-parnas.org\/w\/wp-json\/wp\/v2\/media?parent=9279"}],"curies":[{"name":"wp","href":"https:\/\/api.w.org\/{rel}","templated":true}]}}