{"id":8766,"date":"2022-11-24T08:59:32","date_gmt":"2022-11-24T07:59:32","guid":{"rendered":"http:\/\/zavod-parnas.org\/w\/?page_id=8766"},"modified":"2023-02-15T10:01:33","modified_gmt":"2023-02-15T09:01:33","slug":"festival-bozicnega-kruha-2021","status":"publish","type":"page","link":"http:\/\/zavod-parnas.org\/w\/festival-bozicnega-kruha-2021\/","title":{"rendered":"FESTIVAL BO\u017dI\u010cNEGA KRUHA 2021"},"content":{"rendered":"\n<p>(3. 12. 2021-6. 1. 2022)<\/p>\n\n\n\n<figure class=\"wp-block-image\"><img decoding=\"async\" src=\"http:\/\/zavod-parnas.org\/w\/wp-content\/uploads\/2018\/11\/festival-glava.jpg\" alt=\"\"\/><\/figure>\n\n\n\n<p>Aktivnosti po&nbsp;<strong>Sloveniji&nbsp;<\/strong>2021<strong>:<\/strong><\/p>\n\n\n\n<p><strong><a href=\"http:\/\/zavod-parnas.org\/w\/poprtnik-v-velikih-lascah\/\">VELIKE LA\u0160\u010cE<\/a><\/strong><\/p>\n\n\n\n<p>3.12.2021-2.1.2022\u00a0<a href=\"https:\/\/obcina.velike-lasce.si\/si\/napovednik-dogodkov\/55-festival-bozicnega-kruha-2021\">Festival bo\u017ei\u010dnega kruha<\/a> v organizaciji Ob\u010dine Velike La\u0161\u010de<\/p>\n\n\n\n<figure class=\"wp-block-image\"><img fetchpriority=\"high\" decoding=\"async\" width=\"300\" height=\"290\" src=\"http:\/\/zavod-parnas.org\/w\/wp-content\/uploads\/2021\/12\/FBK_kvadrat-300x290.jpg\" alt=\"\" class=\"wp-image-7584\" srcset=\"http:\/\/zavod-parnas.org\/w\/wp-content\/uploads\/2021\/12\/FBK_kvadrat-300x290.jpg 300w, http:\/\/zavod-parnas.org\/w\/wp-content\/uploads\/2021\/12\/FBK_kvadrat-630x608.jpg 630w, http:\/\/zavod-parnas.org\/w\/wp-content\/uploads\/2021\/12\/FBK_kvadrat-252x243.jpg 252w, http:\/\/zavod-parnas.org\/w\/wp-content\/uploads\/2021\/12\/FBK_kvadrat.jpg 922w\" sizes=\"(max-width: 300px) 100vw, 300px\" \/><\/figure>\n\n\n\n<p><strong>sobota, 18.12. ob 14.00\u00a0<\/strong>Levstikov dom Velike La\u0161\u010de<br><strong>\u2013\u00a0<a href=\"http:\/\/zavod-parnas.org\/w\/srecanje-nosilcev-izrocila-2021\/\">SRE\u010cANJE NOSILCEV izro\u010dila priprave poprtnika\u00a0<\/a>iz vse Slovenije v Velikih La\u0161\u010dah 2021<\/strong><\/p>\n\n\n\n<p>22.12. Peka poprtnika v oddaji Dobro jutro &#8211; Milka Debeljak in Magdalena Peterlin (RTV SLO)<\/p>\n\n\n\n<p><a href=\"http:\/\/zavod-parnas.org\/w\/publikacije-s-poprtnikom\/\">Spletna predstavitev publikacij, v katerih je prisoten poprtnik<\/a> (15) (Zavod Parnas)<\/p>\n\n\n\n<p>Snemanje skupne himne nosilcev poprtnika: <a href=\"http:\/\/zavod-parnas.org\/w\/na-mizi-sta-bog-pa-kruh\/\">Bla\u017e Podobnik: Na mizi sta Bog pa kruh<\/a> &#8211; donator: Naringi d.o.o. (Zavod Parnas) <\/p>\n\n\n\n<p>dec-feb <a href=\"http:\/\/zavod-parnas.org\/w\/misja-dolina-2go\/\">Prenovljen je Pti\u010dkov lov na zaklad <\/a><\/p>\n\n\n\n<p><strong><a href=\"http:\/\/zavod-parnas.org\/w\/poprtnik-v-dobrepolju\/\">DOBREPOLJE<\/a><\/strong><\/p>\n\n\n\n<p><strong>15.11.&nbsp;<\/strong>\u2013 umestitev poprtnika v Jakli\u010devo zbirko, nov pano (projekt Bo\u017ei\u010d z okusom)<br><strong>3.12. \u2013 od 17h do 19h&nbsp;<\/strong>\u2013&nbsp;<a href=\"https:\/\/www.dobrepolje.si\/objava\/574539\">Ta veseli dan kulture: POPRTNIK V DOBREPOLJU&nbsp;<\/a>stenski pano in trije poprtniki (Ob\u010dina Dobrepolje in nosilci izro\u010dila iz Dobrepolja) \u2013 Jakli\u010dev dom \u2013 pritli\u010dje, prost vstop v \u010dasu delovanja dobrepoljske knji\u017enice<br><strong>6.1.2022<\/strong>&nbsp;\u2013 Dr\u017eavna razstava in ocenjevanje poprtnikov (DP\u017d Dobrepolje Struge) \u2013 Videm, Jakli\u010dev dom<\/p>\n\n\n\n<p><strong><a href=\"http:\/\/zavod-parnas.org\/w\/poprtnik\/poprtnik-v-sodrazici\/\">SODRA\u017dICA<\/a><\/strong><\/p>\n\n\n\n<p><em>Upo\u0161tevajo\u010d vsa priporo\u010dila NIJZ v trajajo\u010di epidemiji bo SKUPINA za POPRTNIK TD Sodra\u017eica organizirala naslednje dejavnosti, ki bodo izvedene v najmanj\u0161em mo\u017enem obsegu v primerjavi z &nbsp;leti poprej.<\/em><br>(kontakt: Marija Levstek, Skupina za poprtnik TD Sodra\u017eica<\/p>\n\n\n\n<p><strong>DELAVNICE PRIPRAVE POPRTNIKA V SODRA\u017dICI:<\/strong><\/p>\n\n\n\n<ul class=\"wp-block-list\"><li><strong>8. 12. 2021&nbsp; od 14.00 \u2013 16.00&nbsp;&nbsp;<\/strong>PEKA PTI\u010cKOV v gasilskem domu&nbsp; za skupino gospodinj ( 8 ) pod mentorstvom Ivanke Ko\u0161ir.<\/li><li><strong>13. 12.&nbsp; od 9.00<\/strong>&nbsp;<strong>&nbsp;\u2013 11.00<\/strong>&nbsp;PEKA GOLOBI\u010cK v gasilskem domu za 1. oddelek vrtca pod mentorstvom Marine Vesel.<\/li><li><strong>14<\/strong>.&nbsp;<strong>12. od 9.00 \u2013 11.00<\/strong>&nbsp;PEKA GOLOBI\u010cK v gasilskem domu za 2. oddelek vrtca pod mentorstvom Martine Pirnat.<\/li><li><strong>&nbsp;15<\/strong>.&nbsp;<strong>12. od 9.00 \u2013 11.00<\/strong>&nbsp;PEKA GOLOBI\u010cK v gasilskem domu za 3. oddelek vrtca pod mentorstvom Nade Ko\u0161ir.<\/li><li><strong>&nbsp;16<\/strong>.&nbsp;<strong>12. od 9.00 \u2013 11.00<\/strong>&nbsp;PEKA GOLOBI\u010cK v gasilskem domu za 4. oddelek vrtca pod mentorstvom Nade Ko\u0161ir.<\/li><li><strong>20<\/strong>.<strong>&nbsp;12. od 16.00 \u2013 18.00&nbsp;<\/strong>PEKA POPRTNIKOV v gasilskem domu za skupino devetega razreda pod mentorstvom Vide \u010campa.<\/li><\/ul>\n\n\n\n<p><strong>RAZSTAVA<\/strong><br>Obvestila nosilkam izro\u010dila v lokalnem \u010dasopisu, po elektronski po\u0161ti in telefonu o pripravi poprtnikov za ob\u010dinsko razstavo poprtnikov, ki bo od 24. 12. \u2013 6. 1. v Krekovem domu v Sodra\u017eici. Izdelke bomo prav tam sprejemali 23. 12. dopoldne od 9.30 \u2013 11.00 in popoldne od 16.30 \u2013 18.00.<\/p>\n\n\n\n<p><strong><a href=\"http:\/\/zavod-parnas.org\/w\/poprtnik-v-loskem-potoku\/\">LO\u0160KI POTOK<\/a><\/strong><\/p>\n\n\n\n<p>december \u2013 izlo\u017ebena razstava \u017eupnekov na po\u0161ti v Lo\u0161kem Potoku<\/p>\n\n\n\n<p><strong><a href=\"http:\/\/zavod-parnas.org\/w\/poprtnik-v-ribnici\/\">RIBNICA<\/a><\/strong><\/p>\n\n\n\n<p>Izlo\u017ebena razstava poprtnikov v Ribnici (kontakt: Marinka Vesel, DP\u017d Ribnica)<\/p>\n\n\n\n<p><strong><a href=\"http:\/\/zavod-parnas.org\/w\/poprtnik-na-svibnem\/\">SVIBNO<\/a><\/strong><\/p>\n\n\n\n<p>Blagoslov poprtnikov<br>Delavnice priprave poprtnika<br>Predstavitev videorazglednice<\/p>\n\n\n\n<p><strong><a href=\"http:\/\/zavod-parnas.org\/w\/poprtnik-v-sentrupertu\/\">\u0160ENTRUPERT<\/a><\/strong><\/p>\n\n\n\n<p>Izlo\u017ebena razstava poprtnikov v De\u017eeli kozolcev \u0160entrupert<\/p>\n\n\n\n<p><strong>GOLO<\/strong><\/p>\n\n\n\n<p>Blagoslov poprtnikov v cerkvi.<br>Delavnica izdelave poprtnikov.<\/p>\n\n\n\n<p><strong>LO\u0160KA DOLINA<\/strong><br><strong>CERKNICA<br>DOLSKO<br>\u0160KOFLJICA<br>IVAN\u010cNA GORICA<br>\u017dU\u017dEMBERK<\/strong><br><br>Aktivnosti na&nbsp;<strong>Hrva\u0161kem<\/strong>&nbsp;2021:<br><strong>PREZID<br>\u017dUMBERAK<br>ZAGREB<\/strong><\/p>\n","protected":false},"excerpt":{"rendered":"<p>(3. 12. 2021-6. 1. 2022) Aktivnosti po&nbsp;Sloveniji&nbsp;2021: VELIKE LA\u0160\u010cE 3.12.2021-2.1.2022\u00a0Festival bo\u017ei\u010dnega kruha v organizaciji Ob\u010dine Velike La\u0161\u010de sobota, 18.12. ob [&hellip;]<\/p>\n","protected":false},"author":2,"featured_media":0,"parent":0,"menu_order":0,"comment_status":"closed","ping_status":"closed","template":"","meta":{"site-sidebar-layout":"default","site-content-layout":"","ast-site-content-layout":"default","site-content-style":"default","site-sidebar-style":"default","ast-global-header-display":"","ast-banner-title-visibility":"","ast-main-header-display":"","ast-hfb-above-header-display":"","ast-hfb-below-header-display":"","ast-hfb-mobile-header-display":"","site-post-title":"","ast-breadcrumbs-content":"","ast-featured-img":"","footer-sml-layout":"","theme-transparent-header-meta":"","adv-header-id-meta":"","stick-header-meta":"","header-above-stick-meta":"","header-main-stick-meta":"","header-below-stick-meta":"","astra-migrate-meta-layouts":"default","ast-page-background-enabled":"default","ast-page-background-meta":{"desktop":{"background-color":"var(--ast-global-color-5)","background-image":"","background-repeat":"repeat","background-position":"center center","background-size":"auto","background-attachment":"scroll","background-type":"","background-media":"","overlay-type":"","overlay-color":"","overlay-opacity":"","overlay-gradient":""},"tablet":{"background-color":"","background-image":"","background-repeat":"repeat","background-position":"center center","background-size":"auto","background-attachment":"scroll","background-type":"","background-media":"","overlay-type":"","overlay-color":"","overlay-opacity":"","overlay-gradient":""},"mobile":{"background-color":"","background-image":"","background-repeat":"repeat","background-position":"center center","background-size":"auto","background-attachment":"scroll","background-type":"","background-media":"","overlay-type":"","overlay-color":"","overlay-opacity":"","overlay-gradient":""}},"ast-content-background-meta":{"desktop":{"background-color":"var(--ast-global-color-4)","background-image":"","background-repeat":"repeat","background-position":"center center","background-size":"auto","background-attachment":"scroll","background-type":"","background-media":"","overlay-type":"","overlay-color":"","overlay-opacity":"","overlay-gradient":""},"tablet":{"background-color":"var(--ast-global-color-4)","background-image":"","background-repeat":"repeat","background-position":"center center","background-size":"auto","background-attachment":"scroll","background-type":"","background-media":"","overlay-type":"","overlay-color":"","overlay-opacity":"","overlay-gradient":""},"mobile":{"background-color":"var(--ast-global-color-4)","background-image":"","background-repeat":"repeat","background-position":"center center","background-size":"auto","background-attachment":"scroll","background-type":"","background-media":"","overlay-type":"","overlay-color":"","overlay-opacity":"","overlay-gradient":""}},"footnotes":""},"class_list":["post-8766","page","type-page","status-publish","hentry"],"_links":{"self":[{"href":"http:\/\/zavod-parnas.org\/w\/wp-json\/wp\/v2\/pages\/8766","targetHints":{"allow":["GET"]}}],"collection":[{"href":"http:\/\/zavod-parnas.org\/w\/wp-json\/wp\/v2\/pages"}],"about":[{"href":"http:\/\/zavod-parnas.org\/w\/wp-json\/wp\/v2\/types\/page"}],"author":[{"embeddable":true,"href":"http:\/\/zavod-parnas.org\/w\/wp-json\/wp\/v2\/users\/2"}],"replies":[{"embeddable":true,"href":"http:\/\/zavod-parnas.org\/w\/wp-json\/wp\/v2\/comments?post=8766"}],"version-history":[{"count":4,"href":"http:\/\/zavod-parnas.org\/w\/wp-json\/wp\/v2\/pages\/8766\/revisions"}],"predecessor-version":[{"id":9292,"href":"http:\/\/zavod-parnas.org\/w\/wp-json\/wp\/v2\/pages\/8766\/revisions\/9292"}],"wp:attachment":[{"href":"http:\/\/zavod-parnas.org\/w\/wp-json\/wp\/v2\/media?parent=8766"}],"curies":[{"name":"wp","href":"https:\/\/api.w.org\/{rel}","templated":true}]}}