{"id":7664,"date":"2021-12-29T15:56:04","date_gmt":"2021-12-29T14:56:04","guid":{"rendered":"http:\/\/zavod-parnas.org\/w\/?page_id=7664"},"modified":"2025-07-30T07:37:39","modified_gmt":"2025-07-30T05:37:39","slug":"poprtnik-v-sentrupertu","status":"publish","type":"page","link":"http:\/\/zavod-parnas.org\/w\/poprtnik-v-sentrupertu\/","title":{"rendered":"Poprtnik v \u0160entrupertu"},"content":{"rendered":"\n<p>Nesnovna dedi\u0161\u010dina:&nbsp;<a href=\"http:\/\/www.nesnovnadediscina.si\/sl\/priprava-poprtnikov\">Priprava poprtnikov<\/a><br>Nosilec izro\u010dila:&nbsp;<strong>Skupina gospodinj iz \u0160entruperta<\/strong><br>Skupino v Registru nesnovne kulturne dedi\u0161\u010dine zastopa Vida Kon\u010dina.<br>Koordinacija aktivnosti: Ton\u010dka in Viktor Uhan (tudi prostovoljca Zavoda Parnas).<\/p>\n\n\n\n<p>Skupina deluje ob podpori Ob\u010dine \u0160entrupert, De\u017eele kozolcev \u0160entrupert in \u017dupnije \u0160entrupert. <\/p>\n\n\n\n<figure class=\"wp-block-embed is-type-video is-provider-youtube wp-block-embed-youtube wp-embed-aspect-16-9 wp-has-aspect-ratio\"><div class=\"wp-block-embed__wrapper\">\n<div class=\"ast-oembed-container \" style=\"height: 100%;\"><iframe title=\"Pod prtom 2025 \u0160ENTRUPERT\" width=\"500\" height=\"281\" src=\"https:\/\/www.youtube.com\/embed\/0jT87Zf-JLc?feature=oembed\" frameborder=\"0\" allow=\"accelerometer; autoplay; clipboard-write; encrypted-media; gyroscope; picture-in-picture; web-share\" referrerpolicy=\"strict-origin-when-cross-origin\" allowfullscreen><\/iframe><\/div>\n<\/div><\/figure>\n\n\n\n<p>REPORTA\u017dA: <a href=\"https:\/\/zavod-parnas.org\/w\/pod-prtom-sentrupert\/\">Snemanje videorazglednice Pod prtom: \u0160entrupert<\/a><br><a href=\"https:\/\/zavod-parnas.org\/w\/pod-prtom-sentrupert-2\/\">Ve\u010d o videorazglednici Pod prtom: \u0160entrupert<\/a><\/p>\n\n\n\n<figure class=\"wp-block-gallery has-nested-images columns-default is-cropped wp-block-gallery-1 is-layout-flex wp-block-gallery-is-layout-flex\">\n<figure class=\"wp-block-image size-large\"><img fetchpriority=\"high\" decoding=\"async\" width=\"630\" height=\"840\" data-id=\"7677\" src=\"https:\/\/zavod-parnas.org\/w\/wp-content\/uploads\/2021\/12\/Poprtnik-630x840.jpg\" alt=\"\" class=\"wp-image-7677\" srcset=\"http:\/\/zavod-parnas.org\/w\/wp-content\/uploads\/2021\/12\/Poprtnik-630x840.jpg 630w, http:\/\/zavod-parnas.org\/w\/wp-content\/uploads\/2021\/12\/Poprtnik-225x300.jpg 225w, http:\/\/zavod-parnas.org\/w\/wp-content\/uploads\/2021\/12\/Poprtnik-252x336.jpg 252w, http:\/\/zavod-parnas.org\/w\/wp-content\/uploads\/2021\/12\/Poprtnik-1152x1536.jpg 1152w, http:\/\/zavod-parnas.org\/w\/wp-content\/uploads\/2021\/12\/Poprtnik-1536x2048.jpg 1536w, http:\/\/zavod-parnas.org\/w\/wp-content\/uploads\/2021\/12\/Poprtnik-scaled.jpg 1920w\" sizes=\"(max-width: 630px) 100vw, 630px\" \/><figcaption class=\"wp-element-caption\">Izlo\u017ebena razstava 2021<\/figcaption><\/figure>\n\n\n\n<figure class=\"wp-block-image size-large\"><img decoding=\"async\" width=\"630\" height=\"473\" data-id=\"7666\" src=\"https:\/\/zavod-parnas.org\/w\/wp-content\/uploads\/2021\/12\/IMG_0111-630x473.jpg\" alt=\"\" class=\"wp-image-7666\" srcset=\"http:\/\/zavod-parnas.org\/w\/wp-content\/uploads\/2021\/12\/IMG_0111-630x473.jpg 630w, http:\/\/zavod-parnas.org\/w\/wp-content\/uploads\/2021\/12\/IMG_0111-300x225.jpg 300w, http:\/\/zavod-parnas.org\/w\/wp-content\/uploads\/2021\/12\/IMG_0111-252x189.jpg 252w, http:\/\/zavod-parnas.org\/w\/wp-content\/uploads\/2021\/12\/IMG_0111-1536x1152.jpg 1536w, http:\/\/zavod-parnas.org\/w\/wp-content\/uploads\/2021\/12\/IMG_0111-2048x1536.jpg 2048w\" sizes=\"(max-width: 630px) 100vw, 630px\" \/><figcaption class=\"wp-element-caption\">Razstava 2018<\/figcaption><\/figure>\n\n\n\n<figure class=\"wp-block-image size-large\"><img decoding=\"async\" width=\"630\" height=\"473\" data-id=\"7667\" src=\"https:\/\/zavod-parnas.org\/w\/wp-content\/uploads\/2021\/12\/IMG_0117-630x473.jpg\" alt=\"\" class=\"wp-image-7667\" srcset=\"http:\/\/zavod-parnas.org\/w\/wp-content\/uploads\/2021\/12\/IMG_0117-630x473.jpg 630w, http:\/\/zavod-parnas.org\/w\/wp-content\/uploads\/2021\/12\/IMG_0117-300x225.jpg 300w, http:\/\/zavod-parnas.org\/w\/wp-content\/uploads\/2021\/12\/IMG_0117-252x189.jpg 252w, http:\/\/zavod-parnas.org\/w\/wp-content\/uploads\/2021\/12\/IMG_0117-1536x1152.jpg 1536w, http:\/\/zavod-parnas.org\/w\/wp-content\/uploads\/2021\/12\/IMG_0117-2048x1536.jpg 2048w\" sizes=\"(max-width: 630px) 100vw, 630px\" \/><figcaption class=\"wp-element-caption\">Razstava 2018<\/figcaption><\/figure>\n\n\n\n<figure class=\"wp-block-image size-large\"><img loading=\"lazy\" decoding=\"async\" width=\"630\" height=\"473\" data-id=\"7668\" src=\"https:\/\/zavod-parnas.org\/w\/wp-content\/uploads\/2021\/12\/IMG_0121-630x473.jpg\" alt=\"\" class=\"wp-image-7668\" srcset=\"http:\/\/zavod-parnas.org\/w\/wp-content\/uploads\/2021\/12\/IMG_0121-630x473.jpg 630w, http:\/\/zavod-parnas.org\/w\/wp-content\/uploads\/2021\/12\/IMG_0121-300x225.jpg 300w, http:\/\/zavod-parnas.org\/w\/wp-content\/uploads\/2021\/12\/IMG_0121-252x189.jpg 252w, http:\/\/zavod-parnas.org\/w\/wp-content\/uploads\/2021\/12\/IMG_0121-1536x1152.jpg 1536w, http:\/\/zavod-parnas.org\/w\/wp-content\/uploads\/2021\/12\/IMG_0121-2048x1536.jpg 2048w\" sizes=\"(max-width: 630px) 100vw, 630px\" \/><\/figure>\n\n\n\n<figure class=\"wp-block-image size-large\"><img loading=\"lazy\" decoding=\"async\" width=\"630\" height=\"473\" data-id=\"7670\" src=\"https:\/\/zavod-parnas.org\/w\/wp-content\/uploads\/2021\/12\/IMG_0123-630x473.jpg\" alt=\"\" class=\"wp-image-7670\" srcset=\"http:\/\/zavod-parnas.org\/w\/wp-content\/uploads\/2021\/12\/IMG_0123-630x473.jpg 630w, http:\/\/zavod-parnas.org\/w\/wp-content\/uploads\/2021\/12\/IMG_0123-300x225.jpg 300w, http:\/\/zavod-parnas.org\/w\/wp-content\/uploads\/2021\/12\/IMG_0123-252x189.jpg 252w, http:\/\/zavod-parnas.org\/w\/wp-content\/uploads\/2021\/12\/IMG_0123-1536x1152.jpg 1536w, http:\/\/zavod-parnas.org\/w\/wp-content\/uploads\/2021\/12\/IMG_0123-2048x1536.jpg 2048w\" sizes=\"(max-width: 630px) 100vw, 630px\" \/><\/figure>\n\n\n\n<figure class=\"wp-block-image size-large\"><img loading=\"lazy\" decoding=\"async\" width=\"630\" height=\"473\" data-id=\"7671\" src=\"https:\/\/zavod-parnas.org\/w\/wp-content\/uploads\/2021\/12\/IMG_0136-630x473.jpg\" alt=\"\" class=\"wp-image-7671\" srcset=\"http:\/\/zavod-parnas.org\/w\/wp-content\/uploads\/2021\/12\/IMG_0136-630x473.jpg 630w, http:\/\/zavod-parnas.org\/w\/wp-content\/uploads\/2021\/12\/IMG_0136-300x225.jpg 300w, http:\/\/zavod-parnas.org\/w\/wp-content\/uploads\/2021\/12\/IMG_0136-252x189.jpg 252w, http:\/\/zavod-parnas.org\/w\/wp-content\/uploads\/2021\/12\/IMG_0136-1536x1152.jpg 1536w, http:\/\/zavod-parnas.org\/w\/wp-content\/uploads\/2021\/12\/IMG_0136-2048x1536.jpg 2048w\" sizes=\"(max-width: 630px) 100vw, 630px\" \/><\/figure>\n\n\n\n<figure class=\"wp-block-image size-large\"><img loading=\"lazy\" decoding=\"async\" width=\"630\" height=\"473\" data-id=\"7672\" src=\"https:\/\/zavod-parnas.org\/w\/wp-content\/uploads\/2021\/12\/IMG_0137-630x473.jpg\" alt=\"\" class=\"wp-image-7672\" srcset=\"http:\/\/zavod-parnas.org\/w\/wp-content\/uploads\/2021\/12\/IMG_0137-630x473.jpg 630w, http:\/\/zavod-parnas.org\/w\/wp-content\/uploads\/2021\/12\/IMG_0137-300x225.jpg 300w, http:\/\/zavod-parnas.org\/w\/wp-content\/uploads\/2021\/12\/IMG_0137-252x189.jpg 252w, http:\/\/zavod-parnas.org\/w\/wp-content\/uploads\/2021\/12\/IMG_0137-1536x1152.jpg 1536w, http:\/\/zavod-parnas.org\/w\/wp-content\/uploads\/2021\/12\/IMG_0137-2048x1536.jpg 2048w\" sizes=\"(max-width: 630px) 100vw, 630px\" \/><\/figure>\n\n\n\n<figure class=\"wp-block-image size-large\"><img loading=\"lazy\" decoding=\"async\" width=\"630\" height=\"473\" data-id=\"7673\" src=\"https:\/\/zavod-parnas.org\/w\/wp-content\/uploads\/2021\/12\/IMG_0139-630x473.jpg\" alt=\"\" class=\"wp-image-7673\" srcset=\"http:\/\/zavod-parnas.org\/w\/wp-content\/uploads\/2021\/12\/IMG_0139-630x473.jpg 630w, http:\/\/zavod-parnas.org\/w\/wp-content\/uploads\/2021\/12\/IMG_0139-300x225.jpg 300w, http:\/\/zavod-parnas.org\/w\/wp-content\/uploads\/2021\/12\/IMG_0139-252x189.jpg 252w, http:\/\/zavod-parnas.org\/w\/wp-content\/uploads\/2021\/12\/IMG_0139-1536x1152.jpg 1536w, http:\/\/zavod-parnas.org\/w\/wp-content\/uploads\/2021\/12\/IMG_0139-2048x1536.jpg 2048w\" sizes=\"(max-width: 630px) 100vw, 630px\" \/><\/figure>\n\n\n\n<figure class=\"wp-block-image size-large\"><img loading=\"lazy\" decoding=\"async\" width=\"630\" height=\"473\" data-id=\"7674\" src=\"https:\/\/zavod-parnas.org\/w\/wp-content\/uploads\/2021\/12\/IMG_0141-630x473.jpg\" alt=\"\" class=\"wp-image-7674\" srcset=\"http:\/\/zavod-parnas.org\/w\/wp-content\/uploads\/2021\/12\/IMG_0141-630x473.jpg 630w, http:\/\/zavod-parnas.org\/w\/wp-content\/uploads\/2021\/12\/IMG_0141-300x225.jpg 300w, http:\/\/zavod-parnas.org\/w\/wp-content\/uploads\/2021\/12\/IMG_0141-252x189.jpg 252w, http:\/\/zavod-parnas.org\/w\/wp-content\/uploads\/2021\/12\/IMG_0141-1536x1152.jpg 1536w, http:\/\/zavod-parnas.org\/w\/wp-content\/uploads\/2021\/12\/IMG_0141-2048x1536.jpg 2048w\" sizes=\"(max-width: 630px) 100vw, 630px\" \/><\/figure>\n\n\n\n<figure class=\"wp-block-image size-large\"><img loading=\"lazy\" decoding=\"async\" width=\"630\" height=\"379\" data-id=\"7675\" src=\"https:\/\/zavod-parnas.org\/w\/wp-content\/uploads\/2021\/12\/20191226_114240-630x379.jpg\" alt=\"\" class=\"wp-image-7675\" srcset=\"http:\/\/zavod-parnas.org\/w\/wp-content\/uploads\/2021\/12\/20191226_114240-630x379.jpg 630w, http:\/\/zavod-parnas.org\/w\/wp-content\/uploads\/2021\/12\/20191226_114240-300x180.jpg 300w, http:\/\/zavod-parnas.org\/w\/wp-content\/uploads\/2021\/12\/20191226_114240-252x152.jpg 252w, http:\/\/zavod-parnas.org\/w\/wp-content\/uploads\/2021\/12\/20191226_114240-1536x924.jpg 1536w, http:\/\/zavod-parnas.org\/w\/wp-content\/uploads\/2021\/12\/20191226_114240.jpg 2048w\" sizes=\"(max-width: 630px) 100vw, 630px\" \/><figcaption class=\"wp-element-caption\">Blagoslov poprtnikov<\/figcaption><\/figure>\n\n\n\n<figure class=\"wp-block-image size-large\"><img loading=\"lazy\" decoding=\"async\" width=\"630\" height=\"379\" data-id=\"7676\" src=\"https:\/\/zavod-parnas.org\/w\/wp-content\/uploads\/2021\/12\/20191226_114207-630x379.jpg\" alt=\"\" class=\"wp-image-7676\" srcset=\"http:\/\/zavod-parnas.org\/w\/wp-content\/uploads\/2021\/12\/20191226_114207-630x379.jpg 630w, http:\/\/zavod-parnas.org\/w\/wp-content\/uploads\/2021\/12\/20191226_114207-300x180.jpg 300w, http:\/\/zavod-parnas.org\/w\/wp-content\/uploads\/2021\/12\/20191226_114207-252x152.jpg 252w, http:\/\/zavod-parnas.org\/w\/wp-content\/uploads\/2021\/12\/20191226_114207-1536x924.jpg 1536w, http:\/\/zavod-parnas.org\/w\/wp-content\/uploads\/2021\/12\/20191226_114207.jpg 2048w\" sizes=\"(max-width: 630px) 100vw, 630px\" \/><figcaption class=\"wp-element-caption\">Blagoslov v \u017eupni\u0161\u010du 2019<\/figcaption><\/figure>\n<\/figure>\n\n\n\n<p><\/p>\n","protected":false},"excerpt":{"rendered":"<p>Nesnovna dedi\u0161\u010dina:&nbsp;Priprava poprtnikovNosilec izro\u010dila:&nbsp;Skupina gospodinj iz \u0160entrupertaSkupino v Registru nesnovne kulturne dedi\u0161\u010dine zastopa Vida Kon\u010dina.Koordinacija aktivnosti: Ton\u010dka in Viktor Uhan [&hellip;]<\/p>\n","protected":false},"author":2,"featured_media":0,"parent":0,"menu_order":0,"comment_status":"closed","ping_status":"closed","template":"","meta":{"site-sidebar-layout":"default","site-content-layout":"","ast-site-content-layout":"default","site-content-style":"default","site-sidebar-style":"default","ast-global-header-display":"","ast-banner-title-visibility":"","ast-main-header-display":"","ast-hfb-above-header-display":"","ast-hfb-below-header-display":"","ast-hfb-mobile-header-display":"","site-post-title":"","ast-breadcrumbs-content":"","ast-featured-img":"","footer-sml-layout":"","theme-transparent-header-meta":"","adv-header-id-meta":"","stick-header-meta":"","header-above-stick-meta":"","header-main-stick-meta":"","header-below-stick-meta":"","astra-migrate-meta-layouts":"default","ast-page-background-enabled":"default","ast-page-background-meta":{"desktop":{"background-color":"var(--ast-global-color-5)","background-image":"","background-repeat":"repeat","background-position":"center center","background-size":"auto","background-attachment":"scroll","background-type":"","background-media":"","overlay-type":"","overlay-color":"","overlay-opacity":"","overlay-gradient":""},"tablet":{"background-color":"","background-image":"","background-repeat":"repeat","background-position":"center center","background-size":"auto","background-attachment":"scroll","background-type":"","background-media":"","overlay-type":"","overlay-color":"","overlay-opacity":"","overlay-gradient":""},"mobile":{"background-color":"","background-image":"","background-repeat":"repeat","background-position":"center center","background-size":"auto","background-attachment":"scroll","background-type":"","background-media":"","overlay-type":"","overlay-color":"","overlay-opacity":"","overlay-gradient":""}},"ast-content-background-meta":{"desktop":{"background-color":"var(--ast-global-color-4)","background-image":"","background-repeat":"repeat","background-position":"center center","background-size":"auto","background-attachment":"scroll","background-type":"","background-media":"","overlay-type":"","overlay-color":"","overlay-opacity":"","overlay-gradient":""},"tablet":{"background-color":"var(--ast-global-color-4)","background-image":"","background-repeat":"repeat","background-position":"center center","background-size":"auto","background-attachment":"scroll","background-type":"","background-media":"","overlay-type":"","overlay-color":"","overlay-opacity":"","overlay-gradient":""},"mobile":{"background-color":"var(--ast-global-color-4)","background-image":"","background-repeat":"repeat","background-position":"center center","background-size":"auto","background-attachment":"scroll","background-type":"","background-media":"","overlay-type":"","overlay-color":"","overlay-opacity":"","overlay-gradient":""}},"footnotes":""},"class_list":["post-7664","page","type-page","status-publish","hentry"],"_links":{"self":[{"href":"http:\/\/zavod-parnas.org\/w\/wp-json\/wp\/v2\/pages\/7664","targetHints":{"allow":["GET"]}}],"collection":[{"href":"http:\/\/zavod-parnas.org\/w\/wp-json\/wp\/v2\/pages"}],"about":[{"href":"http:\/\/zavod-parnas.org\/w\/wp-json\/wp\/v2\/types\/page"}],"author":[{"embeddable":true,"href":"http:\/\/zavod-parnas.org\/w\/wp-json\/wp\/v2\/users\/2"}],"replies":[{"embeddable":true,"href":"http:\/\/zavod-parnas.org\/w\/wp-json\/wp\/v2\/comments?post=7664"}],"version-history":[{"count":6,"href":"http:\/\/zavod-parnas.org\/w\/wp-json\/wp\/v2\/pages\/7664\/revisions"}],"predecessor-version":[{"id":11833,"href":"http:\/\/zavod-parnas.org\/w\/wp-json\/wp\/v2\/pages\/7664\/revisions\/11833"}],"wp:attachment":[{"href":"http:\/\/zavod-parnas.org\/w\/wp-json\/wp\/v2\/media?parent=7664"}],"curies":[{"name":"wp","href":"https:\/\/api.w.org\/{rel}","templated":true}]}}