{"id":764,"date":"2016-03-19T14:44:38","date_gmt":"2016-03-19T13:44:38","guid":{"rendered":"http:\/\/zavod-parnas.org\/w\/?page_id=764"},"modified":"2025-08-03T10:41:59","modified_gmt":"2025-08-03T08:41:59","slug":"bukvice","status":"publish","type":"page","link":"http:\/\/zavod-parnas.org\/w\/javni-interes-na-podrocju-kulture\/bukvice\/","title":{"rendered":"Bukvice"},"content":{"rendered":"\n<p>Pod vodstvom animatorja boste <strong>izdelali\u00a0knjigo le\u017ee\u010dega A6 formata <\/strong>(16 strani, \u0161ivan knji\u017eni blok, trde platnice, oble\u010dene v knjigove\u0161ko platno in dekorativni papir). <\/p>\n\n\n\n<p>Vsa orodja in materiale dobite pri nas, izdelane knji\u017eice odnesete s seboj.\u00a0<\/p>\n\n\n\n<p>U\u010denci razvijajo rokodelska znanja, uporabljajo knjigove\u0161ka orodja in kvalitetne materiale.<\/p>\n\n\n\n<figure class=\"wp-block-image size-large is-style-default\"><img fetchpriority=\"high\" decoding=\"async\" width=\"630\" height=\"473\" src=\"http:\/\/zavod-parnas.org\/w\/wp-content\/uploads\/2018\/11\/bukvice3-630x473.jpg\" alt=\"\" class=\"wp-image-4546\" srcset=\"http:\/\/zavod-parnas.org\/w\/wp-content\/uploads\/2018\/11\/bukvice3-630x473.jpg 630w, http:\/\/zavod-parnas.org\/w\/wp-content\/uploads\/2018\/11\/bukvice3-252x189.jpg 252w, http:\/\/zavod-parnas.org\/w\/wp-content\/uploads\/2018\/11\/bukvice3-300x225.jpg 300w, http:\/\/zavod-parnas.org\/w\/wp-content\/uploads\/2018\/11\/bukvice3.jpg 960w\" sizes=\"(max-width: 630px) 100vw, 630px\" \/><\/figure>\n\n\n\n<figure class=\"wp-block-image alignleft is-resized\"><img decoding=\"async\" width=\"300\" height=\"300\" src=\"http:\/\/zavod-parnas.org\/w\/wp-content\/uploads\/2021\/02\/cropped-logo-parnas-bel-mali-300x300.png\" alt=\"\" class=\"wp-image-6659\" style=\"width:74px;height:74px\" srcset=\"http:\/\/zavod-parnas.org\/w\/wp-content\/uploads\/2021\/02\/cropped-logo-parnas-bel-mali-300x300.png 300w, http:\/\/zavod-parnas.org\/w\/wp-content\/uploads\/2021\/02\/cropped-logo-parnas-bel-mali-252x252.png 252w, http:\/\/zavod-parnas.org\/w\/wp-content\/uploads\/2021\/02\/cropped-logo-parnas-bel-mali-270x270.png 270w, http:\/\/zavod-parnas.org\/w\/wp-content\/uploads\/2021\/02\/cropped-logo-parnas-bel-mali-192x192.png 192w, http:\/\/zavod-parnas.org\/w\/wp-content\/uploads\/2021\/02\/cropped-logo-parnas-bel-mali-180x180.png 180w, http:\/\/zavod-parnas.org\/w\/wp-content\/uploads\/2021\/02\/cropped-logo-parnas-bel-mali-32x32.png 32w, http:\/\/zavod-parnas.org\/w\/wp-content\/uploads\/2021\/02\/cropped-logo-parnas-bel-mali.png 512w\" sizes=\"(max-width: 300px) 100vw, 300px\" \/><\/figure>\n\n\n\n<p><strong>Primerno za:<\/strong> 2. ali 3. triada, najbolje: 6. razred<br><strong>\u0160tevilo otrok v skupini:<\/strong>&nbsp;en&nbsp;razred naenkrat<br><strong>Trajanje :<\/strong> 2 \u0161olski uri (po predhodnem dogovoru lahko podalj\u0161amo na dve polni uri)<br><strong>Vstopnina:<\/strong>7,5 EUR na u\u010denca <br><em>\u010ce izvedemo na va\u0161i \u0161oli, vam zara\u010dunamo \u0161e potne stro\u0161ke (\u0161tevilo km x 0,43 EUR).<\/em><\/p>\n\n\n\n<figure class=\"wp-block-image size-large is-resized is-style-default\"><img decoding=\"async\" width=\"1024\" height=\"768\" src=\"http:\/\/zavod-parnas.org\/w\/wp-content\/uploads\/2016\/03\/IMG_3148-1024x768.jpg\" alt=\"\" class=\"wp-image-2070\" style=\"width:630px\" srcset=\"http:\/\/zavod-parnas.org\/w\/wp-content\/uploads\/2016\/03\/IMG_3148-1024x768.jpg 1024w, http:\/\/zavod-parnas.org\/w\/wp-content\/uploads\/2016\/03\/IMG_3148-252x189.jpg 252w, http:\/\/zavod-parnas.org\/w\/wp-content\/uploads\/2016\/03\/IMG_3148-300x225.jpg 300w, http:\/\/zavod-parnas.org\/w\/wp-content\/uploads\/2016\/03\/IMG_3148.jpg 1600w\" sizes=\"(max-width: 1024px) 100vw, 1024px\" \/><\/figure>\n\n\n\n<p><strong>Kraj izvedbe:<\/strong> na va\u0161i \u0161oli ali&nbsp;na Trubarjevi doma\u010diji&nbsp;&nbsp;<b>&nbsp; &nbsp;<\/b><\/p>\n\n\n\n<figure class=\"wp-block-image size-large is-style-default\"><img loading=\"lazy\" decoding=\"async\" width=\"630\" height=\"472\" src=\"http:\/\/zavod-parnas.org\/w\/wp-content\/uploads\/2017\/04\/IMG_4725-630x472.jpg\" alt=\"\" class=\"wp-image-2666\" srcset=\"http:\/\/zavod-parnas.org\/w\/wp-content\/uploads\/2017\/04\/IMG_4725-630x472.jpg 630w, http:\/\/zavod-parnas.org\/w\/wp-content\/uploads\/2017\/04\/IMG_4725-252x189.jpg 252w, http:\/\/zavod-parnas.org\/w\/wp-content\/uploads\/2017\/04\/IMG_4725-300x225.jpg 300w, http:\/\/zavod-parnas.org\/w\/wp-content\/uploads\/2017\/04\/IMG_4725.jpg 1322w\" sizes=\"(max-width: 630px) 100vw, 630px\" \/><\/figure>\n\n\n\n<p><\/p>\n\n\n\n<p><strong>Ideja za tehni\u0161ki dan (4-5 ur) za 6. razred:<\/strong><\/p>\n\n\n\n<ul class=\"wp-block-list\">\n<li><strong>Izvedba<\/strong>: Ena skupina pri\u010dne z\u00a0delom v delavnici\u00a0<a href=\"http:\/\/zavod-parnas.org\/w\/javni-interes-na-podrocju-kulture\/bukvice\/\">Bukvice<\/a> (1,5 ure) v galeriji Skedenj in Trubarjevi \u010ditalnici, druga se z avtobusom odpelje na Veliki Osolnik in spremlja program \u00a0<a href=\"http:\/\/zavod-parnas.org\/w\/javni-interes-na-podrocju-kulture\/pri-suhorobarju\/\">Pri suhorobarju<\/a>  (60 min). Skupini se nato zamenjata, vmesni\u00a0\u010das pa izkoristita\u00a0za malico, odmor in premik. <\/li>\n\n\n\n<li><strong>Vstopnine<\/strong>:<br>naro\u010dilnica Zavod Parnas: Bukvice 7,5 EUR + Pri suhorobarju 4 EUR<\/li>\n<\/ul>\n\n\n\n<h3 class=\"wp-block-heading\">Povezave na ostale programe:<\/h3>\n\n\n\n<p><a href=\"http:\/\/zavod-parnas.org\/w\/javni-interes-na-podrocju-kulture\/knjigoveska-delavnica\/\">Knjigove\u0161ka delavnica<\/a>&nbsp;&nbsp;<a href=\"http:\/\/zavod-parnas.org\/w\/izdelajmo-miniaturno-knjigo\/\">Izdelajmo miniaturno knjigo<\/a>&nbsp; &nbsp;<a href=\"http:\/\/zavod-parnas.org\/w\/javni-interes-na-podrocju-kulture\/pri-suhorobarju\/\">Pri suhorobarju<\/a>&nbsp; &nbsp;<\/p>\n\n\n\n<p><\/p>\n","protected":false},"excerpt":{"rendered":"<p>Pod vodstvom animatorja boste izdelali\u00a0knjigo le\u017ee\u010dega A6 formata (16 strani, \u0161ivan knji\u017eni blok, trde platnice, oble\u010dene v knjigove\u0161ko platno in [&hellip;]<\/p>\n","protected":false},"author":2,"featured_media":0,"parent":613,"menu_order":0,"comment_status":"closed","ping_status":"closed","template":"","meta":{"site-sidebar-layout":"default","site-content-layout":"","ast-site-content-layout":"default","site-content-style":"default","site-sidebar-style":"default","ast-global-header-display":"","ast-banner-title-visibility":"","ast-main-header-display":"","ast-hfb-above-header-display":"","ast-hfb-below-header-display":"","ast-hfb-mobile-header-display":"","site-post-title":"","ast-breadcrumbs-content":"","ast-featured-img":"","footer-sml-layout":"","theme-transparent-header-meta":"","adv-header-id-meta":"","stick-header-meta":"","header-above-stick-meta":"","header-main-stick-meta":"","header-below-stick-meta":"","astra-migrate-meta-layouts":"default","ast-page-background-enabled":"default","ast-page-background-meta":{"desktop":{"background-color":"var(--ast-global-color-5)","background-image":"","background-repeat":"repeat","background-position":"center center","background-size":"auto","background-attachment":"scroll","background-type":"","background-media":"","overlay-type":"","overlay-color":"","overlay-opacity":"","overlay-gradient":""},"tablet":{"background-color":"","background-image":"","background-repeat":"repeat","background-position":"center center","background-size":"auto","background-attachment":"scroll","background-type":"","background-media":"","overlay-type":"","overlay-color":"","overlay-opacity":"","overlay-gradient":""},"mobile":{"background-color":"","background-image":"","background-repeat":"repeat","background-position":"center center","background-size":"auto","background-attachment":"scroll","background-type":"","background-media":"","overlay-type":"","overlay-color":"","overlay-opacity":"","overlay-gradient":""}},"ast-content-background-meta":{"desktop":{"background-color":"var(--ast-global-color-4)","background-image":"","background-repeat":"repeat","background-position":"center center","background-size":"auto","background-attachment":"scroll","background-type":"","background-media":"","overlay-type":"","overlay-color":"","overlay-opacity":"","overlay-gradient":""},"tablet":{"background-color":"var(--ast-global-color-4)","background-image":"","background-repeat":"repeat","background-position":"center center","background-size":"auto","background-attachment":"scroll","background-type":"","background-media":"","overlay-type":"","overlay-color":"","overlay-opacity":"","overlay-gradient":""},"mobile":{"background-color":"var(--ast-global-color-4)","background-image":"","background-repeat":"repeat","background-position":"center center","background-size":"auto","background-attachment":"scroll","background-type":"","background-media":"","overlay-type":"","overlay-color":"","overlay-opacity":"","overlay-gradient":""}},"footnotes":""},"class_list":["post-764","page","type-page","status-publish","hentry"],"_links":{"self":[{"href":"http:\/\/zavod-parnas.org\/w\/wp-json\/wp\/v2\/pages\/764","targetHints":{"allow":["GET"]}}],"collection":[{"href":"http:\/\/zavod-parnas.org\/w\/wp-json\/wp\/v2\/pages"}],"about":[{"href":"http:\/\/zavod-parnas.org\/w\/wp-json\/wp\/v2\/types\/page"}],"author":[{"embeddable":true,"href":"http:\/\/zavod-parnas.org\/w\/wp-json\/wp\/v2\/users\/2"}],"replies":[{"embeddable":true,"href":"http:\/\/zavod-parnas.org\/w\/wp-json\/wp\/v2\/comments?post=764"}],"version-history":[{"count":53,"href":"http:\/\/zavod-parnas.org\/w\/wp-json\/wp\/v2\/pages\/764\/revisions"}],"predecessor-version":[{"id":11914,"href":"http:\/\/zavod-parnas.org\/w\/wp-json\/wp\/v2\/pages\/764\/revisions\/11914"}],"up":[{"embeddable":true,"href":"http:\/\/zavod-parnas.org\/w\/wp-json\/wp\/v2\/pages\/613"}],"wp:attachment":[{"href":"http:\/\/zavod-parnas.org\/w\/wp-json\/wp\/v2\/media?parent=764"}],"curies":[{"name":"wp","href":"https:\/\/api.w.org\/{rel}","templated":true}]}}