{"id":7517,"date":"2021-11-23T11:01:19","date_gmt":"2021-11-23T10:01:19","guid":{"rendered":"http:\/\/zavod-parnas.org\/w\/?page_id=7517"},"modified":"2021-12-01T12:22:01","modified_gmt":"2021-12-01T11:22:01","slug":"projekt-bozic-z-okusom","status":"publish","type":"page","link":"http:\/\/zavod-parnas.org\/w\/projekt-bozic-z-okusom\/","title":{"rendered":"Projekt Bo\u017ei\u010d z okusom"},"content":{"rendered":"\n<p><strong>Naslov projekta:<\/strong> BO\u017dI\u010c Z OKUSOM<\/p>\n\n\n\n<p><strong>Projektni razpis<\/strong>: JPR-NKD 2021 (Ministrstvo za kulturo)<\/p>\n\n\n\n<p><strong>Vrednost projekta<\/strong>: 8.301,18&nbsp;EUR (od tega 85% sofinanciranje MK 7.056,00 EUR)<\/p>\n\n\n\n<p><strong>Sodelujo\u010di nosilci izro\u010dila iz Registra nesnovne kulturne dedi\u0161\u010dine:&nbsp;<\/strong><br>Skupina gospodinj:<br>-iz velikola\u0161kih krajev in Dobrepolja, <br>-iz Sodra\u017eice, <br>-iz Lo\u0161kega Potoka, <br>-z Blok, <br>-s Svibnega, <br>-iz Ribni\u0161ke doline. &nbsp;<br>Vodja projekta: Metka Stari\u010d.<\/p>\n\n\n\n<p><strong>Zunanji sodelavci:&nbsp;<\/strong>Rok Bor\u0161tnik &#8211; Experience d.o.o., ALAM Ale\u0161 Lampe s.p., DP\u017d Ribnica, DK\u017d Arnika, TD Bloke, TD Sodra\u017eica, DU Lo\u0161ki Potok, MILI fotografija Milena Vintar s.p., Kenig d.o.o.<\/p>\n\n\n\n<p><strong>Trajanje projekta:&nbsp;<\/strong>7.9.-15.11.2021<\/p>\n\n\n\n<p><strong>Cilj projekta:<\/strong><\/p>\n\n\n\n<ul class=\"wp-block-list\"><li>nadgradnja dedi\u0161\u010dinske skupnosti priprave poprtnika v Sloveniji z opolnomo\u010denjem nosilcev pri konkretnih akcijah v njihovem okolju ter \u0161ir\u0161o prepoznavnostjo in ohranjanjem dedi\u0161\u010dine na dr\u017eavnem nivoju in v mednarodnem okolju.<\/li><\/ul>\n\n\n\n<p><strong>Projektni rezultati:<\/strong><\/p>\n\n\n\n<ol class=\"wp-block-list\"><li>Priprava, monta\u017ea in snemanje <a href=\"https:\/\/youtu.be\/Mt5CA3fy21U\" data-rel=\"lightbox-video-0\">10-min dokumentarnega filma \u017dupnek iz Lo\u0161kega Potoka<\/a> s <a href=\"https:\/\/youtu.be\/D1PS4ca2KKA\" data-rel=\"lightbox-video-1\">podnapisi v angle\u0161kem jeziku<\/a> <\/li><li>Priprava, monta\u017ea in snemanje  treh videorazglednic (<a href=\"https:\/\/youtu.be\/yo_VdSdKIME\" data-rel=\"lightbox-video-2\">Svibno<\/a>, <a href=\"https:\/\/youtu.be\/c4pq5v-A9LU\" data-rel=\"lightbox-video-3\">Bloke<\/a>, <a href=\"https:\/\/youtu.be\/FseMf8njVmc\" data-rel=\"lightbox-video-4\">Sodra\u017eica<\/a>)<\/li><li>Izdelan <a href=\"http:\/\/zavod-parnas.org\/w\/poprtnik-v-dobrepolju\/\">stenski pano o poprtniku<\/a> za v javni prostor Ob\u010dine Dobrepolje<\/li><li>Pripravljen <a href=\"http:\/\/zavod-parnas.org\/w\/poprtnik-v-ribnici\/\">prototip poprtnika kot protokolarnega darila<\/a>.<\/li><li>Prenovljena spletna stran s podstranmi nosilcev, <a href=\"https:\/\/www.facebook.com\/poprtnik\">novice za Fb<\/a> in nova <a href=\"https:\/\/www.instagram.com\/poprtnik\/\">IG stran Poprtnik<\/a>, prenova <a href=\"http:\/\/zavod-parnas.org\/w\/misja-dolina-2go\/\">Pti\u010dkove poti <\/a>v aplikaciji za pametni telefon.<\/li><li>Nadgradnja zgodbe Pti\u010dek z bo\u017ei\u010dnega kruha s pripravo pravljice na premi\u010dne tablice za potrebe FBK.<\/li><li>Predstavitev nesnovne dedi\u0161\u010dine udele\u017eencem mednarodne konference ob predsedovanju Slovenije Evropski Uniji. <\/li><\/ol>\n\n\n\n<p><\/p>\n","protected":false},"excerpt":{"rendered":"<p>Naslov projekta: BO\u017dI\u010c Z OKUSOM Projektni razpis: JPR-NKD 2021 (Ministrstvo za kulturo) Vrednost projekta: 8.301,18&nbsp;EUR (od tega 85% sofinanciranje MK [&hellip;]<\/p>\n","protected":false},"author":2,"featured_media":0,"parent":0,"menu_order":0,"comment_status":"closed","ping_status":"closed","template":"","meta":{"site-sidebar-layout":"default","site-content-layout":"","ast-site-content-layout":"default","site-content-style":"default","site-sidebar-style":"default","ast-global-header-display":"","ast-banner-title-visibility":"","ast-main-header-display":"","ast-hfb-above-header-display":"","ast-hfb-below-header-display":"","ast-hfb-mobile-header-display":"","site-post-title":"","ast-breadcrumbs-content":"","ast-featured-img":"","footer-sml-layout":"","theme-transparent-header-meta":"","adv-header-id-meta":"","stick-header-meta":"","header-above-stick-meta":"","header-main-stick-meta":"","header-below-stick-meta":"","astra-migrate-meta-layouts":"default","ast-page-background-enabled":"default","ast-page-background-meta":{"desktop":{"background-color":"var(--ast-global-color-5)","background-image":"","background-repeat":"repeat","background-position":"center center","background-size":"auto","background-attachment":"scroll","background-type":"","background-media":"","overlay-type":"","overlay-color":"","overlay-opacity":"","overlay-gradient":""},"tablet":{"background-color":"","background-image":"","background-repeat":"repeat","background-position":"center center","background-size":"auto","background-attachment":"scroll","background-type":"","background-media":"","overlay-type":"","overlay-color":"","overlay-opacity":"","overlay-gradient":""},"mobile":{"background-color":"","background-image":"","background-repeat":"repeat","background-position":"center center","background-size":"auto","background-attachment":"scroll","background-type":"","background-media":"","overlay-type":"","overlay-color":"","overlay-opacity":"","overlay-gradient":""}},"ast-content-background-meta":{"desktop":{"background-color":"var(--ast-global-color-4)","background-image":"","background-repeat":"repeat","background-position":"center center","background-size":"auto","background-attachment":"scroll","background-type":"","background-media":"","overlay-type":"","overlay-color":"","overlay-opacity":"","overlay-gradient":""},"tablet":{"background-color":"var(--ast-global-color-4)","background-image":"","background-repeat":"repeat","background-position":"center center","background-size":"auto","background-attachment":"scroll","background-type":"","background-media":"","overlay-type":"","overlay-color":"","overlay-opacity":"","overlay-gradient":""},"mobile":{"background-color":"var(--ast-global-color-4)","background-image":"","background-repeat":"repeat","background-position":"center center","background-size":"auto","background-attachment":"scroll","background-type":"","background-media":"","overlay-type":"","overlay-color":"","overlay-opacity":"","overlay-gradient":""}},"footnotes":""},"class_list":["post-7517","page","type-page","status-publish","hentry"],"_links":{"self":[{"href":"http:\/\/zavod-parnas.org\/w\/wp-json\/wp\/v2\/pages\/7517","targetHints":{"allow":["GET"]}}],"collection":[{"href":"http:\/\/zavod-parnas.org\/w\/wp-json\/wp\/v2\/pages"}],"about":[{"href":"http:\/\/zavod-parnas.org\/w\/wp-json\/wp\/v2\/types\/page"}],"author":[{"embeddable":true,"href":"http:\/\/zavod-parnas.org\/w\/wp-json\/wp\/v2\/users\/2"}],"replies":[{"embeddable":true,"href":"http:\/\/zavod-parnas.org\/w\/wp-json\/wp\/v2\/comments?post=7517"}],"version-history":[{"count":3,"href":"http:\/\/zavod-parnas.org\/w\/wp-json\/wp\/v2\/pages\/7517\/revisions"}],"predecessor-version":[{"id":7560,"href":"http:\/\/zavod-parnas.org\/w\/wp-json\/wp\/v2\/pages\/7517\/revisions\/7560"}],"wp:attachment":[{"href":"http:\/\/zavod-parnas.org\/w\/wp-json\/wp\/v2\/media?parent=7517"}],"curies":[{"name":"wp","href":"https:\/\/api.w.org\/{rel}","templated":true}]}}