{"id":7468,"date":"2021-11-13T17:25:08","date_gmt":"2021-11-13T16:25:08","guid":{"rendered":"http:\/\/zavod-parnas.org\/w\/?page_id=7468"},"modified":"2022-12-29T11:27:23","modified_gmt":"2022-12-29T10:27:23","slug":"poprtnik-v-ribnici","status":"publish","type":"page","link":"http:\/\/zavod-parnas.org\/w\/poprtnik-v-ribnici\/","title":{"rendered":"Poprtnik v Ribni\u0161ki dolini"},"content":{"rendered":"\n<p>Nesnovna dedi\u0161\u010dina: <a href=\"http:\/\/www.nesnovnadediscina.si\/sl\/priprava-poprtnikov\">Priprava poprtnikov<\/a> <br>Nosilec izro\u010dila: <strong>Skupina gospodinj iz Ribni\u0161ke doline<\/strong><br>Skupino v Registru nesnovne kulturne dedi\u0161\u010dine zastopa Marinka Vesel. <\/p>\n\n\n\n<p><strong>Dokumentarni film Sporo\u010dilo poprtnika <\/strong><br>(Zavod Parnas in Experience d.o.o., 2022)<\/p>\n\n\n\n<p>Sodelujejo:  nosilke izro\u010dila iz Ribni\u0161ke doline &#8211; Marinka Vesel, Lea Klun, Francka Male\u017ei\u010d, in Sodra\u017eice &#8211; Ivanka Ko\u0161ir, Vida \u010campa). <br>Igrani prizori: Domen \u010ce\u0161arek (bibliotekar), Luka Ilc (gra\u0161\u010dak Rude\u017e), Marinka Vesel (gospodinja);  pripoveduje: Domen \u010ce\u0161arek.<br>Re\u017eija: Rok Bor\u0161tnik. Scenarij: Rok Bor\u0161tnik, Domen \u010ce\u0161arek, Metka Stari\u010d.<br>Sofinanciralo Ministrstvo za kulturo (JPR NKD 2022) v projektu <a href=\"http:\/\/zavod-parnas.org\/w\/projekt-sporocila-poprtnikov\/\">Sporo\u010dila poprtnikov<\/a> (Zavod Parnas, 2022)<\/p>\n\n\n\n<figure class=\"wp-block-embed is-type-video is-provider-youtube wp-block-embed-youtube wp-embed-aspect-16-9 wp-has-aspect-ratio\"><div class=\"wp-block-embed__wrapper\">\n<div class=\"ast-oembed-container \" style=\"height: 100%;\"><iframe title=\"Sporo\u010dilo poprtnika HD\" width=\"500\" height=\"281\" src=\"https:\/\/www.youtube.com\/embed\/yuyQtOm2gtA?feature=oembed\" frameborder=\"0\" allow=\"accelerometer; autoplay; clipboard-write; encrypted-media; gyroscope; picture-in-picture; web-share\" referrerpolicy=\"strict-origin-when-cross-origin\" allowfullscreen><\/iframe><\/div>\n<\/div><\/figure>\n\n\n\n<p>Angle\u0161ka verzija:<\/p>\n\n\n\n<figure class=\"wp-block-embed is-type-video is-provider-youtube wp-block-embed-youtube wp-embed-aspect-16-9 wp-has-aspect-ratio\"><div class=\"wp-block-embed__wrapper\">\n<div class=\"ast-oembed-container \" style=\"height: 100%;\"><iframe title=\"Sporocila Poprtnika   FILM ANG HD\" width=\"500\" height=\"281\" src=\"https:\/\/www.youtube.com\/embed\/H0YTGdsuds4?feature=oembed\" frameborder=\"0\" allow=\"accelerometer; autoplay; clipboard-write; encrypted-media; gyroscope; picture-in-picture; web-share\" referrerpolicy=\"strict-origin-when-cross-origin\" allowfullscreen><\/iframe><\/div>\n<\/div><\/figure>\n\n\n\n<p>Skupina deluje v sodelovanju z <strong>Dru\u0161tvom pode\u017eelskih \u017eena Ribnica .<\/strong> Pri aktivnostih jih podpira <strong>Ob\u010dina Ribnica<\/strong>. <\/p>\n\n\n\n<figure class=\"wp-block-gallery columns-3 is-cropped wp-block-gallery-1 is-layout-flex wp-block-gallery-is-layout-flex\"><ul class=\"blocks-gallery-grid\"><li class=\"blocks-gallery-item\"><figure><img fetchpriority=\"high\" decoding=\"async\" width=\"630\" height=\"840\" src=\"http:\/\/zavod-parnas.org\/w\/wp-content\/uploads\/2021\/11\/IMG_2575-630x840.jpg\" alt=\"\" data-id=\"7473\" data-full-url=\"http:\/\/zavod-parnas.org\/w\/wp-content\/uploads\/2021\/11\/IMG_2575-rotated.jpg\" data-link=\"http:\/\/zavod-parnas.org\/w\/poprtnik-v-ribnici\/img_2575\/\" class=\"wp-image-7473\" srcset=\"http:\/\/zavod-parnas.org\/w\/wp-content\/uploads\/2021\/11\/IMG_2575-630x840.jpg 630w, http:\/\/zavod-parnas.org\/w\/wp-content\/uploads\/2021\/11\/IMG_2575-225x300.jpg 225w, http:\/\/zavod-parnas.org\/w\/wp-content\/uploads\/2021\/11\/IMG_2575-252x336.jpg 252w, http:\/\/zavod-parnas.org\/w\/wp-content\/uploads\/2021\/11\/IMG_2575-1152x1536.jpg 1152w, http:\/\/zavod-parnas.org\/w\/wp-content\/uploads\/2021\/11\/IMG_2575-rotated.jpg 1512w\" sizes=\"(max-width: 630px) 100vw, 630px\" \/><\/figure><\/li><li class=\"blocks-gallery-item\"><figure><img decoding=\"async\" width=\"630\" height=\"840\" src=\"http:\/\/zavod-parnas.org\/w\/wp-content\/uploads\/2021\/11\/IMG_2577-630x840.jpg\" alt=\"\" data-id=\"7474\" data-full-url=\"http:\/\/zavod-parnas.org\/w\/wp-content\/uploads\/2021\/11\/IMG_2577-rotated.jpg\" data-link=\"http:\/\/zavod-parnas.org\/w\/poprtnik-v-ribnici\/img_2577\/\" class=\"wp-image-7474\" srcset=\"http:\/\/zavod-parnas.org\/w\/wp-content\/uploads\/2021\/11\/IMG_2577-630x840.jpg 630w, http:\/\/zavod-parnas.org\/w\/wp-content\/uploads\/2021\/11\/IMG_2577-225x300.jpg 225w, http:\/\/zavod-parnas.org\/w\/wp-content\/uploads\/2021\/11\/IMG_2577-252x336.jpg 252w, http:\/\/zavod-parnas.org\/w\/wp-content\/uploads\/2021\/11\/IMG_2577-1152x1536.jpg 1152w, http:\/\/zavod-parnas.org\/w\/wp-content\/uploads\/2021\/11\/IMG_2577-rotated.jpg 1512w\" sizes=\"(max-width: 630px) 100vw, 630px\" \/><\/figure><\/li><li class=\"blocks-gallery-item\"><figure><img decoding=\"async\" width=\"630\" height=\"840\" src=\"http:\/\/zavod-parnas.org\/w\/wp-content\/uploads\/2021\/11\/IMG_2588-630x840.jpg\" alt=\"\" data-id=\"7475\" data-full-url=\"http:\/\/zavod-parnas.org\/w\/wp-content\/uploads\/2021\/11\/IMG_2588-rotated.jpg\" data-link=\"http:\/\/zavod-parnas.org\/w\/poprtnik-v-ribnici\/img_2588\/\" class=\"wp-image-7475\" srcset=\"http:\/\/zavod-parnas.org\/w\/wp-content\/uploads\/2021\/11\/IMG_2588-630x840.jpg 630w, http:\/\/zavod-parnas.org\/w\/wp-content\/uploads\/2021\/11\/IMG_2588-225x300.jpg 225w, http:\/\/zavod-parnas.org\/w\/wp-content\/uploads\/2021\/11\/IMG_2588-252x336.jpg 252w, http:\/\/zavod-parnas.org\/w\/wp-content\/uploads\/2021\/11\/IMG_2588-1152x1536.jpg 1152w, http:\/\/zavod-parnas.org\/w\/wp-content\/uploads\/2021\/11\/IMG_2588-rotated.jpg 1512w\" sizes=\"(max-width: 630px) 100vw, 630px\" \/><\/figure><\/li><li class=\"blocks-gallery-item\"><figure><img loading=\"lazy\" decoding=\"async\" width=\"630\" height=\"473\" src=\"http:\/\/zavod-parnas.org\/w\/wp-content\/uploads\/2021\/11\/IMG_2574-630x473.jpg\" alt=\"\" data-id=\"7472\" data-full-url=\"http:\/\/zavod-parnas.org\/w\/wp-content\/uploads\/2021\/11\/IMG_2574.jpg\" data-link=\"http:\/\/zavod-parnas.org\/w\/poprtnik-v-ribnici\/img_2574\/\" class=\"wp-image-7472\" srcset=\"http:\/\/zavod-parnas.org\/w\/wp-content\/uploads\/2021\/11\/IMG_2574-630x473.jpg 630w, http:\/\/zavod-parnas.org\/w\/wp-content\/uploads\/2021\/11\/IMG_2574-300x225.jpg 300w, http:\/\/zavod-parnas.org\/w\/wp-content\/uploads\/2021\/11\/IMG_2574-252x189.jpg 252w, http:\/\/zavod-parnas.org\/w\/wp-content\/uploads\/2021\/11\/IMG_2574-1536x1152.jpg 1536w, http:\/\/zavod-parnas.org\/w\/wp-content\/uploads\/2021\/11\/IMG_2574.jpg 2016w\" sizes=\"(max-width: 630px) 100vw, 630px\" \/><figcaption class=\"blocks-gallery-item__caption\">Predstavitev protokolarnega darila ribni\u0161kemu \u017eupanu<\/figcaption><\/figure><\/li><\/ul><\/figure>\n\n\n\n<p>V aktivnosti projekta <a href=\"http:\/\/zavod-parnas.org\/w\/projekt-bozic-z-okusom\/\">Bo\u017ei\u010d z okusom<\/a> (Zavod Parnas, 2021) so nosilke iz Ribnice pripravile <strong>poprtnik kot protokolarno darilo<\/strong> &#8211; okra\u0161en poprtnik iz slanega testa je name\u0161\u010den na ro\u010dno izdelanem prti\u010du, lesenem kro\u017eniku in kartonski \u0161katli z obe\u0161anko (v slovenski ali angle\u0161ki verziji). Zamislila si ga je in izdelala  <strong>Marinka Vesel<\/strong>,  ga skupaj z vodjo projekta Metko Stari\u010d predstavila \u017eupanu Samu Ogorelcu in podarila kulturnemu ministru dr. Vasku Simonitiju ob njegovem obisku v Rokodelskem centru Ribnica. <\/p>\n\n\n\n<p>Kontakt: marinkica.vesel@gmail.com<\/p>\n\n\n\n<figure class=\"wp-block-gallery columns-2 is-cropped wp-block-gallery-2 is-layout-flex wp-block-gallery-is-layout-flex\"><ul class=\"blocks-gallery-grid\"><li class=\"blocks-gallery-item\"><figure><img loading=\"lazy\" decoding=\"async\" width=\"1024\" height=\"768\" src=\"http:\/\/zavod-parnas.org\/w\/wp-content\/uploads\/2016\/10\/DSC_5671-1024x768.jpg\" alt=\"\" data-id=\"1779\" data-full-url=\"http:\/\/zavod-parnas.org\/w\/wp-content\/uploads\/2016\/10\/DSC_5671.jpg\" data-link=\"http:\/\/zavod-parnas.org\/w\/posvet-nosilcev-dediscine-ob-dekd-2016-povezal\/dsc_5671\/\" class=\"wp-image-1779\" srcset=\"http:\/\/zavod-parnas.org\/w\/wp-content\/uploads\/2016\/10\/DSC_5671-1024x768.jpg 1024w, http:\/\/zavod-parnas.org\/w\/wp-content\/uploads\/2016\/10\/DSC_5671-252x189.jpg 252w, http:\/\/zavod-parnas.org\/w\/wp-content\/uploads\/2016\/10\/DSC_5671-300x225.jpg 300w, http:\/\/zavod-parnas.org\/w\/wp-content\/uploads\/2016\/10\/DSC_5671.jpg 1600w\" sizes=\"(max-width: 1024px) 100vw, 1024px\" \/><figcaption class=\"blocks-gallery-item__caption\">Sabina Zgonec iz Slemen pe\u010de brezglutenski poprtnik<\/figcaption><\/figure><\/li><li class=\"blocks-gallery-item\"><figure><img loading=\"lazy\" decoding=\"async\" width=\"480\" height=\"360\" src=\"http:\/\/zavod-parnas.org\/w\/wp-content\/uploads\/2016\/10\/DSCN9913-klara-in-ANka-Novak-v-SEM-2014.jpg\" alt=\"\" data-id=\"1881\" data-full-url=\"http:\/\/zavod-parnas.org\/w\/wp-content\/uploads\/2016\/10\/DSCN9913-klara-in-ANka-Novak-v-SEM-2014.jpg\" data-link=\"http:\/\/zavod-parnas.org\/w\/dscn9913-klara-in-anka-novak-v-sem-2014\/\" class=\"wp-image-1881\" srcset=\"http:\/\/zavod-parnas.org\/w\/wp-content\/uploads\/2016\/10\/DSCN9913-klara-in-ANka-Novak-v-SEM-2014.jpg 480w, http:\/\/zavod-parnas.org\/w\/wp-content\/uploads\/2016\/10\/DSCN9913-klara-in-ANka-Novak-v-SEM-2014-252x189.jpg 252w, http:\/\/zavod-parnas.org\/w\/wp-content\/uploads\/2016\/10\/DSCN9913-klara-in-ANka-Novak-v-SEM-2014-300x225.jpg 300w\" sizes=\"(max-width: 480px) 100vw, 480px\" \/><figcaption class=\"blocks-gallery-item__caption\">Klara Debeljak v pogovoru z etnologinjo Anko Novak<\/figcaption><\/figure><\/li><li class=\"blocks-gallery-item\"><figure><img loading=\"lazy\" decoding=\"async\" width=\"630\" height=\"473\" src=\"http:\/\/zavod-parnas.org\/w\/wp-content\/uploads\/2017\/01\/02-jan_Slika-029-foto-dragica-630x473.jpg\" alt=\"\" data-id=\"2813\" data-full-url=\"http:\/\/zavod-parnas.org\/w\/wp-content\/uploads\/2017\/01\/02-jan_Slika-029-foto-dragica.jpg\" data-link=\"http:\/\/zavod-parnas.org\/w\/poprtnik2016\/02-jan_slika-029-foto-dragica\/\" class=\"wp-image-2813\" srcset=\"http:\/\/zavod-parnas.org\/w\/wp-content\/uploads\/2017\/01\/02-jan_Slika-029-foto-dragica-630x473.jpg 630w, http:\/\/zavod-parnas.org\/w\/wp-content\/uploads\/2017\/01\/02-jan_Slika-029-foto-dragica-252x189.jpg 252w, http:\/\/zavod-parnas.org\/w\/wp-content\/uploads\/2017\/01\/02-jan_Slika-029-foto-dragica-300x225.jpg 300w, http:\/\/zavod-parnas.org\/w\/wp-content\/uploads\/2017\/01\/02-jan_Slika-029-foto-dragica.jpg 1600w\" sizes=\"(max-width: 630px) 100vw, 630px\" \/><figcaption class=\"blocks-gallery-item__caption\">Obisk nosilk v Dr\u017eavnem zboru jan 2016<\/figcaption><\/figure><\/li><\/ul><\/figure>\n","protected":false},"excerpt":{"rendered":"<p>Nesnovna dedi\u0161\u010dina: Priprava poprtnikov Nosilec izro\u010dila: Skupina gospodinj iz Ribni\u0161ke dolineSkupino v Registru nesnovne kulturne dedi\u0161\u010dine zastopa Marinka Vesel. Dokumentarni [&hellip;]<\/p>\n","protected":false},"author":2,"featured_media":0,"parent":0,"menu_order":0,"comment_status":"closed","ping_status":"closed","template":"","meta":{"site-sidebar-layout":"default","site-content-layout":"","ast-site-content-layout":"default","site-content-style":"default","site-sidebar-style":"default","ast-global-header-display":"","ast-banner-title-visibility":"","ast-main-header-display":"","ast-hfb-above-header-display":"","ast-hfb-below-header-display":"","ast-hfb-mobile-header-display":"","site-post-title":"","ast-breadcrumbs-content":"","ast-featured-img":"","footer-sml-layout":"","theme-transparent-header-meta":"","adv-header-id-meta":"","stick-header-meta":"","header-above-stick-meta":"","header-main-stick-meta":"","header-below-stick-meta":"","astra-migrate-meta-layouts":"default","ast-page-background-enabled":"default","ast-page-background-meta":{"desktop":{"background-color":"var(--ast-global-color-5)","background-image":"","background-repeat":"repeat","background-position":"center center","background-size":"auto","background-attachment":"scroll","background-type":"","background-media":"","overlay-type":"","overlay-color":"","overlay-opacity":"","overlay-gradient":""},"tablet":{"background-color":"","background-image":"","background-repeat":"repeat","background-position":"center center","background-size":"auto","background-attachment":"scroll","background-type":"","background-media":"","overlay-type":"","overlay-color":"","overlay-opacity":"","overlay-gradient":""},"mobile":{"background-color":"","background-image":"","background-repeat":"repeat","background-position":"center center","background-size":"auto","background-attachment":"scroll","background-type":"","background-media":"","overlay-type":"","overlay-color":"","overlay-opacity":"","overlay-gradient":""}},"ast-content-background-meta":{"desktop":{"background-color":"var(--ast-global-color-4)","background-image":"","background-repeat":"repeat","background-position":"center center","background-size":"auto","background-attachment":"scroll","background-type":"","background-media":"","overlay-type":"","overlay-color":"","overlay-opacity":"","overlay-gradient":""},"tablet":{"background-color":"var(--ast-global-color-4)","background-image":"","background-repeat":"repeat","background-position":"center center","background-size":"auto","background-attachment":"scroll","background-type":"","background-media":"","overlay-type":"","overlay-color":"","overlay-opacity":"","overlay-gradient":""},"mobile":{"background-color":"var(--ast-global-color-4)","background-image":"","background-repeat":"repeat","background-position":"center center","background-size":"auto","background-attachment":"scroll","background-type":"","background-media":"","overlay-type":"","overlay-color":"","overlay-opacity":"","overlay-gradient":""}},"footnotes":""},"class_list":["post-7468","page","type-page","status-publish","hentry"],"_links":{"self":[{"href":"http:\/\/zavod-parnas.org\/w\/wp-json\/wp\/v2\/pages\/7468","targetHints":{"allow":["GET"]}}],"collection":[{"href":"http:\/\/zavod-parnas.org\/w\/wp-json\/wp\/v2\/pages"}],"about":[{"href":"http:\/\/zavod-parnas.org\/w\/wp-json\/wp\/v2\/types\/page"}],"author":[{"embeddable":true,"href":"http:\/\/zavod-parnas.org\/w\/wp-json\/wp\/v2\/users\/2"}],"replies":[{"embeddable":true,"href":"http:\/\/zavod-parnas.org\/w\/wp-json\/wp\/v2\/comments?post=7468"}],"version-history":[{"count":6,"href":"http:\/\/zavod-parnas.org\/w\/wp-json\/wp\/v2\/pages\/7468\/revisions"}],"predecessor-version":[{"id":8875,"href":"http:\/\/zavod-parnas.org\/w\/wp-json\/wp\/v2\/pages\/7468\/revisions\/8875"}],"wp:attachment":[{"href":"http:\/\/zavod-parnas.org\/w\/wp-json\/wp\/v2\/media?parent=7468"}],"curies":[{"name":"wp","href":"https:\/\/api.w.org\/{rel}","templated":true}]}}