{"id":7415,"date":"2021-11-13T13:55:07","date_gmt":"2021-11-13T12:55:07","guid":{"rendered":"http:\/\/zavod-parnas.org\/w\/?page_id=7415"},"modified":"2021-11-24T08:59:08","modified_gmt":"2021-11-24T07:59:08","slug":"poprtnik-na-blokah","status":"publish","type":"page","link":"http:\/\/zavod-parnas.org\/w\/poprtnik-na-blokah\/","title":{"rendered":"\u017dupnek z Blok"},"content":{"rendered":"\n<p>Nesnovna dedi\u0161\u010dina:&nbsp;<a href=\"http:\/\/www.nesnovnadediscina.si\/sl\/priprava-poprtnikov\">Priprava poprtnikov<\/a><br>Nosilec izro\u010dila:&nbsp;<strong>Skupina gospodinj z Blok<\/strong><br>Skupino v Registru nesnovne kulturne dedi\u0161\u010dine zastopa Ana Paki\u017e.<br>Koordinacija aktivnosti: Marija Jakopin, Matej Paki\u017e.  <br>Kontakt: Matej Paki\u017e (matejpak@yahoo.com, 031 326 158)<\/p>\n\n\n\n<p>Skupino podpirata&nbsp;<strong>Turisti\u010dno dru\u0161tvo Bloke<\/strong> (predsednik Matej Paki\u017e) in <strong>Ob\u010dina Bloke.<\/strong><\/p>\n\n\n\n<figure class=\"wp-block-embed is-type-video is-provider-youtube wp-block-embed-youtube wp-embed-aspect-16-9 wp-has-aspect-ratio\"><div class=\"wp-block-embed__wrapper\">\n<div class=\"ast-oembed-container \" style=\"height: 100%;\"><iframe title=\"BLOKE Bo\u017ei\u010d z okusom\" width=\"500\" height=\"281\" src=\"https:\/\/www.youtube.com\/embed\/c4pq5v-A9LU?feature=oembed\" frameborder=\"0\" allow=\"accelerometer; autoplay; clipboard-write; encrypted-media; gyroscope; picture-in-picture; web-share\" referrerpolicy=\"strict-origin-when-cross-origin\" allowfullscreen><\/iframe><\/div>\n<\/div><\/figure>\n\n\n\n<p>ZGODBA: Na Blokah pravijo, da imajo devet mesecev mraz in tri mesece zimo. Zato je tudi peka \u017eupneka povezana z zakurjeno kme\u010dko pe\u010djo, ki jo morajo napolniti bukova drva, da se tudi \u017eupnek in pitke v njej lepo spe\u010dejo. Marija Jakopin z grebljo razgrebe \u017eerjavico in ko ogenj \u0161e malo pojenja, z loparjem porine kru\u0161ne mojstrovine v pe\u010d. Blo\u0161ki \u017eupnek Marija okrasi s kito, napisom IHS, \u0161tirimi pitkami, ki ji predstavljajo \u0161tiri letne \u010dase, ki &#8220;nam vsak po svoje ponudi svoje darove.&#8221; Pitke izdela na prav poseben na\u010din iz dvojnega svaljka, jim oblikuje kljun\u010dek, nare\u017ee \u0161e greben\u010dek in rep ter iz popra oblikuje o\u010di. Otroci, ki jim Marija poka\u017ee, kako se dela poprtnik na Blokah, pa so najbolj veseli pitk in \u010daja na pe\u010di. \u010ceprav so nekateri med njimi \u017ee najstniki, ki ves \u010das s telefonom v roki spremljajo svet okrog sebe. Na svojem potepu po Blokah nam spotoma predstavijo \u0161e dve zanimivosti: Blo\u0161ko jezero in &#8220;muzej&#8221; blo\u0161kega smu\u010darja. <\/p>\n\n\n\n<p>Videorazglednica Bo\u017ei\u010d z okusom BLOKE smo posneli v sodelovanju z nosilkami izro\u010dila priprave poprtnikov z Blok in Turisti\u010dnim dru\u0161tvom Bloke. <\/p>\n\n\n\n<p>Nastopajo: Marija Jakopin in otroci ( \u017dana Troha, Bor \u010cerne, Jo\u0161t Troha, Matev\u017e Mihel\u010di\u010d, Jure Mihel\u010di\u010d) <\/p>\n\n\n\n<p>Scenarij: Marija Jakopin, Matej Paki\u017e, Metka Stari\u010d in Rok Bor\u0161tnik <\/p>\n\n\n\n<p>Re\u017eija, snemanje in monta\u017ea: Rok Bor\u0161tnik, Experience d.o.o. <\/p>\n\n\n\n<p>Produkcija: Zavod Parnas, Velike La\u0161\u010de Nastalo v projektu Bo\u017ei\u010d z okusom, ki ga sofinancira Ministrstvo za kulturo. November, 2021.<\/p>\n\n\n\n<figure class=\"wp-block-gallery columns-2 is-cropped wp-block-gallery-1 is-layout-flex wp-block-gallery-is-layout-flex\"><ul class=\"blocks-gallery-grid\"><li class=\"blocks-gallery-item\"><figure><img fetchpriority=\"high\" decoding=\"async\" width=\"630\" height=\"840\" src=\"http:\/\/zavod-parnas.org\/w\/wp-content\/uploads\/2021\/11\/IMG_2011-630x840.jpg\" alt=\"\" data-id=\"7422\" data-full-url=\"http:\/\/zavod-parnas.org\/w\/wp-content\/uploads\/2021\/11\/IMG_2011-rotated.jpg\" data-link=\"http:\/\/zavod-parnas.org\/w\/poprtnik-na-blokah\/img_2011\/\" class=\"wp-image-7422\" srcset=\"http:\/\/zavod-parnas.org\/w\/wp-content\/uploads\/2021\/11\/IMG_2011-630x840.jpg 630w, http:\/\/zavod-parnas.org\/w\/wp-content\/uploads\/2021\/11\/IMG_2011-225x300.jpg 225w, http:\/\/zavod-parnas.org\/w\/wp-content\/uploads\/2021\/11\/IMG_2011-252x336.jpg 252w, http:\/\/zavod-parnas.org\/w\/wp-content\/uploads\/2021\/11\/IMG_2011-1152x1536.jpg 1152w, http:\/\/zavod-parnas.org\/w\/wp-content\/uploads\/2021\/11\/IMG_2011-rotated.jpg 1512w\" sizes=\"(max-width: 630px) 100vw, 630px\" \/><figcaption class=\"blocks-gallery-item__caption\">Matej Paki\u017e prina\u0161a \u017eupnek za razstavo<\/figcaption><\/figure><\/li><li class=\"blocks-gallery-item\"><figure><img decoding=\"async\" width=\"630\" height=\"840\" src=\"http:\/\/zavod-parnas.org\/w\/wp-content\/uploads\/2021\/11\/IMG_2019-630x840.jpg\" alt=\"\" data-id=\"7423\" data-full-url=\"http:\/\/zavod-parnas.org\/w\/wp-content\/uploads\/2021\/11\/IMG_2019-rotated.jpg\" data-link=\"http:\/\/zavod-parnas.org\/w\/poprtnik-na-blokah\/img_2019\/\" class=\"wp-image-7423\" srcset=\"http:\/\/zavod-parnas.org\/w\/wp-content\/uploads\/2021\/11\/IMG_2019-630x840.jpg 630w, http:\/\/zavod-parnas.org\/w\/wp-content\/uploads\/2021\/11\/IMG_2019-225x300.jpg 225w, http:\/\/zavod-parnas.org\/w\/wp-content\/uploads\/2021\/11\/IMG_2019-252x336.jpg 252w, http:\/\/zavod-parnas.org\/w\/wp-content\/uploads\/2021\/11\/IMG_2019-1152x1536.jpg 1152w, http:\/\/zavod-parnas.org\/w\/wp-content\/uploads\/2021\/11\/IMG_2019-rotated.jpg 1512w\" sizes=\"(max-width: 630px) 100vw, 630px\" \/><figcaption class=\"blocks-gallery-item__caption\">Na razstavi v Velikih La\u0161\u010dah<\/figcaption><\/figure><\/li><li class=\"blocks-gallery-item\"><figure><img decoding=\"async\" width=\"630\" height=\"840\" src=\"http:\/\/zavod-parnas.org\/w\/wp-content\/uploads\/2021\/11\/IMG_2021-630x840.jpg\" alt=\"\" data-id=\"7424\" data-full-url=\"http:\/\/zavod-parnas.org\/w\/wp-content\/uploads\/2021\/11\/IMG_2021.jpg\" data-link=\"http:\/\/zavod-parnas.org\/w\/poprtnik-na-blokah\/img_2021\/\" class=\"wp-image-7424\" srcset=\"http:\/\/zavod-parnas.org\/w\/wp-content\/uploads\/2021\/11\/IMG_2021-630x840.jpg 630w, http:\/\/zavod-parnas.org\/w\/wp-content\/uploads\/2021\/11\/IMG_2021-225x300.jpg 225w, http:\/\/zavod-parnas.org\/w\/wp-content\/uploads\/2021\/11\/IMG_2021-252x336.jpg 252w, http:\/\/zavod-parnas.org\/w\/wp-content\/uploads\/2021\/11\/IMG_2021.jpg 1008w\" sizes=\"(max-width: 630px) 100vw, 630px\" \/><figcaption class=\"blocks-gallery-item__caption\">Detajli z razstave<\/figcaption><\/figure><\/li><li class=\"blocks-gallery-item\"><figure><img loading=\"lazy\" decoding=\"async\" width=\"630\" height=\"473\" src=\"http:\/\/zavod-parnas.org\/w\/wp-content\/uploads\/2021\/11\/IMG_2765-630x473.jpg\" alt=\"\" data-id=\"7428\" data-full-url=\"http:\/\/zavod-parnas.org\/w\/wp-content\/uploads\/2021\/11\/IMG_2765.jpg\" data-link=\"http:\/\/zavod-parnas.org\/w\/poprtnik-na-blokah\/img_2765\/\" class=\"wp-image-7428\" srcset=\"http:\/\/zavod-parnas.org\/w\/wp-content\/uploads\/2021\/11\/IMG_2765-630x473.jpg 630w, http:\/\/zavod-parnas.org\/w\/wp-content\/uploads\/2021\/11\/IMG_2765-300x225.jpg 300w, http:\/\/zavod-parnas.org\/w\/wp-content\/uploads\/2021\/11\/IMG_2765-252x189.jpg 252w, http:\/\/zavod-parnas.org\/w\/wp-content\/uploads\/2021\/11\/IMG_2765-1536x1152.jpg 1536w, http:\/\/zavod-parnas.org\/w\/wp-content\/uploads\/2021\/11\/IMG_2765.jpg 2016w\" sizes=\"(max-width: 630px) 100vw, 630px\" \/><figcaption class=\"blocks-gallery-item__caption\">Blo\u0161ki \u017eupnek in pitke<\/figcaption><\/figure><\/li><li class=\"blocks-gallery-item\"><figure><img loading=\"lazy\" decoding=\"async\" width=\"630\" height=\"473\" src=\"http:\/\/zavod-parnas.org\/w\/wp-content\/uploads\/2021\/11\/IMG_2709-630x473.jpg\" alt=\"\" data-id=\"7426\" data-full-url=\"http:\/\/zavod-parnas.org\/w\/wp-content\/uploads\/2021\/11\/IMG_2709.jpg\" data-link=\"http:\/\/zavod-parnas.org\/w\/poprtnik-na-blokah\/img_2709\/\" class=\"wp-image-7426\" srcset=\"http:\/\/zavod-parnas.org\/w\/wp-content\/uploads\/2021\/11\/IMG_2709-630x473.jpg 630w, http:\/\/zavod-parnas.org\/w\/wp-content\/uploads\/2021\/11\/IMG_2709-300x225.jpg 300w, http:\/\/zavod-parnas.org\/w\/wp-content\/uploads\/2021\/11\/IMG_2709-252x189.jpg 252w, http:\/\/zavod-parnas.org\/w\/wp-content\/uploads\/2021\/11\/IMG_2709-1536x1152.jpg 1536w, http:\/\/zavod-parnas.org\/w\/wp-content\/uploads\/2021\/11\/IMG_2709.jpg 2016w\" sizes=\"(max-width: 630px) 100vw, 630px\" \/><figcaption class=\"blocks-gallery-item__caption\">Blo\u0161ki \u017eupnek<\/figcaption><\/figure><\/li><li class=\"blocks-gallery-item\"><figure><img loading=\"lazy\" decoding=\"async\" width=\"630\" height=\"473\" src=\"http:\/\/zavod-parnas.org\/w\/wp-content\/uploads\/2021\/11\/IMG_2711-630x473.jpg\" alt=\"\" data-id=\"7427\" data-full-url=\"http:\/\/zavod-parnas.org\/w\/wp-content\/uploads\/2021\/11\/IMG_2711.jpg\" data-link=\"http:\/\/zavod-parnas.org\/w\/poprtnik-na-blokah\/img_2711\/\" class=\"wp-image-7427\" srcset=\"http:\/\/zavod-parnas.org\/w\/wp-content\/uploads\/2021\/11\/IMG_2711-630x473.jpg 630w, http:\/\/zavod-parnas.org\/w\/wp-content\/uploads\/2021\/11\/IMG_2711-300x225.jpg 300w, http:\/\/zavod-parnas.org\/w\/wp-content\/uploads\/2021\/11\/IMG_2711-252x189.jpg 252w, http:\/\/zavod-parnas.org\/w\/wp-content\/uploads\/2021\/11\/IMG_2711-1536x1152.jpg 1536w, http:\/\/zavod-parnas.org\/w\/wp-content\/uploads\/2021\/11\/IMG_2711.jpg 2016w\" sizes=\"(max-width: 630px) 100vw, 630px\" \/><figcaption class=\"blocks-gallery-item__caption\">Preden gre v pe\u010d, ga prema\u017ee<\/figcaption><\/figure><\/li><li class=\"blocks-gallery-item\"><figure><img loading=\"lazy\" decoding=\"async\" width=\"630\" height=\"473\" src=\"http:\/\/zavod-parnas.org\/w\/wp-content\/uploads\/2021\/11\/IMG_2670-630x473.jpg\" alt=\"\" data-id=\"7425\" data-full-url=\"http:\/\/zavod-parnas.org\/w\/wp-content\/uploads\/2021\/11\/IMG_2670.jpg\" data-link=\"http:\/\/zavod-parnas.org\/w\/poprtnik-na-blokah\/img_2670\/\" class=\"wp-image-7425\" srcset=\"http:\/\/zavod-parnas.org\/w\/wp-content\/uploads\/2021\/11\/IMG_2670-630x473.jpg 630w, http:\/\/zavod-parnas.org\/w\/wp-content\/uploads\/2021\/11\/IMG_2670-300x225.jpg 300w, http:\/\/zavod-parnas.org\/w\/wp-content\/uploads\/2021\/11\/IMG_2670-252x189.jpg 252w, http:\/\/zavod-parnas.org\/w\/wp-content\/uploads\/2021\/11\/IMG_2670-1536x1152.jpg 1536w, http:\/\/zavod-parnas.org\/w\/wp-content\/uploads\/2021\/11\/IMG_2670.jpg 2016w\" sizes=\"(max-width: 630px) 100vw, 630px\" \/><figcaption class=\"blocks-gallery-item__caption\">Prenos na mlaj\u0161e<\/figcaption><\/figure><\/li><\/ul><\/figure>\n","protected":false},"excerpt":{"rendered":"<p>Nesnovna dedi\u0161\u010dina:&nbsp;Priprava poprtnikovNosilec izro\u010dila:&nbsp;Skupina gospodinj z BlokSkupino v Registru nesnovne kulturne dedi\u0161\u010dine zastopa Ana Paki\u017e.Koordinacija aktivnosti: Marija Jakopin, Matej Paki\u017e. [&hellip;]<\/p>\n","protected":false},"author":2,"featured_media":0,"parent":0,"menu_order":0,"comment_status":"closed","ping_status":"closed","template":"","meta":{"site-sidebar-layout":"default","site-content-layout":"","ast-site-content-layout":"default","site-content-style":"default","site-sidebar-style":"default","ast-global-header-display":"","ast-banner-title-visibility":"","ast-main-header-display":"","ast-hfb-above-header-display":"","ast-hfb-below-header-display":"","ast-hfb-mobile-header-display":"","site-post-title":"","ast-breadcrumbs-content":"","ast-featured-img":"","footer-sml-layout":"","theme-transparent-header-meta":"","adv-header-id-meta":"","stick-header-meta":"","header-above-stick-meta":"","header-main-stick-meta":"","header-below-stick-meta":"","astra-migrate-meta-layouts":"default","ast-page-background-enabled":"default","ast-page-background-meta":{"desktop":{"background-color":"var(--ast-global-color-5)","background-image":"","background-repeat":"repeat","background-position":"center center","background-size":"auto","background-attachment":"scroll","background-type":"","background-media":"","overlay-type":"","overlay-color":"","overlay-opacity":"","overlay-gradient":""},"tablet":{"background-color":"","background-image":"","background-repeat":"repeat","background-position":"center center","background-size":"auto","background-attachment":"scroll","background-type":"","background-media":"","overlay-type":"","overlay-color":"","overlay-opacity":"","overlay-gradient":""},"mobile":{"background-color":"","background-image":"","background-repeat":"repeat","background-position":"center center","background-size":"auto","background-attachment":"scroll","background-type":"","background-media":"","overlay-type":"","overlay-color":"","overlay-opacity":"","overlay-gradient":""}},"ast-content-background-meta":{"desktop":{"background-color":"var(--ast-global-color-4)","background-image":"","background-repeat":"repeat","background-position":"center center","background-size":"auto","background-attachment":"scroll","background-type":"","background-media":"","overlay-type":"","overlay-color":"","overlay-opacity":"","overlay-gradient":""},"tablet":{"background-color":"var(--ast-global-color-4)","background-image":"","background-repeat":"repeat","background-position":"center center","background-size":"auto","background-attachment":"scroll","background-type":"","background-media":"","overlay-type":"","overlay-color":"","overlay-opacity":"","overlay-gradient":""},"mobile":{"background-color":"var(--ast-global-color-4)","background-image":"","background-repeat":"repeat","background-position":"center center","background-size":"auto","background-attachment":"scroll","background-type":"","background-media":"","overlay-type":"","overlay-color":"","overlay-opacity":"","overlay-gradient":""}},"footnotes":""},"class_list":["post-7415","page","type-page","status-publish","hentry"],"_links":{"self":[{"href":"http:\/\/zavod-parnas.org\/w\/wp-json\/wp\/v2\/pages\/7415","targetHints":{"allow":["GET"]}}],"collection":[{"href":"http:\/\/zavod-parnas.org\/w\/wp-json\/wp\/v2\/pages"}],"about":[{"href":"http:\/\/zavod-parnas.org\/w\/wp-json\/wp\/v2\/types\/page"}],"author":[{"embeddable":true,"href":"http:\/\/zavod-parnas.org\/w\/wp-json\/wp\/v2\/users\/2"}],"replies":[{"embeddable":true,"href":"http:\/\/zavod-parnas.org\/w\/wp-json\/wp\/v2\/comments?post=7415"}],"version-history":[{"count":6,"href":"http:\/\/zavod-parnas.org\/w\/wp-json\/wp\/v2\/pages\/7415\/revisions"}],"predecessor-version":[{"id":7526,"href":"http:\/\/zavod-parnas.org\/w\/wp-json\/wp\/v2\/pages\/7415\/revisions\/7526"}],"wp:attachment":[{"href":"http:\/\/zavod-parnas.org\/w\/wp-json\/wp\/v2\/media?parent=7415"}],"curies":[{"name":"wp","href":"https:\/\/api.w.org\/{rel}","templated":true}]}}