{"id":7410,"date":"2021-11-07T17:07:15","date_gmt":"2021-11-07T16:07:15","guid":{"rendered":"http:\/\/zavod-parnas.org\/w\/?page_id=7410"},"modified":"2026-01-11T10:02:46","modified_gmt":"2026-01-11T09:02:46","slug":"poprtnik-v-dobrepolju","status":"publish","type":"page","link":"http:\/\/zavod-parnas.org\/w\/poprtnik-v-dobrepolju\/","title":{"rendered":"Poprtnik v Dobrepolju"},"content":{"rendered":"\n<p>Nesnovna dedi\u0161\u010dina:&nbsp;<a href=\"http:\/\/www.nesnovnadediscina.si\/sl\/priprava-poprtnikov\">Priprava poprtnikov<\/a><br>Nosilec izro\u010dila: <strong>Skupina gospodinj iz velikola\u0161kih krajev in Dobrepolja<\/strong><br>Skupino zastopa Majda Tekavec.<\/p>\n\n\n\n<p>Skupina zajema gospodinje iz obeh ob\u010din (preko 100), v Dobrepolju vsebine pripravljajo nosilke izro\u010dila samostojno ali pod okriljem <strong>Dru\u0161tva pode\u017eelskih \u017eena Dobrepolje-Struge<\/strong>. Pri aktivnostih nas podpira <strong>Ob\u010dina Dobrepolje<\/strong>.<\/p>\n\n\n\n<figure class=\"wp-block-image size-large\"><img fetchpriority=\"high\" decoding=\"async\" width=\"630\" height=\"613\" src=\"http:\/\/zavod-parnas.org\/w\/wp-content\/uploads\/2021\/11\/pano_dobrepolje-630x613.png\" alt=\"\" class=\"wp-image-7411\" srcset=\"http:\/\/zavod-parnas.org\/w\/wp-content\/uploads\/2021\/11\/pano_dobrepolje-630x613.png 630w, http:\/\/zavod-parnas.org\/w\/wp-content\/uploads\/2021\/11\/pano_dobrepolje-300x292.png 300w, http:\/\/zavod-parnas.org\/w\/wp-content\/uploads\/2021\/11\/pano_dobrepolje-252x245.png 252w, http:\/\/zavod-parnas.org\/w\/wp-content\/uploads\/2021\/11\/pano_dobrepolje.png 893w\" sizes=\"(max-width: 630px) 100vw, 630px\" \/><\/figure>\n\n\n\n<p>Nosilci izro\u010dila iz Dobrepolja so v dogovoru z Ob\u010dino Dobrepolje pripravili stenski pano za ob\u010dinske prostore, ki v slovensko\/angle\u0161ki razli\u010dici sporo\u010da o pomenu prenosa znanj in ve\u0161\u010din priprave poprtnika na mlade.<br>Sofinanciralo: Ministrstvo za kulturo, november 2021 <\/p>\n\n\n\n<blockquote class=\"wp-block-quote is-layout-flow wp-block-quote-is-layout-flow\">\n<p>V Dobrepolju je priprava bo\u017ei\u010dnega kruha poprtnika \u0161e vedno \u017eiva. Ob\u010dina Dobrepolje je podprla pobudo nosilk izro\u010dila v projektu Bo\u017ei\u010d z okusom, da v Jakli\u010dev dom na Vidmu umestijo stenski pano, ki govori o pomenu prenosa tega izro\u010dila na mlade. Ves \u010das \u010dezmejnega festivala bo\u017ei\u010dnega kruha mu bodo dru\u017ebo simboli\u010dno delali trije poprtniki \u2013 prvi po predlogi Toneta Ljubi\u010da iz leta 1939, drugi je spe\u010den po dana\u0161nji maniri, tretjega so pomagali oblikovati otroci iz vrtca v Dobrepolju.<\/p>\n<\/blockquote>\n\n\n\n<p>Zavod Parnas spodbuja in povezuje aktivnosti nosilk tudi v Dobrepolju. <strong>Beti Lunder<\/strong> iz Dobrepolja je urednica strani POPRTNIK na socialnem omre\u017eju Facebook, ki povezuje aktivnosti vseh skupin v \u010dasu \u010dezmejnega Festivala bo\u017ei\u010dnega kruha. Za potrebe promocije poprtnika v Sloveniji se vedno odzove <strong>Nada Lunder<\/strong> (promocijska kampanja Okusimo Slovenijo, sodelovanje s Slovenskim etnografskim muzejem &#8230;)<\/p>\n\n\n\n<p><strong>DP\u017d Dobrepolje-Struge<\/strong> v sodelovanju z Zvezo kmetic Slovenije in Ob\u010dino Dobrepolje vsako leto organizira ocenjevanje in razstavo poprtnikov. <br>Ve\u010d info: DP\u017d Dobrepolje-Struge<\/p>\n\n\n\n<p><\/p>\n\n\n\n<figure class=\"wp-block-gallery has-nested-images columns-default is-cropped wp-block-gallery-1 is-layout-flex wp-block-gallery-is-layout-flex\">\n<figure class=\"wp-block-image size-large\"><img decoding=\"async\" width=\"630\" height=\"528\" data-id=\"6198\" src=\"https:\/\/zavod-parnas.org\/w\/wp-content\/uploads\/2020\/12\/dobrepolje-Nada-Lunder-630x528.jpg\" alt=\"\" class=\"wp-image-6198\" srcset=\"http:\/\/zavod-parnas.org\/w\/wp-content\/uploads\/2020\/12\/dobrepolje-Nada-Lunder-630x528.jpg 630w, http:\/\/zavod-parnas.org\/w\/wp-content\/uploads\/2020\/12\/dobrepolje-Nada-Lunder-300x251.jpg 300w, http:\/\/zavod-parnas.org\/w\/wp-content\/uploads\/2020\/12\/dobrepolje-Nada-Lunder-252x211.jpg 252w, http:\/\/zavod-parnas.org\/w\/wp-content\/uploads\/2020\/12\/dobrepolje-Nada-Lunder.jpg 960w\" sizes=\"(max-width: 630px) 100vw, 630px\" \/><\/figure>\n\n\n\n<figure class=\"wp-block-image size-large\"><img decoding=\"async\" width=\"630\" height=\"838\" data-id=\"4616\" src=\"https:\/\/zavod-parnas.org\/w\/wp-content\/uploads\/2018\/11\/1-2018-11-15-11.41.53-630x838.jpg\" alt=\"\" class=\"wp-image-4616\" srcset=\"http:\/\/zavod-parnas.org\/w\/wp-content\/uploads\/2018\/11\/1-2018-11-15-11.41.53-630x838.jpg 630w, http:\/\/zavod-parnas.org\/w\/wp-content\/uploads\/2018\/11\/1-2018-11-15-11.41.53-252x335.jpg 252w, http:\/\/zavod-parnas.org\/w\/wp-content\/uploads\/2018\/11\/1-2018-11-15-11.41.53-226x300.jpg 226w, http:\/\/zavod-parnas.org\/w\/wp-content\/uploads\/2018\/11\/1-2018-11-15-11.41.53.jpg 902w\" sizes=\"(max-width: 630px) 100vw, 630px\" \/><\/figure>\n\n\n\n<figure class=\"wp-block-image size-large\"><img loading=\"lazy\" decoding=\"async\" width=\"630\" height=\"473\" data-id=\"4486\" src=\"https:\/\/zavod-parnas.org\/w\/wp-content\/uploads\/2018\/10\/1-2018-09-30-16.36.41-630x473.jpg\" alt=\"\" class=\"wp-image-4486\" srcset=\"http:\/\/zavod-parnas.org\/w\/wp-content\/uploads\/2018\/10\/1-2018-09-30-16.36.41-630x473.jpg 630w, http:\/\/zavod-parnas.org\/w\/wp-content\/uploads\/2018\/10\/1-2018-09-30-16.36.41-252x189.jpg 252w, http:\/\/zavod-parnas.org\/w\/wp-content\/uploads\/2018\/10\/1-2018-09-30-16.36.41-300x225.jpg 300w, http:\/\/zavod-parnas.org\/w\/wp-content\/uploads\/2018\/10\/1-2018-09-30-16.36.41.jpg 1200w\" sizes=\"(max-width: 630px) 100vw, 630px\" \/><\/figure>\n\n\n\n<figure class=\"wp-block-image size-large\"><img loading=\"lazy\" decoding=\"async\" width=\"630\" height=\"473\" data-id=\"3819\" src=\"https:\/\/zavod-parnas.org\/w\/wp-content\/uploads\/2018\/02\/1-IMG_8195-630x473.jpg\" alt=\"\" class=\"wp-image-3819\" srcset=\"http:\/\/zavod-parnas.org\/w\/wp-content\/uploads\/2018\/02\/1-IMG_8195-630x473.jpg 630w, http:\/\/zavod-parnas.org\/w\/wp-content\/uploads\/2018\/02\/1-IMG_8195-252x189.jpg 252w, http:\/\/zavod-parnas.org\/w\/wp-content\/uploads\/2018\/02\/1-IMG_8195-300x225.jpg 300w, http:\/\/zavod-parnas.org\/w\/wp-content\/uploads\/2018\/02\/1-IMG_8195.jpg 1600w\" sizes=\"(max-width: 630px) 100vw, 630px\" \/><\/figure>\n\n\n\n<figure class=\"wp-block-image size-large\"><img loading=\"lazy\" decoding=\"async\" width=\"630\" height=\"473\" data-id=\"3815\" src=\"https:\/\/zavod-parnas.org\/w\/wp-content\/uploads\/2018\/02\/1-IMG_8174-630x473.jpg\" alt=\"\" class=\"wp-image-3815\" srcset=\"http:\/\/zavod-parnas.org\/w\/wp-content\/uploads\/2018\/02\/1-IMG_8174-630x473.jpg 630w, http:\/\/zavod-parnas.org\/w\/wp-content\/uploads\/2018\/02\/1-IMG_8174-252x189.jpg 252w, http:\/\/zavod-parnas.org\/w\/wp-content\/uploads\/2018\/02\/1-IMG_8174-300x225.jpg 300w, http:\/\/zavod-parnas.org\/w\/wp-content\/uploads\/2018\/02\/1-IMG_8174.jpg 1600w\" sizes=\"(max-width: 630px) 100vw, 630px\" \/><\/figure>\n\n\n\n<figure class=\"wp-block-image size-large\"><img loading=\"lazy\" decoding=\"async\" width=\"630\" height=\"473\" data-id=\"2824\" src=\"https:\/\/zavod-parnas.org\/w\/wp-content\/uploads\/2017\/01\/09-dolsko-DSCN9660-630x473.jpg\" alt=\"\" class=\"wp-image-2824\" srcset=\"http:\/\/zavod-parnas.org\/w\/wp-content\/uploads\/2017\/01\/09-dolsko-DSCN9660-630x473.jpg 630w, http:\/\/zavod-parnas.org\/w\/wp-content\/uploads\/2017\/01\/09-dolsko-DSCN9660-252x189.jpg 252w, http:\/\/zavod-parnas.org\/w\/wp-content\/uploads\/2017\/01\/09-dolsko-DSCN9660-300x225.jpg 300w, http:\/\/zavod-parnas.org\/w\/wp-content\/uploads\/2017\/01\/09-dolsko-DSCN9660.jpg 1600w\" sizes=\"(max-width: 630px) 100vw, 630px\" \/><figcaption class=\"wp-element-caption\">Na delavnici v Dolskem<\/figcaption><\/figure>\n\n\n\n<figure class=\"wp-block-image size-large\"><img loading=\"lazy\" decoding=\"async\" width=\"1024\" height=\"767\" data-id=\"2151\" src=\"https:\/\/zavod-parnas.org\/w\/wp-content\/uploads\/2016\/12\/DSCN9702-1024x767.jpg\" alt=\"\" class=\"wp-image-2151\" srcset=\"http:\/\/zavod-parnas.org\/w\/wp-content\/uploads\/2016\/12\/DSCN9702-1024x767.jpg 1024w, http:\/\/zavod-parnas.org\/w\/wp-content\/uploads\/2016\/12\/DSCN9702-252x189.jpg 252w, http:\/\/zavod-parnas.org\/w\/wp-content\/uploads\/2016\/12\/DSCN9702-300x225.jpg 300w, http:\/\/zavod-parnas.org\/w\/wp-content\/uploads\/2016\/12\/DSCN9702.jpg 1600w\" sizes=\"(max-width: 1024px) 100vw, 1024px\" \/><figcaption class=\"wp-element-caption\">Parnasova ekipa ob razstavi v Dolskem<\/figcaption><\/figure>\n\n\n\n<figure class=\"wp-block-image size-large\"><img loading=\"lazy\" decoding=\"async\" width=\"1024\" height=\"768\" data-id=\"2145\" src=\"https:\/\/zavod-parnas.org\/w\/wp-content\/uploads\/2016\/12\/DSCN9661-1024x768.jpg\" alt=\"\" class=\"wp-image-2145\" srcset=\"http:\/\/zavod-parnas.org\/w\/wp-content\/uploads\/2016\/12\/DSCN9661-1024x768.jpg 1024w, http:\/\/zavod-parnas.org\/w\/wp-content\/uploads\/2016\/12\/DSCN9661-252x189.jpg 252w, http:\/\/zavod-parnas.org\/w\/wp-content\/uploads\/2016\/12\/DSCN9661-300x225.jpg 300w, http:\/\/zavod-parnas.org\/w\/wp-content\/uploads\/2016\/12\/DSCN9661.jpg 1600w\" sizes=\"(max-width: 1024px) 100vw, 1024px\" \/><figcaption class=\"wp-element-caption\">Nada razlaga o dobrepoljskih okraskih<\/figcaption><\/figure>\n\n\n\n<figure class=\"wp-block-image size-large\"><img loading=\"lazy\" decoding=\"async\" width=\"1024\" height=\"769\" data-id=\"2102\" src=\"https:\/\/zavod-parnas.org\/w\/wp-content\/uploads\/2016\/11\/IMG_3309-003-1024x769.jpg\" alt=\"\" class=\"wp-image-2102\" srcset=\"http:\/\/zavod-parnas.org\/w\/wp-content\/uploads\/2016\/11\/IMG_3309-003-1024x769.jpg 1024w, http:\/\/zavod-parnas.org\/w\/wp-content\/uploads\/2016\/11\/IMG_3309-003-252x189.jpg 252w, http:\/\/zavod-parnas.org\/w\/wp-content\/uploads\/2016\/11\/IMG_3309-003-300x225.jpg 300w, http:\/\/zavod-parnas.org\/w\/wp-content\/uploads\/2016\/11\/IMG_3309-003.jpg 1217w\" sizes=\"(max-width: 1024px) 100vw, 1024px\" \/><\/figure>\n\n\n\n<figure class=\"wp-block-image size-large\"><img loading=\"lazy\" decoding=\"async\" width=\"1024\" height=\"576\" data-id=\"2093\" src=\"https:\/\/zavod-parnas.org\/w\/wp-content\/uploads\/2016\/11\/poprtnik-nada-beti-1024x576.jpg\" alt=\"\" class=\"wp-image-2093\" srcset=\"http:\/\/zavod-parnas.org\/w\/wp-content\/uploads\/2016\/11\/poprtnik-nada-beti-1024x576.jpg 1024w, http:\/\/zavod-parnas.org\/w\/wp-content\/uploads\/2016\/11\/poprtnik-nada-beti-252x142.jpg 252w, http:\/\/zavod-parnas.org\/w\/wp-content\/uploads\/2016\/11\/poprtnik-nada-beti-300x169.jpg 300w, http:\/\/zavod-parnas.org\/w\/wp-content\/uploads\/2016\/11\/poprtnik-nada-beti.jpg 1280w\" sizes=\"(max-width: 1024px) 100vw, 1024px\" \/><\/figure>\n\n\n\n<figure class=\"wp-block-image size-large\"><img loading=\"lazy\" decoding=\"async\" width=\"640\" height=\"480\" data-id=\"1971\" src=\"https:\/\/zavod-parnas.org\/w\/wp-content\/uploads\/2016\/11\/image008-001.jpg\" alt=\"\" class=\"wp-image-1971\" srcset=\"http:\/\/zavod-parnas.org\/w\/wp-content\/uploads\/2016\/11\/image008-001.jpg 640w, http:\/\/zavod-parnas.org\/w\/wp-content\/uploads\/2016\/11\/image008-001-252x189.jpg 252w, http:\/\/zavod-parnas.org\/w\/wp-content\/uploads\/2016\/11\/image008-001-300x225.jpg 300w\" sizes=\"(max-width: 640px) 100vw, 640px\" \/><\/figure>\n\n\n\n<figure class=\"wp-block-image size-large\"><img loading=\"lazy\" decoding=\"async\" width=\"480\" height=\"317\" data-id=\"1894\" src=\"https:\/\/zavod-parnas.org\/w\/wp-content\/uploads\/2016\/10\/IMG_3417-DPZ-Dobrepolje-struge-foto-II.jpg\" alt=\"\" class=\"wp-image-1894\" srcset=\"http:\/\/zavod-parnas.org\/w\/wp-content\/uploads\/2016\/10\/IMG_3417-DPZ-Dobrepolje-struge-foto-II.jpg 480w, http:\/\/zavod-parnas.org\/w\/wp-content\/uploads\/2016\/10\/IMG_3417-DPZ-Dobrepolje-struge-foto-II-252x166.jpg 252w, http:\/\/zavod-parnas.org\/w\/wp-content\/uploads\/2016\/10\/IMG_3417-DPZ-Dobrepolje-struge-foto-II-300x198.jpg 300w\" sizes=\"(max-width: 480px) 100vw, 480px\" \/><\/figure>\n\n\n\n<figure class=\"wp-block-image size-large\"><img loading=\"lazy\" decoding=\"async\" width=\"480\" height=\"360\" data-id=\"1872\" src=\"https:\/\/zavod-parnas.org\/w\/wp-content\/uploads\/2016\/10\/DSCN4993-drzavna-razstava-2015-komisija-pri-delu.jpg\" alt=\"\" class=\"wp-image-1872\" srcset=\"http:\/\/zavod-parnas.org\/w\/wp-content\/uploads\/2016\/10\/DSCN4993-drzavna-razstava-2015-komisija-pri-delu.jpg 480w, http:\/\/zavod-parnas.org\/w\/wp-content\/uploads\/2016\/10\/DSCN4993-drzavna-razstava-2015-komisija-pri-delu-252x189.jpg 252w, http:\/\/zavod-parnas.org\/w\/wp-content\/uploads\/2016\/10\/DSCN4993-drzavna-razstava-2015-komisija-pri-delu-300x225.jpg 300w\" sizes=\"(max-width: 480px) 100vw, 480px\" \/><\/figure>\n\n\n\n<figure class=\"wp-block-image size-large\"><img loading=\"lazy\" decoding=\"async\" width=\"480\" height=\"322\" data-id=\"1855\" src=\"https:\/\/zavod-parnas.org\/w\/wp-content\/uploads\/2016\/10\/DSC_0157-dobrepolje-razstava-2014.jpg\" alt=\"\" class=\"wp-image-1855\" srcset=\"http:\/\/zavod-parnas.org\/w\/wp-content\/uploads\/2016\/10\/DSC_0157-dobrepolje-razstava-2014.jpg 480w, http:\/\/zavod-parnas.org\/w\/wp-content\/uploads\/2016\/10\/DSC_0157-dobrepolje-razstava-2014-252x169.jpg 252w, http:\/\/zavod-parnas.org\/w\/wp-content\/uploads\/2016\/10\/DSC_0157-dobrepolje-razstava-2014-300x201.jpg 300w\" sizes=\"(max-width: 480px) 100vw, 480px\" \/><\/figure>\n\n\n\n<figure class=\"wp-block-image size-large\"><img loading=\"lazy\" decoding=\"async\" width=\"480\" height=\"322\" data-id=\"1851\" src=\"https:\/\/zavod-parnas.org\/w\/wp-content\/uploads\/2016\/10\/DSC_0137-dr.-kuhar-in-ANka-Novak.jpg\" alt=\"\" class=\"wp-image-1851\" srcset=\"http:\/\/zavod-parnas.org\/w\/wp-content\/uploads\/2016\/10\/DSC_0137-dr.-kuhar-in-ANka-Novak.jpg 480w, http:\/\/zavod-parnas.org\/w\/wp-content\/uploads\/2016\/10\/DSC_0137-dr.-kuhar-in-ANka-Novak-252x169.jpg 252w, http:\/\/zavod-parnas.org\/w\/wp-content\/uploads\/2016\/10\/DSC_0137-dr.-kuhar-in-ANka-Novak-300x201.jpg 300w\" sizes=\"(max-width: 480px) 100vw, 480px\" \/><\/figure>\n<\/figure>\n","protected":false},"excerpt":{"rendered":"<p>Nesnovna dedi\u0161\u010dina:&nbsp;Priprava poprtnikovNosilec izro\u010dila: Skupina gospodinj iz velikola\u0161kih krajev in DobrepoljaSkupino zastopa Majda Tekavec. Skupina zajema gospodinje iz obeh ob\u010din [&hellip;]<\/p>\n","protected":false},"author":2,"featured_media":0,"parent":0,"menu_order":0,"comment_status":"closed","ping_status":"closed","template":"","meta":{"site-sidebar-layout":"default","site-content-layout":"","ast-site-content-layout":"default","site-content-style":"default","site-sidebar-style":"default","ast-global-header-display":"","ast-banner-title-visibility":"","ast-main-header-display":"","ast-hfb-above-header-display":"","ast-hfb-below-header-display":"","ast-hfb-mobile-header-display":"","site-post-title":"","ast-breadcrumbs-content":"","ast-featured-img":"","footer-sml-layout":"","theme-transparent-header-meta":"","adv-header-id-meta":"","stick-header-meta":"","header-above-stick-meta":"","header-main-stick-meta":"","header-below-stick-meta":"","astra-migrate-meta-layouts":"default","ast-page-background-enabled":"default","ast-page-background-meta":{"desktop":{"background-color":"var(--ast-global-color-5)","background-image":"","background-repeat":"repeat","background-position":"center center","background-size":"auto","background-attachment":"scroll","background-type":"","background-media":"","overlay-type":"","overlay-color":"","overlay-opacity":"","overlay-gradient":""},"tablet":{"background-color":"","background-image":"","background-repeat":"repeat","background-position":"center center","background-size":"auto","background-attachment":"scroll","background-type":"","background-media":"","overlay-type":"","overlay-color":"","overlay-opacity":"","overlay-gradient":""},"mobile":{"background-color":"","background-image":"","background-repeat":"repeat","background-position":"center center","background-size":"auto","background-attachment":"scroll","background-type":"","background-media":"","overlay-type":"","overlay-color":"","overlay-opacity":"","overlay-gradient":""}},"ast-content-background-meta":{"desktop":{"background-color":"var(--ast-global-color-4)","background-image":"","background-repeat":"repeat","background-position":"center center","background-size":"auto","background-attachment":"scroll","background-type":"","background-media":"","overlay-type":"","overlay-color":"","overlay-opacity":"","overlay-gradient":""},"tablet":{"background-color":"var(--ast-global-color-4)","background-image":"","background-repeat":"repeat","background-position":"center center","background-size":"auto","background-attachment":"scroll","background-type":"","background-media":"","overlay-type":"","overlay-color":"","overlay-opacity":"","overlay-gradient":""},"mobile":{"background-color":"var(--ast-global-color-4)","background-image":"","background-repeat":"repeat","background-position":"center center","background-size":"auto","background-attachment":"scroll","background-type":"","background-media":"","overlay-type":"","overlay-color":"","overlay-opacity":"","overlay-gradient":""}},"footnotes":""},"class_list":["post-7410","page","type-page","status-publish","hentry"],"_links":{"self":[{"href":"http:\/\/zavod-parnas.org\/w\/wp-json\/wp\/v2\/pages\/7410","targetHints":{"allow":["GET"]}}],"collection":[{"href":"http:\/\/zavod-parnas.org\/w\/wp-json\/wp\/v2\/pages"}],"about":[{"href":"http:\/\/zavod-parnas.org\/w\/wp-json\/wp\/v2\/types\/page"}],"author":[{"embeddable":true,"href":"http:\/\/zavod-parnas.org\/w\/wp-json\/wp\/v2\/users\/2"}],"replies":[{"embeddable":true,"href":"http:\/\/zavod-parnas.org\/w\/wp-json\/wp\/v2\/comments?post=7410"}],"version-history":[{"count":4,"href":"http:\/\/zavod-parnas.org\/w\/wp-json\/wp\/v2\/pages\/7410\/revisions"}],"predecessor-version":[{"id":12564,"href":"http:\/\/zavod-parnas.org\/w\/wp-json\/wp\/v2\/pages\/7410\/revisions\/12564"}],"wp:attachment":[{"href":"http:\/\/zavod-parnas.org\/w\/wp-json\/wp\/v2\/media?parent=7410"}],"curies":[{"name":"wp","href":"https:\/\/api.w.org\/{rel}","templated":true}]}}