{"id":7381,"date":"2021-11-07T14:56:39","date_gmt":"2021-11-07T13:56:39","guid":{"rendered":"http:\/\/zavod-parnas.org\/w\/?page_id=7381"},"modified":"2021-11-29T09:24:24","modified_gmt":"2021-11-29T08:24:24","slug":"poprtnik-na-svibnem","status":"publish","type":"page","link":"http:\/\/zavod-parnas.org\/w\/poprtnik-na-svibnem\/","title":{"rendered":"Poprtnik na Svibnem"},"content":{"rendered":"\n<p>Nesnovna dedi\u0161\u010dina:&nbsp;<a href=\"http:\/\/www.nesnovnadediscina.si\/sl\/priprava-poprtnikov\">Priprava poprtnikov<\/a><br>Nosilec izro\u010dila: <strong>Skupina gospodinj s Svibnega in iz okolice Rade\u010d<\/strong><br>Skupino zastopa Marjana Dolin\u0161ek.<\/p>\n\n\n\n<p>Skupina vsebine pripravlja pod okriljem razli\u010dnih organizacij: <strong>Dru\u0161tva Kme\u010dkih \u017eena Arnika<\/strong>. Pri aktivnostih jih podpirata <strong>Ob\u010dina Rade\u010de in Javni zavod Rade\u010de<\/strong>. Sodelujejo pri razli\u010dnih \u010dezmejnih in evropskih projektih.<\/p>\n\n\n\n<figure class=\"wp-block-embed is-type-video is-provider-youtube wp-block-embed-youtube wp-embed-aspect-16-9 wp-has-aspect-ratio\"><div class=\"wp-block-embed__wrapper\">\n<div class=\"ast-oembed-container \" style=\"height: 100%;\"><iframe title=\"SVIBNO Bo\u017ei\u010d z okusom HD\" width=\"500\" height=\"281\" src=\"https:\/\/www.youtube.com\/embed\/yo_VdSdKIME?feature=oembed\" frameborder=\"0\" allow=\"accelerometer; autoplay; clipboard-write; encrypted-media; gyroscope; picture-in-picture; web-share\" referrerpolicy=\"strict-origin-when-cross-origin\" allowfullscreen><\/iframe><\/div>\n<\/div><\/figure>\n\n\n\n<p>VSEBINA: Na Svibnem nosilke izro\u010dila poprtnike uspe\u0161no vklju\u010dujejo v turisti\u010dno ponudbo. Obiskovalce sprejmejo Ostrovrharjeve gospodinje (DK\u017d Arnike), zaple\u0161e folklorna skupina, ki jo sestavljajo vsi otroci P\u0160 Svibno s harmonikarjem Matijo, pridru\u017eijjo se jim vitezi &#8211; celo sam Herman Celjski. POgled na ru\u0161evine gradu Svibno po novem uokviri interpretacijsko okno. Na Svibnem je \u0161e vedno \u017eiva \u0161ega skakanja za poprtnikom, kdor sko\u010di vi\u0161je, bo bolj zrasel. Nosilka izro\u010dila Nada Bervar skupaj z osnovno\u0161olkama Moniko in Ano okrasi svibenski poprtnik &#8211; napravijo sukano kito in jo polo\u017eijo kot kri\u017e, ki razdeli poprtnik na \u0161tiri dele. \u0160tirje pti\u010dki predstavljajo \u0161tiri letne \u010dase. Preden ga razre\u017ee, gospodinja poprtnik z no\u017eem prekri\u017ea &#8211; blagoslovi.<\/p>\n\n\n\n<p>Nastopajo: <br>Marjana Dolin\u0161ek, Nada Bervar, Beti Ferle, nosilke izro\u010dila Monika Novak, Ana Kmeti\u010d, otroci Podru\u017eni\u010dne \u0161ole Svibno in harmonikar Matija Lazar viteza Ostrovrharja: Toni Kaji\u010d in Franci Gros. <br><br>Scenarij: Marjana Dolin\u0161ek, DK\u017d Arnike, Metka Stari\u010d in Rok Bor\u0161tnik <br>Re\u017eija, snemanje in monta\u017ea: Rok Bor\u0161tnik, Experience d.o.o.<br>Producentka: Metka Stari\u010d<br>Izvedba: Zavod Parnas, november 2021.<br>Sofinanciralo Ministrstvo za kulturo v projektu Bo\u017ei\u010d z okusom.<\/p>\n\n\n\n<p><strong>Sodelovanje v \u010dezmejnem Festivalu bo\u017ei\u010dnega kruha:<\/strong><br>blagoslov poprtnikov v cerkvi<br>delavnice za P\u0160 Svibno in odrasle<\/p>\n\n\n\n<p>Kontakt: Marjana Dolin\u0161ek<\/p>\n\n\n\n<p>GALERIJA s Svibnega:<\/p>\n\n\n\n<p>Blagoslov poprtnikov na Svibnem 2020 &#8211; organizacija DK\u017d Arnika <br>(kamera in monta\u017ea: Jo\u017ee Senega\u010dnik)<\/p>\n\n\n\n<figure class=\"wp-block-embed is-type-video is-provider-youtube wp-block-embed-youtube wp-embed-aspect-16-9 wp-has-aspect-ratio\"><div class=\"wp-block-embed__wrapper\">\n<div class=\"ast-oembed-container \" style=\"height: 100%;\"><iframe title=\"Blagoslov poprtnikov v Svibnem 5.1.2020\" width=\"500\" height=\"281\" src=\"https:\/\/www.youtube.com\/embed\/jdu-Wblhd_o?feature=oembed\" frameborder=\"0\" allow=\"accelerometer; autoplay; clipboard-write; encrypted-media; gyroscope; picture-in-picture; web-share\" referrerpolicy=\"strict-origin-when-cross-origin\" allowfullscreen><\/iframe><\/div>\n<\/div><\/figure>\n\n\n\n<p><\/p>\n","protected":false},"excerpt":{"rendered":"<p>Nesnovna dedi\u0161\u010dina:&nbsp;Priprava poprtnikovNosilec izro\u010dila: Skupina gospodinj s Svibnega in iz okolice Rade\u010dSkupino zastopa Marjana Dolin\u0161ek. Skupina vsebine pripravlja pod okriljem [&hellip;]<\/p>\n","protected":false},"author":2,"featured_media":0,"parent":0,"menu_order":0,"comment_status":"closed","ping_status":"closed","template":"","meta":{"site-sidebar-layout":"default","site-content-layout":"","ast-site-content-layout":"default","site-content-style":"default","site-sidebar-style":"default","ast-global-header-display":"","ast-banner-title-visibility":"","ast-main-header-display":"","ast-hfb-above-header-display":"","ast-hfb-below-header-display":"","ast-hfb-mobile-header-display":"","site-post-title":"","ast-breadcrumbs-content":"","ast-featured-img":"","footer-sml-layout":"","theme-transparent-header-meta":"","adv-header-id-meta":"","stick-header-meta":"","header-above-stick-meta":"","header-main-stick-meta":"","header-below-stick-meta":"","astra-migrate-meta-layouts":"default","ast-page-background-enabled":"default","ast-page-background-meta":{"desktop":{"background-color":"var(--ast-global-color-5)","background-image":"","background-repeat":"repeat","background-position":"center center","background-size":"auto","background-attachment":"scroll","background-type":"","background-media":"","overlay-type":"","overlay-color":"","overlay-opacity":"","overlay-gradient":""},"tablet":{"background-color":"","background-image":"","background-repeat":"repeat","background-position":"center center","background-size":"auto","background-attachment":"scroll","background-type":"","background-media":"","overlay-type":"","overlay-color":"","overlay-opacity":"","overlay-gradient":""},"mobile":{"background-color":"","background-image":"","background-repeat":"repeat","background-position":"center center","background-size":"auto","background-attachment":"scroll","background-type":"","background-media":"","overlay-type":"","overlay-color":"","overlay-opacity":"","overlay-gradient":""}},"ast-content-background-meta":{"desktop":{"background-color":"var(--ast-global-color-4)","background-image":"","background-repeat":"repeat","background-position":"center center","background-size":"auto","background-attachment":"scroll","background-type":"","background-media":"","overlay-type":"","overlay-color":"","overlay-opacity":"","overlay-gradient":""},"tablet":{"background-color":"var(--ast-global-color-4)","background-image":"","background-repeat":"repeat","background-position":"center center","background-size":"auto","background-attachment":"scroll","background-type":"","background-media":"","overlay-type":"","overlay-color":"","overlay-opacity":"","overlay-gradient":""},"mobile":{"background-color":"var(--ast-global-color-4)","background-image":"","background-repeat":"repeat","background-position":"center center","background-size":"auto","background-attachment":"scroll","background-type":"","background-media":"","overlay-type":"","overlay-color":"","overlay-opacity":"","overlay-gradient":""}},"footnotes":""},"class_list":["post-7381","page","type-page","status-publish","hentry"],"_links":{"self":[{"href":"http:\/\/zavod-parnas.org\/w\/wp-json\/wp\/v2\/pages\/7381","targetHints":{"allow":["GET"]}}],"collection":[{"href":"http:\/\/zavod-parnas.org\/w\/wp-json\/wp\/v2\/pages"}],"about":[{"href":"http:\/\/zavod-parnas.org\/w\/wp-json\/wp\/v2\/types\/page"}],"author":[{"embeddable":true,"href":"http:\/\/zavod-parnas.org\/w\/wp-json\/wp\/v2\/users\/2"}],"replies":[{"embeddable":true,"href":"http:\/\/zavod-parnas.org\/w\/wp-json\/wp\/v2\/comments?post=7381"}],"version-history":[{"count":3,"href":"http:\/\/zavod-parnas.org\/w\/wp-json\/wp\/v2\/pages\/7381\/revisions"}],"predecessor-version":[{"id":7550,"href":"http:\/\/zavod-parnas.org\/w\/wp-json\/wp\/v2\/pages\/7381\/revisions\/7550"}],"wp:attachment":[{"href":"http:\/\/zavod-parnas.org\/w\/wp-json\/wp\/v2\/media?parent=7381"}],"curies":[{"name":"wp","href":"https:\/\/api.w.org\/{rel}","templated":true}]}}