{"id":7353,"date":"2021-11-07T10:42:42","date_gmt":"2021-11-07T09:42:42","guid":{"rendered":"http:\/\/zavod-parnas.org\/w\/?page_id=7353"},"modified":"2025-11-12T15:07:17","modified_gmt":"2025-11-12T14:07:17","slug":"poprtnik-v-velikih-lascah","status":"publish","type":"page","link":"http:\/\/zavod-parnas.org\/w\/poprtnik-v-velikih-lascah\/","title":{"rendered":"Poprtnik v velikola\u0161kih krajih"},"content":{"rendered":"\n<p class=\"has-text-align-left\">Nesnovna dedi\u0161\u010dina:&nbsp;<a href=\"http:\/\/www.nesnovnadediscina.si\/sl\/priprava-poprtnikov\">Priprava poprtnikov<\/a><br>Nosilec izro\u010dila: <strong>Skupina gospodinj iz velikola\u0161kih krajev in Dobrepolja<\/strong><br>Skupino v Registru zastopa Majda Tekavec. <br><br>Koordinacija aktivnosti:<br>&#8211; <strong>Dru\u0161tvo pode\u017eelskih \u017eena Velike La\u0161\u010de<\/strong> (Magdalena Peterlin) <br>&#8211; <strong>KUD Rob &#8211; \u010dajanke <\/strong>(Majda Tekavec) <br>&#8211; <strong>Dru\u0161tvo za ohranjanje dedi\u0161\u010dine<\/strong> (Jo\u017eica Zabukovec, dod@gradez.si) <br>&#8211; <strong>Zavod Parnas<\/strong> (Milka Debeljak, Metka Stari\u010d &#8211; info@zavod-parnas.org)<br>&#8211; glej tudi: <a href=\"http:\/\/zavod-parnas.org\/poprtnik-v-dobrepolju\/\">poprtnik v Dobrepolju<\/a><\/p>\n\n\n\n<p>Aktivnosti podpirata <strong>Ob\u010dina Velike La\u0161\u010de in Javni zavod Trubarjevi kraji<\/strong>. <\/p>\n\n\n\n<figure class=\"wp-block-image alignright is-style-rounded\"><img decoding=\"async\" width=\"252\" height=\"110\" src=\"http:\/\/zavod-parnas.org\/w\/wp-content\/uploads\/2019\/12\/cropped-FBKlogo2aa-252x110.jpg\" alt=\"\" class=\"wp-image-5185\" srcset=\"http:\/\/zavod-parnas.org\/w\/wp-content\/uploads\/2019\/12\/cropped-FBKlogo2aa-252x110.jpg 252w, http:\/\/zavod-parnas.org\/w\/wp-content\/uploads\/2019\/12\/cropped-FBKlogo2aa-300x131.jpg 300w, http:\/\/zavod-parnas.org\/w\/wp-content\/uploads\/2019\/12\/cropped-FBKlogo2aa-630x276.jpg 630w, http:\/\/zavod-parnas.org\/w\/wp-content\/uploads\/2019\/12\/cropped-FBKlogo2aa.jpg 1772w\" sizes=\"(max-width: 252px) 100vw, 252px\" \/><\/figure>\n\n\n\n<p class=\"has-medium-font-size\"><strong>Festival bo\u017ei\u010dnega kruha v Velikih La\u0161\u010dah <\/strong><\/p>\n\n\n\n<p>(december)<br>organizira Ob\u010dina Velike La\u0161\u010de v sodelovanju z Javnim zavodom Trubarjevi kraji in s krajevnimi odbori, dru\u0161tvi, organizacijami in podjetniki. <em>Predstavlja odmevnej\u0161i kulinari\u010dni festival na \u010dezmejni kulinari\u010dni  transverzali U\u017dIVAM TRADICIJO od Panonije do Jadrana (zasnovan je bil preko projekta U\u017eivam tradicijo &#8211; Interreg SI-HR).<\/em><\/p>\n\n\n\n<figure class=\"wp-block-embed is-type-video is-provider-youtube wp-block-embed-youtube wp-embed-aspect-16-9 wp-has-aspect-ratio\"><div class=\"wp-block-embed__wrapper\">\n<div class=\"ast-oembed-container \" style=\"height: 100%;\"><iframe title=\"GRADE\u017d Sporo\u010dila poprtnika 2022\" width=\"500\" height=\"281\" src=\"https:\/\/www.youtube.com\/embed\/QsN4MEUoLJs?feature=oembed\" frameborder=\"0\" allow=\"accelerometer; autoplay; clipboard-write; encrypted-media; gyroscope; picture-in-picture; web-share\" referrerpolicy=\"strict-origin-when-cross-origin\" allowfullscreen><\/iframe><\/div>\n<\/div><\/figure>\n\n\n\n<p>Poprtnik v velikola\u0161kih krajih in Dobrepolju (2013)<\/p>\n\n\n\n<figure class=\"wp-block-embed is-type-video is-provider-youtube wp-block-embed-youtube wp-embed-aspect-16-9 wp-has-aspect-ratio\"><div class=\"wp-block-embed__wrapper\">\n<div class=\"ast-oembed-container \" style=\"height: 100%;\"><iframe title=\"Poprtnik VELIKOLA\u0160KI KRAJI IN DOBREPOLJE 2013\" width=\"500\" height=\"281\" src=\"https:\/\/www.youtube.com\/embed\/Q5TFS-RnC5M?feature=oembed\" frameborder=\"0\" allow=\"accelerometer; autoplay; clipboard-write; encrypted-media; gyroscope; picture-in-picture; web-share\" referrerpolicy=\"strict-origin-when-cross-origin\" allowfullscreen><\/iframe><\/div>\n<\/div><\/figure>\n\n\n\n<p>Angle\u0161ka verzija<\/p>\n\n\n\n<figure class=\"wp-block-embed is-type-video is-provider-youtube wp-block-embed-youtube wp-embed-aspect-16-9 wp-has-aspect-ratio\"><div class=\"wp-block-embed__wrapper\">\n<div class=\"ast-oembed-container \" style=\"height: 100%;\"><iframe title=\"Poprtnik Bread in Velike Lasce and Dobrepolje 2013\" width=\"500\" height=\"281\" src=\"https:\/\/www.youtube.com\/embed\/5WUrxAcUBmk?feature=oembed\" frameborder=\"0\" allow=\"accelerometer; autoplay; clipboard-write; encrypted-media; gyroscope; picture-in-picture; web-share\" referrerpolicy=\"strict-origin-when-cross-origin\" allowfullscreen><\/iframe><\/div>\n<\/div><\/figure>\n\n\n\n<p><strong>Kulinari\u010dni sprehodi po Velikih La\u0161\u010dah <\/strong>(Zavod Parnas s sodelavci)<br>sobota, 10.12. in 17.12. 2022 &#8211; zbiramo PRIJAVE <br>Vsebine se vsako leto spreminjajo. <\/p>\n\n\n\n<figure class=\"wp-block-embed is-type-video is-provider-youtube wp-block-embed-youtube wp-embed-aspect-16-9 wp-has-aspect-ratio\"><div class=\"wp-block-embed__wrapper\">\n<div class=\"ast-oembed-container \" style=\"height: 100%;\"><iframe title=\"Sobotni kulinari\u010dni sprehod - Festival bo\u017ei\u010dnega kruha v Velikih La\u0161\u010dah\" width=\"500\" height=\"281\" src=\"https:\/\/www.youtube.com\/embed\/Ai_OeIamn7o?feature=oembed\" frameborder=\"0\" allow=\"accelerometer; autoplay; clipboard-write; encrypted-media; gyroscope; picture-in-picture; web-share\" referrerpolicy=\"strict-origin-when-cross-origin\" allowfullscreen><\/iframe><\/div>\n<\/div><\/figure>\n\n\n\n<p><strong>Po poteh velikola\u0161kega obrednega kruha poprtnika &#8211; 6 urni program<\/strong><br>(v organizaciji TA Vitamia in Zavoda Parnas)<br>Za manj\u0161e skupine (10) po dogovoru &#8211; v ANG\/NEM\/\u0160PA\/RUS ali SLO jeziku.<br>Prijave: <a href=\"https:\/\/www.vitamia.si\/\">TA Vitamia<\/a><\/p>\n\n\n\n<figure class=\"wp-block-image size-large\"><img fetchpriority=\"high\" decoding=\"async\" width=\"630\" height=\"420\" src=\"http:\/\/zavod-parnas.org\/w\/wp-content\/uploads\/2022\/11\/JV-Velike_Las\u030cc\u030ce_045-\u2013-kopija-630x420.jpg\" alt=\"\" class=\"wp-image-8671\" srcset=\"http:\/\/zavod-parnas.org\/w\/wp-content\/uploads\/2022\/11\/JV-Velike_Las\u030cc\u030ce_045-\u2013-kopija-630x420.jpg 630w, http:\/\/zavod-parnas.org\/w\/wp-content\/uploads\/2022\/11\/JV-Velike_Las\u030cc\u030ce_045-\u2013-kopija-300x200.jpg 300w, http:\/\/zavod-parnas.org\/w\/wp-content\/uploads\/2022\/11\/JV-Velike_Las\u030cc\u030ce_045-\u2013-kopija-252x168.jpg 252w, http:\/\/zavod-parnas.org\/w\/wp-content\/uploads\/2022\/11\/JV-Velike_Las\u030cc\u030ce_045-\u2013-kopija-1536x1024.jpg 1536w, http:\/\/zavod-parnas.org\/w\/wp-content\/uploads\/2022\/11\/JV-Velike_Las\u030cc\u030ce_045-\u2013-kopija.jpg 1920w\" sizes=\"(max-width: 630px) 100vw, 630px\" \/><\/figure>\n\n\n\n<p>Kako se je pri\u010delo &#8230; Priprava poprtnikov z Majdo Tekavec v Parnasu v Robu (Miha Brkinja\u010d, 2013)<\/p>\n\n\n\n<figure class=\"wp-block-embed is-type-video is-provider-youtube wp-block-embed-youtube wp-embed-aspect-16-9 wp-has-aspect-ratio\"><div class=\"wp-block-embed__wrapper\">\n<div class=\"ast-oembed-container \" style=\"height: 100%;\"><iframe title=\"Delavnica priprave poprtnika v Robu\" width=\"500\" height=\"281\" src=\"https:\/\/www.youtube.com\/embed\/OKDGEHuQdos?feature=oembed\" frameborder=\"0\" allow=\"accelerometer; autoplay; clipboard-write; encrypted-media; gyroscope; picture-in-picture; web-share\" referrerpolicy=\"strict-origin-when-cross-origin\" allowfullscreen><\/iframe><\/div>\n<\/div><\/figure>\n\n\n\n<p><\/p>\n\n\n\n<p><strong>Pti\u010dkov lov na zaklad<\/strong>  (Tenis Cereja in Zavod PARNAS, 2019)<br>(dostopno z <a href=\"http:\/\/zavod-parnas.org\/w\/app-misja-dolina-2go\/\">aplikacijo Mi\u0161ja dolina 2GO<\/a> &#8211; prenovljeno v 2021) <br><span style=\"text-decoration: underline;\">NOVO v letu 2022<\/span>: <strong>Zaj\u010dkov lov<\/strong> (Tenis Cereja in Zavod Parnas, 2022) &#8211; kmalu!<\/p>\n\n\n\n<figure class=\"wp-block-embed is-type-video is-provider-youtube wp-block-embed-youtube wp-embed-aspect-16-9 wp-has-aspect-ratio\"><div class=\"wp-block-embed__wrapper\">\n<div class=\"ast-oembed-container \" style=\"height: 100%;\"><iframe title=\"Gremo v La\u0161\u010de - Pti\u010dkov lov na zaklad\" width=\"500\" height=\"281\" src=\"https:\/\/www.youtube.com\/embed\/mAEmYGS8PSk?feature=oembed\" frameborder=\"0\" allow=\"accelerometer; autoplay; clipboard-write; encrypted-media; gyroscope; picture-in-picture; web-share\" referrerpolicy=\"strict-origin-when-cross-origin\" allowfullscreen><\/iframe><\/div>\n<\/div><\/figure>\n\n\n\n<p><\/p>\n\n\n\n<figure class=\"wp-block-gallery has-nested-images columns-2 is-cropped wp-block-gallery-1 is-layout-flex wp-block-gallery-is-layout-flex\">\n<figure class=\"wp-block-image size-large\"><img decoding=\"async\" width=\"630\" height=\"473\" data-id=\"5138\" src=\"https:\/\/zavod-parnas.org\/w\/wp-content\/uploads\/2019\/11\/5povitica-630x473.jpg\" alt=\"\" class=\"wp-image-5138\" srcset=\"http:\/\/zavod-parnas.org\/w\/wp-content\/uploads\/2019\/11\/5povitica-630x473.jpg 630w, http:\/\/zavod-parnas.org\/w\/wp-content\/uploads\/2019\/11\/5povitica-252x189.jpg 252w, http:\/\/zavod-parnas.org\/w\/wp-content\/uploads\/2019\/11\/5povitica-300x225.jpg 300w, http:\/\/zavod-parnas.org\/w\/wp-content\/uploads\/2019\/11\/5povitica.jpg 1151w\" sizes=\"(max-width: 630px) 100vw, 630px\" \/><figcaption class=\"wp-element-caption\"> PROGRAM <a href=\"https:\/\/turizem.velike-lasce.si\/si\/obvestila\/136-festival-bozicnega-kruha-v-velikih-lascah-2020\">FESTIVAL bo\u017ei\u010dnega kruha<\/a><\/figcaption><\/figure>\n\n\n\n<figure class=\"wp-block-image size-large\"><img loading=\"lazy\" decoding=\"async\" width=\"630\" height=\"473\" data-id=\"6258\" src=\"https:\/\/zavod-parnas.org\/w\/wp-content\/uploads\/2020\/12\/kon\u010dna-podoba-razstave-za-bo\u017ei\u010dni-ve\u010der-2020-630x473.jpg\" alt=\"\" class=\"wp-image-6258\" srcset=\"http:\/\/zavod-parnas.org\/w\/wp-content\/uploads\/2020\/12\/kon\u010dna-podoba-razstave-za-bo\u017ei\u010dni-ve\u010der-2020-630x473.jpg 630w, http:\/\/zavod-parnas.org\/w\/wp-content\/uploads\/2020\/12\/kon\u010dna-podoba-razstave-za-bo\u017ei\u010dni-ve\u010der-2020-300x225.jpg 300w, http:\/\/zavod-parnas.org\/w\/wp-content\/uploads\/2020\/12\/kon\u010dna-podoba-razstave-za-bo\u017ei\u010dni-ve\u010der-2020-252x189.jpg 252w, http:\/\/zavod-parnas.org\/w\/wp-content\/uploads\/2020\/12\/kon\u010dna-podoba-razstave-za-bo\u017ei\u010dni-ve\u010der-2020-1536x1152.jpg 1536w, http:\/\/zavod-parnas.org\/w\/wp-content\/uploads\/2020\/12\/kon\u010dna-podoba-razstave-za-bo\u017ei\u010dni-ve\u010der-2020-2048x1536.jpg 2048w\" sizes=\"(max-width: 630px) 100vw, 630px\" \/><figcaption class=\"wp-element-caption\">RAZSTAVA <a href=\"http:\/\/zavod-parnas.org\/w\/razstava-o-poprtnikih-velike-lasce-5-12-6-1-2021\/\">virtualna razstava<\/a><\/figcaption><\/figure>\n\n\n\n<figure class=\"wp-block-image size-large\"><img loading=\"lazy\" decoding=\"async\" width=\"630\" height=\"448\" data-id=\"6191\" src=\"https:\/\/zavod-parnas.org\/w\/wp-content\/uploads\/2020\/12\/naslovka1-630x448.jpg\" alt=\"\" class=\"wp-image-6191\" srcset=\"http:\/\/zavod-parnas.org\/w\/wp-content\/uploads\/2020\/12\/naslovka1-630x448.jpg 630w, http:\/\/zavod-parnas.org\/w\/wp-content\/uploads\/2020\/12\/naslovka1-300x213.jpg 300w, http:\/\/zavod-parnas.org\/w\/wp-content\/uploads\/2020\/12\/naslovka1-252x179.jpg 252w, http:\/\/zavod-parnas.org\/w\/wp-content\/uploads\/2020\/12\/naslovka1-1536x1093.jpg 1536w, http:\/\/zavod-parnas.org\/w\/wp-content\/uploads\/2020\/12\/naslovka1.jpg 1626w\" sizes=\"(max-width: 630px) 100vw, 630px\" \/><figcaption class=\"wp-element-caption\">Z APLIKACIJO   <a href=\"http:\/\/zavod-parnas.org\/w\/misja-dolina-2go\/\">Pti\u010dkov lov na zaklad<\/a><\/figcaption><\/figure>\n\n\n\n<figure class=\"wp-block-image size-large\"><img loading=\"lazy\" decoding=\"async\" width=\"630\" height=\"628\" data-id=\"6131\" src=\"https:\/\/zavod-parnas.org\/w\/wp-content\/uploads\/2020\/10\/predloga-pti\u010dek-630x628.png\" alt=\"\" class=\"wp-image-6131\" srcset=\"http:\/\/zavod-parnas.org\/w\/wp-content\/uploads\/2020\/10\/predloga-pti\u010dek-630x628.png 630w, http:\/\/zavod-parnas.org\/w\/wp-content\/uploads\/2020\/10\/predloga-pti\u010dek-300x300.png 300w, http:\/\/zavod-parnas.org\/w\/wp-content\/uploads\/2020\/10\/predloga-pti\u010dek-252x251.png 252w, http:\/\/zavod-parnas.org\/w\/wp-content\/uploads\/2020\/10\/predloga-pti\u010dek.png 665w\" sizes=\"(max-width: 630px) 100vw, 630px\" \/><figcaption class=\"wp-element-caption\">PRISLUHNI <a href=\"https:\/\/youtu.be\/QwGj_USavlA\" data-rel=\"lightbox-video-0\">PRAVLJICI<\/a> <\/figcaption><\/figure>\n\n\n\n<figure class=\"wp-block-image size-large\"><img loading=\"lazy\" decoding=\"async\" width=\"630\" height=\"945\" data-id=\"5177\" src=\"https:\/\/zavod-parnas.org\/w\/wp-content\/uploads\/2019\/12\/1-MILI-fotografija-Kulinaricni-sprehod-7.12-26-630x945.jpg\" alt=\"\" class=\"wp-image-5177\" srcset=\"http:\/\/zavod-parnas.org\/w\/wp-content\/uploads\/2019\/12\/1-MILI-fotografija-Kulinaricni-sprehod-7.12-26-630x945.jpg 630w, http:\/\/zavod-parnas.org\/w\/wp-content\/uploads\/2019\/12\/1-MILI-fotografija-Kulinaricni-sprehod-7.12-26-252x378.jpg 252w, http:\/\/zavod-parnas.org\/w\/wp-content\/uploads\/2019\/12\/1-MILI-fotografija-Kulinaricni-sprehod-7.12-26-200x300.jpg 200w, http:\/\/zavod-parnas.org\/w\/wp-content\/uploads\/2019\/12\/1-MILI-fotografija-Kulinaricni-sprehod-7.12-26.jpg 800w\" sizes=\"(max-width: 630px) 100vw, 630px\" \/><figcaption class=\"wp-element-caption\">Kulinari\u010dni sprehod <a href=\"http:\/\/zavod-parnas.org\/w\/popotne-ideje\/\">v \u010dasu FBK <\/a><\/figcaption><\/figure>\n\n\n\n<figure class=\"wp-block-image size-large\"><img loading=\"lazy\" decoding=\"async\" width=\"630\" height=\"473\" data-id=\"3678\" src=\"https:\/\/zavod-parnas.org\/w\/wp-content\/uploads\/2017\/12\/1-DSCN8027-630x473.jpg\" alt=\"\" class=\"wp-image-3678\" srcset=\"http:\/\/zavod-parnas.org\/w\/wp-content\/uploads\/2017\/12\/1-DSCN8027-630x473.jpg 630w, http:\/\/zavod-parnas.org\/w\/wp-content\/uploads\/2017\/12\/1-DSCN8027-252x189.jpg 252w, http:\/\/zavod-parnas.org\/w\/wp-content\/uploads\/2017\/12\/1-DSCN8027-300x225.jpg 300w, http:\/\/zavod-parnas.org\/w\/wp-content\/uploads\/2017\/12\/1-DSCN8027.jpg 1600w\" sizes=\"(max-width: 630px) 100vw, 630px\" \/><figcaption class=\"wp-element-caption\">Kulinari\u010dne delavnice v \u010dasu FBK<\/figcaption><\/figure>\n\n\n\n<figure class=\"wp-block-image size-large\"><img loading=\"lazy\" decoding=\"async\" width=\"630\" height=\"473\" data-id=\"6262\" src=\"https:\/\/zavod-parnas.org\/w\/wp-content\/uploads\/2020\/12\/Poprtnik-z-Rasce-Mira-Mustar-630x473.jpg\" alt=\"\" class=\"wp-image-6262\" srcset=\"http:\/\/zavod-parnas.org\/w\/wp-content\/uploads\/2020\/12\/Poprtnik-z-Rasce-Mira-Mustar-630x473.jpg 630w, http:\/\/zavod-parnas.org\/w\/wp-content\/uploads\/2020\/12\/Poprtnik-z-Rasce-Mira-Mustar-300x225.jpg 300w, http:\/\/zavod-parnas.org\/w\/wp-content\/uploads\/2020\/12\/Poprtnik-z-Rasce-Mira-Mustar-252x189.jpg 252w, http:\/\/zavod-parnas.org\/w\/wp-content\/uploads\/2020\/12\/Poprtnik-z-Rasce-Mira-Mustar-1536x1152.jpg 1536w, http:\/\/zavod-parnas.org\/w\/wp-content\/uploads\/2020\/12\/Poprtnik-z-Rasce-Mira-Mustar-2048x1536.jpg 2048w\" sizes=\"(max-width: 630px) 100vw, 630px\" \/><figcaption class=\"wp-element-caption\">Poprtnik z Ra\u0161ice<\/figcaption><\/figure>\n\n\n\n<figure class=\"wp-block-image size-large\"><img loading=\"lazy\" decoding=\"async\" width=\"630\" height=\"473\" data-id=\"6251\" src=\"https:\/\/zavod-parnas.org\/w\/wp-content\/uploads\/2020\/12\/Poprtnik-iz-Roba-Majda-Tekavec-630x473.jpg\" alt=\"\" class=\"wp-image-6251\" srcset=\"http:\/\/zavod-parnas.org\/w\/wp-content\/uploads\/2020\/12\/Poprtnik-iz-Roba-Majda-Tekavec-630x473.jpg 630w, http:\/\/zavod-parnas.org\/w\/wp-content\/uploads\/2020\/12\/Poprtnik-iz-Roba-Majda-Tekavec-300x225.jpg 300w, http:\/\/zavod-parnas.org\/w\/wp-content\/uploads\/2020\/12\/Poprtnik-iz-Roba-Majda-Tekavec-252x189.jpg 252w, http:\/\/zavod-parnas.org\/w\/wp-content\/uploads\/2020\/12\/Poprtnik-iz-Roba-Majda-Tekavec-1536x1152.jpg 1536w, http:\/\/zavod-parnas.org\/w\/wp-content\/uploads\/2020\/12\/Poprtnik-iz-Roba-Majda-Tekavec-2048x1536.jpg 2048w\" sizes=\"(max-width: 630px) 100vw, 630px\" \/><figcaption class=\"wp-element-caption\">Poprtnik iz Roba<\/figcaption><\/figure>\n\n\n\n<figure class=\"wp-block-image size-large\"><img loading=\"lazy\" decoding=\"async\" width=\"630\" height=\"473\" data-id=\"2812\" src=\"https:\/\/zavod-parnas.org\/w\/wp-content\/uploads\/2017\/01\/01_jan_rob_DSCN5225-foto-Metka-630x473.jpg\" alt=\"\" class=\"wp-image-2812\" srcset=\"http:\/\/zavod-parnas.org\/w\/wp-content\/uploads\/2017\/01\/01_jan_rob_DSCN5225-foto-Metka-630x473.jpg 630w, http:\/\/zavod-parnas.org\/w\/wp-content\/uploads\/2017\/01\/01_jan_rob_DSCN5225-foto-Metka-252x189.jpg 252w, http:\/\/zavod-parnas.org\/w\/wp-content\/uploads\/2017\/01\/01_jan_rob_DSCN5225-foto-Metka-300x225.jpg 300w, http:\/\/zavod-parnas.org\/w\/wp-content\/uploads\/2017\/01\/01_jan_rob_DSCN5225-foto-Metka.jpg 1600w\" sizes=\"(max-width: 630px) 100vw, 630px\" \/><figcaption class=\"wp-element-caption\"><a href=\"http:\/\/zavod-parnas.org\/w\/razstava-poprtnikov-v-robu\/\">Blagoslov poprtnikov v centru Rob 2016<\/a><\/figcaption><\/figure>\n\n\n\n<figure class=\"wp-block-image size-large\"><img loading=\"lazy\" decoding=\"async\" width=\"1024\" height=\"768\" data-id=\"2119\" src=\"https:\/\/zavod-parnas.org\/w\/wp-content\/uploads\/2016\/11\/DSCN9563-001-1024x768.jpg\" alt=\"\" class=\"wp-image-2119\" srcset=\"http:\/\/zavod-parnas.org\/w\/wp-content\/uploads\/2016\/11\/DSCN9563-001-1024x768.jpg 1024w, http:\/\/zavod-parnas.org\/w\/wp-content\/uploads\/2016\/11\/DSCN9563-001-252x189.jpg 252w, http:\/\/zavod-parnas.org\/w\/wp-content\/uploads\/2016\/11\/DSCN9563-001-300x225.jpg 300w, http:\/\/zavod-parnas.org\/w\/wp-content\/uploads\/2016\/11\/DSCN9563-001.jpg 1600w\" sizes=\"(max-width: 1024px) 100vw, 1024px\" \/><figcaption class=\"wp-element-caption\"><a href=\"http:\/\/zavod-parnas.org\/w\/pogovor-z-iljo-popitom-8-12-ob-19h\/\">Ve\u010der z Ilijo Popitom &#8211; Jo\u017ee Stari\u010d<\/a><\/figcaption><\/figure>\n\n\n\n<figure class=\"wp-block-image size-large\"><img loading=\"lazy\" decoding=\"async\" width=\"851\" height=\"638\" data-id=\"2103\" src=\"https:\/\/zavod-parnas.org\/w\/wp-content\/uploads\/2016\/11\/avtorska-ekipa-Parnas-001.jpg\" alt=\"\" class=\"wp-image-2103\" srcset=\"http:\/\/zavod-parnas.org\/w\/wp-content\/uploads\/2016\/11\/avtorska-ekipa-Parnas-001.jpg 851w, http:\/\/zavod-parnas.org\/w\/wp-content\/uploads\/2016\/11\/avtorska-ekipa-Parnas-001-252x189.jpg 252w, http:\/\/zavod-parnas.org\/w\/wp-content\/uploads\/2016\/11\/avtorska-ekipa-Parnas-001-300x225.jpg 300w\" sizes=\"(max-width: 851px) 100vw, 851px\" \/><figcaption class=\"wp-element-caption\"><a href=\"http:\/\/zavod-parnas.org\/w\/projekt_priprava_poprtnikov_2016\/\">Avtorice razstave Poprtnik ali \u017eupnek<\/a><\/figcaption><\/figure>\n\n\n\n<figure class=\"wp-block-image size-large\"><img loading=\"lazy\" decoding=\"async\" width=\"480\" height=\"359\" data-id=\"1892\" src=\"https:\/\/zavod-parnas.org\/w\/wp-content\/uploads\/2016\/10\/IMG_2901-delimo-poprtnik-Majda-Tekavec.jpg\" alt=\"\" class=\"wp-image-1892\" srcset=\"http:\/\/zavod-parnas.org\/w\/wp-content\/uploads\/2016\/10\/IMG_2901-delimo-poprtnik-Majda-Tekavec.jpg 480w, http:\/\/zavod-parnas.org\/w\/wp-content\/uploads\/2016\/10\/IMG_2901-delimo-poprtnik-Majda-Tekavec-252x188.jpg 252w, http:\/\/zavod-parnas.org\/w\/wp-content\/uploads\/2016\/10\/IMG_2901-delimo-poprtnik-Majda-Tekavec-300x224.jpg 300w\" sizes=\"(max-width: 480px) 100vw, 480px\" \/><figcaption class=\"wp-element-caption\"><a href=\"http:\/\/zavod-parnas.org\/w\/delavnica-in-razstava-poprtnikov-v-robu\/\">Akcije vse od 2011<\/a><\/figcaption><\/figure>\n<\/figure>\n\n\n\n<p>&#8211; <a rel=\"noreferrer noopener\" href=\"http:\/\/www.mk.gov.si\/fileadmin\/mk.gov.si\/pageuploads\/Ministrstvo\/Razvidi\/RKD_Ziva\/Rzd-02_00022.pdf\" target=\"_blank\">Vpis v Register <\/a>(28.5.2013)<\/p>\n","protected":false},"excerpt":{"rendered":"<p>Nesnovna dedi\u0161\u010dina:&nbsp;Priprava poprtnikovNosilec izro\u010dila: Skupina gospodinj iz velikola\u0161kih krajev in DobrepoljaSkupino v Registru zastopa Majda Tekavec. Koordinacija aktivnosti:&#8211; Dru\u0161tvo pode\u017eelskih [&hellip;]<\/p>\n","protected":false},"author":2,"featured_media":0,"parent":0,"menu_order":0,"comment_status":"closed","ping_status":"closed","template":"","meta":{"site-sidebar-layout":"default","site-content-layout":"","ast-site-content-layout":"default","site-content-style":"default","site-sidebar-style":"default","ast-global-header-display":"","ast-banner-title-visibility":"","ast-main-header-display":"","ast-hfb-above-header-display":"","ast-hfb-below-header-display":"","ast-hfb-mobile-header-display":"","site-post-title":"","ast-breadcrumbs-content":"","ast-featured-img":"","footer-sml-layout":"","theme-transparent-header-meta":"","adv-header-id-meta":"","stick-header-meta":"","header-above-stick-meta":"","header-main-stick-meta":"","header-below-stick-meta":"","astra-migrate-meta-layouts":"default","ast-page-background-enabled":"default","ast-page-background-meta":{"desktop":{"background-color":"var(--ast-global-color-5)","background-image":"","background-repeat":"repeat","background-position":"center center","background-size":"auto","background-attachment":"scroll","background-type":"","background-media":"","overlay-type":"","overlay-color":"","overlay-opacity":"","overlay-gradient":""},"tablet":{"background-color":"","background-image":"","background-repeat":"repeat","background-position":"center center","background-size":"auto","background-attachment":"scroll","background-type":"","background-media":"","overlay-type":"","overlay-color":"","overlay-opacity":"","overlay-gradient":""},"mobile":{"background-color":"","background-image":"","background-repeat":"repeat","background-position":"center center","background-size":"auto","background-attachment":"scroll","background-type":"","background-media":"","overlay-type":"","overlay-color":"","overlay-opacity":"","overlay-gradient":""}},"ast-content-background-meta":{"desktop":{"background-color":"var(--ast-global-color-4)","background-image":"","background-repeat":"repeat","background-position":"center center","background-size":"auto","background-attachment":"scroll","background-type":"","background-media":"","overlay-type":"","overlay-color":"","overlay-opacity":"","overlay-gradient":""},"tablet":{"background-color":"var(--ast-global-color-4)","background-image":"","background-repeat":"repeat","background-position":"center center","background-size":"auto","background-attachment":"scroll","background-type":"","background-media":"","overlay-type":"","overlay-color":"","overlay-opacity":"","overlay-gradient":""},"mobile":{"background-color":"var(--ast-global-color-4)","background-image":"","background-repeat":"repeat","background-position":"center center","background-size":"auto","background-attachment":"scroll","background-type":"","background-media":"","overlay-type":"","overlay-color":"","overlay-opacity":"","overlay-gradient":""}},"footnotes":""},"class_list":["post-7353","page","type-page","status-publish","hentry"],"_links":{"self":[{"href":"http:\/\/zavod-parnas.org\/w\/wp-json\/wp\/v2\/pages\/7353","targetHints":{"allow":["GET"]}}],"collection":[{"href":"http:\/\/zavod-parnas.org\/w\/wp-json\/wp\/v2\/pages"}],"about":[{"href":"http:\/\/zavod-parnas.org\/w\/wp-json\/wp\/v2\/types\/page"}],"author":[{"embeddable":true,"href":"http:\/\/zavod-parnas.org\/w\/wp-json\/wp\/v2\/users\/2"}],"replies":[{"embeddable":true,"href":"http:\/\/zavod-parnas.org\/w\/wp-json\/wp\/v2\/comments?post=7353"}],"version-history":[{"count":27,"href":"http:\/\/zavod-parnas.org\/w\/wp-json\/wp\/v2\/pages\/7353\/revisions"}],"predecessor-version":[{"id":12106,"href":"http:\/\/zavod-parnas.org\/w\/wp-json\/wp\/v2\/pages\/7353\/revisions\/12106"}],"wp:attachment":[{"href":"http:\/\/zavod-parnas.org\/w\/wp-json\/wp\/v2\/media?parent=7353"}],"curies":[{"name":"wp","href":"https:\/\/api.w.org\/{rel}","templated":true}]}}