{"id":7346,"date":"2021-11-07T09:43:15","date_gmt":"2021-11-07T08:43:15","guid":{"rendered":"http:\/\/zavod-parnas.org\/w\/?page_id=7346"},"modified":"2021-11-29T10:39:32","modified_gmt":"2021-11-29T09:39:32","slug":"poprtnik-v-sodrazici","status":"publish","type":"page","link":"http:\/\/zavod-parnas.org\/w\/poprtnik\/poprtnik-v-sodrazici\/","title":{"rendered":"Poprtnik v Sodra\u017eici"},"content":{"rendered":"\n<p>Nesnovna dedi\u0161\u010dina: <a href=\"http:\/\/www.nesnovnadediscina.si\/sl\/priprava-poprtnikov\">Priprava poprtnikov<\/a> <br>Nosilec izro\u010dila: <strong>Skupina gospodinj iz Sodra\u017eice<\/strong> <br>Skupino v Registru nesnovne kulturne dedi\u0161\u010dine zastopa Martina Pirnat. <br>Koordinacija aktivnosti: Marija Levstek, \u0160tefka Joras (tudi prostovoljki Zavoda Parnas).<\/p>\n\n\n\n<p>Skupina deluje pod okriljem <strong>Turisti\u010dnega dru\u0161tva Sodra\u017eica <\/strong>&#8211; skupina za poprtnike. Pri aktivnostih jih podpira <strong>Ob\u010dina Sodra\u017eica<\/strong>. <\/p>\n\n\n\n<figure class=\"wp-block-embed is-type-video is-provider-youtube wp-block-embed-youtube wp-embed-aspect-16-9 wp-has-aspect-ratio\"><div class=\"wp-block-embed__wrapper\">\n<div class=\"ast-oembed-container \" style=\"height: 100%;\"><iframe title=\"SODRA\u017dICA Bo\u017ei\u010d z okusom HD\" width=\"500\" height=\"281\" src=\"https:\/\/www.youtube.com\/embed\/FseMf8njVmc?feature=oembed\" frameborder=\"0\" allow=\"accelerometer; autoplay; clipboard-write; encrypted-media; gyroscope; picture-in-picture; web-share\" referrerpolicy=\"strict-origin-when-cross-origin\" allowfullscreen><\/iframe><\/div>\n<\/div><\/figure>\n\n\n\n<p>VSEBINA: Kako nosilke izro\u010dila v Sodra\u017eici prena\u0161ajo svoje znanje na mlade? V Sodra\u017eici Marija Levstek pe\u010de \u017eupnek in golobice iz kva\u0161enega testa, Ivanka Ko\u0161ir pa izdeluje prav posebne pti\u010dke &#8211; kot se je nau\u010dila od svoje mame (doma je bila iz Gorenjih Lazov, njena mama iz Bre\u017e, stara mama pa z Vinc). Hleb\u010dek napravi iz kva\u0161enega testa, okraski (koklja in pi\u0161\u010dan\u010dki) na njem pa so iz rezan\u010dnega testa (moka in jajce). Obe nosilki dedi\u0161\u010dine v kratkem filmu dekleti nau\u010dita izdelave pti\u010dkov &#8220;po sodra\u0161ko&#8221;. Deveto\u0161olka Ema in srednje\u0161olka Brina se sprehodita mimo znamenitosti Sodra\u017eice (cerkev sv. Magdalene, novi park s kipom psoglavca, tr\u017enica sredi naselja). Z lokalnimi sestavinami ju na tr\u017enici zalo\u017ei Sanja Zgonec s Kmetije na Gori (mleko, jajca), moka pa je z dobrepoljske kmetije Jakopi\u010d. <\/p>\n\n\n\n<p>Nastopajo: Marija Levstek, Ivanka Ko\u0161ir, Ema Zba\u010dnik, Brina Star\u010devi\u010d, Sanja Zgonec (Kmetija na Gori).<br>Sodelavci: PGD Sodra\u017eica (zagotovitev prostora za snemanje), TD Sodra\u017eica (zagotovitev sestavin in pripomo\u010dkov), \u0160tefka Joras (dekoracija, organizacija), Marija Levstek (poprtnik), Ivanka Ko\u0161ir (pti\u010dki), Nada Ko\u0161ir (golobice).<\/p>\n\n\n\n<p>Re\u017eija, snemanje in monta\u017ea: Rok Bor\u0161tnik, Experience d.o.o.<br>Producentka: Metka Stari\u010d<br>Izvedba: Zavod Parnas, november 2021.<br>Sofinanciralo Ministrstvo za kulturo v projektu Bo\u017ei\u010d z okusom. <\/p>\n\n\n\n<p><strong>Sodelovanje v \u010dezmejnem Festivalu bo\u017ei\u010dnega kruha:<\/strong><br>delavnice za vrtec, \u0161olo in odrasle<br>razstava poprtnikov<\/p>\n\n\n\n<p>Kontakt: \u0160tefka Joras (stefka.joras@gmail.com)<\/p>\n\n\n\n<p>Galerija:<\/p>\n\n\n\n<figure class=\"wp-block-gallery columns-3 is-cropped wp-block-gallery-1 is-layout-flex wp-block-gallery-is-layout-flex\"><ul class=\"blocks-gallery-grid\"><li class=\"blocks-gallery-item\"><figure><img fetchpriority=\"high\" decoding=\"async\" width=\"480\" height=\"361\" src=\"http:\/\/zavod-parnas.org\/w\/wp-content\/uploads\/2016\/10\/DSCN5122-sodrazica-s-predstavnico-komisije-prvic-na-razstavi-2015.jpg\" alt=\"\" data-id=\"1878\" data-full-url=\"http:\/\/zavod-parnas.org\/w\/wp-content\/uploads\/2016\/10\/DSCN5122-sodrazica-s-predstavnico-komisije-prvic-na-razstavi-2015.jpg\" data-link=\"http:\/\/zavod-parnas.org\/w\/dscn5122-sodrazica-s-predstavnico-komisije-prvic-na-razstavi-2015\/\" class=\"wp-image-1878\" srcset=\"http:\/\/zavod-parnas.org\/w\/wp-content\/uploads\/2016\/10\/DSCN5122-sodrazica-s-predstavnico-komisije-prvic-na-razstavi-2015.jpg 480w, http:\/\/zavod-parnas.org\/w\/wp-content\/uploads\/2016\/10\/DSCN5122-sodrazica-s-predstavnico-komisije-prvic-na-razstavi-2015-252x190.jpg 252w, http:\/\/zavod-parnas.org\/w\/wp-content\/uploads\/2016\/10\/DSCN5122-sodrazica-s-predstavnico-komisije-prvic-na-razstavi-2015-300x226.jpg 300w\" sizes=\"(max-width: 480px) 100vw, 480px\" \/><figcaption class=\"blocks-gallery-item__caption\">Na dr\u017eavni razstavi<\/figcaption><\/figure><\/li><li class=\"blocks-gallery-item\"><figure><img decoding=\"async\" width=\"630\" height=\"473\" src=\"http:\/\/zavod-parnas.org\/w\/wp-content\/uploads\/2021\/11\/pop-sod4-630x473.jpg\" alt=\"\" data-id=\"7357\" data-full-url=\"http:\/\/zavod-parnas.org\/w\/wp-content\/uploads\/2021\/11\/pop-sod4.jpg\" data-link=\"http:\/\/zavod-parnas.org\/w\/poprtnik\/poprtnik-v-sodrazici\/pop-sod4\/\" class=\"wp-image-7357\" srcset=\"http:\/\/zavod-parnas.org\/w\/wp-content\/uploads\/2021\/11\/pop-sod4-630x473.jpg 630w, http:\/\/zavod-parnas.org\/w\/wp-content\/uploads\/2021\/11\/pop-sod4-300x225.jpg 300w, http:\/\/zavod-parnas.org\/w\/wp-content\/uploads\/2021\/11\/pop-sod4-252x189.jpg 252w, http:\/\/zavod-parnas.org\/w\/wp-content\/uploads\/2021\/11\/pop-sod4-1536x1152.jpg 1536w, http:\/\/zavod-parnas.org\/w\/wp-content\/uploads\/2021\/11\/pop-sod4.jpg 2048w\" sizes=\"(max-width: 630px) 100vw, 630px\" \/><figcaption class=\"blocks-gallery-item__caption\">Razstava v Sodra\u017eici<\/figcaption><\/figure><\/li><li class=\"blocks-gallery-item\"><figure><img decoding=\"async\" width=\"630\" height=\"472\" src=\"http:\/\/zavod-parnas.org\/w\/wp-content\/uploads\/2017\/04\/DSCN5302-630x472.jpg\" alt=\"\" data-id=\"2614\" data-full-url=\"http:\/\/zavod-parnas.org\/w\/wp-content\/uploads\/2017\/04\/DSCN5302.jpg\" data-link=\"http:\/\/zavod-parnas.org\/w\/sedrski-in-ajdov-zelodec-ter-velikonocni-kolacki-iz-sodrazice\/dscn5302\/\" class=\"wp-image-2614\" srcset=\"http:\/\/zavod-parnas.org\/w\/wp-content\/uploads\/2017\/04\/DSCN5302-630x472.jpg 630w, http:\/\/zavod-parnas.org\/w\/wp-content\/uploads\/2017\/04\/DSCN5302-252x189.jpg 252w, http:\/\/zavod-parnas.org\/w\/wp-content\/uploads\/2017\/04\/DSCN5302-300x225.jpg 300w, http:\/\/zavod-parnas.org\/w\/wp-content\/uploads\/2017\/04\/DSCN5302.jpg 2048w\" sizes=\"(max-width: 630px) 100vw, 630px\" \/><figcaption class=\"blocks-gallery-item__caption\">V pogovoru z novinarjem <\/figcaption><\/figure><\/li><li class=\"blocks-gallery-item\"><figure><img loading=\"lazy\" decoding=\"async\" width=\"630\" height=\"473\" src=\"http:\/\/zavod-parnas.org\/w\/wp-content\/uploads\/2021\/10\/spirala-vida-630x473.jpg\" alt=\"\" data-id=\"7317\" data-full-url=\"http:\/\/zavod-parnas.org\/w\/wp-content\/uploads\/2021\/10\/spirala-vida.jpg\" data-link=\"http:\/\/zavod-parnas.org\/w\/?attachment_id=7317\" class=\"wp-image-7317\" srcset=\"http:\/\/zavod-parnas.org\/w\/wp-content\/uploads\/2021\/10\/spirala-vida-630x473.jpg 630w, http:\/\/zavod-parnas.org\/w\/wp-content\/uploads\/2021\/10\/spirala-vida-300x225.jpg 300w, http:\/\/zavod-parnas.org\/w\/wp-content\/uploads\/2021\/10\/spirala-vida-252x189.jpg 252w, http:\/\/zavod-parnas.org\/w\/wp-content\/uploads\/2021\/10\/spirala-vida-1536x1152.jpg 1536w, http:\/\/zavod-parnas.org\/w\/wp-content\/uploads\/2021\/10\/spirala-vida.jpg 1728w\" sizes=\"(max-width: 630px) 100vw, 630px\" \/><figcaption class=\"blocks-gallery-item__caption\">Nagrajen<\/figcaption><\/figure><\/li><li class=\"blocks-gallery-item\"><figure><img loading=\"lazy\" decoding=\"async\" width=\"630\" height=\"473\" src=\"http:\/\/zavod-parnas.org\/w\/wp-content\/uploads\/2021\/11\/pop-sod7-630x473.jpg\" alt=\"\" data-id=\"7365\" data-full-url=\"http:\/\/zavod-parnas.org\/w\/wp-content\/uploads\/2021\/11\/pop-sod7.jpg\" data-link=\"http:\/\/zavod-parnas.org\/w\/poprtnik\/poprtnik-v-sodrazici\/pop-sod7\/\" class=\"wp-image-7365\" srcset=\"http:\/\/zavod-parnas.org\/w\/wp-content\/uploads\/2021\/11\/pop-sod7-630x473.jpg 630w, http:\/\/zavod-parnas.org\/w\/wp-content\/uploads\/2021\/11\/pop-sod7-300x225.jpg 300w, http:\/\/zavod-parnas.org\/w\/wp-content\/uploads\/2021\/11\/pop-sod7-252x189.jpg 252w, http:\/\/zavod-parnas.org\/w\/wp-content\/uploads\/2021\/11\/pop-sod7.jpg 1000w\" sizes=\"(max-width: 630px) 100vw, 630px\" \/><figcaption class=\"blocks-gallery-item__caption\">Tina Pirnat<\/figcaption><\/figure><\/li><li class=\"blocks-gallery-item\"><figure><img loading=\"lazy\" decoding=\"async\" width=\"630\" height=\"473\" src=\"http:\/\/zavod-parnas.org\/w\/wp-content\/uploads\/2021\/11\/pop-sod8-630x473.jpg\" alt=\"\" data-id=\"7366\" data-full-url=\"http:\/\/zavod-parnas.org\/w\/wp-content\/uploads\/2021\/11\/pop-sod8.jpg\" data-link=\"http:\/\/zavod-parnas.org\/w\/poprtnik\/poprtnik-v-sodrazici\/pop-sod8\/\" class=\"wp-image-7366\" srcset=\"http:\/\/zavod-parnas.org\/w\/wp-content\/uploads\/2021\/11\/pop-sod8-630x473.jpg 630w, http:\/\/zavod-parnas.org\/w\/wp-content\/uploads\/2021\/11\/pop-sod8-300x225.jpg 300w, http:\/\/zavod-parnas.org\/w\/wp-content\/uploads\/2021\/11\/pop-sod8-252x189.jpg 252w, http:\/\/zavod-parnas.org\/w\/wp-content\/uploads\/2021\/11\/pop-sod8.jpg 1000w\" sizes=\"(max-width: 630px) 100vw, 630px\" \/><figcaption class=\"blocks-gallery-item__caption\">Med delavnico<\/figcaption><\/figure><\/li><li class=\"blocks-gallery-item\"><figure><img loading=\"lazy\" decoding=\"async\" width=\"630\" height=\"473\" src=\"http:\/\/zavod-parnas.org\/w\/wp-content\/uploads\/2021\/11\/pop-sod9-630x473.jpg\" alt=\"\" data-id=\"7367\" data-full-url=\"http:\/\/zavod-parnas.org\/w\/wp-content\/uploads\/2021\/11\/pop-sod9.jpg\" data-link=\"http:\/\/zavod-parnas.org\/w\/poprtnik\/poprtnik-v-sodrazici\/pop-sod9\/\" class=\"wp-image-7367\" srcset=\"http:\/\/zavod-parnas.org\/w\/wp-content\/uploads\/2021\/11\/pop-sod9-630x473.jpg 630w, http:\/\/zavod-parnas.org\/w\/wp-content\/uploads\/2021\/11\/pop-sod9-300x225.jpg 300w, http:\/\/zavod-parnas.org\/w\/wp-content\/uploads\/2021\/11\/pop-sod9-252x189.jpg 252w, http:\/\/zavod-parnas.org\/w\/wp-content\/uploads\/2021\/11\/pop-sod9.jpg 1000w\" sizes=\"(max-width: 630px) 100vw, 630px\" \/><figcaption class=\"blocks-gallery-item__caption\">Med delavnico<\/figcaption><\/figure><\/li><li class=\"blocks-gallery-item\"><figure><img loading=\"lazy\" decoding=\"async\" width=\"630\" height=\"473\" src=\"http:\/\/zavod-parnas.org\/w\/wp-content\/uploads\/2021\/11\/pop-sod6-630x473.jpg\" alt=\"\" data-id=\"7364\" data-full-url=\"http:\/\/zavod-parnas.org\/w\/wp-content\/uploads\/2021\/11\/pop-sod6.jpg\" data-link=\"http:\/\/zavod-parnas.org\/w\/poprtnik\/poprtnik-v-sodrazici\/pop-sod6\/\" class=\"wp-image-7364\" srcset=\"http:\/\/zavod-parnas.org\/w\/wp-content\/uploads\/2021\/11\/pop-sod6-630x473.jpg 630w, http:\/\/zavod-parnas.org\/w\/wp-content\/uploads\/2021\/11\/pop-sod6-300x225.jpg 300w, http:\/\/zavod-parnas.org\/w\/wp-content\/uploads\/2021\/11\/pop-sod6-252x189.jpg 252w, http:\/\/zavod-parnas.org\/w\/wp-content\/uploads\/2021\/11\/pop-sod6.jpg 1000w\" sizes=\"(max-width: 630px) 100vw, 630px\" \/><figcaption class=\"blocks-gallery-item__caption\">Festival bo\u017ei\u010dnega kruha<\/figcaption><\/figure><\/li><li class=\"blocks-gallery-item\"><figure><img loading=\"lazy\" decoding=\"async\" width=\"1024\" height=\"765\" src=\"http:\/\/zavod-parnas.org\/w\/wp-content\/uploads\/2016\/03\/sodrazica24-1024x765.jpg\" alt=\"\" data-id=\"1101\" data-full-url=\"http:\/\/zavod-parnas.org\/w\/wp-content\/uploads\/2016\/03\/sodrazica24.jpg\" data-link=\"http:\/\/zavod-parnas.org\/w\/poprtnik\/sodrazica24\/\" class=\"wp-image-1101\" srcset=\"http:\/\/zavod-parnas.org\/w\/wp-content\/uploads\/2016\/03\/sodrazica24-1024x765.jpg 1024w, http:\/\/zavod-parnas.org\/w\/wp-content\/uploads\/2016\/03\/sodrazica24-252x188.jpg 252w, http:\/\/zavod-parnas.org\/w\/wp-content\/uploads\/2016\/03\/sodrazica24-300x224.jpg 300w, http:\/\/zavod-parnas.org\/w\/wp-content\/uploads\/2016\/03\/sodrazica24-1170x874.jpg 1170w, http:\/\/zavod-parnas.org\/w\/wp-content\/uploads\/2016\/03\/sodrazica24-630x471.jpg 630w, http:\/\/zavod-parnas.org\/w\/wp-content\/uploads\/2016\/03\/sodrazica24.jpg 1296w\" sizes=\"(max-width: 1024px) 100vw, 1024px\" \/><\/figure><\/li><li class=\"blocks-gallery-item\"><figure><img loading=\"lazy\" decoding=\"async\" width=\"630\" height=\"839\" src=\"http:\/\/zavod-parnas.org\/w\/wp-content\/uploads\/2017\/12\/1-DSCN8305-001-630x839.jpg\" alt=\"\" data-id=\"3550\" data-full-url=\"http:\/\/zavod-parnas.org\/w\/wp-content\/uploads\/2017\/12\/1-DSCN8305-001.jpg\" data-link=\"http:\/\/zavod-parnas.org\/w\/v-predbozicnem-prezidu-delavnica-in-razstava-zupnekov\/1-dscn8305-001\/\" class=\"wp-image-3550\" srcset=\"http:\/\/zavod-parnas.org\/w\/wp-content\/uploads\/2017\/12\/1-DSCN8305-001-630x839.jpg 630w, http:\/\/zavod-parnas.org\/w\/wp-content\/uploads\/2017\/12\/1-DSCN8305-001-252x335.jpg 252w, http:\/\/zavod-parnas.org\/w\/wp-content\/uploads\/2017\/12\/1-DSCN8305-001-225x300.jpg 225w, http:\/\/zavod-parnas.org\/w\/wp-content\/uploads\/2017\/12\/1-DSCN8305-001.jpg 1202w\" sizes=\"(max-width: 630px) 100vw, 630px\" \/><figcaption class=\"blocks-gallery-item__caption\">V Prezidu<\/figcaption><\/figure><\/li><li class=\"blocks-gallery-item\"><figure><img loading=\"lazy\" decoding=\"async\" width=\"630\" height=\"473\" src=\"http:\/\/zavod-parnas.org\/w\/wp-content\/uploads\/2021\/11\/pop-sod3-630x473.jpg\" alt=\"\" data-id=\"7356\" data-full-url=\"http:\/\/zavod-parnas.org\/w\/wp-content\/uploads\/2021\/11\/pop-sod3.jpg\" data-link=\"http:\/\/zavod-parnas.org\/w\/poprtnik\/poprtnik-v-sodrazici\/pop-sod3\/\" class=\"wp-image-7356\" srcset=\"http:\/\/zavod-parnas.org\/w\/wp-content\/uploads\/2021\/11\/pop-sod3-630x473.jpg 630w, http:\/\/zavod-parnas.org\/w\/wp-content\/uploads\/2021\/11\/pop-sod3-300x225.jpg 300w, http:\/\/zavod-parnas.org\/w\/wp-content\/uploads\/2021\/11\/pop-sod3-252x189.jpg 252w, http:\/\/zavod-parnas.org\/w\/wp-content\/uploads\/2021\/11\/pop-sod3-1536x1152.jpg 1536w, http:\/\/zavod-parnas.org\/w\/wp-content\/uploads\/2021\/11\/pop-sod3.jpg 2048w\" sizes=\"(max-width: 630px) 100vw, 630px\" \/><figcaption class=\"blocks-gallery-item__caption\">Z delavnice<\/figcaption><\/figure><\/li><li class=\"blocks-gallery-item\"><figure><img loading=\"lazy\" decoding=\"async\" width=\"630\" height=\"473\" src=\"http:\/\/zavod-parnas.org\/w\/wp-content\/uploads\/2017\/05\/IMG_5221-630x473.jpg\" alt=\"\" data-id=\"2912\" data-full-url=\"http:\/\/zavod-parnas.org\/w\/wp-content\/uploads\/2017\/05\/IMG_5221.jpg\" data-link=\"http:\/\/zavod-parnas.org\/w\/nosilke-dediscine-odhajajo-na-ptuj\/img_5221\/\" class=\"wp-image-2912\" srcset=\"http:\/\/zavod-parnas.org\/w\/wp-content\/uploads\/2017\/05\/IMG_5221-630x473.jpg 630w, http:\/\/zavod-parnas.org\/w\/wp-content\/uploads\/2017\/05\/IMG_5221-252x189.jpg 252w, http:\/\/zavod-parnas.org\/w\/wp-content\/uploads\/2017\/05\/IMG_5221-300x225.jpg 300w, http:\/\/zavod-parnas.org\/w\/wp-content\/uploads\/2017\/05\/IMG_5221.jpg 1600w\" sizes=\"(max-width: 630px) 100vw, 630px\" \/><figcaption class=\"blocks-gallery-item__caption\">Marija Levstek na Ptuju<\/figcaption><\/figure><\/li><li class=\"blocks-gallery-item\"><figure><img loading=\"lazy\" decoding=\"async\" width=\"630\" height=\"473\" src=\"http:\/\/zavod-parnas.org\/w\/wp-content\/uploads\/2021\/11\/pop-sod5-630x473.jpg\" alt=\"\" data-id=\"7358\" data-full-url=\"http:\/\/zavod-parnas.org\/w\/wp-content\/uploads\/2021\/11\/pop-sod5.jpg\" data-link=\"http:\/\/zavod-parnas.org\/w\/poprtnik\/poprtnik-v-sodrazici\/pop-sod5\/\" class=\"wp-image-7358\" srcset=\"http:\/\/zavod-parnas.org\/w\/wp-content\/uploads\/2021\/11\/pop-sod5-630x473.jpg 630w, http:\/\/zavod-parnas.org\/w\/wp-content\/uploads\/2021\/11\/pop-sod5-300x225.jpg 300w, http:\/\/zavod-parnas.org\/w\/wp-content\/uploads\/2021\/11\/pop-sod5-252x189.jpg 252w, http:\/\/zavod-parnas.org\/w\/wp-content\/uploads\/2021\/11\/pop-sod5-1536x1152.jpg 1536w, http:\/\/zavod-parnas.org\/w\/wp-content\/uploads\/2021\/11\/pop-sod5.jpg 2048w\" sizes=\"(max-width: 630px) 100vw, 630px\" \/><figcaption class=\"blocks-gallery-item__caption\">Za razstavo<\/figcaption><\/figure><\/li><li class=\"blocks-gallery-item\"><figure><img loading=\"lazy\" decoding=\"async\" width=\"630\" height=\"473\" src=\"http:\/\/zavod-parnas.org\/w\/wp-content\/uploads\/2017\/04\/DSCN5287-630x473.jpg\" alt=\"\" data-id=\"2612\" data-full-url=\"http:\/\/zavod-parnas.org\/w\/wp-content\/uploads\/2017\/04\/DSCN5287.jpg\" data-link=\"http:\/\/zavod-parnas.org\/w\/sedrski-in-ajdov-zelodec-ter-velikonocni-kolacki-iz-sodrazice\/dscn5287\/\" class=\"wp-image-2612\" srcset=\"http:\/\/zavod-parnas.org\/w\/wp-content\/uploads\/2017\/04\/DSCN5287-630x473.jpg 630w, http:\/\/zavod-parnas.org\/w\/wp-content\/uploads\/2017\/04\/DSCN5287-252x189.jpg 252w, http:\/\/zavod-parnas.org\/w\/wp-content\/uploads\/2017\/04\/DSCN5287-300x225.jpg 300w, http:\/\/zavod-parnas.org\/w\/wp-content\/uploads\/2017\/04\/DSCN5287.jpg 2048w\" sizes=\"(max-width: 630px) 100vw, 630px\" \/><figcaption class=\"blocks-gallery-item__caption\">Ivanka Ko\u0161ir<\/figcaption><\/figure><\/li><li class=\"blocks-gallery-item\"><figure><img loading=\"lazy\" decoding=\"async\" width=\"630\" height=\"473\" src=\"http:\/\/zavod-parnas.org\/w\/wp-content\/uploads\/2017\/04\/DSCN5277-630x473.jpg\" alt=\"\" data-id=\"2607\" data-full-url=\"http:\/\/zavod-parnas.org\/w\/wp-content\/uploads\/2017\/04\/DSCN5277.jpg\" data-link=\"http:\/\/zavod-parnas.org\/w\/sedrski-in-ajdov-zelodec-ter-velikonocni-kolacki-iz-sodrazice\/dscn5277\/\" class=\"wp-image-2607\" srcset=\"http:\/\/zavod-parnas.org\/w\/wp-content\/uploads\/2017\/04\/DSCN5277-630x473.jpg 630w, http:\/\/zavod-parnas.org\/w\/wp-content\/uploads\/2017\/04\/DSCN5277-252x189.jpg 252w, http:\/\/zavod-parnas.org\/w\/wp-content\/uploads\/2017\/04\/DSCN5277-300x225.jpg 300w, http:\/\/zavod-parnas.org\/w\/wp-content\/uploads\/2017\/04\/DSCN5277.jpg 2048w\" sizes=\"(max-width: 630px) 100vw, 630px\" \/><figcaption class=\"blocks-gallery-item__caption\">Marija Levstek<\/figcaption><\/figure><\/li><li class=\"blocks-gallery-item\"><figure><img loading=\"lazy\" decoding=\"async\" width=\"630\" height=\"473\" src=\"http:\/\/zavod-parnas.org\/w\/wp-content\/uploads\/2017\/04\/DSCN5263-630x473.jpg\" alt=\"\" data-id=\"2605\" data-full-url=\"http:\/\/zavod-parnas.org\/w\/wp-content\/uploads\/2017\/04\/DSCN5263.jpg\" data-link=\"http:\/\/zavod-parnas.org\/w\/sedrski-in-ajdov-zelodec-ter-velikonocni-kolacki-iz-sodrazice\/dscn5263\/\" class=\"wp-image-2605\" srcset=\"http:\/\/zavod-parnas.org\/w\/wp-content\/uploads\/2017\/04\/DSCN5263-630x473.jpg 630w, http:\/\/zavod-parnas.org\/w\/wp-content\/uploads\/2017\/04\/DSCN5263-252x189.jpg 252w, http:\/\/zavod-parnas.org\/w\/wp-content\/uploads\/2017\/04\/DSCN5263-300x225.jpg 300w, http:\/\/zavod-parnas.org\/w\/wp-content\/uploads\/2017\/04\/DSCN5263.jpg 2048w\" sizes=\"(max-width: 630px) 100vw, 630px\" \/><figcaption class=\"blocks-gallery-item__caption\">Martina Pirnat<\/figcaption><\/figure><\/li><li class=\"blocks-gallery-item\"><figure><img loading=\"lazy\" decoding=\"async\" width=\"630\" height=\"473\" src=\"http:\/\/zavod-parnas.org\/w\/wp-content\/uploads\/2017\/04\/DSCN5255-630x473.jpg\" alt=\"\" data-id=\"2603\" data-full-url=\"http:\/\/zavod-parnas.org\/w\/wp-content\/uploads\/2017\/04\/DSCN5255.jpg\" data-link=\"http:\/\/zavod-parnas.org\/w\/sedrski-in-ajdov-zelodec-ter-velikonocni-kolacki-iz-sodrazice\/dscn5255\/\" class=\"wp-image-2603\" srcset=\"http:\/\/zavod-parnas.org\/w\/wp-content\/uploads\/2017\/04\/DSCN5255-630x473.jpg 630w, http:\/\/zavod-parnas.org\/w\/wp-content\/uploads\/2017\/04\/DSCN5255-252x189.jpg 252w, http:\/\/zavod-parnas.org\/w\/wp-content\/uploads\/2017\/04\/DSCN5255-300x225.jpg 300w, http:\/\/zavod-parnas.org\/w\/wp-content\/uploads\/2017\/04\/DSCN5255.jpg 2048w\" sizes=\"(max-width: 630px) 100vw, 630px\" \/><figcaption class=\"blocks-gallery-item__caption\">Prenos izro\u010dila<\/figcaption><\/figure><\/li><li class=\"blocks-gallery-item\"><figure><img loading=\"lazy\" decoding=\"async\" width=\"630\" height=\"473\" src=\"http:\/\/zavod-parnas.org\/w\/wp-content\/uploads\/2017\/04\/DSCN5321-630x473.jpg\" alt=\"\" data-id=\"2616\" data-full-url=\"http:\/\/zavod-parnas.org\/w\/wp-content\/uploads\/2017\/04\/DSCN5321.jpg\" data-link=\"http:\/\/zavod-parnas.org\/w\/sedrski-in-ajdov-zelodec-ter-velikonocni-kolacki-iz-sodrazice\/dscn5321\/\" class=\"wp-image-2616\" srcset=\"http:\/\/zavod-parnas.org\/w\/wp-content\/uploads\/2017\/04\/DSCN5321-630x473.jpg 630w, http:\/\/zavod-parnas.org\/w\/wp-content\/uploads\/2017\/04\/DSCN5321-252x189.jpg 252w, http:\/\/zavod-parnas.org\/w\/wp-content\/uploads\/2017\/04\/DSCN5321-300x225.jpg 300w, http:\/\/zavod-parnas.org\/w\/wp-content\/uploads\/2017\/04\/DSCN5321.jpg 2048w\" sizes=\"(max-width: 630px) 100vw, 630px\" \/><figcaption class=\"blocks-gallery-item__caption\">Nosilke izro\u010dila<\/figcaption><\/figure><\/li><\/ul><\/figure>\n\n\n\n<p>Delavnica poprtnikov z Marinko Vesel v Sodra\u017eici <br>(kamera in monta\u017ea &#8211; Jo\u017ee Senega\u010dnik, 2019)<\/p>\n\n\n\n<figure class=\"wp-block-embed is-type-video is-provider-youtube wp-block-embed-youtube wp-embed-aspect-16-9 wp-has-aspect-ratio\"><div class=\"wp-block-embed__wrapper\">\n<div class=\"ast-oembed-container \" style=\"height: 100%;\"><iframe title=\"Delavnica poprtnikov v Sodra\u017eici 11.12.2019\" width=\"500\" height=\"281\" src=\"https:\/\/www.youtube.com\/embed\/z8f2R73MpVU?feature=oembed\" frameborder=\"0\" allow=\"accelerometer; autoplay; clipboard-write; encrypted-media; gyroscope; picture-in-picture; web-share\" referrerpolicy=\"strict-origin-when-cross-origin\" allowfullscreen><\/iframe><\/div>\n<\/div><\/figure>\n\n\n\n<p>Pri\u017eig ognja in blagoslov razstave poprtnikov v Sodra\u017eici <br>(kamera in monta\u017ea: Jo\u017ee Senega\u010dnik, 2019)<\/p>\n\n\n\n<figure class=\"wp-block-embed is-type-video is-provider-youtube wp-block-embed-youtube wp-embed-aspect-16-9 wp-has-aspect-ratio\"><div class=\"wp-block-embed__wrapper\">\n<div class=\"ast-oembed-container \" style=\"height: 100%;\"><iframe title=\"Razstava poprtnikov in pri\u017eig bo\u017ei\u010dnega ognja v Sodra\u017eici 13.12.2019\" width=\"500\" height=\"281\" src=\"https:\/\/www.youtube.com\/embed\/XBek4VfWOg0?feature=oembed\" frameborder=\"0\" allow=\"accelerometer; autoplay; clipboard-write; encrypted-media; gyroscope; picture-in-picture; web-share\" referrerpolicy=\"strict-origin-when-cross-origin\" allowfullscreen><\/iframe><\/div>\n<\/div><\/figure>\n","protected":false},"excerpt":{"rendered":"<p>Nesnovna dedi\u0161\u010dina: Priprava poprtnikov Nosilec izro\u010dila: Skupina gospodinj iz Sodra\u017eice Skupino v Registru nesnovne kulturne dedi\u0161\u010dine zastopa Martina Pirnat. Koordinacija [&hellip;]<\/p>\n","protected":false},"author":2,"featured_media":0,"parent":575,"menu_order":0,"comment_status":"closed","ping_status":"closed","template":"","meta":{"site-sidebar-layout":"default","site-content-layout":"","ast-site-content-layout":"default","site-content-style":"default","site-sidebar-style":"default","ast-global-header-display":"","ast-banner-title-visibility":"","ast-main-header-display":"","ast-hfb-above-header-display":"","ast-hfb-below-header-display":"","ast-hfb-mobile-header-display":"","site-post-title":"","ast-breadcrumbs-content":"","ast-featured-img":"","footer-sml-layout":"","theme-transparent-header-meta":"","adv-header-id-meta":"","stick-header-meta":"","header-above-stick-meta":"","header-main-stick-meta":"","header-below-stick-meta":"","astra-migrate-meta-layouts":"default","ast-page-background-enabled":"default","ast-page-background-meta":{"desktop":{"background-color":"var(--ast-global-color-5)","background-image":"","background-repeat":"repeat","background-position":"center center","background-size":"auto","background-attachment":"scroll","background-type":"","background-media":"","overlay-type":"","overlay-color":"","overlay-opacity":"","overlay-gradient":""},"tablet":{"background-color":"","background-image":"","background-repeat":"repeat","background-position":"center center","background-size":"auto","background-attachment":"scroll","background-type":"","background-media":"","overlay-type":"","overlay-color":"","overlay-opacity":"","overlay-gradient":""},"mobile":{"background-color":"","background-image":"","background-repeat":"repeat","background-position":"center center","background-size":"auto","background-attachment":"scroll","background-type":"","background-media":"","overlay-type":"","overlay-color":"","overlay-opacity":"","overlay-gradient":""}},"ast-content-background-meta":{"desktop":{"background-color":"var(--ast-global-color-4)","background-image":"","background-repeat":"repeat","background-position":"center center","background-size":"auto","background-attachment":"scroll","background-type":"","background-media":"","overlay-type":"","overlay-color":"","overlay-opacity":"","overlay-gradient":""},"tablet":{"background-color":"var(--ast-global-color-4)","background-image":"","background-repeat":"repeat","background-position":"center center","background-size":"auto","background-attachment":"scroll","background-type":"","background-media":"","overlay-type":"","overlay-color":"","overlay-opacity":"","overlay-gradient":""},"mobile":{"background-color":"var(--ast-global-color-4)","background-image":"","background-repeat":"repeat","background-position":"center center","background-size":"auto","background-attachment":"scroll","background-type":"","background-media":"","overlay-type":"","overlay-color":"","overlay-opacity":"","overlay-gradient":""}},"footnotes":""},"class_list":["post-7346","page","type-page","status-publish","hentry"],"_links":{"self":[{"href":"http:\/\/zavod-parnas.org\/w\/wp-json\/wp\/v2\/pages\/7346","targetHints":{"allow":["GET"]}}],"collection":[{"href":"http:\/\/zavod-parnas.org\/w\/wp-json\/wp\/v2\/pages"}],"about":[{"href":"http:\/\/zavod-parnas.org\/w\/wp-json\/wp\/v2\/types\/page"}],"author":[{"embeddable":true,"href":"http:\/\/zavod-parnas.org\/w\/wp-json\/wp\/v2\/users\/2"}],"replies":[{"embeddable":true,"href":"http:\/\/zavod-parnas.org\/w\/wp-json\/wp\/v2\/comments?post=7346"}],"version-history":[{"count":9,"href":"http:\/\/zavod-parnas.org\/w\/wp-json\/wp\/v2\/pages\/7346\/revisions"}],"predecessor-version":[{"id":7552,"href":"http:\/\/zavod-parnas.org\/w\/wp-json\/wp\/v2\/pages\/7346\/revisions\/7552"}],"up":[{"embeddable":true,"href":"http:\/\/zavod-parnas.org\/w\/wp-json\/wp\/v2\/pages\/575"}],"wp:attachment":[{"href":"http:\/\/zavod-parnas.org\/w\/wp-json\/wp\/v2\/media?parent=7346"}],"curies":[{"name":"wp","href":"https:\/\/api.w.org\/{rel}","templated":true}]}}