{"id":714,"date":"2016-03-19T14:01:54","date_gmt":"2016-03-19T13:01:54","guid":{"rendered":"http:\/\/zavod-parnas.org\/w\/?page_id=714"},"modified":"2025-08-03T10:46:29","modified_gmt":"2025-08-03T08:46:29","slug":"knjigoveska-delavnica","status":"publish","type":"page","link":"http:\/\/zavod-parnas.org\/w\/javni-interes-na-podrocju-kulture\/knjigoveska-delavnica\/","title":{"rendered":"Knjigove\u0161ka delavnica"},"content":{"rendered":"\n<figure class=\"wp-block-image size-large is-resized is-style-default\"><img fetchpriority=\"high\" decoding=\"async\" width=\"1024\" height=\"768\" src=\"http:\/\/zavod-parnas.org\/w\/wp-content\/uploads\/2017\/01\/IMG_3797-1024x768.jpg\" alt=\"\" class=\"wp-image-2318\" style=\"width:630px\" srcset=\"http:\/\/zavod-parnas.org\/w\/wp-content\/uploads\/2017\/01\/IMG_3797-1024x768.jpg 1024w, http:\/\/zavod-parnas.org\/w\/wp-content\/uploads\/2017\/01\/IMG_3797-252x189.jpg 252w, http:\/\/zavod-parnas.org\/w\/wp-content\/uploads\/2017\/01\/IMG_3797-300x225.jpg 300w, http:\/\/zavod-parnas.org\/w\/wp-content\/uploads\/2017\/01\/IMG_3797.jpg 1600w\" sizes=\"(max-width: 1024px) 100vw, 1024px\" \/><\/figure>\n\n\n\n<p>Kako je potekala ro\u010dna izdelava prvih slovenskih knjig &#8211; kak\u0161ni so bili materiali, orodja, obla\u010dila tega \u010dasa? Animatorka v delovnem obla\u010dilu knjigovezinje 16. stoletja obiskovalcem prika\u017ee ro\u010dno vezavo knjige, uporablja knjigove\u0161ka orodja in materiale. Vodi razgovor o tem, kaj je faksimile in kaj reprint. Prepusti v razmislek: kak\u0161na je prihodnost tiskane knjige in kolik\u0161na je vrednost rokodelskih znanj in spretnosti.<\/p>\n\n\n\n<figure class=\"wp-block-image alignleft is-resized\"><img decoding=\"async\" width=\"300\" height=\"300\" src=\"http:\/\/zavod-parnas.org\/w\/wp-content\/uploads\/2021\/02\/cropped-logo-parnas-bel-mali-300x300.png\" alt=\"\" class=\"wp-image-6659\" style=\"width:74px;height:74px\" srcset=\"http:\/\/zavod-parnas.org\/w\/wp-content\/uploads\/2021\/02\/cropped-logo-parnas-bel-mali-300x300.png 300w, http:\/\/zavod-parnas.org\/w\/wp-content\/uploads\/2021\/02\/cropped-logo-parnas-bel-mali-252x252.png 252w, http:\/\/zavod-parnas.org\/w\/wp-content\/uploads\/2021\/02\/cropped-logo-parnas-bel-mali-270x270.png 270w, http:\/\/zavod-parnas.org\/w\/wp-content\/uploads\/2021\/02\/cropped-logo-parnas-bel-mali-192x192.png 192w, http:\/\/zavod-parnas.org\/w\/wp-content\/uploads\/2021\/02\/cropped-logo-parnas-bel-mali-180x180.png 180w, http:\/\/zavod-parnas.org\/w\/wp-content\/uploads\/2021\/02\/cropped-logo-parnas-bel-mali-32x32.png 32w, http:\/\/zavod-parnas.org\/w\/wp-content\/uploads\/2021\/02\/cropped-logo-parnas-bel-mali.png 512w\" sizes=\"(max-width: 300px) 100vw, 300px\" \/><\/figure>\n\n\n\n<p><strong>Primerno za<\/strong>: \u0161olske skupine (3.-9. r., srednje \u0161ole), za odrasle, za ve\u010d dru\u017ein skupaj &#8211; do 45 oseb v skupini<br><strong>Trajanje:<\/strong> 45 min<br><strong>Vstopnina: 3 EUR na osebo <\/strong>(<em>naro\u010dilnica ali gotovina) <\/em><\/p>\n\n\n\n<figure class=\"wp-block-image size-large is-style-default\"><img decoding=\"async\" width=\"630\" height=\"473\" src=\"http:\/\/zavod-parnas.org\/w\/wp-content\/uploads\/2022\/01\/IMG_1588-630x473.jpg\" alt=\"\" class=\"wp-image-7940\" srcset=\"http:\/\/zavod-parnas.org\/w\/wp-content\/uploads\/2022\/01\/IMG_1588-630x473.jpg 630w, http:\/\/zavod-parnas.org\/w\/wp-content\/uploads\/2022\/01\/IMG_1588-300x225.jpg 300w, http:\/\/zavod-parnas.org\/w\/wp-content\/uploads\/2022\/01\/IMG_1588-252x189.jpg 252w, http:\/\/zavod-parnas.org\/w\/wp-content\/uploads\/2022\/01\/IMG_1588-1536x1152.jpg 1536w, http:\/\/zavod-parnas.org\/w\/wp-content\/uploads\/2022\/01\/IMG_1588-2048x1536.jpg 2048w\" sizes=\"(max-width: 630px) 100vw, 630px\" \/><\/figure>\n\n\n\n<p><br><strong>Kraj izvedbe: <\/strong>Trubarjeva doma\u010dija &#8211; galerija Skedenj<br><em>Delavnico lahko kombinirate z razlago o Trubarju v spominski sobi &#8211; Javni zavod Trubarjevi kraji  (pla\u010dilo posebej po ceniku Trubarjeve doma\u010dije, p<\/em>otrebujete dve lo\u010deni naro\u010dilnici.)<\/p>\n\n\n\n<h2 class=\"wp-block-heading\">Ostali programi:<\/h2>\n\n\n\n<p><a href=\"http:\/\/zavod-parnas.org\/w\/izdelajmo-miniaturno-knjigo\/\">Izdelajmo miniaturno knjigo<\/a>\u00a0 \u00a0<a href=\"http:\/\/zavod-parnas.org\/w\/javni-interes-na-podrocju-kulture\/bukvice\/\">Bukvice<\/a>\u00a0\u00a0 <a href=\"http:\/\/zavod-parnas.org\/w\/javni-interes-na-podrocju-kulture\/pri-suhorobarju\/\">Pri suhorobarju<\/a>\u00a0<br><\/p>\n\n\n\n<h2 class=\"wp-block-heading\">Primer urnika povezave ve\u010d programov na Trubarjevi doma\u010diji:<\/h2>\n\n\n\n<p>9:00 &#8211; 9:45  Knjigove\u0161ka delavnica &#8211; vsi (ZAVOD PARNAS)<br>9:45 &#8211; 10:00 Odmor oz. \u010das za malico ter delitev v dve skupini<\/p>\n\n\n\n<p>PRVA SKUPINA: <br>10:00-11:00  Izdelajmo miniaturko (ZAVOD PARNAS)<br>11:00 &#8211; 12:00 Razlaga v spominski sobi in ogled doma\u010dije (JZTK)<\/p>\n\n\n\n<p>DRUGA SKUPINA:<br>10:00-11:00 Razlaga v spominski sobi in ogled doma\u010dije (JZTK)<br>11:00 &#8211; 12:00 Izdelajmo miniaturko (ZAVOD PARNAS)<\/p>\n\n\n\n<h2 class=\"wp-block-heading\">Ve\u010d info: <\/h2>\n\n\n\n<p>Trubarjeva doma\u010dija 01 7881 006, info(@)trubarjevi-kraji.si ali<br>Zavod Parnas 041 833 456, info(@)zavod-parnas.org<\/p>\n\n\n\n<div class=\"wp-block-buttons is-layout-flex wp-block-buttons-is-layout-flex\">\n<div class=\"wp-block-button\"><a class=\"wp-block-button__link wp-element-button\" href=\"https:\/\/zavod-parnas.org\/w\/prijavnica\/\">Po\u0161lji povpra\u0161evanje<\/a><\/div>\n<\/div>\n\n\n\n<p><\/p>\n","protected":false},"excerpt":{"rendered":"<p>Kako je potekala ro\u010dna izdelava prvih slovenskih knjig &#8211; kak\u0161ni so bili materiali, orodja, obla\u010dila tega \u010dasa? Animatorka v delovnem [&hellip;]<\/p>\n","protected":false},"author":2,"featured_media":0,"parent":613,"menu_order":0,"comment_status":"closed","ping_status":"closed","template":"","meta":{"site-sidebar-layout":"default","site-content-layout":"","ast-site-content-layout":"default","site-content-style":"default","site-sidebar-style":"default","ast-global-header-display":"","ast-banner-title-visibility":"","ast-main-header-display":"","ast-hfb-above-header-display":"","ast-hfb-below-header-display":"","ast-hfb-mobile-header-display":"","site-post-title":"","ast-breadcrumbs-content":"","ast-featured-img":"","footer-sml-layout":"","theme-transparent-header-meta":"","adv-header-id-meta":"","stick-header-meta":"","header-above-stick-meta":"","header-main-stick-meta":"","header-below-stick-meta":"","astra-migrate-meta-layouts":"default","ast-page-background-enabled":"default","ast-page-background-meta":{"desktop":{"background-color":"var(--ast-global-color-5)","background-image":"","background-repeat":"repeat","background-position":"center center","background-size":"auto","background-attachment":"scroll","background-type":"","background-media":"","overlay-type":"","overlay-color":"","overlay-opacity":"","overlay-gradient":""},"tablet":{"background-color":"","background-image":"","background-repeat":"repeat","background-position":"center center","background-size":"auto","background-attachment":"scroll","background-type":"","background-media":"","overlay-type":"","overlay-color":"","overlay-opacity":"","overlay-gradient":""},"mobile":{"background-color":"","background-image":"","background-repeat":"repeat","background-position":"center center","background-size":"auto","background-attachment":"scroll","background-type":"","background-media":"","overlay-type":"","overlay-color":"","overlay-opacity":"","overlay-gradient":""}},"ast-content-background-meta":{"desktop":{"background-color":"var(--ast-global-color-4)","background-image":"","background-repeat":"repeat","background-position":"center center","background-size":"auto","background-attachment":"scroll","background-type":"","background-media":"","overlay-type":"","overlay-color":"","overlay-opacity":"","overlay-gradient":""},"tablet":{"background-color":"var(--ast-global-color-4)","background-image":"","background-repeat":"repeat","background-position":"center center","background-size":"auto","background-attachment":"scroll","background-type":"","background-media":"","overlay-type":"","overlay-color":"","overlay-opacity":"","overlay-gradient":""},"mobile":{"background-color":"var(--ast-global-color-4)","background-image":"","background-repeat":"repeat","background-position":"center center","background-size":"auto","background-attachment":"scroll","background-type":"","background-media":"","overlay-type":"","overlay-color":"","overlay-opacity":"","overlay-gradient":""}},"footnotes":""},"class_list":["post-714","page","type-page","status-publish","hentry"],"_links":{"self":[{"href":"http:\/\/zavod-parnas.org\/w\/wp-json\/wp\/v2\/pages\/714","targetHints":{"allow":["GET"]}}],"collection":[{"href":"http:\/\/zavod-parnas.org\/w\/wp-json\/wp\/v2\/pages"}],"about":[{"href":"http:\/\/zavod-parnas.org\/w\/wp-json\/wp\/v2\/types\/page"}],"author":[{"embeddable":true,"href":"http:\/\/zavod-parnas.org\/w\/wp-json\/wp\/v2\/users\/2"}],"replies":[{"embeddable":true,"href":"http:\/\/zavod-parnas.org\/w\/wp-json\/wp\/v2\/comments?post=714"}],"version-history":[{"count":61,"href":"http:\/\/zavod-parnas.org\/w\/wp-json\/wp\/v2\/pages\/714\/revisions"}],"predecessor-version":[{"id":11919,"href":"http:\/\/zavod-parnas.org\/w\/wp-json\/wp\/v2\/pages\/714\/revisions\/11919"}],"up":[{"embeddable":true,"href":"http:\/\/zavod-parnas.org\/w\/wp-json\/wp\/v2\/pages\/613"}],"wp:attachment":[{"href":"http:\/\/zavod-parnas.org\/w\/wp-json\/wp\/v2\/media?parent=714"}],"curies":[{"name":"wp","href":"https:\/\/api.w.org\/{rel}","templated":true}]}}