{"id":641,"date":"2016-03-19T11:29:32","date_gmt":"2016-03-19T10:29:32","guid":{"rendered":"http:\/\/zavod-parnas.org\/w\/?page_id=641"},"modified":"2026-01-11T09:56:06","modified_gmt":"2026-01-11T08:56:06","slug":"projekti-2000-2015","status":"publish","type":"page","link":"http:\/\/zavod-parnas.org\/w\/projekti-2000-2015\/","title":{"rendered":"Projekti 2000-2025"},"content":{"rendered":"<p><strong>Dr\u017eavni in evropski projekti \u00a0Zavoda Parnas v obdobju 2000-2025 &#8211; zaklju\u010deni:<br \/>\n<\/strong><em>(naslov projekta \/ leto \/ sofinancer \/ vloga Zavoda Parnas)<\/em><\/p>\n<hr \/>\n<p><strong><a href=\"https:\/\/zavod-parnas.org\/w\/projekt-pod-prtom\/\">Pod prtom<\/a> <\/strong>\/ 2025 \/ Ministrstvo za kulturo JPR NKD 2025 \/ nosilec<\/p>\n<p><strong><a href=\"https:\/\/zavod-parnas.org\/w\/mala-barja-marja\/\">Mala barja MARJA<\/a> \/ 2017-2023 \/ RS in Evropski sklad za regionalni razvoj\u00a0 \/ partner<\/strong><\/p>\n<p><strong><a href=\"https:\/\/zavod-parnas.org\/w\/projekt-kdo-se-pece-poprtnik\/\">Kdo \u0161e pe\u010de poprtnik <\/a><\/strong>\/2023 \/ Ministrstvo za kulturo JPR NKD 2023 \/ nosilec<\/p>\n<p><strong><a href=\"https:\/\/zavod-parnas.org\/w\/projekt-sporocila-poprtnikov\/\">Sporo\u010dila poprtnikov<\/a><\/strong> \/ 2022 \/ Ministrstvo za kulturo JPR NKD 2022 \/ nosilec<\/p>\n<p><strong><a href=\"https:\/\/zavod-parnas.org\/w\/projekt-bozic-z-okusom\/\">Bo\u017ei\u010d z okusom<\/a> <\/strong>\/ 2021 \/ Ministrstvo za kulturo JPR NKD 2021 \/ nosilec<\/p>\n<p><a href=\"https:\/\/zavod-parnas.org\/w\/metulji-in-kacji-pastirji-mik-las-ppd\/\"><strong>Metulji in ka\u010dji pastirji MIK<\/strong><\/a> &#8211; LAS PPD \/ 2021-2023 \/ Evropski sklad za regionalni razvoj \/ nosilni partner<\/p>\n<p><a href=\"https:\/\/zavod-parnas.org\/w\/zidovi-in-drevesa-zid-las-ppd\/\"><strong>Zidovi in drevesa ZID<\/strong> <\/a>&#8211; LAS PPD \/ 2020-2021 \/ Evropski kmetijski sklad za razvoj pode\u017eelja \/ nosilni partner<\/p>\n<p><a href=\"https:\/\/zavod-parnas.org\/w\/zivljenje-ustvarja-zgodbe-zuz-las-ppd\/\"><strong>\u017divljenje ustvarja zgodbe \u017dUZ<\/strong><\/a> \/ 2019-2020 \/ Evropski kmetijski sklad za razvoj pode\u017eelja \/ partner<\/p>\n<p><a href=\"https:\/\/zavod-parnas.org\/w\/kuharica-fizolov-dan\/\"><strong>Kuharica Fi\u017eolov dan KFD<\/strong><\/a> \/2019-2020 \/ Evropski kmetijski sklad \/ partner<\/p>\n<p><strong><a href=\"https:\/\/zavod-parnas.org\/w\/uzivam-tradicijo\/\">U\u017eivam tradicijo<\/a> \/ 2017-2019 \/ Interreg V-A SI-HR Evropski sklad za regionalni razvoj\u00a0 \/ konzorcijski partner<\/strong><\/p>\n<p><a href=\"https:\/\/zavod-parnas.org\/w\/projekt_priprava_poprtnikov_2016\/\"><strong>Priprava poprtnikov<\/strong><\/a> \/ 2016 \/\u00a0Ministrstvo za kulturo JPR KD 2016 \/ nosilec<\/p>\n<p><strong>Jezera za nas JE-ZA-NAS<\/strong> \/ 2013 \/ Pobuda Leader LAS Po poteh dedi\u0161\u010dine od Idrijce do Kolpe\u00a0 \/ partner (po realizaciji <em>zavrnjen<\/em> zaradi adm. napake nosilca projekta)<\/p>\n<p><a href=\"https:\/\/zavod-parnas.org\/w\/projekti-2000-2015\/dediscinske-skupnosti-za-danes-2012\/\"><strong>Dedi\u0161\u010dinske skupnosti za danes DEDI<\/strong> <\/a>\/ 2012 \/ Pobuda Leader LAS Po poteh dedi\u0161\u010dine od Idrijce do Kolpe \/\u00a0nosilni partner<\/p>\n<p><a href=\"https:\/\/zavod-parnas.org\/w\/projekti-2000-2015\/medved-nas-vsakdanji\/\"><strong>Medved na\u0161 vsakdanji \u00a0TRIMED<\/strong><\/a> \/ 2012 \/ Pobuda Leader LAS Po poteh dedi\u0161\u010dine od Idrijce do Kolpe \/ nosilni partner<\/p>\n<p><a href=\"https:\/\/jezerski-hram.si\/projektno_delo\/projekt_smid\/\"><strong>SMID &#8211; Slovenska mre\u017ea za interpretacijo dedi\u0161\u010dine<\/strong><\/a> (podprt na javnem razpisu za spodbujanje razvoja nevladnih organizacij in civilnega dialoga 2010-2012\u00a0\/ Ministrstvo za javno upravo \/\u00a0konzorcijski partner<\/p>\n<p><a href=\"https:\/\/zavod-parnas.org\/w\/projekti-2000-2015\/tu-malajne-ni-vse-proc-palu-2011\/\"><strong>Tu malajne ni vse pro\u010d palu<\/strong> <\/a>\/ 2011 \/ Ministrstvo za kulturo JPR KD 2011 \/ nosilec<\/p>\n<p><a href=\"https:\/\/zavod-parnas.org\/w\/projekti-2000-2015\/misja-dolina-rdeci-seznam-misje-doline-zavod-parnas-2010\/\"><strong>Rde\u010di seznam Mi\u0161je doline<\/strong><\/a> \/ 2010 \/\u00a0 Urad za komuniciranje in Ministrstvo za okolje \/ nosilec<\/p>\n<p><a href=\"https:\/\/zavod-parnas.org\/w\/projekti-2000-2015\/andrej-turjaski-in-bitka-pri-sisku-2010\/\"><strong>Andrej Turja\u0161ki in bitka pri Sisku<\/strong><\/a> \/ 2010 \/ Ministrstvo za kulturo JPR KD 2010 \/ nosilec<\/p>\n<p><a href=\"https:\/\/zavod-parnas.org\/w\/projekti-2000-2015\/po-sledovih-andreja-turjaskega-2009\/\"><strong>Po sledovih Andreja Turja\u0161kega<\/strong><\/a> \/ 2009 \/ Ministrstvo za kulturo JPR KD 2009 \/ nosilec<\/p>\n<p><a href=\"https:\/\/zavod-parnas.org\/w\/projekti-2000-2015\/mokrisce-izziv-za-podezelje-2009\/\"><strong>Mokri\u0161\u010de &#8211; izziv za pode\u017eelje<\/strong><\/a> \/ 2009 \/\u00a0Urad Vlade za komuniciranje in Ministrstvo za okolje\u00a0\/ nosilec<\/p>\n<p><strong>Gostovanje z razstavo Vsem Slovencem v Tuebingenu<\/strong> \/ 2008 \/ Ministrstvo za kulturo \/ nosilec<\/p>\n<p><a href=\"http:\/\/zavod-parnas.org\/w\/projekti-2000-2015\/trubarjevo-leto-2008\/\">Trubarjevo leto 2008 <\/a>\/\u00a0gostovanja razstave Vsem Slovencem v Sloveniji in tujini &#8211; razli\u010dni soorganizatorji\u00a0\/ nosilni partner<\/p>\n<p><strong>Vsem Slovencem<\/strong> \/ 2007 \/ Ministrstvo za kulturo JPR KD 2007 \/ nosilec<\/p>\n<p><strong>Programski razpis za kulturno dedi\u0161\u010din<\/strong>o \/2004-2006 \/ Ministrstvo za kulturo \/ nosilec<\/p>\n<p><span style=\"font-size: revert;\"><strong>Na pode\u017eelju je prilo\u017enost zame<\/strong> \/ 2003 \/ Urad Vlade za komuniciranje in Ministrstvo za okolje \/ nosilec<\/span><\/p>\n<p><strong>Programski razpis za kulturno dedi\u0161\u010dino<\/strong> \/ 2001-2003 \/ Ministrstvo za kulturo \/ nosilec<\/p>\n<hr \/>\n<p><a href=\"http:\/\/zavod-parnas.org\/w\/projekti-2000-2015\/najdihojca\/\">Najdihojca &#8211; festival otro\u0161kega gledali\u0161\u010da \/<\/a> 2000-2015 \/ Ob\u010dina Velike La\u0161\u010de \/ soorganizator s KUD Primo\u017e Trubar<\/p>\n<p>Ve\u010d manj\u0161ih projektov na ob\u010dinskih razpisih Kultura in \u00a0Dru\u0161tva \/ 2000-2022 \/ Ob\u010dina Velike La\u0161\u010de \/ nosilec<\/p>\n","protected":false},"excerpt":{"rendered":"<p>Dr\u017eavni in evropski projekti \u00a0Zavoda Parnas v obdobju 2000-2025 &#8211; zaklju\u010deni: (naslov projekta \/ leto \/ sofinancer \/ vloga Zavoda [&hellip;]<\/p>\n","protected":false},"author":2,"featured_media":0,"parent":0,"menu_order":0,"comment_status":"closed","ping_status":"closed","template":"","meta":{"site-sidebar-layout":"default","site-content-layout":"","ast-site-content-layout":"default","site-content-style":"default","site-sidebar-style":"default","ast-global-header-display":"","ast-banner-title-visibility":"","ast-main-header-display":"","ast-hfb-above-header-display":"","ast-hfb-below-header-display":"","ast-hfb-mobile-header-display":"","site-post-title":"","ast-breadcrumbs-content":"","ast-featured-img":"","footer-sml-layout":"","theme-transparent-header-meta":"","adv-header-id-meta":"","stick-header-meta":"","header-above-stick-meta":"","header-main-stick-meta":"","header-below-stick-meta":"","astra-migrate-meta-layouts":"default","ast-page-background-enabled":"default","ast-page-background-meta":{"desktop":{"background-color":"var(--ast-global-color-5)","background-image":"","background-repeat":"repeat","background-position":"center center","background-size":"auto","background-attachment":"scroll","background-type":"","background-media":"","overlay-type":"","overlay-color":"","overlay-opacity":"","overlay-gradient":""},"tablet":{"background-color":"","background-image":"","background-repeat":"repeat","background-position":"center center","background-size":"auto","background-attachment":"scroll","background-type":"","background-media":"","overlay-type":"","overlay-color":"","overlay-opacity":"","overlay-gradient":""},"mobile":{"background-color":"","background-image":"","background-repeat":"repeat","background-position":"center center","background-size":"auto","background-attachment":"scroll","background-type":"","background-media":"","overlay-type":"","overlay-color":"","overlay-opacity":"","overlay-gradient":""}},"ast-content-background-meta":{"desktop":{"background-color":"var(--ast-global-color-4)","background-image":"","background-repeat":"repeat","background-position":"center center","background-size":"auto","background-attachment":"scroll","background-type":"","background-media":"","overlay-type":"","overlay-color":"","overlay-opacity":"","overlay-gradient":""},"tablet":{"background-color":"var(--ast-global-color-4)","background-image":"","background-repeat":"repeat","background-position":"center center","background-size":"auto","background-attachment":"scroll","background-type":"","background-media":"","overlay-type":"","overlay-color":"","overlay-opacity":"","overlay-gradient":""},"mobile":{"background-color":"var(--ast-global-color-4)","background-image":"","background-repeat":"repeat","background-position":"center center","background-size":"auto","background-attachment":"scroll","background-type":"","background-media":"","overlay-type":"","overlay-color":"","overlay-opacity":"","overlay-gradient":""}},"footnotes":""},"class_list":["post-641","page","type-page","status-publish","hentry"],"_links":{"self":[{"href":"http:\/\/zavod-parnas.org\/w\/wp-json\/wp\/v2\/pages\/641","targetHints":{"allow":["GET"]}}],"collection":[{"href":"http:\/\/zavod-parnas.org\/w\/wp-json\/wp\/v2\/pages"}],"about":[{"href":"http:\/\/zavod-parnas.org\/w\/wp-json\/wp\/v2\/types\/page"}],"author":[{"embeddable":true,"href":"http:\/\/zavod-parnas.org\/w\/wp-json\/wp\/v2\/users\/2"}],"replies":[{"embeddable":true,"href":"http:\/\/zavod-parnas.org\/w\/wp-json\/wp\/v2\/comments?post=641"}],"version-history":[{"count":22,"href":"http:\/\/zavod-parnas.org\/w\/wp-json\/wp\/v2\/pages\/641\/revisions"}],"predecessor-version":[{"id":12560,"href":"http:\/\/zavod-parnas.org\/w\/wp-json\/wp\/v2\/pages\/641\/revisions\/12560"}],"wp:attachment":[{"href":"http:\/\/zavod-parnas.org\/w\/wp-json\/wp\/v2\/media?parent=641"}],"curies":[{"name":"wp","href":"https:\/\/api.w.org\/{rel}","templated":true}]}}