{"id":626,"date":"2016-03-19T10:09:19","date_gmt":"2016-03-19T09:09:19","guid":{"rendered":"http:\/\/zavod-parnas.org\/w\/?page_id=626"},"modified":"2020-07-21T10:26:46","modified_gmt":"2020-07-21T08:26:46","slug":"kolesarske-ture-in-gps-tour","status":"publish","type":"page","link":"http:\/\/zavod-parnas.org\/w\/kolesarske-ture-in-gps-tour\/","title":{"rendered":"Kolesarjenje"},"content":{"rendered":"<h2>Mi\u0161ja dolina z okolico &#8211; za kolesarje<\/h2>\n<p>(pripravlja in vodi Jo\u017ee Stari\u010d)<\/p>\n<p><span class=\"naslov\">Smer 1: <strong>Po Rutah in Blokah (Rute-I\u0161ka-Blo\u0161ka planota-Krvava Pe\u010d)<\/strong><\/span> Dol\u017eina: 35,2 km \/ Trajanje: 2 uri \/ Te\u017eavnost (1-5): 3<br><a href=\"http:\/\/www.gps-tour.info\/sl\/92\/detail.52990.html\">GPS Tour &#8211; smer 1<br><\/a><\/p>\n<p><span class=\"naslov\">Smer 2: <strong>Rob-Veliki Osolnik-Turjak-Rob<\/strong><\/span> <br>Dol\u017eina: 17,8 km \/ Trajanje: 1,15 ure \/ Te\u017eavnost (1-5): 3<br><a href=\"http:\/\/www.gps-tour.info\/sl\/92\/detail.55982.html\">GPS Tour &#8211; smer 2<\/a><\/p>\n<p><span class=\"naslov\">Smer 3: <strong>Po Trubarjevi fari (Rob-Ponikve-\u0160kocjan-Veliki Osolnik-Rob)<\/strong><\/span> Dol\u017eina: 22,3 km \/ Trajanje: 1 ura \/ Te\u017eavnost (1-5): 3<br><a href=\"http:\/\/www.gps-tour.info\/sl\/92\/detail.55989.html\">GPS Tour &#8211; smer 3<\/a><\/p>\n<p><span class=\"naslov\">Smer 4: <strong>Sv. Ahac nad Turjakom<\/strong><\/span> <br>Dol\u017eina: 32,8 km \/ Trajanje: 2 uri \/ Te\u017eavnost (1-5): 3<br><a href=\"http:\/\/www.gps-tour.info\/sl\/92\/detail.56947.html\">GPS Tour &#8211; smer 4<\/a><\/p>\n<p><span class=\"naslov\">Smer 5: <strong>Sveti Primo\u017e pri Velikih La\u0161\u010dah, rimski zaporni zid<\/strong><\/span> <br>Dol\u017eina: 12 km \/ Trajanje: 1 ura \/Te\u017eavnost (1-5): 3<br><a href=\"http:\/\/www.gps-tour.info\/sl\/92\/detail.62282.html\">GPS Tour &#8211; smer 5<\/a><\/p>\n<p><span class=\"naslov\">Smer 6: <strong>Rob-Veliki Osolnik-Laporje-Sloka Gora-Sv. Ahac-Podturjak-Zapotok-Rob<\/strong><\/span> <br>Dol\u017eina: 29,3 km \/ Trajanje: 2 uri \/ Te\u017eavnost (1-5): 3<br><a href=\"http:\/\/www.gps-tour.info\/sl\/92\/detail.68408.html\">GPS Tour &#8211; smer 6<\/a><\/p>\n<p><span class=\"naslov\">Smer 7: <strong>Retje-Ortne\u0161ki grad-Sveti Gregor-Strmec-Retje<\/strong><\/span> <br>Dol\u017eina: 23,4 km \/ Trajanje: 1:30 ure \/ Te\u017eavnost (1-5): 3<br><a href=\"http:\/\/www.gps-tour.info\/sl\/92\/detail.72418.html\">GPS Tour &#8211; smer 7<\/a><\/p>\n<p><span class=\"naslov\">Smer 8: <strong>Kamen vrh in Grmada<\/strong><\/span> <br>Dol\u017eina: 17,5 km \/ Trajanje: 1:15 ure \/ Te\u017eavnost (1-5): 3<br><a href=\"http:\/\/www.gps-tour.info\/sl\/92\/detail.72208.html\">GPS Tour &#8211; smer 8<\/a><\/p>\n<p><a href=\"http:\/\/www.gps-tour.info\/sl\/93\/tours.jstaric.html\" target=\"_blank\" rel=\"noopener noreferrer\">Povezava na ostale kolesarske ture Jo\u017eeta Stari\u010da (GPS Tour)<\/a><\/p>\n\n\n<p><\/p>\n","protected":false},"excerpt":{"rendered":"<p>Mi\u0161ja dolina z okolico &#8211; za kolesarje (pripravlja in vodi Jo\u017ee Stari\u010d) Smer 1: Po Rutah in Blokah (Rute-I\u0161ka-Blo\u0161ka planota-Krvava [&hellip;]<\/p>\n","protected":false},"author":3,"featured_media":1251,"parent":0,"menu_order":0,"comment_status":"closed","ping_status":"closed","template":"","meta":{"site-sidebar-layout":"default","site-content-layout":"","ast-site-content-layout":"default","site-content-style":"default","site-sidebar-style":"default","ast-global-header-display":"","ast-banner-title-visibility":"","ast-main-header-display":"","ast-hfb-above-header-display":"","ast-hfb-below-header-display":"","ast-hfb-mobile-header-display":"","site-post-title":"","ast-breadcrumbs-content":"","ast-featured-img":"","footer-sml-layout":"","theme-transparent-header-meta":"","adv-header-id-meta":"","stick-header-meta":"","header-above-stick-meta":"","header-main-stick-meta":"","header-below-stick-meta":"","astra-migrate-meta-layouts":"default","ast-page-background-enabled":"default","ast-page-background-meta":{"desktop":{"background-color":"var(--ast-global-color-5)","background-image":"","background-repeat":"repeat","background-position":"center center","background-size":"auto","background-attachment":"scroll","background-type":"","background-media":"","overlay-type":"","overlay-color":"","overlay-opacity":"","overlay-gradient":""},"tablet":{"background-color":"","background-image":"","background-repeat":"repeat","background-position":"center center","background-size":"auto","background-attachment":"scroll","background-type":"","background-media":"","overlay-type":"","overlay-color":"","overlay-opacity":"","overlay-gradient":""},"mobile":{"background-color":"","background-image":"","background-repeat":"repeat","background-position":"center center","background-size":"auto","background-attachment":"scroll","background-type":"","background-media":"","overlay-type":"","overlay-color":"","overlay-opacity":"","overlay-gradient":""}},"ast-content-background-meta":{"desktop":{"background-color":"var(--ast-global-color-4)","background-image":"","background-repeat":"repeat","background-position":"center center","background-size":"auto","background-attachment":"scroll","background-type":"","background-media":"","overlay-type":"","overlay-color":"","overlay-opacity":"","overlay-gradient":""},"tablet":{"background-color":"var(--ast-global-color-4)","background-image":"","background-repeat":"repeat","background-position":"center center","background-size":"auto","background-attachment":"scroll","background-type":"","background-media":"","overlay-type":"","overlay-color":"","overlay-opacity":"","overlay-gradient":""},"mobile":{"background-color":"var(--ast-global-color-4)","background-image":"","background-repeat":"repeat","background-position":"center center","background-size":"auto","background-attachment":"scroll","background-type":"","background-media":"","overlay-type":"","overlay-color":"","overlay-opacity":"","overlay-gradient":""}},"footnotes":""},"class_list":["post-626","page","type-page","status-publish","has-post-thumbnail","hentry"],"_links":{"self":[{"href":"http:\/\/zavod-parnas.org\/w\/wp-json\/wp\/v2\/pages\/626","targetHints":{"allow":["GET"]}}],"collection":[{"href":"http:\/\/zavod-parnas.org\/w\/wp-json\/wp\/v2\/pages"}],"about":[{"href":"http:\/\/zavod-parnas.org\/w\/wp-json\/wp\/v2\/types\/page"}],"author":[{"embeddable":true,"href":"http:\/\/zavod-parnas.org\/w\/wp-json\/wp\/v2\/users\/3"}],"replies":[{"embeddable":true,"href":"http:\/\/zavod-parnas.org\/w\/wp-json\/wp\/v2\/comments?post=626"}],"version-history":[{"count":7,"href":"http:\/\/zavod-parnas.org\/w\/wp-json\/wp\/v2\/pages\/626\/revisions"}],"predecessor-version":[{"id":6042,"href":"http:\/\/zavod-parnas.org\/w\/wp-json\/wp\/v2\/pages\/626\/revisions\/6042"}],"wp:featuredmedia":[{"embeddable":true,"href":"http:\/\/zavod-parnas.org\/w\/wp-json\/wp\/v2\/media\/1251"}],"wp:attachment":[{"href":"http:\/\/zavod-parnas.org\/w\/wp-json\/wp\/v2\/media?parent=626"}],"curies":[{"name":"wp","href":"https:\/\/api.w.org\/{rel}","templated":true}]}}