{"id":619,"date":"2016-03-19T10:09:19","date_gmt":"2016-03-19T09:09:19","guid":{"rendered":"http:\/\/zavod-parnas.org\/w\/?page_id=619"},"modified":"2026-01-11T09:40:06","modified_gmt":"2026-01-11T08:40:06","slug":"dediscinske-skupnosti-za-danes-2012","status":"publish","type":"page","link":"http:\/\/zavod-parnas.org\/w\/projekti-2000-2015\/dediscinske-skupnosti-za-danes-2012\/","title":{"rendered":"Dedi\u0161\u010dinske skupnosti za danes (2012)"},"content":{"rendered":"<p><img decoding=\"async\" src=\"\/images\/news\/leader_glava.jpg\" alt=\"\" \/><\/p>\n<p><b>Projekt DEDI\u0160\u010cINSKE SKUPNOSTI &#8211; ZA DANES (2012)<\/b><\/p>\n<p><b>Naslov projekta:<\/b>Dedi\u0161\u010dinske skupnosti &#8211; za danes<br \/>\n<b>Prijavitelj:<\/b> Parnas, zavod za kulturo in turizem Velike La\u0161\u010de<br \/>\n<b>Projektni partnerji:<\/b>Va\u0161ko dru\u0161tvo Konca vas, <a href=\"http:\/\/www.zavod-bapo.eu\/\/\" target=\"_blank\">Zavod BAPO<\/a>.<br \/>\n<b>Razpis:<\/b><a href=\"http:\/\/www.arsktrp.gov.si\/si\/storitve_ukrepi\/ukrepi_razvoja_podezelja\/\" target=\"_blank\">LEADER<\/a><br \/>\nob finan\u010dni podpori Evropskega kmetijskega sklada za razvoj pode\u017eelja. Organ upravljanja Programa za razvoj pode\u017eelja Republike Slovenije za obdobje 2007-2013 je Ministrstvo za kmetijstvo, gozdarstvo in prehrano.<\/p>\n<p><b>Cilji projekta:<\/b> -dvigniti prepoznavnost obmo\u010dja skozi primere treh razli\u010dnih delujo\u010dih dedi\u0161\u010dinskih skupnosti<br \/>\n-s povezovanjem aktivnosti in medsebojnim izmenjavanjem izku\u0161enj prena\u0161ajo znanje z ene dedi\u0161\u010dinske skupnosti na drugo<br \/>\n&#8211; doma\u010dini prepoznajo prednosti \u017eivljenja na pode\u017eelju in se aktivirajo na podlagi lastnih talentov<br \/>\n&#8211; prena\u0161ajo ponovno odkrita dedi\u0161\u010dinska znanja na vse generacije in razli\u010dne ciljne skupine (\u017eenske, mladi, invalidi, brezposelni)<\/p>\n<p>Prispevki projekta k lokalni razvojni strategiji: 1. Ureditev prostora v kvalitetno \u017eivljenjsko in delovno okolje 2. Razvoj naravnih, kulturnih in \u010dlove\u0161kih potencialov za vi\u0161jo dodano vrednost 3. Doseganje ve\u010dje prepoznavnosti obmo\u010dja (ve\u010d v projektni dokumentaciji)<br \/>\n<b>Trajanje projekta:<\/b> 6.2.2012 &#8211; 31.12.2012<\/p>\n<p>Na obmo\u010dju delovanja LAS Po poteh dedi\u0161\u010dine od Idrijce do Kolpe bomo spremljali delovanje treh dedi\u0161\u010dinskih skupnosti: v Konca vasi pri Ko\u010devju, kjer aktivnosti koordinira Va\u0161ko dru\u0161tvo konca vas, v okolici Babnega Polja v Lo\u0161ki dolini, kjer je to Zavod BAPO ter v Robu in Krvavi Pe\u010di &#8211; kjer deluje zavod Parnas. Kot partner projekta sodeluje tudi podjetje Arhej, kjer bodo poskrbeli za priprava strokovnih osnov ter prenos znanja o geolo\u0161ki dedi\u0161\u010dini Krvave Pe\u010di doma\u010dinom. Po Okvirni konvenciji Sveta Evrope dedi\u0161\u010dinsko skupnost sestavljajo ljudje, ki cenijo posamezne vidike kulturne dedi\u0161\u010dine ter jih \u017eelijo z javnim delovanjem ohranjati in prena\u0161ati prihodnjim rodovom &#8211; mi pa bomo na prakti\u010dnih primerih spremljali, kako se dedi\u0161\u010dinska skupnost vzpostavlja, deluje in postane primer dobre prakse.<\/p>\n<p>Na\u0161li smo ve\u010d skupnih izhodi\u0161\u010d &#8211; skrb za ohranjanje rokodelskih ve\u0161\u010din in znanj, ljudi, ki \u017eelijo urediti svoje bivalno okolje, prena\u0161anje znanj s starej\u0161ih generacij na mlaj\u0161e, \u017eelja po dru\u017eenju in ureditvi vasi. V obliki <b>rokodelsko-motivacijskih delavnic, delovnih akcij in odprtih dni <\/b>bomo zastavljene vsebine dodelali, si izmenjali predavatelje in se med seboj bolje spoznali na delovnih ekskurzijah drug k drugemu. Oblikovali bomo ve\u010d zanimivih <b>izobra\u017eevalnih programov<\/b>, v katerih bodo aktivno vlogo imeli prav doma\u010dini. V maju in juniju boste na odprte dneve vseh dedi\u0161\u010dinskih skupnosti povabljeni tudi vi. Izdali bomo skupno <b>publikacijo<\/b>, v kateri bomo izpostavili vse tri dele obmo\u010dja kot primere dobrih praks pri vzpostavljanju in delovanju dedi\u0161\u010dinskih skupnosti.<\/p>\n<p>Spremljajte aktivnosti v novicah na na\u0161i spletni strani!<br \/>\nMetka Stari\u010d, vodja projekta<\/p>\n","protected":false},"excerpt":{"rendered":"<p>Projekt DEDI\u0160\u010cINSKE SKUPNOSTI &#8211; ZA DANES (2012) Naslov projekta:Dedi\u0161\u010dinske skupnosti &#8211; za danes Prijavitelj: Parnas, zavod za kulturo in turizem [&hellip;]<\/p>\n","protected":false},"author":2,"featured_media":0,"parent":641,"menu_order":0,"comment_status":"closed","ping_status":"closed","template":"","meta":{"site-sidebar-layout":"default","site-content-layout":"","ast-site-content-layout":"default","site-content-style":"default","site-sidebar-style":"default","ast-global-header-display":"","ast-banner-title-visibility":"","ast-main-header-display":"","ast-hfb-above-header-display":"","ast-hfb-below-header-display":"","ast-hfb-mobile-header-display":"","site-post-title":"","ast-breadcrumbs-content":"","ast-featured-img":"","footer-sml-layout":"","theme-transparent-header-meta":"","adv-header-id-meta":"","stick-header-meta":"","header-above-stick-meta":"","header-main-stick-meta":"","header-below-stick-meta":"","astra-migrate-meta-layouts":"default","ast-page-background-enabled":"default","ast-page-background-meta":{"desktop":{"background-color":"var(--ast-global-color-5)","background-image":"","background-repeat":"repeat","background-position":"center center","background-size":"auto","background-attachment":"scroll","background-type":"","background-media":"","overlay-type":"","overlay-color":"","overlay-opacity":"","overlay-gradient":""},"tablet":{"background-color":"","background-image":"","background-repeat":"repeat","background-position":"center center","background-size":"auto","background-attachment":"scroll","background-type":"","background-media":"","overlay-type":"","overlay-color":"","overlay-opacity":"","overlay-gradient":""},"mobile":{"background-color":"","background-image":"","background-repeat":"repeat","background-position":"center center","background-size":"auto","background-attachment":"scroll","background-type":"","background-media":"","overlay-type":"","overlay-color":"","overlay-opacity":"","overlay-gradient":""}},"ast-content-background-meta":{"desktop":{"background-color":"var(--ast-global-color-4)","background-image":"","background-repeat":"repeat","background-position":"center center","background-size":"auto","background-attachment":"scroll","background-type":"","background-media":"","overlay-type":"","overlay-color":"","overlay-opacity":"","overlay-gradient":""},"tablet":{"background-color":"var(--ast-global-color-4)","background-image":"","background-repeat":"repeat","background-position":"center center","background-size":"auto","background-attachment":"scroll","background-type":"","background-media":"","overlay-type":"","overlay-color":"","overlay-opacity":"","overlay-gradient":""},"mobile":{"background-color":"var(--ast-global-color-4)","background-image":"","background-repeat":"repeat","background-position":"center center","background-size":"auto","background-attachment":"scroll","background-type":"","background-media":"","overlay-type":"","overlay-color":"","overlay-opacity":"","overlay-gradient":""}},"footnotes":""},"class_list":["post-619","page","type-page","status-publish","hentry"],"_links":{"self":[{"href":"http:\/\/zavod-parnas.org\/w\/wp-json\/wp\/v2\/pages\/619","targetHints":{"allow":["GET"]}}],"collection":[{"href":"http:\/\/zavod-parnas.org\/w\/wp-json\/wp\/v2\/pages"}],"about":[{"href":"http:\/\/zavod-parnas.org\/w\/wp-json\/wp\/v2\/types\/page"}],"author":[{"embeddable":true,"href":"http:\/\/zavod-parnas.org\/w\/wp-json\/wp\/v2\/users\/2"}],"replies":[{"embeddable":true,"href":"http:\/\/zavod-parnas.org\/w\/wp-json\/wp\/v2\/comments?post=619"}],"version-history":[{"count":1,"href":"http:\/\/zavod-parnas.org\/w\/wp-json\/wp\/v2\/pages\/619\/revisions"}],"predecessor-version":[{"id":947,"href":"http:\/\/zavod-parnas.org\/w\/wp-json\/wp\/v2\/pages\/619\/revisions\/947"}],"up":[{"embeddable":true,"href":"http:\/\/zavod-parnas.org\/w\/wp-json\/wp\/v2\/pages\/641"}],"wp:attachment":[{"href":"http:\/\/zavod-parnas.org\/w\/wp-json\/wp\/v2\/media?parent=619"}],"curies":[{"name":"wp","href":"https:\/\/api.w.org\/{rel}","templated":true}]}}