{"id":618,"date":"2016-03-19T10:09:19","date_gmt":"2016-03-19T09:09:19","guid":{"rendered":"http:\/\/zavod-parnas.org\/w\/?page_id=618"},"modified":"2026-01-09T09:52:33","modified_gmt":"2026-01-09T08:52:33","slug":"misja-dolina","status":"publish","type":"page","link":"http:\/\/zavod-parnas.org\/w\/misja-dolina\/","title":{"rendered":"MI\u0160JA DOLINA"},"content":{"rendered":"\n<h3 class=\"wp-block-heading\" id=\"block-e1c04a71-575d-440d-9c9e-2021f79e1b63\">PARNASOVI BOTANI\u010cNI SPREHODI<br>(od aprila do septembra)<\/h3>\n\n\n\n<figure class=\"wp-block-gallery has-nested-images columns-default is-cropped wp-block-gallery-1 is-layout-flex wp-block-gallery-is-layout-flex\">\n<figure class=\"wp-block-image size-large\"><img fetchpriority=\"high\" decoding=\"async\" width=\"630\" height=\"840\" data-id=\"9446\" src=\"https:\/\/zavod-parnas.org\/w\/wp-content\/uploads\/2023\/06\/IMG_9555-630x840.jpg\" alt=\"\" class=\"wp-image-9446\" srcset=\"http:\/\/zavod-parnas.org\/w\/wp-content\/uploads\/2023\/06\/IMG_9555-630x840.jpg 630w, http:\/\/zavod-parnas.org\/w\/wp-content\/uploads\/2023\/06\/IMG_9555-225x300.jpg 225w, http:\/\/zavod-parnas.org\/w\/wp-content\/uploads\/2023\/06\/IMG_9555-252x336.jpg 252w, http:\/\/zavod-parnas.org\/w\/wp-content\/uploads\/2023\/06\/IMG_9555-1152x1536.jpg 1152w, http:\/\/zavod-parnas.org\/w\/wp-content\/uploads\/2023\/06\/IMG_9555-rotated.jpg 1512w\" sizes=\"(max-width: 630px) 100vw, 630px\" \/><\/figure>\n\n\n\n<figure class=\"wp-block-image size-large\"><img decoding=\"async\" width=\"630\" height=\"627\" data-id=\"9520\" src=\"https:\/\/zavod-parnas.org\/w\/wp-content\/uploads\/2023\/06\/IMG_9952-e1737728002750-630x627.jpg\" alt=\"\" class=\"wp-image-9520\" srcset=\"http:\/\/zavod-parnas.org\/w\/wp-content\/uploads\/2023\/06\/IMG_9952-e1737728002750-630x627.jpg 630w, http:\/\/zavod-parnas.org\/w\/wp-content\/uploads\/2023\/06\/IMG_9952-e1737728002750-300x300.jpg 300w, http:\/\/zavod-parnas.org\/w\/wp-content\/uploads\/2023\/06\/IMG_9952-e1737728002750-252x251.jpg 252w, http:\/\/zavod-parnas.org\/w\/wp-content\/uploads\/2023\/06\/IMG_9952-e1737728002750.jpg 963w\" sizes=\"(max-width: 630px) 100vw, 630px\" \/><\/figure>\n\n\n\n<figure class=\"wp-block-image size-large\"><img decoding=\"async\" width=\"630\" height=\"840\" data-id=\"9463\" src=\"https:\/\/zavod-parnas.org\/w\/wp-content\/uploads\/2023\/06\/IMG_9745-630x840.jpg\" alt=\"\" class=\"wp-image-9463\" srcset=\"http:\/\/zavod-parnas.org\/w\/wp-content\/uploads\/2023\/06\/IMG_9745-630x840.jpg 630w, http:\/\/zavod-parnas.org\/w\/wp-content\/uploads\/2023\/06\/IMG_9745-225x300.jpg 225w, http:\/\/zavod-parnas.org\/w\/wp-content\/uploads\/2023\/06\/IMG_9745-252x336.jpg 252w, http:\/\/zavod-parnas.org\/w\/wp-content\/uploads\/2023\/06\/IMG_9745-1152x1536.jpg 1152w, http:\/\/zavod-parnas.org\/w\/wp-content\/uploads\/2023\/06\/IMG_9745-rotated.jpg 1512w\" sizes=\"(max-width: 630px) 100vw, 630px\" \/><\/figure>\n\n\n\n<figure class=\"wp-block-image size-large\"><img loading=\"lazy\" decoding=\"async\" width=\"630\" height=\"483\" data-id=\"9555\" src=\"https:\/\/zavod-parnas.org\/w\/wp-content\/uploads\/2023\/07\/IMG_1984-630x483.jpg\" alt=\"\" class=\"wp-image-9555\" srcset=\"http:\/\/zavod-parnas.org\/w\/wp-content\/uploads\/2023\/07\/IMG_1984-630x483.jpg 630w, http:\/\/zavod-parnas.org\/w\/wp-content\/uploads\/2023\/07\/IMG_1984-300x230.jpg 300w, http:\/\/zavod-parnas.org\/w\/wp-content\/uploads\/2023\/07\/IMG_1984-252x193.jpg 252w, http:\/\/zavod-parnas.org\/w\/wp-content\/uploads\/2023\/07\/IMG_1984-1536x1177.jpg 1536w, http:\/\/zavod-parnas.org\/w\/wp-content\/uploads\/2023\/07\/IMG_1984.jpg 2048w\" sizes=\"(max-width: 630px) 100vw, 630px\" \/><\/figure>\n\n\n\n<figure class=\"wp-block-image size-large\"><img loading=\"lazy\" decoding=\"async\" width=\"630\" height=\"473\" data-id=\"9133\" src=\"https:\/\/zavod-parnas.org\/w\/wp-content\/uploads\/2023\/01\/IMG_7592-630x473.jpg\" alt=\"\" class=\"wp-image-9133\" srcset=\"http:\/\/zavod-parnas.org\/w\/wp-content\/uploads\/2023\/01\/IMG_7592-630x473.jpg 630w, http:\/\/zavod-parnas.org\/w\/wp-content\/uploads\/2023\/01\/IMG_7592-300x225.jpg 300w, http:\/\/zavod-parnas.org\/w\/wp-content\/uploads\/2023\/01\/IMG_7592-252x189.jpg 252w, http:\/\/zavod-parnas.org\/w\/wp-content\/uploads\/2023\/01\/IMG_7592-1536x1152.jpg 1536w, http:\/\/zavod-parnas.org\/w\/wp-content\/uploads\/2023\/01\/IMG_7592.jpg 2048w\" sizes=\"(max-width: 630px) 100vw, 630px\" \/><\/figure>\n\n\n\n<figure class=\"wp-block-image size-large\"><img loading=\"lazy\" decoding=\"async\" width=\"630\" height=\"221\" data-id=\"8414\" src=\"https:\/\/zavod-parnas.org\/w\/wp-content\/uploads\/2022\/05\/cropped-IMG_8580-630x221.jpg\" alt=\"\" class=\"wp-image-8414\" srcset=\"http:\/\/zavod-parnas.org\/w\/wp-content\/uploads\/2022\/05\/cropped-IMG_8580-630x221.jpg 630w, http:\/\/zavod-parnas.org\/w\/wp-content\/uploads\/2022\/05\/cropped-IMG_8580-300x105.jpg 300w, http:\/\/zavod-parnas.org\/w\/wp-content\/uploads\/2022\/05\/cropped-IMG_8580-252x88.jpg 252w, http:\/\/zavod-parnas.org\/w\/wp-content\/uploads\/2022\/05\/cropped-IMG_8580-1536x538.jpg 1536w, http:\/\/zavod-parnas.org\/w\/wp-content\/uploads\/2022\/05\/cropped-IMG_8580.jpg 1800w\" sizes=\"(max-width: 630px) 100vw, 630px\" \/><\/figure>\n<\/figure>\n\n\n\n<p>Po Mi\u0161ji dolini z okolico vas do trenutno cveto\u010dih zavarovanih rastlin pospremi <strong>lokalna  vodnica Metka Stari\u010d<\/strong>. <br><strong>Primerno za<\/strong>: posameznike in manj\u0161e skupine (2-10), 2 uri ali ve\u010d<br><strong>Izhodi\u0161\u010de<\/strong>: <a href=\"https:\/\/zavod-parnas.org\/w\/info-sredisce-misja-dolina-natura-2000\/\">interpretacijski center Mi\u0161ja dolina na Trubarjevi doma\u010diji<\/a> (pred in po sprehodu je mo\u017een brezpla\u010den obisk centra)<br><strong>Prispevke <\/strong>za vodenje namenjamo vzdr\u017eevanju Poti modrega ble\u0161\u010davca in Geolo\u0161ke poti v Kobilji curek.<\/p>\n\n\n\n<p>april <strong>&#8211; <\/strong><a href=\"https:\/\/zavod-parnas.org\/w\/prva-orhideja-in-dve-kranjski-lepotici\/\">Prve orhideje in dve kranjski lepotici<\/a><br>maj, junij <strong>&#8211; Divje orhidej<\/strong>e<br>julij, avgust <strong>&#8211; <a href=\"https:\/\/zavod-parnas.org\/w\/v-avgustu-lov-na-mesojedke\/\">Mesojede rastline<\/a><\/strong><a href=\"https:\/\/zavod-parnas.org\/w\/parnasovi-botanicni-sprehodi-2025\/\">, divje orhideje<\/a><\/p>\n\n\n\n<figure class=\"wp-block-image size-large\"><img loading=\"lazy\" decoding=\"async\" width=\"630\" height=\"388\" src=\"https:\/\/zavod-parnas.org\/w\/wp-content\/uploads\/2025\/06\/pot-modrega-blescavca-foto-TD-630x388.jpg\" alt=\"\" class=\"wp-image-11576\" srcset=\"http:\/\/zavod-parnas.org\/w\/wp-content\/uploads\/2025\/06\/pot-modrega-blescavca-foto-TD-630x388.jpg 630w, http:\/\/zavod-parnas.org\/w\/wp-content\/uploads\/2025\/06\/pot-modrega-blescavca-foto-TD-300x185.jpg 300w, http:\/\/zavod-parnas.org\/w\/wp-content\/uploads\/2025\/06\/pot-modrega-blescavca-foto-TD-252x155.jpg 252w, http:\/\/zavod-parnas.org\/w\/wp-content\/uploads\/2025\/06\/pot-modrega-blescavca-foto-TD.jpg 1473w\" sizes=\"(max-width: 630px) 100vw, 630px\" \/><figcaption class=\"wp-element-caption\">Pot modrega ble\u0161\u010davca vam omogo\u010da samostojen vstop med mokrotne travnike in nizka barja Mi\u0161je doline, obmo\u010dja Natura 2000. <br>Izhodi\u0161\u010de za pot je Trubarjeva doma\u010dija na Ra\u0161ici. (Foto: Bo\u0161tjan Podlogar, arhiv Trubarjeve doma\u010dije)<\/figcaption><\/figure>\n\n\n\n<h2 class=\"wp-block-heading\">Ponudba za \u0161olske skupine:<br>voden sprehod po Poti modrega ble\u0161\u010davca<\/h2>\n\n\n\n<p>&#8211; 1 ura &#8211; 3,5 EUR na osebo &#8211; vse leto &#8211; 16-25 oseb &#8211; \u0161portna obutev in dolge hla\u010de <\/p>\n\n\n\n<p>Program naro\u010dite na Trubarjevi doma\u010diji, mo\u017ena je kombinacija z ostalimi <a href=\"https:\/\/zavod-parnas.org\/w\/programi-za-sole\/\">pedago\u0161kimi programi.<\/a><\/p>\n\n\n\n<figure class=\"wp-block-gallery has-nested-images columns-default is-cropped wp-block-gallery-2 is-layout-flex wp-block-gallery-is-layout-flex\">\n<figure class=\"wp-block-image size-large\"><img loading=\"lazy\" decoding=\"async\" width=\"630\" height=\"840\" data-id=\"11548\" src=\"https:\/\/zavod-parnas.org\/w\/wp-content\/uploads\/2025\/06\/IMG_2835-1-630x840.jpg\" alt=\"\" class=\"wp-image-11548\" srcset=\"http:\/\/zavod-parnas.org\/w\/wp-content\/uploads\/2025\/06\/IMG_2835-1-630x840.jpg 630w, http:\/\/zavod-parnas.org\/w\/wp-content\/uploads\/2025\/06\/IMG_2835-1-225x300.jpg 225w, http:\/\/zavod-parnas.org\/w\/wp-content\/uploads\/2025\/06\/IMG_2835-1-252x336.jpg 252w, http:\/\/zavod-parnas.org\/w\/wp-content\/uploads\/2025\/06\/IMG_2835-1-1152x1536.jpg 1152w, http:\/\/zavod-parnas.org\/w\/wp-content\/uploads\/2025\/06\/IMG_2835-1-1536x2048.jpg 1536w, http:\/\/zavod-parnas.org\/w\/wp-content\/uploads\/2025\/06\/IMG_2835-1-scaled.jpg 1920w\" sizes=\"(max-width: 630px) 100vw, 630px\" \/><\/figure>\n\n\n\n<figure class=\"wp-block-image size-large\"><img loading=\"lazy\" decoding=\"async\" width=\"630\" height=\"840\" data-id=\"11414\" src=\"https:\/\/zavod-parnas.org\/w\/wp-content\/uploads\/2025\/04\/IMG_2011-630x840.jpg\" alt=\"\" class=\"wp-image-11414\" srcset=\"http:\/\/zavod-parnas.org\/w\/wp-content\/uploads\/2025\/04\/IMG_2011-630x840.jpg 630w, http:\/\/zavod-parnas.org\/w\/wp-content\/uploads\/2025\/04\/IMG_2011-225x300.jpg 225w, http:\/\/zavod-parnas.org\/w\/wp-content\/uploads\/2025\/04\/IMG_2011-252x336.jpg 252w, http:\/\/zavod-parnas.org\/w\/wp-content\/uploads\/2025\/04\/IMG_2011-1152x1536.jpg 1152w, http:\/\/zavod-parnas.org\/w\/wp-content\/uploads\/2025\/04\/IMG_2011.jpg 1536w\" sizes=\"(max-width: 630px) 100vw, 630px\" \/><\/figure>\n<\/figure>\n\n\n\n<h3 class=\"wp-block-heading\">4. Kolesarjenje po Mi\u0161ji dolini <br><\/h3>\n\n\n\n<p><strong>Samostojno kolesarjenje za odrasle <\/strong>(s pomo\u010djo GPS sledi) <br><a href=\"http:\/\/zavod-parnas.org\/w\/kolesarske-ture-in-gps-tour\/\"><strong>KOLESARSKE TURE po okolici &#8211; GPS tour (Jo\u017ee Stari\u010d)<\/strong><\/a><br><br><strong>Kolesarjenje v spremstvu lokalnega vodnika <\/strong>(po predhodnem dogovoru)<br>INFO: lokalni vodnik Jo\u017ee Stari\u010d (joze@staric.net, 031 361 564)<\/p>\n\n\n\n<p><strong>Kolesarjenje z aplikacijo MI\u0160JA DOLINA 2GO<\/strong><br>V aplikaciji izberete pot Kolesarska pot modrega ble\u0161\u010davca in po GPS koordinatah prekolesarite del Mi\u0161je doline s postanki &#8211; vsebine pa zajema aplikacija (pripravila Ur\u0161ka Hren).<br>Ve\u010d na: <a href=\"http:\/\/zavod-parnas.org\/w\/app-misja-dolina-2go\/\">Aplikacija Mi\u0161ja dolina 2GO<\/a><\/p>\n\n\n\n<p><strong>Kolesarski konometer po Mi\u0161ji dolini  <\/strong>(kolesarska prireditev TVD Partizan) <br>Tretja nedelja v juniju. Organizirano posami\u010dno kolesarjenje na \u010das na relaciji Knej-Karlovica (cesta je zaprta za ostali promet). <br>Prijave na dan kronometra v \u010dasu med 14:30 in 16:30 pri gasilskem domu na Karlovici, prevzem \u0161tartne \u0161tevilke, od tam se odpeljete na start v Kneju. <br>Dol\u017eina proge: 4 km. <br>Objava rezultatov: sproti na http:\/\/kronometer.staric.net <br>Podelitev medalj: po izvedbi pri gasilskem domu na Karlovici<br>Primerno za: vse starostne skupine &#8211; pred\u0161olski otroci in osnovno\u0161olci so brez \u0161tartnine.<br>INFO: TVD Partizan &#8211; Jo\u017ee Stari\u010d (joze@staric.net, 031 361 564)<\/p>\n\n\n\n<figure class=\"wp-block-gallery has-nested-images columns-default is-cropped wp-block-gallery-3 is-layout-flex wp-block-gallery-is-layout-flex\">\n<figure class=\"wp-block-image size-large\"><img loading=\"lazy\" decoding=\"async\" width=\"630\" height=\"473\" data-id=\"4982\" src=\"https:\/\/zavod-parnas.org\/w\/wp-content\/uploads\/2019\/08\/DSCN8666-630x473.jpg\" alt=\"\" class=\"wp-image-4982\" srcset=\"http:\/\/zavod-parnas.org\/w\/wp-content\/uploads\/2019\/08\/DSCN8666-630x473.jpg 630w, http:\/\/zavod-parnas.org\/w\/wp-content\/uploads\/2019\/08\/DSCN8666-252x189.jpg 252w, http:\/\/zavod-parnas.org\/w\/wp-content\/uploads\/2019\/08\/DSCN8666-300x225.jpg 300w, http:\/\/zavod-parnas.org\/w\/wp-content\/uploads\/2019\/08\/DSCN8666.jpg 1600w\" sizes=\"(max-width: 630px) 100vw, 630px\" \/><\/figure>\n<\/figure>\n\n\n\n<p><\/p>\n\n\n\n<p>Povezava na <a href=\"https:\/\/zavod-parnas.org\/w\/info-sredisce-misja-dolina-natura-2000\/\">INT. CENTER MI\u0160JA DOLINA<\/a><br>Povezava na <a href=\"https:\/\/zavod-parnas.org\/w\/pot-modrega-blescavca\/\">POT MODREGA BLE\u0160\u010cAVCA<\/a><br>Povezava na <a href=\"https:\/\/www.facebook.com\/misjadolina\/\">FB Mi\u0161ja dolina<\/a><br>Povezava na <a href=\"https:\/\/www.instagram.com\/misjadolina\/\">Instagram Mi\u0161ja dolina<\/a><\/p>\n\n\n\n<figure class=\"wp-block-embed is-type-video is-provider-youtube wp-block-embed-youtube wp-embed-aspect-16-9 wp-has-aspect-ratio\"><div class=\"wp-block-embed__wrapper\">\n<div class=\"ast-oembed-container \" style=\"height: 100%;\"><iframe title=\"PARNAS - dru\u017einsko kolesarjenje po Mi\u0161ji dolini\" width=\"500\" height=\"281\" src=\"https:\/\/www.youtube.com\/embed\/J5hEVtB8SXA?start=2&#038;feature=oembed\" frameborder=\"0\" allow=\"accelerometer; autoplay; clipboard-write; encrypted-media; gyroscope; picture-in-picture; web-share\" referrerpolicy=\"strict-origin-when-cross-origin\" allowfullscreen><\/iframe><\/div>\n<\/div><\/figure>\n\n\n\n<p><\/p>\n","protected":false},"excerpt":{"rendered":"<p>PARNASOVI BOTANI\u010cNI SPREHODI(od aprila do septembra) Po Mi\u0161ji dolini z okolico vas do trenutno cveto\u010dih zavarovanih rastlin pospremi lokalna vodnica [&hellip;]<\/p>\n","protected":false},"author":2,"featured_media":0,"parent":0,"menu_order":0,"comment_status":"closed","ping_status":"closed","template":"","meta":{"site-sidebar-layout":"default","site-content-layout":"","ast-site-content-layout":"default","site-content-style":"default","site-sidebar-style":"default","ast-global-header-display":"","ast-banner-title-visibility":"","ast-main-header-display":"","ast-hfb-above-header-display":"","ast-hfb-below-header-display":"","ast-hfb-mobile-header-display":"","site-post-title":"","ast-breadcrumbs-content":"","ast-featured-img":"","footer-sml-layout":"","theme-transparent-header-meta":"","adv-header-id-meta":"","stick-header-meta":"","header-above-stick-meta":"","header-main-stick-meta":"","header-below-stick-meta":"","astra-migrate-meta-layouts":"default","ast-page-background-enabled":"default","ast-page-background-meta":{"desktop":{"background-color":"var(--ast-global-color-5)","background-image":"","background-repeat":"repeat","background-position":"center center","background-size":"auto","background-attachment":"scroll","background-type":"","background-media":"","overlay-type":"","overlay-color":"","overlay-opacity":"","overlay-gradient":""},"tablet":{"background-color":"","background-image":"","background-repeat":"repeat","background-position":"center center","background-size":"auto","background-attachment":"scroll","background-type":"","background-media":"","overlay-type":"","overlay-color":"","overlay-opacity":"","overlay-gradient":""},"mobile":{"background-color":"","background-image":"","background-repeat":"repeat","background-position":"center center","background-size":"auto","background-attachment":"scroll","background-type":"","background-media":"","overlay-type":"","overlay-color":"","overlay-opacity":"","overlay-gradient":""}},"ast-content-background-meta":{"desktop":{"background-color":"var(--ast-global-color-4)","background-image":"","background-repeat":"repeat","background-position":"center center","background-size":"auto","background-attachment":"scroll","background-type":"","background-media":"","overlay-type":"","overlay-color":"","overlay-opacity":"","overlay-gradient":""},"tablet":{"background-color":"var(--ast-global-color-4)","background-image":"","background-repeat":"repeat","background-position":"center center","background-size":"auto","background-attachment":"scroll","background-type":"","background-media":"","overlay-type":"","overlay-color":"","overlay-opacity":"","overlay-gradient":""},"mobile":{"background-color":"var(--ast-global-color-4)","background-image":"","background-repeat":"repeat","background-position":"center center","background-size":"auto","background-attachment":"scroll","background-type":"","background-media":"","overlay-type":"","overlay-color":"","overlay-opacity":"","overlay-gradient":""}},"footnotes":""},"class_list":["post-618","page","type-page","status-publish","hentry"],"_links":{"self":[{"href":"http:\/\/zavod-parnas.org\/w\/wp-json\/wp\/v2\/pages\/618","targetHints":{"allow":["GET"]}}],"collection":[{"href":"http:\/\/zavod-parnas.org\/w\/wp-json\/wp\/v2\/pages"}],"about":[{"href":"http:\/\/zavod-parnas.org\/w\/wp-json\/wp\/v2\/types\/page"}],"author":[{"embeddable":true,"href":"http:\/\/zavod-parnas.org\/w\/wp-json\/wp\/v2\/users\/2"}],"replies":[{"embeddable":true,"href":"http:\/\/zavod-parnas.org\/w\/wp-json\/wp\/v2\/comments?post=618"}],"version-history":[{"count":152,"href":"http:\/\/zavod-parnas.org\/w\/wp-json\/wp\/v2\/pages\/618\/revisions"}],"predecessor-version":[{"id":12486,"href":"http:\/\/zavod-parnas.org\/w\/wp-json\/wp\/v2\/pages\/618\/revisions\/12486"}],"wp:attachment":[{"href":"http:\/\/zavod-parnas.org\/w\/wp-json\/wp\/v2\/media?parent=618"}],"curies":[{"name":"wp","href":"https:\/\/api.w.org\/{rel}","templated":true}]}}