{"id":609,"date":"2016-03-19T10:09:19","date_gmt":"2016-03-19T09:09:19","guid":{"rendered":"http:\/\/zavod-parnas.org\/w\/?page_id=609"},"modified":"2026-01-11T09:33:43","modified_gmt":"2026-01-11T08:33:43","slug":"tu-malajne-ni-vse-proc-palu-2011","status":"publish","type":"page","link":"http:\/\/zavod-parnas.org\/w\/projekti-2000-2015\/tu-malajne-ni-vse-proc-palu-2011\/","title":{"rendered":"Tu malajne ni vse pro\u010d palu (2011)"},"content":{"rendered":"<p><b>Projekt TU MALAJNE NI VSE PRO\u010c PALU (MK 2011)<\/b><\/p>\n<p><b>Naslov projekta:<\/b> Tu malajne ni vse pro\u010d palu<br \/>\n<b>Prijavitelj:<\/b> Parnas, zavod za kulturo in turizem Velike La\u0161\u010de<br \/>\n<b>Razpis:<\/b> JPR-KD2011 (Ministrstvo za kulturo)<br \/>\n<b>Vrednost projekta:<\/b> 7000 EUR (sofinanciranje Ministrstva za kulturo 70 %)<\/p>\n<p><b>Avtorska skupina:<\/b> Rok Bor\u0161tnik, Marjana Dol\u0161ina, Metka Stari\u010d, Martina Tekavec<\/p>\n<p><b>Cilji projekta:<\/b> &#8211; poudari pomen varuhov dedi\u0161\u010dine v lokalnem okolju<br \/>\n&#8211; prakti\u010dno udejani pomen sodelovanja stroke in doma\u010dinov pri varovanju in ohranjanju dedi\u0161\u010dine v lokalnem okolju<br \/>\n-omogo\u010di dostopnost kulturne dedi\u0161\u010dine freskarstva 15. in 16. stoletja na izviren, poljuden in zabaven na\u010din<br \/>\n-gradi zavedanje dedi\u0161\u010dinskih skupnosti ob sodelovanju mladih lokalnih strokovnjakov (umetn. zgodovinar, restavrator)<br \/>\n&#8211; popularizira znanost na konkretnih primerih manj poznane dedi\u0161\u010dine<\/p>\n<p><b>Trajanje projekta:<\/b> 1.6.- 15.10.2011<\/p>\n<p><b>Rezultati projekta:<\/b><br \/>\nPripravljena razstava s spremljevalnim programom tako na poljuden, a strokovno ustrezen na\u010din interpretira delo hrva\u0161ke skupine, ki je ustvarjala v prvi polovici 16. stoletja in poslikala \u0161tevilne podru\u017eni\u010dne cerkve ju\u017eno od Ljubljane.<br \/>\nVsebine so razporejene na<b> 5 premi\u010dnih panojev<\/b> (2 x 1 m):<br \/>\n<b>Tu malajne ni vse pro\u010d palu<\/b> &#8211; spregovori o hrva\u0161ki skupini slikarjev, o \u010dasu oz. obdobju tur\u0161kih vpadov, o podpisu slikarja Toma\u017ea iz Senja v cerkvi sv. Jedrti v Nadlesku, opredeli pomen grafitov (kasnej\u0161i podpisi obiskovalcev na freskah nam pomagajo vsaj pribli\u017eno datirati freske), o Trubarjevi omembi krova\u0161kih malarjev.<br \/>\n<b>Ustvarjanje za stoletja<\/b> &#8211; razlaga o kemijskih procesih, ki omogo\u010dajo tako dolgo obstojnost fresk, o razli\u010dnih tehnikah stenskih poslikav &#8211; na sve\u017e in suh omet, o postopkih pri nastajanju fresk.<br \/>\n<b>Freske kot zrcalo \u017eivljenja<\/b> &#8211; predstavi nekaj zanimivih posebnosti, po katerih prepoznamo krova\u0161ke malarje &#8211; drevesa s pomaran\u010dnimi plodovi, zaklju\u010dki kot tapiserije, prikaz modnih zapovedi tistega \u010dasa, ter opozori na drzne motive &#8211; golo Luksurije, lisico romarico z ukradeno koko\u0161jo, monumentalne podobe sv. Kri\u0161tofa na zunanjih stenah cerkva.<br \/>\n<b>Zavrtimo \u010das nazaj<\/b> &#8211; opi\u0161e delo konservatorjev in restavratorjev, namen njihovega dela ter najbolj uni\u010dujo\u010de dejavnike (vlaga).<br \/>\n<b>Varuhi dedi\u0161\u010dine<\/b> &#8211; opozori, da so poleg strokovnjakov pomembni varuhi dedi\u0161\u010dine doma\u010dini oz. dedi\u0161\u010dinska skupnost, ki skrbi za cerkev (klju\u010darji, zra\u010denje, predstavljanje obiskovalcem&#8230;), ohranja ljudske legende \u017eive in se zanima, ko se v njihovi cerkvi kaj dogaja (obnavljanje, &#8230;). Zaklju\u010dujemo z mislijo umetnostnega zgodovinarja E. Cevca: &#8220;Predniki so nam zapustili veliko umetnostno izro\u010dilo. Mi nimamo zanj nobenih zaslug, pa\u010d pa veliko dol\u017enost, da ga spo\u0161tujemo in varujemo.&#8221; Poleg panojev so razstavljeni tudi pripomo\u010dki za delo slikarjev freskantov, zemeljske pigmente, na velikem lesenem odru je razstavljena replika freske z motivom voj\u0161\u010dakov iz Krvave Pe\u010di v naravni velikosti, ki jo je izdelala Martina Tekavec za potrebe snemanja. Kot pri vseh dosedanjih Parnasovih razstavah smo tudi tokrat dodali delo umetnika Aleksandra Arharja, ki je izdelal skulpturo slikarja &#8211; krova\u0161kega malarja &#8211; iz varjene kovine v naravni velikosti.<\/p>\n<p>Razstavo spremlja bogat <b>spremljevalni program<\/b>:<\/p>\n<p><b>Dokumentarni film Tu malajne ni vse pro\u010d palu<\/b><br \/>\nV dinami\u010dnem 21-minutnem dokumentarnem filmu predstavimo \u010das, ko so delovali krova\u0161ki malarji in na\u010din razmi\u0161ljanja preprostih ljudi &#8211; ki so freske brali kot veliko versko slikanico. \u010ceprav so freske v Krvavi Pe\u010di skrite pod ometom, pa lahko po pregledu ostalih cerkva, ki so jih poslikali krova\u0161ki malarji, predvidevamo, kaj se skriva pod ometom, saj so slikali po sistemu kranjskega prezbiterija. V filmu so svoje mesto na\u0161le ljudske legende, tudi Stritarjeva pesnitev Turki na Slevici, z njim smo pridobili dragocen didakti\u010dni pripomo\u010dek, ki omogo\u010da kratko predstavitev v okviru izobra\u017eevalnega programa, uporabo v \u0161olah pri vsebinah umetnostne vzgoje, zgodovine in umetnostne zgodovine (osnovne in srednje \u0161ole), hkrati pa je \u010dudovita izku\u0161nja \u0161tevilnim prostovoljcem &#8211; doma\u010dinom, ki so z vso resnostjo in pripravljenostjo sodelovali pri na\u0161em projektu in sedaj druga\u010de vrednotijo tudi dedi\u0161\u010dino svojega okolja.<\/p>\n<p><b>Ustvarjalne delavnice &#8211; Izdelajmo fresko<\/b><br \/>\nK spremljevalnemu programu sodijo ustvarjalne delavnice, na katerih pripravimo podlago za slikanje fresk (zme\u0161amo pasek in apno) ter omet enakomerno nanesemo na zadnjo stran kerami\u010dnih plo\u0161\u010dic. Da se podlaga rahlo osu\u0161i, si na papir nari\u0161emo risbo, ki jo nato z leseno \u0161pino prenesemo na omet. Sledi nanos barv, ki jih zme\u0161amo iz naravnih zemeljskih pigmentov in nekaj kapljic vode, sledi le \u0161e su\u0161enje freske. Delavnico smo preizkusili na Prazniku sadja na Grade\u017eu, na Oratoriju v Robu in pokazalo se je, da je izredno zanimiva za razli\u010dne starostne skupine, tudi za odrasle.<\/p>\n<p><b>Dol\u0161ina, M., Tekavec, M.: Trubarjevi krova\u0161ki malarji (vodnik za odkrivanje na\u0161e dedi\u0161\u010dine)<\/b><br \/>\nV vodniku Trubarjevi krova\u0161ki malarji (15 x 15 cm, 36 strani, barvno) smo v sliki in besedi predstavili \u0161e ostale vsebine, ki zaradi posebnosti medija niso mogle svojega mesta najti na razstavi ali v filmu. Tako podrobneje opozorimo na lokacije, kjer si je mo\u017eno freske ogledati &#8211; s kontaktnimi informacijami, podrobneje razlo\u017eimo sistem kranjskega prezbiterija ter ostale vsebine, ki jih povpre\u010dni poznavalci umetnosti dostikrat ne poznajo, predstavljajo pa izreden potencial, da za\u010dnemo dedi\u0161\u010dino svojega okolja spoznavati aktivneje in ob njej u\u017eivati. Publikacija je torej ponovno zasnovana kot vodnik pri odkrivanju dedi\u0161\u010dine in se pridru\u017euje do sedaj izdanim vodnikom (Andrej Turja\u0161ki in bitka pri Sisku &#8211; 2010, Skrivnosti Mi\u0161je doline &#8211; 2010).<\/p>\n<p>Predstavitev projekta s slavnostno premiero filma: petek, 14. 10. 2011 ob 19h v Robu<br \/>\nZa vse radovedne\u017ee: ODPRTI DAN v soboto, 15.11.2011 od 9h do 17h v Parnasovem interpretacijskem centru v Robu<\/p>\n<p><b>Dodatne informacije o projektu:<\/b><\/p>\n<p>Avtorsko skupino sestavljajo mladi strokovnjaki iz lokalnega okolja &#8211; umetnostna zgodovinarka Marjana Dol\u0161ina, diplomirana konservatorka-restavratorka Martina Tekavec in nadarjen snemalec, scenarist in re\u017eiser samouk Rok Bor\u0161tnik. Njihovo delo je kot vodja projekta povezala Metka Stari\u010d iz Parnasa. S projektom so mladi dobili mo\u017enost, da razvijejo svoje inovativne pristope pri pripravi razstave in spremljevalnega programa (katalog, delavnice, dokumentarni film), z izku\u0161njami in projektnim vodenjem pa smo pridobili vsebine, ki so uporabne in trajnostno naravnane. V najve\u010dji mo\u017eni meri je v vseh fazah projekta sodelovala dedi\u0161\u010dinska skupnost, samo filmu se je navdu\u0161eno priklju\u010dilo prek 40 doma\u010dinov &#8211; prostovoljcev. Vzpostavili smo dober odnos z Ljubljansko nad\u0161kofijo in \u0161tevilnimi \u017eupnijami, kjer smo snemali film, pridobivali materiale za razstavo oz. vzpostavili pogoje za prilo\u017enostno gostovanje na\u0161e razstave.<\/p>\n<p>Projekt je na\u0161a pri\u010dakovanja presegel. Uspelo nam je aktivirati dedi\u0161\u010dinsko skupnost, tako da so krajani Krvave Pe\u010di \u017eiveli z nami in se vklju\u010devali pri vseh fazah. Ob snemanju filma smo pridobili kvaliteten in avtorski fotografski material, in ob pomo\u010di podjetja Infokart iz Ljubljane so nastali \u017eivahni in zanimivi panoji. Avtorji so svoje delo opravili inovativno in iz\u010drpno, predvsem pa z velikim entuziazmom. Uspelo nam je vzpostaviti dobro povezavo med odgovornimi strokovnjaki (ZVKDS), avtorsko ekipo in doma\u010dini, tako da smo lahko posneli odkrivanje fresk v strokovni izvedbi restavratorke Tja\u0161e Pristov, dipl. kons.-rest. za film in fotografije za razstavo, obenem pa aktivirali doma\u010dine, da so ves \u010das spremljali dogajanje v cerkvi sv. Lenarta v Krvavi Pe\u010di. Upamo, da bo ZVKD OE Ljubljana uspe\u0161en tudi v nadaljevanju pri pripravi smernic za obnovo fresk v cerkvi sv. Lenarta.<\/p>\n<p>&nbsp;<\/p>\n<p><b>IZ NA\u0160E PONUDBE:<\/b><br \/>\n&#8211; razstava na 5 premi\u010dnih panojih (100 x 200 cm &#8211; slo)<br \/>\n&#8211; dokumentarni film (21 min &#8211; slo, ang\/nem)<br \/>\n&#8211; vodnik za odkrivanje dedi\u0161\u010dine (36 str. &#8211; slo)<br \/>\n&#8211; delavnica izdelave miniaturnih fresk<\/p>\n<p><a href=\"http:\/\/zavod-parnas.org\/viewpage.php?page_id=94\">PROGRAM ZA \u0160OLE &#8211; 2. in 3. triada, srednje \u0161ole<br \/>\n<\/a><br \/>\nUtrinki s snemalnih dni:<br \/>\n<a href=\"http:\/\/zavod-parnas.org\/news.php?readmore=364\">1. dan &#8230; <\/a><a href=\"http:\/\/zavod-parnas.org\/news.php?readmore=365\">2. dan &#8230; <\/a><a href=\"http:\/\/zavod-parnas.org\/news.php?readmore=366\">3. dan &#8230; <\/a><a href=\"http:\/\/zavod-parnas.org\/news.php?readmore=367\">4. dan &#8230; <\/a><br \/>\n<a href=\"http:\/\/zavod-parnas.org\/news.php?readmore=368\">5. dan &#8230; <\/a><a href=\"http:\/\/zavod-parnas.org\/news.php?readmore=369\">6. dan &#8230; <\/a><a href=\"http:\/\/zavod-parnas.org\/news.php?readmore=370\">7. dan &#8230; <\/a><a href=\"http:\/\/zavod-parnas.org\/news.php?readmore=371\">8. dan &#8230;<\/a><\/p>\n<p><b>GOSTOVANJA V LETU 2012<\/b><br \/>\n<a href=\"http:\/\/zavod-parnas.org\/news.php?readmore=402\">14.1.2012 Prejeli priznanje Na\u0161a Slovenija 2011<\/a><br \/>\n<a href=\"http:\/\/zavod-parnas.org\/news.php?readmore=404\">28.1.2012 Podelitev priznanja na sejmu Turizem in prosti \u010das 2012<\/a><br \/>\n<a href=\"http:\/\/zavod-parnas.org\/news.php?readmore=406\">6.2.2012 Gostovanje v Starem trgu pri Lo\u017eu<\/a><br \/>\n<a href=\"http:\/\/zavod-parnas.org\/news.php?readmore=417\">23.-25.3.2012 Gostovanje v Bad Urachu &#8211; Nem\u010dija<\/a><br \/>\n<a href=\"http:\/\/zavod-parnas.org\/news.php?readmore=417\">17.4.2012 Na dnevu dedi\u0161\u010dine z u\u010denci iz Roba in La\u0161kega<\/a><br \/>\n26.4.2012 Gostovanje na sre\u010danju udele\u017eencev projekta Tourbo meets Europe<br \/>\n<a href=\"http:\/\/zavod-parnas.org\/news.php?readmore=442\">8.-10.6.2012 Gostovanje v Meersburgu ob Bodenskem jezeru &#8211; Nem\u010dija<\/a><br \/>\n15.7.2012 Gostovanje na Srednjeve\u0161kem dnevu v \u017du\u017eemberku (razstava, delavnica)<br \/>\n16.9.2012 Gostovanje ob Prazniku sadja na Grade\u017eu (razstava, delavnica)<br \/>\n25.10.2012 <a href=\"http:\/\/zavod-parnas.org\/news.php?readmore=464\" target=\"_blank\">Gostovanje z razstavo in filmom v Slovenskem domu Zagreb &#8211; Hrva\u0161ka<\/a><br \/>\n3.12.2012 <a href=\"http:\/\/zavod-parnas.org\/news.php?readmore=467\" target=\"_blank\">Predstavitev filma na Trubarjevi doma\u010diji v sklopu prireditve Ta veseli dan kulture<\/a><br \/>\n<a href=\"http:\/\/zavod-parnas.org\/news.php?readmore=473\">20.12.2012 Gostovanje v Mestni hi\u0161i Ljubljana in predavanji v Trubarjevi hi\u0161i literature<\/a><br \/>\n<b>GOSTOVANJA V LETU 2013<\/b><br \/>\n<a href=\"http:\/\/podlipa-smrecje.si\/News\/Vabljeni_na_predstavitveni_veer_o_delovanju_dedisinskih_skupnosti_80_881832355.html\">7.2.2013 Predstavitev filma v okviru razvojne delavnice o dedi\u0161\u010dinskih skupnostih &#8211; Lili Mahne (KS Podlipa-Smre\u010dje, ob\u010dina Vrhnika)<\/a><br \/>\njunij-avgust: Gostovanje razstave v Domu veteranov v sodelovanju z ZVVS OE Velike La\u0161\u010de (Krvava Pe\u010d)<br \/>\n16.7.2013 Predstavitev filma v okviru mednarodne konference Euracademy (Turisti\u010dno-kulturni center Lo\u0161ki Potok)<br \/>\n23.8.2013 Petkovo potepanje v Krvavo Pe\u010d z delavnico izdelave fresk<br \/>\n15.9.2013 Praznik sadja na Grade\u017eu &#8211; delavnica izdelave fresk za otroke (Jo\u017ee in Tine Stari\u010d)<br \/>\n5.10.2013 DEKD 2013 &#8211; delavnica izdelave fresk na Trubarjevi doma\u010diji<br \/>\n14.10.2013 <a href=\"http:\/\/zavod-parnas.org\/news.php?readmore=536\">Znanstveni \u010dlanek Marjane Dol\u0161ina in predstavitev na Poljskem<\/a><br \/>\n9.11.2013 Marjana Dol\u0161ina izvede ekskurzijo S krova\u0161kimi malarji na pot (v okviru likovne \u0161ole LICE Ribnica)<br \/>\n<b>GOSTOVANJA V LETU 2014<\/b><br \/>\n<a href=\"http:\/\/zavod-parnas.org\/news.php?readmore=571\">3.4.2014 Kulturni bazar &#8211; Cankarjev dom v Ljubljani( sodelovanje ob predstavitvi programov Trubarjeve doma\u010dije . JZTK)<\/a><br \/>\n30.5.2014 Program Trubarjevi krova\u0161ki malarji za O\u0160 Jurija Dalmatina Kr\u0161ko (2 skupini)<br \/>\n<a href=\"http:\/\/zavod-parnas.org\/news.php?readmore=589\">30.5.-1.6.2014 Predstavitev filma Tu malajne &#8230; in izvedba delavnice izdelave fresk za Slovence v Beogradu &#8211; dru\u0161tvo Sava (gostovanje)<\/a><br \/>\n<a href=\"http:\/\/zavod-parnas.org\/news.php?readmore=593\">21.6.2014 Grajski dan na Turjaku &#8211; razstava, film in delavnica izdelave fresk<\/a><br \/>\n<a href=\"http:\/\/zavod-parnas.org\/news.php?readmore=597\">julij-november 2014 Gostovanje razstave Tu malajne ni vse pro\u010d palu na gradu Turjak, v okviru Poletje na gradu in zainteresiranim skupinam, razstava + ogled filma<\/a><br \/>\n21.10.2014 Program Trubarjevi krova\u0161ki malarji (2 skupini) za O\u0160 Antona Jan\u0161e Radovljica (\u0161ola s prilagojenim programom)<\/p>\n","protected":false},"excerpt":{"rendered":"<p>Projekt TU MALAJNE NI VSE PRO\u010c PALU (MK 2011) Naslov projekta: Tu malajne ni vse pro\u010d palu Prijavitelj: Parnas, zavod [&hellip;]<\/p>\n","protected":false},"author":2,"featured_media":0,"parent":641,"menu_order":0,"comment_status":"closed","ping_status":"closed","template":"","meta":{"site-sidebar-layout":"default","site-content-layout":"","ast-site-content-layout":"default","site-content-style":"default","site-sidebar-style":"default","ast-global-header-display":"","ast-banner-title-visibility":"","ast-main-header-display":"","ast-hfb-above-header-display":"","ast-hfb-below-header-display":"","ast-hfb-mobile-header-display":"","site-post-title":"","ast-breadcrumbs-content":"","ast-featured-img":"","footer-sml-layout":"","theme-transparent-header-meta":"","adv-header-id-meta":"","stick-header-meta":"","header-above-stick-meta":"","header-main-stick-meta":"","header-below-stick-meta":"","astra-migrate-meta-layouts":"default","ast-page-background-enabled":"default","ast-page-background-meta":{"desktop":{"background-color":"var(--ast-global-color-5)","background-image":"","background-repeat":"repeat","background-position":"center center","background-size":"auto","background-attachment":"scroll","background-type":"","background-media":"","overlay-type":"","overlay-color":"","overlay-opacity":"","overlay-gradient":""},"tablet":{"background-color":"","background-image":"","background-repeat":"repeat","background-position":"center center","background-size":"auto","background-attachment":"scroll","background-type":"","background-media":"","overlay-type":"","overlay-color":"","overlay-opacity":"","overlay-gradient":""},"mobile":{"background-color":"","background-image":"","background-repeat":"repeat","background-position":"center center","background-size":"auto","background-attachment":"scroll","background-type":"","background-media":"","overlay-type":"","overlay-color":"","overlay-opacity":"","overlay-gradient":""}},"ast-content-background-meta":{"desktop":{"background-color":"var(--ast-global-color-4)","background-image":"","background-repeat":"repeat","background-position":"center center","background-size":"auto","background-attachment":"scroll","background-type":"","background-media":"","overlay-type":"","overlay-color":"","overlay-opacity":"","overlay-gradient":""},"tablet":{"background-color":"var(--ast-global-color-4)","background-image":"","background-repeat":"repeat","background-position":"center center","background-size":"auto","background-attachment":"scroll","background-type":"","background-media":"","overlay-type":"","overlay-color":"","overlay-opacity":"","overlay-gradient":""},"mobile":{"background-color":"var(--ast-global-color-4)","background-image":"","background-repeat":"repeat","background-position":"center center","background-size":"auto","background-attachment":"scroll","background-type":"","background-media":"","overlay-type":"","overlay-color":"","overlay-opacity":"","overlay-gradient":""}},"footnotes":""},"class_list":["post-609","page","type-page","status-publish","hentry"],"_links":{"self":[{"href":"http:\/\/zavod-parnas.org\/w\/wp-json\/wp\/v2\/pages\/609","targetHints":{"allow":["GET"]}}],"collection":[{"href":"http:\/\/zavod-parnas.org\/w\/wp-json\/wp\/v2\/pages"}],"about":[{"href":"http:\/\/zavod-parnas.org\/w\/wp-json\/wp\/v2\/types\/page"}],"author":[{"embeddable":true,"href":"http:\/\/zavod-parnas.org\/w\/wp-json\/wp\/v2\/users\/2"}],"replies":[{"embeddable":true,"href":"http:\/\/zavod-parnas.org\/w\/wp-json\/wp\/v2\/comments?post=609"}],"version-history":[{"count":2,"href":"http:\/\/zavod-parnas.org\/w\/wp-json\/wp\/v2\/pages\/609\/revisions"}],"predecessor-version":[{"id":952,"href":"http:\/\/zavod-parnas.org\/w\/wp-json\/wp\/v2\/pages\/609\/revisions\/952"}],"up":[{"embeddable":true,"href":"http:\/\/zavod-parnas.org\/w\/wp-json\/wp\/v2\/pages\/641"}],"wp:attachment":[{"href":"http:\/\/zavod-parnas.org\/w\/wp-json\/wp\/v2\/media?parent=609"}],"curies":[{"name":"wp","href":"https:\/\/api.w.org\/{rel}","templated":true}]}}