{"id":608,"date":"2025-01-23T10:00:00","date_gmt":"2025-01-23T09:00:00","guid":{"rendered":"http:\/\/zavod-parnas.org\/w\/?page_id=608"},"modified":"2025-07-30T09:49:46","modified_gmt":"2025-07-30T07:49:46","slug":"tecaji-bukvice-za-odrasle","status":"publish","type":"page","link":"http:\/\/zavod-parnas.org\/w\/javni-interes-na-podrocju-kulture\/tecaji-bukvice-za-odrasle\/","title":{"rendered":"Ustvarjalne delavnice: knjigove\u0161tvo za odrasle"},"content":{"rendered":"\n<h3 class=\"wp-block-heading\"><strong>MOJ DNEVNIK &#8211; BELE\u017dKA Z RAVNIM HRBTOM<br><\/strong><\/h3>\n\n\n\n<p>Lokacija: Gornje Retje, Velike La\u0161\u010de<br>Trajanje: 2-3 ure<br>Cena: 35 EUR<br>Termin: po dogovoru<\/p>\n\n\n\n<p>Se\u0161ili bomo prazen knji\u017eni blok v velikosti A5 (80 strani) ter ga oblekli v trde platnice &#8211; polplatnena vezava. Dnevnik se zapira \u0161e s pomo\u010djo elastike. Primerno tudi za popolne za\u010detnike.<a href=\"https:\/\/zavod-parnas.org\/w\/moj-dnevnik-bukvarnica\/\"> Ve\u010d &#8230;<\/a><br><\/p>\n\n\n\n<figure class=\"wp-block-gallery has-nested-images columns-2 is-cropped wp-block-gallery-1 is-layout-flex wp-block-gallery-is-layout-flex\">\n<figure class=\"wp-block-image size-large\"><img fetchpriority=\"high\" decoding=\"async\" width=\"630\" height=\"840\" data-id=\"11186\" src=\"https:\/\/zavod-parnas.org\/w\/wp-content\/uploads\/2025\/02\/mojdnevnik5-630x840.jpg\" alt=\"\" class=\"wp-image-11186\" srcset=\"http:\/\/zavod-parnas.org\/w\/wp-content\/uploads\/2025\/02\/mojdnevnik5-630x840.jpg 630w, http:\/\/zavod-parnas.org\/w\/wp-content\/uploads\/2025\/02\/mojdnevnik5-225x300.jpg 225w, http:\/\/zavod-parnas.org\/w\/wp-content\/uploads\/2025\/02\/mojdnevnik5-252x336.jpg 252w, http:\/\/zavod-parnas.org\/w\/wp-content\/uploads\/2025\/02\/mojdnevnik5-1152x1536.jpg 1152w, http:\/\/zavod-parnas.org\/w\/wp-content\/uploads\/2025\/02\/mojdnevnik5-1536x2048.jpg 1536w, http:\/\/zavod-parnas.org\/w\/wp-content\/uploads\/2025\/02\/mojdnevnik5-scaled.jpg 1920w\" sizes=\"(max-width: 630px) 100vw, 630px\" \/><\/figure>\n\n\n\n<figure class=\"wp-block-image size-large\"><img decoding=\"async\" width=\"630\" height=\"840\" data-id=\"11185\" src=\"https:\/\/zavod-parnas.org\/w\/wp-content\/uploads\/2025\/02\/mojdnevnik4-630x840.jpg\" alt=\"\" class=\"wp-image-11185\" srcset=\"http:\/\/zavod-parnas.org\/w\/wp-content\/uploads\/2025\/02\/mojdnevnik4-630x840.jpg 630w, http:\/\/zavod-parnas.org\/w\/wp-content\/uploads\/2025\/02\/mojdnevnik4-225x300.jpg 225w, http:\/\/zavod-parnas.org\/w\/wp-content\/uploads\/2025\/02\/mojdnevnik4-252x336.jpg 252w, http:\/\/zavod-parnas.org\/w\/wp-content\/uploads\/2025\/02\/mojdnevnik4-1152x1536.jpg 1152w, http:\/\/zavod-parnas.org\/w\/wp-content\/uploads\/2025\/02\/mojdnevnik4-rotated.jpg 1512w\" sizes=\"(max-width: 630px) 100vw, 630px\" \/><\/figure>\n<\/figure>\n\n\n\n<div class=\"wp-block-buttons is-layout-flex wp-block-buttons-is-layout-flex\">\n<div class=\"wp-block-button\"><a class=\"wp-block-button__link has-text-align-center wp-element-button\" href=\"https:\/\/zavod-parnas.org\/w\/prijavnica\/\" target=\"_blank\" rel=\"noreferrer noopener\">Po\u0161lji povpra\u0161evanje<\/a><\/div>\n<\/div>\n\n\n\n<hr class=\"wp-block-separator has-alpha-channel-opacity\"\/>\n\n\n\n<h3 class=\"wp-block-heading\">MALI ROKOVNIK &#8211; BELE\u017dKA Z OKROGLIM HRBTOM<\/h3>\n\n\n\n<p>Lokacija: Gornje Retje, Velike La\u0161\u010de <br>Trajanje: 3 ure <br>Cena: 35 EUR  <br>Termin: po dogovoru.<\/p>\n\n\n\n<p>Se\u0161ili bomo malce debelej\u0161i knji\u017eni blok ter oblikovali okrogel hrbet &#8211; nastala bo nadvse uporabna&nbsp;bele\u017eka s trdimi platnicami in v polplatneni vezavi, ki jo zapira elastika.<\/p>\n\n\n\n<figure class=\"wp-block-gallery has-nested-images columns-2 is-cropped wp-block-gallery-2 is-layout-flex wp-block-gallery-is-layout-flex\">\n<figure class=\"wp-block-image size-large\"><img decoding=\"async\" width=\"1024\" height=\"768\" data-id=\"1994\" src=\"https:\/\/zavod-parnas.org\/w\/wp-content\/uploads\/2016\/10\/IMG_2994-1-1024x768.jpg\" alt=\"\" class=\"wp-image-1994\" srcset=\"http:\/\/zavod-parnas.org\/w\/wp-content\/uploads\/2016\/10\/IMG_2994-1.jpg 1024w, http:\/\/zavod-parnas.org\/w\/wp-content\/uploads\/2016\/10\/IMG_2994-1-252x189.jpg 252w, http:\/\/zavod-parnas.org\/w\/wp-content\/uploads\/2016\/10\/IMG_2994-1-300x225.jpg 300w\" sizes=\"(max-width: 1024px) 100vw, 1024px\" \/><\/figure>\n\n\n\n<figure class=\"wp-block-image size-large\"><img loading=\"lazy\" decoding=\"async\" width=\"1024\" height=\"768\" data-id=\"1908\" src=\"https:\/\/zavod-parnas.org\/w\/wp-content\/uploads\/2016\/03\/IMG_0731-1024x768.jpg\" alt=\"\" class=\"wp-image-1908\" srcset=\"http:\/\/zavod-parnas.org\/w\/wp-content\/uploads\/2016\/03\/IMG_0731-1024x768.jpg 1024w, http:\/\/zavod-parnas.org\/w\/wp-content\/uploads\/2016\/03\/IMG_0731-252x189.jpg 252w, http:\/\/zavod-parnas.org\/w\/wp-content\/uploads\/2016\/03\/IMG_0731-300x225.jpg 300w, http:\/\/zavod-parnas.org\/w\/wp-content\/uploads\/2016\/03\/IMG_0731.jpg 1600w\" sizes=\"(max-width: 1024px) 100vw, 1024px\" \/><\/figure>\n<\/figure>\n\n\n\n<div class=\"wp-block-buttons is-layout-flex wp-block-buttons-is-layout-flex\">\n<div class=\"wp-block-button\"><a class=\"wp-block-button__link wp-element-button\" href=\"https:\/\/zavod-parnas.org\/w\/prijavnica\/\">Po\u0161lji povpra\u0161evanje<\/a><\/div>\n<\/div>\n\n\n\n<hr class=\"wp-block-separator has-alpha-channel-opacity\"\/>\n\n\n\n<h3 class=\"wp-block-heading\">JAPONSKA&nbsp;VEZAVA<\/h3>\n\n\n\n<p>Lokacija: Gornje Retje, Velike La\u0161\u010de &#8211; Trajanje: 2-3 ure &#8211; Cena: 35 EUR Termin: po dogovoru.<br>Pri vezavi posameznih listov, ki niso prepognjeni kot knjigove\u0161ke pole, si&nbsp; vedno lahko pomagamo z japonsko vezavo. Preizkusili bomo ve\u010d primerov japonske vezave in si izdelali simpati\u010den&nbsp;blok za zapisovanje.<\/p>\n\n\n\n<figure class=\"wp-block-gallery has-nested-images columns-2 is-cropped wp-block-gallery-3 is-layout-flex wp-block-gallery-is-layout-flex\">\n<figure class=\"wp-block-image size-large\"><img loading=\"lazy\" decoding=\"async\" width=\"1024\" height=\"768\" data-id=\"2064\" src=\"https:\/\/zavod-parnas.org\/w\/wp-content\/uploads\/2016\/03\/IMG_3096-1024x768.jpg\" alt=\"\" class=\"wp-image-2064\" srcset=\"http:\/\/zavod-parnas.org\/w\/wp-content\/uploads\/2016\/03\/IMG_3096-1024x768.jpg 1024w, http:\/\/zavod-parnas.org\/w\/wp-content\/uploads\/2016\/03\/IMG_3096-252x189.jpg 252w, http:\/\/zavod-parnas.org\/w\/wp-content\/uploads\/2016\/03\/IMG_3096-300x225.jpg 300w, http:\/\/zavod-parnas.org\/w\/wp-content\/uploads\/2016\/03\/IMG_3096.jpg 1600w\" sizes=\"(max-width: 1024px) 100vw, 1024px\" \/><\/figure>\n\n\n\n<figure class=\"wp-block-image size-large\"><img loading=\"lazy\" decoding=\"async\" width=\"1024\" height=\"679\" data-id=\"2022\" src=\"https:\/\/zavod-parnas.org\/w\/wp-content\/uploads\/2016\/11\/IMG_3071-001-1024x679.jpg\" alt=\"\" class=\"wp-image-2022\" srcset=\"http:\/\/zavod-parnas.org\/w\/wp-content\/uploads\/2016\/11\/IMG_3071-001-1024x679.jpg 1024w, http:\/\/zavod-parnas.org\/w\/wp-content\/uploads\/2016\/11\/IMG_3071-001-252x167.jpg 252w, http:\/\/zavod-parnas.org\/w\/wp-content\/uploads\/2016\/11\/IMG_3071-001-300x199.jpg 300w, http:\/\/zavod-parnas.org\/w\/wp-content\/uploads\/2016\/11\/IMG_3071-001.jpg 1588w\" sizes=\"(max-width: 1024px) 100vw, 1024px\" \/><\/figure>\n<\/figure>\n\n\n\n<div class=\"wp-block-buttons is-layout-flex wp-block-buttons-is-layout-flex\">\n<div class=\"wp-block-button\"><a class=\"wp-block-button__link wp-element-button\" href=\"https:\/\/zavod-parnas.org\/w\/prijavnica\/\">Po\u0161lji povpra\u0161evanje<\/a><\/div>\n<\/div>\n\n\n\n<hr class=\"wp-block-separator has-alpha-channel-opacity\"\/>\n\n\n\n<p>Cena vklju\u010duje vodenje delavnice ter vse materiale in orodja za izdelavo izdelka na delavnici.<br>Delavnice v prijetnem okolju in v majhnih skupinah vodi&nbsp;<b>Metka Stari\u010d<\/b>.<\/p>\n\n\n\n<p><strong>&nbsp;Spremljajte AKTUALNE RAZPISANE TERMINE med novicami na spletni strani, Fb ali Ig.<\/strong><\/p>\n\n\n\n<p><b>PLA\u010cILO<\/b>: s predhodnim nakazilom na&nbsp; poslovni ra\u010dun:<br>Zavod Parnas, Gornje Retje 3, 1315 Velike La\u0161\u010de<br>IBAN: SI56 0232 1008 7817 839<br>Swift: LJBASI2X<br>Sklic: 00 77<br>Namen: Knjigove\u0161ka delavnica<br>(Nismo zavezanec za DDV)<\/p>\n\n\n\n<p>Lahko vam izstavimo originalen ra\u010dun za pravno osebo, po\u0161ljite nam podatke za pripravo ra\u010duna.<\/p>\n\n\n\n<p>Dodatne informacije in prijave: <strong>041 833 456<\/strong> (Metka Stari\u010d) ali <strong>info@zavod-parnas.org<\/strong><\/p>\n\n\n\n<hr class=\"wp-block-separator has-alpha-channel-opacity\"\/>\n\n\n\n<p><strong>Po predhodnem dogovoru lahko izvedemo delavnice tudi na drugih lokacijah za ve\u010d te\u010dajnikov (5 do 12).<\/strong><\/p>\n\n\n\n<figure class=\"wp-block-gallery has-nested-images columns-6 is-cropped wp-block-gallery-4 is-layout-flex wp-block-gallery-is-layout-flex\">\n<figure class=\"wp-block-image size-large\"><img loading=\"lazy\" decoding=\"async\" width=\"1024\" height=\"768\" data-id=\"2062\" src=\"https:\/\/zavod-parnas.org\/w\/wp-content\/uploads\/2016\/03\/IMG_3065-002-1024x768.jpg\" alt=\"\" class=\"wp-image-2062\" srcset=\"http:\/\/zavod-parnas.org\/w\/wp-content\/uploads\/2016\/03\/IMG_3065-002-1024x768.jpg 1024w, http:\/\/zavod-parnas.org\/w\/wp-content\/uploads\/2016\/03\/IMG_3065-002-252x189.jpg 252w, http:\/\/zavod-parnas.org\/w\/wp-content\/uploads\/2016\/03\/IMG_3065-002-300x225.jpg 300w, http:\/\/zavod-parnas.org\/w\/wp-content\/uploads\/2016\/03\/IMG_3065-002.jpg 1600w\" sizes=\"(max-width: 1024px) 100vw, 1024px\" \/><\/figure>\n\n\n\n<figure class=\"wp-block-image size-large\"><img loading=\"lazy\" decoding=\"async\" width=\"1024\" height=\"768\" data-id=\"2063\" src=\"https:\/\/zavod-parnas.org\/w\/wp-content\/uploads\/2016\/03\/IMG_3095-1024x768.jpg\" alt=\"\" class=\"wp-image-2063\" srcset=\"http:\/\/zavod-parnas.org\/w\/wp-content\/uploads\/2016\/03\/IMG_3095-1024x768.jpg 1024w, http:\/\/zavod-parnas.org\/w\/wp-content\/uploads\/2016\/03\/IMG_3095-252x189.jpg 252w, http:\/\/zavod-parnas.org\/w\/wp-content\/uploads\/2016\/03\/IMG_3095-300x225.jpg 300w, http:\/\/zavod-parnas.org\/w\/wp-content\/uploads\/2016\/03\/IMG_3095.jpg 1600w\" sizes=\"(max-width: 1024px) 100vw, 1024px\" \/><\/figure>\n\n\n\n<figure class=\"wp-block-image size-large\"><img loading=\"lazy\" decoding=\"async\" width=\"1024\" height=\"768\" data-id=\"2066\" src=\"https:\/\/zavod-parnas.org\/w\/wp-content\/uploads\/2016\/03\/IMG_3105-1024x768.jpg\" alt=\"\" class=\"wp-image-2066\" srcset=\"http:\/\/zavod-parnas.org\/w\/wp-content\/uploads\/2016\/03\/IMG_3105-1024x768.jpg 1024w, http:\/\/zavod-parnas.org\/w\/wp-content\/uploads\/2016\/03\/IMG_3105-252x189.jpg 252w, http:\/\/zavod-parnas.org\/w\/wp-content\/uploads\/2016\/03\/IMG_3105-300x225.jpg 300w, http:\/\/zavod-parnas.org\/w\/wp-content\/uploads\/2016\/03\/IMG_3105.jpg 1600w\" sizes=\"(max-width: 1024px) 100vw, 1024px\" \/><\/figure>\n<\/figure>\n\n\n\n<h2 class=\"wp-block-heading\"><strong>Vtisi udele\u017eenk<\/strong><\/h2>\n\n\n\n<figure class=\"wp-block-pullquote\"><blockquote><p><em>Izjemno prijetna delavnica vezave knjigic z okroglim hrbtom popolnoma profesionalnega videza! (Katja)<\/em><br><br><em>V\u010deraj\u0161nja delavnica je bila ve\u010d kot uspe\u0161na in jaz sem s pridobljenim znanjem ve\u010d kot zadovoljna. Najlep\u0161a hvala, Metka Stari\u010d,&nbsp;za tako pou\u010dno in prijetno delavnico. (Martina)<\/em><br><em>Ob dobrem vodenju delavnice, z drobnimi fintami, so lahko tudi izdelki res li\u010dni in dobro izdelani. (Sonja)<\/em><br><br>Pou\u010dna delavnica marmoriranja papirja in izdelave bukvice v prijetnem vzdu\u0161ju. Metka je super u\u010diteljica, ki z veseljem deli svoje znanje, izku\u0161nje in &#8220;male skrivnosti velikih mojstrov&#8221; z udele\u017eenci delavnic. Priporo\u010dam vsem ljubiteljem bukvic! (Ana)<\/p><\/blockquote><\/figure>\n","protected":false},"excerpt":{"rendered":"<p>MOJ DNEVNIK &#8211; BELE\u017dKA Z RAVNIM HRBTOM Lokacija: Gornje Retje, Velike La\u0161\u010deTrajanje: 2-3 ureCena: 35 EURTermin: po dogovoru Se\u0161ili bomo [&hellip;]<\/p>\n","protected":false},"author":2,"featured_media":0,"parent":613,"menu_order":0,"comment_status":"closed","ping_status":"closed","template":"","meta":{"site-sidebar-layout":"default","site-content-layout":"","ast-site-content-layout":"default","site-content-style":"default","site-sidebar-style":"default","ast-global-header-display":"","ast-banner-title-visibility":"","ast-main-header-display":"","ast-hfb-above-header-display":"","ast-hfb-below-header-display":"","ast-hfb-mobile-header-display":"","site-post-title":"","ast-breadcrumbs-content":"","ast-featured-img":"","footer-sml-layout":"","theme-transparent-header-meta":"","adv-header-id-meta":"","stick-header-meta":"","header-above-stick-meta":"","header-main-stick-meta":"","header-below-stick-meta":"","astra-migrate-meta-layouts":"default","ast-page-background-enabled":"default","ast-page-background-meta":{"desktop":{"background-color":"var(--ast-global-color-5)","background-image":"","background-repeat":"repeat","background-position":"center center","background-size":"auto","background-attachment":"scroll","background-type":"","background-media":"","overlay-type":"","overlay-color":"","overlay-opacity":"","overlay-gradient":""},"tablet":{"background-color":"","background-image":"","background-repeat":"repeat","background-position":"center center","background-size":"auto","background-attachment":"scroll","background-type":"","background-media":"","overlay-type":"","overlay-color":"","overlay-opacity":"","overlay-gradient":""},"mobile":{"background-color":"","background-image":"","background-repeat":"repeat","background-position":"center center","background-size":"auto","background-attachment":"scroll","background-type":"","background-media":"","overlay-type":"","overlay-color":"","overlay-opacity":"","overlay-gradient":""}},"ast-content-background-meta":{"desktop":{"background-color":"var(--ast-global-color-4)","background-image":"","background-repeat":"repeat","background-position":"center center","background-size":"auto","background-attachment":"scroll","background-type":"","background-media":"","overlay-type":"","overlay-color":"","overlay-opacity":"","overlay-gradient":""},"tablet":{"background-color":"var(--ast-global-color-4)","background-image":"","background-repeat":"repeat","background-position":"center center","background-size":"auto","background-attachment":"scroll","background-type":"","background-media":"","overlay-type":"","overlay-color":"","overlay-opacity":"","overlay-gradient":""},"mobile":{"background-color":"var(--ast-global-color-4)","background-image":"","background-repeat":"repeat","background-position":"center center","background-size":"auto","background-attachment":"scroll","background-type":"","background-media":"","overlay-type":"","overlay-color":"","overlay-opacity":"","overlay-gradient":""}},"footnotes":""},"class_list":["post-608","page","type-page","status-publish","hentry"],"_links":{"self":[{"href":"http:\/\/zavod-parnas.org\/w\/wp-json\/wp\/v2\/pages\/608","targetHints":{"allow":["GET"]}}],"collection":[{"href":"http:\/\/zavod-parnas.org\/w\/wp-json\/wp\/v2\/pages"}],"about":[{"href":"http:\/\/zavod-parnas.org\/w\/wp-json\/wp\/v2\/types\/page"}],"author":[{"embeddable":true,"href":"http:\/\/zavod-parnas.org\/w\/wp-json\/wp\/v2\/users\/2"}],"replies":[{"embeddable":true,"href":"http:\/\/zavod-parnas.org\/w\/wp-json\/wp\/v2\/comments?post=608"}],"version-history":[{"count":73,"href":"http:\/\/zavod-parnas.org\/w\/wp-json\/wp\/v2\/pages\/608\/revisions"}],"predecessor-version":[{"id":11858,"href":"http:\/\/zavod-parnas.org\/w\/wp-json\/wp\/v2\/pages\/608\/revisions\/11858"}],"up":[{"embeddable":true,"href":"http:\/\/zavod-parnas.org\/w\/wp-json\/wp\/v2\/pages\/613"}],"wp:attachment":[{"href":"http:\/\/zavod-parnas.org\/w\/wp-json\/wp\/v2\/media?parent=608"}],"curies":[{"name":"wp","href":"https:\/\/api.w.org\/{rel}","templated":true}]}}