{"id":603,"date":"2016-03-19T10:09:17","date_gmt":"2016-03-19T09:09:17","guid":{"rendered":"http:\/\/zavod-parnas.org\/w\/?page_id=603"},"modified":"2016-03-20T16:08:54","modified_gmt":"2016-03-20T15:08:54","slug":"najdihojca","status":"publish","type":"page","link":"http:\/\/zavod-parnas.org\/w\/projekti-2000-2015\/najdihojca\/","title":{"rendered":"Festival Najdihojca (2000-2015)"},"content":{"rendered":"<h2 style=\"color: #000090;\">Festival otro\u0161kega gledali\u0161\u010da v Velikih La\u0161\u010dah\u00a0NAJDIHOJCA<\/h2>\n<p style=\"text-align: right;\"><i><br \/>\nNAJDIHOJCA, pal\u010dek na\u0161,<\/i><br \/>\n<i>ne razgrajaj, samopa\u0161,<\/i><br \/>\n<i>vedno te je vrisk in smeh<\/i><br \/>\n<i>zdaj po odrih, zdaj pri tleh.<\/i><br \/>\n(Fran Levstik)<\/p>\n<p>NAJDIHOJCA je festival otro\u0161kega gledali\u0161\u010da, ki sta ga od leta 2000 do 2015 prirejala <b>KUD Primo\u017e Trubar<\/b> in <b>Zavod PARNAS<\/b> pod pokroviteljstvom <b>Ob\u010dine Velike La\u0161\u010de<\/b>.Od leta 2016 festival poteka v organizaciji<b> KUD Primo\u017e Trubar<\/b><a href=\"http:\/\/kud.trubar.si\" target=\"_blank\"> &#8230; RAZPIS IN PRIJAVNICA 2016 &#8230;<\/a><\/p>\n<h2><a href=\"\/w\/category\/najdihojca\">Arhiv dosedanjih festivalov NAJDIHOJCA<\/a>\u00a0v obdobju 2000-2015<\/h2>\n<p>&nbsp;<\/p>\n<p>V letu 2016 se festival NAJDIHOJCA nadaljuje v organizaciji <a href=\"http:\/\/kud.trubar.si\" target=\"_blank\">KUD Primo\u017e Trubar<\/a>, vodja festivala pa ostaja Tine Stari\u010d. (tine(at)zavod-parnas.org +386 70 551 333)<\/p>\n<p>Na gledali\u0161kem odru se predstavijo otro\u0161ke dramske skupine iz lokalnega vrtca in \u0161ole ter nekaj gostujo\u010dih dramskih skupin. NAJDIHOJCA je vpeta v letni delovni na\u010drt vrtca in \u0161ole in spodbuja in sooblikuje gledali\u0161ko vzgojo pri najmlaj\u0161ih in \u0161olski mladini.<\/p>\n<p>NAJDIHOJCO vsako leto pripravi skupina prostovoljcev, med katerimi prevladujejo mladi, za razgovore z mentorji pa se pove\u017eemo s \u0161tudenti AGRFT iz Ljubljane. V Levstikovem domu v Velikih La\u0161\u010dah se na odru predstavijo otro\u0161ke in mladinske skupine, predstave si ogledajo otroci velikola\u0161kega vrtca in \u0161ole ter ostali zainteresirani. Festival poteka kot prostovoljska akcija \u0161tevilnih mladih in malo manj mladih prostovoljcev.<br \/>\nZa\u010detki slovenskega ljudskega gledali\u0161\u010da segajo v leto 1855, ko so v gostilni pri Drakslerci odigrali Levstikovo dramsko delo Juntez. Danes tradicijo ljubiteljskega gledali\u0161\u010da peljeta naprej KUD Primo\u017e Trubar in KUD Rob.<\/p>\n<h2 style=\"color: #000090;\">NAJDIHOJCA je &#8230;<\/h2>\n<p>1. NAJDIHOJCA je avtorsko zasnovan festival otro\u0161kega gledali\u0161\u010da, ki kot prostovoljska prireditev neprekinjeno poteka od leta 2000.<br \/>\n2. NAJDIHOJCA je junak iz Levstikove otro\u0161ke poezije, podobno kot je to Pedenjped pri Niku Grafenauerju ali Ciciban pri Otonu \u017dupan\u010di\u010du.<br \/>\n3. Festival NAJDIHOJCA pripravljajo mladi kot prostovoljci, ki v sodelovanju z Zavodom Parnas in KUD Primo\u017e Trubar skrbijo za:<br \/>\n&#8211; otrokom prijazno povezovanje prireditve in animacijo gledalcev med posameznimi predstavami,<br \/>\n&#8211; delitev malice, usmerjanje igralskih skupin, podeljevanje priznanj,<br \/>\n&#8211; tehni\u010dno pomo\u010d pri izvedbi predstav (pripravljanje in pospravljanje scene, glasba, osvetlitev odra, dvigovanje in spu\u0161\u010danje zastora &#8230;).<br \/>\n&#8211; za organizacijo, razpis, prijave in razpored predstav<br \/>\n&#8211; za tehni\u010dno podporo &#8211; ton, lu\u010d, snemanje in fotografiranje<br \/>\n4. Festival NAJDIHOJCA je ume\u0161\u010den v letni koledar Osnovne \u0161ole Primo\u017ea Trubarja in Vrtca Son\u010dni \u017earek:<br \/>\n&#8211; letno na\u010drtovani kulturni dnevi v nekaterih razredih prve oz. druge triade velikola\u0161ke \u0161ole,<br \/>\n&#8211; dramska interesna dejavnost v \u0161oli in vrtcu s ciljem nastopa na NAJDIHOJCI,<br \/>\n&#8211; redna letna aktivnost v programih vrtca.<br \/>\n5. Urnik predstav je prilagojen gledalcem iz \u0161ole in vrtca (dopoldanski \u010das med tednom, usklajenost predstav s \u0161olskimi urami in odmori), predhodno usklajen in promoviran v \u0161oli in vrtcu.<br \/>\n6. Preko lokalnih medijev (Trobla, kabelski sistem, internetne strani, plakati) omogo\u010da tudi obisk individualnih gledalcev (otrok, ki niso vklju\u010deni v vrtec, odraslih), ki se iz leta v leto pove\u010duje.<br \/>\n7. Festival NAJDIHOJCA ima stalno spletno stran http:\/\/zavod-parnas.org\/viewpage.php?page_id=86 , kjer so predstavljena njena izhodi\u0161\u010da in je dostopen arhiv aktivnosti.<br \/>\n8. Festival NAJDIHOJCA s sodelovanjem \u0161tudentov dramaturgije oz. re\u017eije na AGRFT, ki kot prostovoljci spremljajo predstave in se po predstavah pogovorijo z mentorji.<br \/>\n9. Glavni pokrovitelj festivala NAJDIHOJCA je vsa leta Ob\u010dina Velike La\u0161\u010de. Ob peti obletnici je oba organizatorja nagradila s priznanjem.<\/p>\n<h2 style=\"color: #000090;\">NAJDIHOJCA ni &#8230;<\/h2>\n<p>Festival NAJDIHOJCA se razlikuje od sre\u010danj otro\u0161kih gledali\u0161kih skupin JSKD (sre\u010danje otro\u0161kih gledali\u0161kih skupin Nagajivi oder):<br \/>\n&#8211; ni selekcijsko naravnan,<br \/>\n&#8211; je namenjen v prvi vrsti predstavitvi doma\u010de otro\u0161ke gledali\u0161ke produkcije (vrtec, \u0161ola, KUD), ki pridobiva s tem mo\u017enosti za nastop na ve\u010djem odru ob polni dvorani,<br \/>\n&#8211; prera\u0161\u010da regijske meje izpostave JSKD OE Ljubljana okolica in omogo\u010da tudi spremljanje gledali\u0161ke vzgoje na obmo\u010dju LAS Po poteh dedi\u0161\u010dine Od Idrijce do Kolpe (Ribnica, Sodra\u017eica, Ko\u010devje, Dobrepolje) in v sosednjih ob\u010dinah ( Ivan\u010dna Gorica, \u0160kofljica, Ig, Ljubljana).<\/p>\n<h2>ZAHVALA:<\/h2>\n<p>V letu 2016 Zavod Parnas <b>ni ve\u010d soorganizator<\/b> Festivala Najdihojca.<br \/>\nZahvaljujemo se vsem dosedanjim prostovoljcem, sodelujo\u010dim skupinam in njihovim mentorjem ter vsem gledalcem vrtca in \u0161ole, soorganizatorju KUD Primo\u017e Trubar in pokrovitelju Ob\u010dini Velike La\u0161\u010de &#8211; za dosedanje sodelovanje in zaupanje.<br \/>\nZavod Parnas<\/p>\n","protected":false},"excerpt":{"rendered":"<p>Festival otro\u0161kega gledali\u0161\u010da v Velikih La\u0161\u010dah\u00a0NAJDIHOJCA NAJDIHOJCA, pal\u010dek na\u0161, ne razgrajaj, samopa\u0161, vedno te je vrisk in smeh zdaj po [&hellip;]<\/p>\n","protected":false},"author":2,"featured_media":659,"parent":641,"menu_order":0,"comment_status":"open","ping_status":"closed","template":"","meta":{"site-sidebar-layout":"default","site-content-layout":"","ast-site-content-layout":"default","site-content-style":"default","site-sidebar-style":"default","ast-global-header-display":"","ast-banner-title-visibility":"","ast-main-header-display":"","ast-hfb-above-header-display":"","ast-hfb-below-header-display":"","ast-hfb-mobile-header-display":"","site-post-title":"","ast-breadcrumbs-content":"","ast-featured-img":"","footer-sml-layout":"","theme-transparent-header-meta":"","adv-header-id-meta":"","stick-header-meta":"","header-above-stick-meta":"","header-main-stick-meta":"","header-below-stick-meta":"","astra-migrate-meta-layouts":"default","ast-page-background-enabled":"default","ast-page-background-meta":{"desktop":{"background-color":"var(--ast-global-color-5)","background-image":"","background-repeat":"repeat","background-position":"center center","background-size":"auto","background-attachment":"scroll","background-type":"","background-media":"","overlay-type":"","overlay-color":"","overlay-opacity":"","overlay-gradient":""},"tablet":{"background-color":"","background-image":"","background-repeat":"repeat","background-position":"center center","background-size":"auto","background-attachment":"scroll","background-type":"","background-media":"","overlay-type":"","overlay-color":"","overlay-opacity":"","overlay-gradient":""},"mobile":{"background-color":"","background-image":"","background-repeat":"repeat","background-position":"center center","background-size":"auto","background-attachment":"scroll","background-type":"","background-media":"","overlay-type":"","overlay-color":"","overlay-opacity":"","overlay-gradient":""}},"ast-content-background-meta":{"desktop":{"background-color":"var(--ast-global-color-4)","background-image":"","background-repeat":"repeat","background-position":"center center","background-size":"auto","background-attachment":"scroll","background-type":"","background-media":"","overlay-type":"","overlay-color":"","overlay-opacity":"","overlay-gradient":""},"tablet":{"background-color":"var(--ast-global-color-4)","background-image":"","background-repeat":"repeat","background-position":"center center","background-size":"auto","background-attachment":"scroll","background-type":"","background-media":"","overlay-type":"","overlay-color":"","overlay-opacity":"","overlay-gradient":""},"mobile":{"background-color":"var(--ast-global-color-4)","background-image":"","background-repeat":"repeat","background-position":"center center","background-size":"auto","background-attachment":"scroll","background-type":"","background-media":"","overlay-type":"","overlay-color":"","overlay-opacity":"","overlay-gradient":""}},"footnotes":""},"class_list":["post-603","page","type-page","status-publish","has-post-thumbnail","hentry"],"_links":{"self":[{"href":"http:\/\/zavod-parnas.org\/w\/wp-json\/wp\/v2\/pages\/603","targetHints":{"allow":["GET"]}}],"collection":[{"href":"http:\/\/zavod-parnas.org\/w\/wp-json\/wp\/v2\/pages"}],"about":[{"href":"http:\/\/zavod-parnas.org\/w\/wp-json\/wp\/v2\/types\/page"}],"author":[{"embeddable":true,"href":"http:\/\/zavod-parnas.org\/w\/wp-json\/wp\/v2\/users\/2"}],"replies":[{"embeddable":true,"href":"http:\/\/zavod-parnas.org\/w\/wp-json\/wp\/v2\/comments?post=603"}],"version-history":[{"count":13,"href":"http:\/\/zavod-parnas.org\/w\/wp-json\/wp\/v2\/pages\/603\/revisions"}],"predecessor-version":[{"id":974,"href":"http:\/\/zavod-parnas.org\/w\/wp-json\/wp\/v2\/pages\/603\/revisions\/974"}],"up":[{"embeddable":true,"href":"http:\/\/zavod-parnas.org\/w\/wp-json\/wp\/v2\/pages\/641"}],"wp:featuredmedia":[{"embeddable":true,"href":"http:\/\/zavod-parnas.org\/w\/wp-json\/wp\/v2\/media\/659"}],"wp:attachment":[{"href":"http:\/\/zavod-parnas.org\/w\/wp-json\/wp\/v2\/media?parent=603"}],"curies":[{"name":"wp","href":"https:\/\/api.w.org\/{rel}","templated":true}]}}