{"id":594,"date":"2016-03-19T10:09:17","date_gmt":"2016-03-19T09:09:17","guid":{"rendered":"http:\/\/zavod-parnas.org\/w\/?page_id=594"},"modified":"2016-03-19T15:50:16","modified_gmt":"2016-03-19T14:50:16","slug":"velikolaski-kozolci","status":"publish","type":"page","link":"http:\/\/zavod-parnas.org\/w\/zaloznistvo\/velikolaski-kozolci\/","title":{"rendered":"Velikola\u0161ki kozolci"},"content":{"rendered":"<h2>VELIKOLA\u0160KI KOZOLCI<br \/>\n<span style=\"font-size: 0.8em;\">raziskava \u0161tudentov arhitekture<\/span><\/h2>\n<p>raziskava \u0161tudentov arhitekture pri predmetu Elementi arhitekture I<br \/>\n2004\/2005<br \/>\nprof. dr. Borut Juvanec, prof. Domen Zupan\u010di\u010d, Sr\u0111an Nad, Samo Oblak, Bo\u0161tjan Parkelj, Tja\u0161a Pe\u010dnik<\/p>\n<p>Vse fotografije in risbe so delo \u0161tudentov.<br \/>\nOblikovanje: Jaro Je\u0161e<br \/>\nNaslovnica: ma3ca<br \/>\nIzdal: Parnas, zavod za kulturo in turizem Velike La\u0161\u010de<br \/>\nZlo\u017eenko je sofinanciralo Ministrstvo RS za kulturo v okviru programa kulturne dedi\u0161\u010dine.<br \/>\nNaklada: 500 izvodov<\/p>\n<p>Velike La\u0161\u010de, 2005<\/p>\n<p>Obseg: 24 strani<br \/>\nCena: 2 EUR V ceni je vklju\u010den DDV. Publikacijo lahko kupite v Su\u0161ilnici sadja Grade\u017e ali naro\u010dite v zavodu Parnas. <b>Za poku\u0161ino si oglejte strani Strletovega kozolca na Grade\u017eu<\/b>.<\/p>\n<div id='gallery-1' class='gallery galleryid-594 gallery-columns-4 gallery-size-medium'><figure class='gallery-item'>\n\t\t\t<div class='gallery-icon portrait'>\n\t\t\t\t<a href='http:\/\/zavod-parnas.org\/w\/wp-content\/uploads\/2016\/03\/strletov1.jpg' title=\"\" data-rl_title=\"\" class=\"rl-gallery-link\" data-rl_caption=\"\" data-rel=\"lightbox-gallery-1\"><img decoding=\"async\" width=\"142\" height=\"300\" src=\"http:\/\/zavod-parnas.org\/w\/wp-content\/uploads\/2016\/03\/strletov1-142x300.jpg\" class=\"attachment-medium size-medium\" alt=\"\" srcset=\"http:\/\/zavod-parnas.org\/w\/wp-content\/uploads\/2016\/03\/strletov1-142x300.jpg 142w, http:\/\/zavod-parnas.org\/w\/wp-content\/uploads\/2016\/03\/strletov1-252x531.jpg 252w, http:\/\/zavod-parnas.org\/w\/wp-content\/uploads\/2016\/03\/strletov1.jpg 353w\" sizes=\"(max-width: 142px) 100vw, 142px\" \/><\/a>\n\t\t\t<\/div><\/figure><figure class='gallery-item'>\n\t\t\t<div class='gallery-icon portrait'>\n\t\t\t\t<a href='http:\/\/zavod-parnas.org\/w\/wp-content\/uploads\/2016\/03\/strletov2.jpg' title=\"\" data-rl_title=\"\" class=\"rl-gallery-link\" data-rl_caption=\"\" data-rel=\"lightbox-gallery-1\"><img decoding=\"async\" width=\"143\" height=\"300\" src=\"http:\/\/zavod-parnas.org\/w\/wp-content\/uploads\/2016\/03\/strletov2-143x300.jpg\" class=\"attachment-medium size-medium\" alt=\"\" srcset=\"http:\/\/zavod-parnas.org\/w\/wp-content\/uploads\/2016\/03\/strletov2-143x300.jpg 143w, http:\/\/zavod-parnas.org\/w\/wp-content\/uploads\/2016\/03\/strletov2-252x528.jpg 252w, http:\/\/zavod-parnas.org\/w\/wp-content\/uploads\/2016\/03\/strletov2.jpg 355w\" sizes=\"(max-width: 143px) 100vw, 143px\" \/><\/a>\n\t\t\t<\/div><\/figure><figure class='gallery-item'>\n\t\t\t<div class='gallery-icon portrait'>\n\t\t\t\t<a href='http:\/\/zavod-parnas.org\/w\/wp-content\/uploads\/2016\/03\/strletov3.jpg' title=\"\" data-rl_title=\"\" class=\"rl-gallery-link\" data-rl_caption=\"\" data-rel=\"lightbox-gallery-1\"><img decoding=\"async\" width=\"142\" height=\"300\" src=\"http:\/\/zavod-parnas.org\/w\/wp-content\/uploads\/2016\/03\/strletov3-142x300.jpg\" class=\"attachment-medium size-medium\" alt=\"\" srcset=\"http:\/\/zavod-parnas.org\/w\/wp-content\/uploads\/2016\/03\/strletov3-142x300.jpg 142w, http:\/\/zavod-parnas.org\/w\/wp-content\/uploads\/2016\/03\/strletov3-252x531.jpg 252w, http:\/\/zavod-parnas.org\/w\/wp-content\/uploads\/2016\/03\/strletov3.jpg 353w\" sizes=\"(max-width: 142px) 100vw, 142px\" \/><\/a>\n\t\t\t<\/div><\/figure><figure class='gallery-item'>\n\t\t\t<div class='gallery-icon portrait'>\n\t\t\t\t<a href='http:\/\/zavod-parnas.org\/w\/wp-content\/uploads\/2016\/03\/strletov4.jpg' title=\"\" data-rl_title=\"\" class=\"rl-gallery-link\" data-rl_caption=\"\" data-rel=\"lightbox-gallery-1\"><img loading=\"lazy\" decoding=\"async\" width=\"143\" height=\"300\" src=\"http:\/\/zavod-parnas.org\/w\/wp-content\/uploads\/2016\/03\/strletov4-143x300.jpg\" class=\"attachment-medium size-medium\" alt=\"\" srcset=\"http:\/\/zavod-parnas.org\/w\/wp-content\/uploads\/2016\/03\/strletov4-143x300.jpg 143w, http:\/\/zavod-parnas.org\/w\/wp-content\/uploads\/2016\/03\/strletov4-252x530.jpg 252w, http:\/\/zavod-parnas.org\/w\/wp-content\/uploads\/2016\/03\/strletov4.jpg 354w\" sizes=\"(max-width: 143px) 100vw, 143px\" \/><\/a>\n\t\t\t<\/div><\/figure>\n\t\t<\/div>\n\n<p><i>Kozolec je najbolj na\u0161a arhitektura, kar jih imamo. Gre skoraj za popolnost, kjer se stapljajo potreba, mo\u017enosti in red v najbolj ob\u010dutenem objektu, kar jih je na\u0161 \u010dlovek postavil: rezultat je usklajena arhitektura, ki jo sprejemamo kot del narave. Ne nazadnje je delo \u010dloveka. Na\u0161ega \u010dloveka, saj kozolec stoji le na na\u0161em etni\u010dnem ozemlju.<br \/>\n\u0160tudentje arhitekture so nekaj kozolcev okrog Velikih La\u0161\u010d pregledali, jih izmerili, narisali, analizirali in jih predstavili: na papirju in na ra\u010dunalniku.<br \/>\nNe gre le za akademsko delo, ki je dale\u010d od ljudi. Gre za predstavitev kozolca ljudem. Ljudem, ki ga poznajo, ga uporabljajo, negujejo in vzdr\u017eujejo. Morda ga bodo z njihovim delom, z razlago pravil in mo\u017enosti, ki smo jih morda \u017ee pozabili, spet spoznali, spet vzljubili. Kot smo ga spo\u0161tovali pred \u010dasom.<br \/>\nTo ni poklon stari arhitekturi. Je poklon delu in misli slovenskega \u010dloveka.<br \/>\nprof. dr. Borut Juvanec<\/i><\/p>\n<p>Med pomembnej\u0161imi nalogami zavoda Parnas so predstavitev, razvoj in promocija velikola\u0161ke kulturne dedi\u0161\u010dine. Lotevamo se jih s pripravo publikacij, ter organizacijo programov in prireditev s podro\u010dja dedi\u0161\u010dine.<\/p>\n<p>Kot nevladna organizacija predstavljamo vez med stroko oz. \u0161tudijskimi vsebinami (v tem primeru Fakultete za arhitekturo) ter stanjem na terenu. Ob sofinanciranju programov s strani Ministrstva za kulturo in Ob\u010dine Velike La\u0161\u010de tako pridobimo vsebine, ki so kvalitetene, strokovno pripravljene in uporabne, ter predstavljajo pomemben korak pri razvoju pode\u017eelja.<br \/>\nMetka Stari\u010d<\/p>\n","protected":false},"excerpt":{"rendered":"<p>VELIKOLA\u0160KI KOZOLCI raziskava \u0161tudentov arhitekture raziskava \u0161tudentov arhitekture pri predmetu Elementi arhitekture I 2004\/2005 prof. dr. Borut Juvanec, prof. Domen [&hellip;]<\/p>\n","protected":false},"author":2,"featured_media":830,"parent":577,"menu_order":0,"comment_status":"open","ping_status":"closed","template":"","meta":{"site-sidebar-layout":"default","site-content-layout":"","ast-site-content-layout":"default","site-content-style":"default","site-sidebar-style":"default","ast-global-header-display":"","ast-banner-title-visibility":"","ast-main-header-display":"","ast-hfb-above-header-display":"","ast-hfb-below-header-display":"","ast-hfb-mobile-header-display":"","site-post-title":"","ast-breadcrumbs-content":"","ast-featured-img":"","footer-sml-layout":"","theme-transparent-header-meta":"","adv-header-id-meta":"","stick-header-meta":"","header-above-stick-meta":"","header-main-stick-meta":"","header-below-stick-meta":"","astra-migrate-meta-layouts":"default","ast-page-background-enabled":"default","ast-page-background-meta":{"desktop":{"background-color":"var(--ast-global-color-5)","background-image":"","background-repeat":"repeat","background-position":"center center","background-size":"auto","background-attachment":"scroll","background-type":"","background-media":"","overlay-type":"","overlay-color":"","overlay-opacity":"","overlay-gradient":""},"tablet":{"background-color":"","background-image":"","background-repeat":"repeat","background-position":"center center","background-size":"auto","background-attachment":"scroll","background-type":"","background-media":"","overlay-type":"","overlay-color":"","overlay-opacity":"","overlay-gradient":""},"mobile":{"background-color":"","background-image":"","background-repeat":"repeat","background-position":"center center","background-size":"auto","background-attachment":"scroll","background-type":"","background-media":"","overlay-type":"","overlay-color":"","overlay-opacity":"","overlay-gradient":""}},"ast-content-background-meta":{"desktop":{"background-color":"var(--ast-global-color-4)","background-image":"","background-repeat":"repeat","background-position":"center center","background-size":"auto","background-attachment":"scroll","background-type":"","background-media":"","overlay-type":"","overlay-color":"","overlay-opacity":"","overlay-gradient":""},"tablet":{"background-color":"var(--ast-global-color-4)","background-image":"","background-repeat":"repeat","background-position":"center center","background-size":"auto","background-attachment":"scroll","background-type":"","background-media":"","overlay-type":"","overlay-color":"","overlay-opacity":"","overlay-gradient":""},"mobile":{"background-color":"var(--ast-global-color-4)","background-image":"","background-repeat":"repeat","background-position":"center center","background-size":"auto","background-attachment":"scroll","background-type":"","background-media":"","overlay-type":"","overlay-color":"","overlay-opacity":"","overlay-gradient":""}},"footnotes":""},"class_list":["post-594","page","type-page","status-publish","has-post-thumbnail","hentry"],"_links":{"self":[{"href":"http:\/\/zavod-parnas.org\/w\/wp-json\/wp\/v2\/pages\/594","targetHints":{"allow":["GET"]}}],"collection":[{"href":"http:\/\/zavod-parnas.org\/w\/wp-json\/wp\/v2\/pages"}],"about":[{"href":"http:\/\/zavod-parnas.org\/w\/wp-json\/wp\/v2\/types\/page"}],"author":[{"embeddable":true,"href":"http:\/\/zavod-parnas.org\/w\/wp-json\/wp\/v2\/users\/2"}],"replies":[{"embeddable":true,"href":"http:\/\/zavod-parnas.org\/w\/wp-json\/wp\/v2\/comments?post=594"}],"version-history":[{"count":3,"href":"http:\/\/zavod-parnas.org\/w\/wp-json\/wp\/v2\/pages\/594\/revisions"}],"predecessor-version":[{"id":835,"href":"http:\/\/zavod-parnas.org\/w\/wp-json\/wp\/v2\/pages\/594\/revisions\/835"}],"up":[{"embeddable":true,"href":"http:\/\/zavod-parnas.org\/w\/wp-json\/wp\/v2\/pages\/577"}],"wp:featuredmedia":[{"embeddable":true,"href":"http:\/\/zavod-parnas.org\/w\/wp-json\/wp\/v2\/media\/830"}],"wp:attachment":[{"href":"http:\/\/zavod-parnas.org\/w\/wp-json\/wp\/v2\/media?parent=594"}],"curies":[{"name":"wp","href":"https:\/\/api.w.org\/{rel}","templated":true}]}}