{"id":581,"date":"2016-03-19T10:09:16","date_gmt":"2016-03-19T09:09:16","guid":{"rendered":"http:\/\/zavod-parnas.org\/w\/?page_id=581"},"modified":"2016-03-19T15:50:16","modified_gmt":"2016-03-19T14:50:16","slug":"susilnica-sadja","status":"publish","type":"page","link":"http:\/\/zavod-parnas.org\/w\/zaloznistvo\/susilnica-sadja\/","title":{"rendered":"Su\u0161ilnica sadja"},"content":{"rendered":"<h2>SU\u0160ILNICA SADJA<br \/>\n<span style=\"font-size: 0.8em;\">Grade\u017e<\/span><\/h2>\n<p>Vsebinska zasnova: Metka Stari\u010d, Boris Zore<br \/>\nOblikovanje: avenija.si, d.o.o.<br \/>\nIzdal: Parnas, zavod za kulturo in turizem v sodelovanju z Dru\u0161tvom za ohranjanje dedi\u0161\u010dine Grade\u017e.<br \/>\nSofinanciranje: Ministrstvo za kulturo v okviru programa kulturne dedi\u0161\u010dine.<br \/>\nTisk: IS Miklo\u0161i\u010d<br \/>\nNaklada: 2000 izvodov<br \/>\nMere (v mm): 100 x 210<\/p>\n<p>Velike La\u0161\u010de, 2005<\/p>\n<p>V su\u0161ilnici sadja na Grade\u017eu doma\u010dini posu\u0161ijo sadje na tradicionalen na\u010din. Prenovljena su\u0161ilnica pa predstavlja tudi jedro va\u0161kega dru\u017eabnega \u017eivljenja. Lahko se jim pridru\u017eite pri njihovih rokodelskih delavnicah, pokusite suho sadje in ostale naravne proizvode, jih obi\u0161\u010dete ob prazniku suhega sadja v septembru, predvsem pa se v pravi pode\u017eelski vasici nau\u010dite zaustaviti \u010das in sprejemati izro\u010dilo prednikov.<\/p>\n<p>Vsebina:<br \/>\nGrade\u017e. Sadje. Ljudje. Glasba. Sprehodi.<br \/>\nO su\u0161enju sadja. Su\u0161ilnice sadja.<br \/>\nOhranjeni su\u0161ilnici sadja v ob\u010dini velike La\u0161\u010de<br \/>\n&#8211; su\u0161ilnica na Brankovem<br \/>\n&#8211; va\u0161ka su\u0161ilnica sadja na Grade\u017eu<br \/>\nNaravoslovni dnevi za \u0161olarje<br \/>\nRecepti jedi iz suhega sadja<\/p>\n<p>Zlo\u017eenko dobite v Su\u0161ilnici sadja na Grade\u017eu ali na Trubarjevi doma\u010diji na Ra\u0161ici.<\/p>\n","protected":false},"excerpt":{"rendered":"<p>SU\u0160ILNICA SADJA Grade\u017e Vsebinska zasnova: Metka Stari\u010d, Boris Zore Oblikovanje: avenija.si, d.o.o. Izdal: Parnas, zavod za kulturo in turizem v [&hellip;]<\/p>\n","protected":false},"author":2,"featured_media":803,"parent":577,"menu_order":0,"comment_status":"open","ping_status":"closed","template":"","meta":{"site-sidebar-layout":"default","site-content-layout":"","ast-site-content-layout":"default","site-content-style":"default","site-sidebar-style":"default","ast-global-header-display":"","ast-banner-title-visibility":"","ast-main-header-display":"","ast-hfb-above-header-display":"","ast-hfb-below-header-display":"","ast-hfb-mobile-header-display":"","site-post-title":"","ast-breadcrumbs-content":"","ast-featured-img":"","footer-sml-layout":"","theme-transparent-header-meta":"","adv-header-id-meta":"","stick-header-meta":"","header-above-stick-meta":"","header-main-stick-meta":"","header-below-stick-meta":"","astra-migrate-meta-layouts":"default","ast-page-background-enabled":"default","ast-page-background-meta":{"desktop":{"background-color":"var(--ast-global-color-5)","background-image":"","background-repeat":"repeat","background-position":"center center","background-size":"auto","background-attachment":"scroll","background-type":"","background-media":"","overlay-type":"","overlay-color":"","overlay-opacity":"","overlay-gradient":""},"tablet":{"background-color":"","background-image":"","background-repeat":"repeat","background-position":"center center","background-size":"auto","background-attachment":"scroll","background-type":"","background-media":"","overlay-type":"","overlay-color":"","overlay-opacity":"","overlay-gradient":""},"mobile":{"background-color":"","background-image":"","background-repeat":"repeat","background-position":"center center","background-size":"auto","background-attachment":"scroll","background-type":"","background-media":"","overlay-type":"","overlay-color":"","overlay-opacity":"","overlay-gradient":""}},"ast-content-background-meta":{"desktop":{"background-color":"var(--ast-global-color-4)","background-image":"","background-repeat":"repeat","background-position":"center center","background-size":"auto","background-attachment":"scroll","background-type":"","background-media":"","overlay-type":"","overlay-color":"","overlay-opacity":"","overlay-gradient":""},"tablet":{"background-color":"var(--ast-global-color-4)","background-image":"","background-repeat":"repeat","background-position":"center center","background-size":"auto","background-attachment":"scroll","background-type":"","background-media":"","overlay-type":"","overlay-color":"","overlay-opacity":"","overlay-gradient":""},"mobile":{"background-color":"var(--ast-global-color-4)","background-image":"","background-repeat":"repeat","background-position":"center center","background-size":"auto","background-attachment":"scroll","background-type":"","background-media":"","overlay-type":"","overlay-color":"","overlay-opacity":"","overlay-gradient":""}},"footnotes":""},"class_list":["post-581","page","type-page","status-publish","has-post-thumbnail","hentry"],"_links":{"self":[{"href":"http:\/\/zavod-parnas.org\/w\/wp-json\/wp\/v2\/pages\/581","targetHints":{"allow":["GET"]}}],"collection":[{"href":"http:\/\/zavod-parnas.org\/w\/wp-json\/wp\/v2\/pages"}],"about":[{"href":"http:\/\/zavod-parnas.org\/w\/wp-json\/wp\/v2\/types\/page"}],"author":[{"embeddable":true,"href":"http:\/\/zavod-parnas.org\/w\/wp-json\/wp\/v2\/users\/2"}],"replies":[{"embeddable":true,"href":"http:\/\/zavod-parnas.org\/w\/wp-json\/wp\/v2\/comments?post=581"}],"version-history":[{"count":3,"href":"http:\/\/zavod-parnas.org\/w\/wp-json\/wp\/v2\/pages\/581\/revisions"}],"predecessor-version":[{"id":802,"href":"http:\/\/zavod-parnas.org\/w\/wp-json\/wp\/v2\/pages\/581\/revisions\/802"}],"up":[{"embeddable":true,"href":"http:\/\/zavod-parnas.org\/w\/wp-json\/wp\/v2\/pages\/577"}],"wp:featuredmedia":[{"embeddable":true,"href":"http:\/\/zavod-parnas.org\/w\/wp-json\/wp\/v2\/media\/803"}],"wp:attachment":[{"href":"http:\/\/zavod-parnas.org\/w\/wp-json\/wp\/v2\/media?parent=581"}],"curies":[{"name":"wp","href":"https:\/\/api.w.org\/{rel}","templated":true}]}}