{"id":578,"date":"2016-03-19T10:09:16","date_gmt":"2016-03-19T09:09:16","guid":{"rendered":"http:\/\/zavod-parnas.org\/w\/?page_id=578"},"modified":"2026-01-08T16:23:17","modified_gmt":"2026-01-08T15:23:17","slug":"stritarjeva-kasca","status":"publish","type":"page","link":"http:\/\/zavod-parnas.org\/w\/zaloznistvo\/stritarjeva-kasca\/","title":{"rendered":"Stritarjeva ka\u0161\u010da"},"content":{"rendered":"<h3>Zlo\u017eenka: ZBIRKA KME\u010cKEGA ORODJA\u00a0<span style=\"font-size: 0.8em;\">Stritarjeva ka\u0161\u010da na Podsmreki (<\/span>2003)<\/h3>\n<p>Izdal: Parnas, zavod za kulturo in turizem Velike La\u0161\u010de.\u00a0Sofinanciranje: Ministrstvo za kulturo (Varovanje ogro\u017eene kulturne dedi\u0161\u010dine). Vsebinska zasnova: Metka Stari\u010d.\u00a0Fotografije: Metka Stari\u010d in arhiv dru\u017eine Praznik.<\/p>\n<div id='gallery-1' class='gallery galleryid-578 gallery-columns-4 gallery-size-medium'><figure class='gallery-item'>\n\t\t\t<div class='gallery-icon portrait'>\n\t\t\t\t<a href='http:\/\/zavod-parnas.org\/w\/wp-content\/uploads\/2016\/03\/kasca2.jpg' title=\"\" data-rl_title=\"\" class=\"rl-gallery-link\" data-rl_caption=\"\" data-rel=\"lightbox-gallery-1\"><img decoding=\"async\" width=\"143\" height=\"300\" src=\"http:\/\/zavod-parnas.org\/w\/wp-content\/uploads\/2016\/03\/kasca2-143x300.jpg\" class=\"attachment-medium size-medium\" alt=\"\" srcset=\"http:\/\/zavod-parnas.org\/w\/wp-content\/uploads\/2016\/03\/kasca2-143x300.jpg 143w, http:\/\/zavod-parnas.org\/w\/wp-content\/uploads\/2016\/03\/kasca2-252x529.jpg 252w, http:\/\/zavod-parnas.org\/w\/wp-content\/uploads\/2016\/03\/kasca2.jpg 305w\" sizes=\"(max-width: 143px) 100vw, 143px\" \/><\/a>\n\t\t\t<\/div><\/figure><figure class='gallery-item'>\n\t\t\t<div class='gallery-icon portrait'>\n\t\t\t\t<a href='http:\/\/zavod-parnas.org\/w\/wp-content\/uploads\/2016\/03\/kasca3.jpg' title=\"\" data-rl_title=\"\" class=\"rl-gallery-link\" data-rl_caption=\"\" data-rel=\"lightbox-gallery-1\"><img decoding=\"async\" width=\"135\" height=\"300\" src=\"http:\/\/zavod-parnas.org\/w\/wp-content\/uploads\/2016\/03\/kasca3-135x300.jpg\" class=\"attachment-medium size-medium\" alt=\"\" srcset=\"http:\/\/zavod-parnas.org\/w\/wp-content\/uploads\/2016\/03\/kasca3-135x300.jpg 135w, http:\/\/zavod-parnas.org\/w\/wp-content\/uploads\/2016\/03\/kasca3-252x562.jpg 252w, http:\/\/zavod-parnas.org\/w\/wp-content\/uploads\/2016\/03\/kasca3.jpg 287w\" sizes=\"(max-width: 135px) 100vw, 135px\" \/><\/a>\n\t\t\t<\/div><\/figure><figure class='gallery-item'>\n\t\t\t<div class='gallery-icon portrait'>\n\t\t\t\t<a href='http:\/\/zavod-parnas.org\/w\/wp-content\/uploads\/2016\/03\/kasca4.jpg' title=\"\" data-rl_title=\"\" class=\"rl-gallery-link\" data-rl_caption=\"\" data-rel=\"lightbox-gallery-1\"><img decoding=\"async\" width=\"135\" height=\"300\" src=\"http:\/\/zavod-parnas.org\/w\/wp-content\/uploads\/2016\/03\/kasca4-135x300.jpg\" class=\"attachment-medium size-medium\" alt=\"\" srcset=\"http:\/\/zavod-parnas.org\/w\/wp-content\/uploads\/2016\/03\/kasca4-135x300.jpg 135w, http:\/\/zavod-parnas.org\/w\/wp-content\/uploads\/2016\/03\/kasca4-252x560.jpg 252w, http:\/\/zavod-parnas.org\/w\/wp-content\/uploads\/2016\/03\/kasca4.jpg 288w\" sizes=\"(max-width: 135px) 100vw, 135px\" \/><\/a>\n\t\t\t<\/div><\/figure><figure class='gallery-item'>\n\t\t\t<div class='gallery-icon portrait'>\n\t\t\t\t<a href='http:\/\/zavod-parnas.org\/w\/wp-content\/uploads\/2016\/03\/kasca5.jpg' title=\"\" data-rl_title=\"\" class=\"rl-gallery-link\" data-rl_caption=\"\" data-rel=\"lightbox-gallery-1\"><img loading=\"lazy\" decoding=\"async\" width=\"144\" height=\"300\" src=\"http:\/\/zavod-parnas.org\/w\/wp-content\/uploads\/2016\/03\/kasca5-144x300.jpg\" class=\"attachment-medium size-medium\" alt=\"\" srcset=\"http:\/\/zavod-parnas.org\/w\/wp-content\/uploads\/2016\/03\/kasca5-144x300.jpg 144w, http:\/\/zavod-parnas.org\/w\/wp-content\/uploads\/2016\/03\/kasca5-252x525.jpg 252w, http:\/\/zavod-parnas.org\/w\/wp-content\/uploads\/2016\/03\/kasca5.jpg 307w\" sizes=\"(max-width: 144px) 100vw, 144px\" \/><\/a>\n\t\t\t<\/div><\/figure><figure class='gallery-item'>\n\t\t\t<div class='gallery-icon portrait'>\n\t\t\t\t<a href='http:\/\/zavod-parnas.org\/w\/wp-content\/uploads\/2016\/03\/kasca6.jpg' title=\"\" data-rl_title=\"\" class=\"rl-gallery-link\" data-rl_caption=\"\" data-rel=\"lightbox-gallery-1\"><img loading=\"lazy\" decoding=\"async\" width=\"141\" height=\"300\" src=\"http:\/\/zavod-parnas.org\/w\/wp-content\/uploads\/2016\/03\/kasca6-141x300.jpg\" class=\"attachment-medium size-medium\" alt=\"\" srcset=\"http:\/\/zavod-parnas.org\/w\/wp-content\/uploads\/2016\/03\/kasca6-141x300.jpg 141w, http:\/\/zavod-parnas.org\/w\/wp-content\/uploads\/2016\/03\/kasca6-252x536.jpg 252w, http:\/\/zavod-parnas.org\/w\/wp-content\/uploads\/2016\/03\/kasca6.jpg 301w\" sizes=\"(max-width: 141px) 100vw, 141px\" \/><\/a>\n\t\t\t<\/div><\/figure><figure class='gallery-item'>\n\t\t\t<div class='gallery-icon portrait'>\n\t\t\t\t<a href='http:\/\/zavod-parnas.org\/w\/wp-content\/uploads\/2016\/03\/kasca7.jpg' title=\"\" data-rl_title=\"\" class=\"rl-gallery-link\" data-rl_caption=\"\" data-rel=\"lightbox-gallery-1\"><img loading=\"lazy\" decoding=\"async\" width=\"143\" height=\"300\" src=\"http:\/\/zavod-parnas.org\/w\/wp-content\/uploads\/2016\/03\/kasca7-143x300.jpg\" class=\"attachment-medium size-medium\" alt=\"\" srcset=\"http:\/\/zavod-parnas.org\/w\/wp-content\/uploads\/2016\/03\/kasca7-143x300.jpg 143w, http:\/\/zavod-parnas.org\/w\/wp-content\/uploads\/2016\/03\/kasca7-252x531.jpg 252w, http:\/\/zavod-parnas.org\/w\/wp-content\/uploads\/2016\/03\/kasca7.jpg 304w\" sizes=\"(max-width: 143px) 100vw, 143px\" \/><\/a>\n\t\t\t<\/div><\/figure><figure class='gallery-item'>\n\t\t\t<div class='gallery-icon portrait'>\n\t\t\t\t<a href='http:\/\/zavod-parnas.org\/w\/wp-content\/uploads\/2016\/03\/kasca8.jpg' title=\"\" data-rl_title=\"\" class=\"rl-gallery-link\" data-rl_caption=\"\" data-rel=\"lightbox-gallery-1\"><img loading=\"lazy\" decoding=\"async\" width=\"147\" height=\"300\" src=\"http:\/\/zavod-parnas.org\/w\/wp-content\/uploads\/2016\/03\/kasca8-147x300.jpg\" class=\"attachment-medium size-medium\" alt=\"\" srcset=\"http:\/\/zavod-parnas.org\/w\/wp-content\/uploads\/2016\/03\/kasca8-147x300.jpg 147w, http:\/\/zavod-parnas.org\/w\/wp-content\/uploads\/2016\/03\/kasca8-252x514.jpg 252w, http:\/\/zavod-parnas.org\/w\/wp-content\/uploads\/2016\/03\/kasca8.jpg 314w\" sizes=\"(max-width: 147px) 100vw, 147px\" \/><\/a>\n\t\t\t<\/div><\/figure>\n\t\t<\/div>\n\n","protected":false},"excerpt":{"rendered":"<p>Zlo\u017eenka: ZBIRKA KME\u010cKEGA ORODJA\u00a0Stritarjeva ka\u0161\u010da na Podsmreki (2003) Izdal: Parnas, zavod za kulturo in turizem Velike La\u0161\u010de.\u00a0Sofinanciranje: Ministrstvo za kulturo [&hellip;]<\/p>\n","protected":false},"author":2,"featured_media":0,"parent":577,"menu_order":0,"comment_status":"closed","ping_status":"closed","template":"","meta":{"site-sidebar-layout":"default","site-content-layout":"","ast-site-content-layout":"default","site-content-style":"default","site-sidebar-style":"default","ast-global-header-display":"","ast-banner-title-visibility":"","ast-main-header-display":"","ast-hfb-above-header-display":"","ast-hfb-below-header-display":"","ast-hfb-mobile-header-display":"","site-post-title":"","ast-breadcrumbs-content":"","ast-featured-img":"","footer-sml-layout":"","theme-transparent-header-meta":"","adv-header-id-meta":"","stick-header-meta":"","header-above-stick-meta":"","header-main-stick-meta":"","header-below-stick-meta":"","astra-migrate-meta-layouts":"default","ast-page-background-enabled":"default","ast-page-background-meta":{"desktop":{"background-color":"var(--ast-global-color-5)","background-image":"","background-repeat":"repeat","background-position":"center center","background-size":"auto","background-attachment":"scroll","background-type":"","background-media":"","overlay-type":"","overlay-color":"","overlay-opacity":"","overlay-gradient":""},"tablet":{"background-color":"","background-image":"","background-repeat":"repeat","background-position":"center center","background-size":"auto","background-attachment":"scroll","background-type":"","background-media":"","overlay-type":"","overlay-color":"","overlay-opacity":"","overlay-gradient":""},"mobile":{"background-color":"","background-image":"","background-repeat":"repeat","background-position":"center center","background-size":"auto","background-attachment":"scroll","background-type":"","background-media":"","overlay-type":"","overlay-color":"","overlay-opacity":"","overlay-gradient":""}},"ast-content-background-meta":{"desktop":{"background-color":"var(--ast-global-color-4)","background-image":"","background-repeat":"repeat","background-position":"center center","background-size":"auto","background-attachment":"scroll","background-type":"","background-media":"","overlay-type":"","overlay-color":"","overlay-opacity":"","overlay-gradient":""},"tablet":{"background-color":"var(--ast-global-color-4)","background-image":"","background-repeat":"repeat","background-position":"center center","background-size":"auto","background-attachment":"scroll","background-type":"","background-media":"","overlay-type":"","overlay-color":"","overlay-opacity":"","overlay-gradient":""},"mobile":{"background-color":"var(--ast-global-color-4)","background-image":"","background-repeat":"repeat","background-position":"center center","background-size":"auto","background-attachment":"scroll","background-type":"","background-media":"","overlay-type":"","overlay-color":"","overlay-opacity":"","overlay-gradient":""}},"footnotes":""},"class_list":["post-578","page","type-page","status-publish","hentry"],"_links":{"self":[{"href":"http:\/\/zavod-parnas.org\/w\/wp-json\/wp\/v2\/pages\/578","targetHints":{"allow":["GET"]}}],"collection":[{"href":"http:\/\/zavod-parnas.org\/w\/wp-json\/wp\/v2\/pages"}],"about":[{"href":"http:\/\/zavod-parnas.org\/w\/wp-json\/wp\/v2\/types\/page"}],"author":[{"embeddable":true,"href":"http:\/\/zavod-parnas.org\/w\/wp-json\/wp\/v2\/users\/2"}],"replies":[{"embeddable":true,"href":"http:\/\/zavod-parnas.org\/w\/wp-json\/wp\/v2\/comments?post=578"}],"version-history":[{"count":5,"href":"http:\/\/zavod-parnas.org\/w\/wp-json\/wp\/v2\/pages\/578\/revisions"}],"predecessor-version":[{"id":5019,"href":"http:\/\/zavod-parnas.org\/w\/wp-json\/wp\/v2\/pages\/578\/revisions\/5019"}],"up":[{"embeddable":true,"href":"http:\/\/zavod-parnas.org\/w\/wp-json\/wp\/v2\/pages\/577"}],"wp:attachment":[{"href":"http:\/\/zavod-parnas.org\/w\/wp-json\/wp\/v2\/media?parent=578"}],"curies":[{"name":"wp","href":"https:\/\/api.w.org\/{rel}","templated":true}]}}