{"id":3606,"date":"2017-12-29T08:13:10","date_gmt":"2017-12-29T07:13:10","guid":{"rendered":"http:\/\/zavod-parnas.org\/w\/?page_id=3606"},"modified":"2023-11-20T10:50:51","modified_gmt":"2023-11-20T09:50:51","slug":"ut","status":"publish","type":"page","link":"http:\/\/zavod-parnas.org\/w\/ut\/","title":{"rendered":"U\u017eivam tradicijo"},"content":{"rendered":"<p><strong><img decoding=\"async\" class=\"size-thumbnail wp-image-3155 alignright\" src=\"http:\/\/zavod-parnas.org\/w\/wp-content\/uploads\/2017\/07\/logo-IPA-252x98.png\" alt=\"\" width=\"252\" height=\"98\" srcset=\"http:\/\/zavod-parnas.org\/w\/wp-content\/uploads\/2017\/07\/logo-IPA-252x98.png 252w, http:\/\/zavod-parnas.org\/w\/wp-content\/uploads\/2017\/07\/logo-IPA-300x116.png 300w, http:\/\/zavod-parnas.org\/w\/wp-content\/uploads\/2017\/07\/logo-IPA-630x245.png 630w, http:\/\/zavod-parnas.org\/w\/wp-content\/uploads\/2017\/07\/logo-IPA.png 693w\" sizes=\"(max-width: 252px) 100vw, 252px\" \/><img decoding=\"async\" class=\"size-full wp-image-3676 alignleft\" src=\"http:\/\/zavod-parnas.org\/w\/wp-content\/uploads\/2017\/12\/logo-UT.png\" alt=\"\" width=\"136\" height=\"91\" \/><\/strong><\/p>\n<p>Projekt\u00a0<strong>U\u017eivam tradicijo<\/strong>\u00a0poteka v okviru\u00a0<a href=\"http:\/\/www.si-hr.eu\/si2\/\">Programa sodelovanja\u00a0Interreg V-A Slovenija-Hrva\u0161ka 2014-2012<\/a>, v skupnem trajanju 30 mesecev, od 1.7.2017 do 31.12.2019. \u00a0Skupna vrednost projekta je\u00a01.593.700,00 \u20ac, projekt je sofinanciran s sredstvi Evropskega sklada za regionalni razvoj v vrednosti\u00a01.354.645,00 \u20ac.<\/p>\n<p>Celotno ime:\u00a0<strong>U\u017eivam tradicijo po kulinari\u010dni transverzali od Panonije do Jadrana<\/strong><br \/>\nPovezava na skupno spletno stran: <a href=\"https:\/\/www.kulinaricna-dozivetja.eu\/uzivam-tradicijo\/\">U\u017eivam tradicijo &#8211; Kulinari\u010dna do\u017eivetja (kulinaricna-dozivetja.eu)<\/a><br \/>\nVodilni partner projekta: <strong>BIC Ljubljana<\/strong><br \/>\nVloga Zavoda PARNAS v projektu: <strong>projektni partner<\/strong> (PP2 Parnas)<br \/>\nKratka predstavitev projekta:\u00a0<a href=\"http:\/\/www.si-hr.eu\/si2\/map-2\/uzivam-tradicijo\/\">http:\/\/www.si-hr.eu\/si2\/map-2\/uzivam-tradicijo\/\u00a0<\/a><\/p>\n<p>in na <a href=\"https:\/\/zavod-parnas.org\/w\/uzivam-tradicijo\/\">U\u017eivam tradicijo (Interreg Slo-Hrv) \u2013 Zavod PARNAS (zavod-parnas.org)<\/a><\/p>\n<p>Aktivnosti <a href=\"https:\/\/zavod-parnas.org\/w\/?s=u%C5%BEivam+tradicijo&amp;searchsubmit=U\">Zavoda Parnas pri U\u017eivam tradicijo<\/a><\/p>\n<p>Ve\u010d informacij: Metka Stari\u010d, vodja projektov (metka@zavod-parnas.org, 041 833 456)<\/p>\n","protected":false},"excerpt":{"rendered":"<p>Projekt\u00a0U\u017eivam tradicijo\u00a0poteka v okviru\u00a0Programa sodelovanja\u00a0Interreg V-A Slovenija-Hrva\u0161ka 2014-2012, v skupnem trajanju 30 mesecev, od 1.7.2017 do 31.12.2019. \u00a0Skupna vrednost projekta [&hellip;]<\/p>\n","protected":false},"author":2,"featured_media":3678,"parent":0,"menu_order":0,"comment_status":"closed","ping_status":"closed","template":"","meta":{"site-sidebar-layout":"default","site-content-layout":"","ast-site-content-layout":"default","site-content-style":"default","site-sidebar-style":"default","ast-global-header-display":"","ast-banner-title-visibility":"","ast-main-header-display":"","ast-hfb-above-header-display":"","ast-hfb-below-header-display":"","ast-hfb-mobile-header-display":"","site-post-title":"","ast-breadcrumbs-content":"","ast-featured-img":"","footer-sml-layout":"","theme-transparent-header-meta":"","adv-header-id-meta":"","stick-header-meta":"","header-above-stick-meta":"","header-main-stick-meta":"","header-below-stick-meta":"","astra-migrate-meta-layouts":"default","ast-page-background-enabled":"default","ast-page-background-meta":{"desktop":{"background-color":"var(--ast-global-color-5)","background-image":"","background-repeat":"repeat","background-position":"center center","background-size":"auto","background-attachment":"scroll","background-type":"","background-media":"","overlay-type":"","overlay-color":"","overlay-opacity":"","overlay-gradient":""},"tablet":{"background-color":"","background-image":"","background-repeat":"repeat","background-position":"center center","background-size":"auto","background-attachment":"scroll","background-type":"","background-media":"","overlay-type":"","overlay-color":"","overlay-opacity":"","overlay-gradient":""},"mobile":{"background-color":"","background-image":"","background-repeat":"repeat","background-position":"center center","background-size":"auto","background-attachment":"scroll","background-type":"","background-media":"","overlay-type":"","overlay-color":"","overlay-opacity":"","overlay-gradient":""}},"ast-content-background-meta":{"desktop":{"background-color":"var(--ast-global-color-4)","background-image":"","background-repeat":"repeat","background-position":"center center","background-size":"auto","background-attachment":"scroll","background-type":"","background-media":"","overlay-type":"","overlay-color":"","overlay-opacity":"","overlay-gradient":""},"tablet":{"background-color":"var(--ast-global-color-4)","background-image":"","background-repeat":"repeat","background-position":"center center","background-size":"auto","background-attachment":"scroll","background-type":"","background-media":"","overlay-type":"","overlay-color":"","overlay-opacity":"","overlay-gradient":""},"mobile":{"background-color":"var(--ast-global-color-4)","background-image":"","background-repeat":"repeat","background-position":"center center","background-size":"auto","background-attachment":"scroll","background-type":"","background-media":"","overlay-type":"","overlay-color":"","overlay-opacity":"","overlay-gradient":""}},"footnotes":""},"class_list":["post-3606","page","type-page","status-publish","has-post-thumbnail","hentry"],"_links":{"self":[{"href":"http:\/\/zavod-parnas.org\/w\/wp-json\/wp\/v2\/pages\/3606","targetHints":{"allow":["GET"]}}],"collection":[{"href":"http:\/\/zavod-parnas.org\/w\/wp-json\/wp\/v2\/pages"}],"about":[{"href":"http:\/\/zavod-parnas.org\/w\/wp-json\/wp\/v2\/types\/page"}],"author":[{"embeddable":true,"href":"http:\/\/zavod-parnas.org\/w\/wp-json\/wp\/v2\/users\/2"}],"replies":[{"embeddable":true,"href":"http:\/\/zavod-parnas.org\/w\/wp-json\/wp\/v2\/comments?post=3606"}],"version-history":[{"count":11,"href":"http:\/\/zavod-parnas.org\/w\/wp-json\/wp\/v2\/pages\/3606\/revisions"}],"predecessor-version":[{"id":9628,"href":"http:\/\/zavod-parnas.org\/w\/wp-json\/wp\/v2\/pages\/3606\/revisions\/9628"}],"wp:featuredmedia":[{"embeddable":true,"href":"http:\/\/zavod-parnas.org\/w\/wp-json\/wp\/v2\/media\/3678"}],"wp:attachment":[{"href":"http:\/\/zavod-parnas.org\/w\/wp-json\/wp\/v2\/media?parent=3606"}],"curies":[{"name":"wp","href":"https:\/\/api.w.org\/{rel}","templated":true}]}}