{"id":1247,"date":"2016-04-20T09:01:47","date_gmt":"2016-04-20T07:01:47","guid":{"rendered":"http:\/\/zavod-parnas.org\/w\/?page_id=1247"},"modified":"2026-02-27T16:31:45","modified_gmt":"2026-02-27T15:31:45","slug":"popotne-ideje","status":"publish","type":"page","link":"http:\/\/zavod-parnas.org\/w\/popotne-ideje\/","title":{"rendered":"Kulinari\u010dni sprehodi za Festival bo\u017ei\u010dnega kruha"},"content":{"rendered":"\n<p><strong>Opis<\/strong>: sprehod po okra\u0161enih La\u0161\u010dah ob zgodbah lokalnega vodnika, degustacije pri velikola\u0161kih gostincih.<br><br><strong>Kdaj<\/strong>:  vsako SOBOTO v decembru ob 15h (do 2 uri, prehodimo ok. 600 m)<br><strong>Lokacija<\/strong>: trg pred Levstikovim domom v Velikih La\u0161\u010dah<br><br><strong>Prijave in informacije o degustacijskih bonih: <\/strong><br>041 833 456 ali metka@zavod-parnas.org<\/p>\n\n\n\n<p><strong>OKUSI Z JONTEZOM<\/strong><\/p>\n\n\n\n<p>Po okra\u0161enih Velikih La\u0161\u010dah se sprehodimo <strong>v dru\u017ebi vodnika Jo\u017eeta Stari\u010da,<\/strong> ki vedno postre\u017ee z zanimivimi zgodbami La\u0161\u010d in La\u0161\u010danov. Pridite kako minuto prej, zberemo se na trgu pri vodnjaku. <\/p>\n\n\n\n<figure class=\"wp-block-gallery has-nested-images columns-default is-cropped wp-block-gallery-1 is-layout-flex wp-block-gallery-is-layout-flex\">\n<figure class=\"wp-block-image size-large\"><img fetchpriority=\"high\" decoding=\"async\" width=\"630\" height=\"824\" data-id=\"10539\" src=\"https:\/\/zavod-parnas.org\/w\/wp-content\/uploads\/2024\/11\/vatikan_tanja_debeljak-630x824.jpg\" alt=\"\" class=\"wp-image-10539\" srcset=\"http:\/\/zavod-parnas.org\/w\/wp-content\/uploads\/2024\/11\/vatikan_tanja_debeljak-630x824.jpg 630w, http:\/\/zavod-parnas.org\/w\/wp-content\/uploads\/2024\/11\/vatikan_tanja_debeljak-229x300.jpg 229w, http:\/\/zavod-parnas.org\/w\/wp-content\/uploads\/2024\/11\/vatikan_tanja_debeljak-252x330.jpg 252w, http:\/\/zavod-parnas.org\/w\/wp-content\/uploads\/2024\/11\/vatikan_tanja_debeljak.jpg 917w\" sizes=\"(max-width: 630px) 100vw, 630px\" \/><\/figure>\n\n\n\n<figure class=\"wp-block-image size-large\"><img decoding=\"async\" width=\"630\" height=\"945\" data-id=\"10537\" src=\"https:\/\/zavod-parnas.org\/w\/wp-content\/uploads\/2024\/11\/1-MILI-fotografija-Kulinaricni-sprehod-7.12-3-\u2013-kopija-630x945.jpg\" alt=\"\" class=\"wp-image-10537\" srcset=\"http:\/\/zavod-parnas.org\/w\/wp-content\/uploads\/2024\/11\/1-MILI-fotografija-Kulinaricni-sprehod-7.12-3-\u2013-kopija-630x945.jpg 630w, http:\/\/zavod-parnas.org\/w\/wp-content\/uploads\/2024\/11\/1-MILI-fotografija-Kulinaricni-sprehod-7.12-3-\u2013-kopija-200x300.jpg 200w, http:\/\/zavod-parnas.org\/w\/wp-content\/uploads\/2024\/11\/1-MILI-fotografija-Kulinaricni-sprehod-7.12-3-\u2013-kopija-252x378.jpg 252w, http:\/\/zavod-parnas.org\/w\/wp-content\/uploads\/2024\/11\/1-MILI-fotografija-Kulinaricni-sprehod-7.12-3-\u2013-kopija.jpg 800w\" sizes=\"(max-width: 630px) 100vw, 630px\" \/><\/figure>\n<\/figure>\n\n\n\n<p>Kulinari\u010dni sprehod pri\u010denjamo pri (nekdanjem) lokalu Mina Cafe, kjer nas  pri\u010daka Mitja&nbsp;s toplim napitkom  <strong>Gabrijelova zvezdica<\/strong>. Ker Mitja ustvarja tudi razli\u010dne zvarke, gotovo izvemo, kdo kuha dobro \u017eganje v La\u0161\u010dah.&nbsp;<\/p>\n\n\n\n<p>Na mestu dana\u0161njega Levstikovega doma je pred sto leti stal mogo\u010dni Vatikan &#8211; v njem bi poleg zdravnika in gostilni\u010darja lahko na\u0161li tudi izu\u010denega peka Jonteza ali njegovo gospo. V <strong>o\u017eivljeni &#8220;Jontezovi pekariji&#8221;<\/strong> v prostorih Mladinskega dru\u0161tva VRT,&nbsp; bomo ob prilo\u017enostni razstavi in v \u017eivo izvedeli vse o pti\u010dkih, kitah ter obrednem kruhu poprtniku ali \u017eupneku. <\/p>\n\n\n\n<p>Mimo vatikanskega vodnjaka se bomo nato sprehodili do gostilne PRI ROKU. Ker je v La\u0161\u010dah december \u010das kolin, nas \u010dakajo <strong>ajdovi \u017eganci, zelje, pe\u010denice in doma\u010d kruh.<\/strong> Poskrbimo lahko tudi za brezmesne jedce.&nbsp; <\/p>\n\n\n\n<figure class=\"wp-block-image size-large\"><img decoding=\"async\" width=\"630\" height=\"504\" src=\"https:\/\/zavod-parnas.org\/w\/wp-content\/uploads\/2024\/11\/kul-sprehod2-630x504.jpg\" alt=\"\" class=\"wp-image-10531\" srcset=\"http:\/\/zavod-parnas.org\/w\/wp-content\/uploads\/2024\/11\/kul-sprehod2-630x504.jpg 630w, http:\/\/zavod-parnas.org\/w\/wp-content\/uploads\/2024\/11\/kul-sprehod2-300x240.jpg 300w, http:\/\/zavod-parnas.org\/w\/wp-content\/uploads\/2024\/11\/kul-sprehod2-252x202.jpg 252w, http:\/\/zavod-parnas.org\/w\/wp-content\/uploads\/2024\/11\/kul-sprehod2.jpg 1440w\" sizes=\"(max-width: 630px) 100vw, 630px\" \/><\/figure>\n\n\n\n<p>Le korak je do Levstikovega spomenika pred mogo\u010dno cerkvijo, v Zazidu so nastale prve zidane hi\u0161e v La\u0161\u010dah. VKukljevi gostilni nam bo &#8220;o\u0161tirka&#8221; Margareta postregla z <strong>gluhim \u0161trukljem v le\u0161nikovi omaki.<\/strong> <\/p>\n\n\n\n<figure class=\"wp-block-gallery has-nested-images columns-default is-cropped wp-block-gallery-2 is-layout-flex wp-block-gallery-is-layout-flex\">\n<figure class=\"wp-block-image size-large\"><img loading=\"lazy\" decoding=\"async\" width=\"630\" height=\"507\" data-id=\"10529\" src=\"https:\/\/zavod-parnas.org\/w\/wp-content\/uploads\/2024\/11\/24C77158-7D89-4476-A810-2439EEF7E8D1-630x507.jpg\" alt=\"\" class=\"wp-image-10529\" srcset=\"http:\/\/zavod-parnas.org\/w\/wp-content\/uploads\/2024\/11\/24C77158-7D89-4476-A810-2439EEF7E8D1-630x507.jpg 630w, http:\/\/zavod-parnas.org\/w\/wp-content\/uploads\/2024\/11\/24C77158-7D89-4476-A810-2439EEF7E8D1-300x241.jpg 300w, http:\/\/zavod-parnas.org\/w\/wp-content\/uploads\/2024\/11\/24C77158-7D89-4476-A810-2439EEF7E8D1-252x203.jpg 252w, http:\/\/zavod-parnas.org\/w\/wp-content\/uploads\/2024\/11\/24C77158-7D89-4476-A810-2439EEF7E8D1.jpg 1440w\" sizes=\"(max-width: 630px) 100vw, 630px\" \/><\/figure>\n<\/figure>\n\n\n\n<p>Eno od sobot se nam pridru\u017ei \u0161e Govedorejsko dru\u0161tvo z velikola\u0161kospecialiteto &#8211; <strong>zorjeno govedino<\/strong> &#8211; spremljajte na\u0161e objave.&nbsp;<\/p>\n\n\n\n<p>Po sprehodu vam \u0161e ni treba domov, saj se ob 17h pri\u010denjajo <strong>Sporo\u010dila poprtnika z mladimi animatorji<\/strong>. V Levstikovem domu bodo na ogled kratki filmi o poprtniku, v Jontezovi pekariji pa lahko sodelujete pri peki pti\u010dkov, pletenic, bo\u017ei\u010dnih pi\u0161kotov in peciv  ali prisluhnete zanimivim gostom. Ob 18h o\u017eivi \u0161e velikola\u0161ka tr\u017enica in v prijetni dru\u017ebi doma\u010dinov lahko ostanete vse do 9h zve\u010der.&nbsp;<\/p>\n\n\n\n<p><span style=\"text-decoration: underline;\">Predhodne prijave in vse informacije o nakupu degustacijskih bonov dobite na 041 833 456 ali metka@zavod-parnas.org<\/span><\/p>\n\n\n\n<p><\/p>\n\n\n\n<figure class=\"wp-block-gallery has-nested-images columns-default is-cropped wp-block-gallery-3 is-layout-flex wp-block-gallery-is-layout-flex\"><\/figure>\n\n\n\n<hr class=\"wp-block-separator has-css-opacity\"\/>\n\n\n<div class=\"ast-oembed-container \" style=\"height: 100%;\"><iframe title=\"Sobotni kulinari\u010dni sprehod - Festival bo\u017ei\u010dnega kruha v Velikih La\u0161\u010dah\" width=\"500\" height=\"281\" src=\"https:\/\/www.youtube.com\/embed\/Ai_OeIamn7o?feature=oembed\" frameborder=\"0\" allow=\"accelerometer; autoplay; clipboard-write; encrypted-media; gyroscope; picture-in-picture; web-share\" referrerpolicy=\"strict-origin-when-cross-origin\" allowfullscreen><\/iframe><\/div>\n\n\n\n<p>S preteklih kulinari\u010dnih sprehodov: <\/p>\n\n\n\n<p><a href=\"http:\/\/zavod-parnas.org\/w\/sobotni-kulinaricni-sprehod\/\">13 hudi\u010devih kapelic &nbsp;<\/a>Festival bo\u017ei\u010dnega kruha, dec. 2019, video: Different Angles Tadej Bavdek s.p.<\/p>\n\n\n\n<p>Parnasove kulinari\u010dne sprehode smo razvili v projektu <a href=\"https:\/\/www.kulinaricna-dozivetja.eu\/uzivam-tradicijo\/\">U\u017eivam tradicijo. <\/a><\/p>\n\n\n\n<p><br>Bi se tudi vi radi nau\u010dili pripraviti poprtnik? Udele\u017eite se na\u0161ih delavnic v \u010dasu \u010dezmejnega festivala bo\u017ei\u010dnega kruha v decembru.<\/p>\n\n\n\n<figure class=\"wp-block-image size-large\"><img loading=\"lazy\" decoding=\"async\" width=\"630\" height=\"420\" src=\"http:\/\/zavod-parnas.org\/w\/wp-content\/uploads\/2022\/11\/Poprtnik_Nada-Lunder_-6.9-78-630x420.jpg\" alt=\"\" class=\"wp-image-8698\" srcset=\"http:\/\/zavod-parnas.org\/w\/wp-content\/uploads\/2022\/11\/Poprtnik_Nada-Lunder_-6.9-78-630x420.jpg 630w, http:\/\/zavod-parnas.org\/w\/wp-content\/uploads\/2022\/11\/Poprtnik_Nada-Lunder_-6.9-78-300x200.jpg 300w, http:\/\/zavod-parnas.org\/w\/wp-content\/uploads\/2022\/11\/Poprtnik_Nada-Lunder_-6.9-78-252x168.jpg 252w, http:\/\/zavod-parnas.org\/w\/wp-content\/uploads\/2022\/11\/Poprtnik_Nada-Lunder_-6.9-78.jpg 1200w\" sizes=\"(max-width: 630px) 100vw, 630px\" \/><\/figure>\n\n\n\n<p><strong>Dodatne informacije in prijave na<\/strong>: <br>info@zavod-parnas.org<strong> <\/strong>(Metka Stari\u010d, 041 833 456)<\/p>\n\n\n\n<p><\/p>\n","protected":false},"excerpt":{"rendered":"<p>Opis: sprehod po okra\u0161enih La\u0161\u010dah ob zgodbah lokalnega vodnika, degustacije pri velikola\u0161kih gostincih. Kdaj: vsako SOBOTO v decembru ob 15h [&hellip;]<\/p>\n","protected":false},"author":2,"featured_media":12125,"parent":0,"menu_order":0,"comment_status":"closed","ping_status":"closed","template":"","meta":{"site-sidebar-layout":"default","site-content-layout":"","ast-site-content-layout":"default","site-content-style":"default","site-sidebar-style":"default","ast-global-header-display":"","ast-banner-title-visibility":"","ast-main-header-display":"","ast-hfb-above-header-display":"","ast-hfb-below-header-display":"","ast-hfb-mobile-header-display":"","site-post-title":"","ast-breadcrumbs-content":"","ast-featured-img":"","footer-sml-layout":"","theme-transparent-header-meta":"","adv-header-id-meta":"","stick-header-meta":"","header-above-stick-meta":"","header-main-stick-meta":"","header-below-stick-meta":"","astra-migrate-meta-layouts":"default","ast-page-background-enabled":"default","ast-page-background-meta":{"desktop":{"background-color":"var(--ast-global-color-5)","background-image":"","background-repeat":"repeat","background-position":"center center","background-size":"auto","background-attachment":"scroll","background-type":"","background-media":"","overlay-type":"","overlay-color":"","overlay-opacity":"","overlay-gradient":""},"tablet":{"background-color":"","background-image":"","background-repeat":"repeat","background-position":"center center","background-size":"auto","background-attachment":"scroll","background-type":"","background-media":"","overlay-type":"","overlay-color":"","overlay-opacity":"","overlay-gradient":""},"mobile":{"background-color":"","background-image":"","background-repeat":"repeat","background-position":"center center","background-size":"auto","background-attachment":"scroll","background-type":"","background-media":"","overlay-type":"","overlay-color":"","overlay-opacity":"","overlay-gradient":""}},"ast-content-background-meta":{"desktop":{"background-color":"var(--ast-global-color-4)","background-image":"","background-repeat":"repeat","background-position":"center center","background-size":"auto","background-attachment":"scroll","background-type":"","background-media":"","overlay-type":"","overlay-color":"","overlay-opacity":"","overlay-gradient":""},"tablet":{"background-color":"var(--ast-global-color-4)","background-image":"","background-repeat":"repeat","background-position":"center center","background-size":"auto","background-attachment":"scroll","background-type":"","background-media":"","overlay-type":"","overlay-color":"","overlay-opacity":"","overlay-gradient":""},"mobile":{"background-color":"var(--ast-global-color-4)","background-image":"","background-repeat":"repeat","background-position":"center center","background-size":"auto","background-attachment":"scroll","background-type":"","background-media":"","overlay-type":"","overlay-color":"","overlay-opacity":"","overlay-gradient":""}},"footnotes":""},"class_list":["post-1247","page","type-page","status-publish","has-post-thumbnail","hentry"],"_links":{"self":[{"href":"http:\/\/zavod-parnas.org\/w\/wp-json\/wp\/v2\/pages\/1247","targetHints":{"allow":["GET"]}}],"collection":[{"href":"http:\/\/zavod-parnas.org\/w\/wp-json\/wp\/v2\/pages"}],"about":[{"href":"http:\/\/zavod-parnas.org\/w\/wp-json\/wp\/v2\/types\/page"}],"author":[{"embeddable":true,"href":"http:\/\/zavod-parnas.org\/w\/wp-json\/wp\/v2\/users\/2"}],"replies":[{"embeddable":true,"href":"http:\/\/zavod-parnas.org\/w\/wp-json\/wp\/v2\/comments?post=1247"}],"version-history":[{"count":205,"href":"http:\/\/zavod-parnas.org\/w\/wp-json\/wp\/v2\/pages\/1247\/revisions"}],"predecessor-version":[{"id":12633,"href":"http:\/\/zavod-parnas.org\/w\/wp-json\/wp\/v2\/pages\/1247\/revisions\/12633"}],"wp:featuredmedia":[{"embeddable":true,"href":"http:\/\/zavod-parnas.org\/w\/wp-json\/wp\/v2\/media\/12125"}],"wp:attachment":[{"href":"http:\/\/zavod-parnas.org\/w\/wp-json\/wp\/v2\/media?parent=1247"}],"curies":[{"name":"wp","href":"https:\/\/api.w.org\/{rel}","templated":true}]}}